{"id":83340,"date":"2021-02-02T15:24:02","date_gmt":"2021-02-02T14:24:02","guid":{"rendered":"https:\/\/egidimadeinitaly.com\/ecomsite\/product\/dusan-dzamonja-disegno-a-inchiostro-firmato-1991\/"},"modified":"2021-09-17T17:37:43","modified_gmt":"2021-09-17T17:37:43","slug":"dessin-signe-dusan-dzamonja1991","status":"publish","type":"product","link":"https:\/\/egidimadeinitaly.com\/fr\/negozio\/art-moderne\/oeuvres-modernes-sur-papiers\/dessin-signe-dusan-dzamonja1991\/","title":{"rendered":"Dessin Sign\u00e9 Dusan Dzamonja Ann\u00e9es 90"},"content":{"rendered":"<div class=\"accordion_content ui-accordion-content ui-helper-reset ui-widget-content ui-corner-bottom ui-accordion-content-active\">\n<div class=\"accordion_content_inner\">\n<p>Dessin \u00e0 l\u2019encre de Chine sur carton par Du\u0161an D\u017eamonja<br \/>\nSign\u00e9e et dat\u00e9 \u201cD\u017eamonja 91\u201d<br \/>\n\u0152uvres similaires sont publi\u00e9es sur le catalogue officiel \u201cDu\u0161an D\u017eamonja Sculpture \u2013 Drawings \u2013 Projects\u201d<br \/>\nLes \u0153uvres de cet artiste sont pr\u00e9sentes dans les mus\u00e9es et dans les plus prestigieuses collections publiques et priv\u00e9es du monde telles que:<\/p>\n<ul>\n<li>la collection Peggy Guggenheim de Venice<\/li>\n<li>la Tate Modern de Londres<\/li>\n<li>le Mus\u00e9e d\u2019Art Moderne de la ville de Paris et<\/li>\n<li>le Mus\u00e9e d\u2019Art Moderne de New York.<\/li>\n<\/ul>\n<p>Disponibilit\u00e9 sur demande d\u2019autre documentation sur l\u2019\u0153uvre<\/p>\n<p>&nbsp;<\/p>\n<p>&nbsp;<\/p>\n<\/div>\n<\/div>\n","protected":false},"excerpt":{"rendered":"<p>Dessin \u00e0 l\u2019encre de Chine sur carton par Du\u0161an D\u017eamonja<\/p>\n","protected":false},"featured_media":84401,"template":"","meta":{"_acf_changed":false},"product_brand":[],"product_cat":[6377,6414],"product_tag":[5441,5361],"class_list":{"0":"post-83340","1":"product","2":"type-product","3":"status-publish","4":"has-post-thumbnail","6":"product_cat-art-moderne","7":"product_cat-oeuvres-modernes-sur-papiers","8":"product_tag-annees-90","9":"product_tag-decoration-murale","10":"product_shipping_class-dhl-fr","12":"first","13":"outofstock","14":"shipping-taxable","15":"product-type-simple"},"acf":[],"yoast_head":"<!-- This site is optimized with the Yoast SEO Premium plugin v27.5 (Yoast SEO v27.5) - https:\/\/yoast.com\/product\/yoast-seo-premium-wordpress\/ -->\n<title>Dessin Sign\u00e9 Dusan Dzamonja Ann\u00e9es 90 - Egidi MadeinItaly<\/title>\n<meta name=\"description\" content=\"En vente sur Egidi MadeinItaly Dessin par Du\u0161an D\u0161amonja. Achetez que Design haute de gamme.\" \/>\n<meta name=\"robots\" content=\"index, follow, max-snippet:-1, max-image-preview:large, max-video-preview:-1\" \/>\n<link rel=\"canonical\" href=\"https:\/\/egidimadeinitaly.com\/fr\/negozio\/art-moderne\/oeuvres-modernes-sur-papiers\/dessin-signe-dusan-dzamonja1991\/\" \/>\n<meta property=\"og:locale\" content=\"fr_FR\" \/>\n<meta property=\"og:type\" content=\"article\" \/>\n<meta property=\"og:title\" content=\"Dessin Sign\u00e9 Dusan Dzamonja Ann\u00e9es 90\" \/>\n<meta property=\"og:description\" content=\"Dessin \u00e0 l\u2019encre de Chine sur carton par Du\u0161an D\u017eamonja\" \/>\n<meta property=\"og:url\" content=\"https:\/\/egidimadeinitaly.com\/fr\/negozio\/art-moderne\/oeuvres-modernes-sur-papiers\/dessin-signe-dusan-dzamonja1991\/\" \/>\n<meta property=\"og:site_name\" content=\"Egidi MadeinItaly\" \/>\n<meta property=\"article:publisher\" content=\"https:\/\/www.facebook.com\/egidimadeinitaly\/\" \/>\n<meta property=\"article:modified_time\" content=\"2021-09-17T17:37:43+00:00\" \/>\n<meta property=\"og:image\" content=\"https:\/\/egidimadeinitaly.com\/wp-content\/uploads\/2020\/02\/dusan_dzamonja_disegno_a_inchiostro_firmato_1991-e1670578590682.jpg\" \/>\n\t<meta property=\"og:image:width\" content=\"1200\" \/>\n\t<meta property=\"og:image:height\" content=\"800\" \/>\n\t<meta property=\"og:image:type\" content=\"image\/jpeg\" \/>\n<script type=\"application\/ld+json\" class=\"yoast-schema-graph\">{\"@context\":\"https:\\\/\\\/schema.org\",\"@graph\":[{\"@type\":\"WebPage\",\"@id\":\"https:\\\/\\\/egidimadeinitaly.com\\\/fr\\\/negozio\\\/art-moderne\\\/oeuvres-modernes-sur-papiers\\\/dessin-signe-dusan-dzamonja1991\\\/\",\"url\":\"https:\\\/\\\/egidimadeinitaly.com\\\/fr\\\/negozio\\\/art-moderne\\\/oeuvres-modernes-sur-papiers\\\/dessin-signe-dusan-dzamonja1991\\\/\",\"name\":\"Dessin Sign\u00e9 Dusan Dzamonja Ann\u00e9es 90 - Egidi MadeinItaly\",\"isPartOf\":{\"@id\":\"https:\\\/\\\/egidimadeinitaly.com\\\/fr\\\/#website\"},\"primaryImageOfPage\":{\"@id\":\"https:\\\/\\\/egidimadeinitaly.com\\\/fr\\\/negozio\\\/art-moderne\\\/oeuvres-modernes-sur-papiers\\\/dessin-signe-dusan-dzamonja1991\\\/#primaryimage\"},\"image\":{\"@id\":\"https:\\\/\\\/egidimadeinitaly.com\\\/fr\\\/negozio\\\/art-moderne\\\/oeuvres-modernes-sur-papiers\\\/dessin-signe-dusan-dzamonja1991\\\/#primaryimage\"},\"thumbnailUrl\":\"https:\\\/\\\/egidimadeinitaly.com\\\/v25\\\/wp-content\\\/uploads\\\/2020\\\/02\\\/dusan_dzamonja_disegno_a_inchiostro_firmato_1991-e1670578590682.jpg\",\"datePublished\":\"2021-02-02T14:24:02+00:00\",\"dateModified\":\"2021-09-17T17:37:43+00:00\",\"description\":\"En vente sur Egidi MadeinItaly Dessin par Du\u0161an D\u0161amonja. Achetez que Design haute de gamme.\",\"breadcrumb\":{\"@id\":\"https:\\\/\\\/egidimadeinitaly.com\\\/fr\\\/negozio\\\/art-moderne\\\/oeuvres-modernes-sur-papiers\\\/dessin-signe-dusan-dzamonja1991\\\/#breadcrumb\"},\"inLanguage\":\"fr-FR\",\"potentialAction\":[{\"@type\":\"ReadAction\",\"target\":[\"https:\\\/\\\/egidimadeinitaly.com\\\/fr\\\/negozio\\\/art-moderne\\\/oeuvres-modernes-sur-papiers\\\/dessin-signe-dusan-dzamonja1991\\\/\"]}]},{\"@type\":\"ImageObject\",\"inLanguage\":\"fr-FR\",\"@id\":\"https:\\\/\\\/egidimadeinitaly.com\\\/fr\\\/negozio\\\/art-moderne\\\/oeuvres-modernes-sur-papiers\\\/dessin-signe-dusan-dzamonja1991\\\/#primaryimage\",\"url\":\"https:\\\/\\\/egidimadeinitaly.com\\\/v25\\\/wp-content\\\/uploads\\\/2020\\\/02\\\/dusan_dzamonja_disegno_a_inchiostro_firmato_1991-e1670578590682.jpg\",\"contentUrl\":\"https:\\\/\\\/egidimadeinitaly.com\\\/v25\\\/wp-content\\\/uploads\\\/2020\\\/02\\\/dusan_dzamonja_disegno_a_inchiostro_firmato_1991-e1670578590682.jpg\",\"width\":1200,\"height\":800,\"caption\":\"Dessin Sign\u00e9 Dzamonja\"},{\"@type\":\"BreadcrumbList\",\"@id\":\"https:\\\/\\\/egidimadeinitaly.com\\\/fr\\\/negozio\\\/art-moderne\\\/oeuvres-modernes-sur-papiers\\\/dessin-signe-dusan-dzamonja1991\\\/#breadcrumb\",\"itemListElement\":[{\"@type\":\"ListItem\",\"position\":1,\"name\":\"Home\",\"item\":\"https:\\\/\\\/egidimadeinitaly.com\\\/fr\\\/\"},{\"@type\":\"ListItem\",\"position\":2,\"name\":\"Produits\",\"item\":\"https:\\\/\\\/egidimadeinitaly.com\\\/fr\\\/shop\\\/\"},{\"@type\":\"ListItem\",\"position\":3,\"name\":\"Art moderne\",\"item\":\"https:\\\/\\\/egidimadeinitaly.com\\\/fr\\\/product-category\\\/art-moderne\\\/\"},{\"@type\":\"ListItem\",\"position\":4,\"name\":\"\u0152uvres modernes sur papiers\",\"item\":\"https:\\\/\\\/egidimadeinitaly.com\\\/fr\\\/product-category\\\/art-moderne\\\/oeuvres-modernes-sur-papiers\\\/\"},{\"@type\":\"ListItem\",\"position\":5,\"name\":\"Dessin Sign\u00e9 Dusan Dzamonja Ann\u00e9es 90\"}]},{\"@type\":\"WebSite\",\"@id\":\"https:\\\/\\\/egidimadeinitaly.com\\\/fr\\\/#website\",\"url\":\"https:\\\/\\\/egidimadeinitaly.com\\\/fr\\\/\",\"name\":\"Egidi MadeinItaly\",\"description\":\"Fine Art\",\"potentialAction\":[{\"@type\":\"SearchAction\",\"target\":{\"@type\":\"EntryPoint\",\"urlTemplate\":\"https:\\\/\\\/egidimadeinitaly.com\\\/fr\\\/?s={search_term_string}\"},\"query-input\":{\"@type\":\"PropertyValueSpecification\",\"valueRequired\":true,\"valueName\":\"search_term_string\"}}],\"inLanguage\":\"fr-FR\"}]}<\/script>\n<!-- \/ Yoast SEO Premium plugin. -->","yoast_head_json":{"title":"Dessin Sign\u00e9 Dusan Dzamonja Ann\u00e9es 90 - Egidi MadeinItaly","description":"En vente sur Egidi MadeinItaly Dessin par Du\u0161an D\u0161amonja. Achetez que Design haute de gamme.","robots":{"index":"index","follow":"follow","max-snippet":"max-snippet:-1","max-image-preview":"max-image-preview:large","max-video-preview":"max-video-preview:-1"},"canonical":"https:\/\/egidimadeinitaly.com\/fr\/negozio\/art-moderne\/oeuvres-modernes-sur-papiers\/dessin-signe-dusan-dzamonja1991\/","og_locale":"fr_FR","og_type":"article","og_title":"Dessin Sign\u00e9 Dusan Dzamonja Ann\u00e9es 90","og_description":"Dessin \u00e0 l\u2019encre de Chine sur carton par Du\u0161an D\u017eamonja","og_url":"https:\/\/egidimadeinitaly.com\/fr\/negozio\/art-moderne\/oeuvres-modernes-sur-papiers\/dessin-signe-dusan-dzamonja1991\/","og_site_name":"Egidi MadeinItaly","article_publisher":"https:\/\/www.facebook.com\/egidimadeinitaly\/","article_modified_time":"2021-09-17T17:37:43+00:00","og_image":[{"width":1200,"height":800,"url":"https:\/\/egidimadeinitaly.com\/wp-content\/uploads\/2020\/02\/dusan_dzamonja_disegno_a_inchiostro_firmato_1991-e1670578590682.jpg","type":"image\/jpeg"}],"schema":{"@context":"https:\/\/schema.org","@graph":[{"@type":"WebPage","@id":"https:\/\/egidimadeinitaly.com\/fr\/negozio\/art-moderne\/oeuvres-modernes-sur-papiers\/dessin-signe-dusan-dzamonja1991\/","url":"https:\/\/egidimadeinitaly.com\/fr\/negozio\/art-moderne\/oeuvres-modernes-sur-papiers\/dessin-signe-dusan-dzamonja1991\/","name":"Dessin Sign\u00e9 Dusan Dzamonja Ann\u00e9es 90 - Egidi MadeinItaly","isPartOf":{"@id":"https:\/\/egidimadeinitaly.com\/fr\/#website"},"primaryImageOfPage":{"@id":"https:\/\/egidimadeinitaly.com\/fr\/negozio\/art-moderne\/oeuvres-modernes-sur-papiers\/dessin-signe-dusan-dzamonja1991\/#primaryimage"},"image":{"@id":"https:\/\/egidimadeinitaly.com\/fr\/negozio\/art-moderne\/oeuvres-modernes-sur-papiers\/dessin-signe-dusan-dzamonja1991\/#primaryimage"},"thumbnailUrl":"https:\/\/egidimadeinitaly.com\/v25\/wp-content\/uploads\/2020\/02\/dusan_dzamonja_disegno_a_inchiostro_firmato_1991-e1670578590682.jpg","datePublished":"2021-02-02T14:24:02+00:00","dateModified":"2021-09-17T17:37:43+00:00","description":"En vente sur Egidi MadeinItaly Dessin par Du\u0161an D\u0161amonja. Achetez que Design haute de gamme.","breadcrumb":{"@id":"https:\/\/egidimadeinitaly.com\/fr\/negozio\/art-moderne\/oeuvres-modernes-sur-papiers\/dessin-signe-dusan-dzamonja1991\/#breadcrumb"},"inLanguage":"fr-FR","potentialAction":[{"@type":"ReadAction","target":["https:\/\/egidimadeinitaly.com\/fr\/negozio\/art-moderne\/oeuvres-modernes-sur-papiers\/dessin-signe-dusan-dzamonja1991\/"]}]},{"@type":"ImageObject","inLanguage":"fr-FR","@id":"https:\/\/egidimadeinitaly.com\/fr\/negozio\/art-moderne\/oeuvres-modernes-sur-papiers\/dessin-signe-dusan-dzamonja1991\/#primaryimage","url":"https:\/\/egidimadeinitaly.com\/v25\/wp-content\/uploads\/2020\/02\/dusan_dzamonja_disegno_a_inchiostro_firmato_1991-e1670578590682.jpg","contentUrl":"https:\/\/egidimadeinitaly.com\/v25\/wp-content\/uploads\/2020\/02\/dusan_dzamonja_disegno_a_inchiostro_firmato_1991-e1670578590682.jpg","width":1200,"height":800,"caption":"Dessin Sign\u00e9 Dzamonja"},{"@type":"BreadcrumbList","@id":"https:\/\/egidimadeinitaly.com\/fr\/negozio\/art-moderne\/oeuvres-modernes-sur-papiers\/dessin-signe-dusan-dzamonja1991\/#breadcrumb","itemListElement":[{"@type":"ListItem","position":1,"name":"Home","item":"https:\/\/egidimadeinitaly.com\/fr\/"},{"@type":"ListItem","position":2,"name":"Produits","item":"https:\/\/egidimadeinitaly.com\/fr\/shop\/"},{"@type":"ListItem","position":3,"name":"Art moderne","item":"https:\/\/egidimadeinitaly.com\/fr\/product-category\/art-moderne\/"},{"@type":"ListItem","position":4,"name":"\u0152uvres modernes sur papiers","item":"https:\/\/egidimadeinitaly.com\/fr\/product-category\/art-moderne\/oeuvres-modernes-sur-papiers\/"},{"@type":"ListItem","position":5,"name":"Dessin Sign\u00e9 Dusan Dzamonja Ann\u00e9es 90"}]},{"@type":"WebSite","@id":"https:\/\/egidimadeinitaly.com\/fr\/#website","url":"https:\/\/egidimadeinitaly.com\/fr\/","name":"Egidi MadeinItaly","description":"Fine Art","potentialAction":[{"@type":"SearchAction","target":{"@type":"EntryPoint","urlTemplate":"https:\/\/egidimadeinitaly.com\/fr\/?s={search_term_string}"},"query-input":{"@type":"PropertyValueSpecification","valueRequired":true,"valueName":"search_term_string"}}],"inLanguage":"fr-FR"}]}},"_links":{"self":[{"href":"https:\/\/egidimadeinitaly.com\/fr\/wp-json\/wp\/v2\/product\/83340","targetHints":{"allow":["GET"]}}],"collection":[{"href":"https:\/\/egidimadeinitaly.com\/fr\/wp-json\/wp\/v2\/product"}],"about":[{"href":"https:\/\/egidimadeinitaly.com\/fr\/wp-json\/wp\/v2\/types\/product"}],"wp:featuredmedia":[{"embeddable":true,"href":"https:\/\/egidimadeinitaly.com\/fr\/wp-json\/wp\/v2\/media\/84401"}],"wp:attachment":[{"href":"https:\/\/egidimadeinitaly.com\/fr\/wp-json\/wp\/v2\/media?parent=83340"}],"wp:term":[{"taxonomy":"product_brand","embeddable":true,"href":"https:\/\/egidimadeinitaly.com\/fr\/wp-json\/wp\/v2\/product_brand?post=83340"},{"taxonomy":"product_cat","embeddable":true,"href":"https:\/\/egidimadeinitaly.com\/fr\/wp-json\/wp\/v2\/product_cat?post=83340"},{"taxonomy":"product_tag","embeddable":true,"href":"https:\/\/egidimadeinitaly.com\/fr\/wp-json\/wp\/v2\/product_tag?post=83340"}],"curies":[{"name":"wp","href":"https:\/\/api.w.org\/{rel}","templated":true}]}}