{"id":83336,"date":"2020-02-02T15:24:02","date_gmt":"2020-02-02T14:24:02","guid":{"rendered":"https:\/\/egidimadeinitaly.com\/ecomsite\/product\/coppia-di-angeli-dorati-roma-xviii-secolo\/"},"modified":"2022-07-21T22:29:49","modified_gmt":"2022-07-21T22:29:49","slug":"paire-de-putti-en-bois-dore","status":"publish","type":"product","link":"https:\/\/egidimadeinitaly.com\/fr\/negozio\/sculpture-fr-2\/sculpture-ancienne-fr\/paire-de-putti-en-bois-dore\/","title":{"rendered":"Paire de Putti en Bois Dor\u00e9"},"content":{"rendered":"<p>Ces anges ont \u00e9galement quatre ailes en bois sculpt\u00e9 et dor\u00e9 \u00e0 ins\u00e9rer dans les trous pr\u00e9sents au dos des sculptures.<\/p>\n<p>Le style, la qualit\u00e9, la facture de cette <strong>paire d\u2019angelots<\/strong> ail\u00e9s en bois dor\u00e9 \u00e0 la <strong>feuille d\u2019or<\/strong>, sugg\u00e8rent une production noble provenant du centre de l\u2019Italie, tr\u00e8s probablement de Rome. La dorure est en feuille d\u2019or, tr\u00e8s bon \u00e9tat de conservation.<\/p>\n<p>La figure d\u2019un <strong>jeune enfant nu<\/strong>, souvent ail\u00e9, que l\u2019on retrouve fr\u00e9quemment dans les <strong>\u0153uvres de la Renaissance et du Baroque<\/strong> est l\u2019<strong>all\u00e9gorie de l\u2019Amour<\/strong> ou son messager, et son origine remonte \u00e0 l\u2019iconographie de l\u2019Antiquit\u00e9 grecque et romaine. Les <strong>\u00c9rotes<\/strong> (ou Amours) de la mythologie grecque, n\u00e9s de l\u2019union adult\u00e8re d\u2019Aphrodite accompagnaient l\u2019homme durant toute sa vie. Dans ses manifestations les plus anciennes, <strong>\u00c9ros<\/strong> en tant que <strong>dieu de l\u2019Amour<\/strong> \u00e9tait repr\u00e9sent\u00e9 sous les traits d\u2019un \u00e9ph\u00e8be, tandis que pendant la <strong>p\u00e9riode hell\u00e9nistique<\/strong> il avait l\u2019apparence d\u2019un petit enfant. La figure d\u2019\u00c9ros fut ensuite reprise par <strong>les Romains<\/strong> (<em>Cupidon)\u00a0<\/em>; il prot\u00e9geait l\u2019homme tout au long de sa vie et \u00e0 la fin, le conduisait au ciel. Les premiers chr\u00e9tiens adopt\u00e8rent cette image pa\u00efenne pour repr\u00e9senter les anges dans les fresques des catacombes et sur les sarcophages.<\/p>\n<p>Au <strong>Moyen \u00c2ge, la figure de l\u2019ange s\u2019inspira<\/strong> plut\u00f4t de celle d\u2019une d\u00e9esse adulte : la Victoire ail\u00e9e romaine.<\/p>\n<p>Les <strong>putti<\/strong> r\u00e9apparurent dans l\u2019<strong>iconographie de la Renaissance<\/strong>. Depuis lors, ils sont repr\u00e9sent\u00e9s dans les sujets sacr\u00e9s en tant qu\u2019anges \u2013 un r\u00f4le qui a joui de la plus grande faveur durant la Contre-r\u00e9forme \u2013 et dans les sujets profanes, ils accompagnent Cupidon, dieu omnipr\u00e9sent de l\u2019Amour. Ils font \u00e9galement partie de l\u2019incontournable entourage de V\u00e9nus et apparaissent parfois aux c\u00f4t\u00e9s des <strong>Vices et des Vertus<\/strong>.<\/p>\n","protected":false},"excerpt":{"rendered":"<p>Tr\u00e8s belle paire de putti dor\u00e9s italiens du XVIII<sup>e<\/sup> si\u00e8cle<\/p>\n<p>&nbsp;<\/p>\n","protected":false},"featured_media":84426,"template":"","meta":{"_acf_changed":false},"product_brand":[],"product_cat":[6417,6419],"product_tag":[1654,5306,1319],"class_list":{"0":"post-83336","1":"product","2":"type-product","3":"status-publish","4":"has-post-thumbnail","6":"product_cat-sculpture-fr-2","7":"product_cat-sculpture-ancienne-fr","8":"product_tag-bois-dore","9":"product_tag-objets-de-collection","10":"product_tag-or-fr","11":"product_shipping_class-dhl-fr","13":"first","14":"outofstock","15":"shipping-taxable","16":"product-type-simple"},"acf":[],"yoast_head":"<!-- This site is optimized with the Yoast SEO Premium plugin v27.3 (Yoast SEO v27.4) - https:\/\/yoast.com\/product\/yoast-seo-premium-wordpress\/ -->\n<title>Paire de Putti en Bois Dor\u00e9 - Egidi MadeinItaly<\/title>\n<meta name=\"description\" content=\"Tr\u00e8s belle Paire de Putti italiens du XVIIIe si\u00e8cle dor\u00e9 \u00e0 la feuille d\u2019or en vente sur Egidi MadeinItaly\" \/>\n<meta name=\"robots\" content=\"index, follow, max-snippet:-1, max-image-preview:large, max-video-preview:-1\" \/>\n<link rel=\"canonical\" href=\"https:\/\/egidimadeinitaly.com\/fr\/negozio\/sculpture-fr-2\/sculpture-ancienne-fr\/paire-de-putti-en-bois-dore\/\" \/>\n<meta property=\"og:locale\" content=\"fr_FR\" \/>\n<meta property=\"og:type\" content=\"article\" \/>\n<meta property=\"og:title\" content=\"Paire de Putti en Bois Dor\u00e9\" \/>\n<meta property=\"og:description\" content=\"Tr\u00e8s belle paire de putti dor\u00e9s italiens du XVIIIe si\u00e8cle  &nbsp;\" \/>\n<meta property=\"og:url\" content=\"https:\/\/egidimadeinitaly.com\/fr\/negozio\/sculpture-fr-2\/sculpture-ancienne-fr\/paire-de-putti-en-bois-dore\/\" \/>\n<meta property=\"og:site_name\" content=\"Egidi MadeinItaly\" \/>\n<meta property=\"article:publisher\" content=\"https:\/\/www.facebook.com\/egidimadeinitaly\/\" \/>\n<meta property=\"article:modified_time\" content=\"2022-07-21T22:29:49+00:00\" \/>\n<meta property=\"og:image\" content=\"https:\/\/egidimadeinitaly.com\/wp-content\/uploads\/2020\/02\/coppia_di_angeli_dorati_roma_xviii_secolo.jpg\" \/>\n\t<meta property=\"og:image:width\" content=\"1000\" \/>\n\t<meta property=\"og:image:height\" content=\"666\" \/>\n\t<meta property=\"og:image:type\" content=\"image\/jpeg\" \/>\n<script type=\"application\/ld+json\" class=\"yoast-schema-graph\">{\"@context\":\"https:\\\/\\\/schema.org\",\"@graph\":[{\"@type\":\"WebPage\",\"@id\":\"https:\\\/\\\/egidimadeinitaly.com\\\/fr\\\/negozio\\\/sculpture-fr-2\\\/sculpture-ancienne-fr\\\/paire-de-putti-en-bois-dore\\\/\",\"url\":\"https:\\\/\\\/egidimadeinitaly.com\\\/fr\\\/negozio\\\/sculpture-fr-2\\\/sculpture-ancienne-fr\\\/paire-de-putti-en-bois-dore\\\/\",\"name\":\"Paire de Putti en Bois Dor\u00e9 - Egidi MadeinItaly\",\"isPartOf\":{\"@id\":\"https:\\\/\\\/egidimadeinitaly.com\\\/fr\\\/#website\"},\"primaryImageOfPage\":{\"@id\":\"https:\\\/\\\/egidimadeinitaly.com\\\/fr\\\/negozio\\\/sculpture-fr-2\\\/sculpture-ancienne-fr\\\/paire-de-putti-en-bois-dore\\\/#primaryimage\"},\"image\":{\"@id\":\"https:\\\/\\\/egidimadeinitaly.com\\\/fr\\\/negozio\\\/sculpture-fr-2\\\/sculpture-ancienne-fr\\\/paire-de-putti-en-bois-dore\\\/#primaryimage\"},\"thumbnailUrl\":\"https:\\\/\\\/egidimadeinitaly.com\\\/v25\\\/wp-content\\\/uploads\\\/2020\\\/02\\\/coppia_di_angeli_dorati_roma_xviii_secolo.jpg\",\"datePublished\":\"2020-02-02T14:24:02+00:00\",\"dateModified\":\"2022-07-21T22:29:49+00:00\",\"description\":\"Tr\u00e8s belle Paire de Putti italiens du XVIIIe si\u00e8cle dor\u00e9 \u00e0 la feuille d\u2019or en vente sur Egidi MadeinItaly\",\"breadcrumb\":{\"@id\":\"https:\\\/\\\/egidimadeinitaly.com\\\/fr\\\/negozio\\\/sculpture-fr-2\\\/sculpture-ancienne-fr\\\/paire-de-putti-en-bois-dore\\\/#breadcrumb\"},\"inLanguage\":\"fr-FR\",\"potentialAction\":[{\"@type\":\"ReadAction\",\"target\":[\"https:\\\/\\\/egidimadeinitaly.com\\\/fr\\\/negozio\\\/sculpture-fr-2\\\/sculpture-ancienne-fr\\\/paire-de-putti-en-bois-dore\\\/\"]}]},{\"@type\":\"ImageObject\",\"inLanguage\":\"fr-FR\",\"@id\":\"https:\\\/\\\/egidimadeinitaly.com\\\/fr\\\/negozio\\\/sculpture-fr-2\\\/sculpture-ancienne-fr\\\/paire-de-putti-en-bois-dore\\\/#primaryimage\",\"url\":\"https:\\\/\\\/egidimadeinitaly.com\\\/v25\\\/wp-content\\\/uploads\\\/2020\\\/02\\\/coppia_di_angeli_dorati_roma_xviii_secolo.jpg\",\"contentUrl\":\"https:\\\/\\\/egidimadeinitaly.com\\\/v25\\\/wp-content\\\/uploads\\\/2020\\\/02\\\/coppia_di_angeli_dorati_roma_xviii_secolo.jpg\",\"width\":1000,\"height\":666,\"caption\":\"Paire de Putti en Bois Dor\u00e9 XVIII Si\u00e8cle\"},{\"@type\":\"BreadcrumbList\",\"@id\":\"https:\\\/\\\/egidimadeinitaly.com\\\/fr\\\/negozio\\\/sculpture-fr-2\\\/sculpture-ancienne-fr\\\/paire-de-putti-en-bois-dore\\\/#breadcrumb\",\"itemListElement\":[{\"@type\":\"ListItem\",\"position\":1,\"name\":\"Home\",\"item\":\"https:\\\/\\\/egidimadeinitaly.com\\\/fr\\\/\"},{\"@type\":\"ListItem\",\"position\":2,\"name\":\"Produits\",\"item\":\"https:\\\/\\\/egidimadeinitaly.com\\\/fr\\\/shop\\\/\"},{\"@type\":\"ListItem\",\"position\":3,\"name\":\"Sculpture\",\"item\":\"https:\\\/\\\/egidimadeinitaly.com\\\/fr\\\/product-category\\\/sculpture-fr-2\\\/\"},{\"@type\":\"ListItem\",\"position\":4,\"name\":\"Sculpture ancienne\",\"item\":\"https:\\\/\\\/egidimadeinitaly.com\\\/fr\\\/product-category\\\/sculpture-fr-2\\\/sculpture-ancienne-fr\\\/\"},{\"@type\":\"ListItem\",\"position\":5,\"name\":\"Paire de Putti en Bois Dor\u00e9\"}]},{\"@type\":\"WebSite\",\"@id\":\"https:\\\/\\\/egidimadeinitaly.com\\\/fr\\\/#website\",\"url\":\"https:\\\/\\\/egidimadeinitaly.com\\\/fr\\\/\",\"name\":\"Egidi MadeinItaly\",\"description\":\"Fine Art\",\"potentialAction\":[{\"@type\":\"SearchAction\",\"target\":{\"@type\":\"EntryPoint\",\"urlTemplate\":\"https:\\\/\\\/egidimadeinitaly.com\\\/fr\\\/?s={search_term_string}\"},\"query-input\":{\"@type\":\"PropertyValueSpecification\",\"valueRequired\":true,\"valueName\":\"search_term_string\"}}],\"inLanguage\":\"fr-FR\"}]}<\/script>\n<!-- \/ Yoast SEO Premium plugin. -->","yoast_head_json":{"title":"Paire de Putti en Bois Dor\u00e9 - Egidi MadeinItaly","description":"Tr\u00e8s belle Paire de Putti italiens du XVIIIe si\u00e8cle dor\u00e9 \u00e0 la feuille d\u2019or en vente sur Egidi MadeinItaly","robots":{"index":"index","follow":"follow","max-snippet":"max-snippet:-1","max-image-preview":"max-image-preview:large","max-video-preview":"max-video-preview:-1"},"canonical":"https:\/\/egidimadeinitaly.com\/fr\/negozio\/sculpture-fr-2\/sculpture-ancienne-fr\/paire-de-putti-en-bois-dore\/","og_locale":"fr_FR","og_type":"article","og_title":"Paire de Putti en Bois Dor\u00e9","og_description":"Tr\u00e8s belle paire de putti dor\u00e9s italiens du XVIIIe si\u00e8cle  &nbsp;","og_url":"https:\/\/egidimadeinitaly.com\/fr\/negozio\/sculpture-fr-2\/sculpture-ancienne-fr\/paire-de-putti-en-bois-dore\/","og_site_name":"Egidi MadeinItaly","article_publisher":"https:\/\/www.facebook.com\/egidimadeinitaly\/","article_modified_time":"2022-07-21T22:29:49+00:00","og_image":[{"width":1000,"height":666,"url":"https:\/\/egidimadeinitaly.com\/wp-content\/uploads\/2020\/02\/coppia_di_angeli_dorati_roma_xviii_secolo.jpg","type":"image\/jpeg"}],"schema":{"@context":"https:\/\/schema.org","@graph":[{"@type":"WebPage","@id":"https:\/\/egidimadeinitaly.com\/fr\/negozio\/sculpture-fr-2\/sculpture-ancienne-fr\/paire-de-putti-en-bois-dore\/","url":"https:\/\/egidimadeinitaly.com\/fr\/negozio\/sculpture-fr-2\/sculpture-ancienne-fr\/paire-de-putti-en-bois-dore\/","name":"Paire de Putti en Bois Dor\u00e9 - Egidi MadeinItaly","isPartOf":{"@id":"https:\/\/egidimadeinitaly.com\/fr\/#website"},"primaryImageOfPage":{"@id":"https:\/\/egidimadeinitaly.com\/fr\/negozio\/sculpture-fr-2\/sculpture-ancienne-fr\/paire-de-putti-en-bois-dore\/#primaryimage"},"image":{"@id":"https:\/\/egidimadeinitaly.com\/fr\/negozio\/sculpture-fr-2\/sculpture-ancienne-fr\/paire-de-putti-en-bois-dore\/#primaryimage"},"thumbnailUrl":"https:\/\/egidimadeinitaly.com\/v25\/wp-content\/uploads\/2020\/02\/coppia_di_angeli_dorati_roma_xviii_secolo.jpg","datePublished":"2020-02-02T14:24:02+00:00","dateModified":"2022-07-21T22:29:49+00:00","description":"Tr\u00e8s belle Paire de Putti italiens du XVIIIe si\u00e8cle dor\u00e9 \u00e0 la feuille d\u2019or en vente sur Egidi MadeinItaly","breadcrumb":{"@id":"https:\/\/egidimadeinitaly.com\/fr\/negozio\/sculpture-fr-2\/sculpture-ancienne-fr\/paire-de-putti-en-bois-dore\/#breadcrumb"},"inLanguage":"fr-FR","potentialAction":[{"@type":"ReadAction","target":["https:\/\/egidimadeinitaly.com\/fr\/negozio\/sculpture-fr-2\/sculpture-ancienne-fr\/paire-de-putti-en-bois-dore\/"]}]},{"@type":"ImageObject","inLanguage":"fr-FR","@id":"https:\/\/egidimadeinitaly.com\/fr\/negozio\/sculpture-fr-2\/sculpture-ancienne-fr\/paire-de-putti-en-bois-dore\/#primaryimage","url":"https:\/\/egidimadeinitaly.com\/v25\/wp-content\/uploads\/2020\/02\/coppia_di_angeli_dorati_roma_xviii_secolo.jpg","contentUrl":"https:\/\/egidimadeinitaly.com\/v25\/wp-content\/uploads\/2020\/02\/coppia_di_angeli_dorati_roma_xviii_secolo.jpg","width":1000,"height":666,"caption":"Paire de Putti en Bois Dor\u00e9 XVIII Si\u00e8cle"},{"@type":"BreadcrumbList","@id":"https:\/\/egidimadeinitaly.com\/fr\/negozio\/sculpture-fr-2\/sculpture-ancienne-fr\/paire-de-putti-en-bois-dore\/#breadcrumb","itemListElement":[{"@type":"ListItem","position":1,"name":"Home","item":"https:\/\/egidimadeinitaly.com\/fr\/"},{"@type":"ListItem","position":2,"name":"Produits","item":"https:\/\/egidimadeinitaly.com\/fr\/shop\/"},{"@type":"ListItem","position":3,"name":"Sculpture","item":"https:\/\/egidimadeinitaly.com\/fr\/product-category\/sculpture-fr-2\/"},{"@type":"ListItem","position":4,"name":"Sculpture ancienne","item":"https:\/\/egidimadeinitaly.com\/fr\/product-category\/sculpture-fr-2\/sculpture-ancienne-fr\/"},{"@type":"ListItem","position":5,"name":"Paire de Putti en Bois Dor\u00e9"}]},{"@type":"WebSite","@id":"https:\/\/egidimadeinitaly.com\/fr\/#website","url":"https:\/\/egidimadeinitaly.com\/fr\/","name":"Egidi MadeinItaly","description":"Fine Art","potentialAction":[{"@type":"SearchAction","target":{"@type":"EntryPoint","urlTemplate":"https:\/\/egidimadeinitaly.com\/fr\/?s={search_term_string}"},"query-input":{"@type":"PropertyValueSpecification","valueRequired":true,"valueName":"search_term_string"}}],"inLanguage":"fr-FR"}]}},"_links":{"self":[{"href":"https:\/\/egidimadeinitaly.com\/fr\/wp-json\/wp\/v2\/product\/83336","targetHints":{"allow":["GET"]}}],"collection":[{"href":"https:\/\/egidimadeinitaly.com\/fr\/wp-json\/wp\/v2\/product"}],"about":[{"href":"https:\/\/egidimadeinitaly.com\/fr\/wp-json\/wp\/v2\/types\/product"}],"wp:featuredmedia":[{"embeddable":true,"href":"https:\/\/egidimadeinitaly.com\/fr\/wp-json\/wp\/v2\/media\/84426"}],"wp:attachment":[{"href":"https:\/\/egidimadeinitaly.com\/fr\/wp-json\/wp\/v2\/media?parent=83336"}],"wp:term":[{"taxonomy":"product_brand","embeddable":true,"href":"https:\/\/egidimadeinitaly.com\/fr\/wp-json\/wp\/v2\/product_brand?post=83336"},{"taxonomy":"product_cat","embeddable":true,"href":"https:\/\/egidimadeinitaly.com\/fr\/wp-json\/wp\/v2\/product_cat?post=83336"},{"taxonomy":"product_tag","embeddable":true,"href":"https:\/\/egidimadeinitaly.com\/fr\/wp-json\/wp\/v2\/product_tag?post=83336"}],"curies":[{"name":"wp","href":"https:\/\/api.w.org\/{rel}","templated":true}]}}