{"id":83330,"date":"2020-02-02T15:24:01","date_gmt":"2020-02-02T14:24:01","guid":{"rendered":"https:\/\/egidimadeinitaly.com\/ecomsite\/product\/thangka-pittura-su-legno-traforato-tibet\/"},"modified":"2022-07-21T19:47:59","modified_gmt":"2022-07-21T19:47:59","slug":"thangka-tibetain","status":"publish","type":"product","link":"https:\/\/egidimadeinitaly.com\/fr\/negozio\/objets-dart\/objets-dart-anciens-fr\/thangka-tibetain\/","title":{"rendered":"Thangka Tib\u00e9tain"},"content":{"rendered":"<div class=\"accordion_content ui-accordion-content ui-helper-reset ui-widget-content ui-corner-bottom ui-accordion-content-active\">\n<div class=\"accordion_content_inner\">\n<p><strong><span class=\"s2\">Thangka<\/span><\/strong> <span class=\"s2\">\u00e7a<\/span> <span class=\"s2\">viens<\/span><span class=\"s2\"> du<\/span><span class=\"s3\">\u00a0 <\/span><span class=\"s2\">sanskrit<\/span><span class=\"s2\"> et <\/span><span class=\"s2\">signifie<\/span><span class=\"s2\"> \u00ab <\/span><strong><span class=\"s2\">chose<\/span> <span class=\"s2\">que<\/span><span class=\"s2\"> l\u2019on <\/span><span class=\"s2\">d\u00e9roule<\/span><\/strong><span class=\"s2\"> \u00bb. Il s\u2019agit d\u2019une <\/span><span class=\"s2\">peinture <\/span><span class=\"s2\">sacr\u00e9e<\/span> <span class=\"s2\">sur<\/span> <span class=\"s2\">toile<\/span> <span class=\"s2\">ou<\/span><span class=\"s2\"> su <\/span><span class=\"s2\">bois<\/span> <span class=\"s2\">typique<\/span><span class=\"s2\"> de la culture <\/span><span class=\"s2\">cino-tib\u00e9taine<\/span><span class=\"s2\">.<\/span><span class=\"s3\">\u00a0<\/span><\/p>\n<p><span class=\"s2\">Pour<\/span><span class=\"s2\"> ce qui concerne<\/span><span class=\"s3\">\u00a0 <\/span><span class=\"s2\">la <\/span><span class=\"s2\">roue<\/span><span class=\"s2\"> de <\/span><span class=\"s2\">Shiva<\/span><span class=\"s2\">, on <\/span><span class=\"s2\">parle<\/span><span class=\"s2\"> de<\/span><span class=\"s3\">\u00a0 <\/span><span class=\"s2\">l\u2019une des plus <\/span><span class=\"s2\">connue <\/span><span class=\"s2\">repr\u00e9sentations<\/span><span class=\"s2\"> de <\/span><span class=\"s2\">Shiva<\/span><span class=\"s2\">, <\/span><span class=\"s2\">notamment<\/span><span class=\"s3\">\u00a0 <\/span><span class=\"s2\">le <\/span><strong><span class=\"s2\">Shiva<\/span> <span class=\"s2\">Nataraja<\/span><\/strong><span class=\"s2\"> qui <\/span><span class=\"s2\">danse<\/span> <span class=\"s2\">dans<\/span><span class=\"s2\"> le <\/span><span class=\"s2\">cosmos<\/span><span class=\"s2\"> au <\/span><span class=\"s2\">rythme<\/span><span class=\"s2\"> la <\/span><span class=\"s2\">cr\u00e9ation<\/span><span class=\"s2\"> et de la <\/span><span class=\"s2\">destruction<\/span><span class=\"s2\"> de <\/span><span class=\"s2\">l\u2019univers<\/span><span class=\"s2\">.<\/span><\/p>\n<\/div>\n<\/div>\n","protected":false},"excerpt":{"rendered":"<p><strong><span class=\"s2\">Art <\/span><span class=\"s2\">Sino-Tib\u00e9tain<\/span> <\/strong><span class=\"s2\">d\u00e9but<\/span><span class=\"s2\"> XX\u00e8me si\u00e8cle, <\/span><span class=\"s2\">Thangka<\/span><span class=\"s2\"> en <\/span><span class=\"s2\">bois<\/span> <span class=\"s2\">peint<\/span> <span class=\"s2\">figurant<\/span><span class=\"s2\"> la <\/span><span class=\"s2\">Roue<\/span><span class=\"s2\"> de <\/span><span class=\"s2\">Shiva<\/span><span class=\"s2\"> en Mandala.<\/span><span class=\"s3\">\u00a0<\/span><\/p>\n<p><span class=\"s2\">\u00a0<\/span><\/p>\n","protected":false},"featured_media":84281,"template":"","meta":{"_acf_changed":false},"product_brand":[],"product_cat":[6406,6492],"product_tag":[5361],"class_list":{"0":"post-83330","1":"product","2":"type-product","3":"status-publish","4":"has-post-thumbnail","6":"product_cat-objets-dart-anciens-fr","7":"product_cat-objets-dart","8":"product_tag-decoration-murale","9":"product_shipping_class-dhl-fr","11":"first","12":"outofstock","13":"shipping-taxable","14":"product-type-simple"},"acf":[],"yoast_head":"<!-- This site is optimized with the Yoast SEO Premium plugin v27.3 (Yoast SEO v27.4) - https:\/\/yoast.com\/product\/yoast-seo-premium-wordpress\/ -->\n<title>Thangka Tib\u00e9tain - Egidi MadeinItaly<\/title>\n<meta name=\"description\" content=\"Thangta tib\u00e9tain PolychromeArt Sino-Tib\u00e9tain d\u00e9but XX\u00e8me si\u00e8cle Thangka en bois peint figurant la Roue de Shiva en Mandala.\u00a0\" \/>\n<meta name=\"robots\" content=\"index, follow, max-snippet:-1, max-image-preview:large, max-video-preview:-1\" \/>\n<link rel=\"canonical\" href=\"https:\/\/egidimadeinitaly.com\/fr\/negozio\/objets-dart\/objets-dart-anciens-fr\/thangka-tibetain\/\" \/>\n<meta property=\"og:locale\" content=\"fr_FR\" \/>\n<meta property=\"og:type\" content=\"article\" \/>\n<meta property=\"og:title\" content=\"Thangka Tib\u00e9tain\" \/>\n<meta property=\"og:description\" content=\"Art Sino-Tib\u00e9tain d\u00e9but XX\u00e8me si\u00e8cle, Thangka en bois peint figurant la Roue de Shiva en Mandala.\u00a0  \u00a0\" \/>\n<meta property=\"og:url\" content=\"https:\/\/egidimadeinitaly.com\/fr\/negozio\/objets-dart\/objets-dart-anciens-fr\/thangka-tibetain\/\" \/>\n<meta property=\"og:site_name\" content=\"Egidi MadeinItaly\" \/>\n<meta property=\"article:publisher\" content=\"https:\/\/www.facebook.com\/egidimadeinitaly\/\" \/>\n<meta property=\"article:modified_time\" content=\"2022-07-21T19:47:59+00:00\" \/>\n<meta property=\"og:image\" content=\"https:\/\/egidimadeinitaly.com\/wp-content\/uploads\/2020\/02\/thangka_pittura_su_legno_traforato_tibet-e1717422430668.jpg\" \/>\n\t<meta property=\"og:image:width\" content=\"1200\" \/>\n\t<meta property=\"og:image:height\" content=\"800\" \/>\n\t<meta property=\"og:image:type\" content=\"image\/jpeg\" \/>\n<script type=\"application\/ld+json\" class=\"yoast-schema-graph\">{\"@context\":\"https:\\\/\\\/schema.org\",\"@graph\":[{\"@type\":\"WebPage\",\"@id\":\"https:\\\/\\\/egidimadeinitaly.com\\\/fr\\\/negozio\\\/objets-dart\\\/objets-dart-anciens-fr\\\/thangka-tibetain\\\/\",\"url\":\"https:\\\/\\\/egidimadeinitaly.com\\\/fr\\\/negozio\\\/objets-dart\\\/objets-dart-anciens-fr\\\/thangka-tibetain\\\/\",\"name\":\"Thangka Tib\u00e9tain - Egidi MadeinItaly\",\"isPartOf\":{\"@id\":\"https:\\\/\\\/egidimadeinitaly.com\\\/fr\\\/#website\"},\"primaryImageOfPage\":{\"@id\":\"https:\\\/\\\/egidimadeinitaly.com\\\/fr\\\/negozio\\\/objets-dart\\\/objets-dart-anciens-fr\\\/thangka-tibetain\\\/#primaryimage\"},\"image\":{\"@id\":\"https:\\\/\\\/egidimadeinitaly.com\\\/fr\\\/negozio\\\/objets-dart\\\/objets-dart-anciens-fr\\\/thangka-tibetain\\\/#primaryimage\"},\"thumbnailUrl\":\"https:\\\/\\\/egidimadeinitaly.com\\\/v25\\\/wp-content\\\/uploads\\\/2020\\\/02\\\/thangka_pittura_su_legno_traforato_tibet-e1717422430668.jpg\",\"datePublished\":\"2020-02-02T14:24:01+00:00\",\"dateModified\":\"2022-07-21T19:47:59+00:00\",\"description\":\"Thangta tib\u00e9tain PolychromeArt Sino-Tib\u00e9tain d\u00e9but XX\u00e8me si\u00e8cle Thangka en bois peint figurant la Roue de Shiva en Mandala.\u00a0\",\"breadcrumb\":{\"@id\":\"https:\\\/\\\/egidimadeinitaly.com\\\/fr\\\/negozio\\\/objets-dart\\\/objets-dart-anciens-fr\\\/thangka-tibetain\\\/#breadcrumb\"},\"inLanguage\":\"fr-FR\",\"potentialAction\":[{\"@type\":\"ReadAction\",\"target\":[\"https:\\\/\\\/egidimadeinitaly.com\\\/fr\\\/negozio\\\/objets-dart\\\/objets-dart-anciens-fr\\\/thangka-tibetain\\\/\"]}]},{\"@type\":\"ImageObject\",\"inLanguage\":\"fr-FR\",\"@id\":\"https:\\\/\\\/egidimadeinitaly.com\\\/fr\\\/negozio\\\/objets-dart\\\/objets-dart-anciens-fr\\\/thangka-tibetain\\\/#primaryimage\",\"url\":\"https:\\\/\\\/egidimadeinitaly.com\\\/v25\\\/wp-content\\\/uploads\\\/2020\\\/02\\\/thangka_pittura_su_legno_traforato_tibet-e1717422430668.jpg\",\"contentUrl\":\"https:\\\/\\\/egidimadeinitaly.com\\\/v25\\\/wp-content\\\/uploads\\\/2020\\\/02\\\/thangka_pittura_su_legno_traforato_tibet-e1717422430668.jpg\",\"width\":1200,\"height\":800,\"caption\":\"Thangka Tib\u00e9tain\"},{\"@type\":\"BreadcrumbList\",\"@id\":\"https:\\\/\\\/egidimadeinitaly.com\\\/fr\\\/negozio\\\/objets-dart\\\/objets-dart-anciens-fr\\\/thangka-tibetain\\\/#breadcrumb\",\"itemListElement\":[{\"@type\":\"ListItem\",\"position\":1,\"name\":\"Home\",\"item\":\"https:\\\/\\\/egidimadeinitaly.com\\\/fr\\\/\"},{\"@type\":\"ListItem\",\"position\":2,\"name\":\"Produits\",\"item\":\"https:\\\/\\\/egidimadeinitaly.com\\\/fr\\\/shop\\\/\"},{\"@type\":\"ListItem\",\"position\":3,\"name\":\"Objets d\u2019art\",\"item\":\"https:\\\/\\\/egidimadeinitaly.com\\\/fr\\\/product-category\\\/objets-dart\\\/\"},{\"@type\":\"ListItem\",\"position\":4,\"name\":\"Objets d'art anciens\",\"item\":\"https:\\\/\\\/egidimadeinitaly.com\\\/fr\\\/product-category\\\/objets-dart\\\/objets-dart-anciens-fr\\\/\"},{\"@type\":\"ListItem\",\"position\":5,\"name\":\"Thangka Tib\u00e9tain\"}]},{\"@type\":\"WebSite\",\"@id\":\"https:\\\/\\\/egidimadeinitaly.com\\\/fr\\\/#website\",\"url\":\"https:\\\/\\\/egidimadeinitaly.com\\\/fr\\\/\",\"name\":\"Egidi MadeinItaly\",\"description\":\"Fine Art\",\"potentialAction\":[{\"@type\":\"SearchAction\",\"target\":{\"@type\":\"EntryPoint\",\"urlTemplate\":\"https:\\\/\\\/egidimadeinitaly.com\\\/fr\\\/?s={search_term_string}\"},\"query-input\":{\"@type\":\"PropertyValueSpecification\",\"valueRequired\":true,\"valueName\":\"search_term_string\"}}],\"inLanguage\":\"fr-FR\"}]}<\/script>\n<!-- \/ Yoast SEO Premium plugin. -->","yoast_head_json":{"title":"Thangka Tib\u00e9tain - Egidi MadeinItaly","description":"Thangta tib\u00e9tain PolychromeArt Sino-Tib\u00e9tain d\u00e9but XX\u00e8me si\u00e8cle Thangka en bois peint figurant la Roue de Shiva en Mandala.\u00a0","robots":{"index":"index","follow":"follow","max-snippet":"max-snippet:-1","max-image-preview":"max-image-preview:large","max-video-preview":"max-video-preview:-1"},"canonical":"https:\/\/egidimadeinitaly.com\/fr\/negozio\/objets-dart\/objets-dart-anciens-fr\/thangka-tibetain\/","og_locale":"fr_FR","og_type":"article","og_title":"Thangka Tib\u00e9tain","og_description":"Art Sino-Tib\u00e9tain d\u00e9but XX\u00e8me si\u00e8cle, Thangka en bois peint figurant la Roue de Shiva en Mandala.\u00a0  \u00a0","og_url":"https:\/\/egidimadeinitaly.com\/fr\/negozio\/objets-dart\/objets-dart-anciens-fr\/thangka-tibetain\/","og_site_name":"Egidi MadeinItaly","article_publisher":"https:\/\/www.facebook.com\/egidimadeinitaly\/","article_modified_time":"2022-07-21T19:47:59+00:00","og_image":[{"width":1200,"height":800,"url":"https:\/\/egidimadeinitaly.com\/wp-content\/uploads\/2020\/02\/thangka_pittura_su_legno_traforato_tibet-e1717422430668.jpg","type":"image\/jpeg"}],"schema":{"@context":"https:\/\/schema.org","@graph":[{"@type":"WebPage","@id":"https:\/\/egidimadeinitaly.com\/fr\/negozio\/objets-dart\/objets-dart-anciens-fr\/thangka-tibetain\/","url":"https:\/\/egidimadeinitaly.com\/fr\/negozio\/objets-dart\/objets-dart-anciens-fr\/thangka-tibetain\/","name":"Thangka Tib\u00e9tain - Egidi MadeinItaly","isPartOf":{"@id":"https:\/\/egidimadeinitaly.com\/fr\/#website"},"primaryImageOfPage":{"@id":"https:\/\/egidimadeinitaly.com\/fr\/negozio\/objets-dart\/objets-dart-anciens-fr\/thangka-tibetain\/#primaryimage"},"image":{"@id":"https:\/\/egidimadeinitaly.com\/fr\/negozio\/objets-dart\/objets-dart-anciens-fr\/thangka-tibetain\/#primaryimage"},"thumbnailUrl":"https:\/\/egidimadeinitaly.com\/v25\/wp-content\/uploads\/2020\/02\/thangka_pittura_su_legno_traforato_tibet-e1717422430668.jpg","datePublished":"2020-02-02T14:24:01+00:00","dateModified":"2022-07-21T19:47:59+00:00","description":"Thangta tib\u00e9tain PolychromeArt Sino-Tib\u00e9tain d\u00e9but XX\u00e8me si\u00e8cle Thangka en bois peint figurant la Roue de Shiva en Mandala.\u00a0","breadcrumb":{"@id":"https:\/\/egidimadeinitaly.com\/fr\/negozio\/objets-dart\/objets-dart-anciens-fr\/thangka-tibetain\/#breadcrumb"},"inLanguage":"fr-FR","potentialAction":[{"@type":"ReadAction","target":["https:\/\/egidimadeinitaly.com\/fr\/negozio\/objets-dart\/objets-dart-anciens-fr\/thangka-tibetain\/"]}]},{"@type":"ImageObject","inLanguage":"fr-FR","@id":"https:\/\/egidimadeinitaly.com\/fr\/negozio\/objets-dart\/objets-dart-anciens-fr\/thangka-tibetain\/#primaryimage","url":"https:\/\/egidimadeinitaly.com\/v25\/wp-content\/uploads\/2020\/02\/thangka_pittura_su_legno_traforato_tibet-e1717422430668.jpg","contentUrl":"https:\/\/egidimadeinitaly.com\/v25\/wp-content\/uploads\/2020\/02\/thangka_pittura_su_legno_traforato_tibet-e1717422430668.jpg","width":1200,"height":800,"caption":"Thangka Tib\u00e9tain"},{"@type":"BreadcrumbList","@id":"https:\/\/egidimadeinitaly.com\/fr\/negozio\/objets-dart\/objets-dart-anciens-fr\/thangka-tibetain\/#breadcrumb","itemListElement":[{"@type":"ListItem","position":1,"name":"Home","item":"https:\/\/egidimadeinitaly.com\/fr\/"},{"@type":"ListItem","position":2,"name":"Produits","item":"https:\/\/egidimadeinitaly.com\/fr\/shop\/"},{"@type":"ListItem","position":3,"name":"Objets d\u2019art","item":"https:\/\/egidimadeinitaly.com\/fr\/product-category\/objets-dart\/"},{"@type":"ListItem","position":4,"name":"Objets d'art anciens","item":"https:\/\/egidimadeinitaly.com\/fr\/product-category\/objets-dart\/objets-dart-anciens-fr\/"},{"@type":"ListItem","position":5,"name":"Thangka Tib\u00e9tain"}]},{"@type":"WebSite","@id":"https:\/\/egidimadeinitaly.com\/fr\/#website","url":"https:\/\/egidimadeinitaly.com\/fr\/","name":"Egidi MadeinItaly","description":"Fine Art","potentialAction":[{"@type":"SearchAction","target":{"@type":"EntryPoint","urlTemplate":"https:\/\/egidimadeinitaly.com\/fr\/?s={search_term_string}"},"query-input":{"@type":"PropertyValueSpecification","valueRequired":true,"valueName":"search_term_string"}}],"inLanguage":"fr-FR"}]}},"_links":{"self":[{"href":"https:\/\/egidimadeinitaly.com\/fr\/wp-json\/wp\/v2\/product\/83330","targetHints":{"allow":["GET"]}}],"collection":[{"href":"https:\/\/egidimadeinitaly.com\/fr\/wp-json\/wp\/v2\/product"}],"about":[{"href":"https:\/\/egidimadeinitaly.com\/fr\/wp-json\/wp\/v2\/types\/product"}],"wp:featuredmedia":[{"embeddable":true,"href":"https:\/\/egidimadeinitaly.com\/fr\/wp-json\/wp\/v2\/media\/84281"}],"wp:attachment":[{"href":"https:\/\/egidimadeinitaly.com\/fr\/wp-json\/wp\/v2\/media?parent=83330"}],"wp:term":[{"taxonomy":"product_brand","embeddable":true,"href":"https:\/\/egidimadeinitaly.com\/fr\/wp-json\/wp\/v2\/product_brand?post=83330"},{"taxonomy":"product_cat","embeddable":true,"href":"https:\/\/egidimadeinitaly.com\/fr\/wp-json\/wp\/v2\/product_cat?post=83330"},{"taxonomy":"product_tag","embeddable":true,"href":"https:\/\/egidimadeinitaly.com\/fr\/wp-json\/wp\/v2\/product_tag?post=83330"}],"curies":[{"name":"wp","href":"https:\/\/api.w.org\/{rel}","templated":true}]}}