{"id":83328,"date":"2019-02-02T15:24:01","date_gmt":"2019-02-02T14:24:01","guid":{"rendered":"https:\/\/egidimadeinitaly.com\/ecomsite\/product\/aristodemo-zingarini-quadro-amelia-1942\/"},"modified":"2025-01-20T12:19:23","modified_gmt":"2025-01-20T11:19:23","slug":"tableau-signe-aristodemo-signorini","status":"publish","type":"product","link":"https:\/\/egidimadeinitaly.com\/fr\/negozio\/art-moderne\/tableaux-modernes-fr\/tableau-signe-aristodemo-signorini\/","title":{"rendered":"Tableau Sign\u00e9 Aristodemo Signorini"},"content":{"rendered":"<p><b>Aristodemo Signorini<\/b> (Rome, 1878 \u2013 1944) tableau sign\u00e9 et dat\u00e9, 1942<\/p>\n<p><b>Peintre romain<\/b>, n\u00e9 le 30 janvier 1878 dans la capitale italienne o\u00f9 il mourut le 5 novembre 1944.<\/p>\n<p><b>Caralus Durand <\/b>et<b> Paul Sieffert <\/b>furent ses premiers ma\u00eetres, ceux qui l\u2019initi\u00e8rent \u00e0 la technique du dessin \u00e0 la prestigieuse Acad\u00e9mie de France \u00e0 Rome qu\u2019il fr\u00e9quenta jusqu\u2019en 1908.<\/p>\n<p>\u00c0 partir de 1909, il commen\u00e7a \u00e0 fr\u00e9quenter <b>l\u2019Acad\u00e9mie des Beaux Arts de Rome<\/b> et notamment, le cours d\u2019arts plastiques de l\u2019Union internationale des beaux-arts et des lettres de Paris.<\/p>\n<p>Il participe d\u00e8s son plus jeune \u00e2ge \u00e0 de prestigieuses expositions, telles que l\u2019Exposition internationale de Rome ou la Quadriennale de Turin, avec des artistes du calibre de <b>Carlo<\/b> <b>Siviero<\/b> et <b>Giuseppe Pellizza da Volpedo<\/b>.<\/p>\n<p>En qu\u00eate de silence et d\u2019inspiration, il d\u00e9cide de quitter Rome pour s\u2019installer \u00e0 Amelia, une tr\u00e8s jolie petite ville d\u2019Ombrie, o\u00f9 il a peint ce beau tableau justement.<\/p>\n<p>C\u2019est l\u00e0, au calme et au contact de la nature, qu\u2019il peint ses \u0153uvres les plus importantes.<\/p>\n<p>De nombreuses expositions posthumes lui ont \u00e9t\u00e9 consacr\u00e9es, comme celle de 1951 dans les salles de <b>La Conchiglia \u00e0 Rome<\/b>, et \u00e0 Amelia, sa ville d\u2019adoption, en 1954.<\/p>\n","protected":false},"excerpt":{"rendered":"<p>Peinture sur bois d\u2019<strong>Aristodemo Zingarini<\/strong> sign\u00e9e \u00abA. Zingarini Amelia \u20261942 \u00bb<\/p>\n<p>Les \u0153uvres du peintre romain, d\u00e9fini par Antonio Mancini comme l\u2019un des meilleurs paysagistes italiens, sont expos\u00e9es \u00e0 la <strong>Galerie Nationale de l\u2019Ombrie install\u00e9e dans le Mus\u00e9e du <em>Palazzo Ducale<\/em> de Gubbio (P\u00e9rouse).<\/strong><\/p>\n<p>Dans les ann\u00e9es 1939, le <strong>Minist\u00e8re de l\u2019\u00c9ducation nationale a acquis un tableau<\/strong> d\u2019Aristodemo Zingarini,<\/p>\n<p>qui repr\u00e9sente une autre version de la <em>Porta \u00a0Romana \u00e0\u00a0<\/em><em>Amelia<\/em>, similaire au n\u00f4tre.<\/p>\n<p>Le tableau est enrichi d\u2019un <strong>cadre italien en bois sculpt\u00e9<\/strong> et dor\u00e9 du XIX<sup>e<\/sup> si\u00e8cle.<\/p>\n","protected":false},"featured_media":86355,"template":"","meta":{"_acf_changed":false},"product_brand":[],"product_cat":[6377,6416],"product_tag":[5406,5361,6154,5457],"class_list":{"0":"post-83328","1":"product","2":"type-product","3":"status-publish","4":"has-post-thumbnail","6":"product_cat-art-moderne","7":"product_cat-tableaux-modernes-fr","8":"product_tag-annees-40-fr","9":"product_tag-decoration-murale","10":"product_tag-ecole-romaine","11":"product_tag-paysage","12":"product_shipping_class-dhl-fr","14":"first","15":"outofstock","16":"shipping-taxable","17":"product-type-simple"},"acf":[],"yoast_head":"<!-- This site is optimized with the Yoast SEO Premium plugin v27.3 (Yoast SEO v27.4) - https:\/\/yoast.com\/product\/yoast-seo-premium-wordpress\/ -->\n<title>Tableau Sign\u00e9 Aristodemo Signorini - Egidi MadeinItaly<\/title>\n<meta name=\"description\" content=\"Aristodemo Signorini charmante peinture sign\u00e9e et dat\u00e9e en bas \u00e0 droite repr\u00e9sentant la Porte Romaine d&#039;Amelia avec cadre sur Egidi MadeinItalie\" \/>\n<meta name=\"robots\" content=\"index, follow, max-snippet:-1, max-image-preview:large, max-video-preview:-1\" \/>\n<link rel=\"canonical\" href=\"https:\/\/egidimadeinitaly.com\/fr\/produit\/art-moderne\/tableaux-modernes-fr\/tableau-signe-aristodemo-signorini\/\" \/>\n<meta property=\"og:locale\" content=\"fr_FR\" \/>\n<meta property=\"og:type\" content=\"article\" \/>\n<meta property=\"og:title\" content=\"Tableau Sign\u00e9 Aristodemo Signorini\" \/>\n<meta property=\"og:description\" content=\"Peinture sur bois d\u2019Aristodemo Zingarini sign\u00e9e \u00abA. Zingarini Amelia \u20261942 \u00bb  Les \u0153uvres du peintre romain, d\u00e9fini par Antonio Mancini comme l\u2019un des meilleurs paysagistes italiens, sont expos\u00e9es \u00e0 la Galerie Nationale de l\u2019Ombrie install\u00e9e dans le Mus\u00e9e du Palazzo Ducale de Gubbio (P\u00e9rouse).  Dans les ann\u00e9es 1939, le Minist\u00e8re de l\u2019\u00c9ducation nationale a acquis un tableau d\u2019Aristodemo Zingarini,  qui repr\u00e9sente une autre version de la Porta \u00a0Romana \u00e0\u00a0Amelia, similaire au n\u00f4tre.  Le tableau est enrichi d\u2019un cadre italien en bois sculpt\u00e9 et dor\u00e9 du XIXe si\u00e8cle.\" \/>\n<meta property=\"og:url\" content=\"https:\/\/egidimadeinitaly.com\/fr\/produit\/art-moderne\/tableaux-modernes-fr\/tableau-signe-aristodemo-signorini\/\" \/>\n<meta property=\"og:site_name\" content=\"Egidi MadeinItaly\" \/>\n<meta property=\"article:publisher\" content=\"https:\/\/www.facebook.com\/egidimadeinitaly\/\" \/>\n<meta property=\"article:modified_time\" content=\"2025-01-20T11:19:23+00:00\" \/>\n<meta property=\"og:image\" content=\"https:\/\/egidimadeinitaly.com\/wp-content\/uploads\/2020\/02\/Aristodemo_Zingarini_Quadro_Amelia_1942-e1717424447595.jpg\" \/>\n\t<meta property=\"og:image:width\" content=\"1500\" \/>\n\t<meta property=\"og:image:height\" content=\"1000\" \/>\n\t<meta property=\"og:image:type\" content=\"image\/jpeg\" \/>\n<script type=\"application\/ld+json\" class=\"yoast-schema-graph\">{\"@context\":\"https:\\\/\\\/schema.org\",\"@graph\":[{\"@type\":\"WebPage\",\"@id\":\"https:\\\/\\\/egidimadeinitaly.com\\\/fr\\\/negozio\\\/art-moderne\\\/tableaux-modernes-fr\\\/tableau-signe-aristodemo-signorini\\\/\",\"url\":\"https:\\\/\\\/egidimadeinitaly.com\\\/fr\\\/produit\\\/art-moderne\\\/tableaux-modernes-fr\\\/tableau-signe-aristodemo-signorini\\\/\",\"name\":\"Tableau Sign\u00e9 Aristodemo Signorini - Egidi MadeinItaly\",\"isPartOf\":{\"@id\":\"https:\\\/\\\/egidimadeinitaly.com\\\/fr\\\/#website\"},\"primaryImageOfPage\":{\"@id\":\"https:\\\/\\\/egidimadeinitaly.com\\\/fr\\\/produit\\\/art-moderne\\\/tableaux-modernes-fr\\\/tableau-signe-aristodemo-signorini\\\/#primaryimage\"},\"image\":{\"@id\":\"https:\\\/\\\/egidimadeinitaly.com\\\/fr\\\/produit\\\/art-moderne\\\/tableaux-modernes-fr\\\/tableau-signe-aristodemo-signorini\\\/#primaryimage\"},\"thumbnailUrl\":\"https:\\\/\\\/egidimadeinitaly.com\\\/v25\\\/wp-content\\\/uploads\\\/2020\\\/02\\\/Aristodemo_Zingarini_Quadro_Amelia_1942-e1717424447595.jpg\",\"datePublished\":\"2019-02-02T14:24:01+00:00\",\"dateModified\":\"2025-01-20T11:19:23+00:00\",\"description\":\"Aristodemo Signorini charmante peinture sign\u00e9e et dat\u00e9e en bas \u00e0 droite repr\u00e9sentant la Porte Romaine d'Amelia avec cadre sur Egidi MadeinItalie\",\"breadcrumb\":{\"@id\":\"https:\\\/\\\/egidimadeinitaly.com\\\/fr\\\/produit\\\/art-moderne\\\/tableaux-modernes-fr\\\/tableau-signe-aristodemo-signorini\\\/#breadcrumb\"},\"inLanguage\":\"fr-FR\",\"potentialAction\":[{\"@type\":\"ReadAction\",\"target\":[\"https:\\\/\\\/egidimadeinitaly.com\\\/fr\\\/produit\\\/art-moderne\\\/tableaux-modernes-fr\\\/tableau-signe-aristodemo-signorini\\\/\"]}]},{\"@type\":\"ImageObject\",\"inLanguage\":\"fr-FR\",\"@id\":\"https:\\\/\\\/egidimadeinitaly.com\\\/fr\\\/produit\\\/art-moderne\\\/tableaux-modernes-fr\\\/tableau-signe-aristodemo-signorini\\\/#primaryimage\",\"url\":\"https:\\\/\\\/egidimadeinitaly.com\\\/v25\\\/wp-content\\\/uploads\\\/2020\\\/02\\\/Aristodemo_Zingarini_Quadro_Amelia_1942-e1717424447595.jpg\",\"contentUrl\":\"https:\\\/\\\/egidimadeinitaly.com\\\/v25\\\/wp-content\\\/uploads\\\/2020\\\/02\\\/Aristodemo_Zingarini_Quadro_Amelia_1942-e1717424447595.jpg\",\"width\":1500,\"height\":1000,\"caption\":\"Aristodemo Signorini tableau sign\u00e9 et dat\u00e9\"},{\"@type\":\"BreadcrumbList\",\"@id\":\"https:\\\/\\\/egidimadeinitaly.com\\\/fr\\\/produit\\\/art-moderne\\\/tableaux-modernes-fr\\\/tableau-signe-aristodemo-signorini\\\/#breadcrumb\",\"itemListElement\":[{\"@type\":\"ListItem\",\"position\":1,\"name\":\"Home\",\"item\":\"https:\\\/\\\/egidimadeinitaly.com\\\/fr\\\/\"},{\"@type\":\"ListItem\",\"position\":2,\"name\":\"Produits\",\"item\":\"https:\\\/\\\/egidimadeinitaly.com\\\/fr\\\/shop\\\/\"},{\"@type\":\"ListItem\",\"position\":3,\"name\":\"Art moderne\",\"item\":\"https:\\\/\\\/egidimadeinitaly.com\\\/fr\\\/product-category\\\/art-moderne\\\/\"},{\"@type\":\"ListItem\",\"position\":4,\"name\":\"Tableaux modernes\",\"item\":\"https:\\\/\\\/egidimadeinitaly.com\\\/fr\\\/product-category\\\/art-moderne\\\/tableaux-modernes-fr\\\/\"},{\"@type\":\"ListItem\",\"position\":5,\"name\":\"Tableau Sign\u00e9 Aristodemo Signorini\"}]},{\"@type\":\"WebSite\",\"@id\":\"https:\\\/\\\/egidimadeinitaly.com\\\/fr\\\/#website\",\"url\":\"https:\\\/\\\/egidimadeinitaly.com\\\/fr\\\/\",\"name\":\"Egidi MadeinItaly\",\"description\":\"Fine Art\",\"potentialAction\":[{\"@type\":\"SearchAction\",\"target\":{\"@type\":\"EntryPoint\",\"urlTemplate\":\"https:\\\/\\\/egidimadeinitaly.com\\\/fr\\\/?s={search_term_string}\"},\"query-input\":{\"@type\":\"PropertyValueSpecification\",\"valueRequired\":true,\"valueName\":\"search_term_string\"}}],\"inLanguage\":\"fr-FR\"}]}<\/script>\n<!-- \/ Yoast SEO Premium plugin. -->","yoast_head_json":{"title":"Tableau Sign\u00e9 Aristodemo Signorini - Egidi MadeinItaly","description":"Aristodemo Signorini charmante peinture sign\u00e9e et dat\u00e9e en bas \u00e0 droite repr\u00e9sentant la Porte Romaine d'Amelia avec cadre sur Egidi MadeinItalie","robots":{"index":"index","follow":"follow","max-snippet":"max-snippet:-1","max-image-preview":"max-image-preview:large","max-video-preview":"max-video-preview:-1"},"canonical":"https:\/\/egidimadeinitaly.com\/fr\/produit\/art-moderne\/tableaux-modernes-fr\/tableau-signe-aristodemo-signorini\/","og_locale":"fr_FR","og_type":"article","og_title":"Tableau Sign\u00e9 Aristodemo Signorini","og_description":"Peinture sur bois d\u2019Aristodemo Zingarini sign\u00e9e \u00abA. Zingarini Amelia \u20261942 \u00bb  Les \u0153uvres du peintre romain, d\u00e9fini par Antonio Mancini comme l\u2019un des meilleurs paysagistes italiens, sont expos\u00e9es \u00e0 la Galerie Nationale de l\u2019Ombrie install\u00e9e dans le Mus\u00e9e du Palazzo Ducale de Gubbio (P\u00e9rouse).  Dans les ann\u00e9es 1939, le Minist\u00e8re de l\u2019\u00c9ducation nationale a acquis un tableau d\u2019Aristodemo Zingarini,  qui repr\u00e9sente une autre version de la Porta \u00a0Romana \u00e0\u00a0Amelia, similaire au n\u00f4tre.  Le tableau est enrichi d\u2019un cadre italien en bois sculpt\u00e9 et dor\u00e9 du XIXe si\u00e8cle.","og_url":"https:\/\/egidimadeinitaly.com\/fr\/produit\/art-moderne\/tableaux-modernes-fr\/tableau-signe-aristodemo-signorini\/","og_site_name":"Egidi MadeinItaly","article_publisher":"https:\/\/www.facebook.com\/egidimadeinitaly\/","article_modified_time":"2025-01-20T11:19:23+00:00","og_image":[{"width":1500,"height":1000,"url":"https:\/\/egidimadeinitaly.com\/wp-content\/uploads\/2020\/02\/Aristodemo_Zingarini_Quadro_Amelia_1942-e1717424447595.jpg","type":"image\/jpeg"}],"schema":{"@context":"https:\/\/schema.org","@graph":[{"@type":"WebPage","@id":"https:\/\/egidimadeinitaly.com\/fr\/negozio\/art-moderne\/tableaux-modernes-fr\/tableau-signe-aristodemo-signorini\/","url":"https:\/\/egidimadeinitaly.com\/fr\/produit\/art-moderne\/tableaux-modernes-fr\/tableau-signe-aristodemo-signorini\/","name":"Tableau Sign\u00e9 Aristodemo Signorini - Egidi MadeinItaly","isPartOf":{"@id":"https:\/\/egidimadeinitaly.com\/fr\/#website"},"primaryImageOfPage":{"@id":"https:\/\/egidimadeinitaly.com\/fr\/produit\/art-moderne\/tableaux-modernes-fr\/tableau-signe-aristodemo-signorini\/#primaryimage"},"image":{"@id":"https:\/\/egidimadeinitaly.com\/fr\/produit\/art-moderne\/tableaux-modernes-fr\/tableau-signe-aristodemo-signorini\/#primaryimage"},"thumbnailUrl":"https:\/\/egidimadeinitaly.com\/v25\/wp-content\/uploads\/2020\/02\/Aristodemo_Zingarini_Quadro_Amelia_1942-e1717424447595.jpg","datePublished":"2019-02-02T14:24:01+00:00","dateModified":"2025-01-20T11:19:23+00:00","description":"Aristodemo Signorini charmante peinture sign\u00e9e et dat\u00e9e en bas \u00e0 droite repr\u00e9sentant la Porte Romaine d'Amelia avec cadre sur Egidi MadeinItalie","breadcrumb":{"@id":"https:\/\/egidimadeinitaly.com\/fr\/produit\/art-moderne\/tableaux-modernes-fr\/tableau-signe-aristodemo-signorini\/#breadcrumb"},"inLanguage":"fr-FR","potentialAction":[{"@type":"ReadAction","target":["https:\/\/egidimadeinitaly.com\/fr\/produit\/art-moderne\/tableaux-modernes-fr\/tableau-signe-aristodemo-signorini\/"]}]},{"@type":"ImageObject","inLanguage":"fr-FR","@id":"https:\/\/egidimadeinitaly.com\/fr\/produit\/art-moderne\/tableaux-modernes-fr\/tableau-signe-aristodemo-signorini\/#primaryimage","url":"https:\/\/egidimadeinitaly.com\/v25\/wp-content\/uploads\/2020\/02\/Aristodemo_Zingarini_Quadro_Amelia_1942-e1717424447595.jpg","contentUrl":"https:\/\/egidimadeinitaly.com\/v25\/wp-content\/uploads\/2020\/02\/Aristodemo_Zingarini_Quadro_Amelia_1942-e1717424447595.jpg","width":1500,"height":1000,"caption":"Aristodemo Signorini tableau sign\u00e9 et dat\u00e9"},{"@type":"BreadcrumbList","@id":"https:\/\/egidimadeinitaly.com\/fr\/produit\/art-moderne\/tableaux-modernes-fr\/tableau-signe-aristodemo-signorini\/#breadcrumb","itemListElement":[{"@type":"ListItem","position":1,"name":"Home","item":"https:\/\/egidimadeinitaly.com\/fr\/"},{"@type":"ListItem","position":2,"name":"Produits","item":"https:\/\/egidimadeinitaly.com\/fr\/shop\/"},{"@type":"ListItem","position":3,"name":"Art moderne","item":"https:\/\/egidimadeinitaly.com\/fr\/product-category\/art-moderne\/"},{"@type":"ListItem","position":4,"name":"Tableaux modernes","item":"https:\/\/egidimadeinitaly.com\/fr\/product-category\/art-moderne\/tableaux-modernes-fr\/"},{"@type":"ListItem","position":5,"name":"Tableau Sign\u00e9 Aristodemo Signorini"}]},{"@type":"WebSite","@id":"https:\/\/egidimadeinitaly.com\/fr\/#website","url":"https:\/\/egidimadeinitaly.com\/fr\/","name":"Egidi MadeinItaly","description":"Fine Art","potentialAction":[{"@type":"SearchAction","target":{"@type":"EntryPoint","urlTemplate":"https:\/\/egidimadeinitaly.com\/fr\/?s={search_term_string}"},"query-input":{"@type":"PropertyValueSpecification","valueRequired":true,"valueName":"search_term_string"}}],"inLanguage":"fr-FR"}]}},"_links":{"self":[{"href":"https:\/\/egidimadeinitaly.com\/fr\/wp-json\/wp\/v2\/product\/83328","targetHints":{"allow":["GET"]}}],"collection":[{"href":"https:\/\/egidimadeinitaly.com\/fr\/wp-json\/wp\/v2\/product"}],"about":[{"href":"https:\/\/egidimadeinitaly.com\/fr\/wp-json\/wp\/v2\/types\/product"}],"wp:featuredmedia":[{"embeddable":true,"href":"https:\/\/egidimadeinitaly.com\/fr\/wp-json\/wp\/v2\/media\/86355"}],"wp:attachment":[{"href":"https:\/\/egidimadeinitaly.com\/fr\/wp-json\/wp\/v2\/media?parent=83328"}],"wp:term":[{"taxonomy":"product_brand","embeddable":true,"href":"https:\/\/egidimadeinitaly.com\/fr\/wp-json\/wp\/v2\/product_brand?post=83328"},{"taxonomy":"product_cat","embeddable":true,"href":"https:\/\/egidimadeinitaly.com\/fr\/wp-json\/wp\/v2\/product_cat?post=83328"},{"taxonomy":"product_tag","embeddable":true,"href":"https:\/\/egidimadeinitaly.com\/fr\/wp-json\/wp\/v2\/product_tag?post=83328"}],"curies":[{"name":"wp","href":"https:\/\/api.w.org\/{rel}","templated":true}]}}