{"id":83318,"date":"2020-02-02T15:23:56","date_gmt":"2020-02-02T14:23:56","guid":{"rendered":"https:\/\/egidimadeinitaly.com\/ecomsite\/product\/piero-fornasetti-lampada-cammei-1960\/"},"modified":"2024-12-09T10:09:55","modified_gmt":"2024-12-09T09:09:55","slug":"piero-fornasetti-lampe-camees","status":"publish","type":"product","link":"https:\/\/egidimadeinitaly.com\/fr\/negozio\/objets-dart\/objets-dart-modernes\/piero-fornasetti-lampe-camees\/","title":{"rendered":"Piero Fornasetti Lampe Cam\u00e9es"},"content":{"rendered":"<p>N\u00e9 en 1913, <strong>Piero Fornasetti<\/strong> est un peintre, sculpteur, graveur et d\u00e9corateur d\u2019int\u00e9rieur, \u00e0 l\u2019origine de la cr\u00e9ation de plus de 11 000 objets. Multidisciplinaire, il travaille surtout avec la c\u00e9ramique et les textiles, mais est \u00e9galement un expert en mati\u00e8re de techniques d\u2019impression. Avec l\u2019aide de son ami et collaborateur Gio Ponti, il cr\u00e9e la marque \u00e9ponyme et l\u00e9gendaire qui vise \u00e0 int\u00e9grer l\u2019art dans la vie quotidienne.<\/p>\n<blockquote><p>\u201c<em>La c\u00f4t\u00e9 renaissance, artisanal, de Piero Fornasetti, \u00e9trang\u00e8re au syst\u00e8me du design bas\u00e9 sur les royalties, peut-\u00eatre est-ce quelque chose qui est irr\u00e9m\u00e9diablement perdu; ou peut-\u00eatre est en quelque sorte un fornasettien \u201csouvenir du futur\u201d , une porte ouverte sur des nouvelles opportunit\u00e9s<\/em>\u201d.Barnaba Fornasetti<\/p><\/blockquote>\n","protected":false},"excerpt":{"rendered":"<p class=\"product-name\" data-block=\"name\">Lampe cylindrique en laiton dor\u00e9 <strong>\u00e0 d\u00e9cor de cam\u00e9es rouges<\/strong> sur fond beige par le designer milanais <strong>Piero Fornasetti<\/strong>.<br \/>\nL&rsquo;\u00e9tiquette originale en papier de l&rsquo;artiste est encore visible sur le fond.<br \/>\nAbat-jour non fourni<\/p>\n","protected":false},"featured_media":93585,"template":"","meta":{"_acf_changed":false},"product_brand":[],"product_cat":[6412,6492],"product_tag":[5419,5436,1254,1691],"class_list":{"0":"post-83318","1":"product","2":"type-product","3":"status-publish","4":"has-post-thumbnail","6":"product_cat-objets-dart-modernes","7":"product_cat-objets-dart","8":"product_tag-accessoires-de-bureau","9":"product_tag-annees-60-fr","10":"product_tag-design-italien-fr","11":"product_tag-piero-fornasetti-fr","12":"product_shipping_class-dhl-fr","14":"first","15":"instock","16":"shipping-taxable","17":"product-type-simple"},"acf":[],"yoast_head":"<!-- This site is optimized with the Yoast SEO Premium plugin v27.5 (Yoast SEO v27.5) - https:\/\/yoast.com\/product\/yoast-seo-premium-wordpress\/ -->\n<title>Piero Fornasetti Lampe Cam\u00e9es - Egidi MadeinItaly<\/title>\n<meta name=\"description\" content=\"Lampe de table Piero Fornasetti Cam\u00e9es. Achetez authentique Fornasetti. Livraison partout dans le monde. Transactions s\u00e9curis\u00e9es.\" \/>\n<meta name=\"robots\" content=\"index, follow, max-snippet:-1, max-image-preview:large, max-video-preview:-1\" \/>\n<link rel=\"canonical\" href=\"https:\/\/egidimadeinitaly.com\/fr\/produit\/art-moderne\/objets-dart-modernes\/piero-fornasetti-lampe-camees\/\" \/>\n<meta property=\"og:locale\" content=\"fr_FR\" \/>\n<meta property=\"og:type\" content=\"article\" \/>\n<meta property=\"og:title\" content=\"Piero Fornasetti Lampe Cam\u00e9es\" \/>\n<meta property=\"og:description\" content=\"Lampe cylindrique en laiton dor\u00e9 \u00e0 d\u00e9cor de cam\u00e9es rouges sur fond beige par le designer milanais Piero Fornasetti. L&#039;\u00e9tiquette originale en papier de l&#039;artiste est encore visible sur le fond. Abat-jour non fourni\" \/>\n<meta property=\"og:url\" content=\"https:\/\/egidimadeinitaly.com\/fr\/produit\/art-moderne\/objets-dart-modernes\/piero-fornasetti-lampe-camees\/\" \/>\n<meta property=\"og:site_name\" content=\"Egidi MadeinItaly\" \/>\n<meta property=\"article:publisher\" content=\"https:\/\/www.facebook.com\/egidimadeinitaly\/\" \/>\n<meta property=\"article:modified_time\" content=\"2024-12-09T09:09:55+00:00\" \/>\n<meta property=\"og:image\" content=\"https:\/\/egidimadeinitaly.com\/wp-content\/uploads\/2020\/02\/380B0DA9-15E1-48CA-8467-162E48D4A2FC-scaled-e1723398452785.jpeg\" \/>\n\t<meta property=\"og:image:width\" content=\"2560\" \/>\n\t<meta property=\"og:image:height\" content=\"2560\" \/>\n\t<meta property=\"og:image:type\" content=\"image\/jpeg\" \/>\n<script type=\"application\/ld+json\" class=\"yoast-schema-graph\">{\"@context\":\"https:\\\/\\\/schema.org\",\"@graph\":[{\"@type\":\"WebPage\",\"@id\":\"https:\\\/\\\/egidimadeinitaly.com\\\/fr\\\/negozio\\\/objets-dart\\\/objets-dart-modernes\\\/piero-fornasetti-lampe-camees\\\/\",\"url\":\"https:\\\/\\\/egidimadeinitaly.com\\\/fr\\\/produit\\\/art-moderne\\\/objets-dart-modernes\\\/piero-fornasetti-lampe-camees\\\/\",\"name\":\"Piero Fornasetti Lampe Cam\u00e9es - Egidi MadeinItaly\",\"isPartOf\":{\"@id\":\"https:\\\/\\\/egidimadeinitaly.com\\\/fr\\\/#website\"},\"primaryImageOfPage\":{\"@id\":\"https:\\\/\\\/egidimadeinitaly.com\\\/fr\\\/produit\\\/art-moderne\\\/objets-dart-modernes\\\/piero-fornasetti-lampe-camees\\\/#primaryimage\"},\"image\":{\"@id\":\"https:\\\/\\\/egidimadeinitaly.com\\\/fr\\\/produit\\\/art-moderne\\\/objets-dart-modernes\\\/piero-fornasetti-lampe-camees\\\/#primaryimage\"},\"thumbnailUrl\":\"https:\\\/\\\/egidimadeinitaly.com\\\/v25\\\/wp-content\\\/uploads\\\/2020\\\/02\\\/380B0DA9-15E1-48CA-8467-162E48D4A2FC-scaled-e1723398452785.jpeg\",\"datePublished\":\"2020-02-02T14:23:56+00:00\",\"dateModified\":\"2024-12-09T09:09:55+00:00\",\"description\":\"Lampe de table Piero Fornasetti Cam\u00e9es. Achetez authentique Fornasetti. Livraison partout dans le monde. Transactions s\u00e9curis\u00e9es.\",\"breadcrumb\":{\"@id\":\"https:\\\/\\\/egidimadeinitaly.com\\\/fr\\\/produit\\\/art-moderne\\\/objets-dart-modernes\\\/piero-fornasetti-lampe-camees\\\/#breadcrumb\"},\"inLanguage\":\"fr-FR\",\"potentialAction\":[{\"@type\":\"ReadAction\",\"target\":[\"https:\\\/\\\/egidimadeinitaly.com\\\/fr\\\/produit\\\/art-moderne\\\/objets-dart-modernes\\\/piero-fornasetti-lampe-camees\\\/\"]}]},{\"@type\":\"ImageObject\",\"inLanguage\":\"fr-FR\",\"@id\":\"https:\\\/\\\/egidimadeinitaly.com\\\/fr\\\/produit\\\/art-moderne\\\/objets-dart-modernes\\\/piero-fornasetti-lampe-camees\\\/#primaryimage\",\"url\":\"https:\\\/\\\/egidimadeinitaly.com\\\/v25\\\/wp-content\\\/uploads\\\/2020\\\/02\\\/380B0DA9-15E1-48CA-8467-162E48D4A2FC-scaled-e1723398452785.jpeg\",\"contentUrl\":\"https:\\\/\\\/egidimadeinitaly.com\\\/v25\\\/wp-content\\\/uploads\\\/2020\\\/02\\\/380B0DA9-15E1-48CA-8467-162E48D4A2FC-scaled-e1723398452785.jpeg\",\"width\":2560,\"height\":2560,\"caption\":\"Piero Fornasetti Lampe Cam\u00e9es\"},{\"@type\":\"BreadcrumbList\",\"@id\":\"https:\\\/\\\/egidimadeinitaly.com\\\/fr\\\/produit\\\/art-moderne\\\/objets-dart-modernes\\\/piero-fornasetti-lampe-camees\\\/#breadcrumb\",\"itemListElement\":[{\"@type\":\"ListItem\",\"position\":1,\"name\":\"Home\",\"item\":\"https:\\\/\\\/egidimadeinitaly.com\\\/fr\\\/\"},{\"@type\":\"ListItem\",\"position\":2,\"name\":\"Produits\",\"item\":\"https:\\\/\\\/egidimadeinitaly.com\\\/fr\\\/shop\\\/\"},{\"@type\":\"ListItem\",\"position\":3,\"name\":\"Objets d\u2019art\",\"item\":\"https:\\\/\\\/egidimadeinitaly.com\\\/fr\\\/product-category\\\/objets-dart\\\/\"},{\"@type\":\"ListItem\",\"position\":4,\"name\":\"Objets d'art modernes\",\"item\":\"https:\\\/\\\/egidimadeinitaly.com\\\/fr\\\/product-category\\\/objets-dart\\\/objets-dart-modernes\\\/\"},{\"@type\":\"ListItem\",\"position\":5,\"name\":\"Piero Fornasetti Lampe Cam\u00e9es\"}]},{\"@type\":\"WebSite\",\"@id\":\"https:\\\/\\\/egidimadeinitaly.com\\\/fr\\\/#website\",\"url\":\"https:\\\/\\\/egidimadeinitaly.com\\\/fr\\\/\",\"name\":\"Egidi MadeinItaly\",\"description\":\"Fine Art\",\"potentialAction\":[{\"@type\":\"SearchAction\",\"target\":{\"@type\":\"EntryPoint\",\"urlTemplate\":\"https:\\\/\\\/egidimadeinitaly.com\\\/fr\\\/?s={search_term_string}\"},\"query-input\":{\"@type\":\"PropertyValueSpecification\",\"valueRequired\":true,\"valueName\":\"search_term_string\"}}],\"inLanguage\":\"fr-FR\"}]}<\/script>\n<!-- \/ Yoast SEO Premium plugin. -->","yoast_head_json":{"title":"Piero Fornasetti Lampe Cam\u00e9es - Egidi MadeinItaly","description":"Lampe de table Piero Fornasetti Cam\u00e9es. Achetez authentique Fornasetti. Livraison partout dans le monde. Transactions s\u00e9curis\u00e9es.","robots":{"index":"index","follow":"follow","max-snippet":"max-snippet:-1","max-image-preview":"max-image-preview:large","max-video-preview":"max-video-preview:-1"},"canonical":"https:\/\/egidimadeinitaly.com\/fr\/produit\/art-moderne\/objets-dart-modernes\/piero-fornasetti-lampe-camees\/","og_locale":"fr_FR","og_type":"article","og_title":"Piero Fornasetti Lampe Cam\u00e9es","og_description":"Lampe cylindrique en laiton dor\u00e9 \u00e0 d\u00e9cor de cam\u00e9es rouges sur fond beige par le designer milanais Piero Fornasetti. L'\u00e9tiquette originale en papier de l'artiste est encore visible sur le fond. Abat-jour non fourni","og_url":"https:\/\/egidimadeinitaly.com\/fr\/produit\/art-moderne\/objets-dart-modernes\/piero-fornasetti-lampe-camees\/","og_site_name":"Egidi MadeinItaly","article_publisher":"https:\/\/www.facebook.com\/egidimadeinitaly\/","article_modified_time":"2024-12-09T09:09:55+00:00","og_image":[{"width":2560,"height":2560,"url":"https:\/\/egidimadeinitaly.com\/wp-content\/uploads\/2020\/02\/380B0DA9-15E1-48CA-8467-162E48D4A2FC-scaled-e1723398452785.jpeg","type":"image\/jpeg"}],"schema":{"@context":"https:\/\/schema.org","@graph":[{"@type":"WebPage","@id":"https:\/\/egidimadeinitaly.com\/fr\/negozio\/objets-dart\/objets-dart-modernes\/piero-fornasetti-lampe-camees\/","url":"https:\/\/egidimadeinitaly.com\/fr\/produit\/art-moderne\/objets-dart-modernes\/piero-fornasetti-lampe-camees\/","name":"Piero Fornasetti Lampe Cam\u00e9es - Egidi MadeinItaly","isPartOf":{"@id":"https:\/\/egidimadeinitaly.com\/fr\/#website"},"primaryImageOfPage":{"@id":"https:\/\/egidimadeinitaly.com\/fr\/produit\/art-moderne\/objets-dart-modernes\/piero-fornasetti-lampe-camees\/#primaryimage"},"image":{"@id":"https:\/\/egidimadeinitaly.com\/fr\/produit\/art-moderne\/objets-dart-modernes\/piero-fornasetti-lampe-camees\/#primaryimage"},"thumbnailUrl":"https:\/\/egidimadeinitaly.com\/v25\/wp-content\/uploads\/2020\/02\/380B0DA9-15E1-48CA-8467-162E48D4A2FC-scaled-e1723398452785.jpeg","datePublished":"2020-02-02T14:23:56+00:00","dateModified":"2024-12-09T09:09:55+00:00","description":"Lampe de table Piero Fornasetti Cam\u00e9es. Achetez authentique Fornasetti. Livraison partout dans le monde. Transactions s\u00e9curis\u00e9es.","breadcrumb":{"@id":"https:\/\/egidimadeinitaly.com\/fr\/produit\/art-moderne\/objets-dart-modernes\/piero-fornasetti-lampe-camees\/#breadcrumb"},"inLanguage":"fr-FR","potentialAction":[{"@type":"ReadAction","target":["https:\/\/egidimadeinitaly.com\/fr\/produit\/art-moderne\/objets-dart-modernes\/piero-fornasetti-lampe-camees\/"]}]},{"@type":"ImageObject","inLanguage":"fr-FR","@id":"https:\/\/egidimadeinitaly.com\/fr\/produit\/art-moderne\/objets-dart-modernes\/piero-fornasetti-lampe-camees\/#primaryimage","url":"https:\/\/egidimadeinitaly.com\/v25\/wp-content\/uploads\/2020\/02\/380B0DA9-15E1-48CA-8467-162E48D4A2FC-scaled-e1723398452785.jpeg","contentUrl":"https:\/\/egidimadeinitaly.com\/v25\/wp-content\/uploads\/2020\/02\/380B0DA9-15E1-48CA-8467-162E48D4A2FC-scaled-e1723398452785.jpeg","width":2560,"height":2560,"caption":"Piero Fornasetti Lampe Cam\u00e9es"},{"@type":"BreadcrumbList","@id":"https:\/\/egidimadeinitaly.com\/fr\/produit\/art-moderne\/objets-dart-modernes\/piero-fornasetti-lampe-camees\/#breadcrumb","itemListElement":[{"@type":"ListItem","position":1,"name":"Home","item":"https:\/\/egidimadeinitaly.com\/fr\/"},{"@type":"ListItem","position":2,"name":"Produits","item":"https:\/\/egidimadeinitaly.com\/fr\/shop\/"},{"@type":"ListItem","position":3,"name":"Objets d\u2019art","item":"https:\/\/egidimadeinitaly.com\/fr\/product-category\/objets-dart\/"},{"@type":"ListItem","position":4,"name":"Objets d'art modernes","item":"https:\/\/egidimadeinitaly.com\/fr\/product-category\/objets-dart\/objets-dart-modernes\/"},{"@type":"ListItem","position":5,"name":"Piero Fornasetti Lampe Cam\u00e9es"}]},{"@type":"WebSite","@id":"https:\/\/egidimadeinitaly.com\/fr\/#website","url":"https:\/\/egidimadeinitaly.com\/fr\/","name":"Egidi MadeinItaly","description":"Fine Art","potentialAction":[{"@type":"SearchAction","target":{"@type":"EntryPoint","urlTemplate":"https:\/\/egidimadeinitaly.com\/fr\/?s={search_term_string}"},"query-input":{"@type":"PropertyValueSpecification","valueRequired":true,"valueName":"search_term_string"}}],"inLanguage":"fr-FR"}]}},"_links":{"self":[{"href":"https:\/\/egidimadeinitaly.com\/fr\/wp-json\/wp\/v2\/product\/83318","targetHints":{"allow":["GET"]}}],"collection":[{"href":"https:\/\/egidimadeinitaly.com\/fr\/wp-json\/wp\/v2\/product"}],"about":[{"href":"https:\/\/egidimadeinitaly.com\/fr\/wp-json\/wp\/v2\/types\/product"}],"wp:featuredmedia":[{"embeddable":true,"href":"https:\/\/egidimadeinitaly.com\/fr\/wp-json\/wp\/v2\/media\/93585"}],"wp:attachment":[{"href":"https:\/\/egidimadeinitaly.com\/fr\/wp-json\/wp\/v2\/media?parent=83318"}],"wp:term":[{"taxonomy":"product_brand","embeddable":true,"href":"https:\/\/egidimadeinitaly.com\/fr\/wp-json\/wp\/v2\/product_brand?post=83318"},{"taxonomy":"product_cat","embeddable":true,"href":"https:\/\/egidimadeinitaly.com\/fr\/wp-json\/wp\/v2\/product_cat?post=83318"},{"taxonomy":"product_tag","embeddable":true,"href":"https:\/\/egidimadeinitaly.com\/fr\/wp-json\/wp\/v2\/product_tag?post=83318"}],"curies":[{"name":"wp","href":"https:\/\/api.w.org\/{rel}","templated":true}]}}