{"id":83316,"date":"2020-09-22T15:24:01","date_gmt":"2020-09-22T14:24:01","guid":{"rendered":"https:\/\/egidimadeinitaly.com\/ecomsite\/product\/attilio-pratella-golfo-di-napoli-olio-su-tavola\/"},"modified":"2024-08-05T17:27:08","modified_gmt":"2024-08-05T16:27:08","slug":"attilio-pratella-tableau-huile-sur-bois","status":"publish","type":"product","link":"https:\/\/egidimadeinitaly.com\/fr\/negozio\/art-ancien\/tableaux-anciens-fr\/attilio-pratella-tableau-huile-sur-bois\/","title":{"rendered":"Attilio Pratella Tableau Huile sur Bois"},"content":{"rendered":"<p>Huile sur panneau peinte par l\u2019un des plus grands repr\u00e9sentants de l\u2019<strong>\u00e9cole de Posillipo, Attilio Pratella<\/strong>.<br \/>\nLa petite \u0153uvre repr\u00e9sente un sujet cher \u00e0 <strong>Pratella,<\/strong> des bateaux avec des p\u00eacheurs dans le <strong>Baie de Naples<\/strong>.<br \/>\nSign\u00e9 en bas \u00e0 gauche.<\/p>\n<p><strong>Attilio Pratella<\/strong> est l\u2019un des <strong>peintres<\/strong> les plus importants de cette \u00e9cole dont les fondateurs ont \u00e9t\u00e9 <strong>Antonio Pitloo, Frans Vervloet<\/strong> et <strong>Raeffaele Carelli,<\/strong> suivis de son fr\u00e8re <strong>Consalvo<\/strong>.<\/p>\n<p>Les autres artistes importants de l\u2019<strong>\u00c9cole Posillipo<\/strong> sont <strong>les fr\u00e8res Gigante, Giacinto et Ercole, Gabriele Smargiassi, Pasquale Mattei,<\/strong><\/p>\n<p><strong>Teodoro Ducl\u00e8re, Salvatore et Francesco Fergola, Vincenzo Franceschini,<\/strong> et pour conclure, <strong>Achille Vianelli.<\/strong><\/p>\n","protected":false},"excerpt":{"rendered":"<p>Huile sur panneau par <strong>Attilio Pratella<\/strong>.<\/p>\n<p>&nbsp;<\/p>\n","protected":false},"featured_media":96473,"template":"","meta":{"_acf_changed":false},"product_brand":[],"product_cat":[6374,6408],"product_tag":[5635,5361,6303,5490,5457],"class_list":{"0":"post-83316","1":"product","2":"type-product","3":"status-publish","4":"has-post-thumbnail","6":"product_cat-art-ancien","7":"product_cat-tableaux-anciens-fr","8":"product_tag-art-fr","9":"product_tag-decoration-murale","10":"product_tag-ecole-de-pausillipe","11":"product_tag-marine-fr","12":"product_tag-paysage","13":"product_shipping_class-dhl-fr","15":"first","16":"outofstock","17":"taxable","18":"shipping-taxable","19":"product-type-simple"},"acf":[],"yoast_head":"<!-- This site is optimized with the Yoast SEO Premium plugin v27.3 (Yoast SEO v27.4) - https:\/\/yoast.com\/product\/yoast-seo-premium-wordpress\/ -->\n<title>Attilio Pratella Tableau Huile sur Bois - Egidi MadeinItaly<\/title>\n<meta name=\"description\" content=\"Huile sur bois sign\u00e9 Attilio Pratella (1856-1949) Peintre italien de Marine et Vues. \u00c9cole de Posillipo. En vente sur Egidi MadeinItaly\" \/>\n<meta name=\"robots\" content=\"index, follow, max-snippet:-1, max-image-preview:large, max-video-preview:-1\" \/>\n<link rel=\"canonical\" href=\"https:\/\/egidimadeinitaly.com\/fr\/negozio\/art-ancien\/tableaux-anciens-fr\/attilio-pratella-tableau-huile-sur-bois\/\" \/>\n<meta property=\"og:locale\" content=\"fr_FR\" \/>\n<meta property=\"og:type\" content=\"article\" \/>\n<meta property=\"og:title\" content=\"Attilio Pratella Tableau Huile sur Bois\" \/>\n<meta property=\"og:description\" content=\"Huile sur panneau par Attilio Pratella.  &nbsp;\" \/>\n<meta property=\"og:url\" content=\"https:\/\/egidimadeinitaly.com\/fr\/negozio\/art-ancien\/tableaux-anciens-fr\/attilio-pratella-tableau-huile-sur-bois\/\" \/>\n<meta property=\"og:site_name\" content=\"Egidi MadeinItaly\" \/>\n<meta property=\"article:publisher\" content=\"https:\/\/www.facebook.com\/egidimadeinitaly\/\" \/>\n<meta property=\"article:modified_time\" content=\"2024-08-05T16:27:08+00:00\" \/>\n<meta property=\"og:image\" content=\"https:\/\/egidimadeinitaly.com\/wp-content\/uploads\/2020\/09\/515F69EE-042F-44BE-9CE6-1AB14E570DB3-scaled-e1722616575470.jpeg\" \/>\n\t<meta property=\"og:image:width\" content=\"800\" \/>\n\t<meta property=\"og:image:height\" content=\"800\" \/>\n\t<meta property=\"og:image:type\" content=\"image\/jpeg\" \/>\n<script type=\"application\/ld+json\" class=\"yoast-schema-graph\">{\"@context\":\"https:\\\/\\\/schema.org\",\"@graph\":[{\"@type\":\"WebPage\",\"@id\":\"https:\\\/\\\/egidimadeinitaly.com\\\/fr\\\/negozio\\\/art-ancien\\\/tableaux-anciens-fr\\\/attilio-pratella-tableau-huile-sur-bois\\\/\",\"url\":\"https:\\\/\\\/egidimadeinitaly.com\\\/fr\\\/negozio\\\/art-ancien\\\/tableaux-anciens-fr\\\/attilio-pratella-tableau-huile-sur-bois\\\/\",\"name\":\"Attilio Pratella Tableau Huile sur Bois - Egidi MadeinItaly\",\"isPartOf\":{\"@id\":\"https:\\\/\\\/egidimadeinitaly.com\\\/fr\\\/#website\"},\"primaryImageOfPage\":{\"@id\":\"https:\\\/\\\/egidimadeinitaly.com\\\/fr\\\/negozio\\\/art-ancien\\\/tableaux-anciens-fr\\\/attilio-pratella-tableau-huile-sur-bois\\\/#primaryimage\"},\"image\":{\"@id\":\"https:\\\/\\\/egidimadeinitaly.com\\\/fr\\\/negozio\\\/art-ancien\\\/tableaux-anciens-fr\\\/attilio-pratella-tableau-huile-sur-bois\\\/#primaryimage\"},\"thumbnailUrl\":\"https:\\\/\\\/egidimadeinitaly.com\\\/v25\\\/wp-content\\\/uploads\\\/2020\\\/09\\\/515F69EE-042F-44BE-9CE6-1AB14E570DB3-scaled-e1722616575470.jpeg\",\"datePublished\":\"2020-09-22T14:24:01+00:00\",\"dateModified\":\"2024-08-05T16:27:08+00:00\",\"description\":\"Huile sur bois sign\u00e9 Attilio Pratella (1856-1949) Peintre italien de Marine et Vues. \u00c9cole de Posillipo. En vente sur Egidi MadeinItaly\",\"breadcrumb\":{\"@id\":\"https:\\\/\\\/egidimadeinitaly.com\\\/fr\\\/negozio\\\/art-ancien\\\/tableaux-anciens-fr\\\/attilio-pratella-tableau-huile-sur-bois\\\/#breadcrumb\"},\"inLanguage\":\"fr-FR\",\"potentialAction\":[{\"@type\":\"ReadAction\",\"target\":[\"https:\\\/\\\/egidimadeinitaly.com\\\/fr\\\/negozio\\\/art-ancien\\\/tableaux-anciens-fr\\\/attilio-pratella-tableau-huile-sur-bois\\\/\"]}]},{\"@type\":\"ImageObject\",\"inLanguage\":\"fr-FR\",\"@id\":\"https:\\\/\\\/egidimadeinitaly.com\\\/fr\\\/negozio\\\/art-ancien\\\/tableaux-anciens-fr\\\/attilio-pratella-tableau-huile-sur-bois\\\/#primaryimage\",\"url\":\"https:\\\/\\\/egidimadeinitaly.com\\\/v25\\\/wp-content\\\/uploads\\\/2020\\\/09\\\/515F69EE-042F-44BE-9CE6-1AB14E570DB3-scaled-e1722616575470.jpeg\",\"contentUrl\":\"https:\\\/\\\/egidimadeinitaly.com\\\/v25\\\/wp-content\\\/uploads\\\/2020\\\/09\\\/515F69EE-042F-44BE-9CE6-1AB14E570DB3-scaled-e1722616575470.jpeg\",\"width\":800,\"height\":800,\"caption\":\"Attilio Pratella Egidi Madeinitaly Vente en Ligne de Tableaux Modernes\"},{\"@type\":\"BreadcrumbList\",\"@id\":\"https:\\\/\\\/egidimadeinitaly.com\\\/fr\\\/negozio\\\/art-ancien\\\/tableaux-anciens-fr\\\/attilio-pratella-tableau-huile-sur-bois\\\/#breadcrumb\",\"itemListElement\":[{\"@type\":\"ListItem\",\"position\":1,\"name\":\"Home\",\"item\":\"https:\\\/\\\/egidimadeinitaly.com\\\/fr\\\/\"},{\"@type\":\"ListItem\",\"position\":2,\"name\":\"Produits\",\"item\":\"https:\\\/\\\/egidimadeinitaly.com\\\/fr\\\/shop\\\/\"},{\"@type\":\"ListItem\",\"position\":3,\"name\":\"Art ancien\",\"item\":\"https:\\\/\\\/egidimadeinitaly.com\\\/fr\\\/product-category\\\/art-ancien\\\/\"},{\"@type\":\"ListItem\",\"position\":4,\"name\":\"Tableaux anciens\",\"item\":\"https:\\\/\\\/egidimadeinitaly.com\\\/fr\\\/product-category\\\/art-ancien\\\/tableaux-anciens-fr\\\/\"},{\"@type\":\"ListItem\",\"position\":5,\"name\":\"Attilio Pratella Tableau Huile sur Bois\"}]},{\"@type\":\"WebSite\",\"@id\":\"https:\\\/\\\/egidimadeinitaly.com\\\/fr\\\/#website\",\"url\":\"https:\\\/\\\/egidimadeinitaly.com\\\/fr\\\/\",\"name\":\"Egidi MadeinItaly\",\"description\":\"Fine Art\",\"potentialAction\":[{\"@type\":\"SearchAction\",\"target\":{\"@type\":\"EntryPoint\",\"urlTemplate\":\"https:\\\/\\\/egidimadeinitaly.com\\\/fr\\\/?s={search_term_string}\"},\"query-input\":{\"@type\":\"PropertyValueSpecification\",\"valueRequired\":true,\"valueName\":\"search_term_string\"}}],\"inLanguage\":\"fr-FR\"}]}<\/script>\n<!-- \/ Yoast SEO Premium plugin. -->","yoast_head_json":{"title":"Attilio Pratella Tableau Huile sur Bois - Egidi MadeinItaly","description":"Huile sur bois sign\u00e9 Attilio Pratella (1856-1949) Peintre italien de Marine et Vues. \u00c9cole de Posillipo. En vente sur Egidi MadeinItaly","robots":{"index":"index","follow":"follow","max-snippet":"max-snippet:-1","max-image-preview":"max-image-preview:large","max-video-preview":"max-video-preview:-1"},"canonical":"https:\/\/egidimadeinitaly.com\/fr\/negozio\/art-ancien\/tableaux-anciens-fr\/attilio-pratella-tableau-huile-sur-bois\/","og_locale":"fr_FR","og_type":"article","og_title":"Attilio Pratella Tableau Huile sur Bois","og_description":"Huile sur panneau par Attilio Pratella.  &nbsp;","og_url":"https:\/\/egidimadeinitaly.com\/fr\/negozio\/art-ancien\/tableaux-anciens-fr\/attilio-pratella-tableau-huile-sur-bois\/","og_site_name":"Egidi MadeinItaly","article_publisher":"https:\/\/www.facebook.com\/egidimadeinitaly\/","article_modified_time":"2024-08-05T16:27:08+00:00","og_image":[{"width":800,"height":800,"url":"https:\/\/egidimadeinitaly.com\/wp-content\/uploads\/2020\/09\/515F69EE-042F-44BE-9CE6-1AB14E570DB3-scaled-e1722616575470.jpeg","type":"image\/jpeg"}],"schema":{"@context":"https:\/\/schema.org","@graph":[{"@type":"WebPage","@id":"https:\/\/egidimadeinitaly.com\/fr\/negozio\/art-ancien\/tableaux-anciens-fr\/attilio-pratella-tableau-huile-sur-bois\/","url":"https:\/\/egidimadeinitaly.com\/fr\/negozio\/art-ancien\/tableaux-anciens-fr\/attilio-pratella-tableau-huile-sur-bois\/","name":"Attilio Pratella Tableau Huile sur Bois - Egidi MadeinItaly","isPartOf":{"@id":"https:\/\/egidimadeinitaly.com\/fr\/#website"},"primaryImageOfPage":{"@id":"https:\/\/egidimadeinitaly.com\/fr\/negozio\/art-ancien\/tableaux-anciens-fr\/attilio-pratella-tableau-huile-sur-bois\/#primaryimage"},"image":{"@id":"https:\/\/egidimadeinitaly.com\/fr\/negozio\/art-ancien\/tableaux-anciens-fr\/attilio-pratella-tableau-huile-sur-bois\/#primaryimage"},"thumbnailUrl":"https:\/\/egidimadeinitaly.com\/v25\/wp-content\/uploads\/2020\/09\/515F69EE-042F-44BE-9CE6-1AB14E570DB3-scaled-e1722616575470.jpeg","datePublished":"2020-09-22T14:24:01+00:00","dateModified":"2024-08-05T16:27:08+00:00","description":"Huile sur bois sign\u00e9 Attilio Pratella (1856-1949) Peintre italien de Marine et Vues. \u00c9cole de Posillipo. En vente sur Egidi MadeinItaly","breadcrumb":{"@id":"https:\/\/egidimadeinitaly.com\/fr\/negozio\/art-ancien\/tableaux-anciens-fr\/attilio-pratella-tableau-huile-sur-bois\/#breadcrumb"},"inLanguage":"fr-FR","potentialAction":[{"@type":"ReadAction","target":["https:\/\/egidimadeinitaly.com\/fr\/negozio\/art-ancien\/tableaux-anciens-fr\/attilio-pratella-tableau-huile-sur-bois\/"]}]},{"@type":"ImageObject","inLanguage":"fr-FR","@id":"https:\/\/egidimadeinitaly.com\/fr\/negozio\/art-ancien\/tableaux-anciens-fr\/attilio-pratella-tableau-huile-sur-bois\/#primaryimage","url":"https:\/\/egidimadeinitaly.com\/v25\/wp-content\/uploads\/2020\/09\/515F69EE-042F-44BE-9CE6-1AB14E570DB3-scaled-e1722616575470.jpeg","contentUrl":"https:\/\/egidimadeinitaly.com\/v25\/wp-content\/uploads\/2020\/09\/515F69EE-042F-44BE-9CE6-1AB14E570DB3-scaled-e1722616575470.jpeg","width":800,"height":800,"caption":"Attilio Pratella Egidi Madeinitaly Vente en Ligne de Tableaux Modernes"},{"@type":"BreadcrumbList","@id":"https:\/\/egidimadeinitaly.com\/fr\/negozio\/art-ancien\/tableaux-anciens-fr\/attilio-pratella-tableau-huile-sur-bois\/#breadcrumb","itemListElement":[{"@type":"ListItem","position":1,"name":"Home","item":"https:\/\/egidimadeinitaly.com\/fr\/"},{"@type":"ListItem","position":2,"name":"Produits","item":"https:\/\/egidimadeinitaly.com\/fr\/shop\/"},{"@type":"ListItem","position":3,"name":"Art ancien","item":"https:\/\/egidimadeinitaly.com\/fr\/product-category\/art-ancien\/"},{"@type":"ListItem","position":4,"name":"Tableaux anciens","item":"https:\/\/egidimadeinitaly.com\/fr\/product-category\/art-ancien\/tableaux-anciens-fr\/"},{"@type":"ListItem","position":5,"name":"Attilio Pratella Tableau Huile sur Bois"}]},{"@type":"WebSite","@id":"https:\/\/egidimadeinitaly.com\/fr\/#website","url":"https:\/\/egidimadeinitaly.com\/fr\/","name":"Egidi MadeinItaly","description":"Fine Art","potentialAction":[{"@type":"SearchAction","target":{"@type":"EntryPoint","urlTemplate":"https:\/\/egidimadeinitaly.com\/fr\/?s={search_term_string}"},"query-input":{"@type":"PropertyValueSpecification","valueRequired":true,"valueName":"search_term_string"}}],"inLanguage":"fr-FR"}]}},"_links":{"self":[{"href":"https:\/\/egidimadeinitaly.com\/fr\/wp-json\/wp\/v2\/product\/83316","targetHints":{"allow":["GET"]}}],"collection":[{"href":"https:\/\/egidimadeinitaly.com\/fr\/wp-json\/wp\/v2\/product"}],"about":[{"href":"https:\/\/egidimadeinitaly.com\/fr\/wp-json\/wp\/v2\/types\/product"}],"wp:featuredmedia":[{"embeddable":true,"href":"https:\/\/egidimadeinitaly.com\/fr\/wp-json\/wp\/v2\/media\/96473"}],"wp:attachment":[{"href":"https:\/\/egidimadeinitaly.com\/fr\/wp-json\/wp\/v2\/media?parent=83316"}],"wp:term":[{"taxonomy":"product_brand","embeddable":true,"href":"https:\/\/egidimadeinitaly.com\/fr\/wp-json\/wp\/v2\/product_brand?post=83316"},{"taxonomy":"product_cat","embeddable":true,"href":"https:\/\/egidimadeinitaly.com\/fr\/wp-json\/wp\/v2\/product_cat?post=83316"},{"taxonomy":"product_tag","embeddable":true,"href":"https:\/\/egidimadeinitaly.com\/fr\/wp-json\/wp\/v2\/product_tag?post=83316"}],"curies":[{"name":"wp","href":"https:\/\/api.w.org\/{rel}","templated":true}]}}