{"id":83303,"date":"2020-02-02T15:23:54","date_gmt":"2020-02-02T14:23:54","guid":{"rendered":"https:\/\/egidimadeinitaly.com\/ecomsite\/product\/piero-fornasetti-coppia-pannelli-in-tessuto\/"},"modified":"2021-09-04T14:55:17","modified_gmt":"2021-09-04T14:55:17","slug":"paire-de-panneaux-fornasetti","status":"publish","type":"product","link":"https:\/\/egidimadeinitaly.com\/fr\/negozio\/objets-dart\/objets-dart-modernes\/paire-de-panneaux-fornasetti\/","title":{"rendered":"Piero Fornasetti Paire de Panneaux"},"content":{"rendered":"<div class=\"accordion_content ui-accordion-content ui-helper-reset ui-widget-content ui-corner-bottom ui-accordion-content-active\">\n<div class=\"accordion_content_inner\">\n<p>Le langage de Piero Fornasetti est fait de symboles.<\/p>\n<p>Ses soleils, lunes, visages, sont des renvois permanents \u00e0 l\u2019astronomie et \u00e0 l\u2019anatomie humaine.<\/p>\n<p>Il les change d\u2019\u00e9chelle, les fait prolif\u00e9rer dans l\u2019espace, les diversifie, les d\u00e9cline, les \u00e9tend avec un raffinement ing\u00e9nieux.<\/p>\n<p>Tout ceci est clairement identifiable dans ce tissu.<\/p>\n<p>Da 1947 \u00e0 1961 Fornasetti r\u00e9alise des foulards et des tissus qu\u2019il \u00e9dite \u00e0 plusieurs reprises en tenant compte de la forte demande \u00e0 la fin des ann\u00e9e 80 et qu\u2019\u00e9tant donn\u00e9 le succ\u00e8s, l\u2019Atelier Fornasetti continue d\u2019imprimer.<\/p>\n<p>Parmi les photographies des catalogues Fornasetti nous pouvons apercevoir la publication d\u2019un tissu Soli e Lune qui fut imprim\u00e9 en 1978 \u00e0 Francfort par Taunus en reprenant le mod\u00e8le dessin\u00e9 par Piero Fornasetti dans les ann\u00e9es 50.<\/p>\n<\/div>\n<\/div>\n","protected":false},"excerpt":{"rendered":"<p>Paire de panneaux s\u00e9rie Soli e Lune Piero Fornasetti cadre en verre color\u00e9<\/p>\n","protected":false},"featured_media":84031,"template":"","meta":{"_acf_changed":false},"product_brand":[],"product_cat":[6412,6492],"product_tag":[5422,5361,1254,1691],"class_list":{"0":"post-83303","1":"product","2":"type-product","3":"status-publish","4":"has-post-thumbnail","6":"product_cat-objets-dart-modernes","7":"product_cat-objets-dart","8":"product_tag-annees-70","9":"product_tag-decoration-murale","10":"product_tag-design-italien-fr","11":"product_tag-piero-fornasetti-fr","12":"product_shipping_class-dhl-fr","14":"first","15":"outofstock","16":"shipping-taxable","17":"product-type-simple"},"acf":[],"yoast_head":"<!-- This site is optimized with the Yoast SEO Premium plugin v27.5 (Yoast SEO v27.6) - https:\/\/yoast.com\/product\/yoast-seo-premium-wordpress\/ -->\n<title>Piero Fornasetti Paire de Panneaux - Egidi MadeinItaly<\/title>\n<meta name=\"description\" content=\"Achetez Paire de Panneaux Fornasetti. Chiner sur Egidi MadeinItaly Ecommerce. Soli et Lune Fornasetti Livraison partout dans le monde.Transaction s\u00e9curis\u00e9e.\" \/>\n<meta name=\"robots\" content=\"index, follow, max-snippet:-1, max-image-preview:large, max-video-preview:-1\" \/>\n<link rel=\"canonical\" href=\"https:\/\/egidimadeinitaly.com\/fr\/negozio\/objets-dart\/objets-dart-modernes\/paire-de-panneaux-fornasetti\/\" \/>\n<meta property=\"og:locale\" content=\"fr_FR\" \/>\n<meta property=\"og:type\" content=\"article\" \/>\n<meta property=\"og:title\" content=\"Piero Fornasetti Paire de Panneaux\" \/>\n<meta property=\"og:description\" content=\"Paire de panneaux s\u00e9rie Soli e Lune Piero Fornasetti cadre en verre color\u00e9\" \/>\n<meta property=\"og:url\" content=\"https:\/\/egidimadeinitaly.com\/fr\/negozio\/objets-dart\/objets-dart-modernes\/paire-de-panneaux-fornasetti\/\" \/>\n<meta property=\"og:site_name\" content=\"Egidi MadeinItaly\" \/>\n<meta property=\"article:publisher\" content=\"https:\/\/www.facebook.com\/egidimadeinitaly\/\" \/>\n<meta property=\"article:modified_time\" content=\"2021-09-04T14:55:17+00:00\" \/>\n<meta property=\"og:image\" content=\"https:\/\/egidimadeinitaly.com\/wp-content\/uploads\/2020\/02\/piero_fornasetti_coppia_pannelli_in_tessuto-e1670579563540.jpg\" \/>\n\t<meta property=\"og:image:width\" content=\"2000\" \/>\n\t<meta property=\"og:image:height\" content=\"1333\" \/>\n\t<meta property=\"og:image:type\" content=\"image\/jpeg\" \/>\n<script type=\"application\/ld+json\" class=\"yoast-schema-graph\">{\"@context\":\"https:\\\/\\\/schema.org\",\"@graph\":[{\"@type\":\"WebPage\",\"@id\":\"https:\\\/\\\/egidimadeinitaly.com\\\/fr\\\/negozio\\\/objets-dart\\\/objets-dart-modernes\\\/paire-de-panneaux-fornasetti\\\/\",\"url\":\"https:\\\/\\\/egidimadeinitaly.com\\\/fr\\\/negozio\\\/objets-dart\\\/objets-dart-modernes\\\/paire-de-panneaux-fornasetti\\\/\",\"name\":\"Piero Fornasetti Paire de Panneaux - Egidi MadeinItaly\",\"isPartOf\":{\"@id\":\"https:\\\/\\\/egidimadeinitaly.com\\\/fr\\\/#website\"},\"primaryImageOfPage\":{\"@id\":\"https:\\\/\\\/egidimadeinitaly.com\\\/fr\\\/negozio\\\/objets-dart\\\/objets-dart-modernes\\\/paire-de-panneaux-fornasetti\\\/#primaryimage\"},\"image\":{\"@id\":\"https:\\\/\\\/egidimadeinitaly.com\\\/fr\\\/negozio\\\/objets-dart\\\/objets-dart-modernes\\\/paire-de-panneaux-fornasetti\\\/#primaryimage\"},\"thumbnailUrl\":\"https:\\\/\\\/egidimadeinitaly.com\\\/v25\\\/wp-content\\\/uploads\\\/2020\\\/02\\\/piero_fornasetti_coppia_pannelli_in_tessuto-e1670579563540.jpg\",\"datePublished\":\"2020-02-02T14:23:54+00:00\",\"dateModified\":\"2021-09-04T14:55:17+00:00\",\"description\":\"Achetez Paire de Panneaux Fornasetti. Chiner sur Egidi MadeinItaly Ecommerce. Soli et Lune Fornasetti Livraison partout dans le monde.Transaction s\u00e9curis\u00e9e.\",\"breadcrumb\":{\"@id\":\"https:\\\/\\\/egidimadeinitaly.com\\\/fr\\\/negozio\\\/objets-dart\\\/objets-dart-modernes\\\/paire-de-panneaux-fornasetti\\\/#breadcrumb\"},\"inLanguage\":\"fr-FR\",\"potentialAction\":[{\"@type\":\"ReadAction\",\"target\":[\"https:\\\/\\\/egidimadeinitaly.com\\\/fr\\\/negozio\\\/objets-dart\\\/objets-dart-modernes\\\/paire-de-panneaux-fornasetti\\\/\"]}]},{\"@type\":\"ImageObject\",\"inLanguage\":\"fr-FR\",\"@id\":\"https:\\\/\\\/egidimadeinitaly.com\\\/fr\\\/negozio\\\/objets-dart\\\/objets-dart-modernes\\\/paire-de-panneaux-fornasetti\\\/#primaryimage\",\"url\":\"https:\\\/\\\/egidimadeinitaly.com\\\/v25\\\/wp-content\\\/uploads\\\/2020\\\/02\\\/piero_fornasetti_coppia_pannelli_in_tessuto-e1670579563540.jpg\",\"contentUrl\":\"https:\\\/\\\/egidimadeinitaly.com\\\/v25\\\/wp-content\\\/uploads\\\/2020\\\/02\\\/piero_fornasetti_coppia_pannelli_in_tessuto-e1670579563540.jpg\",\"width\":2000,\"height\":1333,\"caption\":\"Deux Panneaux Piero Fornasetti Ann\u00e9es 80Sign\u00e9es\"},{\"@type\":\"BreadcrumbList\",\"@id\":\"https:\\\/\\\/egidimadeinitaly.com\\\/fr\\\/negozio\\\/objets-dart\\\/objets-dart-modernes\\\/paire-de-panneaux-fornasetti\\\/#breadcrumb\",\"itemListElement\":[{\"@type\":\"ListItem\",\"position\":1,\"name\":\"Home\",\"item\":\"https:\\\/\\\/egidimadeinitaly.com\\\/fr\\\/\"},{\"@type\":\"ListItem\",\"position\":2,\"name\":\"Produits\",\"item\":\"https:\\\/\\\/egidimadeinitaly.com\\\/fr\\\/shop\\\/\"},{\"@type\":\"ListItem\",\"position\":3,\"name\":\"Objets d\u2019art\",\"item\":\"https:\\\/\\\/egidimadeinitaly.com\\\/fr\\\/product-category\\\/objets-dart\\\/\"},{\"@type\":\"ListItem\",\"position\":4,\"name\":\"Objets d'art modernes\",\"item\":\"https:\\\/\\\/egidimadeinitaly.com\\\/fr\\\/product-category\\\/objets-dart\\\/objets-dart-modernes\\\/\"},{\"@type\":\"ListItem\",\"position\":5,\"name\":\"Piero Fornasetti Paire de Panneaux\"}]},{\"@type\":\"WebSite\",\"@id\":\"https:\\\/\\\/egidimadeinitaly.com\\\/fr\\\/#website\",\"url\":\"https:\\\/\\\/egidimadeinitaly.com\\\/fr\\\/\",\"name\":\"Egidi MadeinItaly\",\"description\":\"Fine Art\",\"potentialAction\":[{\"@type\":\"SearchAction\",\"target\":{\"@type\":\"EntryPoint\",\"urlTemplate\":\"https:\\\/\\\/egidimadeinitaly.com\\\/fr\\\/?s={search_term_string}\"},\"query-input\":{\"@type\":\"PropertyValueSpecification\",\"valueRequired\":true,\"valueName\":\"search_term_string\"}}],\"inLanguage\":\"fr-FR\"}]}<\/script>\n<!-- \/ Yoast SEO Premium plugin. -->","yoast_head_json":{"title":"Piero Fornasetti Paire de Panneaux - Egidi MadeinItaly","description":"Achetez Paire de Panneaux Fornasetti. Chiner sur Egidi MadeinItaly Ecommerce. Soli et Lune Fornasetti Livraison partout dans le monde.Transaction s\u00e9curis\u00e9e.","robots":{"index":"index","follow":"follow","max-snippet":"max-snippet:-1","max-image-preview":"max-image-preview:large","max-video-preview":"max-video-preview:-1"},"canonical":"https:\/\/egidimadeinitaly.com\/fr\/negozio\/objets-dart\/objets-dart-modernes\/paire-de-panneaux-fornasetti\/","og_locale":"fr_FR","og_type":"article","og_title":"Piero Fornasetti Paire de Panneaux","og_description":"Paire de panneaux s\u00e9rie Soli e Lune Piero Fornasetti cadre en verre color\u00e9","og_url":"https:\/\/egidimadeinitaly.com\/fr\/negozio\/objets-dart\/objets-dart-modernes\/paire-de-panneaux-fornasetti\/","og_site_name":"Egidi MadeinItaly","article_publisher":"https:\/\/www.facebook.com\/egidimadeinitaly\/","article_modified_time":"2021-09-04T14:55:17+00:00","og_image":[{"width":2000,"height":1333,"url":"https:\/\/egidimadeinitaly.com\/wp-content\/uploads\/2020\/02\/piero_fornasetti_coppia_pannelli_in_tessuto-e1670579563540.jpg","type":"image\/jpeg"}],"schema":{"@context":"https:\/\/schema.org","@graph":[{"@type":"WebPage","@id":"https:\/\/egidimadeinitaly.com\/fr\/negozio\/objets-dart\/objets-dart-modernes\/paire-de-panneaux-fornasetti\/","url":"https:\/\/egidimadeinitaly.com\/fr\/negozio\/objets-dart\/objets-dart-modernes\/paire-de-panneaux-fornasetti\/","name":"Piero Fornasetti Paire de Panneaux - Egidi MadeinItaly","isPartOf":{"@id":"https:\/\/egidimadeinitaly.com\/fr\/#website"},"primaryImageOfPage":{"@id":"https:\/\/egidimadeinitaly.com\/fr\/negozio\/objets-dart\/objets-dart-modernes\/paire-de-panneaux-fornasetti\/#primaryimage"},"image":{"@id":"https:\/\/egidimadeinitaly.com\/fr\/negozio\/objets-dart\/objets-dart-modernes\/paire-de-panneaux-fornasetti\/#primaryimage"},"thumbnailUrl":"https:\/\/egidimadeinitaly.com\/v25\/wp-content\/uploads\/2020\/02\/piero_fornasetti_coppia_pannelli_in_tessuto-e1670579563540.jpg","datePublished":"2020-02-02T14:23:54+00:00","dateModified":"2021-09-04T14:55:17+00:00","description":"Achetez Paire de Panneaux Fornasetti. Chiner sur Egidi MadeinItaly Ecommerce. Soli et Lune Fornasetti Livraison partout dans le monde.Transaction s\u00e9curis\u00e9e.","breadcrumb":{"@id":"https:\/\/egidimadeinitaly.com\/fr\/negozio\/objets-dart\/objets-dart-modernes\/paire-de-panneaux-fornasetti\/#breadcrumb"},"inLanguage":"fr-FR","potentialAction":[{"@type":"ReadAction","target":["https:\/\/egidimadeinitaly.com\/fr\/negozio\/objets-dart\/objets-dart-modernes\/paire-de-panneaux-fornasetti\/"]}]},{"@type":"ImageObject","inLanguage":"fr-FR","@id":"https:\/\/egidimadeinitaly.com\/fr\/negozio\/objets-dart\/objets-dart-modernes\/paire-de-panneaux-fornasetti\/#primaryimage","url":"https:\/\/egidimadeinitaly.com\/v25\/wp-content\/uploads\/2020\/02\/piero_fornasetti_coppia_pannelli_in_tessuto-e1670579563540.jpg","contentUrl":"https:\/\/egidimadeinitaly.com\/v25\/wp-content\/uploads\/2020\/02\/piero_fornasetti_coppia_pannelli_in_tessuto-e1670579563540.jpg","width":2000,"height":1333,"caption":"Deux Panneaux Piero Fornasetti Ann\u00e9es 80Sign\u00e9es"},{"@type":"BreadcrumbList","@id":"https:\/\/egidimadeinitaly.com\/fr\/negozio\/objets-dart\/objets-dart-modernes\/paire-de-panneaux-fornasetti\/#breadcrumb","itemListElement":[{"@type":"ListItem","position":1,"name":"Home","item":"https:\/\/egidimadeinitaly.com\/fr\/"},{"@type":"ListItem","position":2,"name":"Produits","item":"https:\/\/egidimadeinitaly.com\/fr\/shop\/"},{"@type":"ListItem","position":3,"name":"Objets d\u2019art","item":"https:\/\/egidimadeinitaly.com\/fr\/product-category\/objets-dart\/"},{"@type":"ListItem","position":4,"name":"Objets d'art modernes","item":"https:\/\/egidimadeinitaly.com\/fr\/product-category\/objets-dart\/objets-dart-modernes\/"},{"@type":"ListItem","position":5,"name":"Piero Fornasetti Paire de Panneaux"}]},{"@type":"WebSite","@id":"https:\/\/egidimadeinitaly.com\/fr\/#website","url":"https:\/\/egidimadeinitaly.com\/fr\/","name":"Egidi MadeinItaly","description":"Fine Art","potentialAction":[{"@type":"SearchAction","target":{"@type":"EntryPoint","urlTemplate":"https:\/\/egidimadeinitaly.com\/fr\/?s={search_term_string}"},"query-input":{"@type":"PropertyValueSpecification","valueRequired":true,"valueName":"search_term_string"}}],"inLanguage":"fr-FR"}]}},"_links":{"self":[{"href":"https:\/\/egidimadeinitaly.com\/fr\/wp-json\/wp\/v2\/product\/83303","targetHints":{"allow":["GET"]}}],"collection":[{"href":"https:\/\/egidimadeinitaly.com\/fr\/wp-json\/wp\/v2\/product"}],"about":[{"href":"https:\/\/egidimadeinitaly.com\/fr\/wp-json\/wp\/v2\/types\/product"}],"wp:featuredmedia":[{"embeddable":true,"href":"https:\/\/egidimadeinitaly.com\/fr\/wp-json\/wp\/v2\/media\/84031"}],"wp:attachment":[{"href":"https:\/\/egidimadeinitaly.com\/fr\/wp-json\/wp\/v2\/media?parent=83303"}],"wp:term":[{"taxonomy":"product_brand","embeddable":true,"href":"https:\/\/egidimadeinitaly.com\/fr\/wp-json\/wp\/v2\/product_brand?post=83303"},{"taxonomy":"product_cat","embeddable":true,"href":"https:\/\/egidimadeinitaly.com\/fr\/wp-json\/wp\/v2\/product_cat?post=83303"},{"taxonomy":"product_tag","embeddable":true,"href":"https:\/\/egidimadeinitaly.com\/fr\/wp-json\/wp\/v2\/product_tag?post=83303"}],"curies":[{"name":"wp","href":"https:\/\/api.w.org\/{rel}","templated":true}]}}