{"id":83300,"date":"2020-02-02T15:23:54","date_gmt":"2020-02-02T14:23:54","guid":{"rendered":"https:\/\/egidimadeinitaly.com\/ecomsite\/product\/klavdij-sluban-fotografia-ucraina-1989\/"},"modified":"2024-11-28T18:29:23","modified_gmt":"2024-11-28T17:29:23","slug":"photo-signee-klavdij-sluban","status":"publish","type":"product","link":"https:\/\/egidimadeinitaly.com\/fr\/negozio\/art-moderne\/oeuvres-modernes-sur-papiers\/photo-signee-klavdij-sluban\/","title":{"rendered":"Photo Sign\u00e9e Klavdij Sluban Ann\u00e9es 90"},"content":{"rendered":"<div class=\"accordion_content ui-accordion-content ui-helper-reset ui-widget-content ui-corner-bottom ui-accordion-content-active\">\n<div class=\"accordion_content_inner\">\n<p>D\u2019 origine slov\u00e8ne, Klavdij Sluban est n\u00e9 \u00e0 Paris en 1963. Il d\u00e9veloppe un corps rigoureux et coh\u00e9rent du travail, nourri de litt\u00e9rature, faisant de lui un des photographes plus int\u00e9ressants de sa g\u00e9n\u00e9ration.<\/p>\n<p>Les Balkans, la mer Noire, la mer Baltique, aux Cara\u00efbes, Am\u00e9rique centrale, Russie, Chine et l\u2019Antarctique sont pris en photo par notre artiste.<\/p>\n<p>Il a expos\u00e9 dans des grandes institutions comme le Metropolitan Museum of Photography de Tokyo, la Maison Europ\u00e9enne de la Photographie \u00e0 Paris, les Rencontres d\u2019Arles, le Mus\u00e9e de la photographie \u00e0 Helsinki, le Mus\u00e9e des beaux-arts de Canton, le Mus\u00e9e Beaubourg, le Museum of Texas Tech University\u2026<\/p>\n<p>Ses nombreux livres incluent East East (publi\u00e9 simultan\u00e9ment par Actes Sud, Dewi Lewis, Petliti, Braus, Apeiron &amp; Lunwerg avec un texte de Erri de Luca), Entre Parenth\u00e8ses, (Photo Poche, Actes Sud), Transverses, (Maison Europ\u00e9enne de la Photographie) et Balkans \u2013 Transport en commun, avec un texte de Fran\u00e7ois Maspero<\/p>\n<p>&nbsp;<\/p>\n<p>En 1963 vainqueur de l\u2019European Publishers Award for Photography 2009,<br \/>\ndu prix Leica (2004) et du prix Ni\u00e9pce (2000), les principaux prix Fran\u00e7ais de photographie.<\/p>\n<\/div>\n<\/div>\n","protected":false},"excerpt":{"rendered":"<p>D\u2019 origine slov\u00e8ne, Klavdij Sluban est n\u00e9 \u00e0 Paris en 1963<\/p>\n","protected":false},"featured_media":84010,"template":"","meta":{"_acf_changed":false},"product_brand":[],"product_cat":[6377,6414],"product_tag":[5391,5361,5306,5287],"class_list":{"0":"post-83300","1":"product","2":"type-product","3":"status-publish","4":"has-post-thumbnail","6":"product_cat-art-moderne","7":"product_cat-oeuvres-modernes-sur-papiers","8":"product_tag-annees-80","9":"product_tag-decoration-murale","10":"product_tag-objets-de-collection","11":"product_tag-photos","12":"product_shipping_class-dhl-fr","14":"first","15":"outofstock","16":"shipping-taxable","17":"product-type-simple"},"acf":[],"yoast_head":"<!-- This site is optimized with the Yoast SEO Premium plugin v27.3 (Yoast SEO v27.4) - https:\/\/yoast.com\/product\/yoast-seo-premium-wordpress\/ -->\n<title>Photo Sign\u00e9e Klavdij Sluban Ann\u00e9es 90 - Egidi MadeinItaly<\/title>\n<meta name=\"description\" content=\"Une des oeuvre du photographe Klavdji Sluban sign\u00e9e &quot;Autour la mer Noire- Voyage d\u2019hiver&quot; Ukraine 1998\" \/>\n<meta name=\"robots\" content=\"index, follow, max-snippet:-1, max-image-preview:large, max-video-preview:-1\" \/>\n<link rel=\"canonical\" href=\"https:\/\/egidimadeinitaly.com\/fr\/produit\/art-moderne\/oeuvres-modernes-sur-papiers\/photo-signee-klavdij-sluban\/\" \/>\n<meta property=\"og:locale\" content=\"fr_FR\" \/>\n<meta property=\"og:type\" content=\"article\" \/>\n<meta property=\"og:title\" content=\"Photo Sign\u00e9e Klavdij Sluban Ann\u00e9es 90\" \/>\n<meta property=\"og:description\" content=\"D\u2019 origine slov\u00e8ne, Klavdij Sluban est n\u00e9 \u00e0 Paris en 1963\" \/>\n<meta property=\"og:url\" content=\"https:\/\/egidimadeinitaly.com\/fr\/produit\/art-moderne\/oeuvres-modernes-sur-papiers\/photo-signee-klavdij-sluban\/\" \/>\n<meta property=\"og:site_name\" content=\"Egidi MadeinItaly\" \/>\n<meta property=\"article:publisher\" content=\"https:\/\/www.facebook.com\/egidimadeinitaly\/\" \/>\n<meta property=\"article:modified_time\" content=\"2024-11-28T17:29:23+00:00\" \/>\n<meta property=\"og:image\" content=\"https:\/\/egidimadeinitaly.com\/wp-content\/uploads\/2020\/02\/klavdij_sluban_fotografia_ucraina_1989-e1670579640716.jpg\" \/>\n\t<meta property=\"og:image:width\" content=\"1500\" \/>\n\t<meta property=\"og:image:height\" content=\"1000\" \/>\n\t<meta property=\"og:image:type\" content=\"image\/jpeg\" \/>\n<script type=\"application\/ld+json\" class=\"yoast-schema-graph\">{\"@context\":\"https:\\\/\\\/schema.org\",\"@graph\":[{\"@type\":\"WebPage\",\"@id\":\"https:\\\/\\\/egidimadeinitaly.com\\\/fr\\\/negozio\\\/art-moderne\\\/oeuvres-modernes-sur-papiers\\\/photo-signee-klavdij-sluban\\\/\",\"url\":\"https:\\\/\\\/egidimadeinitaly.com\\\/fr\\\/produit\\\/art-moderne\\\/oeuvres-modernes-sur-papiers\\\/photo-signee-klavdij-sluban\\\/\",\"name\":\"Photo Sign\u00e9e Klavdij Sluban Ann\u00e9es 90 - Egidi MadeinItaly\",\"isPartOf\":{\"@id\":\"https:\\\/\\\/egidimadeinitaly.com\\\/fr\\\/#website\"},\"primaryImageOfPage\":{\"@id\":\"https:\\\/\\\/egidimadeinitaly.com\\\/fr\\\/produit\\\/art-moderne\\\/oeuvres-modernes-sur-papiers\\\/photo-signee-klavdij-sluban\\\/#primaryimage\"},\"image\":{\"@id\":\"https:\\\/\\\/egidimadeinitaly.com\\\/fr\\\/produit\\\/art-moderne\\\/oeuvres-modernes-sur-papiers\\\/photo-signee-klavdij-sluban\\\/#primaryimage\"},\"thumbnailUrl\":\"https:\\\/\\\/egidimadeinitaly.com\\\/v25\\\/wp-content\\\/uploads\\\/2020\\\/02\\\/klavdij_sluban_fotografia_ucraina_1989-e1670579640716.jpg\",\"datePublished\":\"2020-02-02T14:23:54+00:00\",\"dateModified\":\"2024-11-28T17:29:23+00:00\",\"description\":\"Une des oeuvre du photographe Klavdji Sluban sign\u00e9e \\\"Autour la mer Noire- Voyage d\u2019hiver\\\" Ukraine 1998\",\"breadcrumb\":{\"@id\":\"https:\\\/\\\/egidimadeinitaly.com\\\/fr\\\/produit\\\/art-moderne\\\/oeuvres-modernes-sur-papiers\\\/photo-signee-klavdij-sluban\\\/#breadcrumb\"},\"inLanguage\":\"fr-FR\",\"potentialAction\":[{\"@type\":\"ReadAction\",\"target\":[\"https:\\\/\\\/egidimadeinitaly.com\\\/fr\\\/produit\\\/art-moderne\\\/oeuvres-modernes-sur-papiers\\\/photo-signee-klavdij-sluban\\\/\"]}]},{\"@type\":\"ImageObject\",\"inLanguage\":\"fr-FR\",\"@id\":\"https:\\\/\\\/egidimadeinitaly.com\\\/fr\\\/produit\\\/art-moderne\\\/oeuvres-modernes-sur-papiers\\\/photo-signee-klavdij-sluban\\\/#primaryimage\",\"url\":\"https:\\\/\\\/egidimadeinitaly.com\\\/v25\\\/wp-content\\\/uploads\\\/2020\\\/02\\\/klavdij_sluban_fotografia_ucraina_1989-e1670579640716.jpg\",\"contentUrl\":\"https:\\\/\\\/egidimadeinitaly.com\\\/v25\\\/wp-content\\\/uploads\\\/2020\\\/02\\\/klavdij_sluban_fotografia_ucraina_1989-e1670579640716.jpg\",\"width\":1500,\"height\":1000,\"caption\":\"Photo Sign\u00e9e Klavdij Sluban\"},{\"@type\":\"BreadcrumbList\",\"@id\":\"https:\\\/\\\/egidimadeinitaly.com\\\/fr\\\/produit\\\/art-moderne\\\/oeuvres-modernes-sur-papiers\\\/photo-signee-klavdij-sluban\\\/#breadcrumb\",\"itemListElement\":[{\"@type\":\"ListItem\",\"position\":1,\"name\":\"Home\",\"item\":\"https:\\\/\\\/egidimadeinitaly.com\\\/fr\\\/\"},{\"@type\":\"ListItem\",\"position\":2,\"name\":\"Produits\",\"item\":\"https:\\\/\\\/egidimadeinitaly.com\\\/fr\\\/shop\\\/\"},{\"@type\":\"ListItem\",\"position\":3,\"name\":\"Art moderne\",\"item\":\"https:\\\/\\\/egidimadeinitaly.com\\\/fr\\\/product-category\\\/art-moderne\\\/\"},{\"@type\":\"ListItem\",\"position\":4,\"name\":\"\u0152uvres modernes sur papiers\",\"item\":\"https:\\\/\\\/egidimadeinitaly.com\\\/fr\\\/product-category\\\/art-moderne\\\/oeuvres-modernes-sur-papiers\\\/\"},{\"@type\":\"ListItem\",\"position\":5,\"name\":\"Photo Sign\u00e9e Klavdij Sluban Ann\u00e9es 90\"}]},{\"@type\":\"WebSite\",\"@id\":\"https:\\\/\\\/egidimadeinitaly.com\\\/fr\\\/#website\",\"url\":\"https:\\\/\\\/egidimadeinitaly.com\\\/fr\\\/\",\"name\":\"Egidi MadeinItaly\",\"description\":\"Fine Art\",\"potentialAction\":[{\"@type\":\"SearchAction\",\"target\":{\"@type\":\"EntryPoint\",\"urlTemplate\":\"https:\\\/\\\/egidimadeinitaly.com\\\/fr\\\/?s={search_term_string}\"},\"query-input\":{\"@type\":\"PropertyValueSpecification\",\"valueRequired\":true,\"valueName\":\"search_term_string\"}}],\"inLanguage\":\"fr-FR\"}]}<\/script>\n<!-- \/ Yoast SEO Premium plugin. -->","yoast_head_json":{"title":"Photo Sign\u00e9e Klavdij Sluban Ann\u00e9es 90 - Egidi MadeinItaly","description":"Une des oeuvre du photographe Klavdji Sluban sign\u00e9e \"Autour la mer Noire- Voyage d\u2019hiver\" Ukraine 1998","robots":{"index":"index","follow":"follow","max-snippet":"max-snippet:-1","max-image-preview":"max-image-preview:large","max-video-preview":"max-video-preview:-1"},"canonical":"https:\/\/egidimadeinitaly.com\/fr\/produit\/art-moderne\/oeuvres-modernes-sur-papiers\/photo-signee-klavdij-sluban\/","og_locale":"fr_FR","og_type":"article","og_title":"Photo Sign\u00e9e Klavdij Sluban Ann\u00e9es 90","og_description":"D\u2019 origine slov\u00e8ne, Klavdij Sluban est n\u00e9 \u00e0 Paris en 1963","og_url":"https:\/\/egidimadeinitaly.com\/fr\/produit\/art-moderne\/oeuvres-modernes-sur-papiers\/photo-signee-klavdij-sluban\/","og_site_name":"Egidi MadeinItaly","article_publisher":"https:\/\/www.facebook.com\/egidimadeinitaly\/","article_modified_time":"2024-11-28T17:29:23+00:00","og_image":[{"width":1500,"height":1000,"url":"https:\/\/egidimadeinitaly.com\/wp-content\/uploads\/2020\/02\/klavdij_sluban_fotografia_ucraina_1989-e1670579640716.jpg","type":"image\/jpeg"}],"schema":{"@context":"https:\/\/schema.org","@graph":[{"@type":"WebPage","@id":"https:\/\/egidimadeinitaly.com\/fr\/negozio\/art-moderne\/oeuvres-modernes-sur-papiers\/photo-signee-klavdij-sluban\/","url":"https:\/\/egidimadeinitaly.com\/fr\/produit\/art-moderne\/oeuvres-modernes-sur-papiers\/photo-signee-klavdij-sluban\/","name":"Photo Sign\u00e9e Klavdij Sluban Ann\u00e9es 90 - Egidi MadeinItaly","isPartOf":{"@id":"https:\/\/egidimadeinitaly.com\/fr\/#website"},"primaryImageOfPage":{"@id":"https:\/\/egidimadeinitaly.com\/fr\/produit\/art-moderne\/oeuvres-modernes-sur-papiers\/photo-signee-klavdij-sluban\/#primaryimage"},"image":{"@id":"https:\/\/egidimadeinitaly.com\/fr\/produit\/art-moderne\/oeuvres-modernes-sur-papiers\/photo-signee-klavdij-sluban\/#primaryimage"},"thumbnailUrl":"https:\/\/egidimadeinitaly.com\/v25\/wp-content\/uploads\/2020\/02\/klavdij_sluban_fotografia_ucraina_1989-e1670579640716.jpg","datePublished":"2020-02-02T14:23:54+00:00","dateModified":"2024-11-28T17:29:23+00:00","description":"Une des oeuvre du photographe Klavdji Sluban sign\u00e9e \"Autour la mer Noire- Voyage d\u2019hiver\" Ukraine 1998","breadcrumb":{"@id":"https:\/\/egidimadeinitaly.com\/fr\/produit\/art-moderne\/oeuvres-modernes-sur-papiers\/photo-signee-klavdij-sluban\/#breadcrumb"},"inLanguage":"fr-FR","potentialAction":[{"@type":"ReadAction","target":["https:\/\/egidimadeinitaly.com\/fr\/produit\/art-moderne\/oeuvres-modernes-sur-papiers\/photo-signee-klavdij-sluban\/"]}]},{"@type":"ImageObject","inLanguage":"fr-FR","@id":"https:\/\/egidimadeinitaly.com\/fr\/produit\/art-moderne\/oeuvres-modernes-sur-papiers\/photo-signee-klavdij-sluban\/#primaryimage","url":"https:\/\/egidimadeinitaly.com\/v25\/wp-content\/uploads\/2020\/02\/klavdij_sluban_fotografia_ucraina_1989-e1670579640716.jpg","contentUrl":"https:\/\/egidimadeinitaly.com\/v25\/wp-content\/uploads\/2020\/02\/klavdij_sluban_fotografia_ucraina_1989-e1670579640716.jpg","width":1500,"height":1000,"caption":"Photo Sign\u00e9e Klavdij Sluban"},{"@type":"BreadcrumbList","@id":"https:\/\/egidimadeinitaly.com\/fr\/produit\/art-moderne\/oeuvres-modernes-sur-papiers\/photo-signee-klavdij-sluban\/#breadcrumb","itemListElement":[{"@type":"ListItem","position":1,"name":"Home","item":"https:\/\/egidimadeinitaly.com\/fr\/"},{"@type":"ListItem","position":2,"name":"Produits","item":"https:\/\/egidimadeinitaly.com\/fr\/shop\/"},{"@type":"ListItem","position":3,"name":"Art moderne","item":"https:\/\/egidimadeinitaly.com\/fr\/product-category\/art-moderne\/"},{"@type":"ListItem","position":4,"name":"\u0152uvres modernes sur papiers","item":"https:\/\/egidimadeinitaly.com\/fr\/product-category\/art-moderne\/oeuvres-modernes-sur-papiers\/"},{"@type":"ListItem","position":5,"name":"Photo Sign\u00e9e Klavdij Sluban Ann\u00e9es 90"}]},{"@type":"WebSite","@id":"https:\/\/egidimadeinitaly.com\/fr\/#website","url":"https:\/\/egidimadeinitaly.com\/fr\/","name":"Egidi MadeinItaly","description":"Fine Art","potentialAction":[{"@type":"SearchAction","target":{"@type":"EntryPoint","urlTemplate":"https:\/\/egidimadeinitaly.com\/fr\/?s={search_term_string}"},"query-input":{"@type":"PropertyValueSpecification","valueRequired":true,"valueName":"search_term_string"}}],"inLanguage":"fr-FR"}]}},"_links":{"self":[{"href":"https:\/\/egidimadeinitaly.com\/fr\/wp-json\/wp\/v2\/product\/83300","targetHints":{"allow":["GET"]}}],"collection":[{"href":"https:\/\/egidimadeinitaly.com\/fr\/wp-json\/wp\/v2\/product"}],"about":[{"href":"https:\/\/egidimadeinitaly.com\/fr\/wp-json\/wp\/v2\/types\/product"}],"wp:featuredmedia":[{"embeddable":true,"href":"https:\/\/egidimadeinitaly.com\/fr\/wp-json\/wp\/v2\/media\/84010"}],"wp:attachment":[{"href":"https:\/\/egidimadeinitaly.com\/fr\/wp-json\/wp\/v2\/media?parent=83300"}],"wp:term":[{"taxonomy":"product_brand","embeddable":true,"href":"https:\/\/egidimadeinitaly.com\/fr\/wp-json\/wp\/v2\/product_brand?post=83300"},{"taxonomy":"product_cat","embeddable":true,"href":"https:\/\/egidimadeinitaly.com\/fr\/wp-json\/wp\/v2\/product_cat?post=83300"},{"taxonomy":"product_tag","embeddable":true,"href":"https:\/\/egidimadeinitaly.com\/fr\/wp-json\/wp\/v2\/product_tag?post=83300"}],"curies":[{"name":"wp","href":"https:\/\/api.w.org\/{rel}","templated":true}]}}