{"id":83298,"date":"2020-02-02T15:23:49","date_gmt":"2020-02-02T14:23:49","guid":{"rendered":"https:\/\/egidimadeinitaly.com\/ecomsite\/product\/quadro-futurista-olio-su-tavola-italia-1900\/"},"modified":"2021-07-21T13:13:22","modified_gmt":"2021-07-21T13:13:22","slug":"tableau-huile-sur-bois","status":"publish","type":"product","link":"https:\/\/egidimadeinitaly.com\/fr\/negozio\/art-moderne\/tableaux-modernes-fr\/tableau-huile-sur-bois\/","title":{"rendered":"Tableau Italien Futuriste Huile sur Bois"},"content":{"rendered":"<div class=\"accordion_content ui-accordion-content ui-helper-reset ui-widget-content ui-corner-bottom ui-accordion-content-active\">\n<div class=\"accordion_content_inner\">\n<p>\u201c<em>La ville qui p\u00e8se\u201d\u00a0<\/em>est le titre que l\u2019artiste lui-m\u00eame a donn\u00e9 \u00e0 son \u0153uvre, titre\u00a0 qui appara\u00eet au bas de la peinture.<\/p>\n<p>Ce tableau est une huile sur bois avec un cadre ancien en bois dor\u00e9.<\/p>\n<p>La signature qui appara\u00eet en bas est malheureusement illisible, mais il s\u2019agit sans doute d\u2019un suiveur du Futurisme.<\/p>\n<p>Le style, le sujet, le titre, tout est coh\u00e9rent avec l\u2019\u00e9poque et les traits qui\u00a0 caract\u00e9rise le mouvement fond\u00e9 par Filippo Tommaso Marinetti avec son c\u00e9l\u00e8bre Manifeste de 1909.<\/p>\n<p>Notre huile appara\u00eet fortement influenc\u00e9e, pour th\u00e8me et style, par une des \u0153uvres symboliques du mouvement futuriste:\u201d La nouvelle ville\u201d par\u00a0 Antonio Sant\u2019Elia\u00a0 ann\u00e9e 1913.<\/p>\n<p>Dans la po\u00e9tique du futurisme, le mythe du progr\u00e8s apporte avec soi\u00a0 rapidit\u00e9 et dynamisme,qui finissent par devenir des valeurs absolues.<\/p>\n<p>Dans les peintures de Balla et Boccioni, sont repr\u00e9sent\u00e9 avec g\u00e9nie, le mouvements, presque les fureurs qui agitaient les \u00e2mes aux d\u00e9buts du vingti\u00e8me si\u00e8cle. \u00a0 Dynamisme et fureur qui se transformeront malheureusement dans le drame de la Grande Guerre.<\/p>\n<p>Notre artiste, par contre, semble faire un pas en avant par rapport aux th\u00e9matiques du Futurisme. Dans notre tableau le progr\u00e8s repr\u00e9sente une sorte de menace, un poids, comme justement sugg\u00e8re le titre.<\/p>\n<\/div>\n<\/div>\n","protected":false},"excerpt":{"rendered":"<p>Le tableau est une huile sur bois en bon \u00e9tat. Le cadre d\u2019origine est en bois dor\u00e9e \u00e0 la mecca.<\/p>\n","protected":false},"featured_media":83942,"template":"","meta":{"_acf_changed":false},"product_brand":[],"product_cat":[6377,6416],"product_tag":[5361,5306],"class_list":{"0":"post-83298","1":"product","2":"type-product","3":"status-publish","4":"has-post-thumbnail","6":"product_cat-art-moderne","7":"product_cat-tableaux-modernes-fr","8":"product_tag-decoration-murale","9":"product_tag-objets-de-collection","10":"product_shipping_class-dhl-fr","12":"first","13":"outofstock","14":"shipping-taxable","15":"product-type-simple"},"acf":[],"yoast_head":"<!-- This site is optimized with the Yoast SEO Premium plugin v27.3 (Yoast SEO v27.4) - https:\/\/yoast.com\/product\/yoast-seo-premium-wordpress\/ -->\n<title>Tableau Italien Futuriste Huile sur Bois - Egidi MadeinItaly<\/title>\n<meta name=\"description\" content=\"Peinture \u00e0 l&#039;huile intitul\u00e9e en bas \u00e0 gauche La ville qui p\u00e8se Dans le go\u00fbt futuriste Signature illisible Cadre dor\u00e9 sur Egidi MadeinItaly\" \/>\n<meta name=\"robots\" content=\"index, follow, max-snippet:-1, max-image-preview:large, max-video-preview:-1\" \/>\n<link rel=\"canonical\" href=\"https:\/\/egidimadeinitaly.com\/fr\/negozio\/art-moderne\/tableaux-modernes-fr\/tableau-huile-sur-bois\/\" \/>\n<meta property=\"og:locale\" content=\"fr_FR\" \/>\n<meta property=\"og:type\" content=\"article\" \/>\n<meta property=\"og:title\" content=\"Tableau Italien Futuriste Huile sur Bois\" \/>\n<meta property=\"og:description\" content=\"Le tableau est une huile sur bois en bon \u00e9tat. Le cadre d\u2019origine est en bois dor\u00e9e \u00e0 la mecca.\" \/>\n<meta property=\"og:url\" content=\"https:\/\/egidimadeinitaly.com\/fr\/negozio\/art-moderne\/tableaux-modernes-fr\/tableau-huile-sur-bois\/\" \/>\n<meta property=\"og:site_name\" content=\"Egidi MadeinItaly\" \/>\n<meta property=\"article:publisher\" content=\"https:\/\/www.facebook.com\/egidimadeinitaly\/\" \/>\n<meta property=\"article:modified_time\" content=\"2021-07-21T13:13:22+00:00\" \/>\n<meta property=\"og:image\" content=\"https:\/\/egidimadeinitaly.com\/wp-content\/uploads\/2020\/02\/quadro_futurista_olio_su_tavola_italia_1900_03.jpeg\" \/>\n\t<meta property=\"og:image:width\" content=\"600\" \/>\n\t<meta property=\"og:image:height\" content=\"400\" \/>\n\t<meta property=\"og:image:type\" content=\"image\/jpeg\" \/>\n<script type=\"application\/ld+json\" class=\"yoast-schema-graph\">{\"@context\":\"https:\\\/\\\/schema.org\",\"@graph\":[{\"@type\":\"WebPage\",\"@id\":\"https:\\\/\\\/egidimadeinitaly.com\\\/fr\\\/negozio\\\/art-moderne\\\/tableaux-modernes-fr\\\/tableau-huile-sur-bois\\\/\",\"url\":\"https:\\\/\\\/egidimadeinitaly.com\\\/fr\\\/negozio\\\/art-moderne\\\/tableaux-modernes-fr\\\/tableau-huile-sur-bois\\\/\",\"name\":\"Tableau Italien Futuriste Huile sur Bois - Egidi MadeinItaly\",\"isPartOf\":{\"@id\":\"https:\\\/\\\/egidimadeinitaly.com\\\/fr\\\/#website\"},\"primaryImageOfPage\":{\"@id\":\"https:\\\/\\\/egidimadeinitaly.com\\\/fr\\\/negozio\\\/art-moderne\\\/tableaux-modernes-fr\\\/tableau-huile-sur-bois\\\/#primaryimage\"},\"image\":{\"@id\":\"https:\\\/\\\/egidimadeinitaly.com\\\/fr\\\/negozio\\\/art-moderne\\\/tableaux-modernes-fr\\\/tableau-huile-sur-bois\\\/#primaryimage\"},\"thumbnailUrl\":\"https:\\\/\\\/egidimadeinitaly.com\\\/v25\\\/wp-content\\\/uploads\\\/2020\\\/02\\\/quadro_futurista_olio_su_tavola_italia_1900_03.jpeg\",\"datePublished\":\"2020-02-02T14:23:49+00:00\",\"dateModified\":\"2021-07-21T13:13:22+00:00\",\"description\":\"Peinture \u00e0 l'huile intitul\u00e9e en bas \u00e0 gauche La ville qui p\u00e8se Dans le go\u00fbt futuriste Signature illisible Cadre dor\u00e9 sur Egidi MadeinItaly\",\"breadcrumb\":{\"@id\":\"https:\\\/\\\/egidimadeinitaly.com\\\/fr\\\/negozio\\\/art-moderne\\\/tableaux-modernes-fr\\\/tableau-huile-sur-bois\\\/#breadcrumb\"},\"inLanguage\":\"fr-FR\",\"potentialAction\":[{\"@type\":\"ReadAction\",\"target\":[\"https:\\\/\\\/egidimadeinitaly.com\\\/fr\\\/negozio\\\/art-moderne\\\/tableaux-modernes-fr\\\/tableau-huile-sur-bois\\\/\"]}]},{\"@type\":\"ImageObject\",\"inLanguage\":\"fr-FR\",\"@id\":\"https:\\\/\\\/egidimadeinitaly.com\\\/fr\\\/negozio\\\/art-moderne\\\/tableaux-modernes-fr\\\/tableau-huile-sur-bois\\\/#primaryimage\",\"url\":\"https:\\\/\\\/egidimadeinitaly.com\\\/v25\\\/wp-content\\\/uploads\\\/2020\\\/02\\\/quadro_futurista_olio_su_tavola_italia_1900_03.jpeg\",\"contentUrl\":\"https:\\\/\\\/egidimadeinitaly.com\\\/v25\\\/wp-content\\\/uploads\\\/2020\\\/02\\\/quadro_futurista_olio_su_tavola_italia_1900_03.jpeg\",\"width\":600,\"height\":400,\"caption\":\"Tableau italien Futuriste\"},{\"@type\":\"BreadcrumbList\",\"@id\":\"https:\\\/\\\/egidimadeinitaly.com\\\/fr\\\/negozio\\\/art-moderne\\\/tableaux-modernes-fr\\\/tableau-huile-sur-bois\\\/#breadcrumb\",\"itemListElement\":[{\"@type\":\"ListItem\",\"position\":1,\"name\":\"Home\",\"item\":\"https:\\\/\\\/egidimadeinitaly.com\\\/fr\\\/\"},{\"@type\":\"ListItem\",\"position\":2,\"name\":\"Produits\",\"item\":\"https:\\\/\\\/egidimadeinitaly.com\\\/fr\\\/shop\\\/\"},{\"@type\":\"ListItem\",\"position\":3,\"name\":\"Art moderne\",\"item\":\"https:\\\/\\\/egidimadeinitaly.com\\\/fr\\\/product-category\\\/art-moderne\\\/\"},{\"@type\":\"ListItem\",\"position\":4,\"name\":\"Tableaux modernes\",\"item\":\"https:\\\/\\\/egidimadeinitaly.com\\\/fr\\\/product-category\\\/art-moderne\\\/tableaux-modernes-fr\\\/\"},{\"@type\":\"ListItem\",\"position\":5,\"name\":\"Tableau Italien Futuriste Huile sur Bois\"}]},{\"@type\":\"WebSite\",\"@id\":\"https:\\\/\\\/egidimadeinitaly.com\\\/fr\\\/#website\",\"url\":\"https:\\\/\\\/egidimadeinitaly.com\\\/fr\\\/\",\"name\":\"Egidi MadeinItaly\",\"description\":\"Fine Art\",\"potentialAction\":[{\"@type\":\"SearchAction\",\"target\":{\"@type\":\"EntryPoint\",\"urlTemplate\":\"https:\\\/\\\/egidimadeinitaly.com\\\/fr\\\/?s={search_term_string}\"},\"query-input\":{\"@type\":\"PropertyValueSpecification\",\"valueRequired\":true,\"valueName\":\"search_term_string\"}}],\"inLanguage\":\"fr-FR\"}]}<\/script>\n<!-- \/ Yoast SEO Premium plugin. -->","yoast_head_json":{"title":"Tableau Italien Futuriste Huile sur Bois - Egidi MadeinItaly","description":"Peinture \u00e0 l'huile intitul\u00e9e en bas \u00e0 gauche La ville qui p\u00e8se Dans le go\u00fbt futuriste Signature illisible Cadre dor\u00e9 sur Egidi MadeinItaly","robots":{"index":"index","follow":"follow","max-snippet":"max-snippet:-1","max-image-preview":"max-image-preview:large","max-video-preview":"max-video-preview:-1"},"canonical":"https:\/\/egidimadeinitaly.com\/fr\/negozio\/art-moderne\/tableaux-modernes-fr\/tableau-huile-sur-bois\/","og_locale":"fr_FR","og_type":"article","og_title":"Tableau Italien Futuriste Huile sur Bois","og_description":"Le tableau est une huile sur bois en bon \u00e9tat. Le cadre d\u2019origine est en bois dor\u00e9e \u00e0 la mecca.","og_url":"https:\/\/egidimadeinitaly.com\/fr\/negozio\/art-moderne\/tableaux-modernes-fr\/tableau-huile-sur-bois\/","og_site_name":"Egidi MadeinItaly","article_publisher":"https:\/\/www.facebook.com\/egidimadeinitaly\/","article_modified_time":"2021-07-21T13:13:22+00:00","og_image":[{"width":600,"height":400,"url":"https:\/\/egidimadeinitaly.com\/wp-content\/uploads\/2020\/02\/quadro_futurista_olio_su_tavola_italia_1900_03.jpeg","type":"image\/jpeg"}],"schema":{"@context":"https:\/\/schema.org","@graph":[{"@type":"WebPage","@id":"https:\/\/egidimadeinitaly.com\/fr\/negozio\/art-moderne\/tableaux-modernes-fr\/tableau-huile-sur-bois\/","url":"https:\/\/egidimadeinitaly.com\/fr\/negozio\/art-moderne\/tableaux-modernes-fr\/tableau-huile-sur-bois\/","name":"Tableau Italien Futuriste Huile sur Bois - Egidi MadeinItaly","isPartOf":{"@id":"https:\/\/egidimadeinitaly.com\/fr\/#website"},"primaryImageOfPage":{"@id":"https:\/\/egidimadeinitaly.com\/fr\/negozio\/art-moderne\/tableaux-modernes-fr\/tableau-huile-sur-bois\/#primaryimage"},"image":{"@id":"https:\/\/egidimadeinitaly.com\/fr\/negozio\/art-moderne\/tableaux-modernes-fr\/tableau-huile-sur-bois\/#primaryimage"},"thumbnailUrl":"https:\/\/egidimadeinitaly.com\/v25\/wp-content\/uploads\/2020\/02\/quadro_futurista_olio_su_tavola_italia_1900_03.jpeg","datePublished":"2020-02-02T14:23:49+00:00","dateModified":"2021-07-21T13:13:22+00:00","description":"Peinture \u00e0 l'huile intitul\u00e9e en bas \u00e0 gauche La ville qui p\u00e8se Dans le go\u00fbt futuriste Signature illisible Cadre dor\u00e9 sur Egidi MadeinItaly","breadcrumb":{"@id":"https:\/\/egidimadeinitaly.com\/fr\/negozio\/art-moderne\/tableaux-modernes-fr\/tableau-huile-sur-bois\/#breadcrumb"},"inLanguage":"fr-FR","potentialAction":[{"@type":"ReadAction","target":["https:\/\/egidimadeinitaly.com\/fr\/negozio\/art-moderne\/tableaux-modernes-fr\/tableau-huile-sur-bois\/"]}]},{"@type":"ImageObject","inLanguage":"fr-FR","@id":"https:\/\/egidimadeinitaly.com\/fr\/negozio\/art-moderne\/tableaux-modernes-fr\/tableau-huile-sur-bois\/#primaryimage","url":"https:\/\/egidimadeinitaly.com\/v25\/wp-content\/uploads\/2020\/02\/quadro_futurista_olio_su_tavola_italia_1900_03.jpeg","contentUrl":"https:\/\/egidimadeinitaly.com\/v25\/wp-content\/uploads\/2020\/02\/quadro_futurista_olio_su_tavola_italia_1900_03.jpeg","width":600,"height":400,"caption":"Tableau italien Futuriste"},{"@type":"BreadcrumbList","@id":"https:\/\/egidimadeinitaly.com\/fr\/negozio\/art-moderne\/tableaux-modernes-fr\/tableau-huile-sur-bois\/#breadcrumb","itemListElement":[{"@type":"ListItem","position":1,"name":"Home","item":"https:\/\/egidimadeinitaly.com\/fr\/"},{"@type":"ListItem","position":2,"name":"Produits","item":"https:\/\/egidimadeinitaly.com\/fr\/shop\/"},{"@type":"ListItem","position":3,"name":"Art moderne","item":"https:\/\/egidimadeinitaly.com\/fr\/product-category\/art-moderne\/"},{"@type":"ListItem","position":4,"name":"Tableaux modernes","item":"https:\/\/egidimadeinitaly.com\/fr\/product-category\/art-moderne\/tableaux-modernes-fr\/"},{"@type":"ListItem","position":5,"name":"Tableau Italien Futuriste Huile sur Bois"}]},{"@type":"WebSite","@id":"https:\/\/egidimadeinitaly.com\/fr\/#website","url":"https:\/\/egidimadeinitaly.com\/fr\/","name":"Egidi MadeinItaly","description":"Fine Art","potentialAction":[{"@type":"SearchAction","target":{"@type":"EntryPoint","urlTemplate":"https:\/\/egidimadeinitaly.com\/fr\/?s={search_term_string}"},"query-input":{"@type":"PropertyValueSpecification","valueRequired":true,"valueName":"search_term_string"}}],"inLanguage":"fr-FR"}]}},"_links":{"self":[{"href":"https:\/\/egidimadeinitaly.com\/fr\/wp-json\/wp\/v2\/product\/83298","targetHints":{"allow":["GET"]}}],"collection":[{"href":"https:\/\/egidimadeinitaly.com\/fr\/wp-json\/wp\/v2\/product"}],"about":[{"href":"https:\/\/egidimadeinitaly.com\/fr\/wp-json\/wp\/v2\/types\/product"}],"wp:featuredmedia":[{"embeddable":true,"href":"https:\/\/egidimadeinitaly.com\/fr\/wp-json\/wp\/v2\/media\/83942"}],"wp:attachment":[{"href":"https:\/\/egidimadeinitaly.com\/fr\/wp-json\/wp\/v2\/media?parent=83298"}],"wp:term":[{"taxonomy":"product_brand","embeddable":true,"href":"https:\/\/egidimadeinitaly.com\/fr\/wp-json\/wp\/v2\/product_brand?post=83298"},{"taxonomy":"product_cat","embeddable":true,"href":"https:\/\/egidimadeinitaly.com\/fr\/wp-json\/wp\/v2\/product_cat?post=83298"},{"taxonomy":"product_tag","embeddable":true,"href":"https:\/\/egidimadeinitaly.com\/fr\/wp-json\/wp\/v2\/product_tag?post=83298"}],"curies":[{"name":"wp","href":"https:\/\/api.w.org\/{rel}","templated":true}]}}