{"id":83288,"date":"2020-02-02T15:23:48","date_gmt":"2020-02-02T14:23:48","guid":{"rendered":"https:\/\/egidimadeinitaly.com\/ecomsite\/product\/yasse-tabuchi-acquarello-monadi-1991\/"},"modified":"2022-11-30T10:28:38","modified_gmt":"2022-11-30T09:28:38","slug":"yasse-tabuchi-monades","status":"publish","type":"product","link":"https:\/\/egidimadeinitaly.com\/fr\/negozio\/art-moderne\/oeuvres-modernes-sur-papiers\/yasse-tabuchi-monades\/","title":{"rendered":"Yasse Tabuchi Monades"},"content":{"rendered":"<div class=\"accordion_content ui-accordion-content ui-helper-reset ui-widget-content ui-corner-bottom ui-accordion-content-active\">\n<div class=\"accordion_content_inner\">\n<p><strong>Yasse Tabuchi<\/strong> arrive en <strong>France<\/strong> en 1951 et gr\u00e2ce \u00e0 ses \u00e9tudes artistiques \u00e0 l\u2019<strong>Universit\u00e9 de Tokyo<\/strong> de 1946 \u00e0 1951, il devient rapidement un artiste reconnu.<br \/>\nGr\u00e2ce \u00e0 son \u00e9clectisme, il devint un graveur appr\u00e9ci\u00e9, ainsi qu\u2019un lithographe et un c\u00e9ramiste.<br \/>\n\u00c0 Paris, il entre en contact avec un courant artistique tr\u00e8s populaire \u00e0 l\u2019\u00e9poque; nous parlons du mouvement <strong>COBRA<\/strong>.<br \/>\nCet acronyme est form\u00e9 par les initiales des villes o\u00f9 ce courant est n\u00e9 et prosp\u00e9r\u00e9 destin\u00e9 \u00e0 avoir un succ\u00e8s \u00e9blouissant.<br \/>\nLes villes sont Copenhague, Bruxelles et Amsterdam.<br \/>\nEn effet, le mouvement \u00e9tait initialement n\u00e9 comme un courant litt\u00e9raire avec les \u00e9crivains belges <strong>Christian Dotremont<\/strong> et <strong>Joseph Noiret<\/strong>.<br \/>\nCeux-ci ont th\u00e9oris\u00e9 une rupture compl\u00e8te avec la tradition que les peintres ont traduite dans un style qui n\u2019avait pas comme fin la reproduction de la beaut\u00e9, mais plut\u00f4t un sentiment, un \u00e9tat d\u2019esprit.<br \/>\nLes peintres les plus importants \u00e9taient les hollandais <strong>Karel Appel<\/strong> et <strong>Constant<\/strong> (Constant Anton Nieuwenhuys) et le belge <strong>Corneille<\/strong> (Cornelis van Beverloo), et aussi le talentueux peintre danois <strong>Asger Jorn<\/strong>.<br \/>\nRevenant \u00e0 notre artiste, Yasse Tabuchi, malgr\u00e9 sa reconnaissance dans le mouvement <strong>COBRA<\/strong>, n\u2019a jamais oubli\u00e9 ses origines, ce qui ressort clairement de ses \u0153uvres.<br \/>\nLes taches blanches r\u00e9currentes dans ses \u0153uvres qu\u2019il appelle \u00abMonades\u00bb ainsi que les motifs floraux , sont l\u00e0 pour montrer comment la culture et l\u2019art de l\u2019Orient \u00e9taient toujours dans son ADN.<br \/>\nLe succ\u00e8s que le march\u00e9 international lui a donn\u00e9 est immense; de nombreuses expositions en solo et en groupe en <strong>France, Japon, Belgique<\/strong> lui ont valu la pr\u00e9sence dans des institutions prestigieuses telles que le <strong>Mus\u00e9e National d\u2019Art Moderne de Kyoto<\/strong> et le <strong>Centre Georges Pompidou \u00e0 Paris<\/strong>.<\/p>\n<p>Il a \u00e9t\u00e9 \u00a0un grand ami du peintre japonais \u00a0<strong>Foujita<\/strong> (lire notre commentaire dans Magazine)<\/p>\n<\/div>\n<\/div>\n","protected":false},"excerpt":{"rendered":"<p>Aquarelle sign\u00e9e et dat\u00e9e \u00ab\u00a0Tabuchi &rsquo;90\u00a0\u00bb avec cadre en parfait \u00e9tat.<\/p>\n","protected":false},"featured_media":90853,"template":"","meta":{"_acf_changed":false},"product_brand":[],"product_cat":[6377,6414],"product_tag":[5441,3831,5361,5306],"class_list":{"0":"post-83288","1":"product","2":"type-product","3":"status-publish","4":"has-post-thumbnail","6":"product_cat-art-moderne","7":"product_cat-oeuvres-modernes-sur-papiers","8":"product_tag-annees-90","9":"product_tag-art-japonais","10":"product_tag-decoration-murale","11":"product_tag-objets-de-collection","12":"product_shipping_class-dhl-fr","14":"first","15":"outofstock","16":"shipping-taxable","17":"product-type-simple"},"acf":[],"yoast_head":"<!-- This site is optimized with the Yoast SEO Premium plugin v27.3 (Yoast SEO v27.4) - https:\/\/yoast.com\/product\/yoast-seo-premium-wordpress\/ -->\n<title>Yasse Tabuchi Monades - Egidi MadeinItaly<\/title>\n<meta name=\"description\" content=\"Aquarelle sign\u00e9e et dat\u00e9e \u201cTabuchi \u201990\u201c avec cadre en parfait \u00e9tat.\" \/>\n<meta name=\"robots\" content=\"index, follow, max-snippet:-1, max-image-preview:large, max-video-preview:-1\" \/>\n<link rel=\"canonical\" href=\"https:\/\/egidimadeinitaly.com\/fr\/negozio\/art-moderne\/oeuvres-modernes-sur-papiers\/yasse-tabuchi-monades\/\" \/>\n<meta property=\"og:locale\" content=\"fr_FR\" \/>\n<meta property=\"og:type\" content=\"article\" \/>\n<meta property=\"og:title\" content=\"Yasse Tabuchi Monades\" \/>\n<meta property=\"og:description\" content=\"Aquarelle sign\u00e9e et dat\u00e9e &quot;Tabuchi &#039;90&quot; avec cadre en parfait \u00e9tat.\" \/>\n<meta property=\"og:url\" content=\"https:\/\/egidimadeinitaly.com\/fr\/negozio\/art-moderne\/oeuvres-modernes-sur-papiers\/yasse-tabuchi-monades\/\" \/>\n<meta property=\"og:site_name\" content=\"Egidi MadeinItaly\" \/>\n<meta property=\"article:publisher\" content=\"https:\/\/www.facebook.com\/egidimadeinitaly\/\" \/>\n<meta property=\"article:modified_time\" content=\"2022-11-30T09:28:38+00:00\" \/>\n<meta property=\"og:image\" content=\"https:\/\/egidimadeinitaly.com\/wp-content\/uploads\/2020\/02\/yasse_tabuchi_acquarello_monadi_1991-e1717420692366.jpg\" \/>\n\t<meta property=\"og:image:width\" content=\"1000\" \/>\n\t<meta property=\"og:image:height\" content=\"1500\" \/>\n\t<meta property=\"og:image:type\" content=\"image\/jpeg\" \/>\n<script type=\"application\/ld+json\" class=\"yoast-schema-graph\">{\"@context\":\"https:\\\/\\\/schema.org\",\"@graph\":[{\"@type\":\"WebPage\",\"@id\":\"https:\\\/\\\/egidimadeinitaly.com\\\/fr\\\/negozio\\\/art-moderne\\\/oeuvres-modernes-sur-papiers\\\/yasse-tabuchi-monades\\\/\",\"url\":\"https:\\\/\\\/egidimadeinitaly.com\\\/fr\\\/negozio\\\/art-moderne\\\/oeuvres-modernes-sur-papiers\\\/yasse-tabuchi-monades\\\/\",\"name\":\"Yasse Tabuchi Monades - Egidi MadeinItaly\",\"isPartOf\":{\"@id\":\"https:\\\/\\\/egidimadeinitaly.com\\\/fr\\\/#website\"},\"primaryImageOfPage\":{\"@id\":\"https:\\\/\\\/egidimadeinitaly.com\\\/fr\\\/negozio\\\/art-moderne\\\/oeuvres-modernes-sur-papiers\\\/yasse-tabuchi-monades\\\/#primaryimage\"},\"image\":{\"@id\":\"https:\\\/\\\/egidimadeinitaly.com\\\/fr\\\/negozio\\\/art-moderne\\\/oeuvres-modernes-sur-papiers\\\/yasse-tabuchi-monades\\\/#primaryimage\"},\"thumbnailUrl\":\"https:\\\/\\\/egidimadeinitaly.com\\\/v25\\\/wp-content\\\/uploads\\\/2020\\\/02\\\/yasse_tabuchi_acquarello_monadi_1991-e1717420692366.jpg\",\"datePublished\":\"2020-02-02T14:23:48+00:00\",\"dateModified\":\"2022-11-30T09:28:38+00:00\",\"description\":\"Aquarelle sign\u00e9e et dat\u00e9e \u201cTabuchi \u201990\u201c avec cadre en parfait \u00e9tat.\",\"breadcrumb\":{\"@id\":\"https:\\\/\\\/egidimadeinitaly.com\\\/fr\\\/negozio\\\/art-moderne\\\/oeuvres-modernes-sur-papiers\\\/yasse-tabuchi-monades\\\/#breadcrumb\"},\"inLanguage\":\"fr-FR\",\"potentialAction\":[{\"@type\":\"ReadAction\",\"target\":[\"https:\\\/\\\/egidimadeinitaly.com\\\/fr\\\/negozio\\\/art-moderne\\\/oeuvres-modernes-sur-papiers\\\/yasse-tabuchi-monades\\\/\"]}]},{\"@type\":\"ImageObject\",\"inLanguage\":\"fr-FR\",\"@id\":\"https:\\\/\\\/egidimadeinitaly.com\\\/fr\\\/negozio\\\/art-moderne\\\/oeuvres-modernes-sur-papiers\\\/yasse-tabuchi-monades\\\/#primaryimage\",\"url\":\"https:\\\/\\\/egidimadeinitaly.com\\\/v25\\\/wp-content\\\/uploads\\\/2020\\\/02\\\/yasse_tabuchi_acquarello_monadi_1991-e1717420692366.jpg\",\"contentUrl\":\"https:\\\/\\\/egidimadeinitaly.com\\\/v25\\\/wp-content\\\/uploads\\\/2020\\\/02\\\/yasse_tabuchi_acquarello_monadi_1991-e1717420692366.jpg\",\"width\":1000,\"height\":1500,\"caption\":\"Aquarelle Sign\u00e9e et Dat\u00e9e par Yasse Tabuchi\"},{\"@type\":\"BreadcrumbList\",\"@id\":\"https:\\\/\\\/egidimadeinitaly.com\\\/fr\\\/negozio\\\/art-moderne\\\/oeuvres-modernes-sur-papiers\\\/yasse-tabuchi-monades\\\/#breadcrumb\",\"itemListElement\":[{\"@type\":\"ListItem\",\"position\":1,\"name\":\"Home\",\"item\":\"https:\\\/\\\/egidimadeinitaly.com\\\/fr\\\/\"},{\"@type\":\"ListItem\",\"position\":2,\"name\":\"Produits\",\"item\":\"https:\\\/\\\/egidimadeinitaly.com\\\/fr\\\/shop\\\/\"},{\"@type\":\"ListItem\",\"position\":3,\"name\":\"Art moderne\",\"item\":\"https:\\\/\\\/egidimadeinitaly.com\\\/fr\\\/product-category\\\/art-moderne\\\/\"},{\"@type\":\"ListItem\",\"position\":4,\"name\":\"\u0152uvres modernes sur papiers\",\"item\":\"https:\\\/\\\/egidimadeinitaly.com\\\/fr\\\/product-category\\\/art-moderne\\\/oeuvres-modernes-sur-papiers\\\/\"},{\"@type\":\"ListItem\",\"position\":5,\"name\":\"Yasse Tabuchi Monades\"}]},{\"@type\":\"WebSite\",\"@id\":\"https:\\\/\\\/egidimadeinitaly.com\\\/fr\\\/#website\",\"url\":\"https:\\\/\\\/egidimadeinitaly.com\\\/fr\\\/\",\"name\":\"Egidi MadeinItaly\",\"description\":\"Fine Art\",\"potentialAction\":[{\"@type\":\"SearchAction\",\"target\":{\"@type\":\"EntryPoint\",\"urlTemplate\":\"https:\\\/\\\/egidimadeinitaly.com\\\/fr\\\/?s={search_term_string}\"},\"query-input\":{\"@type\":\"PropertyValueSpecification\",\"valueRequired\":true,\"valueName\":\"search_term_string\"}}],\"inLanguage\":\"fr-FR\"}]}<\/script>\n<!-- \/ Yoast SEO Premium plugin. -->","yoast_head_json":{"title":"Yasse Tabuchi Monades - Egidi MadeinItaly","description":"Aquarelle sign\u00e9e et dat\u00e9e \u201cTabuchi \u201990\u201c avec cadre en parfait \u00e9tat.","robots":{"index":"index","follow":"follow","max-snippet":"max-snippet:-1","max-image-preview":"max-image-preview:large","max-video-preview":"max-video-preview:-1"},"canonical":"https:\/\/egidimadeinitaly.com\/fr\/negozio\/art-moderne\/oeuvres-modernes-sur-papiers\/yasse-tabuchi-monades\/","og_locale":"fr_FR","og_type":"article","og_title":"Yasse Tabuchi Monades","og_description":"Aquarelle sign\u00e9e et dat\u00e9e \"Tabuchi '90\" avec cadre en parfait \u00e9tat.","og_url":"https:\/\/egidimadeinitaly.com\/fr\/negozio\/art-moderne\/oeuvres-modernes-sur-papiers\/yasse-tabuchi-monades\/","og_site_name":"Egidi MadeinItaly","article_publisher":"https:\/\/www.facebook.com\/egidimadeinitaly\/","article_modified_time":"2022-11-30T09:28:38+00:00","og_image":[{"width":1000,"height":1500,"url":"https:\/\/egidimadeinitaly.com\/wp-content\/uploads\/2020\/02\/yasse_tabuchi_acquarello_monadi_1991-e1717420692366.jpg","type":"image\/jpeg"}],"schema":{"@context":"https:\/\/schema.org","@graph":[{"@type":"WebPage","@id":"https:\/\/egidimadeinitaly.com\/fr\/negozio\/art-moderne\/oeuvres-modernes-sur-papiers\/yasse-tabuchi-monades\/","url":"https:\/\/egidimadeinitaly.com\/fr\/negozio\/art-moderne\/oeuvres-modernes-sur-papiers\/yasse-tabuchi-monades\/","name":"Yasse Tabuchi Monades - Egidi MadeinItaly","isPartOf":{"@id":"https:\/\/egidimadeinitaly.com\/fr\/#website"},"primaryImageOfPage":{"@id":"https:\/\/egidimadeinitaly.com\/fr\/negozio\/art-moderne\/oeuvres-modernes-sur-papiers\/yasse-tabuchi-monades\/#primaryimage"},"image":{"@id":"https:\/\/egidimadeinitaly.com\/fr\/negozio\/art-moderne\/oeuvres-modernes-sur-papiers\/yasse-tabuchi-monades\/#primaryimage"},"thumbnailUrl":"https:\/\/egidimadeinitaly.com\/v25\/wp-content\/uploads\/2020\/02\/yasse_tabuchi_acquarello_monadi_1991-e1717420692366.jpg","datePublished":"2020-02-02T14:23:48+00:00","dateModified":"2022-11-30T09:28:38+00:00","description":"Aquarelle sign\u00e9e et dat\u00e9e \u201cTabuchi \u201990\u201c avec cadre en parfait \u00e9tat.","breadcrumb":{"@id":"https:\/\/egidimadeinitaly.com\/fr\/negozio\/art-moderne\/oeuvres-modernes-sur-papiers\/yasse-tabuchi-monades\/#breadcrumb"},"inLanguage":"fr-FR","potentialAction":[{"@type":"ReadAction","target":["https:\/\/egidimadeinitaly.com\/fr\/negozio\/art-moderne\/oeuvres-modernes-sur-papiers\/yasse-tabuchi-monades\/"]}]},{"@type":"ImageObject","inLanguage":"fr-FR","@id":"https:\/\/egidimadeinitaly.com\/fr\/negozio\/art-moderne\/oeuvres-modernes-sur-papiers\/yasse-tabuchi-monades\/#primaryimage","url":"https:\/\/egidimadeinitaly.com\/v25\/wp-content\/uploads\/2020\/02\/yasse_tabuchi_acquarello_monadi_1991-e1717420692366.jpg","contentUrl":"https:\/\/egidimadeinitaly.com\/v25\/wp-content\/uploads\/2020\/02\/yasse_tabuchi_acquarello_monadi_1991-e1717420692366.jpg","width":1000,"height":1500,"caption":"Aquarelle Sign\u00e9e et Dat\u00e9e par Yasse Tabuchi"},{"@type":"BreadcrumbList","@id":"https:\/\/egidimadeinitaly.com\/fr\/negozio\/art-moderne\/oeuvres-modernes-sur-papiers\/yasse-tabuchi-monades\/#breadcrumb","itemListElement":[{"@type":"ListItem","position":1,"name":"Home","item":"https:\/\/egidimadeinitaly.com\/fr\/"},{"@type":"ListItem","position":2,"name":"Produits","item":"https:\/\/egidimadeinitaly.com\/fr\/shop\/"},{"@type":"ListItem","position":3,"name":"Art moderne","item":"https:\/\/egidimadeinitaly.com\/fr\/product-category\/art-moderne\/"},{"@type":"ListItem","position":4,"name":"\u0152uvres modernes sur papiers","item":"https:\/\/egidimadeinitaly.com\/fr\/product-category\/art-moderne\/oeuvres-modernes-sur-papiers\/"},{"@type":"ListItem","position":5,"name":"Yasse Tabuchi Monades"}]},{"@type":"WebSite","@id":"https:\/\/egidimadeinitaly.com\/fr\/#website","url":"https:\/\/egidimadeinitaly.com\/fr\/","name":"Egidi MadeinItaly","description":"Fine Art","potentialAction":[{"@type":"SearchAction","target":{"@type":"EntryPoint","urlTemplate":"https:\/\/egidimadeinitaly.com\/fr\/?s={search_term_string}"},"query-input":{"@type":"PropertyValueSpecification","valueRequired":true,"valueName":"search_term_string"}}],"inLanguage":"fr-FR"}]}},"_links":{"self":[{"href":"https:\/\/egidimadeinitaly.com\/fr\/wp-json\/wp\/v2\/product\/83288","targetHints":{"allow":["GET"]}}],"collection":[{"href":"https:\/\/egidimadeinitaly.com\/fr\/wp-json\/wp\/v2\/product"}],"about":[{"href":"https:\/\/egidimadeinitaly.com\/fr\/wp-json\/wp\/v2\/types\/product"}],"wp:featuredmedia":[{"embeddable":true,"href":"https:\/\/egidimadeinitaly.com\/fr\/wp-json\/wp\/v2\/media\/90853"}],"wp:attachment":[{"href":"https:\/\/egidimadeinitaly.com\/fr\/wp-json\/wp\/v2\/media?parent=83288"}],"wp:term":[{"taxonomy":"product_brand","embeddable":true,"href":"https:\/\/egidimadeinitaly.com\/fr\/wp-json\/wp\/v2\/product_brand?post=83288"},{"taxonomy":"product_cat","embeddable":true,"href":"https:\/\/egidimadeinitaly.com\/fr\/wp-json\/wp\/v2\/product_cat?post=83288"},{"taxonomy":"product_tag","embeddable":true,"href":"https:\/\/egidimadeinitaly.com\/fr\/wp-json\/wp\/v2\/product_tag?post=83288"}],"curies":[{"name":"wp","href":"https:\/\/api.w.org\/{rel}","templated":true}]}}