{"id":83279,"date":"2020-02-02T15:23:47","date_gmt":"2020-02-02T14:23:47","guid":{"rendered":"https:\/\/egidimadeinitaly.com\/ecomsite\/product\/ida-fua-scultura-bianca-in-gesso1940\/"},"modified":"2021-07-21T14:59:40","modified_gmt":"2021-07-21T14:59:40","slug":"buste-en-platre","status":"publish","type":"product","link":"https:\/\/egidimadeinitaly.com\/fr\/negozio\/sculpture-fr-2\/sculpture-moderne-fr\/buste-en-platre\/","title":{"rendered":"Sculpture Buste en Pl\u00e2tre Italienne Ann\u00e9es 40 Ida Fu\u00e0"},"content":{"rendered":"<p><strong>Il s\u2019agit d\u2019une jolie \u0153uvre de l\u2019artiste Lombarde Ida Fu\u00e1, sp\u00e9cialis\u00e9e dans les portraits en pl\u00e2tre.<br \/>\nNotez l\u2019\u00e9l\u00e9gant cou allong\u00e9 et sinueux qui rappelle le Maestro italien Amedeo Modigliani.<br \/>\nInt\u00e9ressant le contraste entre le blanc du pl\u00e2tre et la teinte fonc\u00e9e de la base en bois.<\/strong><\/p>\n<p><strong>Ida Fu\u00e0<\/strong> est un artiste juif, elle a v\u00e9cu pendant des ann\u00e9es du fascisme et des lois raciales; Ida Fu\u00e0 est une artiste invisible, une femme qui a d\u00fb se cacher avec son propre art. Elle provient de la riche famille <strong>Lolli<\/strong> et elle a \u00e9t\u00e9 l\u2019\u00e9pouse de <strong>Carlo Fu\u00e0<\/strong>, directeur industriel du Village Crespi d\u2019Adda. Ida a pass\u00e9 la plupart de sa vie, autour d\u2019un petit village sur le <strong>lac de C\u00f4me<\/strong>, ou elle a cherch\u00e9 refuge et protection.<br \/>\n(D\u2019apr\u00e8s\u00a0 Alice Bitto)<\/p>\n","protected":false},"excerpt":{"rendered":"<p>Sculpture \u0153uvre de l\u2019artiste Lombarde Ida Fu\u00e1<strong>\u00a0<\/strong><\/p>\n","protected":false},"featured_media":83759,"template":"","meta":{"_acf_changed":false},"product_brand":[],"product_cat":[6417,6421],"product_tag":[5406,5405,2729],"class_list":{"0":"post-83279","1":"product","2":"type-product","3":"status-publish","4":"has-post-thumbnail","6":"product_cat-sculpture-fr-2","7":"product_cat-sculpture-moderne-fr","8":"product_tag-annees-40-fr","9":"product_tag-blanc","10":"product_tag-bustes","11":"product_shipping_class-dhl-fr","13":"first","14":"outofstock","15":"shipping-taxable","16":"product-type-simple"},"acf":[],"yoast_head":"<!-- This site is optimized with the Yoast SEO Premium plugin v27.5 (Yoast SEO v27.5) - https:\/\/yoast.com\/product\/yoast-seo-premium-wordpress\/ -->\n<title>Sculpture Buste en Pl\u00e2tre Italienne Ann\u00e9es 40 Ida Fu\u00e0 - Egidi MadeinItaly<\/title>\n<meta name=\"description\" content=\"jolie \u0153uvre de l&#039;artiste Lombarde Ida Fu\u00e1, sp\u00e9cialis\u00e9e dans les portraits en pl\u00e2tre.\" \/>\n<meta name=\"robots\" content=\"index, follow, max-snippet:-1, max-image-preview:large, max-video-preview:-1\" \/>\n<link rel=\"canonical\" href=\"https:\/\/egidimadeinitaly.com\/fr\/negozio\/sculpture-fr-2\/sculpture-moderne-fr\/buste-en-platre\/\" \/>\n<meta property=\"og:locale\" content=\"fr_FR\" \/>\n<meta property=\"og:type\" content=\"article\" \/>\n<meta property=\"og:title\" content=\"Sculpture Buste en Pl\u00e2tre Italienne Ann\u00e9es 40 Ida Fu\u00e0\" \/>\n<meta property=\"og:description\" content=\"Sculpture \u0153uvre de l\u2019artiste Lombarde Ida Fu\u00e1\u00a0\" \/>\n<meta property=\"og:url\" content=\"https:\/\/egidimadeinitaly.com\/fr\/negozio\/sculpture-fr-2\/sculpture-moderne-fr\/buste-en-platre\/\" \/>\n<meta property=\"og:site_name\" content=\"Egidi MadeinItaly\" \/>\n<meta property=\"article:publisher\" content=\"https:\/\/www.facebook.com\/egidimadeinitaly\/\" \/>\n<meta property=\"article:modified_time\" content=\"2021-07-21T14:59:40+00:00\" \/>\n<meta property=\"og:image\" content=\"https:\/\/egidimadeinitaly.com\/wp-content\/uploads\/2020\/02\/ida_fua_scultura_bianca_in-gesso_1940-e1717420427848.jpeg\" \/>\n\t<meta property=\"og:image:width\" content=\"2000\" \/>\n\t<meta property=\"og:image:height\" content=\"1333\" \/>\n\t<meta property=\"og:image:type\" content=\"image\/jpeg\" \/>\n<script type=\"application\/ld+json\" class=\"yoast-schema-graph\">{\"@context\":\"https:\\\/\\\/schema.org\",\"@graph\":[{\"@type\":\"WebPage\",\"@id\":\"https:\\\/\\\/egidimadeinitaly.com\\\/fr\\\/negozio\\\/sculpture-fr-2\\\/sculpture-moderne-fr\\\/buste-en-platre\\\/\",\"url\":\"https:\\\/\\\/egidimadeinitaly.com\\\/fr\\\/negozio\\\/sculpture-fr-2\\\/sculpture-moderne-fr\\\/buste-en-platre\\\/\",\"name\":\"Sculpture Buste en Pl\u00e2tre Italienne Ann\u00e9es 40 Ida Fu\u00e0 - Egidi MadeinItaly\",\"isPartOf\":{\"@id\":\"https:\\\/\\\/egidimadeinitaly.com\\\/fr\\\/#website\"},\"primaryImageOfPage\":{\"@id\":\"https:\\\/\\\/egidimadeinitaly.com\\\/fr\\\/negozio\\\/sculpture-fr-2\\\/sculpture-moderne-fr\\\/buste-en-platre\\\/#primaryimage\"},\"image\":{\"@id\":\"https:\\\/\\\/egidimadeinitaly.com\\\/fr\\\/negozio\\\/sculpture-fr-2\\\/sculpture-moderne-fr\\\/buste-en-platre\\\/#primaryimage\"},\"thumbnailUrl\":\"https:\\\/\\\/egidimadeinitaly.com\\\/v25\\\/wp-content\\\/uploads\\\/2020\\\/02\\\/ida_fua_scultura_bianca_in-gesso_1940-e1717420427848.jpeg\",\"datePublished\":\"2020-02-02T14:23:47+00:00\",\"dateModified\":\"2021-07-21T14:59:40+00:00\",\"description\":\"jolie \u0153uvre de l'artiste Lombarde Ida Fu\u00e1, sp\u00e9cialis\u00e9e dans les portraits en pl\u00e2tre.\",\"breadcrumb\":{\"@id\":\"https:\\\/\\\/egidimadeinitaly.com\\\/fr\\\/negozio\\\/sculpture-fr-2\\\/sculpture-moderne-fr\\\/buste-en-platre\\\/#breadcrumb\"},\"inLanguage\":\"fr-FR\",\"potentialAction\":[{\"@type\":\"ReadAction\",\"target\":[\"https:\\\/\\\/egidimadeinitaly.com\\\/fr\\\/negozio\\\/sculpture-fr-2\\\/sculpture-moderne-fr\\\/buste-en-platre\\\/\"]}]},{\"@type\":\"ImageObject\",\"inLanguage\":\"fr-FR\",\"@id\":\"https:\\\/\\\/egidimadeinitaly.com\\\/fr\\\/negozio\\\/sculpture-fr-2\\\/sculpture-moderne-fr\\\/buste-en-platre\\\/#primaryimage\",\"url\":\"https:\\\/\\\/egidimadeinitaly.com\\\/v25\\\/wp-content\\\/uploads\\\/2020\\\/02\\\/ida_fua_scultura_bianca_in-gesso_1940-e1717420427848.jpeg\",\"contentUrl\":\"https:\\\/\\\/egidimadeinitaly.com\\\/v25\\\/wp-content\\\/uploads\\\/2020\\\/02\\\/ida_fua_scultura_bianca_in-gesso_1940-e1717420427848.jpeg\",\"width\":2000,\"height\":1333,\"caption\":\"Ida Fu\u00e0 Buste en Pl\u00e2tre Italie Ann\u00e9es 40\"},{\"@type\":\"BreadcrumbList\",\"@id\":\"https:\\\/\\\/egidimadeinitaly.com\\\/fr\\\/negozio\\\/sculpture-fr-2\\\/sculpture-moderne-fr\\\/buste-en-platre\\\/#breadcrumb\",\"itemListElement\":[{\"@type\":\"ListItem\",\"position\":1,\"name\":\"Home\",\"item\":\"https:\\\/\\\/egidimadeinitaly.com\\\/fr\\\/\"},{\"@type\":\"ListItem\",\"position\":2,\"name\":\"Produits\",\"item\":\"https:\\\/\\\/egidimadeinitaly.com\\\/fr\\\/shop\\\/\"},{\"@type\":\"ListItem\",\"position\":3,\"name\":\"Sculpture\",\"item\":\"https:\\\/\\\/egidimadeinitaly.com\\\/fr\\\/product-category\\\/sculpture-fr-2\\\/\"},{\"@type\":\"ListItem\",\"position\":4,\"name\":\"Sculpture moderne\",\"item\":\"https:\\\/\\\/egidimadeinitaly.com\\\/fr\\\/product-category\\\/sculpture-fr-2\\\/sculpture-moderne-fr\\\/\"},{\"@type\":\"ListItem\",\"position\":5,\"name\":\"Sculpture Buste en Pl\u00e2tre Italienne Ann\u00e9es 40 Ida Fu\u00e0\"}]},{\"@type\":\"WebSite\",\"@id\":\"https:\\\/\\\/egidimadeinitaly.com\\\/fr\\\/#website\",\"url\":\"https:\\\/\\\/egidimadeinitaly.com\\\/fr\\\/\",\"name\":\"Egidi MadeinItaly\",\"description\":\"Fine Art\",\"potentialAction\":[{\"@type\":\"SearchAction\",\"target\":{\"@type\":\"EntryPoint\",\"urlTemplate\":\"https:\\\/\\\/egidimadeinitaly.com\\\/fr\\\/?s={search_term_string}\"},\"query-input\":{\"@type\":\"PropertyValueSpecification\",\"valueRequired\":true,\"valueName\":\"search_term_string\"}}],\"inLanguage\":\"fr-FR\"}]}<\/script>\n<!-- \/ Yoast SEO Premium plugin. -->","yoast_head_json":{"title":"Sculpture Buste en Pl\u00e2tre Italienne Ann\u00e9es 40 Ida Fu\u00e0 - Egidi MadeinItaly","description":"jolie \u0153uvre de l'artiste Lombarde Ida Fu\u00e1, sp\u00e9cialis\u00e9e dans les portraits en pl\u00e2tre.","robots":{"index":"index","follow":"follow","max-snippet":"max-snippet:-1","max-image-preview":"max-image-preview:large","max-video-preview":"max-video-preview:-1"},"canonical":"https:\/\/egidimadeinitaly.com\/fr\/negozio\/sculpture-fr-2\/sculpture-moderne-fr\/buste-en-platre\/","og_locale":"fr_FR","og_type":"article","og_title":"Sculpture Buste en Pl\u00e2tre Italienne Ann\u00e9es 40 Ida Fu\u00e0","og_description":"Sculpture \u0153uvre de l\u2019artiste Lombarde Ida Fu\u00e1\u00a0","og_url":"https:\/\/egidimadeinitaly.com\/fr\/negozio\/sculpture-fr-2\/sculpture-moderne-fr\/buste-en-platre\/","og_site_name":"Egidi MadeinItaly","article_publisher":"https:\/\/www.facebook.com\/egidimadeinitaly\/","article_modified_time":"2021-07-21T14:59:40+00:00","og_image":[{"width":2000,"height":1333,"url":"https:\/\/egidimadeinitaly.com\/wp-content\/uploads\/2020\/02\/ida_fua_scultura_bianca_in-gesso_1940-e1717420427848.jpeg","type":"image\/jpeg"}],"schema":{"@context":"https:\/\/schema.org","@graph":[{"@type":"WebPage","@id":"https:\/\/egidimadeinitaly.com\/fr\/negozio\/sculpture-fr-2\/sculpture-moderne-fr\/buste-en-platre\/","url":"https:\/\/egidimadeinitaly.com\/fr\/negozio\/sculpture-fr-2\/sculpture-moderne-fr\/buste-en-platre\/","name":"Sculpture Buste en Pl\u00e2tre Italienne Ann\u00e9es 40 Ida Fu\u00e0 - Egidi MadeinItaly","isPartOf":{"@id":"https:\/\/egidimadeinitaly.com\/fr\/#website"},"primaryImageOfPage":{"@id":"https:\/\/egidimadeinitaly.com\/fr\/negozio\/sculpture-fr-2\/sculpture-moderne-fr\/buste-en-platre\/#primaryimage"},"image":{"@id":"https:\/\/egidimadeinitaly.com\/fr\/negozio\/sculpture-fr-2\/sculpture-moderne-fr\/buste-en-platre\/#primaryimage"},"thumbnailUrl":"https:\/\/egidimadeinitaly.com\/v25\/wp-content\/uploads\/2020\/02\/ida_fua_scultura_bianca_in-gesso_1940-e1717420427848.jpeg","datePublished":"2020-02-02T14:23:47+00:00","dateModified":"2021-07-21T14:59:40+00:00","description":"jolie \u0153uvre de l'artiste Lombarde Ida Fu\u00e1, sp\u00e9cialis\u00e9e dans les portraits en pl\u00e2tre.","breadcrumb":{"@id":"https:\/\/egidimadeinitaly.com\/fr\/negozio\/sculpture-fr-2\/sculpture-moderne-fr\/buste-en-platre\/#breadcrumb"},"inLanguage":"fr-FR","potentialAction":[{"@type":"ReadAction","target":["https:\/\/egidimadeinitaly.com\/fr\/negozio\/sculpture-fr-2\/sculpture-moderne-fr\/buste-en-platre\/"]}]},{"@type":"ImageObject","inLanguage":"fr-FR","@id":"https:\/\/egidimadeinitaly.com\/fr\/negozio\/sculpture-fr-2\/sculpture-moderne-fr\/buste-en-platre\/#primaryimage","url":"https:\/\/egidimadeinitaly.com\/v25\/wp-content\/uploads\/2020\/02\/ida_fua_scultura_bianca_in-gesso_1940-e1717420427848.jpeg","contentUrl":"https:\/\/egidimadeinitaly.com\/v25\/wp-content\/uploads\/2020\/02\/ida_fua_scultura_bianca_in-gesso_1940-e1717420427848.jpeg","width":2000,"height":1333,"caption":"Ida Fu\u00e0 Buste en Pl\u00e2tre Italie Ann\u00e9es 40"},{"@type":"BreadcrumbList","@id":"https:\/\/egidimadeinitaly.com\/fr\/negozio\/sculpture-fr-2\/sculpture-moderne-fr\/buste-en-platre\/#breadcrumb","itemListElement":[{"@type":"ListItem","position":1,"name":"Home","item":"https:\/\/egidimadeinitaly.com\/fr\/"},{"@type":"ListItem","position":2,"name":"Produits","item":"https:\/\/egidimadeinitaly.com\/fr\/shop\/"},{"@type":"ListItem","position":3,"name":"Sculpture","item":"https:\/\/egidimadeinitaly.com\/fr\/product-category\/sculpture-fr-2\/"},{"@type":"ListItem","position":4,"name":"Sculpture moderne","item":"https:\/\/egidimadeinitaly.com\/fr\/product-category\/sculpture-fr-2\/sculpture-moderne-fr\/"},{"@type":"ListItem","position":5,"name":"Sculpture Buste en Pl\u00e2tre Italienne Ann\u00e9es 40 Ida Fu\u00e0"}]},{"@type":"WebSite","@id":"https:\/\/egidimadeinitaly.com\/fr\/#website","url":"https:\/\/egidimadeinitaly.com\/fr\/","name":"Egidi MadeinItaly","description":"Fine Art","potentialAction":[{"@type":"SearchAction","target":{"@type":"EntryPoint","urlTemplate":"https:\/\/egidimadeinitaly.com\/fr\/?s={search_term_string}"},"query-input":{"@type":"PropertyValueSpecification","valueRequired":true,"valueName":"search_term_string"}}],"inLanguage":"fr-FR"}]}},"_links":{"self":[{"href":"https:\/\/egidimadeinitaly.com\/fr\/wp-json\/wp\/v2\/product\/83279","targetHints":{"allow":["GET"]}}],"collection":[{"href":"https:\/\/egidimadeinitaly.com\/fr\/wp-json\/wp\/v2\/product"}],"about":[{"href":"https:\/\/egidimadeinitaly.com\/fr\/wp-json\/wp\/v2\/types\/product"}],"wp:featuredmedia":[{"embeddable":true,"href":"https:\/\/egidimadeinitaly.com\/fr\/wp-json\/wp\/v2\/media\/83759"}],"wp:attachment":[{"href":"https:\/\/egidimadeinitaly.com\/fr\/wp-json\/wp\/v2\/media?parent=83279"}],"wp:term":[{"taxonomy":"product_brand","embeddable":true,"href":"https:\/\/egidimadeinitaly.com\/fr\/wp-json\/wp\/v2\/product_brand?post=83279"},{"taxonomy":"product_cat","embeddable":true,"href":"https:\/\/egidimadeinitaly.com\/fr\/wp-json\/wp\/v2\/product_cat?post=83279"},{"taxonomy":"product_tag","embeddable":true,"href":"https:\/\/egidimadeinitaly.com\/fr\/wp-json\/wp\/v2\/product_tag?post=83279"}],"curies":[{"name":"wp","href":"https:\/\/api.w.org\/{rel}","templated":true}]}}