{"id":83275,"date":"2020-02-02T15:23:47","date_gmt":"2020-02-02T14:23:47","guid":{"rendered":"https:\/\/egidimadeinitaly.com\/ecomsite\/product\/antinoo-scultura-neoclassica-in-gesso\/"},"modified":"2022-11-30T10:42:31","modified_gmt":"2022-11-30T09:42:31","slug":"antinous-sculpture-en-platre","status":"publish","type":"product","link":"https:\/\/egidimadeinitaly.com\/fr\/negozio\/sculpture-fr-2\/sculpture-ancienne-fr\/antinous-sculpture-en-platre\/","title":{"rendered":"Antino\u00fcs Sculpture en Pl\u00e2tre"},"content":{"rendered":"<div class=\"accordion_content ui-accordion-content ui-helper-reset ui-widget-content ui-corner-bottom ui-accordion-content-active\">\n<div class=\"accordion_content_inner\">\n<p>Superbe travail d\u2019atelier en parfait \u00e9tat figurant le favori de l\u2019empereur <strong>Hadrien<\/strong>.<\/p>\n<p>&nbsp;<\/p>\n<\/div>\n<\/div>\n","protected":false},"excerpt":{"rendered":"<p>Importante sculpture en pl\u00e2tre repr\u00e9sentant Antino\u00fcs milieu 19\u00e8me si\u00e8cle<\/p>\n","protected":false},"featured_media":83726,"template":"","meta":{"_acf_changed":false},"product_brand":[],"product_cat":[6417,6419],"product_tag":[5405,2729,2573,2650,5306],"class_list":{"0":"post-83275","1":"product","2":"type-product","3":"status-publish","4":"has-post-thumbnail","6":"product_cat-sculpture-fr-2","7":"product_cat-sculpture-ancienne-fr","8":"product_tag-blanc","9":"product_tag-bustes","10":"product_tag-grand-tour-fr","11":"product_tag-neoclassiques","12":"product_tag-objets-de-collection","13":"product_shipping_class-dhl-fr","15":"first","16":"outofstock","17":"shipping-taxable","18":"product-type-simple"},"acf":[],"yoast_head":"<!-- This site is optimized with the Yoast SEO Premium plugin v27.5 (Yoast SEO v27.5) - https:\/\/yoast.com\/product\/yoast-seo-premium-wordpress\/ -->\n<title>Antino\u00fcs Sculpture en Pl\u00e2tre - Egidi MadeinItaly<\/title>\n<meta name=\"description\" content=\"Antino\u00fcs Sculpture en Pl\u00e2tre Grand Tour XIXeme Si\u00e8cle repr\u00e9sentant le favori de Hadrien. En vente sur Egidi MadeinItaly E-commerce.\" \/>\n<meta name=\"robots\" content=\"index, follow, max-snippet:-1, max-image-preview:large, max-video-preview:-1\" \/>\n<link rel=\"canonical\" href=\"https:\/\/egidimadeinitaly.com\/fr\/negozio\/sculpture-fr-2\/sculpture-ancienne-fr\/antinous-sculpture-en-platre\/\" \/>\n<meta property=\"og:locale\" content=\"fr_FR\" \/>\n<meta property=\"og:type\" content=\"article\" \/>\n<meta property=\"og:title\" content=\"Antino\u00fcs Sculpture en Pl\u00e2tre\" \/>\n<meta property=\"og:description\" content=\"Importante sculpture en pl\u00e2tre repr\u00e9sentant Antino\u00fcs milieu 19\u00e8me si\u00e8cle\" \/>\n<meta property=\"og:url\" content=\"https:\/\/egidimadeinitaly.com\/fr\/negozio\/sculpture-fr-2\/sculpture-ancienne-fr\/antinous-sculpture-en-platre\/\" \/>\n<meta property=\"og:site_name\" content=\"Egidi MadeinItaly\" \/>\n<meta property=\"article:publisher\" content=\"https:\/\/www.facebook.com\/egidimadeinitaly\/\" \/>\n<meta property=\"article:modified_time\" content=\"2022-11-30T09:42:31+00:00\" \/>\n<meta property=\"og:image\" content=\"https:\/\/egidimadeinitaly.com\/wp-content\/uploads\/2020\/02\/antinoo_scultura_neoclassica_in_gesso-e1717420350426.jpeg\" \/>\n\t<meta property=\"og:image:width\" content=\"1333\" \/>\n\t<meta property=\"og:image:height\" content=\"2000\" \/>\n\t<meta property=\"og:image:type\" content=\"image\/jpeg\" \/>\n<script type=\"application\/ld+json\" class=\"yoast-schema-graph\">{\"@context\":\"https:\\\/\\\/schema.org\",\"@graph\":[{\"@type\":\"WebPage\",\"@id\":\"https:\\\/\\\/egidimadeinitaly.com\\\/fr\\\/negozio\\\/sculpture-fr-2\\\/sculpture-ancienne-fr\\\/antinous-sculpture-en-platre\\\/\",\"url\":\"https:\\\/\\\/egidimadeinitaly.com\\\/fr\\\/negozio\\\/sculpture-fr-2\\\/sculpture-ancienne-fr\\\/antinous-sculpture-en-platre\\\/\",\"name\":\"Antino\u00fcs Sculpture en Pl\u00e2tre - Egidi MadeinItaly\",\"isPartOf\":{\"@id\":\"https:\\\/\\\/egidimadeinitaly.com\\\/fr\\\/#website\"},\"primaryImageOfPage\":{\"@id\":\"https:\\\/\\\/egidimadeinitaly.com\\\/fr\\\/negozio\\\/sculpture-fr-2\\\/sculpture-ancienne-fr\\\/antinous-sculpture-en-platre\\\/#primaryimage\"},\"image\":{\"@id\":\"https:\\\/\\\/egidimadeinitaly.com\\\/fr\\\/negozio\\\/sculpture-fr-2\\\/sculpture-ancienne-fr\\\/antinous-sculpture-en-platre\\\/#primaryimage\"},\"thumbnailUrl\":\"https:\\\/\\\/egidimadeinitaly.com\\\/v25\\\/wp-content\\\/uploads\\\/2020\\\/02\\\/antinoo_scultura_neoclassica_in_gesso-e1717420350426.jpeg\",\"datePublished\":\"2020-02-02T14:23:47+00:00\",\"dateModified\":\"2022-11-30T09:42:31+00:00\",\"description\":\"Antino\u00fcs Sculpture en Pl\u00e2tre Grand Tour XIXeme Si\u00e8cle repr\u00e9sentant le favori de Hadrien. En vente sur Egidi MadeinItaly E-commerce.\",\"breadcrumb\":{\"@id\":\"https:\\\/\\\/egidimadeinitaly.com\\\/fr\\\/negozio\\\/sculpture-fr-2\\\/sculpture-ancienne-fr\\\/antinous-sculpture-en-platre\\\/#breadcrumb\"},\"inLanguage\":\"fr-FR\",\"potentialAction\":[{\"@type\":\"ReadAction\",\"target\":[\"https:\\\/\\\/egidimadeinitaly.com\\\/fr\\\/negozio\\\/sculpture-fr-2\\\/sculpture-ancienne-fr\\\/antinous-sculpture-en-platre\\\/\"]}]},{\"@type\":\"ImageObject\",\"inLanguage\":\"fr-FR\",\"@id\":\"https:\\\/\\\/egidimadeinitaly.com\\\/fr\\\/negozio\\\/sculpture-fr-2\\\/sculpture-ancienne-fr\\\/antinous-sculpture-en-platre\\\/#primaryimage\",\"url\":\"https:\\\/\\\/egidimadeinitaly.com\\\/v25\\\/wp-content\\\/uploads\\\/2020\\\/02\\\/antinoo_scultura_neoclassica_in_gesso-e1717420350426.jpeg\",\"contentUrl\":\"https:\\\/\\\/egidimadeinitaly.com\\\/v25\\\/wp-content\\\/uploads\\\/2020\\\/02\\\/antinoo_scultura_neoclassica_in_gesso-e1717420350426.jpeg\",\"width\":1333,\"height\":2000,\"caption\":\"Sculpture en Pl\u00e2tre XIX Si\u00e8cle\"},{\"@type\":\"BreadcrumbList\",\"@id\":\"https:\\\/\\\/egidimadeinitaly.com\\\/fr\\\/negozio\\\/sculpture-fr-2\\\/sculpture-ancienne-fr\\\/antinous-sculpture-en-platre\\\/#breadcrumb\",\"itemListElement\":[{\"@type\":\"ListItem\",\"position\":1,\"name\":\"Home\",\"item\":\"https:\\\/\\\/egidimadeinitaly.com\\\/fr\\\/\"},{\"@type\":\"ListItem\",\"position\":2,\"name\":\"Produits\",\"item\":\"https:\\\/\\\/egidimadeinitaly.com\\\/fr\\\/shop\\\/\"},{\"@type\":\"ListItem\",\"position\":3,\"name\":\"Sculpture\",\"item\":\"https:\\\/\\\/egidimadeinitaly.com\\\/fr\\\/product-category\\\/sculpture-fr-2\\\/\"},{\"@type\":\"ListItem\",\"position\":4,\"name\":\"Sculpture ancienne\",\"item\":\"https:\\\/\\\/egidimadeinitaly.com\\\/fr\\\/product-category\\\/sculpture-fr-2\\\/sculpture-ancienne-fr\\\/\"},{\"@type\":\"ListItem\",\"position\":5,\"name\":\"Antino\u00fcs Sculpture en Pl\u00e2tre\"}]},{\"@type\":\"WebSite\",\"@id\":\"https:\\\/\\\/egidimadeinitaly.com\\\/fr\\\/#website\",\"url\":\"https:\\\/\\\/egidimadeinitaly.com\\\/fr\\\/\",\"name\":\"Egidi MadeinItaly\",\"description\":\"Fine Art\",\"potentialAction\":[{\"@type\":\"SearchAction\",\"target\":{\"@type\":\"EntryPoint\",\"urlTemplate\":\"https:\\\/\\\/egidimadeinitaly.com\\\/fr\\\/?s={search_term_string}\"},\"query-input\":{\"@type\":\"PropertyValueSpecification\",\"valueRequired\":true,\"valueName\":\"search_term_string\"}}],\"inLanguage\":\"fr-FR\"}]}<\/script>\n<!-- \/ Yoast SEO Premium plugin. -->","yoast_head_json":{"title":"Antino\u00fcs Sculpture en Pl\u00e2tre - Egidi MadeinItaly","description":"Antino\u00fcs Sculpture en Pl\u00e2tre Grand Tour XIXeme Si\u00e8cle repr\u00e9sentant le favori de Hadrien. En vente sur Egidi MadeinItaly E-commerce.","robots":{"index":"index","follow":"follow","max-snippet":"max-snippet:-1","max-image-preview":"max-image-preview:large","max-video-preview":"max-video-preview:-1"},"canonical":"https:\/\/egidimadeinitaly.com\/fr\/negozio\/sculpture-fr-2\/sculpture-ancienne-fr\/antinous-sculpture-en-platre\/","og_locale":"fr_FR","og_type":"article","og_title":"Antino\u00fcs Sculpture en Pl\u00e2tre","og_description":"Importante sculpture en pl\u00e2tre repr\u00e9sentant Antino\u00fcs milieu 19\u00e8me si\u00e8cle","og_url":"https:\/\/egidimadeinitaly.com\/fr\/negozio\/sculpture-fr-2\/sculpture-ancienne-fr\/antinous-sculpture-en-platre\/","og_site_name":"Egidi MadeinItaly","article_publisher":"https:\/\/www.facebook.com\/egidimadeinitaly\/","article_modified_time":"2022-11-30T09:42:31+00:00","og_image":[{"width":1333,"height":2000,"url":"https:\/\/egidimadeinitaly.com\/wp-content\/uploads\/2020\/02\/antinoo_scultura_neoclassica_in_gesso-e1717420350426.jpeg","type":"image\/jpeg"}],"schema":{"@context":"https:\/\/schema.org","@graph":[{"@type":"WebPage","@id":"https:\/\/egidimadeinitaly.com\/fr\/negozio\/sculpture-fr-2\/sculpture-ancienne-fr\/antinous-sculpture-en-platre\/","url":"https:\/\/egidimadeinitaly.com\/fr\/negozio\/sculpture-fr-2\/sculpture-ancienne-fr\/antinous-sculpture-en-platre\/","name":"Antino\u00fcs Sculpture en Pl\u00e2tre - Egidi MadeinItaly","isPartOf":{"@id":"https:\/\/egidimadeinitaly.com\/fr\/#website"},"primaryImageOfPage":{"@id":"https:\/\/egidimadeinitaly.com\/fr\/negozio\/sculpture-fr-2\/sculpture-ancienne-fr\/antinous-sculpture-en-platre\/#primaryimage"},"image":{"@id":"https:\/\/egidimadeinitaly.com\/fr\/negozio\/sculpture-fr-2\/sculpture-ancienne-fr\/antinous-sculpture-en-platre\/#primaryimage"},"thumbnailUrl":"https:\/\/egidimadeinitaly.com\/v25\/wp-content\/uploads\/2020\/02\/antinoo_scultura_neoclassica_in_gesso-e1717420350426.jpeg","datePublished":"2020-02-02T14:23:47+00:00","dateModified":"2022-11-30T09:42:31+00:00","description":"Antino\u00fcs Sculpture en Pl\u00e2tre Grand Tour XIXeme Si\u00e8cle repr\u00e9sentant le favori de Hadrien. En vente sur Egidi MadeinItaly E-commerce.","breadcrumb":{"@id":"https:\/\/egidimadeinitaly.com\/fr\/negozio\/sculpture-fr-2\/sculpture-ancienne-fr\/antinous-sculpture-en-platre\/#breadcrumb"},"inLanguage":"fr-FR","potentialAction":[{"@type":"ReadAction","target":["https:\/\/egidimadeinitaly.com\/fr\/negozio\/sculpture-fr-2\/sculpture-ancienne-fr\/antinous-sculpture-en-platre\/"]}]},{"@type":"ImageObject","inLanguage":"fr-FR","@id":"https:\/\/egidimadeinitaly.com\/fr\/negozio\/sculpture-fr-2\/sculpture-ancienne-fr\/antinous-sculpture-en-platre\/#primaryimage","url":"https:\/\/egidimadeinitaly.com\/v25\/wp-content\/uploads\/2020\/02\/antinoo_scultura_neoclassica_in_gesso-e1717420350426.jpeg","contentUrl":"https:\/\/egidimadeinitaly.com\/v25\/wp-content\/uploads\/2020\/02\/antinoo_scultura_neoclassica_in_gesso-e1717420350426.jpeg","width":1333,"height":2000,"caption":"Sculpture en Pl\u00e2tre XIX Si\u00e8cle"},{"@type":"BreadcrumbList","@id":"https:\/\/egidimadeinitaly.com\/fr\/negozio\/sculpture-fr-2\/sculpture-ancienne-fr\/antinous-sculpture-en-platre\/#breadcrumb","itemListElement":[{"@type":"ListItem","position":1,"name":"Home","item":"https:\/\/egidimadeinitaly.com\/fr\/"},{"@type":"ListItem","position":2,"name":"Produits","item":"https:\/\/egidimadeinitaly.com\/fr\/shop\/"},{"@type":"ListItem","position":3,"name":"Sculpture","item":"https:\/\/egidimadeinitaly.com\/fr\/product-category\/sculpture-fr-2\/"},{"@type":"ListItem","position":4,"name":"Sculpture ancienne","item":"https:\/\/egidimadeinitaly.com\/fr\/product-category\/sculpture-fr-2\/sculpture-ancienne-fr\/"},{"@type":"ListItem","position":5,"name":"Antino\u00fcs Sculpture en Pl\u00e2tre"}]},{"@type":"WebSite","@id":"https:\/\/egidimadeinitaly.com\/fr\/#website","url":"https:\/\/egidimadeinitaly.com\/fr\/","name":"Egidi MadeinItaly","description":"Fine Art","potentialAction":[{"@type":"SearchAction","target":{"@type":"EntryPoint","urlTemplate":"https:\/\/egidimadeinitaly.com\/fr\/?s={search_term_string}"},"query-input":{"@type":"PropertyValueSpecification","valueRequired":true,"valueName":"search_term_string"}}],"inLanguage":"fr-FR"}]}},"_links":{"self":[{"href":"https:\/\/egidimadeinitaly.com\/fr\/wp-json\/wp\/v2\/product\/83275","targetHints":{"allow":["GET"]}}],"collection":[{"href":"https:\/\/egidimadeinitaly.com\/fr\/wp-json\/wp\/v2\/product"}],"about":[{"href":"https:\/\/egidimadeinitaly.com\/fr\/wp-json\/wp\/v2\/types\/product"}],"wp:featuredmedia":[{"embeddable":true,"href":"https:\/\/egidimadeinitaly.com\/fr\/wp-json\/wp\/v2\/media\/83726"}],"wp:attachment":[{"href":"https:\/\/egidimadeinitaly.com\/fr\/wp-json\/wp\/v2\/media?parent=83275"}],"wp:term":[{"taxonomy":"product_brand","embeddable":true,"href":"https:\/\/egidimadeinitaly.com\/fr\/wp-json\/wp\/v2\/product_brand?post=83275"},{"taxonomy":"product_cat","embeddable":true,"href":"https:\/\/egidimadeinitaly.com\/fr\/wp-json\/wp\/v2\/product_cat?post=83275"},{"taxonomy":"product_tag","embeddable":true,"href":"https:\/\/egidimadeinitaly.com\/fr\/wp-json\/wp\/v2\/product_tag?post=83275"}],"curies":[{"name":"wp","href":"https:\/\/api.w.org\/{rel}","templated":true}]}}