{"id":83256,"date":"2020-11-02T15:23:42","date_gmt":"2020-11-02T14:23:42","guid":{"rendered":"https:\/\/egidimadeinitaly.com\/ecomsite\/product\/salvator-rosa-cornice-in-legno-dorato-xvii-secolo\/"},"modified":"2022-01-12T18:16:04","modified_gmt":"2022-01-12T18:16:04","slug":"cadre-en-bois-dore","status":"publish","type":"product","link":"https:\/\/egidimadeinitaly.com\/fr\/negozio\/objets-dart\/objets-dart-anciens-fr\/cadre-en-bois-dore\/","title":{"rendered":"Cadre Italien en Bois Dore\u2019"},"content":{"rendered":"<p>Le cadre <strong>Salvator Rosa<\/strong> est caract\u00e9ris\u00e9 par un design lin\u00e9aire et simple et par la dorure \u00e0 la feuille d\u2019or.<br \/>\nSalvator Rosa est la c\u00e9l\u00e8bre vari\u00e9t\u00e9 de cadre romain et napolitain, nomm\u00e9 d\u2019apr\u00e8s le peintre italien \u00e9ponyme<\/p>\n<p>Il para\u00eet que le tr\u00e8s c\u00e9l\u00e8bre peintre napolitain, connu pour ses repr\u00e9sentations intenses et aust\u00e8res de la nature, soignait sa production dans les moindres d\u00e9tails, allant jusqu\u2019\u00e0 dessiner la forme des cadres.<\/p>\n<p>C\u2019est donc de cet artiste n\u00e9 \u00e0 Naples, qui a v\u00e9cu et qui est mort \u00e0 Rome au milieu du XVIIe si\u00e8cle, que vient le nom de l\u2019un des mod\u00e8les de cadres les plus recherch\u00e9s, qui connu sa plus haute expression pr\u00e9cis\u00e9ment dans le centre de l\u2019Italie, approximativement dans la r\u00e9gion allant du Vatican \u00e0 la Campanie.<\/p>\n<p>Cependant, une diff\u00e9rence importante distingue la production romaine de la production napolitaine : \u00e0 Rome, la moulure du cadre \u00e9tait toujours dor\u00e9e \u00e0 la feuille d\u2019or, tandis que dans le Bas Latium, jusqu&rsquo;\u00e0 Naples, la finition, dite \u00ab <em>\u00e0 la m\u00e9cca<\/em> \u00bb, \u00e9tait toujours argent\u00e9e.<\/p>\n<p>&nbsp;<\/p>\n<p>Une derni\u00e8re remarque avant de conclure: qui sait pourquoi ici en France, mais aussi dans les pays anglo-saxons, ce type de cadre est appel\u00e9 <em><strong>Maratta<\/strong><\/em> , un terme qui d\u00e9rive vraisemblablement du nom de Carlo Maratta, grand peintre de la r\u00e9gion des Marches.<\/p>\n","protected":false},"excerpt":{"rendered":"<p>Ce cadre en bois dor\u00e9, aussi simple qu\u2019\u00e9l\u00e9gant, est un pur exemple de la prestigieuse cat\u00e9gorie dite Salvator Rosa du XVIII si\u00e8cle.<br \/>\nLe cadre <strong>Salvator Rosa<\/strong> est caract\u00e9ris\u00e9 par un design lin\u00e9aire et simple et par la dorure \u00e0 la feuille d\u2019or.<br \/>\nSalvator Rosa est la c\u00e9l\u00e8bre vari\u00e9t\u00e9 de cadre romain et napolitain, nomm\u00e9 d\u2019apr\u00e8s le peintre italien \u00e9ponyme.<\/p>\n<p>&nbsp;<\/p>\n<p>&nbsp;<\/p>\n","protected":false},"featured_media":87006,"template":"","meta":{"_acf_changed":false},"product_brand":[],"product_cat":[6406,6492],"product_tag":[1654,5361,5306,1319],"class_list":{"0":"post-83256","1":"product","2":"type-product","3":"status-publish","4":"has-post-thumbnail","6":"product_cat-objets-dart-anciens-fr","7":"product_cat-objets-dart","8":"product_tag-bois-dore","9":"product_tag-decoration-murale","10":"product_tag-objets-de-collection","11":"product_tag-or-fr","12":"product_shipping_class-dhl-fr","14":"first","15":"instock","16":"shipping-taxable","17":"product-type-simple"},"acf":[],"yoast_head":"<!-- This site is optimized with the Yoast SEO Premium plugin v27.4 (Yoast SEO v27.5) - https:\/\/yoast.com\/product\/yoast-seo-premium-wordpress\/ -->\n<title>Cadre Italien en Bois Dore\u2019 - Egidi MadeinItaly<\/title>\n<meta name=\"description\" content=\"Cadre Salvator Rosa en bois dor\u00e9 \u00e0 la Feuille d&#039;or Rome XVIIIe si\u00e8cle Objets de collection en vente sur Egidi MadeinItaly\" \/>\n<meta name=\"robots\" content=\"index, follow, max-snippet:-1, max-image-preview:large, max-video-preview:-1\" \/>\n<link rel=\"canonical\" href=\"https:\/\/egidimadeinitaly.com\/fr\/negozio\/objets-dart\/objets-dart-anciens-fr\/cadre-en-bois-dore\/\" \/>\n<meta property=\"og:locale\" content=\"fr_FR\" \/>\n<meta property=\"og:type\" content=\"article\" \/>\n<meta property=\"og:title\" content=\"Cadre Italien en Bois Dore\u2019\" \/>\n<meta property=\"og:description\" content=\"Ce cadre en bois dor\u00e9, aussi simple qu\u2019\u00e9l\u00e9gant, est un pur exemple de la prestigieuse cat\u00e9gorie dite Salvator Rosa du XVIII si\u00e8cle. Le cadre Salvator Rosa est caract\u00e9ris\u00e9 par un design lin\u00e9aire et simple et par la dorure \u00e0 la feuille d\u2019or. Salvator Rosa est la c\u00e9l\u00e8bre vari\u00e9t\u00e9 de cadre romain et napolitain, nomm\u00e9 d\u2019apr\u00e8s le peintre italien \u00e9ponyme.  &nbsp;  &nbsp;\" \/>\n<meta property=\"og:url\" content=\"https:\/\/egidimadeinitaly.com\/fr\/negozio\/objets-dart\/objets-dart-anciens-fr\/cadre-en-bois-dore\/\" \/>\n<meta property=\"og:site_name\" content=\"Egidi MadeinItaly\" \/>\n<meta property=\"article:publisher\" content=\"https:\/\/www.facebook.com\/egidimadeinitaly\/\" \/>\n<meta property=\"article:modified_time\" content=\"2022-01-12T18:16:04+00:00\" \/>\n<meta property=\"og:image\" content=\"https:\/\/egidimadeinitaly.com\/wp-content\/uploads\/2020\/03\/196C1570-B356-496C-805E-E60066AC085F-e1722700204663.jpeg\" \/>\n\t<meta property=\"og:image:width\" content=\"1024\" \/>\n\t<meta property=\"og:image:height\" content=\"682\" \/>\n\t<meta property=\"og:image:type\" content=\"image\/jpeg\" \/>\n<script type=\"application\/ld+json\" class=\"yoast-schema-graph\">{\"@context\":\"https:\\\/\\\/schema.org\",\"@graph\":[{\"@type\":\"WebPage\",\"@id\":\"https:\\\/\\\/egidimadeinitaly.com\\\/fr\\\/negozio\\\/objets-dart\\\/objets-dart-anciens-fr\\\/cadre-en-bois-dore\\\/\",\"url\":\"https:\\\/\\\/egidimadeinitaly.com\\\/fr\\\/negozio\\\/objets-dart\\\/objets-dart-anciens-fr\\\/cadre-en-bois-dore\\\/\",\"name\":\"Cadre Italien en Bois Dore\u2019 - Egidi MadeinItaly\",\"isPartOf\":{\"@id\":\"https:\\\/\\\/egidimadeinitaly.com\\\/fr\\\/#website\"},\"primaryImageOfPage\":{\"@id\":\"https:\\\/\\\/egidimadeinitaly.com\\\/fr\\\/negozio\\\/objets-dart\\\/objets-dart-anciens-fr\\\/cadre-en-bois-dore\\\/#primaryimage\"},\"image\":{\"@id\":\"https:\\\/\\\/egidimadeinitaly.com\\\/fr\\\/negozio\\\/objets-dart\\\/objets-dart-anciens-fr\\\/cadre-en-bois-dore\\\/#primaryimage\"},\"thumbnailUrl\":\"https:\\\/\\\/egidimadeinitaly.com\\\/v25\\\/wp-content\\\/uploads\\\/2020\\\/03\\\/196C1570-B356-496C-805E-E60066AC085F-e1722700204663.jpeg\",\"datePublished\":\"2020-11-02T14:23:42+00:00\",\"dateModified\":\"2022-01-12T18:16:04+00:00\",\"description\":\"Cadre Salvator Rosa en bois dor\u00e9 \u00e0 la Feuille d'or Rome XVIIIe si\u00e8cle Objets de collection en vente sur Egidi MadeinItaly\",\"breadcrumb\":{\"@id\":\"https:\\\/\\\/egidimadeinitaly.com\\\/fr\\\/negozio\\\/objets-dart\\\/objets-dart-anciens-fr\\\/cadre-en-bois-dore\\\/#breadcrumb\"},\"inLanguage\":\"fr-FR\",\"potentialAction\":[{\"@type\":\"ReadAction\",\"target\":[\"https:\\\/\\\/egidimadeinitaly.com\\\/fr\\\/negozio\\\/objets-dart\\\/objets-dart-anciens-fr\\\/cadre-en-bois-dore\\\/\"]}]},{\"@type\":\"ImageObject\",\"inLanguage\":\"fr-FR\",\"@id\":\"https:\\\/\\\/egidimadeinitaly.com\\\/fr\\\/negozio\\\/objets-dart\\\/objets-dart-anciens-fr\\\/cadre-en-bois-dore\\\/#primaryimage\",\"url\":\"https:\\\/\\\/egidimadeinitaly.com\\\/v25\\\/wp-content\\\/uploads\\\/2020\\\/03\\\/196C1570-B356-496C-805E-E60066AC085F-e1722700204663.jpeg\",\"contentUrl\":\"https:\\\/\\\/egidimadeinitaly.com\\\/v25\\\/wp-content\\\/uploads\\\/2020\\\/03\\\/196C1570-B356-496C-805E-E60066AC085F-e1722700204663.jpeg\",\"width\":1024,\"height\":682,\"caption\":\"Cadre Italien en XVIII Si\u00e8cle\"},{\"@type\":\"BreadcrumbList\",\"@id\":\"https:\\\/\\\/egidimadeinitaly.com\\\/fr\\\/negozio\\\/objets-dart\\\/objets-dart-anciens-fr\\\/cadre-en-bois-dore\\\/#breadcrumb\",\"itemListElement\":[{\"@type\":\"ListItem\",\"position\":1,\"name\":\"Home\",\"item\":\"https:\\\/\\\/egidimadeinitaly.com\\\/fr\\\/\"},{\"@type\":\"ListItem\",\"position\":2,\"name\":\"Produits\",\"item\":\"https:\\\/\\\/egidimadeinitaly.com\\\/fr\\\/shop\\\/\"},{\"@type\":\"ListItem\",\"position\":3,\"name\":\"Objets d\u2019art\",\"item\":\"https:\\\/\\\/egidimadeinitaly.com\\\/fr\\\/product-category\\\/objets-dart\\\/\"},{\"@type\":\"ListItem\",\"position\":4,\"name\":\"Objets d'art anciens\",\"item\":\"https:\\\/\\\/egidimadeinitaly.com\\\/fr\\\/product-category\\\/objets-dart\\\/objets-dart-anciens-fr\\\/\"},{\"@type\":\"ListItem\",\"position\":5,\"name\":\"Cadre Italien en Bois Dore\u2019\"}]},{\"@type\":\"WebSite\",\"@id\":\"https:\\\/\\\/egidimadeinitaly.com\\\/fr\\\/#website\",\"url\":\"https:\\\/\\\/egidimadeinitaly.com\\\/fr\\\/\",\"name\":\"Egidi MadeinItaly\",\"description\":\"Fine Art\",\"potentialAction\":[{\"@type\":\"SearchAction\",\"target\":{\"@type\":\"EntryPoint\",\"urlTemplate\":\"https:\\\/\\\/egidimadeinitaly.com\\\/fr\\\/?s={search_term_string}\"},\"query-input\":{\"@type\":\"PropertyValueSpecification\",\"valueRequired\":true,\"valueName\":\"search_term_string\"}}],\"inLanguage\":\"fr-FR\"}]}<\/script>\n<!-- \/ Yoast SEO Premium plugin. -->","yoast_head_json":{"title":"Cadre Italien en Bois Dore\u2019 - Egidi MadeinItaly","description":"Cadre Salvator Rosa en bois dor\u00e9 \u00e0 la Feuille d'or Rome XVIIIe si\u00e8cle Objets de collection en vente sur Egidi MadeinItaly","robots":{"index":"index","follow":"follow","max-snippet":"max-snippet:-1","max-image-preview":"max-image-preview:large","max-video-preview":"max-video-preview:-1"},"canonical":"https:\/\/egidimadeinitaly.com\/fr\/negozio\/objets-dart\/objets-dart-anciens-fr\/cadre-en-bois-dore\/","og_locale":"fr_FR","og_type":"article","og_title":"Cadre Italien en Bois Dore\u2019","og_description":"Ce cadre en bois dor\u00e9, aussi simple qu\u2019\u00e9l\u00e9gant, est un pur exemple de la prestigieuse cat\u00e9gorie dite Salvator Rosa du XVIII si\u00e8cle. Le cadre Salvator Rosa est caract\u00e9ris\u00e9 par un design lin\u00e9aire et simple et par la dorure \u00e0 la feuille d\u2019or. Salvator Rosa est la c\u00e9l\u00e8bre vari\u00e9t\u00e9 de cadre romain et napolitain, nomm\u00e9 d\u2019apr\u00e8s le peintre italien \u00e9ponyme.  &nbsp;  &nbsp;","og_url":"https:\/\/egidimadeinitaly.com\/fr\/negozio\/objets-dart\/objets-dart-anciens-fr\/cadre-en-bois-dore\/","og_site_name":"Egidi MadeinItaly","article_publisher":"https:\/\/www.facebook.com\/egidimadeinitaly\/","article_modified_time":"2022-01-12T18:16:04+00:00","og_image":[{"width":1024,"height":682,"url":"https:\/\/egidimadeinitaly.com\/wp-content\/uploads\/2020\/03\/196C1570-B356-496C-805E-E60066AC085F-e1722700204663.jpeg","type":"image\/jpeg"}],"schema":{"@context":"https:\/\/schema.org","@graph":[{"@type":"WebPage","@id":"https:\/\/egidimadeinitaly.com\/fr\/negozio\/objets-dart\/objets-dart-anciens-fr\/cadre-en-bois-dore\/","url":"https:\/\/egidimadeinitaly.com\/fr\/negozio\/objets-dart\/objets-dart-anciens-fr\/cadre-en-bois-dore\/","name":"Cadre Italien en Bois Dore\u2019 - Egidi MadeinItaly","isPartOf":{"@id":"https:\/\/egidimadeinitaly.com\/fr\/#website"},"primaryImageOfPage":{"@id":"https:\/\/egidimadeinitaly.com\/fr\/negozio\/objets-dart\/objets-dart-anciens-fr\/cadre-en-bois-dore\/#primaryimage"},"image":{"@id":"https:\/\/egidimadeinitaly.com\/fr\/negozio\/objets-dart\/objets-dart-anciens-fr\/cadre-en-bois-dore\/#primaryimage"},"thumbnailUrl":"https:\/\/egidimadeinitaly.com\/v25\/wp-content\/uploads\/2020\/03\/196C1570-B356-496C-805E-E60066AC085F-e1722700204663.jpeg","datePublished":"2020-11-02T14:23:42+00:00","dateModified":"2022-01-12T18:16:04+00:00","description":"Cadre Salvator Rosa en bois dor\u00e9 \u00e0 la Feuille d'or Rome XVIIIe si\u00e8cle Objets de collection en vente sur Egidi MadeinItaly","breadcrumb":{"@id":"https:\/\/egidimadeinitaly.com\/fr\/negozio\/objets-dart\/objets-dart-anciens-fr\/cadre-en-bois-dore\/#breadcrumb"},"inLanguage":"fr-FR","potentialAction":[{"@type":"ReadAction","target":["https:\/\/egidimadeinitaly.com\/fr\/negozio\/objets-dart\/objets-dart-anciens-fr\/cadre-en-bois-dore\/"]}]},{"@type":"ImageObject","inLanguage":"fr-FR","@id":"https:\/\/egidimadeinitaly.com\/fr\/negozio\/objets-dart\/objets-dart-anciens-fr\/cadre-en-bois-dore\/#primaryimage","url":"https:\/\/egidimadeinitaly.com\/v25\/wp-content\/uploads\/2020\/03\/196C1570-B356-496C-805E-E60066AC085F-e1722700204663.jpeg","contentUrl":"https:\/\/egidimadeinitaly.com\/v25\/wp-content\/uploads\/2020\/03\/196C1570-B356-496C-805E-E60066AC085F-e1722700204663.jpeg","width":1024,"height":682,"caption":"Cadre Italien en XVIII Si\u00e8cle"},{"@type":"BreadcrumbList","@id":"https:\/\/egidimadeinitaly.com\/fr\/negozio\/objets-dart\/objets-dart-anciens-fr\/cadre-en-bois-dore\/#breadcrumb","itemListElement":[{"@type":"ListItem","position":1,"name":"Home","item":"https:\/\/egidimadeinitaly.com\/fr\/"},{"@type":"ListItem","position":2,"name":"Produits","item":"https:\/\/egidimadeinitaly.com\/fr\/shop\/"},{"@type":"ListItem","position":3,"name":"Objets d\u2019art","item":"https:\/\/egidimadeinitaly.com\/fr\/product-category\/objets-dart\/"},{"@type":"ListItem","position":4,"name":"Objets d'art anciens","item":"https:\/\/egidimadeinitaly.com\/fr\/product-category\/objets-dart\/objets-dart-anciens-fr\/"},{"@type":"ListItem","position":5,"name":"Cadre Italien en Bois Dore\u2019"}]},{"@type":"WebSite","@id":"https:\/\/egidimadeinitaly.com\/fr\/#website","url":"https:\/\/egidimadeinitaly.com\/fr\/","name":"Egidi MadeinItaly","description":"Fine Art","potentialAction":[{"@type":"SearchAction","target":{"@type":"EntryPoint","urlTemplate":"https:\/\/egidimadeinitaly.com\/fr\/?s={search_term_string}"},"query-input":{"@type":"PropertyValueSpecification","valueRequired":true,"valueName":"search_term_string"}}],"inLanguage":"fr-FR"}]}},"_links":{"self":[{"href":"https:\/\/egidimadeinitaly.com\/fr\/wp-json\/wp\/v2\/product\/83256","targetHints":{"allow":["GET"]}}],"collection":[{"href":"https:\/\/egidimadeinitaly.com\/fr\/wp-json\/wp\/v2\/product"}],"about":[{"href":"https:\/\/egidimadeinitaly.com\/fr\/wp-json\/wp\/v2\/types\/product"}],"wp:featuredmedia":[{"embeddable":true,"href":"https:\/\/egidimadeinitaly.com\/fr\/wp-json\/wp\/v2\/media\/87006"}],"wp:attachment":[{"href":"https:\/\/egidimadeinitaly.com\/fr\/wp-json\/wp\/v2\/media?parent=83256"}],"wp:term":[{"taxonomy":"product_brand","embeddable":true,"href":"https:\/\/egidimadeinitaly.com\/fr\/wp-json\/wp\/v2\/product_brand?post=83256"},{"taxonomy":"product_cat","embeddable":true,"href":"https:\/\/egidimadeinitaly.com\/fr\/wp-json\/wp\/v2\/product_cat?post=83256"},{"taxonomy":"product_tag","embeddable":true,"href":"https:\/\/egidimadeinitaly.com\/fr\/wp-json\/wp\/v2\/product_tag?post=83256"}],"curies":[{"name":"wp","href":"https:\/\/api.w.org\/{rel}","templated":true}]}}