{"id":83254,"date":"2020-02-02T15:23:40","date_gmt":"2020-02-02T14:23:40","guid":{"rendered":"https:\/\/egidimadeinitaly.com\/ecomsite\/product\/ida-fua-busto-in-gesso-firmato-1940\/"},"modified":"2021-07-21T15:37:22","modified_gmt":"2021-07-21T15:37:22","slug":"platre-italien-signe-ida-fua","status":"publish","type":"product","link":"https:\/\/egidimadeinitaly.com\/fr\/negozio\/sculpture-fr-2\/sculpture-moderne-fr\/platre-italien-signe-ida-fua\/","title":{"rendered":"Sculpture Pl\u00e2tre Italienne Sign\u00e9e Ida Fu\u00e0"},"content":{"rendered":"<div class=\"accordion_content ui-accordion-content ui-helper-reset ui-widget-content ui-corner-bottom ui-accordion-content-active\">\n<div class=\"accordion_content_inner\">\n<p><strong>Ida Fu\u00e0<\/strong> est un artiste juif, elle a v\u00e9cu pendant des ann\u00e9es du fascisme et des lois raciales; <strong>Ida Fu\u00e0<\/strong> est une artiste invisible, une femme qui a d\u00fb se cacher avec son propre art. Elle provient de la riche famille Lolli et elle a \u00e9t\u00e9 l\u2019\u00e9pouse de\u00a0<strong>Carlo Fu\u00e0<\/strong>, directeur industriel du <strong>Village Crespi d\u2019Adda<\/strong>.<br \/>\nIda a pass\u00e9 la plupart de sa vie, autour d\u2019un petit village sur le <strong>lac de C\u00f4me<\/strong>, ou elle a cherch\u00e9 refuge et protection.<\/p>\n<p>D\u2019apr\u00e8s dr. <strong>Alice Bitto<\/strong><\/p>\n<\/div>\n<\/div>\n","protected":false},"excerpt":{"rendered":"<p>Pl\u00e2tre italien repr\u00e9sentant \u2018<strong><em>la Fortuna<\/em><\/strong>\u2018 (la Chance)<\/p>\n","protected":false},"featured_media":83396,"template":"","meta":{"_acf_changed":false},"product_brand":[],"product_cat":[6417,6421],"product_tag":[5419,5406,5405,2729,5306],"class_list":{"0":"post-83254","1":"product","2":"type-product","3":"status-publish","4":"has-post-thumbnail","6":"product_cat-sculpture-fr-2","7":"product_cat-sculpture-moderne-fr","8":"product_tag-accessoires-de-bureau","9":"product_tag-annees-40-fr","10":"product_tag-blanc","11":"product_tag-bustes","12":"product_tag-objets-de-collection","13":"product_shipping_class-dhl-fr","15":"first","16":"outofstock","17":"shipping-taxable","18":"product-type-simple"},"acf":[],"yoast_head":"<!-- This site is optimized with the Yoast SEO Premium plugin v27.3 (Yoast SEO v27.4) - https:\/\/yoast.com\/product\/yoast-seo-premium-wordpress\/ -->\n<title>Sculpture Pl\u00e2tre Italienne Sign\u00e9e Ida Fu\u00e0 - Egidi MadeinItaly<\/title>\n<meta name=\"description\" content=\"Pl\u00e2tre italien repr\u00e9sentant Fortuna (la chance) D\u00e9couvrez tous les d\u00e9tails dans notre site. Ecommerce de design antiquites vintage. Aujouter au panier.\" \/>\n<meta name=\"robots\" content=\"index, follow, max-snippet:-1, max-image-preview:large, max-video-preview:-1\" \/>\n<link rel=\"canonical\" href=\"https:\/\/egidimadeinitaly.com\/fr\/negozio\/sculpture-fr-2\/sculpture-moderne-fr\/platre-italien-signe-ida-fua\/\" \/>\n<meta property=\"og:locale\" content=\"fr_FR\" \/>\n<meta property=\"og:type\" content=\"article\" \/>\n<meta property=\"og:title\" content=\"Sculpture Pl\u00e2tre Italienne Sign\u00e9e Ida Fu\u00e0\" \/>\n<meta property=\"og:description\" content=\"Pl\u00e2tre italien repr\u00e9sentant \u2018la Fortuna\u2018 (la Chance)\" \/>\n<meta property=\"og:url\" content=\"https:\/\/egidimadeinitaly.com\/fr\/negozio\/sculpture-fr-2\/sculpture-moderne-fr\/platre-italien-signe-ida-fua\/\" \/>\n<meta property=\"og:site_name\" content=\"Egidi MadeinItaly\" \/>\n<meta property=\"article:publisher\" content=\"https:\/\/www.facebook.com\/egidimadeinitaly\/\" \/>\n<meta property=\"article:modified_time\" content=\"2021-07-21T15:37:22+00:00\" \/>\n<meta property=\"og:image\" content=\"https:\/\/egidimadeinitaly.com\/wp-content\/uploads\/2020\/02\/ida_fua_busto_in_gesso_firmato_1940-e1717603836300.jpg\" \/>\n\t<meta property=\"og:image:width\" content=\"600\" \/>\n\t<meta property=\"og:image:height\" content=\"400\" \/>\n\t<meta property=\"og:image:type\" content=\"image\/jpeg\" \/>\n<script type=\"application\/ld+json\" class=\"yoast-schema-graph\">{\"@context\":\"https:\\\/\\\/schema.org\",\"@graph\":[{\"@type\":\"WebPage\",\"@id\":\"https:\\\/\\\/egidimadeinitaly.com\\\/fr\\\/negozio\\\/sculpture-fr-2\\\/sculpture-moderne-fr\\\/platre-italien-signe-ida-fua\\\/\",\"url\":\"https:\\\/\\\/egidimadeinitaly.com\\\/fr\\\/negozio\\\/sculpture-fr-2\\\/sculpture-moderne-fr\\\/platre-italien-signe-ida-fua\\\/\",\"name\":\"Sculpture Pl\u00e2tre Italienne Sign\u00e9e Ida Fu\u00e0 - Egidi MadeinItaly\",\"isPartOf\":{\"@id\":\"https:\\\/\\\/egidimadeinitaly.com\\\/fr\\\/#website\"},\"primaryImageOfPage\":{\"@id\":\"https:\\\/\\\/egidimadeinitaly.com\\\/fr\\\/negozio\\\/sculpture-fr-2\\\/sculpture-moderne-fr\\\/platre-italien-signe-ida-fua\\\/#primaryimage\"},\"image\":{\"@id\":\"https:\\\/\\\/egidimadeinitaly.com\\\/fr\\\/negozio\\\/sculpture-fr-2\\\/sculpture-moderne-fr\\\/platre-italien-signe-ida-fua\\\/#primaryimage\"},\"thumbnailUrl\":\"https:\\\/\\\/egidimadeinitaly.com\\\/v25\\\/wp-content\\\/uploads\\\/2020\\\/02\\\/ida_fua_busto_in_gesso_firmato_1940-e1717603836300.jpg\",\"datePublished\":\"2020-02-02T14:23:40+00:00\",\"dateModified\":\"2021-07-21T15:37:22+00:00\",\"description\":\"Pl\u00e2tre italien repr\u00e9sentant Fortuna (la chance) D\u00e9couvrez tous les d\u00e9tails dans notre site. Ecommerce de design antiquites vintage. Aujouter au panier.\",\"breadcrumb\":{\"@id\":\"https:\\\/\\\/egidimadeinitaly.com\\\/fr\\\/negozio\\\/sculpture-fr-2\\\/sculpture-moderne-fr\\\/platre-italien-signe-ida-fua\\\/#breadcrumb\"},\"inLanguage\":\"fr-FR\",\"potentialAction\":[{\"@type\":\"ReadAction\",\"target\":[\"https:\\\/\\\/egidimadeinitaly.com\\\/fr\\\/negozio\\\/sculpture-fr-2\\\/sculpture-moderne-fr\\\/platre-italien-signe-ida-fua\\\/\"]}]},{\"@type\":\"ImageObject\",\"inLanguage\":\"fr-FR\",\"@id\":\"https:\\\/\\\/egidimadeinitaly.com\\\/fr\\\/negozio\\\/sculpture-fr-2\\\/sculpture-moderne-fr\\\/platre-italien-signe-ida-fua\\\/#primaryimage\",\"url\":\"https:\\\/\\\/egidimadeinitaly.com\\\/v25\\\/wp-content\\\/uploads\\\/2020\\\/02\\\/ida_fua_busto_in_gesso_firmato_1940-e1717603836300.jpg\",\"contentUrl\":\"https:\\\/\\\/egidimadeinitaly.com\\\/v25\\\/wp-content\\\/uploads\\\/2020\\\/02\\\/ida_fua_busto_in_gesso_firmato_1940-e1717603836300.jpg\",\"width\":600,\"height\":400,\"caption\":\"Sculpture Pl\u00e2tre Sign\u00e9e Ida Fu\u00e0\"},{\"@type\":\"BreadcrumbList\",\"@id\":\"https:\\\/\\\/egidimadeinitaly.com\\\/fr\\\/negozio\\\/sculpture-fr-2\\\/sculpture-moderne-fr\\\/platre-italien-signe-ida-fua\\\/#breadcrumb\",\"itemListElement\":[{\"@type\":\"ListItem\",\"position\":1,\"name\":\"Home\",\"item\":\"https:\\\/\\\/egidimadeinitaly.com\\\/fr\\\/\"},{\"@type\":\"ListItem\",\"position\":2,\"name\":\"Produits\",\"item\":\"https:\\\/\\\/egidimadeinitaly.com\\\/fr\\\/shop\\\/\"},{\"@type\":\"ListItem\",\"position\":3,\"name\":\"Sculpture\",\"item\":\"https:\\\/\\\/egidimadeinitaly.com\\\/fr\\\/product-category\\\/sculpture-fr-2\\\/\"},{\"@type\":\"ListItem\",\"position\":4,\"name\":\"Sculpture moderne\",\"item\":\"https:\\\/\\\/egidimadeinitaly.com\\\/fr\\\/product-category\\\/sculpture-fr-2\\\/sculpture-moderne-fr\\\/\"},{\"@type\":\"ListItem\",\"position\":5,\"name\":\"Sculpture Pl\u00e2tre Italienne Sign\u00e9e Ida Fu\u00e0\"}]},{\"@type\":\"WebSite\",\"@id\":\"https:\\\/\\\/egidimadeinitaly.com\\\/fr\\\/#website\",\"url\":\"https:\\\/\\\/egidimadeinitaly.com\\\/fr\\\/\",\"name\":\"Egidi MadeinItaly\",\"description\":\"Fine Art\",\"potentialAction\":[{\"@type\":\"SearchAction\",\"target\":{\"@type\":\"EntryPoint\",\"urlTemplate\":\"https:\\\/\\\/egidimadeinitaly.com\\\/fr\\\/?s={search_term_string}\"},\"query-input\":{\"@type\":\"PropertyValueSpecification\",\"valueRequired\":true,\"valueName\":\"search_term_string\"}}],\"inLanguage\":\"fr-FR\"}]}<\/script>\n<!-- \/ Yoast SEO Premium plugin. -->","yoast_head_json":{"title":"Sculpture Pl\u00e2tre Italienne Sign\u00e9e Ida Fu\u00e0 - Egidi MadeinItaly","description":"Pl\u00e2tre italien repr\u00e9sentant Fortuna (la chance) D\u00e9couvrez tous les d\u00e9tails dans notre site. Ecommerce de design antiquites vintage. Aujouter au panier.","robots":{"index":"index","follow":"follow","max-snippet":"max-snippet:-1","max-image-preview":"max-image-preview:large","max-video-preview":"max-video-preview:-1"},"canonical":"https:\/\/egidimadeinitaly.com\/fr\/negozio\/sculpture-fr-2\/sculpture-moderne-fr\/platre-italien-signe-ida-fua\/","og_locale":"fr_FR","og_type":"article","og_title":"Sculpture Pl\u00e2tre Italienne Sign\u00e9e Ida Fu\u00e0","og_description":"Pl\u00e2tre italien repr\u00e9sentant \u2018la Fortuna\u2018 (la Chance)","og_url":"https:\/\/egidimadeinitaly.com\/fr\/negozio\/sculpture-fr-2\/sculpture-moderne-fr\/platre-italien-signe-ida-fua\/","og_site_name":"Egidi MadeinItaly","article_publisher":"https:\/\/www.facebook.com\/egidimadeinitaly\/","article_modified_time":"2021-07-21T15:37:22+00:00","og_image":[{"width":600,"height":400,"url":"https:\/\/egidimadeinitaly.com\/wp-content\/uploads\/2020\/02\/ida_fua_busto_in_gesso_firmato_1940-e1717603836300.jpg","type":"image\/jpeg"}],"schema":{"@context":"https:\/\/schema.org","@graph":[{"@type":"WebPage","@id":"https:\/\/egidimadeinitaly.com\/fr\/negozio\/sculpture-fr-2\/sculpture-moderne-fr\/platre-italien-signe-ida-fua\/","url":"https:\/\/egidimadeinitaly.com\/fr\/negozio\/sculpture-fr-2\/sculpture-moderne-fr\/platre-italien-signe-ida-fua\/","name":"Sculpture Pl\u00e2tre Italienne Sign\u00e9e Ida Fu\u00e0 - Egidi MadeinItaly","isPartOf":{"@id":"https:\/\/egidimadeinitaly.com\/fr\/#website"},"primaryImageOfPage":{"@id":"https:\/\/egidimadeinitaly.com\/fr\/negozio\/sculpture-fr-2\/sculpture-moderne-fr\/platre-italien-signe-ida-fua\/#primaryimage"},"image":{"@id":"https:\/\/egidimadeinitaly.com\/fr\/negozio\/sculpture-fr-2\/sculpture-moderne-fr\/platre-italien-signe-ida-fua\/#primaryimage"},"thumbnailUrl":"https:\/\/egidimadeinitaly.com\/v25\/wp-content\/uploads\/2020\/02\/ida_fua_busto_in_gesso_firmato_1940-e1717603836300.jpg","datePublished":"2020-02-02T14:23:40+00:00","dateModified":"2021-07-21T15:37:22+00:00","description":"Pl\u00e2tre italien repr\u00e9sentant Fortuna (la chance) D\u00e9couvrez tous les d\u00e9tails dans notre site. Ecommerce de design antiquites vintage. Aujouter au panier.","breadcrumb":{"@id":"https:\/\/egidimadeinitaly.com\/fr\/negozio\/sculpture-fr-2\/sculpture-moderne-fr\/platre-italien-signe-ida-fua\/#breadcrumb"},"inLanguage":"fr-FR","potentialAction":[{"@type":"ReadAction","target":["https:\/\/egidimadeinitaly.com\/fr\/negozio\/sculpture-fr-2\/sculpture-moderne-fr\/platre-italien-signe-ida-fua\/"]}]},{"@type":"ImageObject","inLanguage":"fr-FR","@id":"https:\/\/egidimadeinitaly.com\/fr\/negozio\/sculpture-fr-2\/sculpture-moderne-fr\/platre-italien-signe-ida-fua\/#primaryimage","url":"https:\/\/egidimadeinitaly.com\/v25\/wp-content\/uploads\/2020\/02\/ida_fua_busto_in_gesso_firmato_1940-e1717603836300.jpg","contentUrl":"https:\/\/egidimadeinitaly.com\/v25\/wp-content\/uploads\/2020\/02\/ida_fua_busto_in_gesso_firmato_1940-e1717603836300.jpg","width":600,"height":400,"caption":"Sculpture Pl\u00e2tre Sign\u00e9e Ida Fu\u00e0"},{"@type":"BreadcrumbList","@id":"https:\/\/egidimadeinitaly.com\/fr\/negozio\/sculpture-fr-2\/sculpture-moderne-fr\/platre-italien-signe-ida-fua\/#breadcrumb","itemListElement":[{"@type":"ListItem","position":1,"name":"Home","item":"https:\/\/egidimadeinitaly.com\/fr\/"},{"@type":"ListItem","position":2,"name":"Produits","item":"https:\/\/egidimadeinitaly.com\/fr\/shop\/"},{"@type":"ListItem","position":3,"name":"Sculpture","item":"https:\/\/egidimadeinitaly.com\/fr\/product-category\/sculpture-fr-2\/"},{"@type":"ListItem","position":4,"name":"Sculpture moderne","item":"https:\/\/egidimadeinitaly.com\/fr\/product-category\/sculpture-fr-2\/sculpture-moderne-fr\/"},{"@type":"ListItem","position":5,"name":"Sculpture Pl\u00e2tre Italienne Sign\u00e9e Ida Fu\u00e0"}]},{"@type":"WebSite","@id":"https:\/\/egidimadeinitaly.com\/fr\/#website","url":"https:\/\/egidimadeinitaly.com\/fr\/","name":"Egidi MadeinItaly","description":"Fine Art","potentialAction":[{"@type":"SearchAction","target":{"@type":"EntryPoint","urlTemplate":"https:\/\/egidimadeinitaly.com\/fr\/?s={search_term_string}"},"query-input":{"@type":"PropertyValueSpecification","valueRequired":true,"valueName":"search_term_string"}}],"inLanguage":"fr-FR"}]}},"_links":{"self":[{"href":"https:\/\/egidimadeinitaly.com\/fr\/wp-json\/wp\/v2\/product\/83254","targetHints":{"allow":["GET"]}}],"collection":[{"href":"https:\/\/egidimadeinitaly.com\/fr\/wp-json\/wp\/v2\/product"}],"about":[{"href":"https:\/\/egidimadeinitaly.com\/fr\/wp-json\/wp\/v2\/types\/product"}],"wp:featuredmedia":[{"embeddable":true,"href":"https:\/\/egidimadeinitaly.com\/fr\/wp-json\/wp\/v2\/media\/83396"}],"wp:attachment":[{"href":"https:\/\/egidimadeinitaly.com\/fr\/wp-json\/wp\/v2\/media?parent=83254"}],"wp:term":[{"taxonomy":"product_brand","embeddable":true,"href":"https:\/\/egidimadeinitaly.com\/fr\/wp-json\/wp\/v2\/product_brand?post=83254"},{"taxonomy":"product_cat","embeddable":true,"href":"https:\/\/egidimadeinitaly.com\/fr\/wp-json\/wp\/v2\/product_cat?post=83254"},{"taxonomy":"product_tag","embeddable":true,"href":"https:\/\/egidimadeinitaly.com\/fr\/wp-json\/wp\/v2\/product_tag?post=83254"}],"curies":[{"name":"wp","href":"https:\/\/api.w.org\/{rel}","templated":true}]}}