{"id":83246,"date":"2020-09-02T15:23:41","date_gmt":"2020-09-02T14:23:41","guid":{"rendered":"https:\/\/egidimadeinitaly.com\/ecomsite\/product\/coppia-di-sgabelli-in-ottone-dorato-italia-1950\/"},"modified":"2024-12-14T13:38:39","modified_gmt":"2024-12-14T12:38:39","slug":"paire-de-tabourets-en-laiton-dore","status":"publish","type":"product","link":"https:\/\/egidimadeinitaly.com\/fr\/negozio\/objets-dart\/objets-dart-modernes\/paire-de-tabourets-en-laiton-dore\/","title":{"rendered":"Paire de Tabourets en Laiton Dor\u00e9"},"content":{"rendered":"<p>Ils sont entour\u00e9s d\u2019une cadre en bois laqu\u00e9 vert eau. En retournant les tabourets, on remarque une passementerie de couleur jaune or comme finition de la partie basse du si\u00e8ge.<\/p>\n<p>Ils reposent sur 4 pieds obliques en laiton dor\u00e9.<\/p>\n<p>Chacune des parties de cette paire de tabourets est absolument originale.<\/p>\n<p>La tapisserie est d&rsquo;\u00e9poque, mais en tr\u00e8s bonnes conditions. Elle n\u2019a pas besoin d\u2019\u00eatre chang\u00e9e.<\/p>\n<p>&nbsp;<\/p>\n","protected":false},"excerpt":{"rendered":"<p>Paire de tabourets en laiton, de forme rectangulaire, avec garnissage original de l\u2019\u00e9poque, en ska\u00ef aux tons vert eau, couleur typique employ\u00e9e en Italie dans les ann\u00e9es 50.<\/p>\n<p>&nbsp;<\/p>\n","protected":false},"featured_media":83423,"template":"","meta":{"_acf_changed":false},"product_brand":[],"product_cat":[6412,6492],"product_tag":[1237,1254,1319,5079],"class_list":{"0":"post-83246","1":"product","2":"type-product","3":"status-publish","4":"has-post-thumbnail","6":"product_cat-objets-dart-modernes","7":"product_cat-objets-dart","8":"product_tag-annees-50","9":"product_tag-design-italien-fr","10":"product_tag-or-fr","11":"product_tag-vintage-fr","12":"product_shipping_class-dhl-fr","14":"first","15":"outofstock","16":"shipping-taxable","17":"product-type-simple"},"acf":[],"yoast_head":"<!-- This site is optimized with the Yoast SEO Premium plugin v27.3 (Yoast SEO v27.4) - https:\/\/yoast.com\/product\/yoast-seo-premium-wordpress\/ -->\n<title>Paire de Tabourets en Laiton Dor\u00e9 - Egidi MadeinItaly<\/title>\n<meta name=\"description\" content=\"Paire de Tabourets italiens en laiton dor\u00e9 Ann\u00e9e &#039;50 en vente sur Egidi MadeinItaly Ecommerce. LIvraison partout dans le monde.\" \/>\n<meta name=\"robots\" content=\"index, follow, max-snippet:-1, max-image-preview:large, max-video-preview:-1\" \/>\n<link rel=\"canonical\" href=\"https:\/\/egidimadeinitaly.com\/fr\/produit\/objets-dart\/objets-dart-modernes\/paire-de-tabourets-en-laiton-dore\/\" \/>\n<meta property=\"og:locale\" content=\"fr_FR\" \/>\n<meta property=\"og:type\" content=\"article\" \/>\n<meta property=\"og:title\" content=\"Paire de Tabourets en Laiton Dor\u00e9\" \/>\n<meta property=\"og:description\" content=\"Paire de tabourets en laiton, de forme rectangulaire, avec garnissage original de l\u2019\u00e9poque, en ska\u00ef aux tons vert eau, couleur typique employ\u00e9e en Italie dans les ann\u00e9es 50.  &nbsp;\" \/>\n<meta property=\"og:url\" content=\"https:\/\/egidimadeinitaly.com\/fr\/produit\/objets-dart\/objets-dart-modernes\/paire-de-tabourets-en-laiton-dore\/\" \/>\n<meta property=\"og:site_name\" content=\"Egidi MadeinItaly\" \/>\n<meta property=\"article:publisher\" content=\"https:\/\/www.facebook.com\/egidimadeinitaly\/\" \/>\n<meta property=\"article:modified_time\" content=\"2024-12-14T12:38:39+00:00\" \/>\n<meta property=\"og:image\" content=\"https:\/\/egidimadeinitaly.com\/wp-content\/uploads\/2020\/02\/coppia_di_sgabelli_in_ottone_dorato_italia_1950-e1717418751787.jpg\" \/>\n\t<meta property=\"og:image:width\" content=\"2000\" \/>\n\t<meta property=\"og:image:height\" content=\"1333\" \/>\n\t<meta property=\"og:image:type\" content=\"image\/jpeg\" \/>\n<script type=\"application\/ld+json\" class=\"yoast-schema-graph\">{\"@context\":\"https:\\\/\\\/schema.org\",\"@graph\":[{\"@type\":\"WebPage\",\"@id\":\"https:\\\/\\\/egidimadeinitaly.com\\\/fr\\\/negozio\\\/objets-dart\\\/objets-dart-modernes\\\/paire-de-tabourets-en-laiton-dore\\\/\",\"url\":\"https:\\\/\\\/egidimadeinitaly.com\\\/fr\\\/produit\\\/objets-dart\\\/objets-dart-modernes\\\/paire-de-tabourets-en-laiton-dore\\\/\",\"name\":\"Paire de Tabourets en Laiton Dor\u00e9 - Egidi MadeinItaly\",\"isPartOf\":{\"@id\":\"https:\\\/\\\/egidimadeinitaly.com\\\/fr\\\/#website\"},\"primaryImageOfPage\":{\"@id\":\"https:\\\/\\\/egidimadeinitaly.com\\\/fr\\\/produit\\\/objets-dart\\\/objets-dart-modernes\\\/paire-de-tabourets-en-laiton-dore\\\/#primaryimage\"},\"image\":{\"@id\":\"https:\\\/\\\/egidimadeinitaly.com\\\/fr\\\/produit\\\/objets-dart\\\/objets-dart-modernes\\\/paire-de-tabourets-en-laiton-dore\\\/#primaryimage\"},\"thumbnailUrl\":\"https:\\\/\\\/egidimadeinitaly.com\\\/v25\\\/wp-content\\\/uploads\\\/2020\\\/02\\\/coppia_di_sgabelli_in_ottone_dorato_italia_1950-e1717418751787.jpg\",\"datePublished\":\"2020-09-02T14:23:41+00:00\",\"dateModified\":\"2024-12-14T12:38:39+00:00\",\"description\":\"Paire de Tabourets italiens en laiton dor\u00e9 Ann\u00e9e '50 en vente sur Egidi MadeinItaly Ecommerce. LIvraison partout dans le monde.\",\"breadcrumb\":{\"@id\":\"https:\\\/\\\/egidimadeinitaly.com\\\/fr\\\/produit\\\/objets-dart\\\/objets-dart-modernes\\\/paire-de-tabourets-en-laiton-dore\\\/#breadcrumb\"},\"inLanguage\":\"fr-FR\",\"potentialAction\":[{\"@type\":\"ReadAction\",\"target\":[\"https:\\\/\\\/egidimadeinitaly.com\\\/fr\\\/produit\\\/objets-dart\\\/objets-dart-modernes\\\/paire-de-tabourets-en-laiton-dore\\\/\"]}]},{\"@type\":\"ImageObject\",\"inLanguage\":\"fr-FR\",\"@id\":\"https:\\\/\\\/egidimadeinitaly.com\\\/fr\\\/produit\\\/objets-dart\\\/objets-dart-modernes\\\/paire-de-tabourets-en-laiton-dore\\\/#primaryimage\",\"url\":\"https:\\\/\\\/egidimadeinitaly.com\\\/v25\\\/wp-content\\\/uploads\\\/2020\\\/02\\\/coppia_di_sgabelli_in_ottone_dorato_italia_1950-e1717418751787.jpg\",\"contentUrl\":\"https:\\\/\\\/egidimadeinitaly.com\\\/v25\\\/wp-content\\\/uploads\\\/2020\\\/02\\\/coppia_di_sgabelli_in_ottone_dorato_italia_1950-e1717418751787.jpg\",\"width\":2000,\"height\":1333,\"caption\":\"Paire de Tabourets en Laiton Dor\u00e9\"},{\"@type\":\"BreadcrumbList\",\"@id\":\"https:\\\/\\\/egidimadeinitaly.com\\\/fr\\\/produit\\\/objets-dart\\\/objets-dart-modernes\\\/paire-de-tabourets-en-laiton-dore\\\/#breadcrumb\",\"itemListElement\":[{\"@type\":\"ListItem\",\"position\":1,\"name\":\"Home\",\"item\":\"https:\\\/\\\/egidimadeinitaly.com\\\/fr\\\/\"},{\"@type\":\"ListItem\",\"position\":2,\"name\":\"Produits\",\"item\":\"https:\\\/\\\/egidimadeinitaly.com\\\/fr\\\/shop\\\/\"},{\"@type\":\"ListItem\",\"position\":3,\"name\":\"Objets d\u2019art\",\"item\":\"https:\\\/\\\/egidimadeinitaly.com\\\/fr\\\/product-category\\\/objets-dart\\\/\"},{\"@type\":\"ListItem\",\"position\":4,\"name\":\"Objets d'art modernes\",\"item\":\"https:\\\/\\\/egidimadeinitaly.com\\\/fr\\\/product-category\\\/objets-dart\\\/objets-dart-modernes\\\/\"},{\"@type\":\"ListItem\",\"position\":5,\"name\":\"Paire de Tabourets en Laiton Dor\u00e9\"}]},{\"@type\":\"WebSite\",\"@id\":\"https:\\\/\\\/egidimadeinitaly.com\\\/fr\\\/#website\",\"url\":\"https:\\\/\\\/egidimadeinitaly.com\\\/fr\\\/\",\"name\":\"Egidi MadeinItaly\",\"description\":\"Fine Art\",\"potentialAction\":[{\"@type\":\"SearchAction\",\"target\":{\"@type\":\"EntryPoint\",\"urlTemplate\":\"https:\\\/\\\/egidimadeinitaly.com\\\/fr\\\/?s={search_term_string}\"},\"query-input\":{\"@type\":\"PropertyValueSpecification\",\"valueRequired\":true,\"valueName\":\"search_term_string\"}}],\"inLanguage\":\"fr-FR\"}]}<\/script>\n<!-- \/ Yoast SEO Premium plugin. -->","yoast_head_json":{"title":"Paire de Tabourets en Laiton Dor\u00e9 - Egidi MadeinItaly","description":"Paire de Tabourets italiens en laiton dor\u00e9 Ann\u00e9e '50 en vente sur Egidi MadeinItaly Ecommerce. LIvraison partout dans le monde.","robots":{"index":"index","follow":"follow","max-snippet":"max-snippet:-1","max-image-preview":"max-image-preview:large","max-video-preview":"max-video-preview:-1"},"canonical":"https:\/\/egidimadeinitaly.com\/fr\/produit\/objets-dart\/objets-dart-modernes\/paire-de-tabourets-en-laiton-dore\/","og_locale":"fr_FR","og_type":"article","og_title":"Paire de Tabourets en Laiton Dor\u00e9","og_description":"Paire de tabourets en laiton, de forme rectangulaire, avec garnissage original de l\u2019\u00e9poque, en ska\u00ef aux tons vert eau, couleur typique employ\u00e9e en Italie dans les ann\u00e9es 50.  &nbsp;","og_url":"https:\/\/egidimadeinitaly.com\/fr\/produit\/objets-dart\/objets-dart-modernes\/paire-de-tabourets-en-laiton-dore\/","og_site_name":"Egidi MadeinItaly","article_publisher":"https:\/\/www.facebook.com\/egidimadeinitaly\/","article_modified_time":"2024-12-14T12:38:39+00:00","og_image":[{"width":2000,"height":1333,"url":"https:\/\/egidimadeinitaly.com\/wp-content\/uploads\/2020\/02\/coppia_di_sgabelli_in_ottone_dorato_italia_1950-e1717418751787.jpg","type":"image\/jpeg"}],"schema":{"@context":"https:\/\/schema.org","@graph":[{"@type":"WebPage","@id":"https:\/\/egidimadeinitaly.com\/fr\/negozio\/objets-dart\/objets-dart-modernes\/paire-de-tabourets-en-laiton-dore\/","url":"https:\/\/egidimadeinitaly.com\/fr\/produit\/objets-dart\/objets-dart-modernes\/paire-de-tabourets-en-laiton-dore\/","name":"Paire de Tabourets en Laiton Dor\u00e9 - Egidi MadeinItaly","isPartOf":{"@id":"https:\/\/egidimadeinitaly.com\/fr\/#website"},"primaryImageOfPage":{"@id":"https:\/\/egidimadeinitaly.com\/fr\/produit\/objets-dart\/objets-dart-modernes\/paire-de-tabourets-en-laiton-dore\/#primaryimage"},"image":{"@id":"https:\/\/egidimadeinitaly.com\/fr\/produit\/objets-dart\/objets-dart-modernes\/paire-de-tabourets-en-laiton-dore\/#primaryimage"},"thumbnailUrl":"https:\/\/egidimadeinitaly.com\/v25\/wp-content\/uploads\/2020\/02\/coppia_di_sgabelli_in_ottone_dorato_italia_1950-e1717418751787.jpg","datePublished":"2020-09-02T14:23:41+00:00","dateModified":"2024-12-14T12:38:39+00:00","description":"Paire de Tabourets italiens en laiton dor\u00e9 Ann\u00e9e '50 en vente sur Egidi MadeinItaly Ecommerce. LIvraison partout dans le monde.","breadcrumb":{"@id":"https:\/\/egidimadeinitaly.com\/fr\/produit\/objets-dart\/objets-dart-modernes\/paire-de-tabourets-en-laiton-dore\/#breadcrumb"},"inLanguage":"fr-FR","potentialAction":[{"@type":"ReadAction","target":["https:\/\/egidimadeinitaly.com\/fr\/produit\/objets-dart\/objets-dart-modernes\/paire-de-tabourets-en-laiton-dore\/"]}]},{"@type":"ImageObject","inLanguage":"fr-FR","@id":"https:\/\/egidimadeinitaly.com\/fr\/produit\/objets-dart\/objets-dart-modernes\/paire-de-tabourets-en-laiton-dore\/#primaryimage","url":"https:\/\/egidimadeinitaly.com\/v25\/wp-content\/uploads\/2020\/02\/coppia_di_sgabelli_in_ottone_dorato_italia_1950-e1717418751787.jpg","contentUrl":"https:\/\/egidimadeinitaly.com\/v25\/wp-content\/uploads\/2020\/02\/coppia_di_sgabelli_in_ottone_dorato_italia_1950-e1717418751787.jpg","width":2000,"height":1333,"caption":"Paire de Tabourets en Laiton Dor\u00e9"},{"@type":"BreadcrumbList","@id":"https:\/\/egidimadeinitaly.com\/fr\/produit\/objets-dart\/objets-dart-modernes\/paire-de-tabourets-en-laiton-dore\/#breadcrumb","itemListElement":[{"@type":"ListItem","position":1,"name":"Home","item":"https:\/\/egidimadeinitaly.com\/fr\/"},{"@type":"ListItem","position":2,"name":"Produits","item":"https:\/\/egidimadeinitaly.com\/fr\/shop\/"},{"@type":"ListItem","position":3,"name":"Objets d\u2019art","item":"https:\/\/egidimadeinitaly.com\/fr\/product-category\/objets-dart\/"},{"@type":"ListItem","position":4,"name":"Objets d'art modernes","item":"https:\/\/egidimadeinitaly.com\/fr\/product-category\/objets-dart\/objets-dart-modernes\/"},{"@type":"ListItem","position":5,"name":"Paire de Tabourets en Laiton Dor\u00e9"}]},{"@type":"WebSite","@id":"https:\/\/egidimadeinitaly.com\/fr\/#website","url":"https:\/\/egidimadeinitaly.com\/fr\/","name":"Egidi MadeinItaly","description":"Fine Art","potentialAction":[{"@type":"SearchAction","target":{"@type":"EntryPoint","urlTemplate":"https:\/\/egidimadeinitaly.com\/fr\/?s={search_term_string}"},"query-input":{"@type":"PropertyValueSpecification","valueRequired":true,"valueName":"search_term_string"}}],"inLanguage":"fr-FR"}]}},"_links":{"self":[{"href":"https:\/\/egidimadeinitaly.com\/fr\/wp-json\/wp\/v2\/product\/83246","targetHints":{"allow":["GET"]}}],"collection":[{"href":"https:\/\/egidimadeinitaly.com\/fr\/wp-json\/wp\/v2\/product"}],"about":[{"href":"https:\/\/egidimadeinitaly.com\/fr\/wp-json\/wp\/v2\/types\/product"}],"wp:featuredmedia":[{"embeddable":true,"href":"https:\/\/egidimadeinitaly.com\/fr\/wp-json\/wp\/v2\/media\/83423"}],"wp:attachment":[{"href":"https:\/\/egidimadeinitaly.com\/fr\/wp-json\/wp\/v2\/media?parent=83246"}],"wp:term":[{"taxonomy":"product_brand","embeddable":true,"href":"https:\/\/egidimadeinitaly.com\/fr\/wp-json\/wp\/v2\/product_brand?post=83246"},{"taxonomy":"product_cat","embeddable":true,"href":"https:\/\/egidimadeinitaly.com\/fr\/wp-json\/wp\/v2\/product_cat?post=83246"},{"taxonomy":"product_tag","embeddable":true,"href":"https:\/\/egidimadeinitaly.com\/fr\/wp-json\/wp\/v2\/product_tag?post=83246"}],"curies":[{"name":"wp","href":"https:\/\/api.w.org\/{rel}","templated":true}]}}