{"id":83217,"date":"2018-08-02T15:23:49","date_gmt":"2018-08-02T14:23:49","guid":{"rendered":"https:\/\/egidimadeinitaly.com\/ecomsite\/product\/leone-aliotti-coppia-lampade-in-vetro\/"},"modified":"2021-07-21T11:52:02","modified_gmt":"2021-07-21T11:52:02","slug":"paire-de-lampes-en-verre","status":"publish","type":"product","link":"https:\/\/egidimadeinitaly.com\/fr\/negozio\/objets-dart\/objets-dart-modernes\/paire-de-lampes-en-verre\/","title":{"rendered":"Paire de Lampes en Verre Leone Aliotti"},"content":{"rendered":"<blockquote><p>Leone Aliotti produit depuis 1981 des objets d\u2019\u00e9clairage de luxe pour des r\u00e9sidences de prestige, des bureaux gouvernementaux et des h\u00f4tels \u00e9toil\u00e9s.<\/p><\/blockquote>\n<p>Les artisans florentins qualifi\u00e9s, utilisant des cristaux taill\u00e9s \u00e0 la main et des pi\u00e8ces coul\u00e9es en bronze, produisent des lampes inspir\u00e9es de la tradition d\u00e9corative italienne et con\u00e7ues par Attilio Amato.<\/p>\n<p>Chaque objet est unique, car il est fabriqu\u00e9 \u00e0 la main avec des techniques anciennes.<\/p>\n<p>Les lampes sont \u00e9lectrifi\u00e9es selon les normes europ\u00e9ennes<\/p>\n","protected":false},"excerpt":{"rendered":"<p>Paire de lampes en verre et m\u00e9tal chrom\u00e9.<\/p>\n<p>Style Empire. Italie 1980.<\/p>\n","protected":false},"featured_media":83996,"template":"","meta":{"_acf_changed":false},"product_brand":[],"product_cat":[6412,6492],"product_tag":[5441,5455,5079],"class_list":{"0":"post-83217","1":"product","2":"type-product","3":"status-publish","4":"has-post-thumbnail","6":"product_cat-objets-dart-modernes","7":"product_cat-objets-dart","8":"product_tag-annees-90","9":"product_tag-argent","10":"product_tag-vintage-fr","11":"product_shipping_class-dhl-fr","13":"first","14":"outofstock","15":"shipping-taxable","16":"product-type-simple"},"acf":[],"yoast_head":"<!-- This site is optimized with the Yoast SEO Premium plugin v27.4 (Yoast SEO v27.5) - https:\/\/yoast.com\/product\/yoast-seo-premium-wordpress\/ -->\n<title>Paire de Lampes en Verre Leone Aliotti - Egidi MadeinItaly<\/title>\n<meta name=\"description\" content=\"Paire de lampes en verre Manifattura Leone Aliotti. Florence 1980. Visitez notre site ecormmerce et d\u00e9couvrez plus d\u2019informations sur ce produit.\" \/>\n<meta name=\"robots\" content=\"index, follow, max-snippet:-1, max-image-preview:large, max-video-preview:-1\" \/>\n<link rel=\"canonical\" href=\"https:\/\/egidimadeinitaly.com\/fr\/negozio\/objets-dart\/objets-dart-modernes\/paire-de-lampes-en-verre\/\" \/>\n<meta property=\"og:locale\" content=\"fr_FR\" \/>\n<meta property=\"og:type\" content=\"article\" \/>\n<meta property=\"og:title\" content=\"Paire de Lampes en Verre Leone Aliotti\" \/>\n<meta property=\"og:description\" content=\"Paire de lampes en verre et m\u00e9tal chrom\u00e9.  Style Empire. Italie 1980.\" \/>\n<meta property=\"og:url\" content=\"https:\/\/egidimadeinitaly.com\/fr\/negozio\/objets-dart\/objets-dart-modernes\/paire-de-lampes-en-verre\/\" \/>\n<meta property=\"og:site_name\" content=\"Egidi MadeinItaly\" \/>\n<meta property=\"article:publisher\" content=\"https:\/\/www.facebook.com\/egidimadeinitaly\/\" \/>\n<meta property=\"article:modified_time\" content=\"2021-07-21T11:52:02+00:00\" \/>\n<meta property=\"og:image\" content=\"https:\/\/egidimadeinitaly.com\/wp-content\/uploads\/2020\/02\/leone_aliotti_coppia_lampade_in_vetro-e1717421981398.jpeg\" \/>\n\t<meta property=\"og:image:width\" content=\"1500\" \/>\n\t<meta property=\"og:image:height\" content=\"1000\" \/>\n\t<meta property=\"og:image:type\" content=\"image\/jpeg\" \/>\n<script type=\"application\/ld+json\" class=\"yoast-schema-graph\">{\"@context\":\"https:\\\/\\\/schema.org\",\"@graph\":[{\"@type\":\"WebPage\",\"@id\":\"https:\\\/\\\/egidimadeinitaly.com\\\/fr\\\/negozio\\\/objets-dart\\\/objets-dart-modernes\\\/paire-de-lampes-en-verre\\\/\",\"url\":\"https:\\\/\\\/egidimadeinitaly.com\\\/fr\\\/negozio\\\/objets-dart\\\/objets-dart-modernes\\\/paire-de-lampes-en-verre\\\/\",\"name\":\"Paire de Lampes en Verre Leone Aliotti - Egidi MadeinItaly\",\"isPartOf\":{\"@id\":\"https:\\\/\\\/egidimadeinitaly.com\\\/fr\\\/#website\"},\"primaryImageOfPage\":{\"@id\":\"https:\\\/\\\/egidimadeinitaly.com\\\/fr\\\/negozio\\\/objets-dart\\\/objets-dart-modernes\\\/paire-de-lampes-en-verre\\\/#primaryimage\"},\"image\":{\"@id\":\"https:\\\/\\\/egidimadeinitaly.com\\\/fr\\\/negozio\\\/objets-dart\\\/objets-dart-modernes\\\/paire-de-lampes-en-verre\\\/#primaryimage\"},\"thumbnailUrl\":\"https:\\\/\\\/egidimadeinitaly.com\\\/v25\\\/wp-content\\\/uploads\\\/2020\\\/02\\\/leone_aliotti_coppia_lampade_in_vetro-e1717421981398.jpeg\",\"datePublished\":\"2018-08-02T14:23:49+00:00\",\"dateModified\":\"2021-07-21T11:52:02+00:00\",\"description\":\"Paire de lampes en verre Manifattura Leone Aliotti. Florence 1980. Visitez notre site ecormmerce et d\u00e9couvrez plus d\u2019informations sur ce produit.\",\"breadcrumb\":{\"@id\":\"https:\\\/\\\/egidimadeinitaly.com\\\/fr\\\/negozio\\\/objets-dart\\\/objets-dart-modernes\\\/paire-de-lampes-en-verre\\\/#breadcrumb\"},\"inLanguage\":\"fr-FR\",\"potentialAction\":[{\"@type\":\"ReadAction\",\"target\":[\"https:\\\/\\\/egidimadeinitaly.com\\\/fr\\\/negozio\\\/objets-dart\\\/objets-dart-modernes\\\/paire-de-lampes-en-verre\\\/\"]}]},{\"@type\":\"ImageObject\",\"inLanguage\":\"fr-FR\",\"@id\":\"https:\\\/\\\/egidimadeinitaly.com\\\/fr\\\/negozio\\\/objets-dart\\\/objets-dart-modernes\\\/paire-de-lampes-en-verre\\\/#primaryimage\",\"url\":\"https:\\\/\\\/egidimadeinitaly.com\\\/v25\\\/wp-content\\\/uploads\\\/2020\\\/02\\\/leone_aliotti_coppia_lampade_in_vetro-e1717421981398.jpeg\",\"contentUrl\":\"https:\\\/\\\/egidimadeinitaly.com\\\/v25\\\/wp-content\\\/uploads\\\/2020\\\/02\\\/leone_aliotti_coppia_lampade_in_vetro-e1717421981398.jpeg\",\"width\":1500,\"height\":1000,\"caption\":\"Paire de Lampes en Verre Sign\u00e9es Leone Aliotti\"},{\"@type\":\"BreadcrumbList\",\"@id\":\"https:\\\/\\\/egidimadeinitaly.com\\\/fr\\\/negozio\\\/objets-dart\\\/objets-dart-modernes\\\/paire-de-lampes-en-verre\\\/#breadcrumb\",\"itemListElement\":[{\"@type\":\"ListItem\",\"position\":1,\"name\":\"Home\",\"item\":\"https:\\\/\\\/egidimadeinitaly.com\\\/fr\\\/\"},{\"@type\":\"ListItem\",\"position\":2,\"name\":\"Produits\",\"item\":\"https:\\\/\\\/egidimadeinitaly.com\\\/fr\\\/shop\\\/\"},{\"@type\":\"ListItem\",\"position\":3,\"name\":\"Objets d\u2019art\",\"item\":\"https:\\\/\\\/egidimadeinitaly.com\\\/fr\\\/product-category\\\/objets-dart\\\/\"},{\"@type\":\"ListItem\",\"position\":4,\"name\":\"Objets d'art modernes\",\"item\":\"https:\\\/\\\/egidimadeinitaly.com\\\/fr\\\/product-category\\\/objets-dart\\\/objets-dart-modernes\\\/\"},{\"@type\":\"ListItem\",\"position\":5,\"name\":\"Paire de Lampes en Verre Leone Aliotti\"}]},{\"@type\":\"WebSite\",\"@id\":\"https:\\\/\\\/egidimadeinitaly.com\\\/fr\\\/#website\",\"url\":\"https:\\\/\\\/egidimadeinitaly.com\\\/fr\\\/\",\"name\":\"Egidi MadeinItaly\",\"description\":\"Fine Art\",\"potentialAction\":[{\"@type\":\"SearchAction\",\"target\":{\"@type\":\"EntryPoint\",\"urlTemplate\":\"https:\\\/\\\/egidimadeinitaly.com\\\/fr\\\/?s={search_term_string}\"},\"query-input\":{\"@type\":\"PropertyValueSpecification\",\"valueRequired\":true,\"valueName\":\"search_term_string\"}}],\"inLanguage\":\"fr-FR\"}]}<\/script>\n<!-- \/ Yoast SEO Premium plugin. -->","yoast_head_json":{"title":"Paire de Lampes en Verre Leone Aliotti - Egidi MadeinItaly","description":"Paire de lampes en verre Manifattura Leone Aliotti. Florence 1980. Visitez notre site ecormmerce et d\u00e9couvrez plus d\u2019informations sur ce produit.","robots":{"index":"index","follow":"follow","max-snippet":"max-snippet:-1","max-image-preview":"max-image-preview:large","max-video-preview":"max-video-preview:-1"},"canonical":"https:\/\/egidimadeinitaly.com\/fr\/negozio\/objets-dart\/objets-dart-modernes\/paire-de-lampes-en-verre\/","og_locale":"fr_FR","og_type":"article","og_title":"Paire de Lampes en Verre Leone Aliotti","og_description":"Paire de lampes en verre et m\u00e9tal chrom\u00e9.  Style Empire. Italie 1980.","og_url":"https:\/\/egidimadeinitaly.com\/fr\/negozio\/objets-dart\/objets-dart-modernes\/paire-de-lampes-en-verre\/","og_site_name":"Egidi MadeinItaly","article_publisher":"https:\/\/www.facebook.com\/egidimadeinitaly\/","article_modified_time":"2021-07-21T11:52:02+00:00","og_image":[{"width":1500,"height":1000,"url":"https:\/\/egidimadeinitaly.com\/wp-content\/uploads\/2020\/02\/leone_aliotti_coppia_lampade_in_vetro-e1717421981398.jpeg","type":"image\/jpeg"}],"schema":{"@context":"https:\/\/schema.org","@graph":[{"@type":"WebPage","@id":"https:\/\/egidimadeinitaly.com\/fr\/negozio\/objets-dart\/objets-dart-modernes\/paire-de-lampes-en-verre\/","url":"https:\/\/egidimadeinitaly.com\/fr\/negozio\/objets-dart\/objets-dart-modernes\/paire-de-lampes-en-verre\/","name":"Paire de Lampes en Verre Leone Aliotti - Egidi MadeinItaly","isPartOf":{"@id":"https:\/\/egidimadeinitaly.com\/fr\/#website"},"primaryImageOfPage":{"@id":"https:\/\/egidimadeinitaly.com\/fr\/negozio\/objets-dart\/objets-dart-modernes\/paire-de-lampes-en-verre\/#primaryimage"},"image":{"@id":"https:\/\/egidimadeinitaly.com\/fr\/negozio\/objets-dart\/objets-dart-modernes\/paire-de-lampes-en-verre\/#primaryimage"},"thumbnailUrl":"https:\/\/egidimadeinitaly.com\/v25\/wp-content\/uploads\/2020\/02\/leone_aliotti_coppia_lampade_in_vetro-e1717421981398.jpeg","datePublished":"2018-08-02T14:23:49+00:00","dateModified":"2021-07-21T11:52:02+00:00","description":"Paire de lampes en verre Manifattura Leone Aliotti. Florence 1980. Visitez notre site ecormmerce et d\u00e9couvrez plus d\u2019informations sur ce produit.","breadcrumb":{"@id":"https:\/\/egidimadeinitaly.com\/fr\/negozio\/objets-dart\/objets-dart-modernes\/paire-de-lampes-en-verre\/#breadcrumb"},"inLanguage":"fr-FR","potentialAction":[{"@type":"ReadAction","target":["https:\/\/egidimadeinitaly.com\/fr\/negozio\/objets-dart\/objets-dart-modernes\/paire-de-lampes-en-verre\/"]}]},{"@type":"ImageObject","inLanguage":"fr-FR","@id":"https:\/\/egidimadeinitaly.com\/fr\/negozio\/objets-dart\/objets-dart-modernes\/paire-de-lampes-en-verre\/#primaryimage","url":"https:\/\/egidimadeinitaly.com\/v25\/wp-content\/uploads\/2020\/02\/leone_aliotti_coppia_lampade_in_vetro-e1717421981398.jpeg","contentUrl":"https:\/\/egidimadeinitaly.com\/v25\/wp-content\/uploads\/2020\/02\/leone_aliotti_coppia_lampade_in_vetro-e1717421981398.jpeg","width":1500,"height":1000,"caption":"Paire de Lampes en Verre Sign\u00e9es Leone Aliotti"},{"@type":"BreadcrumbList","@id":"https:\/\/egidimadeinitaly.com\/fr\/negozio\/objets-dart\/objets-dart-modernes\/paire-de-lampes-en-verre\/#breadcrumb","itemListElement":[{"@type":"ListItem","position":1,"name":"Home","item":"https:\/\/egidimadeinitaly.com\/fr\/"},{"@type":"ListItem","position":2,"name":"Produits","item":"https:\/\/egidimadeinitaly.com\/fr\/shop\/"},{"@type":"ListItem","position":3,"name":"Objets d\u2019art","item":"https:\/\/egidimadeinitaly.com\/fr\/product-category\/objets-dart\/"},{"@type":"ListItem","position":4,"name":"Objets d'art modernes","item":"https:\/\/egidimadeinitaly.com\/fr\/product-category\/objets-dart\/objets-dart-modernes\/"},{"@type":"ListItem","position":5,"name":"Paire de Lampes en Verre Leone Aliotti"}]},{"@type":"WebSite","@id":"https:\/\/egidimadeinitaly.com\/fr\/#website","url":"https:\/\/egidimadeinitaly.com\/fr\/","name":"Egidi MadeinItaly","description":"Fine Art","potentialAction":[{"@type":"SearchAction","target":{"@type":"EntryPoint","urlTemplate":"https:\/\/egidimadeinitaly.com\/fr\/?s={search_term_string}"},"query-input":{"@type":"PropertyValueSpecification","valueRequired":true,"valueName":"search_term_string"}}],"inLanguage":"fr-FR"}]}},"_links":{"self":[{"href":"https:\/\/egidimadeinitaly.com\/fr\/wp-json\/wp\/v2\/product\/83217","targetHints":{"allow":["GET"]}}],"collection":[{"href":"https:\/\/egidimadeinitaly.com\/fr\/wp-json\/wp\/v2\/product"}],"about":[{"href":"https:\/\/egidimadeinitaly.com\/fr\/wp-json\/wp\/v2\/types\/product"}],"wp:featuredmedia":[{"embeddable":true,"href":"https:\/\/egidimadeinitaly.com\/fr\/wp-json\/wp\/v2\/media\/83996"}],"wp:attachment":[{"href":"https:\/\/egidimadeinitaly.com\/fr\/wp-json\/wp\/v2\/media?parent=83217"}],"wp:term":[{"taxonomy":"product_brand","embeddable":true,"href":"https:\/\/egidimadeinitaly.com\/fr\/wp-json\/wp\/v2\/product_brand?post=83217"},{"taxonomy":"product_cat","embeddable":true,"href":"https:\/\/egidimadeinitaly.com\/fr\/wp-json\/wp\/v2\/product_cat?post=83217"},{"taxonomy":"product_tag","embeddable":true,"href":"https:\/\/egidimadeinitaly.com\/fr\/wp-json\/wp\/v2\/product_tag?post=83217"}],"curies":[{"name":"wp","href":"https:\/\/api.w.org\/{rel}","templated":true}]}}