{"id":83215,"date":"2018-04-02T15:23:49","date_gmt":"2018-04-02T14:23:49","guid":{"rendered":"https:\/\/egidimadeinitaly.com\/ecomsite\/product\/ico-parisi-per-mim-coppia-tavolini-tivoli-1959\/"},"modified":"2024-11-28T16:24:31","modified_gmt":"2024-11-28T15:24:31","slug":"paire-de-table-basses-ico-parisi-pour-mim","status":"publish","type":"product","link":"https:\/\/egidimadeinitaly.com\/fr\/negozio\/objets-dart\/objets-dart-modernes\/paire-de-table-basses-ico-parisi-pour-mim\/","title":{"rendered":"Paire de Table Basses Ico Parisi Pour MIM"},"content":{"rendered":"<p>Cette tr\u00e8s \u00e9l\u00e9gante et amusante paire de tables basses pr\u00e9sentent leur labelle d\u2019origine \u2018 MIM Roma\u2019<\/p>\n","protected":false},"excerpt":{"rendered":"<p>Deux bout de canap\u00e9 \u2018Tivoli\u2019 par le designer italien Ico Parisi<\/p>\n","protected":false},"featured_media":83981,"template":"","meta":{"_acf_changed":false},"product_brand":[],"product_cat":[6412,6492],"product_tag":[1237,1254,5079],"class_list":{"0":"post-83215","1":"product","2":"type-product","3":"status-publish","4":"has-post-thumbnail","6":"product_cat-objets-dart-modernes","7":"product_cat-objets-dart","8":"product_tag-annees-50","9":"product_tag-design-italien-fr","10":"product_tag-vintage-fr","11":"product_shipping_class-dhl-fr","13":"first","14":"outofstock","15":"shipping-taxable","16":"product-type-simple"},"acf":[],"yoast_head":"<!-- This site is optimized with the Yoast SEO Premium plugin v27.3 (Yoast SEO v27.4) - https:\/\/yoast.com\/product\/yoast-seo-premium-wordpress\/ -->\n<title>Paire de Table Basses Ico Parisi Pour MIM - Egidi MadeinItaly<\/title>\n<meta name=\"description\" content=\"Paire de tables basses des ann\u00e9es 60 Ico Parisi sign\u00e9e MIM Rome. Vous pouvez les acheter directement sur le site e-commerce de design egidimadeinitaly.eu\" \/>\n<meta name=\"robots\" content=\"index, follow, max-snippet:-1, max-image-preview:large, max-video-preview:-1\" \/>\n<link rel=\"canonical\" href=\"https:\/\/egidimadeinitaly.com\/fr\/produit\/objets-dart\/objets-dart-modernes\/paire-de-table-basses-ico-parisi-pour-mim\/\" \/>\n<meta property=\"og:locale\" content=\"fr_FR\" \/>\n<meta property=\"og:type\" content=\"article\" \/>\n<meta property=\"og:title\" content=\"Paire de Table Basses Ico Parisi Pour MIM\" \/>\n<meta property=\"og:description\" content=\"Deux bout de canap\u00e9 \u2018Tivoli\u2019 par le designer italien Ico Parisi\" \/>\n<meta property=\"og:url\" content=\"https:\/\/egidimadeinitaly.com\/fr\/produit\/objets-dart\/objets-dart-modernes\/paire-de-table-basses-ico-parisi-pour-mim\/\" \/>\n<meta property=\"og:site_name\" content=\"Egidi MadeinItaly\" \/>\n<meta property=\"article:publisher\" content=\"https:\/\/www.facebook.com\/egidimadeinitaly\/\" \/>\n<meta property=\"article:modified_time\" content=\"2024-11-28T15:24:31+00:00\" \/>\n<meta property=\"og:image\" content=\"https:\/\/egidimadeinitaly.com\/wp-content\/uploads\/2020\/02\/ico_parisi_per_mim_coppia_tavolini_tivoli_1959-e1717594761737.jpeg\" \/>\n\t<meta property=\"og:image:width\" content=\"600\" \/>\n\t<meta property=\"og:image:height\" content=\"400\" \/>\n\t<meta property=\"og:image:type\" content=\"image\/jpeg\" \/>\n<script type=\"application\/ld+json\" class=\"yoast-schema-graph\">{\"@context\":\"https:\\\/\\\/schema.org\",\"@graph\":[{\"@type\":\"WebPage\",\"@id\":\"https:\\\/\\\/egidimadeinitaly.com\\\/fr\\\/negozio\\\/objets-dart\\\/objets-dart-modernes\\\/paire-de-table-basses-ico-parisi-pour-mim\\\/\",\"url\":\"https:\\\/\\\/egidimadeinitaly.com\\\/fr\\\/produit\\\/objets-dart\\\/objets-dart-modernes\\\/paire-de-table-basses-ico-parisi-pour-mim\\\/\",\"name\":\"Paire de Table Basses Ico Parisi Pour MIM - Egidi MadeinItaly\",\"isPartOf\":{\"@id\":\"https:\\\/\\\/egidimadeinitaly.com\\\/fr\\\/#website\"},\"primaryImageOfPage\":{\"@id\":\"https:\\\/\\\/egidimadeinitaly.com\\\/fr\\\/produit\\\/objets-dart\\\/objets-dart-modernes\\\/paire-de-table-basses-ico-parisi-pour-mim\\\/#primaryimage\"},\"image\":{\"@id\":\"https:\\\/\\\/egidimadeinitaly.com\\\/fr\\\/produit\\\/objets-dart\\\/objets-dart-modernes\\\/paire-de-table-basses-ico-parisi-pour-mim\\\/#primaryimage\"},\"thumbnailUrl\":\"https:\\\/\\\/egidimadeinitaly.com\\\/v25\\\/wp-content\\\/uploads\\\/2020\\\/02\\\/ico_parisi_per_mim_coppia_tavolini_tivoli_1959-e1717594761737.jpeg\",\"datePublished\":\"2018-04-02T14:23:49+00:00\",\"dateModified\":\"2024-11-28T15:24:31+00:00\",\"description\":\"Paire de tables basses des ann\u00e9es 60 Ico Parisi sign\u00e9e MIM Rome. Vous pouvez les acheter directement sur le site e-commerce de design egidimadeinitaly.eu\",\"breadcrumb\":{\"@id\":\"https:\\\/\\\/egidimadeinitaly.com\\\/fr\\\/produit\\\/objets-dart\\\/objets-dart-modernes\\\/paire-de-table-basses-ico-parisi-pour-mim\\\/#breadcrumb\"},\"inLanguage\":\"fr-FR\",\"potentialAction\":[{\"@type\":\"ReadAction\",\"target\":[\"https:\\\/\\\/egidimadeinitaly.com\\\/fr\\\/produit\\\/objets-dart\\\/objets-dart-modernes\\\/paire-de-table-basses-ico-parisi-pour-mim\\\/\"]}]},{\"@type\":\"ImageObject\",\"inLanguage\":\"fr-FR\",\"@id\":\"https:\\\/\\\/egidimadeinitaly.com\\\/fr\\\/produit\\\/objets-dart\\\/objets-dart-modernes\\\/paire-de-table-basses-ico-parisi-pour-mim\\\/#primaryimage\",\"url\":\"https:\\\/\\\/egidimadeinitaly.com\\\/v25\\\/wp-content\\\/uploads\\\/2020\\\/02\\\/ico_parisi_per_mim_coppia_tavolini_tivoli_1959-e1717594761737.jpeg\",\"contentUrl\":\"https:\\\/\\\/egidimadeinitaly.com\\\/v25\\\/wp-content\\\/uploads\\\/2020\\\/02\\\/ico_parisi_per_mim_coppia_tavolini_tivoli_1959-e1717594761737.jpeg\",\"width\":600,\"height\":400,\"caption\":\"Paire de Table Basses Ico Parisi Pour MIM Mod\u00e8le Tivoli\"},{\"@type\":\"BreadcrumbList\",\"@id\":\"https:\\\/\\\/egidimadeinitaly.com\\\/fr\\\/produit\\\/objets-dart\\\/objets-dart-modernes\\\/paire-de-table-basses-ico-parisi-pour-mim\\\/#breadcrumb\",\"itemListElement\":[{\"@type\":\"ListItem\",\"position\":1,\"name\":\"Home\",\"item\":\"https:\\\/\\\/egidimadeinitaly.com\\\/fr\\\/\"},{\"@type\":\"ListItem\",\"position\":2,\"name\":\"Produits\",\"item\":\"https:\\\/\\\/egidimadeinitaly.com\\\/fr\\\/shop\\\/\"},{\"@type\":\"ListItem\",\"position\":3,\"name\":\"Objets d\u2019art\",\"item\":\"https:\\\/\\\/egidimadeinitaly.com\\\/fr\\\/product-category\\\/objets-dart\\\/\"},{\"@type\":\"ListItem\",\"position\":4,\"name\":\"Objets d'art modernes\",\"item\":\"https:\\\/\\\/egidimadeinitaly.com\\\/fr\\\/product-category\\\/objets-dart\\\/objets-dart-modernes\\\/\"},{\"@type\":\"ListItem\",\"position\":5,\"name\":\"Paire de Table Basses Ico Parisi Pour MIM\"}]},{\"@type\":\"WebSite\",\"@id\":\"https:\\\/\\\/egidimadeinitaly.com\\\/fr\\\/#website\",\"url\":\"https:\\\/\\\/egidimadeinitaly.com\\\/fr\\\/\",\"name\":\"Egidi MadeinItaly\",\"description\":\"Fine Art\",\"potentialAction\":[{\"@type\":\"SearchAction\",\"target\":{\"@type\":\"EntryPoint\",\"urlTemplate\":\"https:\\\/\\\/egidimadeinitaly.com\\\/fr\\\/?s={search_term_string}\"},\"query-input\":{\"@type\":\"PropertyValueSpecification\",\"valueRequired\":true,\"valueName\":\"search_term_string\"}}],\"inLanguage\":\"fr-FR\"}]}<\/script>\n<!-- \/ Yoast SEO Premium plugin. -->","yoast_head_json":{"title":"Paire de Table Basses Ico Parisi Pour MIM - Egidi MadeinItaly","description":"Paire de tables basses des ann\u00e9es 60 Ico Parisi sign\u00e9e MIM Rome. Vous pouvez les acheter directement sur le site e-commerce de design egidimadeinitaly.eu","robots":{"index":"index","follow":"follow","max-snippet":"max-snippet:-1","max-image-preview":"max-image-preview:large","max-video-preview":"max-video-preview:-1"},"canonical":"https:\/\/egidimadeinitaly.com\/fr\/produit\/objets-dart\/objets-dart-modernes\/paire-de-table-basses-ico-parisi-pour-mim\/","og_locale":"fr_FR","og_type":"article","og_title":"Paire de Table Basses Ico Parisi Pour MIM","og_description":"Deux bout de canap\u00e9 \u2018Tivoli\u2019 par le designer italien Ico Parisi","og_url":"https:\/\/egidimadeinitaly.com\/fr\/produit\/objets-dart\/objets-dart-modernes\/paire-de-table-basses-ico-parisi-pour-mim\/","og_site_name":"Egidi MadeinItaly","article_publisher":"https:\/\/www.facebook.com\/egidimadeinitaly\/","article_modified_time":"2024-11-28T15:24:31+00:00","og_image":[{"width":600,"height":400,"url":"https:\/\/egidimadeinitaly.com\/wp-content\/uploads\/2020\/02\/ico_parisi_per_mim_coppia_tavolini_tivoli_1959-e1717594761737.jpeg","type":"image\/jpeg"}],"schema":{"@context":"https:\/\/schema.org","@graph":[{"@type":"WebPage","@id":"https:\/\/egidimadeinitaly.com\/fr\/negozio\/objets-dart\/objets-dart-modernes\/paire-de-table-basses-ico-parisi-pour-mim\/","url":"https:\/\/egidimadeinitaly.com\/fr\/produit\/objets-dart\/objets-dart-modernes\/paire-de-table-basses-ico-parisi-pour-mim\/","name":"Paire de Table Basses Ico Parisi Pour MIM - Egidi MadeinItaly","isPartOf":{"@id":"https:\/\/egidimadeinitaly.com\/fr\/#website"},"primaryImageOfPage":{"@id":"https:\/\/egidimadeinitaly.com\/fr\/produit\/objets-dart\/objets-dart-modernes\/paire-de-table-basses-ico-parisi-pour-mim\/#primaryimage"},"image":{"@id":"https:\/\/egidimadeinitaly.com\/fr\/produit\/objets-dart\/objets-dart-modernes\/paire-de-table-basses-ico-parisi-pour-mim\/#primaryimage"},"thumbnailUrl":"https:\/\/egidimadeinitaly.com\/v25\/wp-content\/uploads\/2020\/02\/ico_parisi_per_mim_coppia_tavolini_tivoli_1959-e1717594761737.jpeg","datePublished":"2018-04-02T14:23:49+00:00","dateModified":"2024-11-28T15:24:31+00:00","description":"Paire de tables basses des ann\u00e9es 60 Ico Parisi sign\u00e9e MIM Rome. Vous pouvez les acheter directement sur le site e-commerce de design egidimadeinitaly.eu","breadcrumb":{"@id":"https:\/\/egidimadeinitaly.com\/fr\/produit\/objets-dart\/objets-dart-modernes\/paire-de-table-basses-ico-parisi-pour-mim\/#breadcrumb"},"inLanguage":"fr-FR","potentialAction":[{"@type":"ReadAction","target":["https:\/\/egidimadeinitaly.com\/fr\/produit\/objets-dart\/objets-dart-modernes\/paire-de-table-basses-ico-parisi-pour-mim\/"]}]},{"@type":"ImageObject","inLanguage":"fr-FR","@id":"https:\/\/egidimadeinitaly.com\/fr\/produit\/objets-dart\/objets-dart-modernes\/paire-de-table-basses-ico-parisi-pour-mim\/#primaryimage","url":"https:\/\/egidimadeinitaly.com\/v25\/wp-content\/uploads\/2020\/02\/ico_parisi_per_mim_coppia_tavolini_tivoli_1959-e1717594761737.jpeg","contentUrl":"https:\/\/egidimadeinitaly.com\/v25\/wp-content\/uploads\/2020\/02\/ico_parisi_per_mim_coppia_tavolini_tivoli_1959-e1717594761737.jpeg","width":600,"height":400,"caption":"Paire de Table Basses Ico Parisi Pour MIM Mod\u00e8le Tivoli"},{"@type":"BreadcrumbList","@id":"https:\/\/egidimadeinitaly.com\/fr\/produit\/objets-dart\/objets-dart-modernes\/paire-de-table-basses-ico-parisi-pour-mim\/#breadcrumb","itemListElement":[{"@type":"ListItem","position":1,"name":"Home","item":"https:\/\/egidimadeinitaly.com\/fr\/"},{"@type":"ListItem","position":2,"name":"Produits","item":"https:\/\/egidimadeinitaly.com\/fr\/shop\/"},{"@type":"ListItem","position":3,"name":"Objets d\u2019art","item":"https:\/\/egidimadeinitaly.com\/fr\/product-category\/objets-dart\/"},{"@type":"ListItem","position":4,"name":"Objets d'art modernes","item":"https:\/\/egidimadeinitaly.com\/fr\/product-category\/objets-dart\/objets-dart-modernes\/"},{"@type":"ListItem","position":5,"name":"Paire de Table Basses Ico Parisi Pour MIM"}]},{"@type":"WebSite","@id":"https:\/\/egidimadeinitaly.com\/fr\/#website","url":"https:\/\/egidimadeinitaly.com\/fr\/","name":"Egidi MadeinItaly","description":"Fine Art","potentialAction":[{"@type":"SearchAction","target":{"@type":"EntryPoint","urlTemplate":"https:\/\/egidimadeinitaly.com\/fr\/?s={search_term_string}"},"query-input":{"@type":"PropertyValueSpecification","valueRequired":true,"valueName":"search_term_string"}}],"inLanguage":"fr-FR"}]}},"_links":{"self":[{"href":"https:\/\/egidimadeinitaly.com\/fr\/wp-json\/wp\/v2\/product\/83215","targetHints":{"allow":["GET"]}}],"collection":[{"href":"https:\/\/egidimadeinitaly.com\/fr\/wp-json\/wp\/v2\/product"}],"about":[{"href":"https:\/\/egidimadeinitaly.com\/fr\/wp-json\/wp\/v2\/types\/product"}],"wp:featuredmedia":[{"embeddable":true,"href":"https:\/\/egidimadeinitaly.com\/fr\/wp-json\/wp\/v2\/media\/83981"}],"wp:attachment":[{"href":"https:\/\/egidimadeinitaly.com\/fr\/wp-json\/wp\/v2\/media?parent=83215"}],"wp:term":[{"taxonomy":"product_brand","embeddable":true,"href":"https:\/\/egidimadeinitaly.com\/fr\/wp-json\/wp\/v2\/product_brand?post=83215"},{"taxonomy":"product_cat","embeddable":true,"href":"https:\/\/egidimadeinitaly.com\/fr\/wp-json\/wp\/v2\/product_cat?post=83215"},{"taxonomy":"product_tag","embeddable":true,"href":"https:\/\/egidimadeinitaly.com\/fr\/wp-json\/wp\/v2\/product_tag?post=83215"}],"curies":[{"name":"wp","href":"https:\/\/api.w.org\/{rel}","templated":true}]}}