{"id":83209,"date":"2018-04-02T15:23:48","date_gmt":"2018-04-02T15:23:48","guid":{"rendered":"https:\/\/egidimadeinitaly.com\/ecomsite\/product\/specchiera-italiana-in-marmorino\/"},"modified":"2020-09-23T08:55:10","modified_gmt":"2020-09-23T08:55:10","slug":"miroir-des-annees-70-en-marmorino","status":"publish","type":"product","link":"https:\/\/egidimadeinitaly.com\/fr\/negozio\/uncategorized\/miroir-des-annees-70-en-marmorino\/","title":{"rendered":"Miroir italien an marbre"},"content":{"rendered":"<p>Le <strong><em>marmorino<\/em> <\/strong>est un mat\u00e9riau utilis\u00e9 depuis l\u2019antiquit\u00e9.<\/p>\n<p><strong>Marco Vitrurio Pollione<\/strong>, architecte et \u00e9crivain romain de la seconde moiti\u00e9 du premier si\u00e8cle av. J.-C. dans son c\u00e9l\u00e8bre trait\u00e9 \u2018<em>De Architettura<\/em>\u2018, il parle du <em>marmorino<\/em> et de la fa\u00e7on dont il a \u00e9t\u00e9 utilis\u00e9 pour cr\u00e9er des stratifications de ma\u00e7onnerie avec une finition lisse et plate. Technique tr\u00e8s complexe qui exigeait une main d\u2019\u0153uvre tr\u00e8s pr\u00e9par\u00e9e et aussi ch\u00e8re.<\/p>\n<p>Plus tard, l\u2019utilisation du <strong><em>marmorino<\/em><\/strong> est surtout utilis\u00e9e pour cr\u00e9er des surfaces parfaites sur lesquelles peindre avec des fresques; l\u2019utilisation de cette pr\u00e9cieuse technique de pr\u00e9paration de la ma\u00e7onnerie a \u00e9t\u00e9 utilis\u00e9e surtout dans l\u2019Adriatique sup\u00e9rieur (<strong>Venise, Ravenne<\/strong>).<\/p>\n<p>Pour trouver une utilisation plus importante du <em>marmorino<\/em>, il faut attendre la fin du XV\u00e8me si\u00e8cle, le retour aux anciens mod\u00e8les architecturaux romains, n\u00e9cessite une main d\u2019\u0153uvre capable d\u2019utiliser les anciennes techniques de finition de la ma\u00e7onnerie dont le <strong><em>marmorino<\/em><\/strong> est le protagoniste. Les grands artistes v\u00e9nitiens comme <strong>Andrea Palladio<\/strong> et Sansovino utiliseront le <em>marmorino<\/em> pour leurs magnifiques constructions que nous admirons encore aujourd\u2019hui. Cette finition imitait parfaitement l\u2019utilisation de la pierre.<\/p>\n<p>Nous avons quelques exemples splendides avec le <strong>Palazzo dei Diamanti \u00e0 Ferrare, la villa de Malcontenta, la Loggia de San Marco \u00e0 Venise.<\/strong><\/p>\n","protected":false},"excerpt":{"rendered":"<p><strong>Miroir des ann\u00e9es\u00a0 \u201970 patin\u00e9 couleur champagne.<\/strong><\/p>\n<p>Dans cet joli miroir il y a une d\u00e9coration horizontale tr\u00e8s \u00e9l\u00e9gante et raffin\u00e9e typique du style italien des ann\u00e9es \u201970.<br \/>\nCe miroir vintage est dans son \u00e9tat originel et avec son charme peut devenir un complice de votre int\u00e9rieur<br \/>\npeut \u00eatre mont\u00e9 <strong>verticalement ou horizontalement.<\/strong><\/p>\n","protected":false},"featured_media":83843,"template":"","meta":{"_acf_changed":false},"product_brand":[],"product_cat":[5930],"product_tag":[5422,5361,1254,5093],"class_list":{"0":"post-83209","1":"product","2":"type-product","3":"status-publish","4":"has-post-thumbnail","6":"product_cat-uncategorized","7":"product_tag-annees-70","8":"product_tag-decoration-murale","9":"product_tag-design-italien-fr","10":"product_tag-glaces","11":"product_shipping_class-dhl-fr","13":"first","14":"outofstock","15":"shipping-taxable","16":"product-type-simple"},"acf":[],"yoast_head":"<!-- This site is optimized with the Yoast SEO Premium plugin v27.3 (Yoast SEO v27.4) - https:\/\/yoast.com\/product\/yoast-seo-premium-wordpress\/ -->\n<title>Miroir italien an marbre - Egidi MadeinItaly<\/title>\n<meta name=\"description\" content=\"Miroir des ann\u00e9es &#039;70 patin\u00e9 couleur champagne.\" \/>\n<meta name=\"robots\" content=\"index, follow, max-snippet:-1, max-image-preview:large, max-video-preview:-1\" \/>\n<link rel=\"canonical\" href=\"https:\/\/egidimadeinitaly.com\/fr\/negozio\/uncategorized\/miroir-des-annees-70-en-marmorino\/\" \/>\n<meta property=\"og:locale\" content=\"fr_FR\" \/>\n<meta property=\"og:type\" content=\"article\" \/>\n<meta property=\"og:title\" content=\"Miroir italien an marbre\" \/>\n<meta property=\"og:description\" content=\"Miroir des ann\u00e9es\u00a0 \u201970 patin\u00e9 couleur champagne.  Dans cet joli miroir il y a une d\u00e9coration horizontale tr\u00e8s \u00e9l\u00e9gante et raffin\u00e9e typique du style italien des ann\u00e9es \u201970. Ce miroir vintage est dans son \u00e9tat originel et avec son charme peut devenir un complice de votre int\u00e9rieur peut \u00eatre mont\u00e9 verticalement ou horizontalement.\" \/>\n<meta property=\"og:url\" content=\"https:\/\/egidimadeinitaly.com\/fr\/negozio\/uncategorized\/miroir-des-annees-70-en-marmorino\/\" \/>\n<meta property=\"og:site_name\" content=\"Egidi MadeinItaly\" \/>\n<meta property=\"article:publisher\" content=\"https:\/\/www.facebook.com\/egidimadeinitaly\/\" \/>\n<meta property=\"article:modified_time\" content=\"2020-09-23T08:55:10+00:00\" \/>\n<meta property=\"og:image\" content=\"https:\/\/egidimadeinitaly.com\/wp-content\/uploads\/2020\/02\/specchiera_italiana_in_marmorino-e1691008248916.jpg\" \/>\n\t<meta property=\"og:image:width\" content=\"467\" \/>\n\t<meta property=\"og:image:height\" content=\"700\" \/>\n\t<meta property=\"og:image:type\" content=\"image\/jpeg\" \/>\n<script type=\"application\/ld+json\" class=\"yoast-schema-graph\">{\"@context\":\"https:\\\/\\\/schema.org\",\"@graph\":[{\"@type\":\"WebPage\",\"@id\":\"https:\\\/\\\/egidimadeinitaly.com\\\/fr\\\/negozio\\\/uncategorized\\\/miroir-des-annees-70-en-marmorino\\\/\",\"url\":\"https:\\\/\\\/egidimadeinitaly.com\\\/fr\\\/negozio\\\/uncategorized\\\/miroir-des-annees-70-en-marmorino\\\/\",\"name\":\"Miroir italien an marbre - Egidi MadeinItaly\",\"isPartOf\":{\"@id\":\"https:\\\/\\\/egidimadeinitaly.com\\\/fr\\\/#website\"},\"primaryImageOfPage\":{\"@id\":\"https:\\\/\\\/egidimadeinitaly.com\\\/fr\\\/negozio\\\/uncategorized\\\/miroir-des-annees-70-en-marmorino\\\/#primaryimage\"},\"image\":{\"@id\":\"https:\\\/\\\/egidimadeinitaly.com\\\/fr\\\/negozio\\\/uncategorized\\\/miroir-des-annees-70-en-marmorino\\\/#primaryimage\"},\"thumbnailUrl\":\"https:\\\/\\\/egidimadeinitaly.com\\\/v25\\\/wp-content\\\/uploads\\\/2020\\\/02\\\/specchiera_italiana_in_marmorino-e1691008248916.jpg\",\"datePublished\":\"2018-04-02T15:23:48+00:00\",\"dateModified\":\"2020-09-23T08:55:10+00:00\",\"description\":\"Miroir des ann\u00e9es '70 patin\u00e9 couleur champagne.\",\"breadcrumb\":{\"@id\":\"https:\\\/\\\/egidimadeinitaly.com\\\/fr\\\/negozio\\\/uncategorized\\\/miroir-des-annees-70-en-marmorino\\\/#breadcrumb\"},\"inLanguage\":\"fr-FR\",\"potentialAction\":[{\"@type\":\"ReadAction\",\"target\":[\"https:\\\/\\\/egidimadeinitaly.com\\\/fr\\\/negozio\\\/uncategorized\\\/miroir-des-annees-70-en-marmorino\\\/\"]}]},{\"@type\":\"ImageObject\",\"inLanguage\":\"fr-FR\",\"@id\":\"https:\\\/\\\/egidimadeinitaly.com\\\/fr\\\/negozio\\\/uncategorized\\\/miroir-des-annees-70-en-marmorino\\\/#primaryimage\",\"url\":\"https:\\\/\\\/egidimadeinitaly.com\\\/v25\\\/wp-content\\\/uploads\\\/2020\\\/02\\\/specchiera_italiana_in_marmorino-e1691008248916.jpg\",\"contentUrl\":\"https:\\\/\\\/egidimadeinitaly.com\\\/v25\\\/wp-content\\\/uploads\\\/2020\\\/02\\\/specchiera_italiana_in_marmorino-e1691008248916.jpg\",\"width\":467,\"height\":700,\"caption\":\"Miroir vintage\"},{\"@type\":\"BreadcrumbList\",\"@id\":\"https:\\\/\\\/egidimadeinitaly.com\\\/fr\\\/negozio\\\/uncategorized\\\/miroir-des-annees-70-en-marmorino\\\/#breadcrumb\",\"itemListElement\":[{\"@type\":\"ListItem\",\"position\":1,\"name\":\"Home\",\"item\":\"https:\\\/\\\/egidimadeinitaly.com\\\/fr\\\/\"},{\"@type\":\"ListItem\",\"position\":2,\"name\":\"Produits\",\"item\":\"https:\\\/\\\/egidimadeinitaly.com\\\/fr\\\/shop\\\/\"},{\"@type\":\"ListItem\",\"position\":3,\"name\":\"Uncategorized\",\"item\":\"https:\\\/\\\/egidimadeinitaly.com\\\/fr\\\/product-category\\\/uncategorized\\\/\"},{\"@type\":\"ListItem\",\"position\":4,\"name\":\"Miroir italien an marbre\"}]},{\"@type\":\"WebSite\",\"@id\":\"https:\\\/\\\/egidimadeinitaly.com\\\/fr\\\/#website\",\"url\":\"https:\\\/\\\/egidimadeinitaly.com\\\/fr\\\/\",\"name\":\"Egidi MadeinItaly\",\"description\":\"Fine Art\",\"potentialAction\":[{\"@type\":\"SearchAction\",\"target\":{\"@type\":\"EntryPoint\",\"urlTemplate\":\"https:\\\/\\\/egidimadeinitaly.com\\\/fr\\\/?s={search_term_string}\"},\"query-input\":{\"@type\":\"PropertyValueSpecification\",\"valueRequired\":true,\"valueName\":\"search_term_string\"}}],\"inLanguage\":\"fr-FR\"}]}<\/script>\n<!-- \/ Yoast SEO Premium plugin. -->","yoast_head_json":{"title":"Miroir italien an marbre - Egidi MadeinItaly","description":"Miroir des ann\u00e9es '70 patin\u00e9 couleur champagne.","robots":{"index":"index","follow":"follow","max-snippet":"max-snippet:-1","max-image-preview":"max-image-preview:large","max-video-preview":"max-video-preview:-1"},"canonical":"https:\/\/egidimadeinitaly.com\/fr\/negozio\/uncategorized\/miroir-des-annees-70-en-marmorino\/","og_locale":"fr_FR","og_type":"article","og_title":"Miroir italien an marbre","og_description":"Miroir des ann\u00e9es\u00a0 \u201970 patin\u00e9 couleur champagne.  Dans cet joli miroir il y a une d\u00e9coration horizontale tr\u00e8s \u00e9l\u00e9gante et raffin\u00e9e typique du style italien des ann\u00e9es \u201970. Ce miroir vintage est dans son \u00e9tat originel et avec son charme peut devenir un complice de votre int\u00e9rieur peut \u00eatre mont\u00e9 verticalement ou horizontalement.","og_url":"https:\/\/egidimadeinitaly.com\/fr\/negozio\/uncategorized\/miroir-des-annees-70-en-marmorino\/","og_site_name":"Egidi MadeinItaly","article_publisher":"https:\/\/www.facebook.com\/egidimadeinitaly\/","article_modified_time":"2020-09-23T08:55:10+00:00","og_image":[{"width":467,"height":700,"url":"https:\/\/egidimadeinitaly.com\/wp-content\/uploads\/2020\/02\/specchiera_italiana_in_marmorino-e1691008248916.jpg","type":"image\/jpeg"}],"schema":{"@context":"https:\/\/schema.org","@graph":[{"@type":"WebPage","@id":"https:\/\/egidimadeinitaly.com\/fr\/negozio\/uncategorized\/miroir-des-annees-70-en-marmorino\/","url":"https:\/\/egidimadeinitaly.com\/fr\/negozio\/uncategorized\/miroir-des-annees-70-en-marmorino\/","name":"Miroir italien an marbre - Egidi MadeinItaly","isPartOf":{"@id":"https:\/\/egidimadeinitaly.com\/fr\/#website"},"primaryImageOfPage":{"@id":"https:\/\/egidimadeinitaly.com\/fr\/negozio\/uncategorized\/miroir-des-annees-70-en-marmorino\/#primaryimage"},"image":{"@id":"https:\/\/egidimadeinitaly.com\/fr\/negozio\/uncategorized\/miroir-des-annees-70-en-marmorino\/#primaryimage"},"thumbnailUrl":"https:\/\/egidimadeinitaly.com\/v25\/wp-content\/uploads\/2020\/02\/specchiera_italiana_in_marmorino-e1691008248916.jpg","datePublished":"2018-04-02T15:23:48+00:00","dateModified":"2020-09-23T08:55:10+00:00","description":"Miroir des ann\u00e9es '70 patin\u00e9 couleur champagne.","breadcrumb":{"@id":"https:\/\/egidimadeinitaly.com\/fr\/negozio\/uncategorized\/miroir-des-annees-70-en-marmorino\/#breadcrumb"},"inLanguage":"fr-FR","potentialAction":[{"@type":"ReadAction","target":["https:\/\/egidimadeinitaly.com\/fr\/negozio\/uncategorized\/miroir-des-annees-70-en-marmorino\/"]}]},{"@type":"ImageObject","inLanguage":"fr-FR","@id":"https:\/\/egidimadeinitaly.com\/fr\/negozio\/uncategorized\/miroir-des-annees-70-en-marmorino\/#primaryimage","url":"https:\/\/egidimadeinitaly.com\/v25\/wp-content\/uploads\/2020\/02\/specchiera_italiana_in_marmorino-e1691008248916.jpg","contentUrl":"https:\/\/egidimadeinitaly.com\/v25\/wp-content\/uploads\/2020\/02\/specchiera_italiana_in_marmorino-e1691008248916.jpg","width":467,"height":700,"caption":"Miroir vintage"},{"@type":"BreadcrumbList","@id":"https:\/\/egidimadeinitaly.com\/fr\/negozio\/uncategorized\/miroir-des-annees-70-en-marmorino\/#breadcrumb","itemListElement":[{"@type":"ListItem","position":1,"name":"Home","item":"https:\/\/egidimadeinitaly.com\/fr\/"},{"@type":"ListItem","position":2,"name":"Produits","item":"https:\/\/egidimadeinitaly.com\/fr\/shop\/"},{"@type":"ListItem","position":3,"name":"Uncategorized","item":"https:\/\/egidimadeinitaly.com\/fr\/product-category\/uncategorized\/"},{"@type":"ListItem","position":4,"name":"Miroir italien an marbre"}]},{"@type":"WebSite","@id":"https:\/\/egidimadeinitaly.com\/fr\/#website","url":"https:\/\/egidimadeinitaly.com\/fr\/","name":"Egidi MadeinItaly","description":"Fine Art","potentialAction":[{"@type":"SearchAction","target":{"@type":"EntryPoint","urlTemplate":"https:\/\/egidimadeinitaly.com\/fr\/?s={search_term_string}"},"query-input":{"@type":"PropertyValueSpecification","valueRequired":true,"valueName":"search_term_string"}}],"inLanguage":"fr-FR"}]}},"_links":{"self":[{"href":"https:\/\/egidimadeinitaly.com\/fr\/wp-json\/wp\/v2\/product\/83209","targetHints":{"allow":["GET"]}}],"collection":[{"href":"https:\/\/egidimadeinitaly.com\/fr\/wp-json\/wp\/v2\/product"}],"about":[{"href":"https:\/\/egidimadeinitaly.com\/fr\/wp-json\/wp\/v2\/types\/product"}],"wp:featuredmedia":[{"embeddable":true,"href":"https:\/\/egidimadeinitaly.com\/fr\/wp-json\/wp\/v2\/media\/83843"}],"wp:attachment":[{"href":"https:\/\/egidimadeinitaly.com\/fr\/wp-json\/wp\/v2\/media?parent=83209"}],"wp:term":[{"taxonomy":"product_brand","embeddable":true,"href":"https:\/\/egidimadeinitaly.com\/fr\/wp-json\/wp\/v2\/product_brand?post=83209"},{"taxonomy":"product_cat","embeddable":true,"href":"https:\/\/egidimadeinitaly.com\/fr\/wp-json\/wp\/v2\/product_cat?post=83209"},{"taxonomy":"product_tag","embeddable":true,"href":"https:\/\/egidimadeinitaly.com\/fr\/wp-json\/wp\/v2\/product_tag?post=83209"}],"curies":[{"name":"wp","href":"https:\/\/api.w.org\/{rel}","templated":true}]}}