{"id":83201,"date":"2018-02-02T15:23:42","date_gmt":"2018-02-02T14:23:42","guid":{"rendered":"https:\/\/egidimadeinitaly.com\/ecomsite\/product\/coppia-appliques-maison-bagues\/"},"modified":"2021-07-21T17:49:24","modified_gmt":"2021-07-21T17:49:24","slug":"paire-dappliques-de-la-maison-bagues","status":"publish","type":"product","link":"https:\/\/egidimadeinitaly.com\/fr\/negozio\/objets-dart\/objets-dart-modernes\/paire-dappliques-de-la-maison-bagues\/","title":{"rendered":"Paire d\u2019Appliques  Maison Bagu\u00e8s"},"content":{"rendered":"<p><strong>Paire d\u2019appliques \u00e0 deux lumi\u00e8res en m\u00e9tal dor\u00e9 en forme de vases fleuris stylis\u00e9s ann\u00e9es \u201950.<\/strong><\/p>\n<p><strong>Comme on peut lire sur le site officiel de la Maison Bagu\u00e8s<\/strong>: \u201cDans les ann\u00e9es 20, Victor et Robert Bagu\u00e8s agrandissent la collection de luminaires en bronze de leur p\u00e8re et cr\u00e9ent leurs propres mod\u00e8les en fer: la gamme Bagu\u00e8s constitu\u00e9e de lustres et appliques <strong>Perroquets et Feuillages<\/strong>.<br \/>\nLa c\u00e9l\u00e8bre maison Bagu\u00e8s n\u00e9e en <strong>Auvergne<\/strong> en 1840 est venue s\u2019installer au c\u0153ur de <strong>Paris<\/strong> en se sp\u00e9cialisant dans la cr\u00e9ation de luminaires de luxe, d\u00e8s 1860.<br \/>\nTr\u00e8s t\u00f4t, elle devient l\u2019embl\u00e8me du savoir-faire de la lustrerie et de la ferronnerie d\u2019art et l\u2019exception de l\u2019artisanat fran\u00e7ais tr\u00e8s pris\u00e9 \u00e0 l\u2019international. Aujourd\u2019hui nich\u00e9e sous le <strong>Viaduc des Arts<\/strong>, elle poursuit l\u2019\u00e9dition de ses plus anciens mod\u00e8les, dont l\u2019\u00e9l\u00e9gance reste une r\u00e9f\u00e9rence en la mati\u00e8re. Soucieuse de pr\u00e9server ce pr\u00e9cieux patrimoine, la maison se consacre aussi \u00e0 la restauration de pi\u00e8ces de collection.<br \/>\nSon prestigieux pass\u00e9 a su \u00e9galement s\u2019enrichir de nouvelles cr\u00e9ations, sign\u00e9es par de grands designers, tel que <strong>Garouste &amp; Bonetti<\/strong>. Dans ses ateliers, le fer et le bronze sont fa\u00e7onn\u00e9s selon les techniques traditionnelles. Lustres, lampes et appliques y sont dor\u00e9s ou argent\u00e9s \u00e0 la feuille et les cristaux sont assembl\u00e9s \u00e0 la main, comme<br \/>\nde v\u00e9ritables bijoux.<br \/>\nLes patines viennent moduler la finition des pi\u00e8ces selon les d\u00e9sirs de chacun. La maison Bagu\u00e8s reste pour nombre de d\u00e9corateurs, synonyme d\u2019\u00e9l\u00e9gance et d\u2019excellence.<\/p>\n","protected":false},"excerpt":{"rendered":"<p>Paire d\u2019appliques \u00e0 deux lumi\u00e8res en m\u00e9tal dor\u00e9<\/p>\n","protected":false},"featured_media":83628,"template":"","meta":{"_acf_changed":false},"product_brand":[],"product_cat":[6412,6492],"product_tag":[1324],"class_list":{"0":"post-83201","1":"product","2":"type-product","3":"status-publish","4":"has-post-thumbnail","6":"product_cat-objets-dart-modernes","7":"product_cat-objets-dart","8":"product_tag-bronzes-fr","9":"product_shipping_class-dhl-fr","11":"first","12":"outofstock","13":"shipping-taxable","14":"product-type-simple"},"acf":[],"yoast_head":"<!-- This site is optimized with the Yoast SEO Premium plugin v27.4 (Yoast SEO v27.5) - https:\/\/yoast.com\/product\/yoast-seo-premium-wordpress\/ -->\n<title>Paire d\u2019Appliques Maison Bagu\u00e8s - Egidi MadeinItaly<\/title>\n<meta name=\"description\" content=\"Paire d&#039;appliques Maison Bagu\u00e8s \u00e0 deux lumi\u00e8res en m\u00e9tal dor\u00e9 en forme de vases fleuris stylis\u00e9s ann\u00e9es &#039;50. Venez les d\u00e9couvrir dans notre site\" \/>\n<meta name=\"robots\" content=\"index, follow, max-snippet:-1, max-image-preview:large, max-video-preview:-1\" \/>\n<link rel=\"canonical\" href=\"https:\/\/egidimadeinitaly.com\/fr\/negozio\/objets-dart\/objets-dart-modernes\/paire-dappliques-de-la-maison-bagues\/\" \/>\n<meta property=\"og:locale\" content=\"fr_FR\" \/>\n<meta property=\"og:type\" content=\"article\" \/>\n<meta property=\"og:title\" content=\"Paire d\u2019Appliques Maison Bagu\u00e8s\" \/>\n<meta property=\"og:description\" content=\"Paire d\u2019appliques \u00e0 deux lumi\u00e8res en m\u00e9tal dor\u00e9\" \/>\n<meta property=\"og:url\" content=\"https:\/\/egidimadeinitaly.com\/fr\/negozio\/objets-dart\/objets-dart-modernes\/paire-dappliques-de-la-maison-bagues\/\" \/>\n<meta property=\"og:site_name\" content=\"Egidi MadeinItaly\" \/>\n<meta property=\"article:publisher\" content=\"https:\/\/www.facebook.com\/egidimadeinitaly\/\" \/>\n<meta property=\"article:modified_time\" content=\"2021-07-21T17:49:24+00:00\" \/>\n<meta property=\"og:image\" content=\"https:\/\/egidimadeinitaly.com\/wp-content\/uploads\/2020\/02\/coppia_appliques_maison_bagues-e1717420081704.jpg\" \/>\n\t<meta property=\"og:image:width\" content=\"2000\" \/>\n\t<meta property=\"og:image:height\" content=\"1333\" \/>\n\t<meta property=\"og:image:type\" content=\"image\/jpeg\" \/>\n<script type=\"application\/ld+json\" class=\"yoast-schema-graph\">{\"@context\":\"https:\\\/\\\/schema.org\",\"@graph\":[{\"@type\":\"WebPage\",\"@id\":\"https:\\\/\\\/egidimadeinitaly.com\\\/fr\\\/negozio\\\/objets-dart\\\/objets-dart-modernes\\\/paire-dappliques-de-la-maison-bagues\\\/\",\"url\":\"https:\\\/\\\/egidimadeinitaly.com\\\/fr\\\/negozio\\\/objets-dart\\\/objets-dart-modernes\\\/paire-dappliques-de-la-maison-bagues\\\/\",\"name\":\"Paire d\u2019Appliques Maison Bagu\u00e8s - Egidi MadeinItaly\",\"isPartOf\":{\"@id\":\"https:\\\/\\\/egidimadeinitaly.com\\\/fr\\\/#website\"},\"primaryImageOfPage\":{\"@id\":\"https:\\\/\\\/egidimadeinitaly.com\\\/fr\\\/negozio\\\/objets-dart\\\/objets-dart-modernes\\\/paire-dappliques-de-la-maison-bagues\\\/#primaryimage\"},\"image\":{\"@id\":\"https:\\\/\\\/egidimadeinitaly.com\\\/fr\\\/negozio\\\/objets-dart\\\/objets-dart-modernes\\\/paire-dappliques-de-la-maison-bagues\\\/#primaryimage\"},\"thumbnailUrl\":\"https:\\\/\\\/egidimadeinitaly.com\\\/v25\\\/wp-content\\\/uploads\\\/2020\\\/02\\\/coppia_appliques_maison_bagues-e1717420081704.jpg\",\"datePublished\":\"2018-02-02T14:23:42+00:00\",\"dateModified\":\"2021-07-21T17:49:24+00:00\",\"description\":\"Paire d'appliques Maison Bagu\u00e8s \u00e0 deux lumi\u00e8res en m\u00e9tal dor\u00e9 en forme de vases fleuris stylis\u00e9s ann\u00e9es '50. Venez les d\u00e9couvrir dans notre site\",\"breadcrumb\":{\"@id\":\"https:\\\/\\\/egidimadeinitaly.com\\\/fr\\\/negozio\\\/objets-dart\\\/objets-dart-modernes\\\/paire-dappliques-de-la-maison-bagues\\\/#breadcrumb\"},\"inLanguage\":\"fr-FR\",\"potentialAction\":[{\"@type\":\"ReadAction\",\"target\":[\"https:\\\/\\\/egidimadeinitaly.com\\\/fr\\\/negozio\\\/objets-dart\\\/objets-dart-modernes\\\/paire-dappliques-de-la-maison-bagues\\\/\"]}]},{\"@type\":\"ImageObject\",\"inLanguage\":\"fr-FR\",\"@id\":\"https:\\\/\\\/egidimadeinitaly.com\\\/fr\\\/negozio\\\/objets-dart\\\/objets-dart-modernes\\\/paire-dappliques-de-la-maison-bagues\\\/#primaryimage\",\"url\":\"https:\\\/\\\/egidimadeinitaly.com\\\/v25\\\/wp-content\\\/uploads\\\/2020\\\/02\\\/coppia_appliques_maison_bagues-e1717420081704.jpg\",\"contentUrl\":\"https:\\\/\\\/egidimadeinitaly.com\\\/v25\\\/wp-content\\\/uploads\\\/2020\\\/02\\\/coppia_appliques_maison_bagues-e1717420081704.jpg\",\"width\":2000,\"height\":1333,\"caption\":\"Paire d\u2019appliques Maison Bagu\u00e8s\"},{\"@type\":\"BreadcrumbList\",\"@id\":\"https:\\\/\\\/egidimadeinitaly.com\\\/fr\\\/negozio\\\/objets-dart\\\/objets-dart-modernes\\\/paire-dappliques-de-la-maison-bagues\\\/#breadcrumb\",\"itemListElement\":[{\"@type\":\"ListItem\",\"position\":1,\"name\":\"Home\",\"item\":\"https:\\\/\\\/egidimadeinitaly.com\\\/fr\\\/\"},{\"@type\":\"ListItem\",\"position\":2,\"name\":\"Produits\",\"item\":\"https:\\\/\\\/egidimadeinitaly.com\\\/fr\\\/shop\\\/\"},{\"@type\":\"ListItem\",\"position\":3,\"name\":\"Objets d\u2019art\",\"item\":\"https:\\\/\\\/egidimadeinitaly.com\\\/fr\\\/product-category\\\/objets-dart\\\/\"},{\"@type\":\"ListItem\",\"position\":4,\"name\":\"Objets d'art modernes\",\"item\":\"https:\\\/\\\/egidimadeinitaly.com\\\/fr\\\/product-category\\\/objets-dart\\\/objets-dart-modernes\\\/\"},{\"@type\":\"ListItem\",\"position\":5,\"name\":\"Paire d\u2019Appliques Maison Bagu\u00e8s\"}]},{\"@type\":\"WebSite\",\"@id\":\"https:\\\/\\\/egidimadeinitaly.com\\\/fr\\\/#website\",\"url\":\"https:\\\/\\\/egidimadeinitaly.com\\\/fr\\\/\",\"name\":\"Egidi MadeinItaly\",\"description\":\"Fine Art\",\"potentialAction\":[{\"@type\":\"SearchAction\",\"target\":{\"@type\":\"EntryPoint\",\"urlTemplate\":\"https:\\\/\\\/egidimadeinitaly.com\\\/fr\\\/?s={search_term_string}\"},\"query-input\":{\"@type\":\"PropertyValueSpecification\",\"valueRequired\":true,\"valueName\":\"search_term_string\"}}],\"inLanguage\":\"fr-FR\"}]}<\/script>\n<!-- \/ Yoast SEO Premium plugin. -->","yoast_head_json":{"title":"Paire d\u2019Appliques Maison Bagu\u00e8s - Egidi MadeinItaly","description":"Paire d'appliques Maison Bagu\u00e8s \u00e0 deux lumi\u00e8res en m\u00e9tal dor\u00e9 en forme de vases fleuris stylis\u00e9s ann\u00e9es '50. Venez les d\u00e9couvrir dans notre site","robots":{"index":"index","follow":"follow","max-snippet":"max-snippet:-1","max-image-preview":"max-image-preview:large","max-video-preview":"max-video-preview:-1"},"canonical":"https:\/\/egidimadeinitaly.com\/fr\/negozio\/objets-dart\/objets-dart-modernes\/paire-dappliques-de-la-maison-bagues\/","og_locale":"fr_FR","og_type":"article","og_title":"Paire d\u2019Appliques Maison Bagu\u00e8s","og_description":"Paire d\u2019appliques \u00e0 deux lumi\u00e8res en m\u00e9tal dor\u00e9","og_url":"https:\/\/egidimadeinitaly.com\/fr\/negozio\/objets-dart\/objets-dart-modernes\/paire-dappliques-de-la-maison-bagues\/","og_site_name":"Egidi MadeinItaly","article_publisher":"https:\/\/www.facebook.com\/egidimadeinitaly\/","article_modified_time":"2021-07-21T17:49:24+00:00","og_image":[{"width":2000,"height":1333,"url":"https:\/\/egidimadeinitaly.com\/wp-content\/uploads\/2020\/02\/coppia_appliques_maison_bagues-e1717420081704.jpg","type":"image\/jpeg"}],"schema":{"@context":"https:\/\/schema.org","@graph":[{"@type":"WebPage","@id":"https:\/\/egidimadeinitaly.com\/fr\/negozio\/objets-dart\/objets-dart-modernes\/paire-dappliques-de-la-maison-bagues\/","url":"https:\/\/egidimadeinitaly.com\/fr\/negozio\/objets-dart\/objets-dart-modernes\/paire-dappliques-de-la-maison-bagues\/","name":"Paire d\u2019Appliques Maison Bagu\u00e8s - Egidi MadeinItaly","isPartOf":{"@id":"https:\/\/egidimadeinitaly.com\/fr\/#website"},"primaryImageOfPage":{"@id":"https:\/\/egidimadeinitaly.com\/fr\/negozio\/objets-dart\/objets-dart-modernes\/paire-dappliques-de-la-maison-bagues\/#primaryimage"},"image":{"@id":"https:\/\/egidimadeinitaly.com\/fr\/negozio\/objets-dart\/objets-dart-modernes\/paire-dappliques-de-la-maison-bagues\/#primaryimage"},"thumbnailUrl":"https:\/\/egidimadeinitaly.com\/v25\/wp-content\/uploads\/2020\/02\/coppia_appliques_maison_bagues-e1717420081704.jpg","datePublished":"2018-02-02T14:23:42+00:00","dateModified":"2021-07-21T17:49:24+00:00","description":"Paire d'appliques Maison Bagu\u00e8s \u00e0 deux lumi\u00e8res en m\u00e9tal dor\u00e9 en forme de vases fleuris stylis\u00e9s ann\u00e9es '50. Venez les d\u00e9couvrir dans notre site","breadcrumb":{"@id":"https:\/\/egidimadeinitaly.com\/fr\/negozio\/objets-dart\/objets-dart-modernes\/paire-dappliques-de-la-maison-bagues\/#breadcrumb"},"inLanguage":"fr-FR","potentialAction":[{"@type":"ReadAction","target":["https:\/\/egidimadeinitaly.com\/fr\/negozio\/objets-dart\/objets-dart-modernes\/paire-dappliques-de-la-maison-bagues\/"]}]},{"@type":"ImageObject","inLanguage":"fr-FR","@id":"https:\/\/egidimadeinitaly.com\/fr\/negozio\/objets-dart\/objets-dart-modernes\/paire-dappliques-de-la-maison-bagues\/#primaryimage","url":"https:\/\/egidimadeinitaly.com\/v25\/wp-content\/uploads\/2020\/02\/coppia_appliques_maison_bagues-e1717420081704.jpg","contentUrl":"https:\/\/egidimadeinitaly.com\/v25\/wp-content\/uploads\/2020\/02\/coppia_appliques_maison_bagues-e1717420081704.jpg","width":2000,"height":1333,"caption":"Paire d\u2019appliques Maison Bagu\u00e8s"},{"@type":"BreadcrumbList","@id":"https:\/\/egidimadeinitaly.com\/fr\/negozio\/objets-dart\/objets-dart-modernes\/paire-dappliques-de-la-maison-bagues\/#breadcrumb","itemListElement":[{"@type":"ListItem","position":1,"name":"Home","item":"https:\/\/egidimadeinitaly.com\/fr\/"},{"@type":"ListItem","position":2,"name":"Produits","item":"https:\/\/egidimadeinitaly.com\/fr\/shop\/"},{"@type":"ListItem","position":3,"name":"Objets d\u2019art","item":"https:\/\/egidimadeinitaly.com\/fr\/product-category\/objets-dart\/"},{"@type":"ListItem","position":4,"name":"Objets d'art modernes","item":"https:\/\/egidimadeinitaly.com\/fr\/product-category\/objets-dart\/objets-dart-modernes\/"},{"@type":"ListItem","position":5,"name":"Paire d\u2019Appliques Maison Bagu\u00e8s"}]},{"@type":"WebSite","@id":"https:\/\/egidimadeinitaly.com\/fr\/#website","url":"https:\/\/egidimadeinitaly.com\/fr\/","name":"Egidi MadeinItaly","description":"Fine Art","potentialAction":[{"@type":"SearchAction","target":{"@type":"EntryPoint","urlTemplate":"https:\/\/egidimadeinitaly.com\/fr\/?s={search_term_string}"},"query-input":{"@type":"PropertyValueSpecification","valueRequired":true,"valueName":"search_term_string"}}],"inLanguage":"fr-FR"}]}},"_links":{"self":[{"href":"https:\/\/egidimadeinitaly.com\/fr\/wp-json\/wp\/v2\/product\/83201","targetHints":{"allow":["GET"]}}],"collection":[{"href":"https:\/\/egidimadeinitaly.com\/fr\/wp-json\/wp\/v2\/product"}],"about":[{"href":"https:\/\/egidimadeinitaly.com\/fr\/wp-json\/wp\/v2\/types\/product"}],"wp:featuredmedia":[{"embeddable":true,"href":"https:\/\/egidimadeinitaly.com\/fr\/wp-json\/wp\/v2\/media\/83628"}],"wp:attachment":[{"href":"https:\/\/egidimadeinitaly.com\/fr\/wp-json\/wp\/v2\/media?parent=83201"}],"wp:term":[{"taxonomy":"product_brand","embeddable":true,"href":"https:\/\/egidimadeinitaly.com\/fr\/wp-json\/wp\/v2\/product_brand?post=83201"},{"taxonomy":"product_cat","embeddable":true,"href":"https:\/\/egidimadeinitaly.com\/fr\/wp-json\/wp\/v2\/product_cat?post=83201"},{"taxonomy":"product_tag","embeddable":true,"href":"https:\/\/egidimadeinitaly.com\/fr\/wp-json\/wp\/v2\/product_tag?post=83201"}],"curies":[{"name":"wp","href":"https:\/\/api.w.org\/{rel}","templated":true}]}}