{"id":83196,"date":"2018-02-03T15:23:42","date_gmt":"2018-02-03T14:23:42","guid":{"rendered":"https:\/\/egidimadeinitaly.com\/ecomsite\/product\/lampada-da-terra-archimede-seguso\/"},"modified":"2024-12-16T09:40:16","modified_gmt":"2024-12-16T08:40:16","slug":"lampadaire-vintage-archimede-seguso","status":"publish","type":"product","link":"https:\/\/egidimadeinitaly.com\/fr\/negozio\/objets-dart\/objets-dart-modernes\/lampadaire-vintage-archimede-seguso\/","title":{"rendered":"Lampadaire Vintage Archimede Seguso"},"content":{"rendered":"<div class=\"accordion_content ui-accordion-content ui-helper-reset ui-widget-content ui-corner-bottom ui-accordion-content-active\">\n<div class=\"accordion_content_inner\">\n<p><strong>\u00c9l\u00e9gant lampadaire d\u2019Archimede Seguso<\/strong> datant des ann\u00e9es 40.<\/p>\n<p>Compos\u00e9 de verre \u00a0transparent de <strong>Murano <\/strong>torsad\u00e9 de couleur blanc iridescent .<br \/>\nRepose sur une originale socle circulaire. \u00c9lectrifie.<\/p>\n<p>&nbsp;<\/p>\n<p>Le <strong>lampadaire ou \u2018lampe \u00e0 terre\u2019<\/strong>, bien que de cr\u00e9ation moderne, s\u2019int\u00e8gre facilement dans un int\u00e9rieur ancien, toutefois sa mati\u00e8re, sa ligne et l\u2019aspect de son abat-jour varieront selon le style de l\u2019ameublement.<\/p>\n<p>De faible encombrement au sol, ce type de <strong>luminaire pratique, mobile, dispense une lumi\u00e8re \u00e0 bonne hauteur<\/strong> (1,35 environ).<\/p>\n<p>Certains mod\u00e8les des lampadaires peuvent comprendre plusieurs sources de <strong>lumi\u00e8re orientables<\/strong> et sont \u00e9quip\u00e9s d\u2019un axe \u00e0 glissi\u00e8re permettant de r\u00e9gler l\u2019\u00e9clairage \u00e0 diff\u00e9rentes hauteurs.<\/p>\n<p>L\u2019\u00e9lectrification de ce lampadaire <strong>Seguso<\/strong> est en parfait \u00e9tat de fonctionnement.<\/p>\n<\/div>\n<\/div>\n","protected":false},"excerpt":{"rendered":"<p>Lampadaire Archimede Seguso\u00a0ann\u00e9es 40<\/p>\n","protected":false},"featured_media":83582,"template":"","meta":{"_acf_changed":false},"product_brand":[],"product_cat":[6412,6492],"product_tag":[5406,1254,1639],"class_list":{"0":"post-83196","1":"product","2":"type-product","3":"status-publish","4":"has-post-thumbnail","6":"product_cat-objets-dart-modernes","7":"product_cat-objets-dart","8":"product_tag-annees-40-fr","9":"product_tag-design-italien-fr","10":"product_tag-murano-fr","11":"product_shipping_class-dhl-fr","13":"first","14":"outofstock","15":"shipping-taxable","16":"product-type-simple"},"acf":[],"yoast_head":"<!-- This site is optimized with the Yoast SEO Premium plugin v27.3 (Yoast SEO v27.4) - https:\/\/yoast.com\/product\/yoast-seo-premium-wordpress\/ -->\n<title>Lampadaire Vintage Archimede Seguso - Egidi MadeinItaly<\/title>\n<meta name=\"description\" content=\"\u00c9l\u00e9gant lampadaire du designer Archimede Seguso datant des ann\u00e9es 40. Venez d\u00e9couvrir tous les d\u00e9tails dans notre site e commerce.\" \/>\n<meta name=\"robots\" content=\"index, follow, max-snippet:-1, max-image-preview:large, max-video-preview:-1\" \/>\n<link rel=\"canonical\" href=\"https:\/\/egidimadeinitaly.com\/fr\/produit\/objets-dart\/objets-dart-modernes\/lampadaire-vintage-archimede-seguso\/\" \/>\n<meta property=\"og:locale\" content=\"fr_FR\" \/>\n<meta property=\"og:type\" content=\"article\" \/>\n<meta property=\"og:title\" content=\"Lampadaire Vintage Archimede Seguso\" \/>\n<meta property=\"og:description\" content=\"Lampadaire Archimede Seguso\u00a0ann\u00e9es 40\" \/>\n<meta property=\"og:url\" content=\"https:\/\/egidimadeinitaly.com\/fr\/produit\/objets-dart\/objets-dart-modernes\/lampadaire-vintage-archimede-seguso\/\" \/>\n<meta property=\"og:site_name\" content=\"Egidi MadeinItaly\" \/>\n<meta property=\"article:publisher\" content=\"https:\/\/www.facebook.com\/egidimadeinitaly\/\" \/>\n<meta property=\"article:modified_time\" content=\"2024-12-16T08:40:16+00:00\" \/>\n<meta property=\"og:image\" content=\"https:\/\/egidimadeinitaly.com\/wp-content\/uploads\/2020\/02\/lampada_da_terra_archimede_seguso-e1717419493934.jpg\" \/>\n\t<meta property=\"og:image:width\" content=\"1500\" \/>\n\t<meta property=\"og:image:height\" content=\"1000\" \/>\n\t<meta property=\"og:image:type\" content=\"image\/jpeg\" \/>\n<script type=\"application\/ld+json\" class=\"yoast-schema-graph\">{\"@context\":\"https:\\\/\\\/schema.org\",\"@graph\":[{\"@type\":\"WebPage\",\"@id\":\"https:\\\/\\\/egidimadeinitaly.com\\\/fr\\\/negozio\\\/objets-dart\\\/objets-dart-modernes\\\/lampadaire-vintage-archimede-seguso\\\/\",\"url\":\"https:\\\/\\\/egidimadeinitaly.com\\\/fr\\\/produit\\\/objets-dart\\\/objets-dart-modernes\\\/lampadaire-vintage-archimede-seguso\\\/\",\"name\":\"Lampadaire Vintage Archimede Seguso - Egidi MadeinItaly\",\"isPartOf\":{\"@id\":\"https:\\\/\\\/egidimadeinitaly.com\\\/fr\\\/#website\"},\"primaryImageOfPage\":{\"@id\":\"https:\\\/\\\/egidimadeinitaly.com\\\/fr\\\/produit\\\/objets-dart\\\/objets-dart-modernes\\\/lampadaire-vintage-archimede-seguso\\\/#primaryimage\"},\"image\":{\"@id\":\"https:\\\/\\\/egidimadeinitaly.com\\\/fr\\\/produit\\\/objets-dart\\\/objets-dart-modernes\\\/lampadaire-vintage-archimede-seguso\\\/#primaryimage\"},\"thumbnailUrl\":\"https:\\\/\\\/egidimadeinitaly.com\\\/v25\\\/wp-content\\\/uploads\\\/2020\\\/02\\\/lampada_da_terra_archimede_seguso-e1717419493934.jpg\",\"datePublished\":\"2018-02-03T14:23:42+00:00\",\"dateModified\":\"2024-12-16T08:40:16+00:00\",\"description\":\"\u00c9l\u00e9gant lampadaire du designer Archimede Seguso datant des ann\u00e9es 40. Venez d\u00e9couvrir tous les d\u00e9tails dans notre site e commerce.\",\"breadcrumb\":{\"@id\":\"https:\\\/\\\/egidimadeinitaly.com\\\/fr\\\/produit\\\/objets-dart\\\/objets-dart-modernes\\\/lampadaire-vintage-archimede-seguso\\\/#breadcrumb\"},\"inLanguage\":\"fr-FR\",\"potentialAction\":[{\"@type\":\"ReadAction\",\"target\":[\"https:\\\/\\\/egidimadeinitaly.com\\\/fr\\\/produit\\\/objets-dart\\\/objets-dart-modernes\\\/lampadaire-vintage-archimede-seguso\\\/\"]}]},{\"@type\":\"ImageObject\",\"inLanguage\":\"fr-FR\",\"@id\":\"https:\\\/\\\/egidimadeinitaly.com\\\/fr\\\/produit\\\/objets-dart\\\/objets-dart-modernes\\\/lampadaire-vintage-archimede-seguso\\\/#primaryimage\",\"url\":\"https:\\\/\\\/egidimadeinitaly.com\\\/v25\\\/wp-content\\\/uploads\\\/2020\\\/02\\\/lampada_da_terra_archimede_seguso-e1717419493934.jpg\",\"contentUrl\":\"https:\\\/\\\/egidimadeinitaly.com\\\/v25\\\/wp-content\\\/uploads\\\/2020\\\/02\\\/lampada_da_terra_archimede_seguso-e1717419493934.jpg\",\"width\":1500,\"height\":1000,\"caption\":\"Lampadaire en Verre Murano par Seguso\"},{\"@type\":\"BreadcrumbList\",\"@id\":\"https:\\\/\\\/egidimadeinitaly.com\\\/fr\\\/produit\\\/objets-dart\\\/objets-dart-modernes\\\/lampadaire-vintage-archimede-seguso\\\/#breadcrumb\",\"itemListElement\":[{\"@type\":\"ListItem\",\"position\":1,\"name\":\"Home\",\"item\":\"https:\\\/\\\/egidimadeinitaly.com\\\/fr\\\/\"},{\"@type\":\"ListItem\",\"position\":2,\"name\":\"Produits\",\"item\":\"https:\\\/\\\/egidimadeinitaly.com\\\/fr\\\/shop\\\/\"},{\"@type\":\"ListItem\",\"position\":3,\"name\":\"Objets d\u2019art\",\"item\":\"https:\\\/\\\/egidimadeinitaly.com\\\/fr\\\/product-category\\\/objets-dart\\\/\"},{\"@type\":\"ListItem\",\"position\":4,\"name\":\"Objets d'art modernes\",\"item\":\"https:\\\/\\\/egidimadeinitaly.com\\\/fr\\\/product-category\\\/objets-dart\\\/objets-dart-modernes\\\/\"},{\"@type\":\"ListItem\",\"position\":5,\"name\":\"Lampadaire Vintage Archimede Seguso\"}]},{\"@type\":\"WebSite\",\"@id\":\"https:\\\/\\\/egidimadeinitaly.com\\\/fr\\\/#website\",\"url\":\"https:\\\/\\\/egidimadeinitaly.com\\\/fr\\\/\",\"name\":\"Egidi MadeinItaly\",\"description\":\"Fine Art\",\"potentialAction\":[{\"@type\":\"SearchAction\",\"target\":{\"@type\":\"EntryPoint\",\"urlTemplate\":\"https:\\\/\\\/egidimadeinitaly.com\\\/fr\\\/?s={search_term_string}\"},\"query-input\":{\"@type\":\"PropertyValueSpecification\",\"valueRequired\":true,\"valueName\":\"search_term_string\"}}],\"inLanguage\":\"fr-FR\"}]}<\/script>\n<!-- \/ Yoast SEO Premium plugin. -->","yoast_head_json":{"title":"Lampadaire Vintage Archimede Seguso - Egidi MadeinItaly","description":"\u00c9l\u00e9gant lampadaire du designer Archimede Seguso datant des ann\u00e9es 40. Venez d\u00e9couvrir tous les d\u00e9tails dans notre site e commerce.","robots":{"index":"index","follow":"follow","max-snippet":"max-snippet:-1","max-image-preview":"max-image-preview:large","max-video-preview":"max-video-preview:-1"},"canonical":"https:\/\/egidimadeinitaly.com\/fr\/produit\/objets-dart\/objets-dart-modernes\/lampadaire-vintage-archimede-seguso\/","og_locale":"fr_FR","og_type":"article","og_title":"Lampadaire Vintage Archimede Seguso","og_description":"Lampadaire Archimede Seguso\u00a0ann\u00e9es 40","og_url":"https:\/\/egidimadeinitaly.com\/fr\/produit\/objets-dart\/objets-dart-modernes\/lampadaire-vintage-archimede-seguso\/","og_site_name":"Egidi MadeinItaly","article_publisher":"https:\/\/www.facebook.com\/egidimadeinitaly\/","article_modified_time":"2024-12-16T08:40:16+00:00","og_image":[{"width":1500,"height":1000,"url":"https:\/\/egidimadeinitaly.com\/wp-content\/uploads\/2020\/02\/lampada_da_terra_archimede_seguso-e1717419493934.jpg","type":"image\/jpeg"}],"schema":{"@context":"https:\/\/schema.org","@graph":[{"@type":"WebPage","@id":"https:\/\/egidimadeinitaly.com\/fr\/negozio\/objets-dart\/objets-dart-modernes\/lampadaire-vintage-archimede-seguso\/","url":"https:\/\/egidimadeinitaly.com\/fr\/produit\/objets-dart\/objets-dart-modernes\/lampadaire-vintage-archimede-seguso\/","name":"Lampadaire Vintage Archimede Seguso - Egidi MadeinItaly","isPartOf":{"@id":"https:\/\/egidimadeinitaly.com\/fr\/#website"},"primaryImageOfPage":{"@id":"https:\/\/egidimadeinitaly.com\/fr\/produit\/objets-dart\/objets-dart-modernes\/lampadaire-vintage-archimede-seguso\/#primaryimage"},"image":{"@id":"https:\/\/egidimadeinitaly.com\/fr\/produit\/objets-dart\/objets-dart-modernes\/lampadaire-vintage-archimede-seguso\/#primaryimage"},"thumbnailUrl":"https:\/\/egidimadeinitaly.com\/v25\/wp-content\/uploads\/2020\/02\/lampada_da_terra_archimede_seguso-e1717419493934.jpg","datePublished":"2018-02-03T14:23:42+00:00","dateModified":"2024-12-16T08:40:16+00:00","description":"\u00c9l\u00e9gant lampadaire du designer Archimede Seguso datant des ann\u00e9es 40. Venez d\u00e9couvrir tous les d\u00e9tails dans notre site e commerce.","breadcrumb":{"@id":"https:\/\/egidimadeinitaly.com\/fr\/produit\/objets-dart\/objets-dart-modernes\/lampadaire-vintage-archimede-seguso\/#breadcrumb"},"inLanguage":"fr-FR","potentialAction":[{"@type":"ReadAction","target":["https:\/\/egidimadeinitaly.com\/fr\/produit\/objets-dart\/objets-dart-modernes\/lampadaire-vintage-archimede-seguso\/"]}]},{"@type":"ImageObject","inLanguage":"fr-FR","@id":"https:\/\/egidimadeinitaly.com\/fr\/produit\/objets-dart\/objets-dart-modernes\/lampadaire-vintage-archimede-seguso\/#primaryimage","url":"https:\/\/egidimadeinitaly.com\/v25\/wp-content\/uploads\/2020\/02\/lampada_da_terra_archimede_seguso-e1717419493934.jpg","contentUrl":"https:\/\/egidimadeinitaly.com\/v25\/wp-content\/uploads\/2020\/02\/lampada_da_terra_archimede_seguso-e1717419493934.jpg","width":1500,"height":1000,"caption":"Lampadaire en Verre Murano par Seguso"},{"@type":"BreadcrumbList","@id":"https:\/\/egidimadeinitaly.com\/fr\/produit\/objets-dart\/objets-dart-modernes\/lampadaire-vintage-archimede-seguso\/#breadcrumb","itemListElement":[{"@type":"ListItem","position":1,"name":"Home","item":"https:\/\/egidimadeinitaly.com\/fr\/"},{"@type":"ListItem","position":2,"name":"Produits","item":"https:\/\/egidimadeinitaly.com\/fr\/shop\/"},{"@type":"ListItem","position":3,"name":"Objets d\u2019art","item":"https:\/\/egidimadeinitaly.com\/fr\/product-category\/objets-dart\/"},{"@type":"ListItem","position":4,"name":"Objets d'art modernes","item":"https:\/\/egidimadeinitaly.com\/fr\/product-category\/objets-dart\/objets-dart-modernes\/"},{"@type":"ListItem","position":5,"name":"Lampadaire Vintage Archimede Seguso"}]},{"@type":"WebSite","@id":"https:\/\/egidimadeinitaly.com\/fr\/#website","url":"https:\/\/egidimadeinitaly.com\/fr\/","name":"Egidi MadeinItaly","description":"Fine Art","potentialAction":[{"@type":"SearchAction","target":{"@type":"EntryPoint","urlTemplate":"https:\/\/egidimadeinitaly.com\/fr\/?s={search_term_string}"},"query-input":{"@type":"PropertyValueSpecification","valueRequired":true,"valueName":"search_term_string"}}],"inLanguage":"fr-FR"}]}},"_links":{"self":[{"href":"https:\/\/egidimadeinitaly.com\/fr\/wp-json\/wp\/v2\/product\/83196","targetHints":{"allow":["GET"]}}],"collection":[{"href":"https:\/\/egidimadeinitaly.com\/fr\/wp-json\/wp\/v2\/product"}],"about":[{"href":"https:\/\/egidimadeinitaly.com\/fr\/wp-json\/wp\/v2\/types\/product"}],"wp:featuredmedia":[{"embeddable":true,"href":"https:\/\/egidimadeinitaly.com\/fr\/wp-json\/wp\/v2\/media\/83582"}],"wp:attachment":[{"href":"https:\/\/egidimadeinitaly.com\/fr\/wp-json\/wp\/v2\/media?parent=83196"}],"wp:term":[{"taxonomy":"product_brand","embeddable":true,"href":"https:\/\/egidimadeinitaly.com\/fr\/wp-json\/wp\/v2\/product_brand?post=83196"},{"taxonomy":"product_cat","embeddable":true,"href":"https:\/\/egidimadeinitaly.com\/fr\/wp-json\/wp\/v2\/product_cat?post=83196"},{"taxonomy":"product_tag","embeddable":true,"href":"https:\/\/egidimadeinitaly.com\/fr\/wp-json\/wp\/v2\/product_tag?post=83196"}],"curies":[{"name":"wp","href":"https:\/\/api.w.org\/{rel}","templated":true}]}}