{"id":83181,"date":"2018-06-02T15:24:02","date_gmt":"2018-06-02T14:24:02","guid":{"rendered":"https:\/\/egidimadeinitaly.com\/ecomsite\/product\/saarinen-tavolo-tondo-knoll-1970\/"},"modified":"2022-07-17T05:03:34","modified_gmt":"2022-07-17T05:03:34","slug":"table-saarinen-pour-knoll-international","status":"publish","type":"product","link":"https:\/\/egidimadeinitaly.com\/fr\/negozio\/objets-dart\/objets-dart-modernes\/table-saarinen-pour-knoll-international\/","title":{"rendered":"Table Saarinen pour Knoll International"},"content":{"rendered":"<p>Table ronde par Eero <em>Saarinen<\/em>\u00a0pour Knoll International ann\u00e9e 70<\/p>\n<p>&nbsp;<\/p>\n","protected":false},"excerpt":{"rendered":"<p><strong>Table ronde<\/strong> par Eero <em>Saarinen<\/em>\u00a0pour <strong>Knoll International <\/strong>ann\u00e9e 70.<\/p>\n<p><strong>Eero Saarinen<\/strong>, n\u00e9 en 1910 \u00e0 Kirkkonummi, pr\u00e8s d\u2019Helsinki en Finlande, <strong>\u00e9tait un enfant de la balle<\/strong>. Son p\u00e8re Eliel, qui l\u2019initia \u00e0 la profession, \u00e9tait lui aussi c\u00e9l\u00e8bre architecte, qui devint pr\u00e9sident de la <strong><em>Cranbrook Academy of Art<\/em> en 1932<\/strong>. Sa m\u00e8re \u00e9tait une artiste, designer textile.<\/p>\n<p>Avec une telle famille, son destin semblait tout trac\u00e9\u2026 au point qu\u2019enfant il aurait particip\u00e9 aux c\u00f4t\u00e9s de son p\u00e8re \u00e0 l\u2019am\u00e9nagement du campus de Cranbrook dans le Michigan. Dans le <strong>Paris Art d\u00e9co des Ann\u00e9es folles<\/strong>, Eero Saarinen \u00e9tudie passionn\u00e9ment la sculpture avant de suivre des \u00e9tudes d\u2019architecture \u00e0 Yale. Apr\u00e8s avoir visit\u00e9 l\u2019Europe gr\u00e2ce \u00e0 une bourse d\u2019\u00e9tudes, il rentre aux \u00c9tats-Unis o\u00f9 il est charg\u00e9 de cours \u00e0 la <em>Cranbrook Academy<\/em> et commence une carri\u00e8re fulgurante durant laquelle il cr\u00e9era de v\u00e9ritables ic\u00f4nes de notre \u00e9poque, comme la table en question.<\/p>\n<p>De toute \u00e9vidence, la ville de Cranbrook faisait partie de son destin puisqu\u2019il y rencontrera <strong>Charles Eames,<\/strong> autre l\u00e9gende du design du XX<sup>e<\/sup> si\u00e8cle.<\/p>\n<p>On peut dire que leur amiti\u00e9\/collaboration\/partenariat marquera le design jusqu\u2019\u00e0 nos jours. Ils partageaient la m\u00eame envie d\u2019exp\u00e9rimenter, tant les processus de production que l\u2019emploi des mat\u00e9riaux. R\u00e9sultat ? En 1940, le <em>Museum of Modern Art<\/em> (MoMA) de New York, lui d\u00e9cerne le prestigieux prix du concours de design organique, dans la cat\u00e9gorie <strong><em>Organic Design in Home Furnishings<\/em>,<\/strong> pour la cr\u00e9ation d\u2019une s\u00e9rie de chaises en contreplaqu\u00e9 moul\u00e9 \u00e0 la forme enveloppante.<\/p>\n<p>Tr\u00e8s belle table dessin\u00e9e par le c\u00e9l\u00e8bre architecte finno-am\u00e9ricain Eero Saarinen.<br \/>\nTr\u00e8s \u00e9l\u00e9gante et r\u00e9alis\u00e9e en <strong>aluminium moul\u00e9 sous pression laqu\u00e9 blanc brillant<\/strong>, elle est appel\u00e9e <em>Tulip<\/em> en raison de la forme de son pied.<br \/>\nLa partie situ\u00e9e sous le plateau est en <strong>bois contreplaqu\u00e9 laqu\u00e9 blanc mat,<\/strong> tandis que le plateau est en verre opale blanc glacier.<\/p>\n","protected":false},"featured_media":100546,"template":"","meta":{"_acf_changed":false},"product_brand":[],"product_cat":[6377,6412],"product_tag":[5422,5405,5079],"class_list":{"0":"post-83181","1":"product","2":"type-product","3":"status-publish","4":"has-post-thumbnail","6":"product_cat-art-moderne","7":"product_cat-objets-dart-modernes","8":"product_tag-annees-70","9":"product_tag-blanc","10":"product_tag-vintage-fr","11":"product_shipping_class-dhl-fr","13":"first","14":"outofstock","15":"shipping-taxable","16":"product-type-simple"},"acf":[],"yoast_head":"<!-- This site is optimized with the Yoast SEO Premium plugin v27.4 (Yoast SEO v27.5) - https:\/\/yoast.com\/product\/yoast-seo-premium-wordpress\/ -->\n<title>Table Saarinen pour Knoll International - Egidi MadeinItaly<\/title>\n<meta name=\"robots\" content=\"index, follow, max-snippet:-1, max-image-preview:large, max-video-preview:-1\" \/>\n<link rel=\"canonical\" href=\"https:\/\/egidimadeinitaly.com\/fr\/negozio\/objets-dart\/objets-dart-modernes\/table-saarinen-pour-knoll-international\/\" \/>\n<meta property=\"og:locale\" content=\"fr_FR\" \/>\n<meta property=\"og:type\" content=\"article\" \/>\n<meta property=\"og:title\" content=\"Table Saarinen pour Knoll International\" \/>\n<meta property=\"og:description\" content=\"Table ronde par Eero Saarinen\u00a0pour Knoll International ann\u00e9e 70.  Eero Saarinen, n\u00e9 en 1910 \u00e0 Kirkkonummi, pr\u00e8s d\u2019Helsinki en Finlande, \u00e9tait un enfant de la balle. Son p\u00e8re Eliel, qui l\u2019initia \u00e0 la profession, \u00e9tait lui aussi c\u00e9l\u00e8bre architecte, qui devint pr\u00e9sident de la Cranbrook Academy of Art en 1932. Sa m\u00e8re \u00e9tait une artiste, designer textile.  Avec une telle famille, son destin semblait tout trac\u00e9\u2026 au point qu\u2019enfant il aurait particip\u00e9 aux c\u00f4t\u00e9s de son p\u00e8re \u00e0 l\u2019am\u00e9nagement du campus de Cranbrook dans le Michigan. Dans le Paris Art d\u00e9co des Ann\u00e9es folles, Eero Saarinen \u00e9tudie passionn\u00e9ment la sculpture avant de suivre des \u00e9tudes d\u2019architecture \u00e0 Yale. Apr\u00e8s avoir visit\u00e9 l\u2019Europe gr\u00e2ce \u00e0 une bourse d\u2019\u00e9tudes, il rentre aux \u00c9tats-Unis o\u00f9 il est charg\u00e9 de cours \u00e0 la Cranbrook Academy et commence une carri\u00e8re fulgurante durant laquelle il cr\u00e9era de v\u00e9ritables ic\u00f4nes de notre \u00e9poque, comme la table en question.  De toute \u00e9vidence, la ville de Cranbrook faisait partie de son destin puisqu\u2019il y rencontrera Charles Eames, autre l\u00e9gende du design du XXe si\u00e8cle.  On peut dire que leur amiti\u00e9\/collaboration\/partenariat marquera le design jusqu\u2019\u00e0 nos jours. Ils partageaient la m\u00eame envie d\u2019exp\u00e9rimenter, tant les processus de production que l\u2019emploi des mat\u00e9riaux. R\u00e9sultat ? En 1940, le Museum of Modern Art (MoMA) de New York, lui d\u00e9cerne le prestigieux prix du concours de design organique, dans la cat\u00e9gorie Organic Design in Home Furnishings, pour la cr\u00e9ation d\u2019une s\u00e9rie de chaises en contreplaqu\u00e9 moul\u00e9 \u00e0 la forme enveloppante.  Tr\u00e8s belle table dessin\u00e9e par le c\u00e9l\u00e8bre architecte finno-am\u00e9ricain Eero Saarinen. Tr\u00e8s \u00e9l\u00e9gante et r\u00e9alis\u00e9e en aluminium moul\u00e9 sous pression laqu\u00e9 blanc brillant, elle est appel\u00e9e Tulip en raison de la forme de son pied. La partie situ\u00e9e sous le plateau est en bois contreplaqu\u00e9 laqu\u00e9 blanc mat, tandis que le plateau est en verre opale blanc glacier.\" \/>\n<meta property=\"og:url\" content=\"https:\/\/egidimadeinitaly.com\/fr\/negozio\/objets-dart\/objets-dart-modernes\/table-saarinen-pour-knoll-international\/\" \/>\n<meta property=\"og:site_name\" content=\"Egidi MadeinItaly\" \/>\n<meta property=\"article:publisher\" content=\"https:\/\/www.facebook.com\/egidimadeinitaly\/\" \/>\n<meta property=\"article:modified_time\" content=\"2022-07-17T05:03:34+00:00\" \/>\n<meta property=\"og:image\" content=\"https:\/\/egidimadeinitaly.com\/wp-content\/uploads\/2021\/05\/407187A8-1010-4163-A177-74708DDE6923.jpeg\" \/>\n\t<meta property=\"og:image:width\" content=\"984\" \/>\n\t<meta property=\"og:image:height\" content=\"999\" \/>\n\t<meta property=\"og:image:type\" content=\"image\/jpeg\" \/>\n<script type=\"application\/ld+json\" class=\"yoast-schema-graph\">{\"@context\":\"https:\\\/\\\/schema.org\",\"@graph\":[{\"@type\":\"WebPage\",\"@id\":\"https:\\\/\\\/egidimadeinitaly.com\\\/fr\\\/negozio\\\/objets-dart\\\/objets-dart-modernes\\\/table-saarinen-pour-knoll-international\\\/\",\"url\":\"https:\\\/\\\/egidimadeinitaly.com\\\/fr\\\/negozio\\\/objets-dart\\\/objets-dart-modernes\\\/table-saarinen-pour-knoll-international\\\/\",\"name\":\"Table Saarinen pour Knoll International - Egidi MadeinItaly\",\"isPartOf\":{\"@id\":\"https:\\\/\\\/egidimadeinitaly.com\\\/fr\\\/#website\"},\"primaryImageOfPage\":{\"@id\":\"https:\\\/\\\/egidimadeinitaly.com\\\/fr\\\/negozio\\\/objets-dart\\\/objets-dart-modernes\\\/table-saarinen-pour-knoll-international\\\/#primaryimage\"},\"image\":{\"@id\":\"https:\\\/\\\/egidimadeinitaly.com\\\/fr\\\/negozio\\\/objets-dart\\\/objets-dart-modernes\\\/table-saarinen-pour-knoll-international\\\/#primaryimage\"},\"thumbnailUrl\":\"https:\\\/\\\/egidimadeinitaly.com\\\/v25\\\/wp-content\\\/uploads\\\/2021\\\/05\\\/407187A8-1010-4163-A177-74708DDE6923.jpeg\",\"datePublished\":\"2018-06-02T14:24:02+00:00\",\"dateModified\":\"2022-07-17T05:03:34+00:00\",\"breadcrumb\":{\"@id\":\"https:\\\/\\\/egidimadeinitaly.com\\\/fr\\\/negozio\\\/objets-dart\\\/objets-dart-modernes\\\/table-saarinen-pour-knoll-international\\\/#breadcrumb\"},\"inLanguage\":\"fr-FR\",\"potentialAction\":[{\"@type\":\"ReadAction\",\"target\":[\"https:\\\/\\\/egidimadeinitaly.com\\\/fr\\\/negozio\\\/objets-dart\\\/objets-dart-modernes\\\/table-saarinen-pour-knoll-international\\\/\"]}]},{\"@type\":\"ImageObject\",\"inLanguage\":\"fr-FR\",\"@id\":\"https:\\\/\\\/egidimadeinitaly.com\\\/fr\\\/negozio\\\/objets-dart\\\/objets-dart-modernes\\\/table-saarinen-pour-knoll-international\\\/#primaryimage\",\"url\":\"https:\\\/\\\/egidimadeinitaly.com\\\/v25\\\/wp-content\\\/uploads\\\/2021\\\/05\\\/407187A8-1010-4163-A177-74708DDE6923.jpeg\",\"contentUrl\":\"https:\\\/\\\/egidimadeinitaly.com\\\/v25\\\/wp-content\\\/uploads\\\/2021\\\/05\\\/407187A8-1010-4163-A177-74708DDE6923.jpeg\",\"width\":984,\"height\":999,\"caption\":\"Eero Saarinen Table Vintage\"},{\"@type\":\"BreadcrumbList\",\"@id\":\"https:\\\/\\\/egidimadeinitaly.com\\\/fr\\\/negozio\\\/objets-dart\\\/objets-dart-modernes\\\/table-saarinen-pour-knoll-international\\\/#breadcrumb\",\"itemListElement\":[{\"@type\":\"ListItem\",\"position\":1,\"name\":\"Home\",\"item\":\"https:\\\/\\\/egidimadeinitaly.com\\\/fr\\\/\"},{\"@type\":\"ListItem\",\"position\":2,\"name\":\"Produits\",\"item\":\"https:\\\/\\\/egidimadeinitaly.com\\\/fr\\\/shop\\\/\"},{\"@type\":\"ListItem\",\"position\":3,\"name\":\"Objets d\u2019art\",\"item\":\"https:\\\/\\\/egidimadeinitaly.com\\\/fr\\\/product-category\\\/objets-dart\\\/\"},{\"@type\":\"ListItem\",\"position\":4,\"name\":\"Objets d'art modernes\",\"item\":\"https:\\\/\\\/egidimadeinitaly.com\\\/fr\\\/product-category\\\/objets-dart\\\/objets-dart-modernes\\\/\"},{\"@type\":\"ListItem\",\"position\":5,\"name\":\"Table Saarinen pour Knoll International\"}]},{\"@type\":\"WebSite\",\"@id\":\"https:\\\/\\\/egidimadeinitaly.com\\\/fr\\\/#website\",\"url\":\"https:\\\/\\\/egidimadeinitaly.com\\\/fr\\\/\",\"name\":\"Egidi MadeinItaly\",\"description\":\"Fine Art\",\"potentialAction\":[{\"@type\":\"SearchAction\",\"target\":{\"@type\":\"EntryPoint\",\"urlTemplate\":\"https:\\\/\\\/egidimadeinitaly.com\\\/fr\\\/?s={search_term_string}\"},\"query-input\":{\"@type\":\"PropertyValueSpecification\",\"valueRequired\":true,\"valueName\":\"search_term_string\"}}],\"inLanguage\":\"fr-FR\"}]}<\/script>\n<!-- \/ Yoast SEO Premium plugin. -->","yoast_head_json":{"title":"Table Saarinen pour Knoll International - Egidi MadeinItaly","robots":{"index":"index","follow":"follow","max-snippet":"max-snippet:-1","max-image-preview":"max-image-preview:large","max-video-preview":"max-video-preview:-1"},"canonical":"https:\/\/egidimadeinitaly.com\/fr\/negozio\/objets-dart\/objets-dart-modernes\/table-saarinen-pour-knoll-international\/","og_locale":"fr_FR","og_type":"article","og_title":"Table Saarinen pour Knoll International","og_description":"Table ronde par Eero Saarinen\u00a0pour Knoll International ann\u00e9e 70.  Eero Saarinen, n\u00e9 en 1910 \u00e0 Kirkkonummi, pr\u00e8s d\u2019Helsinki en Finlande, \u00e9tait un enfant de la balle. Son p\u00e8re Eliel, qui l\u2019initia \u00e0 la profession, \u00e9tait lui aussi c\u00e9l\u00e8bre architecte, qui devint pr\u00e9sident de la Cranbrook Academy of Art en 1932. Sa m\u00e8re \u00e9tait une artiste, designer textile.  Avec une telle famille, son destin semblait tout trac\u00e9\u2026 au point qu\u2019enfant il aurait particip\u00e9 aux c\u00f4t\u00e9s de son p\u00e8re \u00e0 l\u2019am\u00e9nagement du campus de Cranbrook dans le Michigan. Dans le Paris Art d\u00e9co des Ann\u00e9es folles, Eero Saarinen \u00e9tudie passionn\u00e9ment la sculpture avant de suivre des \u00e9tudes d\u2019architecture \u00e0 Yale. Apr\u00e8s avoir visit\u00e9 l\u2019Europe gr\u00e2ce \u00e0 une bourse d\u2019\u00e9tudes, il rentre aux \u00c9tats-Unis o\u00f9 il est charg\u00e9 de cours \u00e0 la Cranbrook Academy et commence une carri\u00e8re fulgurante durant laquelle il cr\u00e9era de v\u00e9ritables ic\u00f4nes de notre \u00e9poque, comme la table en question.  De toute \u00e9vidence, la ville de Cranbrook faisait partie de son destin puisqu\u2019il y rencontrera Charles Eames, autre l\u00e9gende du design du XXe si\u00e8cle.  On peut dire que leur amiti\u00e9\/collaboration\/partenariat marquera le design jusqu\u2019\u00e0 nos jours. Ils partageaient la m\u00eame envie d\u2019exp\u00e9rimenter, tant les processus de production que l\u2019emploi des mat\u00e9riaux. R\u00e9sultat ? En 1940, le Museum of Modern Art (MoMA) de New York, lui d\u00e9cerne le prestigieux prix du concours de design organique, dans la cat\u00e9gorie Organic Design in Home Furnishings, pour la cr\u00e9ation d\u2019une s\u00e9rie de chaises en contreplaqu\u00e9 moul\u00e9 \u00e0 la forme enveloppante.  Tr\u00e8s belle table dessin\u00e9e par le c\u00e9l\u00e8bre architecte finno-am\u00e9ricain Eero Saarinen. Tr\u00e8s \u00e9l\u00e9gante et r\u00e9alis\u00e9e en aluminium moul\u00e9 sous pression laqu\u00e9 blanc brillant, elle est appel\u00e9e Tulip en raison de la forme de son pied. La partie situ\u00e9e sous le plateau est en bois contreplaqu\u00e9 laqu\u00e9 blanc mat, tandis que le plateau est en verre opale blanc glacier.","og_url":"https:\/\/egidimadeinitaly.com\/fr\/negozio\/objets-dart\/objets-dart-modernes\/table-saarinen-pour-knoll-international\/","og_site_name":"Egidi MadeinItaly","article_publisher":"https:\/\/www.facebook.com\/egidimadeinitaly\/","article_modified_time":"2022-07-17T05:03:34+00:00","og_image":[{"width":984,"height":999,"url":"https:\/\/egidimadeinitaly.com\/wp-content\/uploads\/2021\/05\/407187A8-1010-4163-A177-74708DDE6923.jpeg","type":"image\/jpeg"}],"schema":{"@context":"https:\/\/schema.org","@graph":[{"@type":"WebPage","@id":"https:\/\/egidimadeinitaly.com\/fr\/negozio\/objets-dart\/objets-dart-modernes\/table-saarinen-pour-knoll-international\/","url":"https:\/\/egidimadeinitaly.com\/fr\/negozio\/objets-dart\/objets-dart-modernes\/table-saarinen-pour-knoll-international\/","name":"Table Saarinen pour Knoll International - Egidi MadeinItaly","isPartOf":{"@id":"https:\/\/egidimadeinitaly.com\/fr\/#website"},"primaryImageOfPage":{"@id":"https:\/\/egidimadeinitaly.com\/fr\/negozio\/objets-dart\/objets-dart-modernes\/table-saarinen-pour-knoll-international\/#primaryimage"},"image":{"@id":"https:\/\/egidimadeinitaly.com\/fr\/negozio\/objets-dart\/objets-dart-modernes\/table-saarinen-pour-knoll-international\/#primaryimage"},"thumbnailUrl":"https:\/\/egidimadeinitaly.com\/v25\/wp-content\/uploads\/2021\/05\/407187A8-1010-4163-A177-74708DDE6923.jpeg","datePublished":"2018-06-02T14:24:02+00:00","dateModified":"2022-07-17T05:03:34+00:00","breadcrumb":{"@id":"https:\/\/egidimadeinitaly.com\/fr\/negozio\/objets-dart\/objets-dart-modernes\/table-saarinen-pour-knoll-international\/#breadcrumb"},"inLanguage":"fr-FR","potentialAction":[{"@type":"ReadAction","target":["https:\/\/egidimadeinitaly.com\/fr\/negozio\/objets-dart\/objets-dart-modernes\/table-saarinen-pour-knoll-international\/"]}]},{"@type":"ImageObject","inLanguage":"fr-FR","@id":"https:\/\/egidimadeinitaly.com\/fr\/negozio\/objets-dart\/objets-dart-modernes\/table-saarinen-pour-knoll-international\/#primaryimage","url":"https:\/\/egidimadeinitaly.com\/v25\/wp-content\/uploads\/2021\/05\/407187A8-1010-4163-A177-74708DDE6923.jpeg","contentUrl":"https:\/\/egidimadeinitaly.com\/v25\/wp-content\/uploads\/2021\/05\/407187A8-1010-4163-A177-74708DDE6923.jpeg","width":984,"height":999,"caption":"Eero Saarinen Table Vintage"},{"@type":"BreadcrumbList","@id":"https:\/\/egidimadeinitaly.com\/fr\/negozio\/objets-dart\/objets-dart-modernes\/table-saarinen-pour-knoll-international\/#breadcrumb","itemListElement":[{"@type":"ListItem","position":1,"name":"Home","item":"https:\/\/egidimadeinitaly.com\/fr\/"},{"@type":"ListItem","position":2,"name":"Produits","item":"https:\/\/egidimadeinitaly.com\/fr\/shop\/"},{"@type":"ListItem","position":3,"name":"Objets d\u2019art","item":"https:\/\/egidimadeinitaly.com\/fr\/product-category\/objets-dart\/"},{"@type":"ListItem","position":4,"name":"Objets d'art modernes","item":"https:\/\/egidimadeinitaly.com\/fr\/product-category\/objets-dart\/objets-dart-modernes\/"},{"@type":"ListItem","position":5,"name":"Table Saarinen pour Knoll International"}]},{"@type":"WebSite","@id":"https:\/\/egidimadeinitaly.com\/fr\/#website","url":"https:\/\/egidimadeinitaly.com\/fr\/","name":"Egidi MadeinItaly","description":"Fine Art","potentialAction":[{"@type":"SearchAction","target":{"@type":"EntryPoint","urlTemplate":"https:\/\/egidimadeinitaly.com\/fr\/?s={search_term_string}"},"query-input":{"@type":"PropertyValueSpecification","valueRequired":true,"valueName":"search_term_string"}}],"inLanguage":"fr-FR"}]}},"_links":{"self":[{"href":"https:\/\/egidimadeinitaly.com\/fr\/wp-json\/wp\/v2\/product\/83181","targetHints":{"allow":["GET"]}}],"collection":[{"href":"https:\/\/egidimadeinitaly.com\/fr\/wp-json\/wp\/v2\/product"}],"about":[{"href":"https:\/\/egidimadeinitaly.com\/fr\/wp-json\/wp\/v2\/types\/product"}],"wp:featuredmedia":[{"embeddable":true,"href":"https:\/\/egidimadeinitaly.com\/fr\/wp-json\/wp\/v2\/media\/100546"}],"wp:attachment":[{"href":"https:\/\/egidimadeinitaly.com\/fr\/wp-json\/wp\/v2\/media?parent=83181"}],"wp:term":[{"taxonomy":"product_brand","embeddable":true,"href":"https:\/\/egidimadeinitaly.com\/fr\/wp-json\/wp\/v2\/product_brand?post=83181"},{"taxonomy":"product_cat","embeddable":true,"href":"https:\/\/egidimadeinitaly.com\/fr\/wp-json\/wp\/v2\/product_cat?post=83181"},{"taxonomy":"product_tag","embeddable":true,"href":"https:\/\/egidimadeinitaly.com\/fr\/wp-json\/wp\/v2\/product_tag?post=83181"}],"curies":[{"name":"wp","href":"https:\/\/api.w.org\/{rel}","templated":true}]}}