{"id":83163,"date":"2018-02-02T15:23:41","date_gmt":"2018-02-02T14:23:41","guid":{"rendered":"https:\/\/egidimadeinitaly.com\/ecomsite\/product\/vaso-in-vetro-nason-murano\/"},"modified":"2024-12-03T16:29:23","modified_gmt":"2024-12-03T15:29:23","slug":"vase-en-verre-nason-murano","status":"publish","type":"product","link":"https:\/\/egidimadeinitaly.com\/fr\/negozio\/objets-dart\/objets-dart-modernes\/vase-en-verre-nason-murano\/","title":{"rendered":"Vase en Verre Nason Murano"},"content":{"rendered":"<div class=\"accordion_content ui-accordion-content ui-helper-reset ui-widget-content ui-corner-bottom ui-accordion-content-active\">\n<div class=\"accordion_content_inner\">\n<p>La tradition avec ses id\u00e9es visionnaires<span class=\"Apple-converted-space\">\u00a0 <\/span>font de <strong>Carlo Nason<\/strong> un talent du verre.<span class=\"Apple-converted-space\"> \u00a0<\/span>Les pi\u00e8ces de <strong>Carlo Nason<\/strong><span class=\"Apple-converted-space\">\u00a0 <\/span>sont tr\u00e8s recherch\u00e9es pour leur qualit\u00e9 et leur originalit\u00e9<\/p>\n<\/div>\n<\/div>\n","protected":false},"excerpt":{"rendered":"<p>Vase vert bleu en verre souffl\u00e9.<\/p>\n","protected":false},"featured_media":83441,"template":"","meta":{"_acf_changed":false},"product_brand":[],"product_cat":[6412,6492],"product_tag":[5436,1639,5306,5079],"class_list":{"0":"post-83163","1":"product","2":"type-product","3":"status-publish","4":"has-post-thumbnail","6":"product_cat-objets-dart-modernes","7":"product_cat-objets-dart","8":"product_tag-annees-60-fr","9":"product_tag-murano-fr","10":"product_tag-objets-de-collection","11":"product_tag-vintage-fr","12":"product_shipping_class-dhl-fr","14":"first","15":"outofstock","16":"shipping-taxable","17":"product-type-simple"},"acf":[],"yoast_head":"<!-- This site is optimized with the Yoast SEO Premium plugin v27.5 (Yoast SEO v27.5) - https:\/\/yoast.com\/product\/yoast-seo-premium-wordpress\/ -->\n<title>Vase en Verre Nason Murano - Egidi MadeinItaly<\/title>\n<meta name=\"description\" content=\"Achetez Vase en Verre Murano Manufacture Nason. En vente sur Egidi MadeinItaly Livraison partout dans le monde. Transactions S\u00e9curis\u00e9es.\" \/>\n<meta name=\"robots\" content=\"index, follow, max-snippet:-1, max-image-preview:large, max-video-preview:-1\" \/>\n<link rel=\"canonical\" href=\"https:\/\/egidimadeinitaly.com\/fr\/produit\/objets-dart\/objets-dart-modernes\/vase-en-verre-nason-murano\/\" \/>\n<meta property=\"og:locale\" content=\"fr_FR\" \/>\n<meta property=\"og:type\" content=\"article\" \/>\n<meta property=\"og:title\" content=\"Vase en Verre Nason Murano\" \/>\n<meta property=\"og:description\" content=\"Vase vert bleu en verre souffl\u00e9.\" \/>\n<meta property=\"og:url\" content=\"https:\/\/egidimadeinitaly.com\/fr\/produit\/objets-dart\/objets-dart-modernes\/vase-en-verre-nason-murano\/\" \/>\n<meta property=\"og:site_name\" content=\"Egidi MadeinItaly\" \/>\n<meta property=\"article:publisher\" content=\"https:\/\/www.facebook.com\/egidimadeinitaly\/\" \/>\n<meta property=\"article:modified_time\" content=\"2024-12-03T15:29:23+00:00\" \/>\n<meta property=\"og:image\" content=\"https:\/\/egidimadeinitaly.com\/wp-content\/uploads\/2020\/02\/plafoniera_pisces_piero_fornasetti-e1717593959499.jpg\" \/>\n\t<meta property=\"og:image:width\" content=\"400\" \/>\n\t<meta property=\"og:image:height\" content=\"600\" \/>\n\t<meta property=\"og:image:type\" content=\"image\/jpeg\" \/>\n<script type=\"application\/ld+json\" class=\"yoast-schema-graph\">{\"@context\":\"https:\\\/\\\/schema.org\",\"@graph\":[{\"@type\":\"WebPage\",\"@id\":\"https:\\\/\\\/egidimadeinitaly.com\\\/fr\\\/negozio\\\/objets-dart\\\/objets-dart-modernes\\\/vase-en-verre-nason-murano\\\/\",\"url\":\"https:\\\/\\\/egidimadeinitaly.com\\\/fr\\\/produit\\\/objets-dart\\\/objets-dart-modernes\\\/vase-en-verre-nason-murano\\\/\",\"name\":\"Vase en Verre Nason Murano - Egidi MadeinItaly\",\"isPartOf\":{\"@id\":\"https:\\\/\\\/egidimadeinitaly.com\\\/fr\\\/#website\"},\"primaryImageOfPage\":{\"@id\":\"https:\\\/\\\/egidimadeinitaly.com\\\/fr\\\/produit\\\/objets-dart\\\/objets-dart-modernes\\\/vase-en-verre-nason-murano\\\/#primaryimage\"},\"image\":{\"@id\":\"https:\\\/\\\/egidimadeinitaly.com\\\/fr\\\/produit\\\/objets-dart\\\/objets-dart-modernes\\\/vase-en-verre-nason-murano\\\/#primaryimage\"},\"thumbnailUrl\":\"https:\\\/\\\/egidimadeinitaly.com\\\/v25\\\/wp-content\\\/uploads\\\/2020\\\/02\\\/plafoniera_pisces_piero_fornasetti-e1717593959499.jpg\",\"datePublished\":\"2018-02-02T14:23:41+00:00\",\"dateModified\":\"2024-12-03T15:29:23+00:00\",\"description\":\"Achetez Vase en Verre Murano Manufacture Nason. En vente sur Egidi MadeinItaly Livraison partout dans le monde. Transactions S\u00e9curis\u00e9es.\",\"breadcrumb\":{\"@id\":\"https:\\\/\\\/egidimadeinitaly.com\\\/fr\\\/produit\\\/objets-dart\\\/objets-dart-modernes\\\/vase-en-verre-nason-murano\\\/#breadcrumb\"},\"inLanguage\":\"fr-FR\",\"potentialAction\":[{\"@type\":\"ReadAction\",\"target\":[\"https:\\\/\\\/egidimadeinitaly.com\\\/fr\\\/produit\\\/objets-dart\\\/objets-dart-modernes\\\/vase-en-verre-nason-murano\\\/\"]}]},{\"@type\":\"ImageObject\",\"inLanguage\":\"fr-FR\",\"@id\":\"https:\\\/\\\/egidimadeinitaly.com\\\/fr\\\/produit\\\/objets-dart\\\/objets-dart-modernes\\\/vase-en-verre-nason-murano\\\/#primaryimage\",\"url\":\"https:\\\/\\\/egidimadeinitaly.com\\\/v25\\\/wp-content\\\/uploads\\\/2020\\\/02\\\/plafoniera_pisces_piero_fornasetti-e1717593959499.jpg\",\"contentUrl\":\"https:\\\/\\\/egidimadeinitaly.com\\\/v25\\\/wp-content\\\/uploads\\\/2020\\\/02\\\/plafoniera_pisces_piero_fornasetti-e1717593959499.jpg\",\"width\":400,\"height\":600,\"caption\":\"Vase en Verre Nason Murano\"},{\"@type\":\"BreadcrumbList\",\"@id\":\"https:\\\/\\\/egidimadeinitaly.com\\\/fr\\\/produit\\\/objets-dart\\\/objets-dart-modernes\\\/vase-en-verre-nason-murano\\\/#breadcrumb\",\"itemListElement\":[{\"@type\":\"ListItem\",\"position\":1,\"name\":\"Home\",\"item\":\"https:\\\/\\\/egidimadeinitaly.com\\\/fr\\\/\"},{\"@type\":\"ListItem\",\"position\":2,\"name\":\"Produits\",\"item\":\"https:\\\/\\\/egidimadeinitaly.com\\\/fr\\\/shop\\\/\"},{\"@type\":\"ListItem\",\"position\":3,\"name\":\"Objets d\u2019art\",\"item\":\"https:\\\/\\\/egidimadeinitaly.com\\\/fr\\\/product-category\\\/objets-dart\\\/\"},{\"@type\":\"ListItem\",\"position\":4,\"name\":\"Objets d'art modernes\",\"item\":\"https:\\\/\\\/egidimadeinitaly.com\\\/fr\\\/product-category\\\/objets-dart\\\/objets-dart-modernes\\\/\"},{\"@type\":\"ListItem\",\"position\":5,\"name\":\"Vase en Verre Nason Murano\"}]},{\"@type\":\"WebSite\",\"@id\":\"https:\\\/\\\/egidimadeinitaly.com\\\/fr\\\/#website\",\"url\":\"https:\\\/\\\/egidimadeinitaly.com\\\/fr\\\/\",\"name\":\"Egidi MadeinItaly\",\"description\":\"Fine Art\",\"potentialAction\":[{\"@type\":\"SearchAction\",\"target\":{\"@type\":\"EntryPoint\",\"urlTemplate\":\"https:\\\/\\\/egidimadeinitaly.com\\\/fr\\\/?s={search_term_string}\"},\"query-input\":{\"@type\":\"PropertyValueSpecification\",\"valueRequired\":true,\"valueName\":\"search_term_string\"}}],\"inLanguage\":\"fr-FR\"}]}<\/script>\n<!-- \/ Yoast SEO Premium plugin. -->","yoast_head_json":{"title":"Vase en Verre Nason Murano - Egidi MadeinItaly","description":"Achetez Vase en Verre Murano Manufacture Nason. En vente sur Egidi MadeinItaly Livraison partout dans le monde. Transactions S\u00e9curis\u00e9es.","robots":{"index":"index","follow":"follow","max-snippet":"max-snippet:-1","max-image-preview":"max-image-preview:large","max-video-preview":"max-video-preview:-1"},"canonical":"https:\/\/egidimadeinitaly.com\/fr\/produit\/objets-dart\/objets-dart-modernes\/vase-en-verre-nason-murano\/","og_locale":"fr_FR","og_type":"article","og_title":"Vase en Verre Nason Murano","og_description":"Vase vert bleu en verre souffl\u00e9.","og_url":"https:\/\/egidimadeinitaly.com\/fr\/produit\/objets-dart\/objets-dart-modernes\/vase-en-verre-nason-murano\/","og_site_name":"Egidi MadeinItaly","article_publisher":"https:\/\/www.facebook.com\/egidimadeinitaly\/","article_modified_time":"2024-12-03T15:29:23+00:00","og_image":[{"width":400,"height":600,"url":"https:\/\/egidimadeinitaly.com\/wp-content\/uploads\/2020\/02\/plafoniera_pisces_piero_fornasetti-e1717593959499.jpg","type":"image\/jpeg"}],"schema":{"@context":"https:\/\/schema.org","@graph":[{"@type":"WebPage","@id":"https:\/\/egidimadeinitaly.com\/fr\/negozio\/objets-dart\/objets-dart-modernes\/vase-en-verre-nason-murano\/","url":"https:\/\/egidimadeinitaly.com\/fr\/produit\/objets-dart\/objets-dart-modernes\/vase-en-verre-nason-murano\/","name":"Vase en Verre Nason Murano - Egidi MadeinItaly","isPartOf":{"@id":"https:\/\/egidimadeinitaly.com\/fr\/#website"},"primaryImageOfPage":{"@id":"https:\/\/egidimadeinitaly.com\/fr\/produit\/objets-dart\/objets-dart-modernes\/vase-en-verre-nason-murano\/#primaryimage"},"image":{"@id":"https:\/\/egidimadeinitaly.com\/fr\/produit\/objets-dart\/objets-dart-modernes\/vase-en-verre-nason-murano\/#primaryimage"},"thumbnailUrl":"https:\/\/egidimadeinitaly.com\/v25\/wp-content\/uploads\/2020\/02\/plafoniera_pisces_piero_fornasetti-e1717593959499.jpg","datePublished":"2018-02-02T14:23:41+00:00","dateModified":"2024-12-03T15:29:23+00:00","description":"Achetez Vase en Verre Murano Manufacture Nason. En vente sur Egidi MadeinItaly Livraison partout dans le monde. Transactions S\u00e9curis\u00e9es.","breadcrumb":{"@id":"https:\/\/egidimadeinitaly.com\/fr\/produit\/objets-dart\/objets-dart-modernes\/vase-en-verre-nason-murano\/#breadcrumb"},"inLanguage":"fr-FR","potentialAction":[{"@type":"ReadAction","target":["https:\/\/egidimadeinitaly.com\/fr\/produit\/objets-dart\/objets-dart-modernes\/vase-en-verre-nason-murano\/"]}]},{"@type":"ImageObject","inLanguage":"fr-FR","@id":"https:\/\/egidimadeinitaly.com\/fr\/produit\/objets-dart\/objets-dart-modernes\/vase-en-verre-nason-murano\/#primaryimage","url":"https:\/\/egidimadeinitaly.com\/v25\/wp-content\/uploads\/2020\/02\/plafoniera_pisces_piero_fornasetti-e1717593959499.jpg","contentUrl":"https:\/\/egidimadeinitaly.com\/v25\/wp-content\/uploads\/2020\/02\/plafoniera_pisces_piero_fornasetti-e1717593959499.jpg","width":400,"height":600,"caption":"Vase en Verre Nason Murano"},{"@type":"BreadcrumbList","@id":"https:\/\/egidimadeinitaly.com\/fr\/produit\/objets-dart\/objets-dart-modernes\/vase-en-verre-nason-murano\/#breadcrumb","itemListElement":[{"@type":"ListItem","position":1,"name":"Home","item":"https:\/\/egidimadeinitaly.com\/fr\/"},{"@type":"ListItem","position":2,"name":"Produits","item":"https:\/\/egidimadeinitaly.com\/fr\/shop\/"},{"@type":"ListItem","position":3,"name":"Objets d\u2019art","item":"https:\/\/egidimadeinitaly.com\/fr\/product-category\/objets-dart\/"},{"@type":"ListItem","position":4,"name":"Objets d'art modernes","item":"https:\/\/egidimadeinitaly.com\/fr\/product-category\/objets-dart\/objets-dart-modernes\/"},{"@type":"ListItem","position":5,"name":"Vase en Verre Nason Murano"}]},{"@type":"WebSite","@id":"https:\/\/egidimadeinitaly.com\/fr\/#website","url":"https:\/\/egidimadeinitaly.com\/fr\/","name":"Egidi MadeinItaly","description":"Fine Art","potentialAction":[{"@type":"SearchAction","target":{"@type":"EntryPoint","urlTemplate":"https:\/\/egidimadeinitaly.com\/fr\/?s={search_term_string}"},"query-input":{"@type":"PropertyValueSpecification","valueRequired":true,"valueName":"search_term_string"}}],"inLanguage":"fr-FR"}]}},"_links":{"self":[{"href":"https:\/\/egidimadeinitaly.com\/fr\/wp-json\/wp\/v2\/product\/83163","targetHints":{"allow":["GET"]}}],"collection":[{"href":"https:\/\/egidimadeinitaly.com\/fr\/wp-json\/wp\/v2\/product"}],"about":[{"href":"https:\/\/egidimadeinitaly.com\/fr\/wp-json\/wp\/v2\/types\/product"}],"wp:featuredmedia":[{"embeddable":true,"href":"https:\/\/egidimadeinitaly.com\/fr\/wp-json\/wp\/v2\/media\/83441"}],"wp:attachment":[{"href":"https:\/\/egidimadeinitaly.com\/fr\/wp-json\/wp\/v2\/media?parent=83163"}],"wp:term":[{"taxonomy":"product_brand","embeddable":true,"href":"https:\/\/egidimadeinitaly.com\/fr\/wp-json\/wp\/v2\/product_brand?post=83163"},{"taxonomy":"product_cat","embeddable":true,"href":"https:\/\/egidimadeinitaly.com\/fr\/wp-json\/wp\/v2\/product_cat?post=83163"},{"taxonomy":"product_tag","embeddable":true,"href":"https:\/\/egidimadeinitaly.com\/fr\/wp-json\/wp\/v2\/product_tag?post=83163"}],"curies":[{"name":"wp","href":"https:\/\/api.w.org\/{rel}","templated":true}]}}