{"id":83147,"date":"2018-02-02T15:23:56","date_gmt":"2018-02-02T14:23:56","guid":{"rendered":"https:\/\/egidimadeinitaly.com\/ecomsite\/product\/tableau-signe-antoh\/"},"modified":"2021-05-08T16:20:20","modified_gmt":"2021-05-08T16:20:20","slug":"tableau-signe-antoh","status":"publish","type":"product","link":"https:\/\/egidimadeinitaly.com\/fr\/negozio\/art-moderne\/tableaux-modernes-fr\/tableau-signe-antoh\/","title":{"rendered":"Tableau Sign\u00e9 Antoh"},"content":{"rendered":"<p>Tableau sign\u00e9 Antoh<\/p>\n<p class=\"s5\"><span class=\"s4\">Antoh (Antonio Pierluigi Mansueto) est un enfant du <\/span><span class=\"s3\">XX<\/span><span class=\"s10\">e<\/span><span class=\"s3\"> si\u00e8cle<\/span><span class=\"s4\">, mais il vit et repr\u00e9sente le monde contemporain complexe et dynamique en constante \u00e9volution et pas toujours durable du point de vue humain et <\/span><span class=\"s4\">psychologique<\/span><span class=\"s4\">. <\/span><span class=\"s4\">Son<\/span><span class=\"s4\"> langage est vif, color\u00e9, dynamique, en \u00e9quilibre instable, <\/span><span class=\"s4\">en \u00e9tant<\/span><span class=\"s4\"> \u00e0 la fois positif, amusant et douloureux.<\/span> <span class=\"s4\">Depuis l\u2019an 2000, des <\/span><span class=\"s4\">\u0153uvres<\/span><span class=\"s4\"> consacr\u00e9es \u00e0 des sujets de la psychologie physique<\/span><span class=\"s4\"> et de <\/span><span class=\"s4\">la psychologie sociale se succ\u00e8dent<\/span><span class=\"s4\">, comme<\/span> <span class=\"s4\">\u00a0<\/span><em><span class=\"s3\">Entropica<\/span><\/em><span class=\"s4\"> qui s\u2019inspire de <\/span><span class=\"s4\">l\u2019analyse b<\/span><span class=\"s4\">io\u00e9nerg<\/span><span class=\"s4\">\u00e9<\/span><span class=\"s4\">tique du psychologue am\u00e9ricain <\/span><span class=\"s3\">Alexander Lowen<\/span><span class=\"s4\">,<\/span><span class=\"s4\"> un<\/span> <em><span class=\"s4\">m<\/span><span class=\"s4\">ultivers<\/span><\/em><span class=\"s4\"> qui aborde<\/span><span class=\"s4\"> la multi dimension<\/span><span class=\"s4\">n<\/span><span class=\"s4\">alit<\/span><span class=\"s4\">\u00e9 <\/span><span class=\"s4\">de<\/span> <span class=\"s4\">l\u2019univers <\/span><span class=\"s4\">en fonction de<\/span><span class=\"s4\"> la complexit\u00e9 physique d<\/span><span class=\"s4\">u mond<\/span><span class=\"s4\">e contemporain<\/span><span class=\"s4\">, et<\/span> <span class=\"s4\">\u00a0<\/span><em><span class=\"s3\">ARCHETIPO-PROTOTYPE<\/span><\/em>\u00a0<span class=\"s7\">su<\/span><span class=\"s7\">r <\/span><span class=\"s7\">l<\/span><span class=\"s7\">a<\/span><span class=\"s3\"> nature<\/span><span class=\"s3\"> c<\/span><span class=\"s3\">yclique<\/span><span class=\"s3\"> du temp<\/span><span class=\"s3\">s<\/span><span class=\"s4\">.<\/span><\/p>\n<p class=\"s6\"><span class=\"s4\">\u00c0 partir des ann\u00e9es 2000, il multiplie les expositions d\u2019art<\/span><span class=\"s4\">,<\/span><span class=\"s4\"> et <\/span><span class=\"s4\">m\u00eame<\/span><span class=\"s4\"> les activit\u00e9s <\/span><span class=\"s4\">th\u00e9\u00e2trales<\/span><span class=\"s4\"> \u2013 avec les jeunes acteurs du <\/span><span class=\"s11\">Piccolo Teatro<\/span> <span class=\"s7\">de Milan<\/span> <span class=\"s4\">(en fran\u00e7ais : le <\/span><span class=\"s4\">Petit Th\u00e9\u00e2tre<\/span><span class=\"s4\">) <\/span><span class=\"s4\">et <\/span><span class=\"s4\">les activit\u00e9s <\/span><span class=\"s4\">sc\u00e9niques avec la contribution de l\u2019Acad\u00e9mie de Brera et de la compagnie du <\/span><span class=\"s12\">Teatro dell\u2019Aleph<\/span><span class=\"s4\">.<\/span><\/p>\n<p class=\"s6\"><span class=\"s4\">Il a fond\u00e9 des groupes d\u2019artistes, tels qu<\/span><span class=\"s4\">\u2019<\/span><span class=\"s3\">Artintensive<\/span><span class=\"s4\">, www.artintensive.com avec <\/span><span class=\"s3\">Midori McCabe (\u00c9tats-Unis)<\/span><span class=\"s4\">, <\/span><span class=\"s3\">Paolo Manazza<\/span><span class=\"s4\"> et d\u2019autres.<\/span><\/p>\n<p class=\"s13\"><span class=\"s3\">Antoh, qui est le pr\u00e9sident de l\u2019association Villa d\u2019Arcore, propose et<\/span><span class=\"s3\"> organise<\/span><span class=\"s3\"> l\u2019inauguration du si\u00e8ge de l\u2019atelier de restauration de l\u2019Acad\u00e9mie de Brera de Milan,<\/span><span class=\"s4\"> dans les \u00e9curies de Villa Borromeo D\u2019Adda<\/span> <span class=\"s7\">\u00e0 Arcore<\/span><span class=\"s3\">.<\/span><\/p>\n<p class=\"s13\"><span class=\"s4\">Il<\/span><span class=\"s4\"> dessine des produits artistiques comme les foulards de la marque<\/span><span class=\"s3\"> A. Quaranta Locatelli<\/span><span class=\"s4\">\u00a0<\/span><span class=\"s4\">de <\/span><span class=\"s4\">Naples.<\/span><\/p>\n<p class=\"s8\"><span class=\"s4\">En tant qu\u2019analyste financier, <\/span><span class=\"s4\">il<\/span> <span class=\"s4\">intervient<\/span><span class=\"s4\"> \u00e0 l\u2019occasion de conf\u00e9rences et publie des essais sur le march\u00e9 de l\u2019art, sur la gestion du patrimoine culturel et des mus\u00e9es, sur la gestion de l\u2019art dans les banques, etc.<\/span> <a name=\"WfTarget\"><\/a><span class=\"s4\">Les principaux articles sont publi\u00e9s sur le si<\/span><span class=\"s4\">te <\/span><a href=\"http:\/\/www.aiaf.it\/\"><span class=\"s14\">www.aiaf.it<\/span><\/a><\/p>\n","protected":false},"excerpt":{"rendered":"<p class=\"s5\"><span class=\"s3\">Antoh<\/span><span class=\"s4\"> (<\/span><span class=\"s3\">Antonio Pierluigi Mansueto<\/span><span class=\"s4\">)<\/span><span class=\"s4\"> est<\/span><span class=\"s4\">\u00a0<\/span><span class=\"s4\">n\u00e9<\/span><span class=\"s4\"> \u00e0 Naples en 196<\/span><span class=\"s4\">0.<\/span><\/p>\n<p class=\"s6\"><span class=\"s3\">Artiste<\/span><span class=\"s4\"> et analyste financier<\/span><span class=\"s4\">, <\/span><span class=\"s4\">i<\/span><span class=\"s4\">l a expos\u00e9 en <\/span><span class=\"s3\">Italie<\/span><span class=\"s7\">, en<\/span><span class=\"s3\"> France<\/span><span class=\"s7\">, en<\/span><span class=\"s3\"> Allemagne<\/span><span class=\"s7\">, en <\/span><span class=\"s3\">Roumanie<\/span><span class=\"s7\">,<\/span><span class=\"s7\"> et aux<\/span><span class=\"s3\"> \u00c9tats-Unis.<\/span><\/p>\n<p class=\"s5\"><span class=\"s4\">Ses \u0153uvres sont pr\u00e9sentes dans <\/span><span class=\"s4\">plusieurs<\/span> <span class=\"s3\">mus\u00e9es italiens<\/span><span class=\"s4\">, <\/span><span class=\"s3\">galeries, ventes aux ench\u00e8res<\/span><span class=\"s4\"> et dans\u00a0<\/span><span class=\"s4\">certaines<\/span><span class=\"s4\"> de<\/span><span class=\"s4\">s principales foires d\u2019art italiennes.<\/span><\/p>\n<p class=\"s5\"><span class=\"s7\">D<\/span><span class=\"s7\">\u00e8s l\u2019<\/span><span class=\"s7\">\u00e2ge<\/span><span class=\"s7\"> de dix ans, <\/span><span class=\"s3\">Antoh<\/span><span class=\"s4\"> commence \u00e0 \u00e9tudier la peinture \u00e0 l\u2019huile sous la direction d\u2019artistes napolitains.<\/span> <span class=\"s4\">Il s\u2019installe ensuite \u00e0 Milan, <\/span><span class=\"s4\">o\u00f9 il fait partie<\/span> <span class=\"s4\">d<\/span><span class=\"s4\">u groupe d\u2019artistes de<\/span><span class=\"s4\"> l<\/span><span class=\"s3\">\u2018observatoire<\/span><span class=\"s3\"> de la Figurale<\/span><span class=\"s7\">, d\u00e9di\u00e9 au nu.<\/span> <span class=\"s4\">Il \u00e9tudie la c\u00e9ramique avec <\/span><span class=\"s3\">Monique Bousquet<\/span><span class=\"s4\">.<\/span> <span class=\"s4\">Cependant, le ma\u00eetre auquel il <\/span><span class=\"s4\">est<\/span><span class=\"s4\"> le plus li\u00e9 dans les ann\u00e9es 1990 \u00e0 Milan, <\/span><span class=\"s4\">est<\/span><span class=\"s4\"> l\u2019artiste e<\/span><span class=\"s4\">t<\/span><span class=\"s4\"> designer italien <\/span><span class=\"s3\">Bruno Munari <\/span><span class=\"s4\">(signataire du <\/span><span class=\"s3\">Second Futurisme<\/span><span class=\"s7\">), dont les <\/span><span class=\"s7\">\u0153uvres<\/span><span class=\"s7\"> sont<\/span><span class=\"s3\"> expos\u00e9es<\/span><span class=\"s4\"> dans un grand nombre de mus\u00e9es, dont le MOMA de NY.<\/span><\/p>\n<p class=\"s5\"><span class=\"s4\">Les premi\u00e8res \u0153uvres d\u2019Antoh ont \u00e9t\u00e9 <\/span><span class=\"s3\">surr\u00e9alistes<\/span><span class=\"s4\"> avant d\u2019\u00e9voluer vers un style personnel et abstrait qui int\u00e8gre divers courants du XX<\/span><span class=\"s9\">e<\/span><span class=\"s4\"> si\u00e8cle, <\/span><span class=\"s4\">comme<\/span><span class=\"s4\"> le surr\u00e9alisme, l\u2019expressionnisme abstrait, le graffiti, le pop art, dans une nouvelle synth\u00e8se inspir\u00e9e de la p\u00e9riode dynamique contemporaine du chaos organis\u00e9.<\/span><\/p>\n","protected":false},"featured_media":84233,"template":"","meta":{"_acf_changed":false},"product_brand":[],"product_cat":[6377,6416],"product_tag":[5361,2610],"class_list":{"0":"post-83147","1":"product","2":"type-product","3":"status-publish","4":"has-post-thumbnail","6":"product_cat-art-moderne","7":"product_cat-tableaux-modernes-fr","8":"product_tag-decoration-murale","9":"product_tag-xx-siecle","10":"product_shipping_class-dhl-fr","12":"first","13":"outofstock","14":"shipping-taxable","15":"product-type-simple"},"acf":[],"yoast_head":"<!-- This site is optimized with the Yoast SEO Premium plugin v27.5 (Yoast SEO v27.6) - https:\/\/yoast.com\/product\/yoast-seo-premium-wordpress\/ -->\n<title>Tableau Sign\u00e9 Antoh - Egidi MadeinItaly<\/title>\n<meta name=\"description\" content=\"Achetez Peinture par Antoh sur Egidi MadeinItaly Chinez Babylon Multiverse Tableau sign\u00e9 Antoh. Livraison partout dans le monde\" \/>\n<meta name=\"robots\" content=\"index, follow, max-snippet:-1, max-image-preview:large, max-video-preview:-1\" \/>\n<link rel=\"canonical\" href=\"https:\/\/egidimadeinitaly.com\/fr\/negozio\/art-moderne\/tableaux-modernes-fr\/tableau-signe-antoh\/\" \/>\n<meta property=\"og:locale\" content=\"fr_FR\" \/>\n<meta property=\"og:type\" content=\"article\" \/>\n<meta property=\"og:title\" content=\"Tableau Sign\u00e9 Antoh\" \/>\n<meta property=\"og:description\" content=\"Antoh (Antonio Pierluigi Mansueto) est\u00a0n\u00e9 \u00e0 Naples en 1960. Artiste et analyste financier, il a expos\u00e9 en Italie, en France, en Allemagne, en Roumanie, et aux \u00c9tats-Unis. Ses \u0153uvres sont pr\u00e9sentes dans plusieurs mus\u00e9es italiens, galeries, ventes aux ench\u00e8res et dans\u00a0certaines des principales foires d\u2019art italiennes. D\u00e8s l\u2019\u00e2ge de dix ans, Antoh commence \u00e0 \u00e9tudier la peinture \u00e0 l\u2019huile sous la direction d\u2019artistes napolitains. Il s\u2019installe ensuite \u00e0 Milan, o\u00f9 il fait partie du groupe d\u2019artistes de l\u2018observatoire de la Figurale, d\u00e9di\u00e9 au nu. Il \u00e9tudie la c\u00e9ramique avec Monique Bousquet. Cependant, le ma\u00eetre auquel il est le plus li\u00e9 dans les ann\u00e9es 1990 \u00e0 Milan, est l\u2019artiste et designer italien Bruno Munari (signataire du Second Futurisme), dont les \u0153uvres sont expos\u00e9es dans un grand nombre de mus\u00e9es, dont le MOMA de NY. Les premi\u00e8res \u0153uvres d\u2019Antoh ont \u00e9t\u00e9 surr\u00e9alistes avant d\u2019\u00e9voluer vers un style personnel et abstrait qui int\u00e8gre divers courants du XXe si\u00e8cle, comme le surr\u00e9alisme, l\u2019expressionnisme abstrait, le graffiti, le pop art, dans une nouvelle synth\u00e8se inspir\u00e9e de la p\u00e9riode dynamique contemporaine du chaos organis\u00e9.\" \/>\n<meta property=\"og:url\" content=\"https:\/\/egidimadeinitaly.com\/fr\/negozio\/art-moderne\/tableaux-modernes-fr\/tableau-signe-antoh\/\" \/>\n<meta property=\"og:site_name\" content=\"Egidi MadeinItaly\" \/>\n<meta property=\"article:publisher\" content=\"https:\/\/www.facebook.com\/egidimadeinitaly\/\" \/>\n<meta property=\"article:modified_time\" content=\"2021-05-08T16:20:20+00:00\" \/>\n<meta property=\"og:image\" content=\"https:\/\/egidimadeinitaly.com\/wp-content\/uploads\/2020\/02\/quadro_firmato_antoh-e1717422282531.jpeg\" \/>\n\t<meta property=\"og:image:width\" content=\"1500\" \/>\n\t<meta property=\"og:image:height\" content=\"1000\" \/>\n\t<meta property=\"og:image:type\" content=\"image\/jpeg\" \/>\n<script type=\"application\/ld+json\" class=\"yoast-schema-graph\">{\"@context\":\"https:\\\/\\\/schema.org\",\"@graph\":[{\"@type\":\"WebPage\",\"@id\":\"https:\\\/\\\/egidimadeinitaly.com\\\/fr\\\/negozio\\\/art-moderne\\\/tableaux-modernes-fr\\\/tableau-signe-antoh\\\/\",\"url\":\"https:\\\/\\\/egidimadeinitaly.com\\\/fr\\\/negozio\\\/art-moderne\\\/tableaux-modernes-fr\\\/tableau-signe-antoh\\\/\",\"name\":\"Tableau Sign\u00e9 Antoh - Egidi MadeinItaly\",\"isPartOf\":{\"@id\":\"https:\\\/\\\/egidimadeinitaly.com\\\/fr\\\/#website\"},\"primaryImageOfPage\":{\"@id\":\"https:\\\/\\\/egidimadeinitaly.com\\\/fr\\\/negozio\\\/art-moderne\\\/tableaux-modernes-fr\\\/tableau-signe-antoh\\\/#primaryimage\"},\"image\":{\"@id\":\"https:\\\/\\\/egidimadeinitaly.com\\\/fr\\\/negozio\\\/art-moderne\\\/tableaux-modernes-fr\\\/tableau-signe-antoh\\\/#primaryimage\"},\"thumbnailUrl\":\"https:\\\/\\\/egidimadeinitaly.com\\\/v25\\\/wp-content\\\/uploads\\\/2020\\\/02\\\/quadro_firmato_antoh-e1717422282531.jpeg\",\"datePublished\":\"2018-02-02T14:23:56+00:00\",\"dateModified\":\"2021-05-08T16:20:20+00:00\",\"description\":\"Achetez Peinture par Antoh sur Egidi MadeinItaly Chinez Babylon Multiverse Tableau sign\u00e9 Antoh. Livraison partout dans le monde\",\"breadcrumb\":{\"@id\":\"https:\\\/\\\/egidimadeinitaly.com\\\/fr\\\/negozio\\\/art-moderne\\\/tableaux-modernes-fr\\\/tableau-signe-antoh\\\/#breadcrumb\"},\"inLanguage\":\"fr-FR\",\"potentialAction\":[{\"@type\":\"ReadAction\",\"target\":[\"https:\\\/\\\/egidimadeinitaly.com\\\/fr\\\/negozio\\\/art-moderne\\\/tableaux-modernes-fr\\\/tableau-signe-antoh\\\/\"]}]},{\"@type\":\"ImageObject\",\"inLanguage\":\"fr-FR\",\"@id\":\"https:\\\/\\\/egidimadeinitaly.com\\\/fr\\\/negozio\\\/art-moderne\\\/tableaux-modernes-fr\\\/tableau-signe-antoh\\\/#primaryimage\",\"url\":\"https:\\\/\\\/egidimadeinitaly.com\\\/v25\\\/wp-content\\\/uploads\\\/2020\\\/02\\\/quadro_firmato_antoh-e1717422282531.jpeg\",\"contentUrl\":\"https:\\\/\\\/egidimadeinitaly.com\\\/v25\\\/wp-content\\\/uploads\\\/2020\\\/02\\\/quadro_firmato_antoh-e1717422282531.jpeg\",\"width\":1500,\"height\":1000,\"caption\":\"Tableau par Antoh\"},{\"@type\":\"BreadcrumbList\",\"@id\":\"https:\\\/\\\/egidimadeinitaly.com\\\/fr\\\/negozio\\\/art-moderne\\\/tableaux-modernes-fr\\\/tableau-signe-antoh\\\/#breadcrumb\",\"itemListElement\":[{\"@type\":\"ListItem\",\"position\":1,\"name\":\"Home\",\"item\":\"https:\\\/\\\/egidimadeinitaly.com\\\/fr\\\/\"},{\"@type\":\"ListItem\",\"position\":2,\"name\":\"Produits\",\"item\":\"https:\\\/\\\/egidimadeinitaly.com\\\/fr\\\/shop\\\/\"},{\"@type\":\"ListItem\",\"position\":3,\"name\":\"Art moderne\",\"item\":\"https:\\\/\\\/egidimadeinitaly.com\\\/fr\\\/product-category\\\/art-moderne\\\/\"},{\"@type\":\"ListItem\",\"position\":4,\"name\":\"Tableaux modernes\",\"item\":\"https:\\\/\\\/egidimadeinitaly.com\\\/fr\\\/product-category\\\/art-moderne\\\/tableaux-modernes-fr\\\/\"},{\"@type\":\"ListItem\",\"position\":5,\"name\":\"Tableau Sign\u00e9 Antoh\"}]},{\"@type\":\"WebSite\",\"@id\":\"https:\\\/\\\/egidimadeinitaly.com\\\/fr\\\/#website\",\"url\":\"https:\\\/\\\/egidimadeinitaly.com\\\/fr\\\/\",\"name\":\"Egidi MadeinItaly\",\"description\":\"Fine Art\",\"potentialAction\":[{\"@type\":\"SearchAction\",\"target\":{\"@type\":\"EntryPoint\",\"urlTemplate\":\"https:\\\/\\\/egidimadeinitaly.com\\\/fr\\\/?s={search_term_string}\"},\"query-input\":{\"@type\":\"PropertyValueSpecification\",\"valueRequired\":true,\"valueName\":\"search_term_string\"}}],\"inLanguage\":\"fr-FR\"}]}<\/script>\n<!-- \/ Yoast SEO Premium plugin. -->","yoast_head_json":{"title":"Tableau Sign\u00e9 Antoh - Egidi MadeinItaly","description":"Achetez Peinture par Antoh sur Egidi MadeinItaly Chinez Babylon Multiverse Tableau sign\u00e9 Antoh. Livraison partout dans le monde","robots":{"index":"index","follow":"follow","max-snippet":"max-snippet:-1","max-image-preview":"max-image-preview:large","max-video-preview":"max-video-preview:-1"},"canonical":"https:\/\/egidimadeinitaly.com\/fr\/negozio\/art-moderne\/tableaux-modernes-fr\/tableau-signe-antoh\/","og_locale":"fr_FR","og_type":"article","og_title":"Tableau Sign\u00e9 Antoh","og_description":"Antoh (Antonio Pierluigi Mansueto) est\u00a0n\u00e9 \u00e0 Naples en 1960. Artiste et analyste financier, il a expos\u00e9 en Italie, en France, en Allemagne, en Roumanie, et aux \u00c9tats-Unis. Ses \u0153uvres sont pr\u00e9sentes dans plusieurs mus\u00e9es italiens, galeries, ventes aux ench\u00e8res et dans\u00a0certaines des principales foires d\u2019art italiennes. D\u00e8s l\u2019\u00e2ge de dix ans, Antoh commence \u00e0 \u00e9tudier la peinture \u00e0 l\u2019huile sous la direction d\u2019artistes napolitains. Il s\u2019installe ensuite \u00e0 Milan, o\u00f9 il fait partie du groupe d\u2019artistes de l\u2018observatoire de la Figurale, d\u00e9di\u00e9 au nu. Il \u00e9tudie la c\u00e9ramique avec Monique Bousquet. Cependant, le ma\u00eetre auquel il est le plus li\u00e9 dans les ann\u00e9es 1990 \u00e0 Milan, est l\u2019artiste et designer italien Bruno Munari (signataire du Second Futurisme), dont les \u0153uvres sont expos\u00e9es dans un grand nombre de mus\u00e9es, dont le MOMA de NY. Les premi\u00e8res \u0153uvres d\u2019Antoh ont \u00e9t\u00e9 surr\u00e9alistes avant d\u2019\u00e9voluer vers un style personnel et abstrait qui int\u00e8gre divers courants du XXe si\u00e8cle, comme le surr\u00e9alisme, l\u2019expressionnisme abstrait, le graffiti, le pop art, dans une nouvelle synth\u00e8se inspir\u00e9e de la p\u00e9riode dynamique contemporaine du chaos organis\u00e9.","og_url":"https:\/\/egidimadeinitaly.com\/fr\/negozio\/art-moderne\/tableaux-modernes-fr\/tableau-signe-antoh\/","og_site_name":"Egidi MadeinItaly","article_publisher":"https:\/\/www.facebook.com\/egidimadeinitaly\/","article_modified_time":"2021-05-08T16:20:20+00:00","og_image":[{"width":1500,"height":1000,"url":"https:\/\/egidimadeinitaly.com\/wp-content\/uploads\/2020\/02\/quadro_firmato_antoh-e1717422282531.jpeg","type":"image\/jpeg"}],"schema":{"@context":"https:\/\/schema.org","@graph":[{"@type":"WebPage","@id":"https:\/\/egidimadeinitaly.com\/fr\/negozio\/art-moderne\/tableaux-modernes-fr\/tableau-signe-antoh\/","url":"https:\/\/egidimadeinitaly.com\/fr\/negozio\/art-moderne\/tableaux-modernes-fr\/tableau-signe-antoh\/","name":"Tableau Sign\u00e9 Antoh - Egidi MadeinItaly","isPartOf":{"@id":"https:\/\/egidimadeinitaly.com\/fr\/#website"},"primaryImageOfPage":{"@id":"https:\/\/egidimadeinitaly.com\/fr\/negozio\/art-moderne\/tableaux-modernes-fr\/tableau-signe-antoh\/#primaryimage"},"image":{"@id":"https:\/\/egidimadeinitaly.com\/fr\/negozio\/art-moderne\/tableaux-modernes-fr\/tableau-signe-antoh\/#primaryimage"},"thumbnailUrl":"https:\/\/egidimadeinitaly.com\/v25\/wp-content\/uploads\/2020\/02\/quadro_firmato_antoh-e1717422282531.jpeg","datePublished":"2018-02-02T14:23:56+00:00","dateModified":"2021-05-08T16:20:20+00:00","description":"Achetez Peinture par Antoh sur Egidi MadeinItaly Chinez Babylon Multiverse Tableau sign\u00e9 Antoh. Livraison partout dans le monde","breadcrumb":{"@id":"https:\/\/egidimadeinitaly.com\/fr\/negozio\/art-moderne\/tableaux-modernes-fr\/tableau-signe-antoh\/#breadcrumb"},"inLanguage":"fr-FR","potentialAction":[{"@type":"ReadAction","target":["https:\/\/egidimadeinitaly.com\/fr\/negozio\/art-moderne\/tableaux-modernes-fr\/tableau-signe-antoh\/"]}]},{"@type":"ImageObject","inLanguage":"fr-FR","@id":"https:\/\/egidimadeinitaly.com\/fr\/negozio\/art-moderne\/tableaux-modernes-fr\/tableau-signe-antoh\/#primaryimage","url":"https:\/\/egidimadeinitaly.com\/v25\/wp-content\/uploads\/2020\/02\/quadro_firmato_antoh-e1717422282531.jpeg","contentUrl":"https:\/\/egidimadeinitaly.com\/v25\/wp-content\/uploads\/2020\/02\/quadro_firmato_antoh-e1717422282531.jpeg","width":1500,"height":1000,"caption":"Tableau par Antoh"},{"@type":"BreadcrumbList","@id":"https:\/\/egidimadeinitaly.com\/fr\/negozio\/art-moderne\/tableaux-modernes-fr\/tableau-signe-antoh\/#breadcrumb","itemListElement":[{"@type":"ListItem","position":1,"name":"Home","item":"https:\/\/egidimadeinitaly.com\/fr\/"},{"@type":"ListItem","position":2,"name":"Produits","item":"https:\/\/egidimadeinitaly.com\/fr\/shop\/"},{"@type":"ListItem","position":3,"name":"Art moderne","item":"https:\/\/egidimadeinitaly.com\/fr\/product-category\/art-moderne\/"},{"@type":"ListItem","position":4,"name":"Tableaux modernes","item":"https:\/\/egidimadeinitaly.com\/fr\/product-category\/art-moderne\/tableaux-modernes-fr\/"},{"@type":"ListItem","position":5,"name":"Tableau Sign\u00e9 Antoh"}]},{"@type":"WebSite","@id":"https:\/\/egidimadeinitaly.com\/fr\/#website","url":"https:\/\/egidimadeinitaly.com\/fr\/","name":"Egidi MadeinItaly","description":"Fine Art","potentialAction":[{"@type":"SearchAction","target":{"@type":"EntryPoint","urlTemplate":"https:\/\/egidimadeinitaly.com\/fr\/?s={search_term_string}"},"query-input":{"@type":"PropertyValueSpecification","valueRequired":true,"valueName":"search_term_string"}}],"inLanguage":"fr-FR"}]}},"_links":{"self":[{"href":"https:\/\/egidimadeinitaly.com\/fr\/wp-json\/wp\/v2\/product\/83147","targetHints":{"allow":["GET"]}}],"collection":[{"href":"https:\/\/egidimadeinitaly.com\/fr\/wp-json\/wp\/v2\/product"}],"about":[{"href":"https:\/\/egidimadeinitaly.com\/fr\/wp-json\/wp\/v2\/types\/product"}],"wp:featuredmedia":[{"embeddable":true,"href":"https:\/\/egidimadeinitaly.com\/fr\/wp-json\/wp\/v2\/media\/84233"}],"wp:attachment":[{"href":"https:\/\/egidimadeinitaly.com\/fr\/wp-json\/wp\/v2\/media?parent=83147"}],"wp:term":[{"taxonomy":"product_brand","embeddable":true,"href":"https:\/\/egidimadeinitaly.com\/fr\/wp-json\/wp\/v2\/product_brand?post=83147"},{"taxonomy":"product_cat","embeddable":true,"href":"https:\/\/egidimadeinitaly.com\/fr\/wp-json\/wp\/v2\/product_cat?post=83147"},{"taxonomy":"product_tag","embeddable":true,"href":"https:\/\/egidimadeinitaly.com\/fr\/wp-json\/wp\/v2\/product_tag?post=83147"}],"curies":[{"name":"wp","href":"https:\/\/api.w.org\/{rel}","templated":true}]}}