{"id":83145,"date":"2018-09-02T15:24:01","date_gmt":"2018-09-02T14:24:01","guid":{"rendered":"https:\/\/egidimadeinitaly.com\/ecomsite\/product\/bronze-signe-barye-france-fin-xixeme-siecle\/"},"modified":"2024-10-22T13:34:09","modified_gmt":"2024-10-22T12:34:09","slug":"bronze-signe-barye-france-fin-xixeme-siecle","status":"publish","type":"product","link":"https:\/\/egidimadeinitaly.com\/fr\/negozio\/sculpture-fr-2\/sculpture-ancienne-fr\/bronze-signe-barye-france-fin-xixeme-siecle\/","title":{"rendered":"Bronze Sign\u00e9 Barye France Fin XIXeme Si\u00e8cle"},"content":{"rendered":"<p><strong><span class=\"s2\">Bronze<\/span> <span class=\"s2\">sign\u00e9<\/span> <span class=\"s2\">Barye<\/span><\/strong><\/p>\n<p><span class=\"s2\">Expos\u00e9 au <strong>Salon<\/strong> de 1833, le <\/span><span class=\"s2\">pl\u00e2tre<\/span><span class=\"s2\"> du \u2018<strong>Lion au <\/strong><\/span><strong><span class=\"s2\">serpent<\/span><\/strong><span class=\"s2\">\u2018 de <\/span><span class=\"s2\">Barye<\/span><span class=\"s2\"> fut <\/span><span class=\"s2\">lou\u00e9<\/span><span class=\"s2\"> par la <\/span><span class=\"s2\">critique <\/span><span class=\"s2\">qui en <\/span><span class=\"s2\">salua<\/span><span class=\"s2\"> \u00e0 la <\/span><span class=\"s2\">fois<\/span><span class=\"s2\"> le <\/span><span class=\"s2\">rendu<\/span> <span class=\"s2\">tr\u00e8s<\/span><span class=\"s2\"> naturaliste et <\/span><span class=\"s2\">l\u2019intensit\u00e9<\/span><span class=\"s2\"> de <\/span><span class=\"s2\">cette<\/span> <span class=\"s2\">sc\u00e8ne<\/span> <span class=\"s2\">reproduite<\/span><span class=\"s2\"> en <\/span><span class=\"s2\">taille<\/span> <span class=\"s2\">r\u00e9elle<\/span><span class=\"s2\">.<\/span><\/p>\n<p><span class=\"s2\">Une fonte \u00e0 la <\/span><span class=\"s2\">cire<\/span> <span class=\"s2\">perdue<\/span> <span class=\"s2\">r\u00e9alis\u00e9e<\/span><span class=\"s2\"> par Honor\u00e9 <\/span><span class=\"s2\">Gonon<\/span><span class=\"s2\"> fut <\/span><span class=\"s2\">pr\u00e9sent\u00e9e<\/span><span class=\"s2\"> au Salon de 1836 et acquise par Louis-Philippe <\/span><span class=\"s2\">pour<\/span> <span class=\"s2\">\u00eatre<\/span> <span class=\"s2\">install\u00e9e<\/span><span class=\"s2\"> au <\/span><strong><span class=\"s2\">Jardin<\/span><\/strong><span class=\"s2\"><strong> des Tuileries<\/strong> <\/span><span class=\"s2\">o\u00f9<\/span><span class=\"s2\"> elle <\/span><span class=\"s2\">restera <\/span><span class=\"s2\">jusqu\u2019en<\/span><span class=\"s2\"> 1911 <\/span><span class=\"s2\">avant<\/span><span class=\"s2\"> de <\/span><span class=\"s2\">rejoindre<\/span> <strong><span class=\"s2\">les<\/span> <span class=\"s2\">collections<\/span><\/strong><span class=\"s2\"><strong> du Louvre<\/strong>.<\/span><span class=\"s4\">\u00a0<\/span><\/p>\n<p><span class=\"s2\">Un <\/span><span class=\"s2\">\u00e9crit<\/span><span class=\"s2\"> d\u2019Alfred de <\/span><span class=\"s2\">Musset<\/span> <span class=\"s2\">dans<\/span><span class=\"s2\"> la \u2018<\/span><span class=\"s2\">Revue<\/span><span class=\"s2\"> des <\/span><span class=\"s2\">Deux-Mondes<\/span><span class=\"s2\">\u2018 <\/span><span class=\"s2\">r\u00e9sume<\/span><span class=\"s2\"> \u00e0 <\/span><span class=\"s2\">merveille<\/span> <span class=\"s2\">l\u2019effet<\/span><span class=\"s2\">produit<\/span> <span class=\"s2\">sur<\/span><span class=\"s2\"> le public <\/span><span class=\"s2\">parisien<\/span><span class=\"s2\"> par le <\/span><span class=\"s2\">combat<\/span><span class=\"s2\"> de <\/span><span class=\"s2\">ces<\/span> <span class=\"s2\">deux<\/span> <span class=\"s2\">animaux<\/span> <span class=\"s2\">sauvages<\/span><span class=\"s2\"> :<\/span><\/p>\n<p><span class=\"s2\">\u201c<em>Le <\/em><\/span><em><span class=\"s2\">lion<\/span><span class=\"s2\"> en <\/span><span class=\"s2\">bronze<\/span><span class=\"s2\"> de M. <\/span><span class=\"s2\">Barye<\/span><span class=\"s2\"> est <\/span><span class=\"s2\">effrayant<\/span> <span class=\"s2\">comme<\/span><span class=\"s2\"> la nature. Quelle <\/span><span class=\"s2\">vigueur<\/span><span class=\"s2\"> et quelle <\/span><span class=\"s2\">v\u00e9rit\u00e9<\/span><span class=\"s2\"> ! Ce <\/span><span class=\"s2\">lion<\/span> <span class=\"s2\">rugit<\/span><span class=\"s2\">, ce <\/span><span class=\"s2\">serpent<\/span> <span class=\"s2\">siffle<\/span><span class=\"s2\">. Quelle <\/span><span class=\"s2\">rage<\/span> <span class=\"s2\">dans<\/span><span class=\"s2\"> ce <\/span><span class=\"s2\">mufle<\/span> <span class=\"s2\">grinc\u00e9<\/span><span class=\"s2\">, <\/span><span class=\"s2\">dans<\/span><span class=\"s2\"> ce <\/span><span class=\"s2\">regard <\/span><span class=\"s2\">oblique, <\/span><span class=\"s2\">dans<\/span><span class=\"s2\"> ce dos qui se <\/span><span class=\"s2\">h\u00e9risse<\/span><span class=\"s2\"> ! Quelle <\/span><span class=\"s2\">puissance<\/span> <span class=\"s2\">dans<\/span> <span class=\"s2\">cette<\/span><span class=\"s2\"> patte <\/span><span class=\"s2\">pos\u00e9e<\/span> <span class=\"s2\">sur<\/span><span class=\"s2\"> la <\/span><span class=\"s2\">proie<\/span><span class=\"s2\">! Et quelle <\/span><span class=\"s2\">soif<\/span><span class=\"s2\"> de <\/span><span class=\"s2\">combat<\/span> <span class=\"s2\">dans<\/span><span class=\"s2\"> ce <\/span><span class=\"s2\">monstre<\/span> <\/em><span class=\"s2\"><em>tortueu<\/em>x<\/span><span class=\"s2\">, <\/span><em><span class=\"s2\">dans<\/span> <span class=\"s2\">cette<\/span> <span class=\"s2\">gueule<\/span> <span class=\"s2\">affam\u00e9e<\/span><\/em><span class=\"s2\"><em> et<\/em> <\/span><em><span class=\"s2\">b\u00e9ante<\/span><\/em><span class=\"s2\"><em>! \u201c<\/em> (<\/span><span class=\"s2\">cit\u00e9<\/span><span class=\"s2\"> par <strong>Eug\u00e8ne Guillaume <\/strong><\/span><span class=\"s2\">dans<\/span><span class=\"s2\"> la <\/span><span class=\"s2\">pr\u00e9face<\/span><span class=\"s2\"> de <\/span><span class=\"s2\">l\u2019ouvrage<\/span><span class=\"s2\"> de Roger <\/span><span class=\"s2\">Ballu<\/span><span class=\"s2\">, 1890).<\/span><span class=\"s4\">\u00a0<\/span><\/p>\n<p><strong><span class=\"s2\">Le <\/span><span class=\"s2\">lion<\/span><span class=\"s2\"> est <\/span><span class=\"s2\">l\u2019animal<\/span> <span class=\"s2\">monarchique<\/span><span class=\"s2\"> par <\/span><span class=\"s2\">excellence<\/span><span class=\"s2\">, <\/span><\/strong><span class=\"s2\">symbole<\/span><span class=\"s2\"> de force et de <\/span><span class=\"s2\">courage<\/span><span class=\"s2\">. La <\/span><span class=\"s2\">sculpture<\/span> <span class=\"s2\">constitue<\/span> <span class=\"s2\">ainsi<\/span><span class=\"s2\"> un <\/span><span class=\"s2\">hommage<\/span><span class=\"s2\"> \u00e0 la Monarchie de <\/span><span class=\"s2\">Juillet<\/span><span class=\"s2\"> et au <\/span><span class=\"s2\">roi<\/span><span class=\"s2\"> Louis-Philippe, \u00e0 un <\/span><span class=\"s2\">moment<\/span> <span class=\"s2\">o\u00f9<\/span><span class=\"s2\"> le r\u00e9gime, <\/span><span class=\"s2\">mis<\/span><span class=\"s2\"> en <\/span><span class=\"s2\">place<\/span><span class=\"s2\"> \u00e0 <\/span><span class=\"s2\">l\u2019issue<\/span><span class=\"s2\"> de la <\/span><span class=\"s2\">R\u00e9volution<\/span><span class=\"s2\"> de <\/span><span class=\"s2\">juillet<\/span><span class=\"s2\"> 1830, <\/span><span class=\"s2\">suscitait <\/span><span class=\"s2\">un <\/span><span class=\"s2\">large<\/span> <span class=\"s2\">m\u00e9contentement<\/span><span class=\"s2\">.<\/span><\/p>\n<p><span class=\"s2\">L\u2019accession<\/span><span class=\"s2\"> du <\/span><span class=\"s2\">roi<\/span><span class=\"s2\"> au <\/span><span class=\"s2\">tr\u00f4ne<\/span> <span class=\"s2\">s\u2019\u00e9tait<\/span> <span class=\"s2\">produite<\/span> <span class=\"s2\">sous<\/span><span class=\"s2\"> la <\/span><span class=\"s2\">constellation<\/span><span class=\"s2\"> astrale du Lion et de <\/span><span class=\"s2\">l\u2019Hydre<\/span><span class=\"s2\"> (c\u2019est-\u00e0-dire un <\/span><span class=\"s2\">serpent<\/span><span class=\"s2\">). La <\/span><span class=\"s2\">sculpture<\/span> <span class=\"s2\">symboliserait<\/span> <span class=\"s2\">donc<\/span><span class=\"s2\"> la <\/span><span class=\"s2\">sanction<\/span> <span class=\"s2\">c\u00e9leste<\/span><span class=\"s2\"> de <\/span><span class=\"s2\">cette<\/span> <span class=\"s2\">prise<\/span><span class=\"s2\"> de <\/span><span class=\"s2\">pouvoir<\/span><span class=\"s2\">.<\/span><\/p>\n<p><span class=\"s2\">Le \u2018Lion au <\/span><span class=\"s2\">serpent<\/span><span class=\"s2\">\u2018 fut l\u2019un des <\/span><span class=\"s2\">succ\u00e8s<\/span> <span class=\"s2\">les<\/span><span class=\"s2\"> plus <\/span><span class=\"s2\">retentissants<\/span><span class=\"s2\"> de <\/span><span class=\"s2\">Barye<\/span><span class=\"s2\"> et reste <\/span><span class=\"s2\">aujourd\u2019hui <\/span><strong><span class=\"s2\">encore<\/span><span class=\"s2\"> l\u2019une de <\/span><span class=\"s2\">ses<\/span> <span class=\"s2\">\u0153uvres<\/span> <span class=\"s2\">les<\/span><span class=\"s2\"> plus <\/span><span class=\"s2\">embl\u00e9matiques<\/span><span class=\"s2\">.<\/span><\/strong><span class=\"s4\">\u00a0<\/span><\/p>\n","protected":false},"excerpt":{"rendered":"<p><span class=\"s2\">Antoine-Louis <a href=\"https:\/\/bit.ly\/3j9pSqN\">Barye<\/a> (Paris, 1795-1875).<br \/>\n<\/span><span class=\"s2\">Lion au <\/span><span class=\"s2\">serpent.<\/span><strong><span class=\"s2\"><br \/>\n<\/span><\/strong><strong><span class=\"s2\">\u00c9preuve<\/span><span class=\"s2\"> en <\/span><span class=\"s2\">bronze<\/span><\/strong><span class=\"s2\"> \u00e0 patine <\/span><span class=\"s2\">m\u00e9daille<\/span><span class=\"s2\">, <\/span><strong><span class=\"s2\">sign\u00e9e<\/span><\/strong> <span class=\"s2\">sur<\/span><span class=\"s2\"> la <\/span><span class=\"s2\">terrasse<\/span><span class=\"s2\">.<br \/>\n<\/span><span class=\"s2\">Socle<\/span><span class=\"s2\"> en <\/span><span class=\"s2\">marbre<\/span><span class=\"s2\"> noir.<br \/>\n<\/span><span class=\"s2\">Le <\/span><span class=\"s2\">bronze<\/span><span class=\"s2\"> ici <\/span><span class=\"s2\">pr\u00e9sent\u00e9<\/span><span class=\"s2\"> est un <\/span><span class=\"s2\">tr\u00e8s<\/span><span class=\"s2\"> bel <\/span><span class=\"s2\">exemplaire<\/span> <span class=\"s2\">incontestablement<\/span><span class=\"s2\"> ancien.<\/span><span class=\"s4\">\u00a0<\/span><\/p>\n","protected":false},"featured_media":84302,"template":"","meta":{"_acf_changed":false},"product_brand":[],"product_cat":[6417,6419],"product_tag":[4473,1324,5306],"class_list":{"0":"post-83145","1":"product","2":"type-product","3":"status-publish","4":"has-post-thumbnail","6":"product_cat-sculpture-fr-2","7":"product_cat-sculpture-ancienne-fr","8":"product_tag-animalier-fr","9":"product_tag-bronzes-fr","10":"product_tag-objets-de-collection","11":"product_shipping_class-dhl-fr","13":"first","14":"outofstock","15":"shipping-taxable","16":"purchasable","17":"product-type-simple"},"acf":[],"yoast_head":"<!-- This site is optimized with the Yoast SEO Premium plugin v27.5 (Yoast SEO v27.5) - https:\/\/yoast.com\/product\/yoast-seo-premium-wordpress\/ -->\n<title>Bronze Sign\u00e9 Barye France Fin XIXeme Si\u00e8cle - Egidi MadeinItaly<\/title>\n<meta name=\"description\" content=\"Bronze Sign\u00e9 Barye France Fin XIX\u00e8me Si\u00e8cle Lion au serpent. \u00c9preuve en bronze \u00e0 patine m\u00e9daille sign\u00e9e sur la terrasse en Vente sur Egidi MadeinItaly\" \/>\n<meta name=\"robots\" content=\"index, follow, max-snippet:-1, max-image-preview:large, max-video-preview:-1\" \/>\n<link rel=\"canonical\" href=\"https:\/\/egidimadeinitaly.com\/fr\/produit\/sculpture-fr-2\/sculpture-ancienne-fr\/bronze-signe-barye-france-fin-xixeme-siecle\/\" \/>\n<meta property=\"og:locale\" content=\"fr_FR\" \/>\n<meta property=\"og:type\" content=\"article\" \/>\n<meta property=\"og:title\" content=\"Bronze Sign\u00e9 Barye France Fin XIXeme Si\u00e8cle\" \/>\n<meta property=\"og:description\" content=\"Antoine-Louis Barye (Paris, 1795-1875). Lion au serpent. \u00c9preuve en bronze \u00e0 patine m\u00e9daille, sign\u00e9e sur la terrasse. Socle en marbre noir. Le bronze ici pr\u00e9sent\u00e9 est un tr\u00e8s bel exemplaire incontestablement ancien.\u00a0\" \/>\n<meta property=\"og:url\" content=\"https:\/\/egidimadeinitaly.com\/fr\/produit\/sculpture-fr-2\/sculpture-ancienne-fr\/bronze-signe-barye-france-fin-xixeme-siecle\/\" \/>\n<meta property=\"og:site_name\" content=\"Egidi MadeinItaly\" \/>\n<meta property=\"article:publisher\" content=\"https:\/\/www.facebook.com\/egidimadeinitaly\/\" \/>\n<meta property=\"article:modified_time\" content=\"2024-10-22T12:34:09+00:00\" \/>\n<meta property=\"og:image\" content=\"https:\/\/egidimadeinitaly.com\/wp-content\/uploads\/2020\/02\/scultura_in_bronzo_firmata_barye-e1717422394705.jpg\" \/>\n\t<meta property=\"og:image:width\" content=\"1500\" \/>\n\t<meta property=\"og:image:height\" content=\"1000\" \/>\n\t<meta property=\"og:image:type\" content=\"image\/jpeg\" \/>\n<script type=\"application\/ld+json\" class=\"yoast-schema-graph\">{\"@context\":\"https:\\\/\\\/schema.org\",\"@graph\":[{\"@type\":\"WebPage\",\"@id\":\"https:\\\/\\\/egidimadeinitaly.com\\\/fr\\\/negozio\\\/sculpture-fr-2\\\/sculpture-ancienne-fr\\\/bronze-signe-barye-france-fin-xixeme-siecle\\\/\",\"url\":\"https:\\\/\\\/egidimadeinitaly.com\\\/fr\\\/produit\\\/sculpture-fr-2\\\/sculpture-ancienne-fr\\\/bronze-signe-barye-france-fin-xixeme-siecle\\\/\",\"name\":\"Bronze Sign\u00e9 Barye France Fin XIXeme Si\u00e8cle - Egidi MadeinItaly\",\"isPartOf\":{\"@id\":\"https:\\\/\\\/egidimadeinitaly.com\\\/fr\\\/#website\"},\"primaryImageOfPage\":{\"@id\":\"https:\\\/\\\/egidimadeinitaly.com\\\/fr\\\/produit\\\/sculpture-fr-2\\\/sculpture-ancienne-fr\\\/bronze-signe-barye-france-fin-xixeme-siecle\\\/#primaryimage\"},\"image\":{\"@id\":\"https:\\\/\\\/egidimadeinitaly.com\\\/fr\\\/produit\\\/sculpture-fr-2\\\/sculpture-ancienne-fr\\\/bronze-signe-barye-france-fin-xixeme-siecle\\\/#primaryimage\"},\"thumbnailUrl\":\"https:\\\/\\\/egidimadeinitaly.com\\\/v25\\\/wp-content\\\/uploads\\\/2020\\\/02\\\/scultura_in_bronzo_firmata_barye-e1717422394705.jpg\",\"datePublished\":\"2018-09-02T14:24:01+00:00\",\"dateModified\":\"2024-10-22T12:34:09+00:00\",\"description\":\"Bronze Sign\u00e9 Barye France Fin XIX\u00e8me Si\u00e8cle Lion au serpent. \u00c9preuve en bronze \u00e0 patine m\u00e9daille sign\u00e9e sur la terrasse en Vente sur Egidi MadeinItaly\",\"breadcrumb\":{\"@id\":\"https:\\\/\\\/egidimadeinitaly.com\\\/fr\\\/produit\\\/sculpture-fr-2\\\/sculpture-ancienne-fr\\\/bronze-signe-barye-france-fin-xixeme-siecle\\\/#breadcrumb\"},\"inLanguage\":\"fr-FR\",\"potentialAction\":[{\"@type\":\"ReadAction\",\"target\":[\"https:\\\/\\\/egidimadeinitaly.com\\\/fr\\\/produit\\\/sculpture-fr-2\\\/sculpture-ancienne-fr\\\/bronze-signe-barye-france-fin-xixeme-siecle\\\/\"]}]},{\"@type\":\"ImageObject\",\"inLanguage\":\"fr-FR\",\"@id\":\"https:\\\/\\\/egidimadeinitaly.com\\\/fr\\\/produit\\\/sculpture-fr-2\\\/sculpture-ancienne-fr\\\/bronze-signe-barye-france-fin-xixeme-siecle\\\/#primaryimage\",\"url\":\"https:\\\/\\\/egidimadeinitaly.com\\\/v25\\\/wp-content\\\/uploads\\\/2020\\\/02\\\/scultura_in_bronzo_firmata_barye-e1717422394705.jpg\",\"contentUrl\":\"https:\\\/\\\/egidimadeinitaly.com\\\/v25\\\/wp-content\\\/uploads\\\/2020\\\/02\\\/scultura_in_bronzo_firmata_barye-e1717422394705.jpg\",\"width\":1500,\"height\":1000,\"caption\":\"Bronze Sign\u00e9 Barye Lion et Serpent\"},{\"@type\":\"BreadcrumbList\",\"@id\":\"https:\\\/\\\/egidimadeinitaly.com\\\/fr\\\/produit\\\/sculpture-fr-2\\\/sculpture-ancienne-fr\\\/bronze-signe-barye-france-fin-xixeme-siecle\\\/#breadcrumb\",\"itemListElement\":[{\"@type\":\"ListItem\",\"position\":1,\"name\":\"Home\",\"item\":\"https:\\\/\\\/egidimadeinitaly.com\\\/fr\\\/\"},{\"@type\":\"ListItem\",\"position\":2,\"name\":\"Produits\",\"item\":\"https:\\\/\\\/egidimadeinitaly.com\\\/fr\\\/shop\\\/\"},{\"@type\":\"ListItem\",\"position\":3,\"name\":\"Sculpture\",\"item\":\"https:\\\/\\\/egidimadeinitaly.com\\\/fr\\\/product-category\\\/sculpture-fr-2\\\/\"},{\"@type\":\"ListItem\",\"position\":4,\"name\":\"Sculpture ancienne\",\"item\":\"https:\\\/\\\/egidimadeinitaly.com\\\/fr\\\/product-category\\\/sculpture-fr-2\\\/sculpture-ancienne-fr\\\/\"},{\"@type\":\"ListItem\",\"position\":5,\"name\":\"Bronze Sign\u00e9 Barye France Fin XIXeme Si\u00e8cle\"}]},{\"@type\":\"WebSite\",\"@id\":\"https:\\\/\\\/egidimadeinitaly.com\\\/fr\\\/#website\",\"url\":\"https:\\\/\\\/egidimadeinitaly.com\\\/fr\\\/\",\"name\":\"Egidi MadeinItaly\",\"description\":\"Fine Art\",\"potentialAction\":[{\"@type\":\"SearchAction\",\"target\":{\"@type\":\"EntryPoint\",\"urlTemplate\":\"https:\\\/\\\/egidimadeinitaly.com\\\/fr\\\/?s={search_term_string}\"},\"query-input\":{\"@type\":\"PropertyValueSpecification\",\"valueRequired\":true,\"valueName\":\"search_term_string\"}}],\"inLanguage\":\"fr-FR\"}]}<\/script>\n<!-- \/ Yoast SEO Premium plugin. -->","yoast_head_json":{"title":"Bronze Sign\u00e9 Barye France Fin XIXeme Si\u00e8cle - Egidi MadeinItaly","description":"Bronze Sign\u00e9 Barye France Fin XIX\u00e8me Si\u00e8cle Lion au serpent. \u00c9preuve en bronze \u00e0 patine m\u00e9daille sign\u00e9e sur la terrasse en Vente sur Egidi MadeinItaly","robots":{"index":"index","follow":"follow","max-snippet":"max-snippet:-1","max-image-preview":"max-image-preview:large","max-video-preview":"max-video-preview:-1"},"canonical":"https:\/\/egidimadeinitaly.com\/fr\/produit\/sculpture-fr-2\/sculpture-ancienne-fr\/bronze-signe-barye-france-fin-xixeme-siecle\/","og_locale":"fr_FR","og_type":"article","og_title":"Bronze Sign\u00e9 Barye France Fin XIXeme Si\u00e8cle","og_description":"Antoine-Louis Barye (Paris, 1795-1875). Lion au serpent. \u00c9preuve en bronze \u00e0 patine m\u00e9daille, sign\u00e9e sur la terrasse. Socle en marbre noir. Le bronze ici pr\u00e9sent\u00e9 est un tr\u00e8s bel exemplaire incontestablement ancien.\u00a0","og_url":"https:\/\/egidimadeinitaly.com\/fr\/produit\/sculpture-fr-2\/sculpture-ancienne-fr\/bronze-signe-barye-france-fin-xixeme-siecle\/","og_site_name":"Egidi MadeinItaly","article_publisher":"https:\/\/www.facebook.com\/egidimadeinitaly\/","article_modified_time":"2024-10-22T12:34:09+00:00","og_image":[{"width":1500,"height":1000,"url":"https:\/\/egidimadeinitaly.com\/wp-content\/uploads\/2020\/02\/scultura_in_bronzo_firmata_barye-e1717422394705.jpg","type":"image\/jpeg"}],"schema":{"@context":"https:\/\/schema.org","@graph":[{"@type":"WebPage","@id":"https:\/\/egidimadeinitaly.com\/fr\/negozio\/sculpture-fr-2\/sculpture-ancienne-fr\/bronze-signe-barye-france-fin-xixeme-siecle\/","url":"https:\/\/egidimadeinitaly.com\/fr\/produit\/sculpture-fr-2\/sculpture-ancienne-fr\/bronze-signe-barye-france-fin-xixeme-siecle\/","name":"Bronze Sign\u00e9 Barye France Fin XIXeme Si\u00e8cle - Egidi MadeinItaly","isPartOf":{"@id":"https:\/\/egidimadeinitaly.com\/fr\/#website"},"primaryImageOfPage":{"@id":"https:\/\/egidimadeinitaly.com\/fr\/produit\/sculpture-fr-2\/sculpture-ancienne-fr\/bronze-signe-barye-france-fin-xixeme-siecle\/#primaryimage"},"image":{"@id":"https:\/\/egidimadeinitaly.com\/fr\/produit\/sculpture-fr-2\/sculpture-ancienne-fr\/bronze-signe-barye-france-fin-xixeme-siecle\/#primaryimage"},"thumbnailUrl":"https:\/\/egidimadeinitaly.com\/v25\/wp-content\/uploads\/2020\/02\/scultura_in_bronzo_firmata_barye-e1717422394705.jpg","datePublished":"2018-09-02T14:24:01+00:00","dateModified":"2024-10-22T12:34:09+00:00","description":"Bronze Sign\u00e9 Barye France Fin XIX\u00e8me Si\u00e8cle Lion au serpent. \u00c9preuve en bronze \u00e0 patine m\u00e9daille sign\u00e9e sur la terrasse en Vente sur Egidi MadeinItaly","breadcrumb":{"@id":"https:\/\/egidimadeinitaly.com\/fr\/produit\/sculpture-fr-2\/sculpture-ancienne-fr\/bronze-signe-barye-france-fin-xixeme-siecle\/#breadcrumb"},"inLanguage":"fr-FR","potentialAction":[{"@type":"ReadAction","target":["https:\/\/egidimadeinitaly.com\/fr\/produit\/sculpture-fr-2\/sculpture-ancienne-fr\/bronze-signe-barye-france-fin-xixeme-siecle\/"]}]},{"@type":"ImageObject","inLanguage":"fr-FR","@id":"https:\/\/egidimadeinitaly.com\/fr\/produit\/sculpture-fr-2\/sculpture-ancienne-fr\/bronze-signe-barye-france-fin-xixeme-siecle\/#primaryimage","url":"https:\/\/egidimadeinitaly.com\/v25\/wp-content\/uploads\/2020\/02\/scultura_in_bronzo_firmata_barye-e1717422394705.jpg","contentUrl":"https:\/\/egidimadeinitaly.com\/v25\/wp-content\/uploads\/2020\/02\/scultura_in_bronzo_firmata_barye-e1717422394705.jpg","width":1500,"height":1000,"caption":"Bronze Sign\u00e9 Barye Lion et Serpent"},{"@type":"BreadcrumbList","@id":"https:\/\/egidimadeinitaly.com\/fr\/produit\/sculpture-fr-2\/sculpture-ancienne-fr\/bronze-signe-barye-france-fin-xixeme-siecle\/#breadcrumb","itemListElement":[{"@type":"ListItem","position":1,"name":"Home","item":"https:\/\/egidimadeinitaly.com\/fr\/"},{"@type":"ListItem","position":2,"name":"Produits","item":"https:\/\/egidimadeinitaly.com\/fr\/shop\/"},{"@type":"ListItem","position":3,"name":"Sculpture","item":"https:\/\/egidimadeinitaly.com\/fr\/product-category\/sculpture-fr-2\/"},{"@type":"ListItem","position":4,"name":"Sculpture ancienne","item":"https:\/\/egidimadeinitaly.com\/fr\/product-category\/sculpture-fr-2\/sculpture-ancienne-fr\/"},{"@type":"ListItem","position":5,"name":"Bronze Sign\u00e9 Barye France Fin XIXeme Si\u00e8cle"}]},{"@type":"WebSite","@id":"https:\/\/egidimadeinitaly.com\/fr\/#website","url":"https:\/\/egidimadeinitaly.com\/fr\/","name":"Egidi MadeinItaly","description":"Fine Art","potentialAction":[{"@type":"SearchAction","target":{"@type":"EntryPoint","urlTemplate":"https:\/\/egidimadeinitaly.com\/fr\/?s={search_term_string}"},"query-input":{"@type":"PropertyValueSpecification","valueRequired":true,"valueName":"search_term_string"}}],"inLanguage":"fr-FR"}]}},"_links":{"self":[{"href":"https:\/\/egidimadeinitaly.com\/fr\/wp-json\/wp\/v2\/product\/83145","targetHints":{"allow":["GET"]}}],"collection":[{"href":"https:\/\/egidimadeinitaly.com\/fr\/wp-json\/wp\/v2\/product"}],"about":[{"href":"https:\/\/egidimadeinitaly.com\/fr\/wp-json\/wp\/v2\/types\/product"}],"wp:featuredmedia":[{"embeddable":true,"href":"https:\/\/egidimadeinitaly.com\/fr\/wp-json\/wp\/v2\/media\/84302"}],"wp:attachment":[{"href":"https:\/\/egidimadeinitaly.com\/fr\/wp-json\/wp\/v2\/media?parent=83145"}],"wp:term":[{"taxonomy":"product_brand","embeddable":true,"href":"https:\/\/egidimadeinitaly.com\/fr\/wp-json\/wp\/v2\/product_brand?post=83145"},{"taxonomy":"product_cat","embeddable":true,"href":"https:\/\/egidimadeinitaly.com\/fr\/wp-json\/wp\/v2\/product_cat?post=83145"},{"taxonomy":"product_tag","embeddable":true,"href":"https:\/\/egidimadeinitaly.com\/fr\/wp-json\/wp\/v2\/product_tag?post=83145"}],"curies":[{"name":"wp","href":"https:\/\/api.w.org\/{rel}","templated":true}]}}