{"id":83137,"date":"2018-05-02T15:23:55","date_gmt":"2018-05-02T14:23:55","guid":{"rendered":"https:\/\/egidimadeinitaly.com\/ecomsite\/product\/chaise-iconique-oeuf\/"},"modified":"2021-09-09T16:29:03","modified_gmt":"2021-09-09T16:29:03","slug":"chaise-iconique-oeuf","status":"publish","type":"product","link":"https:\/\/egidimadeinitaly.com\/fr\/negozio\/objets-dart\/objets-dart-modernes\/chaise-iconique-oeuf\/","title":{"rendered":"Thor Larsen Fauteuil Mod\u00e9le \u0152uf"},"content":{"rendered":"<p class=\"title\">Fauteuil iconique Ovalia,\u00a0 Egg chair,coque blanche en fibre de verre et\u00a0 int\u00e9rieur en velours et \u00a0une base ronde pivotante \u00e0 360\u00b0.<\/p>\n<p>\u00a0Rev\u00eatue en tissu bleu original. Le fauteuil a \u00e9t\u00e9 laque dans sa couleur original \u00e0 la fa\u00e7on du design de Thor Larsen des ann\u00e9es 60.<\/p>\n<p>La caract\u00e9ristique de ce fauteuil r\u00e9side du fait qu\u2019il dispose d\u2019une insonorisation lorsque vous y serez confortablement install\u00e9.<\/p>\n<p>Ce fauteuil fait parti d\u2019une s\u00e9rie de quatre exemplaires cr\u00e9es pour une campagne de publicit\u00e9 dans les ann\u00e9es 90.<\/p>\n","protected":false},"excerpt":{"rendered":"<p>Fauteuil Ovalia, Egg chair \u00a0blanche en fibre de verre<\/p>\n","protected":false},"featured_media":84165,"template":"","meta":{"_acf_changed":false},"product_brand":[],"product_cat":[6377,6412],"product_tag":[5441,5405,5052],"class_list":{"0":"post-83137","1":"product","2":"type-product","3":"status-publish","4":"has-post-thumbnail","6":"product_cat-art-moderne","7":"product_cat-objets-dart-modernes","8":"product_tag-annees-90","9":"product_tag-blanc","10":"product_tag-space-age-fr","11":"product_shipping_class-dhl-fr","13":"first","14":"outofstock","15":"shipping-taxable","16":"product-type-simple"},"acf":[],"yoast_head":"<!-- This site is optimized with the Yoast SEO Premium plugin v27.5 (Yoast SEO v27.6) - https:\/\/yoast.com\/product\/yoast-seo-premium-wordpress\/ -->\n<title>Thor Larsen Fauteuil Mod\u00e9le \u0152uf - Egidi MadeinItaly<\/title>\n<meta name=\"description\" content=\"Fauteuil pivotant iconique \u0153uf, EGG du designer danois Thor Larsen. Design, Vintage. Venez d\u00e9couvrir notre catalogue Produits.\" \/>\n<meta name=\"robots\" content=\"index, follow, max-snippet:-1, max-image-preview:large, max-video-preview:-1\" \/>\n<link rel=\"canonical\" href=\"https:\/\/egidimadeinitaly.com\/fr\/negozio\/objets-dart\/objets-dart-modernes\/chaise-iconique-oeuf\/\" \/>\n<meta property=\"og:locale\" content=\"fr_FR\" \/>\n<meta property=\"og:type\" content=\"article\" \/>\n<meta property=\"og:title\" content=\"Thor Larsen Fauteuil Mod\u00e9le \u0152uf\" \/>\n<meta property=\"og:description\" content=\"Fauteuil Ovalia, Egg chair \u00a0blanche en fibre de verre\" \/>\n<meta property=\"og:url\" content=\"https:\/\/egidimadeinitaly.com\/fr\/negozio\/objets-dart\/objets-dart-modernes\/chaise-iconique-oeuf\/\" \/>\n<meta property=\"og:site_name\" content=\"Egidi MadeinItaly\" \/>\n<meta property=\"article:publisher\" content=\"https:\/\/www.facebook.com\/egidimadeinitaly\/\" \/>\n<meta property=\"article:modified_time\" content=\"2021-09-09T16:29:03+00:00\" \/>\n<meta property=\"og:image\" content=\"https:\/\/egidimadeinitaly.com\/wp-content\/uploads\/2020\/02\/thor_larsen_poltrona_girevole_ovalia_1959_01-e1670579138392.jpeg\" \/>\n\t<meta property=\"og:image:width\" content=\"1280\" \/>\n\t<meta property=\"og:image:height\" content=\"853\" \/>\n\t<meta property=\"og:image:type\" content=\"image\/jpeg\" \/>\n<script type=\"application\/ld+json\" class=\"yoast-schema-graph\">{\"@context\":\"https:\\\/\\\/schema.org\",\"@graph\":[{\"@type\":\"WebPage\",\"@id\":\"https:\\\/\\\/egidimadeinitaly.com\\\/fr\\\/negozio\\\/objets-dart\\\/objets-dart-modernes\\\/chaise-iconique-oeuf\\\/\",\"url\":\"https:\\\/\\\/egidimadeinitaly.com\\\/fr\\\/negozio\\\/objets-dart\\\/objets-dart-modernes\\\/chaise-iconique-oeuf\\\/\",\"name\":\"Thor Larsen Fauteuil Mod\u00e9le \u0152uf - Egidi MadeinItaly\",\"isPartOf\":{\"@id\":\"https:\\\/\\\/egidimadeinitaly.com\\\/fr\\\/#website\"},\"primaryImageOfPage\":{\"@id\":\"https:\\\/\\\/egidimadeinitaly.com\\\/fr\\\/negozio\\\/objets-dart\\\/objets-dart-modernes\\\/chaise-iconique-oeuf\\\/#primaryimage\"},\"image\":{\"@id\":\"https:\\\/\\\/egidimadeinitaly.com\\\/fr\\\/negozio\\\/objets-dart\\\/objets-dart-modernes\\\/chaise-iconique-oeuf\\\/#primaryimage\"},\"thumbnailUrl\":\"https:\\\/\\\/egidimadeinitaly.com\\\/v25\\\/wp-content\\\/uploads\\\/2020\\\/02\\\/thor_larsen_poltrona_girevole_ovalia_1959_01-e1670579138392.jpeg\",\"datePublished\":\"2018-05-02T14:23:55+00:00\",\"dateModified\":\"2021-09-09T16:29:03+00:00\",\"description\":\"Fauteuil pivotant iconique \u0153uf, EGG du designer danois Thor Larsen. Design, Vintage. Venez d\u00e9couvrir notre catalogue Produits.\",\"breadcrumb\":{\"@id\":\"https:\\\/\\\/egidimadeinitaly.com\\\/fr\\\/negozio\\\/objets-dart\\\/objets-dart-modernes\\\/chaise-iconique-oeuf\\\/#breadcrumb\"},\"inLanguage\":\"fr-FR\",\"potentialAction\":[{\"@type\":\"ReadAction\",\"target\":[\"https:\\\/\\\/egidimadeinitaly.com\\\/fr\\\/negozio\\\/objets-dart\\\/objets-dart-modernes\\\/chaise-iconique-oeuf\\\/\"]}]},{\"@type\":\"ImageObject\",\"inLanguage\":\"fr-FR\",\"@id\":\"https:\\\/\\\/egidimadeinitaly.com\\\/fr\\\/negozio\\\/objets-dart\\\/objets-dart-modernes\\\/chaise-iconique-oeuf\\\/#primaryimage\",\"url\":\"https:\\\/\\\/egidimadeinitaly.com\\\/v25\\\/wp-content\\\/uploads\\\/2020\\\/02\\\/thor_larsen_poltrona_girevole_ovalia_1959_01-e1670579138392.jpeg\",\"contentUrl\":\"https:\\\/\\\/egidimadeinitaly.com\\\/v25\\\/wp-content\\\/uploads\\\/2020\\\/02\\\/thor_larsen_poltrona_girevole_ovalia_1959_01-e1670579138392.jpeg\",\"width\":1280,\"height\":853,\"caption\":\"Thor Larsen Fauteuil \u0152uf\"},{\"@type\":\"BreadcrumbList\",\"@id\":\"https:\\\/\\\/egidimadeinitaly.com\\\/fr\\\/negozio\\\/objets-dart\\\/objets-dart-modernes\\\/chaise-iconique-oeuf\\\/#breadcrumb\",\"itemListElement\":[{\"@type\":\"ListItem\",\"position\":1,\"name\":\"Home\",\"item\":\"https:\\\/\\\/egidimadeinitaly.com\\\/fr\\\/\"},{\"@type\":\"ListItem\",\"position\":2,\"name\":\"Produits\",\"item\":\"https:\\\/\\\/egidimadeinitaly.com\\\/fr\\\/shop\\\/\"},{\"@type\":\"ListItem\",\"position\":3,\"name\":\"Objets d\u2019art\",\"item\":\"https:\\\/\\\/egidimadeinitaly.com\\\/fr\\\/product-category\\\/objets-dart\\\/\"},{\"@type\":\"ListItem\",\"position\":4,\"name\":\"Objets d'art modernes\",\"item\":\"https:\\\/\\\/egidimadeinitaly.com\\\/fr\\\/product-category\\\/objets-dart\\\/objets-dart-modernes\\\/\"},{\"@type\":\"ListItem\",\"position\":5,\"name\":\"Thor Larsen Fauteuil Mod\u00e9le \u0152uf\"}]},{\"@type\":\"WebSite\",\"@id\":\"https:\\\/\\\/egidimadeinitaly.com\\\/fr\\\/#website\",\"url\":\"https:\\\/\\\/egidimadeinitaly.com\\\/fr\\\/\",\"name\":\"Egidi MadeinItaly\",\"description\":\"Fine Art\",\"potentialAction\":[{\"@type\":\"SearchAction\",\"target\":{\"@type\":\"EntryPoint\",\"urlTemplate\":\"https:\\\/\\\/egidimadeinitaly.com\\\/fr\\\/?s={search_term_string}\"},\"query-input\":{\"@type\":\"PropertyValueSpecification\",\"valueRequired\":true,\"valueName\":\"search_term_string\"}}],\"inLanguage\":\"fr-FR\"}]}<\/script>\n<!-- \/ Yoast SEO Premium plugin. -->","yoast_head_json":{"title":"Thor Larsen Fauteuil Mod\u00e9le \u0152uf - Egidi MadeinItaly","description":"Fauteuil pivotant iconique \u0153uf, EGG du designer danois Thor Larsen. Design, Vintage. Venez d\u00e9couvrir notre catalogue Produits.","robots":{"index":"index","follow":"follow","max-snippet":"max-snippet:-1","max-image-preview":"max-image-preview:large","max-video-preview":"max-video-preview:-1"},"canonical":"https:\/\/egidimadeinitaly.com\/fr\/negozio\/objets-dart\/objets-dart-modernes\/chaise-iconique-oeuf\/","og_locale":"fr_FR","og_type":"article","og_title":"Thor Larsen Fauteuil Mod\u00e9le \u0152uf","og_description":"Fauteuil Ovalia, Egg chair \u00a0blanche en fibre de verre","og_url":"https:\/\/egidimadeinitaly.com\/fr\/negozio\/objets-dart\/objets-dart-modernes\/chaise-iconique-oeuf\/","og_site_name":"Egidi MadeinItaly","article_publisher":"https:\/\/www.facebook.com\/egidimadeinitaly\/","article_modified_time":"2021-09-09T16:29:03+00:00","og_image":[{"width":1280,"height":853,"url":"https:\/\/egidimadeinitaly.com\/wp-content\/uploads\/2020\/02\/thor_larsen_poltrona_girevole_ovalia_1959_01-e1670579138392.jpeg","type":"image\/jpeg"}],"schema":{"@context":"https:\/\/schema.org","@graph":[{"@type":"WebPage","@id":"https:\/\/egidimadeinitaly.com\/fr\/negozio\/objets-dart\/objets-dart-modernes\/chaise-iconique-oeuf\/","url":"https:\/\/egidimadeinitaly.com\/fr\/negozio\/objets-dart\/objets-dart-modernes\/chaise-iconique-oeuf\/","name":"Thor Larsen Fauteuil Mod\u00e9le \u0152uf - Egidi MadeinItaly","isPartOf":{"@id":"https:\/\/egidimadeinitaly.com\/fr\/#website"},"primaryImageOfPage":{"@id":"https:\/\/egidimadeinitaly.com\/fr\/negozio\/objets-dart\/objets-dart-modernes\/chaise-iconique-oeuf\/#primaryimage"},"image":{"@id":"https:\/\/egidimadeinitaly.com\/fr\/negozio\/objets-dart\/objets-dart-modernes\/chaise-iconique-oeuf\/#primaryimage"},"thumbnailUrl":"https:\/\/egidimadeinitaly.com\/v25\/wp-content\/uploads\/2020\/02\/thor_larsen_poltrona_girevole_ovalia_1959_01-e1670579138392.jpeg","datePublished":"2018-05-02T14:23:55+00:00","dateModified":"2021-09-09T16:29:03+00:00","description":"Fauteuil pivotant iconique \u0153uf, EGG du designer danois Thor Larsen. Design, Vintage. Venez d\u00e9couvrir notre catalogue Produits.","breadcrumb":{"@id":"https:\/\/egidimadeinitaly.com\/fr\/negozio\/objets-dart\/objets-dart-modernes\/chaise-iconique-oeuf\/#breadcrumb"},"inLanguage":"fr-FR","potentialAction":[{"@type":"ReadAction","target":["https:\/\/egidimadeinitaly.com\/fr\/negozio\/objets-dart\/objets-dart-modernes\/chaise-iconique-oeuf\/"]}]},{"@type":"ImageObject","inLanguage":"fr-FR","@id":"https:\/\/egidimadeinitaly.com\/fr\/negozio\/objets-dart\/objets-dart-modernes\/chaise-iconique-oeuf\/#primaryimage","url":"https:\/\/egidimadeinitaly.com\/v25\/wp-content\/uploads\/2020\/02\/thor_larsen_poltrona_girevole_ovalia_1959_01-e1670579138392.jpeg","contentUrl":"https:\/\/egidimadeinitaly.com\/v25\/wp-content\/uploads\/2020\/02\/thor_larsen_poltrona_girevole_ovalia_1959_01-e1670579138392.jpeg","width":1280,"height":853,"caption":"Thor Larsen Fauteuil \u0152uf"},{"@type":"BreadcrumbList","@id":"https:\/\/egidimadeinitaly.com\/fr\/negozio\/objets-dart\/objets-dart-modernes\/chaise-iconique-oeuf\/#breadcrumb","itemListElement":[{"@type":"ListItem","position":1,"name":"Home","item":"https:\/\/egidimadeinitaly.com\/fr\/"},{"@type":"ListItem","position":2,"name":"Produits","item":"https:\/\/egidimadeinitaly.com\/fr\/shop\/"},{"@type":"ListItem","position":3,"name":"Objets d\u2019art","item":"https:\/\/egidimadeinitaly.com\/fr\/product-category\/objets-dart\/"},{"@type":"ListItem","position":4,"name":"Objets d'art modernes","item":"https:\/\/egidimadeinitaly.com\/fr\/product-category\/objets-dart\/objets-dart-modernes\/"},{"@type":"ListItem","position":5,"name":"Thor Larsen Fauteuil Mod\u00e9le \u0152uf"}]},{"@type":"WebSite","@id":"https:\/\/egidimadeinitaly.com\/fr\/#website","url":"https:\/\/egidimadeinitaly.com\/fr\/","name":"Egidi MadeinItaly","description":"Fine Art","potentialAction":[{"@type":"SearchAction","target":{"@type":"EntryPoint","urlTemplate":"https:\/\/egidimadeinitaly.com\/fr\/?s={search_term_string}"},"query-input":{"@type":"PropertyValueSpecification","valueRequired":true,"valueName":"search_term_string"}}],"inLanguage":"fr-FR"}]}},"_links":{"self":[{"href":"https:\/\/egidimadeinitaly.com\/fr\/wp-json\/wp\/v2\/product\/83137","targetHints":{"allow":["GET"]}}],"collection":[{"href":"https:\/\/egidimadeinitaly.com\/fr\/wp-json\/wp\/v2\/product"}],"about":[{"href":"https:\/\/egidimadeinitaly.com\/fr\/wp-json\/wp\/v2\/types\/product"}],"wp:featuredmedia":[{"embeddable":true,"href":"https:\/\/egidimadeinitaly.com\/fr\/wp-json\/wp\/v2\/media\/84165"}],"wp:attachment":[{"href":"https:\/\/egidimadeinitaly.com\/fr\/wp-json\/wp\/v2\/media?parent=83137"}],"wp:term":[{"taxonomy":"product_brand","embeddable":true,"href":"https:\/\/egidimadeinitaly.com\/fr\/wp-json\/wp\/v2\/product_brand?post=83137"},{"taxonomy":"product_cat","embeddable":true,"href":"https:\/\/egidimadeinitaly.com\/fr\/wp-json\/wp\/v2\/product_cat?post=83137"},{"taxonomy":"product_tag","embeddable":true,"href":"https:\/\/egidimadeinitaly.com\/fr\/wp-json\/wp\/v2\/product_tag?post=83137"}],"curies":[{"name":"wp","href":"https:\/\/api.w.org\/{rel}","templated":true}]}}