{"id":83130,"date":"2021-07-02T15:24:09","date_gmt":"2021-07-02T14:24:09","guid":{"rendered":"https:\/\/egidimadeinitaly.com\/ecomsite\/?post_type=product&#038;p=83130"},"modified":"2023-01-02T18:13:02","modified_gmt":"2023-01-02T17:13:02","slug":"peter-ghyczy-fauteuil","status":"publish","type":"product","link":"https:\/\/egidimadeinitaly.com\/fr\/negozio\/objets-dart\/objets-dart-modernes\/peter-ghyczy-fauteuil\/","title":{"rendered":"Peter Ghyczy Fauteuil"},"content":{"rendered":"<p>L\u2019id\u00e9e de <strong>Peter Ghyczy<\/strong> \u00e9tait de r\u00e9aliser un fauteuil pouvant \u00eatre utilis\u00e9 aussi bien \u00e0 l\u2019int\u00e9rieur qu\u2019\u00e0 l&rsquo;ext\u00e9rieur, avec un dossier pouvant \u00eatre ouvert ou ferm\u00e9. Une fois ferm\u00e9, le fauteuil peut \u00eatre facilement soulev\u00e9 et transport\u00e9 comme une valise. Il est fonctionnel. Le m\u00e9canisme d\u2019ouverture est con\u00e7u pour que le fauteuil\u00a0 r\u00e9siste aux intemp\u00e9ries.<\/p>\n<p>Il repr\u00e9sente \u00e0 la fois un compl\u00e9ment domestique et un objet sculptural \u2013 <strong>v\u00e9ritable ic\u00f4ne pop du design<\/strong>.<\/p>\n<p>Le <strong>Garden Egg<\/strong> de Peter Ghyczy\u00a0 a \u00e9t\u00e9 collectionn\u00e9 par Karl Lagerfeld, Sarah Andelman fondatrice de Colette qui en a expos\u00e9 des \u00e9ditions limit\u00e9es dans son\u00a0 magasin du Faubourg Saint-Honor\u00e9 \u00e0 Paris, ainsi que par Frida Giannini, ex directrice de la cr\u00e9ation de Gucci.<\/p>\n<p>Le fauteuil est dans de tr\u00e8s bonnes conditions. Il y a juste quelques petites rayures dues \u00e0 l\u2019usage et au temps sur la coque ext\u00e9rieure.<\/p>\n<p>\u00c0 l\u2019int\u00e9rieur, le coussin a \u00e9t\u00e9 refait avec un tissu neuf vert \u00e9meraude.<\/p>\n<p>En 2018, Peter Ghyczy a f\u00eat\u00e9 les 50 ans de son fauteuil Garden Egg Chair, plus connu sous le nom d\u2019Egg Chair.<\/p>\n<p>&nbsp;<\/p>\n","protected":false},"excerpt":{"rendered":"<p>Le fauteuil Garden Egg Chair se compose d\u2019une coque rigide et r\u00e9sistante en polyur\u00e9thane de couleur noir,\u00a0 tandis que l\u2019int\u00e9rieur pr\u00e9sente un rembourrage en mousse recouvert de tissu vert \u00e9meraude qui offre une assise confortable.<\/p>\n","protected":false},"featured_media":89052,"template":"","meta":{"_acf_changed":false},"product_brand":[],"product_cat":[6412,6492],"product_tag":[5436,1627,2743,5052,5079],"class_list":{"0":"post-83130","1":"product","2":"type-product","3":"status-publish","4":"has-post-thumbnail","6":"product_cat-objets-dart-modernes","7":"product_cat-objets-dart","8":"product_tag-annees-60-fr","9":"product_tag-noir","10":"product_tag-pop-art-fr","11":"product_tag-space-age-fr","12":"product_tag-vintage-fr","13":"product_shipping_class-dhl-fr","15":"first","16":"outofstock","17":"taxable","18":"shipping-taxable","19":"product-type-simple"},"acf":[],"yoast_head":"<!-- This site is optimized with the Yoast SEO Premium plugin v27.5 (Yoast SEO v27.5) - https:\/\/yoast.com\/product\/yoast-seo-premium-wordpress\/ -->\n<title>Peter Ghyczy Fauteuil - Egidi MadeinItaly<\/title>\n<meta name=\"description\" content=\"Le Fauteuil Oeuf de Jardin repr\u00e9sente \u00e0 la fois un compl\u00e9ment domestique et un objet sculptural v\u00e9ritable ic\u00f4ne pop du design\" \/>\n<meta name=\"robots\" content=\"index, follow, max-snippet:-1, max-image-preview:large, max-video-preview:-1\" \/>\n<link rel=\"canonical\" href=\"https:\/\/egidimadeinitaly.com\/fr\/negozio\/objets-dart\/objets-dart-modernes\/peter-ghyczy-fauteuil\/\" \/>\n<meta property=\"og:locale\" content=\"fr_FR\" \/>\n<meta property=\"og:type\" content=\"article\" \/>\n<meta property=\"og:title\" content=\"Peter Ghyczy Fauteuil\" \/>\n<meta property=\"og:description\" content=\"Le fauteuil Garden Egg Chair se compose d\u2019une coque rigide et r\u00e9sistante en polyur\u00e9thane de couleur noir,\u00a0 tandis que l\u2019int\u00e9rieur pr\u00e9sente un rembourrage en mousse recouvert de tissu vert \u00e9meraude qui offre une assise confortable.\" \/>\n<meta property=\"og:url\" content=\"https:\/\/egidimadeinitaly.com\/fr\/negozio\/objets-dart\/objets-dart-modernes\/peter-ghyczy-fauteuil\/\" \/>\n<meta property=\"og:site_name\" content=\"Egidi MadeinItaly\" \/>\n<meta property=\"article:publisher\" content=\"https:\/\/www.facebook.com\/egidimadeinitaly\/\" \/>\n<meta property=\"article:modified_time\" content=\"2023-01-02T17:13:02+00:00\" \/>\n<meta property=\"og:image\" content=\"https:\/\/egidimadeinitaly.com\/wp-content\/uploads\/2020\/02\/Peter-Ghyczy-Poltrona-Nera-Egg-Garden-e1722700501718.jpg\" \/>\n\t<meta property=\"og:image:width\" content=\"1024\" \/>\n\t<meta property=\"og:image:height\" content=\"683\" \/>\n\t<meta property=\"og:image:type\" content=\"image\/jpeg\" \/>\n<script type=\"application\/ld+json\" class=\"yoast-schema-graph\">{\"@context\":\"https:\\\/\\\/schema.org\",\"@graph\":[{\"@type\":\"WebPage\",\"@id\":\"https:\\\/\\\/egidimadeinitaly.com\\\/fr\\\/negozio\\\/objets-dart\\\/objets-dart-modernes\\\/peter-ghyczy-fauteuil\\\/\",\"url\":\"https:\\\/\\\/egidimadeinitaly.com\\\/fr\\\/negozio\\\/objets-dart\\\/objets-dart-modernes\\\/peter-ghyczy-fauteuil\\\/\",\"name\":\"Peter Ghyczy Fauteuil - Egidi MadeinItaly\",\"isPartOf\":{\"@id\":\"https:\\\/\\\/egidimadeinitaly.com\\\/fr\\\/#website\"},\"primaryImageOfPage\":{\"@id\":\"https:\\\/\\\/egidimadeinitaly.com\\\/fr\\\/negozio\\\/objets-dart\\\/objets-dart-modernes\\\/peter-ghyczy-fauteuil\\\/#primaryimage\"},\"image\":{\"@id\":\"https:\\\/\\\/egidimadeinitaly.com\\\/fr\\\/negozio\\\/objets-dart\\\/objets-dart-modernes\\\/peter-ghyczy-fauteuil\\\/#primaryimage\"},\"thumbnailUrl\":\"https:\\\/\\\/egidimadeinitaly.com\\\/v25\\\/wp-content\\\/uploads\\\/2020\\\/02\\\/Peter-Ghyczy-Poltrona-Nera-Egg-Garden-e1722700501718.jpg\",\"datePublished\":\"2021-07-02T14:24:09+00:00\",\"dateModified\":\"2023-01-02T17:13:02+00:00\",\"description\":\"Le Fauteuil Oeuf de Jardin repr\u00e9sente \u00e0 la fois un compl\u00e9ment domestique et un objet sculptural v\u00e9ritable ic\u00f4ne pop du design\",\"breadcrumb\":{\"@id\":\"https:\\\/\\\/egidimadeinitaly.com\\\/fr\\\/negozio\\\/objets-dart\\\/objets-dart-modernes\\\/peter-ghyczy-fauteuil\\\/#breadcrumb\"},\"inLanguage\":\"fr-FR\",\"potentialAction\":[{\"@type\":\"ReadAction\",\"target\":[\"https:\\\/\\\/egidimadeinitaly.com\\\/fr\\\/negozio\\\/objets-dart\\\/objets-dart-modernes\\\/peter-ghyczy-fauteuil\\\/\"]}]},{\"@type\":\"ImageObject\",\"inLanguage\":\"fr-FR\",\"@id\":\"https:\\\/\\\/egidimadeinitaly.com\\\/fr\\\/negozio\\\/objets-dart\\\/objets-dart-modernes\\\/peter-ghyczy-fauteuil\\\/#primaryimage\",\"url\":\"https:\\\/\\\/egidimadeinitaly.com\\\/v25\\\/wp-content\\\/uploads\\\/2020\\\/02\\\/Peter-Ghyczy-Poltrona-Nera-Egg-Garden-e1722700501718.jpg\",\"contentUrl\":\"https:\\\/\\\/egidimadeinitaly.com\\\/v25\\\/wp-content\\\/uploads\\\/2020\\\/02\\\/Peter-Ghyczy-Poltrona-Nera-Egg-Garden-e1722700501718.jpg\",\"width\":1024,\"height\":683,\"caption\":\"Peter Ghyczy Fauteuil \u0152uf de Jardin\"},{\"@type\":\"BreadcrumbList\",\"@id\":\"https:\\\/\\\/egidimadeinitaly.com\\\/fr\\\/negozio\\\/objets-dart\\\/objets-dart-modernes\\\/peter-ghyczy-fauteuil\\\/#breadcrumb\",\"itemListElement\":[{\"@type\":\"ListItem\",\"position\":1,\"name\":\"Home\",\"item\":\"https:\\\/\\\/egidimadeinitaly.com\\\/fr\\\/\"},{\"@type\":\"ListItem\",\"position\":2,\"name\":\"Produits\",\"item\":\"https:\\\/\\\/egidimadeinitaly.com\\\/fr\\\/shop\\\/\"},{\"@type\":\"ListItem\",\"position\":3,\"name\":\"Objets d\u2019art\",\"item\":\"https:\\\/\\\/egidimadeinitaly.com\\\/fr\\\/product-category\\\/objets-dart\\\/\"},{\"@type\":\"ListItem\",\"position\":4,\"name\":\"Objets d'art modernes\",\"item\":\"https:\\\/\\\/egidimadeinitaly.com\\\/fr\\\/product-category\\\/objets-dart\\\/objets-dart-modernes\\\/\"},{\"@type\":\"ListItem\",\"position\":5,\"name\":\"Peter Ghyczy Fauteuil\"}]},{\"@type\":\"WebSite\",\"@id\":\"https:\\\/\\\/egidimadeinitaly.com\\\/fr\\\/#website\",\"url\":\"https:\\\/\\\/egidimadeinitaly.com\\\/fr\\\/\",\"name\":\"Egidi MadeinItaly\",\"description\":\"Fine Art\",\"potentialAction\":[{\"@type\":\"SearchAction\",\"target\":{\"@type\":\"EntryPoint\",\"urlTemplate\":\"https:\\\/\\\/egidimadeinitaly.com\\\/fr\\\/?s={search_term_string}\"},\"query-input\":{\"@type\":\"PropertyValueSpecification\",\"valueRequired\":true,\"valueName\":\"search_term_string\"}}],\"inLanguage\":\"fr-FR\"}]}<\/script>\n<!-- \/ Yoast SEO Premium plugin. -->","yoast_head_json":{"title":"Peter Ghyczy Fauteuil - Egidi MadeinItaly","description":"Le Fauteuil Oeuf de Jardin repr\u00e9sente \u00e0 la fois un compl\u00e9ment domestique et un objet sculptural v\u00e9ritable ic\u00f4ne pop du design","robots":{"index":"index","follow":"follow","max-snippet":"max-snippet:-1","max-image-preview":"max-image-preview:large","max-video-preview":"max-video-preview:-1"},"canonical":"https:\/\/egidimadeinitaly.com\/fr\/negozio\/objets-dart\/objets-dart-modernes\/peter-ghyczy-fauteuil\/","og_locale":"fr_FR","og_type":"article","og_title":"Peter Ghyczy Fauteuil","og_description":"Le fauteuil Garden Egg Chair se compose d\u2019une coque rigide et r\u00e9sistante en polyur\u00e9thane de couleur noir,\u00a0 tandis que l\u2019int\u00e9rieur pr\u00e9sente un rembourrage en mousse recouvert de tissu vert \u00e9meraude qui offre une assise confortable.","og_url":"https:\/\/egidimadeinitaly.com\/fr\/negozio\/objets-dart\/objets-dart-modernes\/peter-ghyczy-fauteuil\/","og_site_name":"Egidi MadeinItaly","article_publisher":"https:\/\/www.facebook.com\/egidimadeinitaly\/","article_modified_time":"2023-01-02T17:13:02+00:00","og_image":[{"width":1024,"height":683,"url":"https:\/\/egidimadeinitaly.com\/wp-content\/uploads\/2020\/02\/Peter-Ghyczy-Poltrona-Nera-Egg-Garden-e1722700501718.jpg","type":"image\/jpeg"}],"schema":{"@context":"https:\/\/schema.org","@graph":[{"@type":"WebPage","@id":"https:\/\/egidimadeinitaly.com\/fr\/negozio\/objets-dart\/objets-dart-modernes\/peter-ghyczy-fauteuil\/","url":"https:\/\/egidimadeinitaly.com\/fr\/negozio\/objets-dart\/objets-dart-modernes\/peter-ghyczy-fauteuil\/","name":"Peter Ghyczy Fauteuil - Egidi MadeinItaly","isPartOf":{"@id":"https:\/\/egidimadeinitaly.com\/fr\/#website"},"primaryImageOfPage":{"@id":"https:\/\/egidimadeinitaly.com\/fr\/negozio\/objets-dart\/objets-dart-modernes\/peter-ghyczy-fauteuil\/#primaryimage"},"image":{"@id":"https:\/\/egidimadeinitaly.com\/fr\/negozio\/objets-dart\/objets-dart-modernes\/peter-ghyczy-fauteuil\/#primaryimage"},"thumbnailUrl":"https:\/\/egidimadeinitaly.com\/v25\/wp-content\/uploads\/2020\/02\/Peter-Ghyczy-Poltrona-Nera-Egg-Garden-e1722700501718.jpg","datePublished":"2021-07-02T14:24:09+00:00","dateModified":"2023-01-02T17:13:02+00:00","description":"Le Fauteuil Oeuf de Jardin repr\u00e9sente \u00e0 la fois un compl\u00e9ment domestique et un objet sculptural v\u00e9ritable ic\u00f4ne pop du design","breadcrumb":{"@id":"https:\/\/egidimadeinitaly.com\/fr\/negozio\/objets-dart\/objets-dart-modernes\/peter-ghyczy-fauteuil\/#breadcrumb"},"inLanguage":"fr-FR","potentialAction":[{"@type":"ReadAction","target":["https:\/\/egidimadeinitaly.com\/fr\/negozio\/objets-dart\/objets-dart-modernes\/peter-ghyczy-fauteuil\/"]}]},{"@type":"ImageObject","inLanguage":"fr-FR","@id":"https:\/\/egidimadeinitaly.com\/fr\/negozio\/objets-dart\/objets-dart-modernes\/peter-ghyczy-fauteuil\/#primaryimage","url":"https:\/\/egidimadeinitaly.com\/v25\/wp-content\/uploads\/2020\/02\/Peter-Ghyczy-Poltrona-Nera-Egg-Garden-e1722700501718.jpg","contentUrl":"https:\/\/egidimadeinitaly.com\/v25\/wp-content\/uploads\/2020\/02\/Peter-Ghyczy-Poltrona-Nera-Egg-Garden-e1722700501718.jpg","width":1024,"height":683,"caption":"Peter Ghyczy Fauteuil \u0152uf de Jardin"},{"@type":"BreadcrumbList","@id":"https:\/\/egidimadeinitaly.com\/fr\/negozio\/objets-dart\/objets-dart-modernes\/peter-ghyczy-fauteuil\/#breadcrumb","itemListElement":[{"@type":"ListItem","position":1,"name":"Home","item":"https:\/\/egidimadeinitaly.com\/fr\/"},{"@type":"ListItem","position":2,"name":"Produits","item":"https:\/\/egidimadeinitaly.com\/fr\/shop\/"},{"@type":"ListItem","position":3,"name":"Objets d\u2019art","item":"https:\/\/egidimadeinitaly.com\/fr\/product-category\/objets-dart\/"},{"@type":"ListItem","position":4,"name":"Objets d'art modernes","item":"https:\/\/egidimadeinitaly.com\/fr\/product-category\/objets-dart\/objets-dart-modernes\/"},{"@type":"ListItem","position":5,"name":"Peter Ghyczy Fauteuil"}]},{"@type":"WebSite","@id":"https:\/\/egidimadeinitaly.com\/fr\/#website","url":"https:\/\/egidimadeinitaly.com\/fr\/","name":"Egidi MadeinItaly","description":"Fine Art","potentialAction":[{"@type":"SearchAction","target":{"@type":"EntryPoint","urlTemplate":"https:\/\/egidimadeinitaly.com\/fr\/?s={search_term_string}"},"query-input":{"@type":"PropertyValueSpecification","valueRequired":true,"valueName":"search_term_string"}}],"inLanguage":"fr-FR"}]}},"_links":{"self":[{"href":"https:\/\/egidimadeinitaly.com\/fr\/wp-json\/wp\/v2\/product\/83130","targetHints":{"allow":["GET"]}}],"collection":[{"href":"https:\/\/egidimadeinitaly.com\/fr\/wp-json\/wp\/v2\/product"}],"about":[{"href":"https:\/\/egidimadeinitaly.com\/fr\/wp-json\/wp\/v2\/types\/product"}],"wp:featuredmedia":[{"embeddable":true,"href":"https:\/\/egidimadeinitaly.com\/fr\/wp-json\/wp\/v2\/media\/89052"}],"wp:attachment":[{"href":"https:\/\/egidimadeinitaly.com\/fr\/wp-json\/wp\/v2\/media?parent=83130"}],"wp:term":[{"taxonomy":"product_brand","embeddable":true,"href":"https:\/\/egidimadeinitaly.com\/fr\/wp-json\/wp\/v2\/product_brand?post=83130"},{"taxonomy":"product_cat","embeddable":true,"href":"https:\/\/egidimadeinitaly.com\/fr\/wp-json\/wp\/v2\/product_cat?post=83130"},{"taxonomy":"product_tag","embeddable":true,"href":"https:\/\/egidimadeinitaly.com\/fr\/wp-json\/wp\/v2\/product_tag?post=83130"}],"curies":[{"name":"wp","href":"https:\/\/api.w.org\/{rel}","templated":true}]}}