{"id":126833,"date":"2026-03-05T16:43:54","date_gmt":"2026-03-05T15:43:54","guid":{"rendered":"https:\/\/egidimadeinitaly.com\/negozio\/senza-categoria\/salvador-dali-primavera\/"},"modified":"2026-05-06T17:14:52","modified_gmt":"2026-05-06T16:14:52","slug":"salvador-dali-lithographie-primavera","status":"publish","type":"product","link":"https:\/\/egidimadeinitaly.com\/fr\/negozio\/art-moderne\/oeuvres-modernes-sur-papiers\/salvador-dali-lithographie-primavera\/","title":{"rendered":"Salvador Dal\u00ed lithographie Primavera"},"content":{"rendered":"<div class=\"wpb-content-wrapper\"><p>[vc_row][vc_column width=\u00a0\u00bb1\/1&Prime;][vc_column_text uncode_shortcode_id=\u00a0\u00bb369616&Prime;]<\/p>\n<h2 data-start=\"821\" data-end=\"846\">Description de l\u2019\u0153uvre<\/h2>\n<p data-start=\"848\" data-end=\"1095\">La lithographie <strong data-start=\"864\" data-end=\"877\">Primavera<\/strong> (Printemps)s\u2019inscrit dans le cycle <strong data-start=\"902\" data-end=\"924\">Les Quatre Saisons<\/strong>, une s\u00e9rie graphique o\u00f9 Salvador Dal\u00ed interpr\u00e8te le passage du temps, la m\u00e9tamorphose de la nature et la dimension po\u00e9tique des saisons \u00e0 travers son langage visionnaire.<\/p>\n<p data-start=\"1097\" data-end=\"1460\">Dans cette \u0153uvre, le th\u00e8me du printemps devient une image de renaissance, de transformation et de vitalit\u00e9. Fid\u00e8le \u00e0 son imaginaire surr\u00e9aliste, Dal\u00ed ne propose pas une simple repr\u00e9sentation naturaliste de la saison. Il transforme le sujet en une composition raffin\u00e9e, o\u00f9 le symbole, la couleur et l\u2019invention formelle dialoguent avec une grande libert\u00e9 cr\u00e9ative.<\/p>\n<p data-start=\"1462\" data-end=\"1699\">La qualit\u00e9 graphique de cette lithographie, associ\u00e9e \u00e0 la signature de l\u2019artiste, en fait une \u0153uvre particuli\u00e8rement int\u00e9ressante pour une collection consacr\u00e9e \u00e0 l\u2019art moderne europ\u00e9en, au Surr\u00e9alisme ou aux grands ma\u00eetres du XXe si\u00e8cle.<\/p>\n<h2 data-start=\"2535\" data-end=\"2570\">Salvador Dal\u00ed et l\u2019art graphique<\/h2>\n<p data-start=\"2572\" data-end=\"2814\"><a href=\"https:\/\/egidimadeinitaly.com\/fr\/artisti\/salvador-dali\/\">Salvador Dal\u00ed est l\u2019un des artistes les plus c\u00e9l\u00e8bres du XXe si\u00e8cle<\/a>. Figure majeure du Surr\u00e9alisme, il a d\u00e9velopp\u00e9 un univers imm\u00e9diatement reconnaissable, fond\u00e9 sur le r\u00eave, la m\u00e9tamorphose, l\u2019illusion et la puissance des images symboliques.<\/p>\n<p data-start=\"2816\" data-end=\"3179\">Son \u0153uvre graphique occupe une place importante dans son parcours artistique. \u00c0 travers lithographies, gravures et suites illustr\u00e9es, Dal\u00ed a diffus\u00e9 son imaginaire aupr\u00e8s d\u2019un public international de collectionneurs. Ses \u0153uvres sur papier restent aujourd\u2019hui tr\u00e8s recherch\u00e9es, notamment lorsqu\u2019elles sont sign\u00e9es, bien conserv\u00e9es et li\u00e9es \u00e0 des \u00e9diteurs reconnus.<\/p>\n<p data-start=\"2288\" data-end=\"2436\">La suite <strong data-start=\"3190\" data-end=\"3212\">Les Quatre Saisons<\/strong> appartient \u00e0 cette production graphique de grande qualit\u00e9, o\u00f9 le raffinement technique rencontre l\u2019invention po\u00e9tique du ma\u00eetre catalan.<\/p>\n<p>[\/vc_column_text][\/vc_column][\/vc_row]<\/p>\n<\/div>","protected":false},"excerpt":{"rendered":"<h2 data-start=\"149\" data-end=\"208\">Salvador Dal\u00ed \u201cPrimavera\u201d, lithographie originale sign\u00e9e<\/h2>\n<p data-start=\"210\" data-end=\"643\"><strong data-start=\"210\" data-end=\"237\">Salvador Dal\u00ed \u00ab\u00a0Primavera\u00a0\u00bb <\/strong>(Printemps) est une lithographie en couleurs appartenant au cycle <strong data-start=\"292\" data-end=\"314\">Les Quatre Saisons<\/strong>, l\u2019une des suites graphiques les plus recherch\u00e9es du ma\u00eetre du Surr\u00e9alisme. R\u00e9alis\u00e9e en 1972 par l\u2019\u00e9diteur parisien <strong data-start=\"431\" data-end=\"453\">Les Heures Claires<\/strong>, cette \u0153uvre r\u00e9unit plusieurs \u00e9l\u00e9ments importants pour le collectionneur : la signature manuscrite de Salvador Dal\u00ed, la mention <strong data-start=\"582\" data-end=\"610\">\u00c9preuve d\u2019Artiste \u2013 E.A.<\/strong> et le cachet \u00e0 sec de l\u2019\u00e9diteur.<\/p>\n<p data-start=\"645\" data-end=\"814\">Cette lithographie de Salvador Dal\u00ed sign\u00e9e constitue une opportunit\u00e9 rare pour les amateurs d\u2019art moderne, de graphisme surr\u00e9aliste et d\u2019\u0153uvres sur papier du XXe si\u00e8cle.<\/p>\n","protected":false},"featured_media":126601,"template":"","meta":{"_acf_changed":false},"product_brand":[],"product_cat":[6377,6414],"product_tag":[6766],"class_list":{"0":"post-126833","1":"product","2":"type-product","3":"status-publish","4":"has-post-thumbnail","6":"product_cat-art-moderne","7":"product_cat-oeuvres-modernes-sur-papiers","8":"product_tag-surrealismo","10":"first","11":"instock","12":"taxable","13":"shipping-taxable","14":"purchasable","15":"product-type-simple"},"acf":[],"yoast_head":"<!-- This site is optimized with the Yoast SEO Premium plugin v27.5 (Yoast SEO v27.5) - https:\/\/yoast.com\/product\/yoast-seo-premium-wordpress\/ -->\n<title>Salvador Dal\u00ed lithographie Primavera - Egidi MadeinItaly<\/title>\n<meta name=\"description\" content=\"Salvador Dal\u00ed Primavera, lithographie sign\u00e9e E.A., \u00e9dit\u00e9e par Les Heures Claires Paris en 1972. En vente chez Egidi MadeinItaly.\" \/>\n<meta name=\"robots\" content=\"index, follow, max-snippet:-1, max-image-preview:large, max-video-preview:-1\" \/>\n<link rel=\"canonical\" href=\"https:\/\/egidimadeinitaly.com\/fr\/negozio\/art-moderne\/oeuvres-modernes-sur-papiers\/salvador-dali-lithographie-primavera\/\" \/>\n<meta property=\"og:locale\" content=\"fr_FR\" \/>\n<meta property=\"og:type\" content=\"article\" \/>\n<meta property=\"og:title\" content=\"Salvador Dal\u00ed lithographie Primavera\" \/>\n<meta property=\"og:description\" content=\"Salvador Dal\u00ed \u201cPrimavera\u201d, lithographie originale sign\u00e9e Salvador Dal\u00ed &quot;Primavera&quot; (Printemps) est une lithographie en couleurs appartenant au cycle Les Quatre Saisons, l\u2019une des suites graphiques les plus recherch\u00e9es du ma\u00eetre du Surr\u00e9alisme. R\u00e9alis\u00e9e en 1972 par l\u2019\u00e9diteur parisien Les Heures Claires, cette \u0153uvre r\u00e9unit plusieurs \u00e9l\u00e9ments importants pour le collectionneur : la signature manuscrite de Salvador Dal\u00ed, la mention \u00c9preuve d\u2019Artiste \u2013 E.A. et le cachet \u00e0 sec de l\u2019\u00e9diteur. Cette lithographie de Salvador Dal\u00ed sign\u00e9e constitue une opportunit\u00e9 rare pour les amateurs d\u2019art moderne, de graphisme surr\u00e9aliste et d\u2019\u0153uvres sur papier du XXe si\u00e8cle.\" \/>\n<meta property=\"og:url\" content=\"https:\/\/egidimadeinitaly.com\/fr\/negozio\/art-moderne\/oeuvres-modernes-sur-papiers\/salvador-dali-lithographie-primavera\/\" \/>\n<meta property=\"og:site_name\" content=\"Egidi MadeinItaly\" \/>\n<meta property=\"article:publisher\" content=\"https:\/\/www.facebook.com\/egidimadeinitaly\/\" \/>\n<meta property=\"article:modified_time\" content=\"2026-05-06T16:14:52+00:00\" \/>\n<meta property=\"og:image\" content=\"https:\/\/egidimadeinitaly.com\/v25\/wp-content\/uploads\/2026\/03\/Salvador-Dali-Primavera-e1772537385339.jpg\" \/>\n\t<meta property=\"og:image:width\" content=\"1984\" \/>\n\t<meta property=\"og:image:height\" content=\"1984\" \/>\n\t<meta property=\"og:image:type\" content=\"image\/jpeg\" \/>\n<script type=\"application\/ld+json\" class=\"yoast-schema-graph\">{\"@context\":\"https:\\\/\\\/schema.org\",\"@graph\":[{\"@type\":\"WebPage\",\"@id\":\"https:\\\/\\\/egidimadeinitaly.com\\\/fr\\\/negozio\\\/art-moderne\\\/oeuvres-modernes-sur-papiers\\\/salvador-dali-lithographie-primavera\\\/\",\"url\":\"https:\\\/\\\/egidimadeinitaly.com\\\/fr\\\/negozio\\\/art-moderne\\\/oeuvres-modernes-sur-papiers\\\/salvador-dali-lithographie-primavera\\\/\",\"name\":\"Salvador Dal\u00ed lithographie Primavera - Egidi MadeinItaly\",\"isPartOf\":{\"@id\":\"https:\\\/\\\/egidimadeinitaly.com\\\/fr\\\/#website\"},\"primaryImageOfPage\":{\"@id\":\"https:\\\/\\\/egidimadeinitaly.com\\\/fr\\\/negozio\\\/art-moderne\\\/oeuvres-modernes-sur-papiers\\\/salvador-dali-lithographie-primavera\\\/#primaryimage\"},\"image\":{\"@id\":\"https:\\\/\\\/egidimadeinitaly.com\\\/fr\\\/negozio\\\/art-moderne\\\/oeuvres-modernes-sur-papiers\\\/salvador-dali-lithographie-primavera\\\/#primaryimage\"},\"thumbnailUrl\":\"https:\\\/\\\/egidimadeinitaly.com\\\/v25\\\/wp-content\\\/uploads\\\/2026\\\/03\\\/Salvador-Dali-Primavera-e1772537385339.jpg\",\"datePublished\":\"2026-03-05T15:43:54+00:00\",\"dateModified\":\"2026-05-06T16:14:52+00:00\",\"description\":\"Salvador Dal\u00ed Primavera, lithographie sign\u00e9e E.A., \u00e9dit\u00e9e par Les Heures Claires Paris en 1972. En vente chez Egidi MadeinItaly.\",\"breadcrumb\":{\"@id\":\"https:\\\/\\\/egidimadeinitaly.com\\\/fr\\\/negozio\\\/art-moderne\\\/oeuvres-modernes-sur-papiers\\\/salvador-dali-lithographie-primavera\\\/#breadcrumb\"},\"inLanguage\":\"fr-FR\",\"potentialAction\":[{\"@type\":\"ReadAction\",\"target\":[\"https:\\\/\\\/egidimadeinitaly.com\\\/fr\\\/negozio\\\/art-moderne\\\/oeuvres-modernes-sur-papiers\\\/salvador-dali-lithographie-primavera\\\/\"]}]},{\"@type\":\"ImageObject\",\"inLanguage\":\"fr-FR\",\"@id\":\"https:\\\/\\\/egidimadeinitaly.com\\\/fr\\\/negozio\\\/art-moderne\\\/oeuvres-modernes-sur-papiers\\\/salvador-dali-lithographie-primavera\\\/#primaryimage\",\"url\":\"https:\\\/\\\/egidimadeinitaly.com\\\/v25\\\/wp-content\\\/uploads\\\/2026\\\/03\\\/Salvador-Dali-Primavera-e1772537385339.jpg\",\"contentUrl\":\"https:\\\/\\\/egidimadeinitaly.com\\\/v25\\\/wp-content\\\/uploads\\\/2026\\\/03\\\/Salvador-Dali-Primavera-e1772537385339.jpg\",\"width\":1984,\"height\":1984,\"caption\":\"Salvador Dal\u00ed Primavera, lithographie en couleurs sign\u00e9e, \u00c9preuve d\u2019Artiste, Les Heures Claires Paris 1972\"},{\"@type\":\"BreadcrumbList\",\"@id\":\"https:\\\/\\\/egidimadeinitaly.com\\\/fr\\\/negozio\\\/art-moderne\\\/oeuvres-modernes-sur-papiers\\\/salvador-dali-lithographie-primavera\\\/#breadcrumb\",\"itemListElement\":[{\"@type\":\"ListItem\",\"position\":1,\"name\":\"Home\",\"item\":\"https:\\\/\\\/egidimadeinitaly.com\\\/fr\\\/\"},{\"@type\":\"ListItem\",\"position\":2,\"name\":\"Produits\",\"item\":\"https:\\\/\\\/egidimadeinitaly.com\\\/fr\\\/shop\\\/\"},{\"@type\":\"ListItem\",\"position\":3,\"name\":\"Art moderne\",\"item\":\"https:\\\/\\\/egidimadeinitaly.com\\\/fr\\\/product-category\\\/art-moderne\\\/\"},{\"@type\":\"ListItem\",\"position\":4,\"name\":\"\u0152uvres modernes sur papiers\",\"item\":\"https:\\\/\\\/egidimadeinitaly.com\\\/fr\\\/product-category\\\/art-moderne\\\/oeuvres-modernes-sur-papiers\\\/\"},{\"@type\":\"ListItem\",\"position\":5,\"name\":\"Salvador Dal\u00ed Primavera\"}]},{\"@type\":\"WebSite\",\"@id\":\"https:\\\/\\\/egidimadeinitaly.com\\\/fr\\\/#website\",\"url\":\"https:\\\/\\\/egidimadeinitaly.com\\\/fr\\\/\",\"name\":\"Egidi MadeinItaly\",\"description\":\"Fine Art\",\"potentialAction\":[{\"@type\":\"SearchAction\",\"target\":{\"@type\":\"EntryPoint\",\"urlTemplate\":\"https:\\\/\\\/egidimadeinitaly.com\\\/fr\\\/?s={search_term_string}\"},\"query-input\":{\"@type\":\"PropertyValueSpecification\",\"valueRequired\":true,\"valueName\":\"search_term_string\"}}],\"inLanguage\":\"fr-FR\"}]}<\/script>\n<!-- \/ Yoast SEO Premium plugin. -->","yoast_head_json":{"title":"Salvador Dal\u00ed lithographie Primavera - Egidi MadeinItaly","description":"Salvador Dal\u00ed Primavera, lithographie sign\u00e9e E.A., \u00e9dit\u00e9e par Les Heures Claires Paris en 1972. En vente chez Egidi MadeinItaly.","robots":{"index":"index","follow":"follow","max-snippet":"max-snippet:-1","max-image-preview":"max-image-preview:large","max-video-preview":"max-video-preview:-1"},"canonical":"https:\/\/egidimadeinitaly.com\/fr\/negozio\/art-moderne\/oeuvres-modernes-sur-papiers\/salvador-dali-lithographie-primavera\/","og_locale":"fr_FR","og_type":"article","og_title":"Salvador Dal\u00ed lithographie Primavera","og_description":"Salvador Dal\u00ed \u201cPrimavera\u201d, lithographie originale sign\u00e9e Salvador Dal\u00ed \"Primavera\" (Printemps) est une lithographie en couleurs appartenant au cycle Les Quatre Saisons, l\u2019une des suites graphiques les plus recherch\u00e9es du ma\u00eetre du Surr\u00e9alisme. R\u00e9alis\u00e9e en 1972 par l\u2019\u00e9diteur parisien Les Heures Claires, cette \u0153uvre r\u00e9unit plusieurs \u00e9l\u00e9ments importants pour le collectionneur : la signature manuscrite de Salvador Dal\u00ed, la mention \u00c9preuve d\u2019Artiste \u2013 E.A. et le cachet \u00e0 sec de l\u2019\u00e9diteur. Cette lithographie de Salvador Dal\u00ed sign\u00e9e constitue une opportunit\u00e9 rare pour les amateurs d\u2019art moderne, de graphisme surr\u00e9aliste et d\u2019\u0153uvres sur papier du XXe si\u00e8cle.","og_url":"https:\/\/egidimadeinitaly.com\/fr\/negozio\/art-moderne\/oeuvres-modernes-sur-papiers\/salvador-dali-lithographie-primavera\/","og_site_name":"Egidi MadeinItaly","article_publisher":"https:\/\/www.facebook.com\/egidimadeinitaly\/","article_modified_time":"2026-05-06T16:14:52+00:00","og_image":[{"width":1984,"height":1984,"url":"https:\/\/egidimadeinitaly.com\/v25\/wp-content\/uploads\/2026\/03\/Salvador-Dali-Primavera-e1772537385339.jpg","type":"image\/jpeg"}],"schema":{"@context":"https:\/\/schema.org","@graph":[{"@type":"WebPage","@id":"https:\/\/egidimadeinitaly.com\/fr\/negozio\/art-moderne\/oeuvres-modernes-sur-papiers\/salvador-dali-lithographie-primavera\/","url":"https:\/\/egidimadeinitaly.com\/fr\/negozio\/art-moderne\/oeuvres-modernes-sur-papiers\/salvador-dali-lithographie-primavera\/","name":"Salvador Dal\u00ed lithographie Primavera - Egidi MadeinItaly","isPartOf":{"@id":"https:\/\/egidimadeinitaly.com\/fr\/#website"},"primaryImageOfPage":{"@id":"https:\/\/egidimadeinitaly.com\/fr\/negozio\/art-moderne\/oeuvres-modernes-sur-papiers\/salvador-dali-lithographie-primavera\/#primaryimage"},"image":{"@id":"https:\/\/egidimadeinitaly.com\/fr\/negozio\/art-moderne\/oeuvres-modernes-sur-papiers\/salvador-dali-lithographie-primavera\/#primaryimage"},"thumbnailUrl":"https:\/\/egidimadeinitaly.com\/v25\/wp-content\/uploads\/2026\/03\/Salvador-Dali-Primavera-e1772537385339.jpg","datePublished":"2026-03-05T15:43:54+00:00","dateModified":"2026-05-06T16:14:52+00:00","description":"Salvador Dal\u00ed Primavera, lithographie sign\u00e9e E.A., \u00e9dit\u00e9e par Les Heures Claires Paris en 1972. En vente chez Egidi MadeinItaly.","breadcrumb":{"@id":"https:\/\/egidimadeinitaly.com\/fr\/negozio\/art-moderne\/oeuvres-modernes-sur-papiers\/salvador-dali-lithographie-primavera\/#breadcrumb"},"inLanguage":"fr-FR","potentialAction":[{"@type":"ReadAction","target":["https:\/\/egidimadeinitaly.com\/fr\/negozio\/art-moderne\/oeuvres-modernes-sur-papiers\/salvador-dali-lithographie-primavera\/"]}]},{"@type":"ImageObject","inLanguage":"fr-FR","@id":"https:\/\/egidimadeinitaly.com\/fr\/negozio\/art-moderne\/oeuvres-modernes-sur-papiers\/salvador-dali-lithographie-primavera\/#primaryimage","url":"https:\/\/egidimadeinitaly.com\/v25\/wp-content\/uploads\/2026\/03\/Salvador-Dali-Primavera-e1772537385339.jpg","contentUrl":"https:\/\/egidimadeinitaly.com\/v25\/wp-content\/uploads\/2026\/03\/Salvador-Dali-Primavera-e1772537385339.jpg","width":1984,"height":1984,"caption":"Salvador Dal\u00ed Primavera, lithographie en couleurs sign\u00e9e, \u00c9preuve d\u2019Artiste, Les Heures Claires Paris 1972"},{"@type":"BreadcrumbList","@id":"https:\/\/egidimadeinitaly.com\/fr\/negozio\/art-moderne\/oeuvres-modernes-sur-papiers\/salvador-dali-lithographie-primavera\/#breadcrumb","itemListElement":[{"@type":"ListItem","position":1,"name":"Home","item":"https:\/\/egidimadeinitaly.com\/fr\/"},{"@type":"ListItem","position":2,"name":"Produits","item":"https:\/\/egidimadeinitaly.com\/fr\/shop\/"},{"@type":"ListItem","position":3,"name":"Art moderne","item":"https:\/\/egidimadeinitaly.com\/fr\/product-category\/art-moderne\/"},{"@type":"ListItem","position":4,"name":"\u0152uvres modernes sur papiers","item":"https:\/\/egidimadeinitaly.com\/fr\/product-category\/art-moderne\/oeuvres-modernes-sur-papiers\/"},{"@type":"ListItem","position":5,"name":"Salvador Dal\u00ed Primavera"}]},{"@type":"WebSite","@id":"https:\/\/egidimadeinitaly.com\/fr\/#website","url":"https:\/\/egidimadeinitaly.com\/fr\/","name":"Egidi MadeinItaly","description":"Fine Art","potentialAction":[{"@type":"SearchAction","target":{"@type":"EntryPoint","urlTemplate":"https:\/\/egidimadeinitaly.com\/fr\/?s={search_term_string}"},"query-input":{"@type":"PropertyValueSpecification","valueRequired":true,"valueName":"search_term_string"}}],"inLanguage":"fr-FR"}]}},"_links":{"self":[{"href":"https:\/\/egidimadeinitaly.com\/fr\/wp-json\/wp\/v2\/product\/126833","targetHints":{"allow":["GET"]}}],"collection":[{"href":"https:\/\/egidimadeinitaly.com\/fr\/wp-json\/wp\/v2\/product"}],"about":[{"href":"https:\/\/egidimadeinitaly.com\/fr\/wp-json\/wp\/v2\/types\/product"}],"wp:featuredmedia":[{"embeddable":true,"href":"https:\/\/egidimadeinitaly.com\/fr\/wp-json\/wp\/v2\/media\/126601"}],"wp:attachment":[{"href":"https:\/\/egidimadeinitaly.com\/fr\/wp-json\/wp\/v2\/media?parent=126833"}],"wp:term":[{"taxonomy":"product_brand","embeddable":true,"href":"https:\/\/egidimadeinitaly.com\/fr\/wp-json\/wp\/v2\/product_brand?post=126833"},{"taxonomy":"product_cat","embeddable":true,"href":"https:\/\/egidimadeinitaly.com\/fr\/wp-json\/wp\/v2\/product_cat?post=126833"},{"taxonomy":"product_tag","embeddable":true,"href":"https:\/\/egidimadeinitaly.com\/fr\/wp-json\/wp\/v2\/product_tag?post=126833"}],"curies":[{"name":"wp","href":"https:\/\/api.w.org\/{rel}","templated":true}]}}