{"id":126829,"date":"2026-05-05T23:01:07","date_gmt":"2026-05-05T22:01:07","guid":{"rendered":"https:\/\/egidimadeinitaly.com\/negozio\/senza-categoria\/salvador-dali-le-reve-onirique-litografia\/"},"modified":"2026-05-06T01:02:40","modified_gmt":"2026-05-06T00:02:40","slug":"salvador-dali-le-reve-onirique","status":"publish","type":"product","link":"https:\/\/egidimadeinitaly.com\/fr\/negozio\/art-moderne\/oeuvres-modernes-sur-papiers\/salvador-dali-le-reve-onirique\/","title":{"rendered":"Salvador Dal\u00ec Le R\u00eave Onirique"},"content":{"rendered":"<div class=\"wpb-content-wrapper\"><p>[vc_row][vc_column width=\u00a0\u00bb1\/1&Prime;][vc_column_text uncode_shortcode_id=\u00a0\u00bb282758&Prime;]<\/p>\n<h2 data-start=\"130\" data-end=\"176\">Salvador Dal\u00ed lithographie Le r\u00eave onirique<\/h2>\n<p data-start=\"178\" data-end=\"488\"><strong data-start=\"178\" data-end=\"225\">Salvador Dal\u00ed lithographie Le r\u00eave onirique<\/strong> est une \u0153uvre en couleurs de 1974. Elle est sign\u00e9e au crayon et num\u00e9rot\u00e9e <strong data-start=\"300\" data-end=\"310\">34\/195<\/strong> dans la marge inf\u00e9rieure. <strong data-start=\"337\" data-end=\"349\">En outre<\/strong>, cette feuille appartient \u00e0 la s\u00e9rie inspir\u00e9e des <em data-start=\"400\" data-end=\"420\">Mille et Une Nuits<\/em>. Dal\u00ed avait commenc\u00e9 \u00e0 travailler sur ce th\u00e8me d\u00e8s les ann\u00e9es 1960.<\/p>\n<h2 data-start=\"490\" data-end=\"531\">Une sc\u00e8ne entre r\u00eave et conte oriental<\/h2>\n<p data-start=\"533\" data-end=\"781\">La composition r\u00e9v\u00e8le l\u2019imaginaire visionnaire et th\u00e9\u00e2tral de Dal\u00ed. L\u2019inconscient appara\u00eet dans une sc\u00e8ne peupl\u00e9e de figures fantastiques. On y voit aussi des animaux d\u00e9form\u00e9s et des pr\u00e9sences suspendues entre r\u00eave, hallucination et conte oriental.<\/p>\n<p data-start=\"783\" data-end=\"1058\">Sur la feuille apparaissent des coccinelles \u00e0 l\u2019allure monstrueuse. Des escargots sont chevauch\u00e9s par de petits personnages. On distingue aussi un cheval aux pattes fines et deux chasseurs plac\u00e9s en bas \u00e0 gauche. Ainsi, l\u2019effet d\u2019ensemble est inqui\u00e9tant, mais harmonieux.<\/p>\n<h2 data-start=\"1060\" data-end=\"1108\">Une lithographie surr\u00e9aliste de Salvador Dal\u00ed<\/h2>\n<p data-start=\"1110\" data-end=\"1371\">Dal\u00ed construit un univers visuel libre et \u00e9nigmatique. Chaque \u00e9l\u00e9ment semble pourtant parfaitement ma\u00eetris\u00e9. <strong data-start=\"1219\" data-end=\"1230\">De plus<\/strong>, la couleur vive renforce la dimension fantastique de l\u2019image. Elle donne aussi \u00e0 la lithographie une forte qualit\u00e9 d\u00e9corative et narrative.<\/p>\n<p data-start=\"1373\" data-end=\"1667\">La signature au crayon, la num\u00e9rotation <strong data-start=\"1413\" data-end=\"1423\">34\/195<\/strong> et le cachet \u00e0 sec de l\u2019\u00e9diteur parisien <strong data-start=\"1465\" data-end=\"1487\">Les Heures Claires<\/strong> renforcent son int\u00e9r\u00eat pour les collectionneurs. Par ailleurs, son bon \u00e9tat de conservation et ses couleurs vives en font une \u0153uvre adapt\u00e9e \u00e0 une collection d\u2019arts graphiques.<\/p>\n<p data-start=\"1471\" data-end=\"1880\">La pr\u00e9sence de la signature au crayon, de la num\u00e9rotation 34\/195 et du cachet \u00e0 sec de l\u2019\u00e9diteur parisien <strong data-start=\"1577\" data-end=\"1599\">Les Heures Claires<\/strong> renforce son int\u00e9r\u00eat pour les collectionneurs. Par ailleurs, son bon \u00e9tat de conservation et ses couleurs vives font de cette \u0153uvre un choix id\u00e9al tant pour une collection d\u00e9di\u00e9e aux arts graphiques d\u2019auteur que pour un int\u00e9rieur contemporain au go\u00fbt raffin\u00e9 et international.<\/p>\n<p data-start=\"1882\" data-end=\"2091\"><strong data-start=\"1882\" data-end=\"1916\">Salvador Dal\u00ed Le r\u00eave onirique<\/strong> constitue donc une \u0153uvre sur papier de grand charme, o\u00f9 le r\u00e9cit litt\u00e9raire, l\u2019imaginaire oriental et la vision surr\u00e9aliste se rencontrent avec une grande puissance visuelle.<\/p>\n<p data-start=\"1912\" data-end=\"2081\">Le catalogue des \u0153uvres d\u2019Egidi MadeinItaly propose \u00e9galement <strong data-start=\"1974\" data-end=\"2001\">Salvador Dal\u00ed Primavera<\/strong>. Il s\u2019agit d\u2019une lithographie sign\u00e9e appartenant au cycle <em data-start=\"2060\" data-end=\"2080\">Les Quatre Saisons<\/em>.<\/p>\n<p data-start=\"2083\" data-end=\"2180\">Pour approfondir la figure de l\u2019artiste, consultez \u00e9galement la <a href=\"https:\/\/www.salvador-dali.org\/fr\/\" target=\"_blank\" rel=\"noopener\"><strong data-start=\"2147\" data-end=\"2179\">Fondation Gala-Salvador Dal\u00ed<\/strong>.<\/a><\/p>\n<p>[\/vc_column_text][\/vc_column][\/vc_row]<\/p>\n<\/div>","protected":false},"excerpt":{"rendered":"<p data-start=\"998\" data-end=\"1239\"><em data-start=\"998\" data-end=\"1016\">Le r\u00eave onirique<\/em> lithographie en couleurs r\u00e9alis\u00e9e par Salvador Dal\u00ed en 1974. Cette feuille fait partie d\u2019une s\u00e9rie d\u2019illustrations consacr\u00e9es aux <strong>Mille et une nuits<\/strong>, th\u00e8me sur lequel l\u2019artiste avait commenc\u00e9 \u00e0 travailler d\u00e8s les ann\u00e9es 1960.\u00a0 En outre, l\u2019\u0153uvre porte, en bas \u00e0 gauche, le cachet \u00e0 sec de la <strong>Soci\u00e9t\u00e9 d\u2019\u00c9ditions d\u2019Art Les Heures Claires<\/strong>, <strong>Paris<\/strong>. Elle est sign\u00e9e au crayon et num\u00e9rot\u00e9e 34\/195 dans la marge inf\u00e9rieure.<\/p>\n<p data-start=\"998\" data-end=\"1239\">La composition r\u00e9v\u00e8le l\u2019imaginaire visionnaire et surr\u00e9aliste de l\u2019artiste \u00e0 travers des cr\u00e9atures fantastiques, des animaux d\u00e9form\u00e9s et des figures oniriques suspendues entre r\u00e9cit, illusion et inconscient. Ainsi, Dal\u00ed construit un univers visuel \u00e9nigmatique, o\u00f9 chaque d\u00e9tail semble participer \u00e0 une sc\u00e8ne \u00e0 la fois inqui\u00e9tante et harmonieuse.<\/p>\n<p>&nbsp;<\/p>\n<p>&nbsp;<\/p>\n","protected":false},"featured_media":126826,"template":"","meta":{"_acf_changed":false},"product_brand":[],"product_cat":[6377,6414],"product_tag":[],"class_list":{"0":"post-126829","1":"product","2":"type-product","3":"status-publish","4":"has-post-thumbnail","6":"product_cat-art-moderne","7":"product_cat-oeuvres-modernes-sur-papiers","9":"first","10":"instock","11":"taxable","12":"shipping-taxable","13":"product-type-simple"},"acf":[],"yoast_head":"<!-- This site is optimized with the Yoast SEO Premium plugin v27.5 (Yoast SEO v27.5) - https:\/\/yoast.com\/product\/yoast-seo-premium-wordpress\/ -->\n<title>Salvador Dal\u00ec Le R\u00eave Onirique - Egidi MadeinItaly<\/title>\n<meta name=\"description\" content=\"Salvador Dal\u00ed Le r\u00eave onirique, lithographie en couleurs de 1974, sign\u00e9e et num\u00e9rot\u00e9e 34\/195, \u00e9dit\u00e9e par Les Heures Claires Paris sur Egidi MadeinItaly\" \/>\n<meta name=\"robots\" content=\"index, follow, max-snippet:-1, max-image-preview:large, max-video-preview:-1\" \/>\n<link rel=\"canonical\" href=\"https:\/\/egidimadeinitaly.com\/fr\/negozio\/art-moderne\/oeuvres-modernes-sur-papiers\/salvador-dali-le-reve-onirique\/%e2%80%8e\/\" \/>\n<meta property=\"og:locale\" content=\"fr_FR\" \/>\n<meta property=\"og:type\" content=\"article\" \/>\n<meta property=\"og:title\" content=\"Salvador Dal\u00ec Le R\u00eave Onirique\" \/>\n<meta property=\"og:description\" content=\"Le r\u00eave onirique lithographie en couleurs r\u00e9alis\u00e9e par Salvador Dal\u00ed en 1974. Cette feuille fait partie d\u2019une s\u00e9rie d\u2019illustrations consacr\u00e9es aux Mille et une nuits, th\u00e8me sur lequel l\u2019artiste avait commenc\u00e9 \u00e0 travailler d\u00e8s les ann\u00e9es 1960.\u00a0 En outre, l\u2019\u0153uvre porte, en bas \u00e0 gauche, le cachet \u00e0 sec de la Soci\u00e9t\u00e9 d\u2019\u00c9ditions d\u2019Art Les Heures Claires, Paris. Elle est sign\u00e9e au crayon et num\u00e9rot\u00e9e 34\/195 dans la marge inf\u00e9rieure. La composition r\u00e9v\u00e8le l\u2019imaginaire visionnaire et surr\u00e9aliste de l\u2019artiste \u00e0 travers des cr\u00e9atures fantastiques, des animaux d\u00e9form\u00e9s et des figures oniriques suspendues entre r\u00e9cit, illusion et inconscient. Ainsi, Dal\u00ed construit un univers visuel \u00e9nigmatique, o\u00f9 chaque d\u00e9tail semble participer \u00e0 une sc\u00e8ne \u00e0 la fois inqui\u00e9tante et harmonieuse. &nbsp;  &nbsp;\" \/>\n<meta property=\"og:url\" content=\"https:\/\/egidimadeinitaly.com\/fr\/negozio\/art-moderne\/oeuvres-modernes-sur-papiers\/salvador-dali-le-reve-onirique\/%e2%80%8e\" \/>\n<meta property=\"og:site_name\" content=\"Egidi MadeinItaly\" \/>\n<meta property=\"article:publisher\" content=\"https:\/\/www.facebook.com\/egidimadeinitaly\/\" \/>\n<meta property=\"article:modified_time\" content=\"2026-05-06T00:02:40+00:00\" \/>\n<meta property=\"og:image\" content=\"https:\/\/egidimadeinitaly.com\/v25\/wp-content\/uploads\/2025\/11\/Salvador-Dali-Le-reve-onirique-.jpg\" \/>\n\t<meta property=\"og:image:width\" content=\"1984\" \/>\n\t<meta property=\"og:image:height\" content=\"1984\" \/>\n\t<meta property=\"og:image:type\" content=\"image\/jpeg\" \/>\n<script type=\"application\/ld+json\" class=\"yoast-schema-graph\">{\"@context\":\"https:\\\/\\\/schema.org\",\"@graph\":[{\"@type\":\"WebPage\",\"@id\":\"https:\\\/\\\/egidimadeinitaly.com\\\/fr\\\/negozio\\\/art-moderne\\\/oeuvres-modernes-sur-papiers\\\/salvador-dali-le-reve-onirique\\\/\",\"url\":\"https:\\\/\\\/egidimadeinitaly.com\\\/fr\\\/negozio\\\/art-moderne\\\/oeuvres-modernes-sur-papiers\\\/salvador-dali-le-reve-onirique\\\/%e2%80%8e\",\"name\":\"Salvador Dal\u00ec Le R\u00eave Onirique - Egidi MadeinItaly\",\"isPartOf\":{\"@id\":\"https:\\\/\\\/egidimadeinitaly.com\\\/fr\\\/#website\"},\"primaryImageOfPage\":{\"@id\":\"https:\\\/\\\/egidimadeinitaly.com\\\/fr\\\/negozio\\\/art-moderne\\\/oeuvres-modernes-sur-papiers\\\/salvador-dali-le-reve-onirique\\\/%e2%80%8e#primaryimage\"},\"image\":{\"@id\":\"https:\\\/\\\/egidimadeinitaly.com\\\/fr\\\/negozio\\\/art-moderne\\\/oeuvres-modernes-sur-papiers\\\/salvador-dali-le-reve-onirique\\\/%e2%80%8e#primaryimage\"},\"thumbnailUrl\":\"https:\\\/\\\/egidimadeinitaly.com\\\/v25\\\/wp-content\\\/uploads\\\/2025\\\/11\\\/Salvador-Dali-Le-reve-onirique-.jpg\",\"datePublished\":\"2026-05-05T22:01:07+00:00\",\"dateModified\":\"2026-05-06T00:02:40+00:00\",\"description\":\"Salvador Dal\u00ed Le r\u00eave onirique, lithographie en couleurs de 1974, sign\u00e9e et num\u00e9rot\u00e9e 34\\\/195, \u00e9dit\u00e9e par Les Heures Claires Paris sur Egidi MadeinItaly\",\"breadcrumb\":{\"@id\":\"https:\\\/\\\/egidimadeinitaly.com\\\/fr\\\/negozio\\\/art-moderne\\\/oeuvres-modernes-sur-papiers\\\/salvador-dali-le-reve-onirique\\\/%e2%80%8e#breadcrumb\"},\"inLanguage\":\"fr-FR\",\"potentialAction\":[{\"@type\":\"ReadAction\",\"target\":[\"https:\\\/\\\/egidimadeinitaly.com\\\/fr\\\/negozio\\\/art-moderne\\\/oeuvres-modernes-sur-papiers\\\/salvador-dali-le-reve-onirique\\\/%e2%80%8e\"]}]},{\"@type\":\"ImageObject\",\"inLanguage\":\"fr-FR\",\"@id\":\"https:\\\/\\\/egidimadeinitaly.com\\\/fr\\\/negozio\\\/art-moderne\\\/oeuvres-modernes-sur-papiers\\\/salvador-dali-le-reve-onirique\\\/%e2%80%8e#primaryimage\",\"url\":\"https:\\\/\\\/egidimadeinitaly.com\\\/v25\\\/wp-content\\\/uploads\\\/2025\\\/11\\\/Salvador-Dali-Le-reve-onirique-.jpg\",\"contentUrl\":\"https:\\\/\\\/egidimadeinitaly.com\\\/v25\\\/wp-content\\\/uploads\\\/2025\\\/11\\\/Salvador-Dali-Le-reve-onirique-.jpg\",\"width\":1984,\"height\":1984,\"caption\":\"Le r\u00eave onirique, 1974, litografia a colori firmata e numerata 34\\\/195\"},{\"@type\":\"BreadcrumbList\",\"@id\":\"https:\\\/\\\/egidimadeinitaly.com\\\/fr\\\/negozio\\\/art-moderne\\\/oeuvres-modernes-sur-papiers\\\/salvador-dali-le-reve-onirique\\\/%e2%80%8e#breadcrumb\",\"itemListElement\":[{\"@type\":\"ListItem\",\"position\":1,\"name\":\"Home\",\"item\":\"https:\\\/\\\/egidimadeinitaly.com\\\/fr\\\/\"},{\"@type\":\"ListItem\",\"position\":2,\"name\":\"Produits\",\"item\":\"https:\\\/\\\/egidimadeinitaly.com\\\/fr\\\/shop\\\/\"},{\"@type\":\"ListItem\",\"position\":3,\"name\":\"Art moderne\",\"item\":\"https:\\\/\\\/egidimadeinitaly.com\\\/fr\\\/product-category\\\/art-moderne\\\/\"},{\"@type\":\"ListItem\",\"position\":4,\"name\":\"\u0152uvres modernes sur papiers\",\"item\":\"https:\\\/\\\/egidimadeinitaly.com\\\/fr\\\/product-category\\\/art-moderne\\\/oeuvres-modernes-sur-papiers\\\/\"},{\"@type\":\"ListItem\",\"position\":5,\"name\":\"Salvador Dal\u00ec Le R\u00eave Onirique\"}]},{\"@type\":\"WebSite\",\"@id\":\"https:\\\/\\\/egidimadeinitaly.com\\\/fr\\\/#website\",\"url\":\"https:\\\/\\\/egidimadeinitaly.com\\\/fr\\\/\",\"name\":\"Egidi MadeinItaly\",\"description\":\"Fine Art\",\"potentialAction\":[{\"@type\":\"SearchAction\",\"target\":{\"@type\":\"EntryPoint\",\"urlTemplate\":\"https:\\\/\\\/egidimadeinitaly.com\\\/fr\\\/?s={search_term_string}\"},\"query-input\":{\"@type\":\"PropertyValueSpecification\",\"valueRequired\":true,\"valueName\":\"search_term_string\"}}],\"inLanguage\":\"fr-FR\"}]}<\/script>\n<!-- \/ Yoast SEO Premium plugin. -->","yoast_head_json":{"title":"Salvador Dal\u00ec Le R\u00eave Onirique - Egidi MadeinItaly","description":"Salvador Dal\u00ed Le r\u00eave onirique, lithographie en couleurs de 1974, sign\u00e9e et num\u00e9rot\u00e9e 34\/195, \u00e9dit\u00e9e par Les Heures Claires Paris sur Egidi MadeinItaly","robots":{"index":"index","follow":"follow","max-snippet":"max-snippet:-1","max-image-preview":"max-image-preview:large","max-video-preview":"max-video-preview:-1"},"canonical":"https:\/\/egidimadeinitaly.com\/fr\/negozio\/art-moderne\/oeuvres-modernes-sur-papiers\/salvador-dali-le-reve-onirique\/%e2%80%8e\/","og_locale":"fr_FR","og_type":"article","og_title":"Salvador Dal\u00ec Le R\u00eave Onirique","og_description":"Le r\u00eave onirique lithographie en couleurs r\u00e9alis\u00e9e par Salvador Dal\u00ed en 1974. Cette feuille fait partie d\u2019une s\u00e9rie d\u2019illustrations consacr\u00e9es aux Mille et une nuits, th\u00e8me sur lequel l\u2019artiste avait commenc\u00e9 \u00e0 travailler d\u00e8s les ann\u00e9es 1960.\u00a0 En outre, l\u2019\u0153uvre porte, en bas \u00e0 gauche, le cachet \u00e0 sec de la Soci\u00e9t\u00e9 d\u2019\u00c9ditions d\u2019Art Les Heures Claires, Paris. Elle est sign\u00e9e au crayon et num\u00e9rot\u00e9e 34\/195 dans la marge inf\u00e9rieure. La composition r\u00e9v\u00e8le l\u2019imaginaire visionnaire et surr\u00e9aliste de l\u2019artiste \u00e0 travers des cr\u00e9atures fantastiques, des animaux d\u00e9form\u00e9s et des figures oniriques suspendues entre r\u00e9cit, illusion et inconscient. Ainsi, Dal\u00ed construit un univers visuel \u00e9nigmatique, o\u00f9 chaque d\u00e9tail semble participer \u00e0 une sc\u00e8ne \u00e0 la fois inqui\u00e9tante et harmonieuse. &nbsp;  &nbsp;","og_url":"https:\/\/egidimadeinitaly.com\/fr\/negozio\/art-moderne\/oeuvres-modernes-sur-papiers\/salvador-dali-le-reve-onirique\/%e2%80%8e","og_site_name":"Egidi MadeinItaly","article_publisher":"https:\/\/www.facebook.com\/egidimadeinitaly\/","article_modified_time":"2026-05-06T00:02:40+00:00","og_image":[{"width":1984,"height":1984,"url":"https:\/\/egidimadeinitaly.com\/v25\/wp-content\/uploads\/2025\/11\/Salvador-Dali-Le-reve-onirique-.jpg","type":"image\/jpeg"}],"schema":{"@context":"https:\/\/schema.org","@graph":[{"@type":"WebPage","@id":"https:\/\/egidimadeinitaly.com\/fr\/negozio\/art-moderne\/oeuvres-modernes-sur-papiers\/salvador-dali-le-reve-onirique\/","url":"https:\/\/egidimadeinitaly.com\/fr\/negozio\/art-moderne\/oeuvres-modernes-sur-papiers\/salvador-dali-le-reve-onirique\/%e2%80%8e","name":"Salvador Dal\u00ec Le R\u00eave Onirique - Egidi MadeinItaly","isPartOf":{"@id":"https:\/\/egidimadeinitaly.com\/fr\/#website"},"primaryImageOfPage":{"@id":"https:\/\/egidimadeinitaly.com\/fr\/negozio\/art-moderne\/oeuvres-modernes-sur-papiers\/salvador-dali-le-reve-onirique\/%e2%80%8e#primaryimage"},"image":{"@id":"https:\/\/egidimadeinitaly.com\/fr\/negozio\/art-moderne\/oeuvres-modernes-sur-papiers\/salvador-dali-le-reve-onirique\/%e2%80%8e#primaryimage"},"thumbnailUrl":"https:\/\/egidimadeinitaly.com\/v25\/wp-content\/uploads\/2025\/11\/Salvador-Dali-Le-reve-onirique-.jpg","datePublished":"2026-05-05T22:01:07+00:00","dateModified":"2026-05-06T00:02:40+00:00","description":"Salvador Dal\u00ed Le r\u00eave onirique, lithographie en couleurs de 1974, sign\u00e9e et num\u00e9rot\u00e9e 34\/195, \u00e9dit\u00e9e par Les Heures Claires Paris sur Egidi MadeinItaly","breadcrumb":{"@id":"https:\/\/egidimadeinitaly.com\/fr\/negozio\/art-moderne\/oeuvres-modernes-sur-papiers\/salvador-dali-le-reve-onirique\/%e2%80%8e#breadcrumb"},"inLanguage":"fr-FR","potentialAction":[{"@type":"ReadAction","target":["https:\/\/egidimadeinitaly.com\/fr\/negozio\/art-moderne\/oeuvres-modernes-sur-papiers\/salvador-dali-le-reve-onirique\/%e2%80%8e"]}]},{"@type":"ImageObject","inLanguage":"fr-FR","@id":"https:\/\/egidimadeinitaly.com\/fr\/negozio\/art-moderne\/oeuvres-modernes-sur-papiers\/salvador-dali-le-reve-onirique\/%e2%80%8e#primaryimage","url":"https:\/\/egidimadeinitaly.com\/v25\/wp-content\/uploads\/2025\/11\/Salvador-Dali-Le-reve-onirique-.jpg","contentUrl":"https:\/\/egidimadeinitaly.com\/v25\/wp-content\/uploads\/2025\/11\/Salvador-Dali-Le-reve-onirique-.jpg","width":1984,"height":1984,"caption":"Le r\u00eave onirique, 1974, litografia a colori firmata e numerata 34\/195"},{"@type":"BreadcrumbList","@id":"https:\/\/egidimadeinitaly.com\/fr\/negozio\/art-moderne\/oeuvres-modernes-sur-papiers\/salvador-dali-le-reve-onirique\/%e2%80%8e#breadcrumb","itemListElement":[{"@type":"ListItem","position":1,"name":"Home","item":"https:\/\/egidimadeinitaly.com\/fr\/"},{"@type":"ListItem","position":2,"name":"Produits","item":"https:\/\/egidimadeinitaly.com\/fr\/shop\/"},{"@type":"ListItem","position":3,"name":"Art moderne","item":"https:\/\/egidimadeinitaly.com\/fr\/product-category\/art-moderne\/"},{"@type":"ListItem","position":4,"name":"\u0152uvres modernes sur papiers","item":"https:\/\/egidimadeinitaly.com\/fr\/product-category\/art-moderne\/oeuvres-modernes-sur-papiers\/"},{"@type":"ListItem","position":5,"name":"Salvador Dal\u00ec Le R\u00eave Onirique"}]},{"@type":"WebSite","@id":"https:\/\/egidimadeinitaly.com\/fr\/#website","url":"https:\/\/egidimadeinitaly.com\/fr\/","name":"Egidi MadeinItaly","description":"Fine Art","potentialAction":[{"@type":"SearchAction","target":{"@type":"EntryPoint","urlTemplate":"https:\/\/egidimadeinitaly.com\/fr\/?s={search_term_string}"},"query-input":{"@type":"PropertyValueSpecification","valueRequired":true,"valueName":"search_term_string"}}],"inLanguage":"fr-FR"}]}},"_links":{"self":[{"href":"https:\/\/egidimadeinitaly.com\/fr\/wp-json\/wp\/v2\/product\/126829","targetHints":{"allow":["GET"]}}],"collection":[{"href":"https:\/\/egidimadeinitaly.com\/fr\/wp-json\/wp\/v2\/product"}],"about":[{"href":"https:\/\/egidimadeinitaly.com\/fr\/wp-json\/wp\/v2\/types\/product"}],"wp:featuredmedia":[{"embeddable":true,"href":"https:\/\/egidimadeinitaly.com\/fr\/wp-json\/wp\/v2\/media\/126826"}],"wp:attachment":[{"href":"https:\/\/egidimadeinitaly.com\/fr\/wp-json\/wp\/v2\/media?parent=126829"}],"wp:term":[{"taxonomy":"product_brand","embeddable":true,"href":"https:\/\/egidimadeinitaly.com\/fr\/wp-json\/wp\/v2\/product_brand?post=126829"},{"taxonomy":"product_cat","embeddable":true,"href":"https:\/\/egidimadeinitaly.com\/fr\/wp-json\/wp\/v2\/product_cat?post=126829"},{"taxonomy":"product_tag","embeddable":true,"href":"https:\/\/egidimadeinitaly.com\/fr\/wp-json\/wp\/v2\/product_tag?post=126829"}],"curies":[{"name":"wp","href":"https:\/\/api.w.org\/{rel}","templated":true}]}}