{"id":126713,"date":"2026-04-01T18:01:40","date_gmt":"2026-04-01T17:01:40","guid":{"rendered":"https:\/\/egidimadeinitaly.com\/negozio\/senza-categoria\/roberto-ferruzzi-interno-con-helene-1978\/"},"modified":"2026-04-01T18:57:24","modified_gmt":"2026-04-01T17:57:24","slug":"roberto-ferruzzi-interieur-avec-helene-1978","status":"publish","type":"product","link":"https:\/\/egidimadeinitaly.com\/fr\/negozio\/art-moderne\/tableaux-modernes-fr\/roberto-ferruzzi-interieur-avec-helene-1978\/","title":{"rendered":"Roberto Ferruzzi Interieur avec Helene, 1978"},"content":{"rendered":"<div class=\"wpb-content-wrapper\"><p>[vc_row][vc_column column_width_percent=\u00a0\u00bb100&Prime; gutter_size=\u00a0\u00bb3&Prime; overlay_alpha=\u00a0\u00bb50&Prime; shift_x=\u00a0\u00bb0&Prime; shift_y=\u00a0\u00bb0&Prime; shift_y_down=\u00a0\u00bb0&Prime; z_index=\u00a0\u00bb0&Prime; medium_width=\u00a0\u00bb0&Prime; mobile_width=\u00a0\u00bb0&Prime; width=\u00a0\u00bb1\/1&Prime; uncode_shortcode_id=\u00a0\u00bb146638&Prime;][vc_column_text uncode_shortcode_id=\u00a0\u00bb951387&Prime;]<\/p>\n<h2 data-start=\"93\" data-end=\"138\"><strong data-start=\"93\" data-end=\"138\">Int\u00e9rieur avec H\u00e9l\u00e8ne de Roberto Ferruzzi<\/strong><\/h2>\n<p data-start=\"140\" data-end=\"412\"><em data-start=\"140\" data-end=\"163\">Int\u00e9rieur avec H\u00e9l\u00e8ne<\/em> de Roberto Ferruzzi est une huile sur panneau sign\u00e9e et dat\u00e9e de 1978. L\u2019\u0153uvre traduit l\u2019espace domestique \u00e0 travers une peinture libre, vibrante et d\u2019une forte pr\u00e9sence visuelle, o\u00f9 couleur, atmosph\u00e8re et qualit\u00e9 picturale s\u2019unissent avec naturel.<\/p>\n<p data-start=\"414\" data-end=\"715\">Le titre manuscrit au verso ainsi que l\u2019inscription au revers confirment la datation. La composition se distingue par une construction souple et rythm\u00e9e, dans laquelle chaises, table, figure f\u00e9minine, chemin\u00e9e et \u00e9l\u00e9ments du d\u00e9cor forment un int\u00e9rieur v\u00e9cu, davantage \u00e9voqu\u00e9 que d\u00e9crit avec pr\u00e9cision.<\/p>\n<p data-start=\"717\" data-end=\"1149\">La peinture r\u00e9v\u00e8le une sensibilit\u00e9 pleinement ancr\u00e9e dans le XXe si\u00e8cle, fond\u00e9e sur la synth\u00e8se visuelle et sur le r\u00f4le structurant de la couleur. Roberto Ferruzzi organise la sc\u00e8ne au moyen d\u2019une palette vive, o\u00f9 roses, bleus, ocres, bruns et verts animent la surface avec \u00e9quilibre. H\u00e9l\u00e8ne, d\u00e9j\u00e0 pr\u00e9sente dans le titre, n\u2019appara\u00eet pas comme un portrait formel, mais comme une pr\u00e9sence int\u00e9gr\u00e9e \u00e0 l\u2019espace et au rythme de la pi\u00e8ce.<\/p>\n<p data-start=\"1151\" data-end=\"1493\">La mati\u00e8re picturale, confi\u00e9e \u00e0 des touches visibles et \u00e0 des superpositions de couleur, donne mobilit\u00e9 et densit\u00e9 \u00e0 la surface. La signature au recto est confirm\u00e9e par les inscriptions du verso, o\u00f9 figurent le nom de l\u2019artiste, le titre et la date \u00ab 78 \u00bb. Une \u00e9tiquette ancienne au revers renforce encore la coh\u00e9rence catalogique de l\u2019\u0153uvre.<\/p>\n<p>[\/vc_column_text][\/vc_column][\/vc_row]<\/p>\n<\/div>","protected":false},"excerpt":{"rendered":"<p><em data-start=\"300\" data-end=\"323\">Int\u00e9rieur avec H\u00e9l\u00e8ne<\/em> est une huile sur panneau <strong>sign\u00e9e Roberto Ferruzzi<\/strong>, dat\u00e9e de 1978 d\u2019apr\u00e8s l\u2019inscription au verso. La composition repr\u00e9sente un int\u00e9rieur domestique anim\u00e9 par des figures, du mobilier et des champs chromatiques vibrants, trait\u00e9s dans une \u00e9criture picturale libre, synth\u00e9tique et d\u2019une forte pr\u00e9sence d\u00e9corative. \u0152uvre sign\u00e9e, titr\u00e9e et dat\u00e9e au revers, elle pr\u00e9sente un int\u00e9r\u00eat certain pour les collectionneurs du second XXe si\u00e8cle et pour les amateurs de peintures de caract\u00e8re destin\u00e9es \u00e0 des int\u00e9rieurs \u00e9l\u00e9gants et raffin\u00e9s.<\/p>\n<p>&nbsp;<\/p>\n","protected":false},"featured_media":126705,"template":"","meta":{"_acf_changed":false},"product_brand":[],"product_cat":[6377,6416],"product_tag":[],"class_list":{"0":"post-126713","1":"product","2":"type-product","3":"status-publish","4":"has-post-thumbnail","6":"product_cat-art-moderne","7":"product_cat-tableaux-modernes-fr","9":"first","10":"instock","11":"taxable","12":"shipping-taxable","13":"product-type-simple"},"acf":[],"yoast_head":"<!-- This site is optimized with the Yoast SEO Premium plugin v27.4 (Yoast SEO v27.5) - https:\/\/yoast.com\/product\/yoast-seo-premium-wordpress\/ -->\n<title>Roberto Ferruzzi Interieur avec Helene, 1978 - Egidi MadeinItaly<\/title>\n<meta name=\"description\" content=\"Int\u00e9rieur avec H\u00e9l\u00e8ne de Roberto Ferruzzi, huile sur panneau sign\u00e9e et dat\u00e9e de 1978, \u00e0 forte pr\u00e9sence picturale et d\u00e9corative.\" \/>\n<meta name=\"robots\" content=\"index, follow, max-snippet:-1, max-image-preview:large, max-video-preview:-1\" \/>\n<link rel=\"canonical\" href=\"https:\/\/egidimadeinitaly.com\/fr\/negozio\/art-moderne\/tableaux-modernes-fr\/roberto-ferruzzi%e2%80%a6avec-helene-1978\/\" \/>\n<meta property=\"og:locale\" content=\"fr_FR\" \/>\n<meta property=\"og:type\" content=\"article\" \/>\n<meta property=\"og:title\" content=\"Roberto Ferruzzi Interieur avec Helene, 1978\" \/>\n<meta property=\"og:description\" content=\"Int\u00e9rieur avec H\u00e9l\u00e8ne est une huile sur panneau sign\u00e9e Roberto Ferruzzi, dat\u00e9e de 1978 d\u2019apr\u00e8s l\u2019inscription au verso. La composition repr\u00e9sente un int\u00e9rieur domestique anim\u00e9 par des figures, du mobilier et des champs chromatiques vibrants, trait\u00e9s dans une \u00e9criture picturale libre, synth\u00e9tique et d\u2019une forte pr\u00e9sence d\u00e9corative. \u0152uvre sign\u00e9e, titr\u00e9e et dat\u00e9e au revers, elle pr\u00e9sente un int\u00e9r\u00eat certain pour les collectionneurs du second XXe si\u00e8cle et pour les amateurs de peintures de caract\u00e8re destin\u00e9es \u00e0 des int\u00e9rieurs \u00e9l\u00e9gants et raffin\u00e9s.  &nbsp;\" \/>\n<meta property=\"og:url\" content=\"https:\/\/egidimadeinitaly.com\/fr\/negozio\/art-moderne\/tableaux-modernes-fr\/roberto-ferruzzi%e2%80%a6avec-helene-1978\/\" \/>\n<meta property=\"og:site_name\" content=\"Egidi MadeinItaly\" \/>\n<meta property=\"article:publisher\" content=\"https:\/\/www.facebook.com\/egidimadeinitaly\/\" \/>\n<meta property=\"article:modified_time\" content=\"2026-04-01T17:57:24+00:00\" \/>\n<meta property=\"og:image\" content=\"https:\/\/egidimadeinitaly.com\/v25\/wp-content\/uploads\/2026\/04\/Interno-con-Helene-Roberto-Ferruzzi-e1775057330884.jpg\" \/>\n\t<meta property=\"og:image:width\" content=\"1985\" \/>\n\t<meta property=\"og:image:height\" content=\"1985\" \/>\n\t<meta property=\"og:image:type\" content=\"image\/jpeg\" \/>\n<script type=\"application\/ld+json\" class=\"yoast-schema-graph\">{\"@context\":\"https:\\\/\\\/schema.org\",\"@graph\":[{\"@type\":\"WebPage\",\"@id\":\"https:\\\/\\\/egidimadeinitaly.com\\\/fr\\\/negozio\\\/art-moderne\\\/tableaux-modernes-fr\\\/roberto-ferruzzi-interieur-avec-helene-1978\\\/\",\"url\":\"https:\\\/\\\/egidimadeinitaly.com\\\/fr\\\/negozio\\\/art-moderne\\\/tableaux-modernes-fr\\\/roberto-ferruzzi%e2%80%a6avec-helene-1978\\\/\",\"name\":\"Roberto Ferruzzi Interieur avec Helene, 1978 - Egidi MadeinItaly\",\"isPartOf\":{\"@id\":\"https:\\\/\\\/egidimadeinitaly.com\\\/fr\\\/#website\"},\"primaryImageOfPage\":{\"@id\":\"https:\\\/\\\/egidimadeinitaly.com\\\/fr\\\/negozio\\\/art-moderne\\\/tableaux-modernes-fr\\\/roberto-ferruzzi%e2%80%a6avec-helene-1978\\\/#primaryimage\"},\"image\":{\"@id\":\"https:\\\/\\\/egidimadeinitaly.com\\\/fr\\\/negozio\\\/art-moderne\\\/tableaux-modernes-fr\\\/roberto-ferruzzi%e2%80%a6avec-helene-1978\\\/#primaryimage\"},\"thumbnailUrl\":\"https:\\\/\\\/egidimadeinitaly.com\\\/v25\\\/wp-content\\\/uploads\\\/2026\\\/04\\\/Interno-con-Helene-Roberto-Ferruzzi-e1775057330884.jpg\",\"datePublished\":\"2026-04-01T17:01:40+00:00\",\"dateModified\":\"2026-04-01T17:57:24+00:00\",\"description\":\"Int\u00e9rieur avec H\u00e9l\u00e8ne de Roberto Ferruzzi, huile sur panneau sign\u00e9e et dat\u00e9e de 1978, \u00e0 forte pr\u00e9sence picturale et d\u00e9corative.\",\"breadcrumb\":{\"@id\":\"https:\\\/\\\/egidimadeinitaly.com\\\/fr\\\/negozio\\\/art-moderne\\\/tableaux-modernes-fr\\\/roberto-ferruzzi%e2%80%a6avec-helene-1978\\\/#breadcrumb\"},\"inLanguage\":\"fr-FR\",\"potentialAction\":[{\"@type\":\"ReadAction\",\"target\":[\"https:\\\/\\\/egidimadeinitaly.com\\\/fr\\\/negozio\\\/art-moderne\\\/tableaux-modernes-fr\\\/roberto-ferruzzi%e2%80%a6avec-helene-1978\\\/\"]}]},{\"@type\":\"ImageObject\",\"inLanguage\":\"fr-FR\",\"@id\":\"https:\\\/\\\/egidimadeinitaly.com\\\/fr\\\/negozio\\\/art-moderne\\\/tableaux-modernes-fr\\\/roberto-ferruzzi%e2%80%a6avec-helene-1978\\\/#primaryimage\",\"url\":\"https:\\\/\\\/egidimadeinitaly.com\\\/v25\\\/wp-content\\\/uploads\\\/2026\\\/04\\\/Interno-con-Helene-Roberto-Ferruzzi-e1775057330884.jpg\",\"contentUrl\":\"https:\\\/\\\/egidimadeinitaly.com\\\/v25\\\/wp-content\\\/uploads\\\/2026\\\/04\\\/Interno-con-Helene-Roberto-Ferruzzi-e1775057330884.jpg\",\"width\":1985,\"height\":1985,\"caption\":\"Oeuvre Interno con Helene sign\u00e9e Roberto Ferruzzi.\"},{\"@type\":\"BreadcrumbList\",\"@id\":\"https:\\\/\\\/egidimadeinitaly.com\\\/fr\\\/negozio\\\/art-moderne\\\/tableaux-modernes-fr\\\/roberto-ferruzzi%e2%80%a6avec-helene-1978\\\/#breadcrumb\",\"itemListElement\":[{\"@type\":\"ListItem\",\"position\":1,\"name\":\"Home\",\"item\":\"https:\\\/\\\/egidimadeinitaly.com\\\/fr\\\/\"},{\"@type\":\"ListItem\",\"position\":2,\"name\":\"Produits\",\"item\":\"https:\\\/\\\/egidimadeinitaly.com\\\/fr\\\/shop\\\/\"},{\"@type\":\"ListItem\",\"position\":3,\"name\":\"Art moderne\",\"item\":\"https:\\\/\\\/egidimadeinitaly.com\\\/fr\\\/product-category\\\/art-moderne\\\/\"},{\"@type\":\"ListItem\",\"position\":4,\"name\":\"Tableaux modernes\",\"item\":\"https:\\\/\\\/egidimadeinitaly.com\\\/fr\\\/product-category\\\/art-moderne\\\/tableaux-modernes-fr\\\/\"},{\"@type\":\"ListItem\",\"position\":5,\"name\":\"Roberto Ferruzzi Interieur avec Helene, 1978\"}]},{\"@type\":\"WebSite\",\"@id\":\"https:\\\/\\\/egidimadeinitaly.com\\\/fr\\\/#website\",\"url\":\"https:\\\/\\\/egidimadeinitaly.com\\\/fr\\\/\",\"name\":\"Egidi MadeinItaly\",\"description\":\"Fine Art\",\"potentialAction\":[{\"@type\":\"SearchAction\",\"target\":{\"@type\":\"EntryPoint\",\"urlTemplate\":\"https:\\\/\\\/egidimadeinitaly.com\\\/fr\\\/?s={search_term_string}\"},\"query-input\":{\"@type\":\"PropertyValueSpecification\",\"valueRequired\":true,\"valueName\":\"search_term_string\"}}],\"inLanguage\":\"fr-FR\"}]}<\/script>\n<!-- \/ Yoast SEO Premium plugin. -->","yoast_head_json":{"title":"Roberto Ferruzzi Interieur avec Helene, 1978 - Egidi MadeinItaly","description":"Int\u00e9rieur avec H\u00e9l\u00e8ne de Roberto Ferruzzi, huile sur panneau sign\u00e9e et dat\u00e9e de 1978, \u00e0 forte pr\u00e9sence picturale et d\u00e9corative.","robots":{"index":"index","follow":"follow","max-snippet":"max-snippet:-1","max-image-preview":"max-image-preview:large","max-video-preview":"max-video-preview:-1"},"canonical":"https:\/\/egidimadeinitaly.com\/fr\/negozio\/art-moderne\/tableaux-modernes-fr\/roberto-ferruzzi%e2%80%a6avec-helene-1978\/","og_locale":"fr_FR","og_type":"article","og_title":"Roberto Ferruzzi Interieur avec Helene, 1978","og_description":"Int\u00e9rieur avec H\u00e9l\u00e8ne est une huile sur panneau sign\u00e9e Roberto Ferruzzi, dat\u00e9e de 1978 d\u2019apr\u00e8s l\u2019inscription au verso. La composition repr\u00e9sente un int\u00e9rieur domestique anim\u00e9 par des figures, du mobilier et des champs chromatiques vibrants, trait\u00e9s dans une \u00e9criture picturale libre, synth\u00e9tique et d\u2019une forte pr\u00e9sence d\u00e9corative. \u0152uvre sign\u00e9e, titr\u00e9e et dat\u00e9e au revers, elle pr\u00e9sente un int\u00e9r\u00eat certain pour les collectionneurs du second XXe si\u00e8cle et pour les amateurs de peintures de caract\u00e8re destin\u00e9es \u00e0 des int\u00e9rieurs \u00e9l\u00e9gants et raffin\u00e9s.  &nbsp;","og_url":"https:\/\/egidimadeinitaly.com\/fr\/negozio\/art-moderne\/tableaux-modernes-fr\/roberto-ferruzzi%e2%80%a6avec-helene-1978\/","og_site_name":"Egidi MadeinItaly","article_publisher":"https:\/\/www.facebook.com\/egidimadeinitaly\/","article_modified_time":"2026-04-01T17:57:24+00:00","og_image":[{"width":1985,"height":1985,"url":"https:\/\/egidimadeinitaly.com\/v25\/wp-content\/uploads\/2026\/04\/Interno-con-Helene-Roberto-Ferruzzi-e1775057330884.jpg","type":"image\/jpeg"}],"schema":{"@context":"https:\/\/schema.org","@graph":[{"@type":"WebPage","@id":"https:\/\/egidimadeinitaly.com\/fr\/negozio\/art-moderne\/tableaux-modernes-fr\/roberto-ferruzzi-interieur-avec-helene-1978\/","url":"https:\/\/egidimadeinitaly.com\/fr\/negozio\/art-moderne\/tableaux-modernes-fr\/roberto-ferruzzi%e2%80%a6avec-helene-1978\/","name":"Roberto Ferruzzi Interieur avec Helene, 1978 - Egidi MadeinItaly","isPartOf":{"@id":"https:\/\/egidimadeinitaly.com\/fr\/#website"},"primaryImageOfPage":{"@id":"https:\/\/egidimadeinitaly.com\/fr\/negozio\/art-moderne\/tableaux-modernes-fr\/roberto-ferruzzi%e2%80%a6avec-helene-1978\/#primaryimage"},"image":{"@id":"https:\/\/egidimadeinitaly.com\/fr\/negozio\/art-moderne\/tableaux-modernes-fr\/roberto-ferruzzi%e2%80%a6avec-helene-1978\/#primaryimage"},"thumbnailUrl":"https:\/\/egidimadeinitaly.com\/v25\/wp-content\/uploads\/2026\/04\/Interno-con-Helene-Roberto-Ferruzzi-e1775057330884.jpg","datePublished":"2026-04-01T17:01:40+00:00","dateModified":"2026-04-01T17:57:24+00:00","description":"Int\u00e9rieur avec H\u00e9l\u00e8ne de Roberto Ferruzzi, huile sur panneau sign\u00e9e et dat\u00e9e de 1978, \u00e0 forte pr\u00e9sence picturale et d\u00e9corative.","breadcrumb":{"@id":"https:\/\/egidimadeinitaly.com\/fr\/negozio\/art-moderne\/tableaux-modernes-fr\/roberto-ferruzzi%e2%80%a6avec-helene-1978\/#breadcrumb"},"inLanguage":"fr-FR","potentialAction":[{"@type":"ReadAction","target":["https:\/\/egidimadeinitaly.com\/fr\/negozio\/art-moderne\/tableaux-modernes-fr\/roberto-ferruzzi%e2%80%a6avec-helene-1978\/"]}]},{"@type":"ImageObject","inLanguage":"fr-FR","@id":"https:\/\/egidimadeinitaly.com\/fr\/negozio\/art-moderne\/tableaux-modernes-fr\/roberto-ferruzzi%e2%80%a6avec-helene-1978\/#primaryimage","url":"https:\/\/egidimadeinitaly.com\/v25\/wp-content\/uploads\/2026\/04\/Interno-con-Helene-Roberto-Ferruzzi-e1775057330884.jpg","contentUrl":"https:\/\/egidimadeinitaly.com\/v25\/wp-content\/uploads\/2026\/04\/Interno-con-Helene-Roberto-Ferruzzi-e1775057330884.jpg","width":1985,"height":1985,"caption":"Oeuvre Interno con Helene sign\u00e9e Roberto Ferruzzi."},{"@type":"BreadcrumbList","@id":"https:\/\/egidimadeinitaly.com\/fr\/negozio\/art-moderne\/tableaux-modernes-fr\/roberto-ferruzzi%e2%80%a6avec-helene-1978\/#breadcrumb","itemListElement":[{"@type":"ListItem","position":1,"name":"Home","item":"https:\/\/egidimadeinitaly.com\/fr\/"},{"@type":"ListItem","position":2,"name":"Produits","item":"https:\/\/egidimadeinitaly.com\/fr\/shop\/"},{"@type":"ListItem","position":3,"name":"Art moderne","item":"https:\/\/egidimadeinitaly.com\/fr\/product-category\/art-moderne\/"},{"@type":"ListItem","position":4,"name":"Tableaux modernes","item":"https:\/\/egidimadeinitaly.com\/fr\/product-category\/art-moderne\/tableaux-modernes-fr\/"},{"@type":"ListItem","position":5,"name":"Roberto Ferruzzi Interieur avec Helene, 1978"}]},{"@type":"WebSite","@id":"https:\/\/egidimadeinitaly.com\/fr\/#website","url":"https:\/\/egidimadeinitaly.com\/fr\/","name":"Egidi MadeinItaly","description":"Fine Art","potentialAction":[{"@type":"SearchAction","target":{"@type":"EntryPoint","urlTemplate":"https:\/\/egidimadeinitaly.com\/fr\/?s={search_term_string}"},"query-input":{"@type":"PropertyValueSpecification","valueRequired":true,"valueName":"search_term_string"}}],"inLanguage":"fr-FR"}]}},"_links":{"self":[{"href":"https:\/\/egidimadeinitaly.com\/fr\/wp-json\/wp\/v2\/product\/126713","targetHints":{"allow":["GET"]}}],"collection":[{"href":"https:\/\/egidimadeinitaly.com\/fr\/wp-json\/wp\/v2\/product"}],"about":[{"href":"https:\/\/egidimadeinitaly.com\/fr\/wp-json\/wp\/v2\/types\/product"}],"wp:featuredmedia":[{"embeddable":true,"href":"https:\/\/egidimadeinitaly.com\/fr\/wp-json\/wp\/v2\/media\/126705"}],"wp:attachment":[{"href":"https:\/\/egidimadeinitaly.com\/fr\/wp-json\/wp\/v2\/media?parent=126713"}],"wp:term":[{"taxonomy":"product_brand","embeddable":true,"href":"https:\/\/egidimadeinitaly.com\/fr\/wp-json\/wp\/v2\/product_brand?post=126713"},{"taxonomy":"product_cat","embeddable":true,"href":"https:\/\/egidimadeinitaly.com\/fr\/wp-json\/wp\/v2\/product_cat?post=126713"},{"taxonomy":"product_tag","embeddable":true,"href":"https:\/\/egidimadeinitaly.com\/fr\/wp-json\/wp\/v2\/product_tag?post=126713"}],"curies":[{"name":"wp","href":"https:\/\/api.w.org\/{rel}","templated":true}]}}