{"id":126338,"date":"2025-12-16T11:31:25","date_gmt":"2025-12-16T10:31:25","guid":{"rendered":"https:\/\/egidimadeinitaly.com\/?post_type=product&#038;p=126338"},"modified":"2025-12-16T12:29:35","modified_gmt":"2025-12-16T11:29:35","slug":"salvador-dali-la-sirene","status":"publish","type":"product","link":"https:\/\/egidimadeinitaly.com\/fr\/negozio\/art-moderne\/oeuvres-modernes-sur-papiers\/salvador-dali-la-sirene\/","title":{"rendered":"Salvador Dal\u00ed La sir\u00e8ne"},"content":{"rendered":"<div class=\"wpb-content-wrapper\"><p>[vc_row][vc_column width=\u00a0\u00bb1\/1&Prime;][vc_column_text uncode_shortcode_id=\u00a0\u00bb169506&Prime;]<\/p>\n<h3 data-start=\"7057\" data-end=\"7094\">Contexte historique et artistique<\/h3>\n<p data-start=\"7096\" data-end=\"7349\">Dans les ann\u00e9es 1970, <strong>Salvador Dal\u00ed<\/strong> investit largement la gravure comme moyen de diffusion de son imaginaire symbolique. <em data-start=\"7208\" data-end=\"7219\">La sir\u00e8ne<\/em> s\u2019inscrit dans cette p\u00e9riode, r\u00e9interpr\u00e9tant le mythe classique \u00e0 travers la psychanalyse freudienne et l\u2019esth\u00e9tique surr\u00e9aliste.<\/p>\n<p data-start=\"7351\" data-end=\"7514\"><strong>Salvador Dal\u00ed<\/strong>\u00a0<strong>La sir\u00e8ne<\/strong>, figure ambivalente, incarne la s\u00e9duction et le danger, tandis que l\u2019arc rocheux agit comme une fronti\u00e8re symbolique entre le conscient et l\u2019inconscient.<\/p>\n<p>[\/vc_column_text][\/vc_column][\/vc_row]<\/p>\n<\/div>","protected":false},"excerpt":{"rendered":"<p data-start=\"6213\" data-end=\"6432\"><em data-start=\"6213\" data-end=\"6224\"><strong data-start=\"6267\" data-end=\"6284\">Salvador Dal\u00ed <\/strong>La sir\u00e8ne<\/em> est une lithographie originale sign\u00e9e, r\u00e9alis\u00e9e dans les ann\u00e9es 1970 et rattach\u00e9e au cycle graphique inspir\u00e9 des <em data-start=\"6360\" data-end=\"6380\">Chants de Maldoror<\/em> d\u2019<strong data-start=\"6383\" data-end=\"6431\">Isidore Ducasse, dit le comte de Lautr\u00e9amont<\/strong>.<\/p>\n<p data-start=\"6434\" data-end=\"6775\">L\u2019\u0153uvre repr\u00e9sente une figure f\u00e9minine nue, assimil\u00e9e \u00e0 une sir\u00e8ne, suspendue entre sensualit\u00e9 et vision onirique. Son buste appara\u00eet au-dessus d\u2019un arc rocheux aux couleurs intenses, ouvrant sur un paysage marin paisible et intemporel. Une embarcation archa\u00efque traverse la sc\u00e8ne, tandis que de petites figures humaines ponctuent le rivage.<\/p>\n<p data-start=\"6777\" data-end=\"7050\">Dal\u00ed y d\u00e9ploie une synth\u00e8se subtile entre <strong data-start=\"6819\" data-end=\"6850\">mythe, d\u00e9sir et inconscient<\/strong>, int\u00e9grant le corps f\u00e9minin au paysage selon sa m\u00e9thode parano\u00efaque-critique. Le contraste entre la richesse chromatique et le dessin d\u00e9licat du corps conf\u00e8re \u00e0 l\u2019\u0153uvre une tension visuelle raffin\u00e9e. Exemplaire <strong data-start=\"7683\" data-end=\"7693\">84\/195<\/strong>. Autographe au crayon de Salvador Dal\u00ed.<\/p>\n","protected":false},"featured_media":126319,"template":"","meta":{"_acf_changed":false},"product_brand":[],"product_cat":[6377,6414],"product_tag":[],"class_list":{"0":"post-126338","1":"product","2":"type-product","3":"status-publish","4":"has-post-thumbnail","6":"product_cat-art-moderne","7":"product_cat-oeuvres-modernes-sur-papiers","9":"first","10":"outofstock","11":"taxable","12":"shipping-taxable","13":"product-type-simple"},"acf":[],"yoast_head":"<!-- This site is optimized with the Yoast SEO Premium plugin v27.4 (Yoast SEO v27.5) - https:\/\/yoast.com\/product\/yoast-seo-premium-wordpress\/ -->\n<title>Salvador Dal\u00ed La sir\u00e8ne - Egidi MadeinItaly<\/title>\n<meta name=\"description\" content=\"Salvador Dal\u00ed La sir\u00e8ne lithographie originale sign\u00e9e \u0153uvre surr\u00e9aliste des ann\u00e9es 1970 exemplaire 84\/195 cycle graphique inspir\u00e9 des Chants de Maldoror\" \/>\n<meta name=\"robots\" content=\"index, follow, max-snippet:-1, max-image-preview:large, max-video-preview:-1\" \/>\n<link rel=\"canonical\" href=\"https:\/\/egidimadeinitaly.com\/fr\/negozio\/art-moderne\/oeuvres-modernes-sur-papiers\/salvador-dali-la-sirene\/\" \/>\n<meta property=\"og:locale\" content=\"fr_FR\" \/>\n<meta property=\"og:type\" content=\"article\" \/>\n<meta property=\"og:title\" content=\"Salvador Dal\u00ed La sir\u00e8ne\" \/>\n<meta property=\"og:description\" content=\"Salvador Dal\u00ed La sir\u00e8ne est une lithographie originale sign\u00e9e, r\u00e9alis\u00e9e dans les ann\u00e9es 1970 et rattach\u00e9e au cycle graphique inspir\u00e9 des Chants de Maldoror d\u2019Isidore Ducasse, dit le comte de Lautr\u00e9amont. L\u2019\u0153uvre repr\u00e9sente une figure f\u00e9minine nue, assimil\u00e9e \u00e0 une sir\u00e8ne, suspendue entre sensualit\u00e9 et vision onirique. Son buste appara\u00eet au-dessus d\u2019un arc rocheux aux couleurs intenses, ouvrant sur un paysage marin paisible et intemporel. Une embarcation archa\u00efque traverse la sc\u00e8ne, tandis que de petites figures humaines ponctuent le rivage. Dal\u00ed y d\u00e9ploie une synth\u00e8se subtile entre mythe, d\u00e9sir et inconscient, int\u00e9grant le corps f\u00e9minin au paysage selon sa m\u00e9thode parano\u00efaque-critique. Le contraste entre la richesse chromatique et le dessin d\u00e9licat du corps conf\u00e8re \u00e0 l\u2019\u0153uvre une tension visuelle raffin\u00e9e. Exemplaire 84\/195. Autographe au crayon de Salvador Dal\u00ed.\" \/>\n<meta property=\"og:url\" content=\"https:\/\/egidimadeinitaly.com\/fr\/negozio\/art-moderne\/oeuvres-modernes-sur-papiers\/salvador-dali-la-sirene\/\" \/>\n<meta property=\"og:site_name\" content=\"Egidi MadeinItaly\" \/>\n<meta property=\"article:publisher\" content=\"https:\/\/www.facebook.com\/egidimadeinitaly\/\" \/>\n<meta property=\"article:modified_time\" content=\"2025-12-16T11:29:35+00:00\" \/>\n<meta property=\"og:image\" content=\"https:\/\/egidimadeinitaly.com\/v25\/wp-content\/uploads\/2025\/12\/salvator-dali-la-sirene-dettaglio-firma.jpg\" \/>\n\t<meta property=\"og:image:width\" content=\"1984\" \/>\n\t<meta property=\"og:image:height\" content=\"1984\" \/>\n\t<meta property=\"og:image:type\" content=\"image\/jpeg\" \/>\n<script type=\"application\/ld+json\" class=\"yoast-schema-graph\">{\"@context\":\"https:\\\/\\\/schema.org\",\"@graph\":[{\"@type\":\"WebPage\",\"@id\":\"https:\\\/\\\/egidimadeinitaly.com\\\/fr\\\/negozio\\\/art-moderne\\\/oeuvres-modernes-sur-papiers\\\/salvador-dali-la-sirene\\\/\",\"url\":\"https:\\\/\\\/egidimadeinitaly.com\\\/fr\\\/negozio\\\/art-moderne\\\/oeuvres-modernes-sur-papiers\\\/salvador-dali-la-sirene\\\/\",\"name\":\"Salvador Dal\u00ed La sir\u00e8ne - Egidi MadeinItaly\",\"isPartOf\":{\"@id\":\"https:\\\/\\\/egidimadeinitaly.com\\\/fr\\\/#website\"},\"primaryImageOfPage\":{\"@id\":\"https:\\\/\\\/egidimadeinitaly.com\\\/fr\\\/negozio\\\/art-moderne\\\/oeuvres-modernes-sur-papiers\\\/salvador-dali-la-sirene\\\/#primaryimage\"},\"image\":{\"@id\":\"https:\\\/\\\/egidimadeinitaly.com\\\/fr\\\/negozio\\\/art-moderne\\\/oeuvres-modernes-sur-papiers\\\/salvador-dali-la-sirene\\\/#primaryimage\"},\"thumbnailUrl\":\"https:\\\/\\\/egidimadeinitaly.com\\\/v25\\\/wp-content\\\/uploads\\\/2025\\\/12\\\/salvator-dali-la-sirene-dettaglio-firma.jpg\",\"datePublished\":\"2025-12-16T10:31:25+00:00\",\"dateModified\":\"2025-12-16T11:29:35+00:00\",\"description\":\"Salvador Dal\u00ed La sir\u00e8ne lithographie originale sign\u00e9e \u0153uvre surr\u00e9aliste des ann\u00e9es 1970 exemplaire 84\\\/195 cycle graphique inspir\u00e9 des Chants de Maldoror\",\"breadcrumb\":{\"@id\":\"https:\\\/\\\/egidimadeinitaly.com\\\/fr\\\/negozio\\\/art-moderne\\\/oeuvres-modernes-sur-papiers\\\/salvador-dali-la-sirene\\\/#breadcrumb\"},\"inLanguage\":\"fr-FR\",\"potentialAction\":[{\"@type\":\"ReadAction\",\"target\":[\"https:\\\/\\\/egidimadeinitaly.com\\\/fr\\\/negozio\\\/art-moderne\\\/oeuvres-modernes-sur-papiers\\\/salvador-dali-la-sirene\\\/\"]}]},{\"@type\":\"ImageObject\",\"inLanguage\":\"fr-FR\",\"@id\":\"https:\\\/\\\/egidimadeinitaly.com\\\/fr\\\/negozio\\\/art-moderne\\\/oeuvres-modernes-sur-papiers\\\/salvador-dali-la-sirene\\\/#primaryimage\",\"url\":\"https:\\\/\\\/egidimadeinitaly.com\\\/v25\\\/wp-content\\\/uploads\\\/2025\\\/12\\\/salvator-dali-la-sirene-dettaglio-firma.jpg\",\"contentUrl\":\"https:\\\/\\\/egidimadeinitaly.com\\\/v25\\\/wp-content\\\/uploads\\\/2025\\\/12\\\/salvator-dali-la-sirene-dettaglio-firma.jpg\",\"width\":1984,\"height\":1984,\"caption\":\"La sir\u00e8ne, lithographie originale sign\u00e9e de Salvador Dal\u00ed\"},{\"@type\":\"BreadcrumbList\",\"@id\":\"https:\\\/\\\/egidimadeinitaly.com\\\/fr\\\/negozio\\\/art-moderne\\\/oeuvres-modernes-sur-papiers\\\/salvador-dali-la-sirene\\\/#breadcrumb\",\"itemListElement\":[{\"@type\":\"ListItem\",\"position\":1,\"name\":\"Home\",\"item\":\"https:\\\/\\\/egidimadeinitaly.com\\\/fr\\\/\"},{\"@type\":\"ListItem\",\"position\":2,\"name\":\"Produits\",\"item\":\"https:\\\/\\\/egidimadeinitaly.com\\\/fr\\\/shop\\\/\"},{\"@type\":\"ListItem\",\"position\":3,\"name\":\"Art moderne\",\"item\":\"https:\\\/\\\/egidimadeinitaly.com\\\/fr\\\/product-category\\\/art-moderne\\\/\"},{\"@type\":\"ListItem\",\"position\":4,\"name\":\"\u0152uvres modernes sur papiers\",\"item\":\"https:\\\/\\\/egidimadeinitaly.com\\\/fr\\\/product-category\\\/art-moderne\\\/oeuvres-modernes-sur-papiers\\\/\"},{\"@type\":\"ListItem\",\"position\":5,\"name\":\"Salvador Dal\u00ed La sir\u00e8ne\"}]},{\"@type\":\"WebSite\",\"@id\":\"https:\\\/\\\/egidimadeinitaly.com\\\/fr\\\/#website\",\"url\":\"https:\\\/\\\/egidimadeinitaly.com\\\/fr\\\/\",\"name\":\"Egidi MadeinItaly\",\"description\":\"Fine Art\",\"potentialAction\":[{\"@type\":\"SearchAction\",\"target\":{\"@type\":\"EntryPoint\",\"urlTemplate\":\"https:\\\/\\\/egidimadeinitaly.com\\\/fr\\\/?s={search_term_string}\"},\"query-input\":{\"@type\":\"PropertyValueSpecification\",\"valueRequired\":true,\"valueName\":\"search_term_string\"}}],\"inLanguage\":\"fr-FR\"}]}<\/script>\n<!-- \/ Yoast SEO Premium plugin. -->","yoast_head_json":{"title":"Salvador Dal\u00ed La sir\u00e8ne - Egidi MadeinItaly","description":"Salvador Dal\u00ed La sir\u00e8ne lithographie originale sign\u00e9e \u0153uvre surr\u00e9aliste des ann\u00e9es 1970 exemplaire 84\/195 cycle graphique inspir\u00e9 des Chants de Maldoror","robots":{"index":"index","follow":"follow","max-snippet":"max-snippet:-1","max-image-preview":"max-image-preview:large","max-video-preview":"max-video-preview:-1"},"canonical":"https:\/\/egidimadeinitaly.com\/fr\/negozio\/art-moderne\/oeuvres-modernes-sur-papiers\/salvador-dali-la-sirene\/","og_locale":"fr_FR","og_type":"article","og_title":"Salvador Dal\u00ed La sir\u00e8ne","og_description":"Salvador Dal\u00ed La sir\u00e8ne est une lithographie originale sign\u00e9e, r\u00e9alis\u00e9e dans les ann\u00e9es 1970 et rattach\u00e9e au cycle graphique inspir\u00e9 des Chants de Maldoror d\u2019Isidore Ducasse, dit le comte de Lautr\u00e9amont. L\u2019\u0153uvre repr\u00e9sente une figure f\u00e9minine nue, assimil\u00e9e \u00e0 une sir\u00e8ne, suspendue entre sensualit\u00e9 et vision onirique. Son buste appara\u00eet au-dessus d\u2019un arc rocheux aux couleurs intenses, ouvrant sur un paysage marin paisible et intemporel. Une embarcation archa\u00efque traverse la sc\u00e8ne, tandis que de petites figures humaines ponctuent le rivage. Dal\u00ed y d\u00e9ploie une synth\u00e8se subtile entre mythe, d\u00e9sir et inconscient, int\u00e9grant le corps f\u00e9minin au paysage selon sa m\u00e9thode parano\u00efaque-critique. Le contraste entre la richesse chromatique et le dessin d\u00e9licat du corps conf\u00e8re \u00e0 l\u2019\u0153uvre une tension visuelle raffin\u00e9e. Exemplaire 84\/195. Autographe au crayon de Salvador Dal\u00ed.","og_url":"https:\/\/egidimadeinitaly.com\/fr\/negozio\/art-moderne\/oeuvres-modernes-sur-papiers\/salvador-dali-la-sirene\/","og_site_name":"Egidi MadeinItaly","article_publisher":"https:\/\/www.facebook.com\/egidimadeinitaly\/","article_modified_time":"2025-12-16T11:29:35+00:00","og_image":[{"width":1984,"height":1984,"url":"https:\/\/egidimadeinitaly.com\/v25\/wp-content\/uploads\/2025\/12\/salvator-dali-la-sirene-dettaglio-firma.jpg","type":"image\/jpeg"}],"schema":{"@context":"https:\/\/schema.org","@graph":[{"@type":"WebPage","@id":"https:\/\/egidimadeinitaly.com\/fr\/negozio\/art-moderne\/oeuvres-modernes-sur-papiers\/salvador-dali-la-sirene\/","url":"https:\/\/egidimadeinitaly.com\/fr\/negozio\/art-moderne\/oeuvres-modernes-sur-papiers\/salvador-dali-la-sirene\/","name":"Salvador Dal\u00ed La sir\u00e8ne - Egidi MadeinItaly","isPartOf":{"@id":"https:\/\/egidimadeinitaly.com\/fr\/#website"},"primaryImageOfPage":{"@id":"https:\/\/egidimadeinitaly.com\/fr\/negozio\/art-moderne\/oeuvres-modernes-sur-papiers\/salvador-dali-la-sirene\/#primaryimage"},"image":{"@id":"https:\/\/egidimadeinitaly.com\/fr\/negozio\/art-moderne\/oeuvres-modernes-sur-papiers\/salvador-dali-la-sirene\/#primaryimage"},"thumbnailUrl":"https:\/\/egidimadeinitaly.com\/v25\/wp-content\/uploads\/2025\/12\/salvator-dali-la-sirene-dettaglio-firma.jpg","datePublished":"2025-12-16T10:31:25+00:00","dateModified":"2025-12-16T11:29:35+00:00","description":"Salvador Dal\u00ed La sir\u00e8ne lithographie originale sign\u00e9e \u0153uvre surr\u00e9aliste des ann\u00e9es 1970 exemplaire 84\/195 cycle graphique inspir\u00e9 des Chants de Maldoror","breadcrumb":{"@id":"https:\/\/egidimadeinitaly.com\/fr\/negozio\/art-moderne\/oeuvres-modernes-sur-papiers\/salvador-dali-la-sirene\/#breadcrumb"},"inLanguage":"fr-FR","potentialAction":[{"@type":"ReadAction","target":["https:\/\/egidimadeinitaly.com\/fr\/negozio\/art-moderne\/oeuvres-modernes-sur-papiers\/salvador-dali-la-sirene\/"]}]},{"@type":"ImageObject","inLanguage":"fr-FR","@id":"https:\/\/egidimadeinitaly.com\/fr\/negozio\/art-moderne\/oeuvres-modernes-sur-papiers\/salvador-dali-la-sirene\/#primaryimage","url":"https:\/\/egidimadeinitaly.com\/v25\/wp-content\/uploads\/2025\/12\/salvator-dali-la-sirene-dettaglio-firma.jpg","contentUrl":"https:\/\/egidimadeinitaly.com\/v25\/wp-content\/uploads\/2025\/12\/salvator-dali-la-sirene-dettaglio-firma.jpg","width":1984,"height":1984,"caption":"La sir\u00e8ne, lithographie originale sign\u00e9e de Salvador Dal\u00ed"},{"@type":"BreadcrumbList","@id":"https:\/\/egidimadeinitaly.com\/fr\/negozio\/art-moderne\/oeuvres-modernes-sur-papiers\/salvador-dali-la-sirene\/#breadcrumb","itemListElement":[{"@type":"ListItem","position":1,"name":"Home","item":"https:\/\/egidimadeinitaly.com\/fr\/"},{"@type":"ListItem","position":2,"name":"Produits","item":"https:\/\/egidimadeinitaly.com\/fr\/shop\/"},{"@type":"ListItem","position":3,"name":"Art moderne","item":"https:\/\/egidimadeinitaly.com\/fr\/product-category\/art-moderne\/"},{"@type":"ListItem","position":4,"name":"\u0152uvres modernes sur papiers","item":"https:\/\/egidimadeinitaly.com\/fr\/product-category\/art-moderne\/oeuvres-modernes-sur-papiers\/"},{"@type":"ListItem","position":5,"name":"Salvador Dal\u00ed La sir\u00e8ne"}]},{"@type":"WebSite","@id":"https:\/\/egidimadeinitaly.com\/fr\/#website","url":"https:\/\/egidimadeinitaly.com\/fr\/","name":"Egidi MadeinItaly","description":"Fine Art","potentialAction":[{"@type":"SearchAction","target":{"@type":"EntryPoint","urlTemplate":"https:\/\/egidimadeinitaly.com\/fr\/?s={search_term_string}"},"query-input":{"@type":"PropertyValueSpecification","valueRequired":true,"valueName":"search_term_string"}}],"inLanguage":"fr-FR"}]}},"_links":{"self":[{"href":"https:\/\/egidimadeinitaly.com\/fr\/wp-json\/wp\/v2\/product\/126338","targetHints":{"allow":["GET"]}}],"collection":[{"href":"https:\/\/egidimadeinitaly.com\/fr\/wp-json\/wp\/v2\/product"}],"about":[{"href":"https:\/\/egidimadeinitaly.com\/fr\/wp-json\/wp\/v2\/types\/product"}],"wp:featuredmedia":[{"embeddable":true,"href":"https:\/\/egidimadeinitaly.com\/fr\/wp-json\/wp\/v2\/media\/126319"}],"wp:attachment":[{"href":"https:\/\/egidimadeinitaly.com\/fr\/wp-json\/wp\/v2\/media?parent=126338"}],"wp:term":[{"taxonomy":"product_brand","embeddable":true,"href":"https:\/\/egidimadeinitaly.com\/fr\/wp-json\/wp\/v2\/product_brand?post=126338"},{"taxonomy":"product_cat","embeddable":true,"href":"https:\/\/egidimadeinitaly.com\/fr\/wp-json\/wp\/v2\/product_cat?post=126338"},{"taxonomy":"product_tag","embeddable":true,"href":"https:\/\/egidimadeinitaly.com\/fr\/wp-json\/wp\/v2\/product_tag?post=126338"}],"curies":[{"name":"wp","href":"https:\/\/api.w.org\/{rel}","templated":true}]}}