{"id":126238,"date":"2025-12-01T17:01:05","date_gmt":"2025-12-01T16:01:05","guid":{"rendered":"https:\/\/egidimadeinitaly.com\/?post_type=product&#038;p=126238"},"modified":"2026-01-13T15:20:07","modified_gmt":"2026-01-13T14:20:07","slug":"tableau-baroque-la-decouverte-de-lenfant-erichthonios","status":"publish","type":"product","link":"https:\/\/egidimadeinitaly.com\/fr\/negozio\/art-ancien\/tableaux-anciens-fr\/tableau-baroque-la-decouverte-de-lenfant-erichthonios\/","title":{"rendered":"Tableau baroque La D\u00e9couverte de l&rsquo;Enfant \u00c9richthonios"},"content":{"rendered":"<div class=\"wpb-content-wrapper\"><p>[vc_row][vc_column width=\u00a0\u00bb1\/1&Prime;][vc_column_text uncode_shortcode_id=\u00a0\u00bb689763&Prime;]<\/p>\n<p dir=\"auto\">Ce rare tableau antique \u00e0 l&rsquo;huile sur panneau, capture le mythe grec dramatique de la d\u00e9couverte d&rsquo;\u00c9richthonios vers 1615. Il met en sc\u00e8ne les trois filles semi-nues du roi C\u00e9crops \u2014 Aglauros, Herse et Pandrosos \u2014 d\u00e9couvrant l&rsquo;enfant \u00c9richthonios dans un panier d&rsquo;osier, gard\u00e9 par un serpent symbolisant ses origines divines n\u00e9es de la terre, issues d&rsquo;Ath\u00e9na et d&rsquo;H\u00e9pha\u00efstos. La sc\u00e8ne se d\u00e9roule sur une terrasse classique avec balustrade, un paysage luxuriant au cr\u00e9puscule, un chien curieux, un paon majestueux (li\u00e9 \u00e0 Junon), et une fontaine surmont\u00e9e d&rsquo;une statue aux multiples seins \u00e9voquant l&rsquo;Art\u00e9mis d&rsquo;\u00c9ph\u00e8se ou Cyb\u00e8le, d\u00e9esse de la fertilit\u00e9. Le style baroque brille par des figures voluptueuses, des draperies vibrantes en bleu, jaune et rose, une composition dynamique, et des th\u00e8mes de curiosit\u00e9, de divinit\u00e9 et de folie humaine \u2014 faisant \u00e9cho aux M\u00e9tamorphoses d&rsquo;Ovide.<\/p>\n<p dir=\"auto\">Parfait pour embellir la d\u00e9coration int\u00e9rieure avec de l&rsquo;art historique, cette pi\u00e8ce attire les acheteurs de tableaux, d&rsquo;art mythologique baroque, d&rsquo;\u0153uvres d&rsquo;art collectionnables.<\/p>\n<p dir=\"auto\">Contactez egidimadeinitaly.com pour le prix, le certificat d&rsquo;authenticit\u00e9 et l&rsquo;exp\u00e9dition mondiale.<\/p>\n<p>[\/vc_column_text][\/vc_column][\/vc_row]<\/p>\n<\/div>","protected":false},"excerpt":{"rendered":"<p data-start=\"452\" data-end=\"950\">Opera raffinata su tavola che raffigura la celebre scena mitologica della <strong>scoperta del bambino Erittonio<\/strong>. Un dipinto antico di grande eleganza, ideale per collezionisti e per gli amanti dell\u2019iconografia classica.<\/p>\n<p data-start=\"452\" data-end=\"950\">Il dipinto raffigura l\u2019episodio mitologico della <strong>scoperta del piccolo Erittonio<\/strong>, figura legata al culto di Atena e alla fondazione di Atene. Tre figure femminili, ritratte in un\u2019ambientazione architettonica classica, si chinano sul bambino adagiato in un cesto. La composizione \u00e8 equilibrata, costruita con attenzione alla resa anatomica e alla morbidezza dei panneggi. Sullo sfondo compare una fontana scolpita e un pavone, elementi che arricchiscono la scena con dettagli simbolici e ornamentali.<\/p>\n<p data-start=\"952\" data-end=\"1100\">\n","protected":false},"featured_media":126230,"template":"","meta":{"_acf_changed":false},"product_brand":[],"product_cat":[6374,6408],"product_tag":[],"class_list":{"0":"post-126238","1":"product","2":"type-product","3":"status-publish","4":"has-post-thumbnail","6":"product_cat-art-ancien","7":"product_cat-tableaux-anciens-fr","9":"first","10":"instock","11":"taxable","12":"shipping-taxable","13":"product-type-simple"},"acf":[],"yoast_head":"<!-- This site is optimized with the Yoast SEO Premium plugin v27.4 (Yoast SEO v27.5) - https:\/\/yoast.com\/product\/yoast-seo-premium-wordpress\/ -->\n<title>Tableau baroque La D\u00e9couverte de l&#039;Enfant \u00c9richthonios - Egidi MadeinItaly<\/title>\n<meta name=\"description\" content=\"Peinture sur bois du XVIIe si\u00e8cle repr\u00e9sentant La d\u00e9couverte de l&#039;enfant \u00c9rytthonios, sc\u00e8ne mythologique d&#039;une grande \u00e9l\u00e9gance et riche en d\u00e9tails\" \/>\n<meta name=\"robots\" content=\"index, follow, max-snippet:-1, max-image-preview:large, max-video-preview:-1\" \/>\n<link rel=\"canonical\" href=\"https:\/\/egidimadeinitaly.com\/fr\/negozio\/art-ancien\/tableaux-anciens-fr\/tableau-baroque-la-decouverte-de-lenfant-erichthonios\/\" \/>\n<meta property=\"og:locale\" content=\"fr_FR\" \/>\n<meta property=\"og:type\" content=\"article\" \/>\n<meta property=\"og:title\" content=\"Tableau baroque La D\u00e9couverte de l&#039;Enfant \u00c9richthonios\" \/>\n<meta property=\"og:description\" content=\"Opera raffinata su tavola che raffigura la celebre scena mitologica della scoperta del bambino Erittonio. Un dipinto antico di grande eleganza, ideale per collezionisti e per gli amanti dell\u2019iconografia classica. Il dipinto raffigura l\u2019episodio mitologico della scoperta del piccolo Erittonio, figura legata al culto di Atena e alla fondazione di Atene. Tre figure femminili, ritratte in un\u2019ambientazione architettonica classica, si chinano sul bambino adagiato in un cesto. La composizione \u00e8 equilibrata, costruita con attenzione alla resa anatomica e alla morbidezza dei panneggi. Sullo sfondo compare una fontana scolpita e un pavone, elementi che arricchiscono la scena con dettagli simbolici e ornamentali.\" \/>\n<meta property=\"og:url\" content=\"https:\/\/egidimadeinitaly.com\/fr\/negozio\/art-ancien\/tableaux-anciens-fr\/tableau-baroque-la-decouverte-de-lenfant-erichthonios\/\" \/>\n<meta property=\"og:site_name\" content=\"Egidi MadeinItaly\" \/>\n<meta property=\"article:publisher\" content=\"https:\/\/www.facebook.com\/egidimadeinitaly\/\" \/>\n<meta property=\"article:modified_time\" content=\"2026-01-13T14:20:07+00:00\" \/>\n<meta property=\"og:image\" content=\"https:\/\/egidimadeinitaly.com\/v25\/wp-content\/uploads\/2025\/12\/Scoperta-di-Erittonio-scuola-seicentesca-su-tavola-scaled-e1764597647577.jpg\" \/>\n\t<meta property=\"og:image:width\" content=\"2560\" \/>\n\t<meta property=\"og:image:height\" content=\"2560\" \/>\n\t<meta property=\"og:image:type\" content=\"image\/jpeg\" \/>\n<script type=\"application\/ld+json\" class=\"yoast-schema-graph\">{\"@context\":\"https:\\\/\\\/schema.org\",\"@graph\":[{\"@type\":\"WebPage\",\"@id\":\"https:\\\/\\\/egidimadeinitaly.com\\\/fr\\\/negozio\\\/art-ancien\\\/tableaux-anciens-fr\\\/tableau-baroque-la-decouverte-de-lenfant-erichthonios\\\/\",\"url\":\"https:\\\/\\\/egidimadeinitaly.com\\\/fr\\\/negozio\\\/art-ancien\\\/tableaux-anciens-fr\\\/tableau-baroque-la-decouverte-de-lenfant-erichthonios\\\/\",\"name\":\"Tableau baroque La D\u00e9couverte de l'Enfant \u00c9richthonios - Egidi MadeinItaly\",\"isPartOf\":{\"@id\":\"https:\\\/\\\/egidimadeinitaly.com\\\/fr\\\/#website\"},\"primaryImageOfPage\":{\"@id\":\"https:\\\/\\\/egidimadeinitaly.com\\\/fr\\\/negozio\\\/art-ancien\\\/tableaux-anciens-fr\\\/tableau-baroque-la-decouverte-de-lenfant-erichthonios\\\/#primaryimage\"},\"image\":{\"@id\":\"https:\\\/\\\/egidimadeinitaly.com\\\/fr\\\/negozio\\\/art-ancien\\\/tableaux-anciens-fr\\\/tableau-baroque-la-decouverte-de-lenfant-erichthonios\\\/#primaryimage\"},\"thumbnailUrl\":\"https:\\\/\\\/egidimadeinitaly.com\\\/v25\\\/wp-content\\\/uploads\\\/2025\\\/12\\\/Scoperta-di-Erittonio-scuola-seicentesca-su-tavola-scaled-e1764597647577.jpg\",\"datePublished\":\"2025-12-01T16:01:05+00:00\",\"dateModified\":\"2026-01-13T14:20:07+00:00\",\"description\":\"Peinture sur bois du XVIIe si\u00e8cle repr\u00e9sentant La d\u00e9couverte de l'enfant \u00c9rytthonios, sc\u00e8ne mythologique d'une grande \u00e9l\u00e9gance et riche en d\u00e9tails\",\"breadcrumb\":{\"@id\":\"https:\\\/\\\/egidimadeinitaly.com\\\/fr\\\/negozio\\\/art-ancien\\\/tableaux-anciens-fr\\\/tableau-baroque-la-decouverte-de-lenfant-erichthonios\\\/#breadcrumb\"},\"inLanguage\":\"fr-FR\",\"potentialAction\":[{\"@type\":\"ReadAction\",\"target\":[\"https:\\\/\\\/egidimadeinitaly.com\\\/fr\\\/negozio\\\/art-ancien\\\/tableaux-anciens-fr\\\/tableau-baroque-la-decouverte-de-lenfant-erichthonios\\\/\"]}]},{\"@type\":\"ImageObject\",\"inLanguage\":\"fr-FR\",\"@id\":\"https:\\\/\\\/egidimadeinitaly.com\\\/fr\\\/negozio\\\/art-ancien\\\/tableaux-anciens-fr\\\/tableau-baroque-la-decouverte-de-lenfant-erichthonios\\\/#primaryimage\",\"url\":\"https:\\\/\\\/egidimadeinitaly.com\\\/v25\\\/wp-content\\\/uploads\\\/2025\\\/12\\\/Scoperta-di-Erittonio-scuola-seicentesca-su-tavola-scaled-e1764597647577.jpg\",\"contentUrl\":\"https:\\\/\\\/egidimadeinitaly.com\\\/v25\\\/wp-content\\\/uploads\\\/2025\\\/12\\\/Scoperta-di-Erittonio-scuola-seicentesca-su-tavola-scaled-e1764597647577.jpg\",\"width\":2560,\"height\":2560,\"caption\":\"Filles de C\u00e9crops d\u00e9couvrent \u00c9richthonios dans panier mythologique\"},{\"@type\":\"BreadcrumbList\",\"@id\":\"https:\\\/\\\/egidimadeinitaly.com\\\/fr\\\/negozio\\\/art-ancien\\\/tableaux-anciens-fr\\\/tableau-baroque-la-decouverte-de-lenfant-erichthonios\\\/#breadcrumb\",\"itemListElement\":[{\"@type\":\"ListItem\",\"position\":1,\"name\":\"Home\",\"item\":\"https:\\\/\\\/egidimadeinitaly.com\\\/fr\\\/\"},{\"@type\":\"ListItem\",\"position\":2,\"name\":\"Produits\",\"item\":\"https:\\\/\\\/egidimadeinitaly.com\\\/fr\\\/shop\\\/\"},{\"@type\":\"ListItem\",\"position\":3,\"name\":\"Art ancien\",\"item\":\"https:\\\/\\\/egidimadeinitaly.com\\\/fr\\\/product-category\\\/art-ancien\\\/\"},{\"@type\":\"ListItem\",\"position\":4,\"name\":\"Tableaux anciens\",\"item\":\"https:\\\/\\\/egidimadeinitaly.com\\\/fr\\\/product-category\\\/art-ancien\\\/tableaux-anciens-fr\\\/\"},{\"@type\":\"ListItem\",\"position\":5,\"name\":\"Tableau baroque La D\u00e9couverte de l&#8217;Enfant \u00c9richthonios\"}]},{\"@type\":\"WebSite\",\"@id\":\"https:\\\/\\\/egidimadeinitaly.com\\\/fr\\\/#website\",\"url\":\"https:\\\/\\\/egidimadeinitaly.com\\\/fr\\\/\",\"name\":\"Egidi MadeinItaly\",\"description\":\"Fine Art\",\"potentialAction\":[{\"@type\":\"SearchAction\",\"target\":{\"@type\":\"EntryPoint\",\"urlTemplate\":\"https:\\\/\\\/egidimadeinitaly.com\\\/fr\\\/?s={search_term_string}\"},\"query-input\":{\"@type\":\"PropertyValueSpecification\",\"valueRequired\":true,\"valueName\":\"search_term_string\"}}],\"inLanguage\":\"fr-FR\"}]}<\/script>\n<!-- \/ Yoast SEO Premium plugin. -->","yoast_head_json":{"title":"Tableau baroque La D\u00e9couverte de l'Enfant \u00c9richthonios - Egidi MadeinItaly","description":"Peinture sur bois du XVIIe si\u00e8cle repr\u00e9sentant La d\u00e9couverte de l'enfant \u00c9rytthonios, sc\u00e8ne mythologique d'une grande \u00e9l\u00e9gance et riche en d\u00e9tails","robots":{"index":"index","follow":"follow","max-snippet":"max-snippet:-1","max-image-preview":"max-image-preview:large","max-video-preview":"max-video-preview:-1"},"canonical":"https:\/\/egidimadeinitaly.com\/fr\/negozio\/art-ancien\/tableaux-anciens-fr\/tableau-baroque-la-decouverte-de-lenfant-erichthonios\/","og_locale":"fr_FR","og_type":"article","og_title":"Tableau baroque La D\u00e9couverte de l'Enfant \u00c9richthonios","og_description":"Opera raffinata su tavola che raffigura la celebre scena mitologica della scoperta del bambino Erittonio. Un dipinto antico di grande eleganza, ideale per collezionisti e per gli amanti dell\u2019iconografia classica. Il dipinto raffigura l\u2019episodio mitologico della scoperta del piccolo Erittonio, figura legata al culto di Atena e alla fondazione di Atene. Tre figure femminili, ritratte in un\u2019ambientazione architettonica classica, si chinano sul bambino adagiato in un cesto. La composizione \u00e8 equilibrata, costruita con attenzione alla resa anatomica e alla morbidezza dei panneggi. Sullo sfondo compare una fontana scolpita e un pavone, elementi che arricchiscono la scena con dettagli simbolici e ornamentali.","og_url":"https:\/\/egidimadeinitaly.com\/fr\/negozio\/art-ancien\/tableaux-anciens-fr\/tableau-baroque-la-decouverte-de-lenfant-erichthonios\/","og_site_name":"Egidi MadeinItaly","article_publisher":"https:\/\/www.facebook.com\/egidimadeinitaly\/","article_modified_time":"2026-01-13T14:20:07+00:00","og_image":[{"width":2560,"height":2560,"url":"https:\/\/egidimadeinitaly.com\/v25\/wp-content\/uploads\/2025\/12\/Scoperta-di-Erittonio-scuola-seicentesca-su-tavola-scaled-e1764597647577.jpg","type":"image\/jpeg"}],"schema":{"@context":"https:\/\/schema.org","@graph":[{"@type":"WebPage","@id":"https:\/\/egidimadeinitaly.com\/fr\/negozio\/art-ancien\/tableaux-anciens-fr\/tableau-baroque-la-decouverte-de-lenfant-erichthonios\/","url":"https:\/\/egidimadeinitaly.com\/fr\/negozio\/art-ancien\/tableaux-anciens-fr\/tableau-baroque-la-decouverte-de-lenfant-erichthonios\/","name":"Tableau baroque La D\u00e9couverte de l'Enfant \u00c9richthonios - Egidi MadeinItaly","isPartOf":{"@id":"https:\/\/egidimadeinitaly.com\/fr\/#website"},"primaryImageOfPage":{"@id":"https:\/\/egidimadeinitaly.com\/fr\/negozio\/art-ancien\/tableaux-anciens-fr\/tableau-baroque-la-decouverte-de-lenfant-erichthonios\/#primaryimage"},"image":{"@id":"https:\/\/egidimadeinitaly.com\/fr\/negozio\/art-ancien\/tableaux-anciens-fr\/tableau-baroque-la-decouverte-de-lenfant-erichthonios\/#primaryimage"},"thumbnailUrl":"https:\/\/egidimadeinitaly.com\/v25\/wp-content\/uploads\/2025\/12\/Scoperta-di-Erittonio-scuola-seicentesca-su-tavola-scaled-e1764597647577.jpg","datePublished":"2025-12-01T16:01:05+00:00","dateModified":"2026-01-13T14:20:07+00:00","description":"Peinture sur bois du XVIIe si\u00e8cle repr\u00e9sentant La d\u00e9couverte de l'enfant \u00c9rytthonios, sc\u00e8ne mythologique d'une grande \u00e9l\u00e9gance et riche en d\u00e9tails","breadcrumb":{"@id":"https:\/\/egidimadeinitaly.com\/fr\/negozio\/art-ancien\/tableaux-anciens-fr\/tableau-baroque-la-decouverte-de-lenfant-erichthonios\/#breadcrumb"},"inLanguage":"fr-FR","potentialAction":[{"@type":"ReadAction","target":["https:\/\/egidimadeinitaly.com\/fr\/negozio\/art-ancien\/tableaux-anciens-fr\/tableau-baroque-la-decouverte-de-lenfant-erichthonios\/"]}]},{"@type":"ImageObject","inLanguage":"fr-FR","@id":"https:\/\/egidimadeinitaly.com\/fr\/negozio\/art-ancien\/tableaux-anciens-fr\/tableau-baroque-la-decouverte-de-lenfant-erichthonios\/#primaryimage","url":"https:\/\/egidimadeinitaly.com\/v25\/wp-content\/uploads\/2025\/12\/Scoperta-di-Erittonio-scuola-seicentesca-su-tavola-scaled-e1764597647577.jpg","contentUrl":"https:\/\/egidimadeinitaly.com\/v25\/wp-content\/uploads\/2025\/12\/Scoperta-di-Erittonio-scuola-seicentesca-su-tavola-scaled-e1764597647577.jpg","width":2560,"height":2560,"caption":"Filles de C\u00e9crops d\u00e9couvrent \u00c9richthonios dans panier mythologique"},{"@type":"BreadcrumbList","@id":"https:\/\/egidimadeinitaly.com\/fr\/negozio\/art-ancien\/tableaux-anciens-fr\/tableau-baroque-la-decouverte-de-lenfant-erichthonios\/#breadcrumb","itemListElement":[{"@type":"ListItem","position":1,"name":"Home","item":"https:\/\/egidimadeinitaly.com\/fr\/"},{"@type":"ListItem","position":2,"name":"Produits","item":"https:\/\/egidimadeinitaly.com\/fr\/shop\/"},{"@type":"ListItem","position":3,"name":"Art ancien","item":"https:\/\/egidimadeinitaly.com\/fr\/product-category\/art-ancien\/"},{"@type":"ListItem","position":4,"name":"Tableaux anciens","item":"https:\/\/egidimadeinitaly.com\/fr\/product-category\/art-ancien\/tableaux-anciens-fr\/"},{"@type":"ListItem","position":5,"name":"Tableau baroque La D\u00e9couverte de l&#8217;Enfant \u00c9richthonios"}]},{"@type":"WebSite","@id":"https:\/\/egidimadeinitaly.com\/fr\/#website","url":"https:\/\/egidimadeinitaly.com\/fr\/","name":"Egidi MadeinItaly","description":"Fine Art","potentialAction":[{"@type":"SearchAction","target":{"@type":"EntryPoint","urlTemplate":"https:\/\/egidimadeinitaly.com\/fr\/?s={search_term_string}"},"query-input":{"@type":"PropertyValueSpecification","valueRequired":true,"valueName":"search_term_string"}}],"inLanguage":"fr-FR"}]}},"_links":{"self":[{"href":"https:\/\/egidimadeinitaly.com\/fr\/wp-json\/wp\/v2\/product\/126238","targetHints":{"allow":["GET"]}}],"collection":[{"href":"https:\/\/egidimadeinitaly.com\/fr\/wp-json\/wp\/v2\/product"}],"about":[{"href":"https:\/\/egidimadeinitaly.com\/fr\/wp-json\/wp\/v2\/types\/product"}],"wp:featuredmedia":[{"embeddable":true,"href":"https:\/\/egidimadeinitaly.com\/fr\/wp-json\/wp\/v2\/media\/126230"}],"wp:attachment":[{"href":"https:\/\/egidimadeinitaly.com\/fr\/wp-json\/wp\/v2\/media?parent=126238"}],"wp:term":[{"taxonomy":"product_brand","embeddable":true,"href":"https:\/\/egidimadeinitaly.com\/fr\/wp-json\/wp\/v2\/product_brand?post=126238"},{"taxonomy":"product_cat","embeddable":true,"href":"https:\/\/egidimadeinitaly.com\/fr\/wp-json\/wp\/v2\/product_cat?post=126238"},{"taxonomy":"product_tag","embeddable":true,"href":"https:\/\/egidimadeinitaly.com\/fr\/wp-json\/wp\/v2\/product_tag?post=126238"}],"curies":[{"name":"wp","href":"https:\/\/api.w.org\/{rel}","templated":true}]}}