{"id":126206,"date":"2025-10-14T12:41:41","date_gmt":"2025-10-14T11:41:41","guid":{"rendered":"https:\/\/egidimadeinitaly.com\/negozio\/senza-categoria\/jean-georges-pasquet-dipinto\/"},"modified":"2025-12-06T12:32:05","modified_gmt":"2025-12-06T11:32:05","slug":"portrait-dun-jeune-garcon-signe-jean-georges-pasquet","status":"publish","type":"product","link":"https:\/\/egidimadeinitaly.com\/fr\/negozio\/art-ancien\/tableaux-anciens-fr\/portrait-dun-jeune-garcon-signe-jean-georges-pasquet\/","title":{"rendered":"Portrait d\u2019un jeune gar\u00e7on sign\u00e9 Jean-Georges Pasquet"},"content":{"rendered":"<div class=\"wpb-content-wrapper\"><p>[vc_row][vc_column][vc_column_text uncode_shortcode_id=\u00a0\u00bb143784&Prime;]<\/p>\n<h2 data-start=\"1510\" data-end=\"1534\"><strong data-start=\"1513\" data-end=\"1534\">Valeur artistique<\/strong><\/h2>\n<p data-start=\"1535\" data-end=\"1975\">Ce tableau illustre parfaitement l&rsquo;habilet\u00e9 de Pasquet \u00e0 combiner <strong data-start=\"1601\" data-end=\"1613\">r\u00e9alisme<\/strong>, <strong data-start=\"1615\" data-end=\"1633\">sens du d\u00e9tail<\/strong> et <strong data-start=\"1637\" data-end=\"1664\">profondeur \u00e9motionnelle<\/strong>. La couronne de laurier, symbole d\u2019honneur et de sagesse, enrichit la sc\u00e8ne d\u2019une dimension iconographique rare. L\u2019\u0153uvre s\u2019int\u00e8gre harmonieusement dans une collection d\u2019art ancien, classique ou acad\u00e9miques, mais peut \u00e9galement dialoguer avec un int\u00e9rieur contemporain en qu\u00eate de pi\u00e8ces uniques et expressives.<\/p>\n<h2 data-start=\"1977\" data-end=\"2014\"><strong data-start=\"1980\" data-end=\"2014\">Pourquoi acheter cette \u0153uvre ?<\/strong><\/h2>\n<ul data-start=\"2015\" data-end=\"2306\">\n<li data-start=\"2015\" data-end=\"2093\">\n<p data-start=\"2017\" data-end=\"2093\">\u0152uvre authentique d&rsquo;un peintre appr\u00e9ci\u00e9 pour son style sensible et raffin\u00e9<\/p>\n<\/li>\n<li data-start=\"2094\" data-end=\"2169\">\n<p data-start=\"2096\" data-end=\"2169\">Pi\u00e8ce id\u00e9ale pour collectionneurs d&rsquo;art ancien et amateurs de portraits<\/p>\n<\/li>\n<li data-start=\"2170\" data-end=\"2225\">\n<p data-start=\"2172\" data-end=\"2225\">Forte pr\u00e9sence visuelle et grande qualit\u00e9 picturale<\/p>\n<\/li>\n<li data-start=\"2226\" data-end=\"2306\">\n<p data-start=\"2228\" data-end=\"2306\">Tr\u00e8s bonne opportunit\u00e9 d\u2019investissement dans le march\u00e9 de l\u2019art traditionnel<\/p>\n<\/li>\n<\/ul>\n<h2 data-start=\"2308\" data-end=\"2339\"><strong data-start=\"2311\" data-end=\"2339\">Livraison e authenticit\u00e9<\/strong><\/h2>\n<p data-start=\"2340\" data-end=\"2536\">Toutes nos \u0153uvres sont accompagn\u00e9es d\u2019un <strong data-start=\"2381\" data-end=\"2410\">certificat d\u2019authenticit\u00e9<\/strong> et emball\u00e9es avec le plus grand soin pour garantir une exp\u00e9dition s\u00e9curis\u00e9e. Livraison internationale disponible sur demande.<\/p>\n<p>[\/vc_column_text][\/vc_column][\/vc_row]<\/p>\n<\/div>","protected":false},"excerpt":{"rendered":"<p data-start=\"404\" data-end=\"971\">D\u00e9couvrez une superbe huile sur toile attribu\u00e9e \u00e0 <strong data-start=\"454\" data-end=\"478\">Jean-Georges Pasquet<\/strong>, artiste reconnu pour la d\u00e9licatesse de ses portraits et la ma\u00eetrise de la lumi\u00e8re dans ses compositions figuratives.<br data-start=\"596\" data-end=\"599\" \/>Ce <strong data-start=\"602\" data-end=\"665\">portrait d\u2019un jeune gar\u00e7on coiff\u00e9 d\u2019une couronne de laurier<\/strong>, envelopp\u00e9 dans un drap\u00e9 rouge vibrant, t\u00e9moigne de l\u2019extraordinaire capacit\u00e9 de l\u2019artiste \u00e0 restituer l\u2019intensit\u00e9 psychologique du mod\u00e8le. Le regard profond, la carnation soign\u00e9e et le contraste entre le fond sombre et le v\u00eatement \u00e9carlate conf\u00e8rent \u00e0 cette \u0153uvre une pr\u00e9sence solennelle et intemporelle.<\/p>\n<p data-start=\"973\" data-end=\"1154\">La toile pr\u00e9sente une patine authentique, des craquelures l\u00e9g\u00e8res et quelques traces d\u2019usure sur les bords, signes naturels du passage du temps qui renforcent son charme historique.<\/p>\n","protected":false},"featured_media":126215,"template":"","meta":{"_acf_changed":false},"product_brand":[],"product_cat":[6374,6408],"product_tag":[5492],"class_list":{"0":"post-126206","1":"product","2":"type-product","3":"status-publish","4":"has-post-thumbnail","6":"product_cat-art-ancien","7":"product_cat-tableaux-anciens-fr","8":"product_tag-portraits-fr","10":"first","11":"instock","12":"taxable","13":"shipping-taxable","14":"product-type-simple"},"acf":[],"yoast_head":"<!-- This site is optimized with the Yoast SEO Premium plugin v27.4 (Yoast SEO v27.5) - https:\/\/yoast.com\/product\/yoast-seo-premium-wordpress\/ -->\n<title>Portrait d\u2019un jeune gar\u00e7on sign\u00e9 Jean-Georges Pasquet - Egidi MadeinItaly<\/title>\n<meta name=\"description\" content=\"Achetez ce portrait d\u2019un jeune gar\u00e7on sign\u00e9 Jean-Georges Pasquet huile sur toile, grande finesse, charme historique. \u0152uvre authentique et livraison s\u00fbre.\" \/>\n<meta name=\"robots\" content=\"index, follow, max-snippet:-1, max-image-preview:large, max-video-preview:-1\" \/>\n<link rel=\"canonical\" href=\"https:\/\/egidimadeinitaly.com\/fr\/negozio\/art-ancien\/tableaux-anciens-fr\/portrait-dun-jeune-garcon-signe-jean-georges-pasquet\/\" \/>\n<meta property=\"og:locale\" content=\"fr_FR\" \/>\n<meta property=\"og:type\" content=\"article\" \/>\n<meta property=\"og:title\" content=\"Portrait d\u2019un jeune gar\u00e7on sign\u00e9 Jean-Georges Pasquet\" \/>\n<meta property=\"og:description\" content=\"D\u00e9couvrez une superbe huile sur toile attribu\u00e9e \u00e0 Jean-Georges Pasquet, artiste reconnu pour la d\u00e9licatesse de ses portraits et la ma\u00eetrise de la lumi\u00e8re dans ses compositions figuratives.Ce portrait d\u2019un jeune gar\u00e7on coiff\u00e9 d\u2019une couronne de laurier, envelopp\u00e9 dans un drap\u00e9 rouge vibrant, t\u00e9moigne de l\u2019extraordinaire capacit\u00e9 de l\u2019artiste \u00e0 restituer l\u2019intensit\u00e9 psychologique du mod\u00e8le. Le regard profond, la carnation soign\u00e9e et le contraste entre le fond sombre et le v\u00eatement \u00e9carlate conf\u00e8rent \u00e0 cette \u0153uvre une pr\u00e9sence solennelle et intemporelle. La toile pr\u00e9sente une patine authentique, des craquelures l\u00e9g\u00e8res et quelques traces d\u2019usure sur les bords, signes naturels du passage du temps qui renforcent son charme historique.\" \/>\n<meta property=\"og:url\" content=\"https:\/\/egidimadeinitaly.com\/fr\/negozio\/art-ancien\/tableaux-anciens-fr\/portrait-dun-jeune-garcon-signe-jean-georges-pasquet\/\" \/>\n<meta property=\"og:site_name\" content=\"Egidi MadeinItaly\" \/>\n<meta property=\"article:publisher\" content=\"https:\/\/www.facebook.com\/egidimadeinitaly\/\" \/>\n<meta property=\"article:modified_time\" content=\"2025-12-06T11:32:05+00:00\" \/>\n<meta property=\"og:image\" content=\"https:\/\/egidimadeinitaly.com\/v25\/wp-content\/uploads\/2025\/10\/jean-georges-pasquet-ritratto-giovane-fronte-1-e1764072970989.jpg\" \/>\n\t<meta property=\"og:image:width\" content=\"1984\" \/>\n\t<meta property=\"og:image:height\" content=\"1984\" \/>\n\t<meta property=\"og:image:type\" content=\"image\/jpeg\" \/>\n<script type=\"application\/ld+json\" class=\"yoast-schema-graph\">{\"@context\":\"https:\\\/\\\/schema.org\",\"@graph\":[{\"@type\":\"WebPage\",\"@id\":\"https:\\\/\\\/egidimadeinitaly.com\\\/fr\\\/negozio\\\/art-ancien\\\/tableaux-anciens-fr\\\/portrait-dun-jeune-garcon-signe-jean-georges-pasquet\\\/\",\"url\":\"https:\\\/\\\/egidimadeinitaly.com\\\/fr\\\/negozio\\\/art-ancien\\\/tableaux-anciens-fr\\\/portrait-dun-jeune-garcon-signe-jean-georges-pasquet\\\/\",\"name\":\"Portrait d\u2019un jeune gar\u00e7on sign\u00e9 Jean-Georges Pasquet - Egidi MadeinItaly\",\"isPartOf\":{\"@id\":\"https:\\\/\\\/egidimadeinitaly.com\\\/fr\\\/#website\"},\"primaryImageOfPage\":{\"@id\":\"https:\\\/\\\/egidimadeinitaly.com\\\/fr\\\/negozio\\\/art-ancien\\\/tableaux-anciens-fr\\\/portrait-dun-jeune-garcon-signe-jean-georges-pasquet\\\/#primaryimage\"},\"image\":{\"@id\":\"https:\\\/\\\/egidimadeinitaly.com\\\/fr\\\/negozio\\\/art-ancien\\\/tableaux-anciens-fr\\\/portrait-dun-jeune-garcon-signe-jean-georges-pasquet\\\/#primaryimage\"},\"thumbnailUrl\":\"https:\\\/\\\/egidimadeinitaly.com\\\/v25\\\/wp-content\\\/uploads\\\/2025\\\/10\\\/jean-georges-pasquet-ritratto-giovane-fronte-1-e1764072970989.jpg\",\"datePublished\":\"2025-10-14T11:41:41+00:00\",\"dateModified\":\"2025-12-06T11:32:05+00:00\",\"description\":\"Achetez ce portrait d\u2019un jeune gar\u00e7on sign\u00e9 Jean-Georges Pasquet huile sur toile, grande finesse, charme historique. \u0152uvre authentique et livraison s\u00fbre.\",\"breadcrumb\":{\"@id\":\"https:\\\/\\\/egidimadeinitaly.com\\\/fr\\\/negozio\\\/art-ancien\\\/tableaux-anciens-fr\\\/portrait-dun-jeune-garcon-signe-jean-georges-pasquet\\\/#breadcrumb\"},\"inLanguage\":\"fr-FR\",\"potentialAction\":[{\"@type\":\"ReadAction\",\"target\":[\"https:\\\/\\\/egidimadeinitaly.com\\\/fr\\\/negozio\\\/art-ancien\\\/tableaux-anciens-fr\\\/portrait-dun-jeune-garcon-signe-jean-georges-pasquet\\\/\"]}]},{\"@type\":\"ImageObject\",\"inLanguage\":\"fr-FR\",\"@id\":\"https:\\\/\\\/egidimadeinitaly.com\\\/fr\\\/negozio\\\/art-ancien\\\/tableaux-anciens-fr\\\/portrait-dun-jeune-garcon-signe-jean-georges-pasquet\\\/#primaryimage\",\"url\":\"https:\\\/\\\/egidimadeinitaly.com\\\/v25\\\/wp-content\\\/uploads\\\/2025\\\/10\\\/jean-georges-pasquet-ritratto-giovane-fronte-1-e1764072970989.jpg\",\"contentUrl\":\"https:\\\/\\\/egidimadeinitaly.com\\\/v25\\\/wp-content\\\/uploads\\\/2025\\\/10\\\/jean-georges-pasquet-ritratto-giovane-fronte-1-e1764072970989.jpg\",\"width\":1984,\"height\":1984,\"caption\":\"Jean Georges Pasquet Ritratto giovane fronte\"},{\"@type\":\"BreadcrumbList\",\"@id\":\"https:\\\/\\\/egidimadeinitaly.com\\\/fr\\\/negozio\\\/art-ancien\\\/tableaux-anciens-fr\\\/portrait-dun-jeune-garcon-signe-jean-georges-pasquet\\\/#breadcrumb\",\"itemListElement\":[{\"@type\":\"ListItem\",\"position\":1,\"name\":\"Home\",\"item\":\"https:\\\/\\\/egidimadeinitaly.com\\\/fr\\\/\"},{\"@type\":\"ListItem\",\"position\":2,\"name\":\"Produits\",\"item\":\"https:\\\/\\\/egidimadeinitaly.com\\\/fr\\\/shop\\\/\"},{\"@type\":\"ListItem\",\"position\":3,\"name\":\"Art ancien\",\"item\":\"https:\\\/\\\/egidimadeinitaly.com\\\/fr\\\/product-category\\\/art-ancien\\\/\"},{\"@type\":\"ListItem\",\"position\":4,\"name\":\"Tableaux anciens\",\"item\":\"https:\\\/\\\/egidimadeinitaly.com\\\/fr\\\/product-category\\\/art-ancien\\\/tableaux-anciens-fr\\\/\"},{\"@type\":\"ListItem\",\"position\":5,\"name\":\"Portrait d\u2019un jeune gar\u00e7on sign\u00e9 Jean-Georges Pasquet\"}]},{\"@type\":\"WebSite\",\"@id\":\"https:\\\/\\\/egidimadeinitaly.com\\\/fr\\\/#website\",\"url\":\"https:\\\/\\\/egidimadeinitaly.com\\\/fr\\\/\",\"name\":\"Egidi MadeinItaly\",\"description\":\"Fine Art\",\"potentialAction\":[{\"@type\":\"SearchAction\",\"target\":{\"@type\":\"EntryPoint\",\"urlTemplate\":\"https:\\\/\\\/egidimadeinitaly.com\\\/fr\\\/?s={search_term_string}\"},\"query-input\":{\"@type\":\"PropertyValueSpecification\",\"valueRequired\":true,\"valueName\":\"search_term_string\"}}],\"inLanguage\":\"fr-FR\"}]}<\/script>\n<!-- \/ Yoast SEO Premium plugin. -->","yoast_head_json":{"title":"Portrait d\u2019un jeune gar\u00e7on sign\u00e9 Jean-Georges Pasquet - Egidi MadeinItaly","description":"Achetez ce portrait d\u2019un jeune gar\u00e7on sign\u00e9 Jean-Georges Pasquet huile sur toile, grande finesse, charme historique. \u0152uvre authentique et livraison s\u00fbre.","robots":{"index":"index","follow":"follow","max-snippet":"max-snippet:-1","max-image-preview":"max-image-preview:large","max-video-preview":"max-video-preview:-1"},"canonical":"https:\/\/egidimadeinitaly.com\/fr\/negozio\/art-ancien\/tableaux-anciens-fr\/portrait-dun-jeune-garcon-signe-jean-georges-pasquet\/","og_locale":"fr_FR","og_type":"article","og_title":"Portrait d\u2019un jeune gar\u00e7on sign\u00e9 Jean-Georges Pasquet","og_description":"D\u00e9couvrez une superbe huile sur toile attribu\u00e9e \u00e0 Jean-Georges Pasquet, artiste reconnu pour la d\u00e9licatesse de ses portraits et la ma\u00eetrise de la lumi\u00e8re dans ses compositions figuratives.Ce portrait d\u2019un jeune gar\u00e7on coiff\u00e9 d\u2019une couronne de laurier, envelopp\u00e9 dans un drap\u00e9 rouge vibrant, t\u00e9moigne de l\u2019extraordinaire capacit\u00e9 de l\u2019artiste \u00e0 restituer l\u2019intensit\u00e9 psychologique du mod\u00e8le. Le regard profond, la carnation soign\u00e9e et le contraste entre le fond sombre et le v\u00eatement \u00e9carlate conf\u00e8rent \u00e0 cette \u0153uvre une pr\u00e9sence solennelle et intemporelle. La toile pr\u00e9sente une patine authentique, des craquelures l\u00e9g\u00e8res et quelques traces d\u2019usure sur les bords, signes naturels du passage du temps qui renforcent son charme historique.","og_url":"https:\/\/egidimadeinitaly.com\/fr\/negozio\/art-ancien\/tableaux-anciens-fr\/portrait-dun-jeune-garcon-signe-jean-georges-pasquet\/","og_site_name":"Egidi MadeinItaly","article_publisher":"https:\/\/www.facebook.com\/egidimadeinitaly\/","article_modified_time":"2025-12-06T11:32:05+00:00","og_image":[{"width":1984,"height":1984,"url":"https:\/\/egidimadeinitaly.com\/v25\/wp-content\/uploads\/2025\/10\/jean-georges-pasquet-ritratto-giovane-fronte-1-e1764072970989.jpg","type":"image\/jpeg"}],"schema":{"@context":"https:\/\/schema.org","@graph":[{"@type":"WebPage","@id":"https:\/\/egidimadeinitaly.com\/fr\/negozio\/art-ancien\/tableaux-anciens-fr\/portrait-dun-jeune-garcon-signe-jean-georges-pasquet\/","url":"https:\/\/egidimadeinitaly.com\/fr\/negozio\/art-ancien\/tableaux-anciens-fr\/portrait-dun-jeune-garcon-signe-jean-georges-pasquet\/","name":"Portrait d\u2019un jeune gar\u00e7on sign\u00e9 Jean-Georges Pasquet - Egidi MadeinItaly","isPartOf":{"@id":"https:\/\/egidimadeinitaly.com\/fr\/#website"},"primaryImageOfPage":{"@id":"https:\/\/egidimadeinitaly.com\/fr\/negozio\/art-ancien\/tableaux-anciens-fr\/portrait-dun-jeune-garcon-signe-jean-georges-pasquet\/#primaryimage"},"image":{"@id":"https:\/\/egidimadeinitaly.com\/fr\/negozio\/art-ancien\/tableaux-anciens-fr\/portrait-dun-jeune-garcon-signe-jean-georges-pasquet\/#primaryimage"},"thumbnailUrl":"https:\/\/egidimadeinitaly.com\/v25\/wp-content\/uploads\/2025\/10\/jean-georges-pasquet-ritratto-giovane-fronte-1-e1764072970989.jpg","datePublished":"2025-10-14T11:41:41+00:00","dateModified":"2025-12-06T11:32:05+00:00","description":"Achetez ce portrait d\u2019un jeune gar\u00e7on sign\u00e9 Jean-Georges Pasquet huile sur toile, grande finesse, charme historique. \u0152uvre authentique et livraison s\u00fbre.","breadcrumb":{"@id":"https:\/\/egidimadeinitaly.com\/fr\/negozio\/art-ancien\/tableaux-anciens-fr\/portrait-dun-jeune-garcon-signe-jean-georges-pasquet\/#breadcrumb"},"inLanguage":"fr-FR","potentialAction":[{"@type":"ReadAction","target":["https:\/\/egidimadeinitaly.com\/fr\/negozio\/art-ancien\/tableaux-anciens-fr\/portrait-dun-jeune-garcon-signe-jean-georges-pasquet\/"]}]},{"@type":"ImageObject","inLanguage":"fr-FR","@id":"https:\/\/egidimadeinitaly.com\/fr\/negozio\/art-ancien\/tableaux-anciens-fr\/portrait-dun-jeune-garcon-signe-jean-georges-pasquet\/#primaryimage","url":"https:\/\/egidimadeinitaly.com\/v25\/wp-content\/uploads\/2025\/10\/jean-georges-pasquet-ritratto-giovane-fronte-1-e1764072970989.jpg","contentUrl":"https:\/\/egidimadeinitaly.com\/v25\/wp-content\/uploads\/2025\/10\/jean-georges-pasquet-ritratto-giovane-fronte-1-e1764072970989.jpg","width":1984,"height":1984,"caption":"Jean Georges Pasquet Ritratto giovane fronte"},{"@type":"BreadcrumbList","@id":"https:\/\/egidimadeinitaly.com\/fr\/negozio\/art-ancien\/tableaux-anciens-fr\/portrait-dun-jeune-garcon-signe-jean-georges-pasquet\/#breadcrumb","itemListElement":[{"@type":"ListItem","position":1,"name":"Home","item":"https:\/\/egidimadeinitaly.com\/fr\/"},{"@type":"ListItem","position":2,"name":"Produits","item":"https:\/\/egidimadeinitaly.com\/fr\/shop\/"},{"@type":"ListItem","position":3,"name":"Art ancien","item":"https:\/\/egidimadeinitaly.com\/fr\/product-category\/art-ancien\/"},{"@type":"ListItem","position":4,"name":"Tableaux anciens","item":"https:\/\/egidimadeinitaly.com\/fr\/product-category\/art-ancien\/tableaux-anciens-fr\/"},{"@type":"ListItem","position":5,"name":"Portrait d\u2019un jeune gar\u00e7on sign\u00e9 Jean-Georges Pasquet"}]},{"@type":"WebSite","@id":"https:\/\/egidimadeinitaly.com\/fr\/#website","url":"https:\/\/egidimadeinitaly.com\/fr\/","name":"Egidi MadeinItaly","description":"Fine Art","potentialAction":[{"@type":"SearchAction","target":{"@type":"EntryPoint","urlTemplate":"https:\/\/egidimadeinitaly.com\/fr\/?s={search_term_string}"},"query-input":{"@type":"PropertyValueSpecification","valueRequired":true,"valueName":"search_term_string"}}],"inLanguage":"fr-FR"}]}},"_links":{"self":[{"href":"https:\/\/egidimadeinitaly.com\/fr\/wp-json\/wp\/v2\/product\/126206","targetHints":{"allow":["GET"]}}],"collection":[{"href":"https:\/\/egidimadeinitaly.com\/fr\/wp-json\/wp\/v2\/product"}],"about":[{"href":"https:\/\/egidimadeinitaly.com\/fr\/wp-json\/wp\/v2\/types\/product"}],"wp:featuredmedia":[{"embeddable":true,"href":"https:\/\/egidimadeinitaly.com\/fr\/wp-json\/wp\/v2\/media\/126215"}],"wp:attachment":[{"href":"https:\/\/egidimadeinitaly.com\/fr\/wp-json\/wp\/v2\/media?parent=126206"}],"wp:term":[{"taxonomy":"product_brand","embeddable":true,"href":"https:\/\/egidimadeinitaly.com\/fr\/wp-json\/wp\/v2\/product_brand?post=126206"},{"taxonomy":"product_cat","embeddable":true,"href":"https:\/\/egidimadeinitaly.com\/fr\/wp-json\/wp\/v2\/product_cat?post=126206"},{"taxonomy":"product_tag","embeddable":true,"href":"https:\/\/egidimadeinitaly.com\/fr\/wp-json\/wp\/v2\/product_tag?post=126206"}],"curies":[{"name":"wp","href":"https:\/\/api.w.org\/{rel}","templated":true}]}}