{"id":125478,"date":"2025-10-08T11:08:58","date_gmt":"2025-10-08T10:08:58","guid":{"rendered":"https:\/\/egidimadeinitaly.com\/negozio\/senza-categoria\/corrado-cagli-opera\/"},"modified":"2025-11-14T15:46:13","modified_gmt":"2025-11-14T14:46:13","slug":"corrado-cagli-oeuvre","status":"publish","type":"product","link":"https:\/\/egidimadeinitaly.com\/fr\/negozio\/art-moderne\/tableaux-modernes-fr\/corrado-cagli-oeuvre\/","title":{"rendered":"Corrado Cagli oeuvre"},"content":{"rendered":"<p>La technique du <strong>pastel \u00e0 la cire et \u00e0 l&rsquo;huile sur papier incrust\u00e9<\/strong>, typique du peintre Corrado Cagli, consiste \u00e0 appliquer de la cire et des pastels \u00e0 l&rsquo;huile sur un papier de haute qualit\u00e9 ensuite incrust\u00e9 sur un support rigide.<\/p>\n<p>Cagli a utilis\u00e9 cette m\u00e9thode pour cr\u00e9er des effets texturaux et lumineux, avec des stratifications en pointill\u00e9s qui \u00e9voquent des mosa\u00efques ou des gravures, permettant des transitions fluides entre les couleurs et un rendu tactile unique. Une technique fr\u00e9quente dans ses \u0153uvres des ann\u00e9es 1950-60, qui lui permet de combiner la spontan\u00e9it\u00e9 du pastel avec la durabilit\u00e9 de l&rsquo;huile.<\/p>\n<p>Acheter une \u0153uvre de Corrado Cagli, c&rsquo;est investir dans un morceau de l&rsquo;histoire de l&rsquo;art moderne italien. L&rsquo;\u0153uvre de Cagli associe l&rsquo;instinct sauvage \u00e0 une culture occidentale rationnelle, ce qui fait de lui un artiste incomparable. Ses \u0153uvres sont \u00e0 la fois un message lyrique, un test psychanalytique et un document ethnographique, offrant une profondeur que peu d&rsquo;artistes parviennent \u00e0 atteindre.<\/p>\n<p>Corrado Cagli (Anc\u00f4ne, 1910 &#8211; Rome, 1976) \u00e9tait un peintre italien d&rsquo;origine juive, figure cl\u00e9 de l&rsquo;\u00e9cole romaine des ann\u00e9es 1930, influenc\u00e9e par le futurisme, le cubisme et la m\u00e9taphysique.<\/p>\n<p dir=\"auto\">\n","protected":false},"excerpt":{"rendered":"<p>Pastel \u00e0 l&rsquo;huile cir\u00e9 de Corrado Cagli sur papier toil\u00e9. L&rsquo;\u0153uvre est sign\u00e9e \u00ab\u00a0Cagli\u00a0\u00bb dans le coin inf\u00e9rieur droit.<\/p>\n<p>Tr\u00e8s bon \u00e9tat de l&rsquo;\u0153uvre, patine naturelle et l\u00e9g\u00e8res craquelures dues \u00e0 l&rsquo;\u00e2ge ; papier pl\u00e2tre bien conserv\u00e9 et non restaur\u00e9.<\/p>\n<p>Avec ce portrait de profil, dont la texture pointilliste fragmente le contour du visage en une mosa\u00efque de gris, de jaunes et d&rsquo;ombres sur un fond rouge profond, Cagli entend symboliser la complexit\u00e9 de l&rsquo;identit\u00e9 humaine dans le chaos de l&rsquo;apr\u00e8s-guerre.<\/p>\n<p>Compendium de ses exp\u00e9riences personnelles et artistiques, l&rsquo;\u0153uvre \u00e9voque les th\u00e8mes de la d\u00e9sint\u00e9gration et de la reconstruction : le profil anonyme (peut-\u00eatre un autoportrait id\u00e9alis\u00e9 ou un arch\u00e9type tot\u00e9mique) repr\u00e9sente la m\u00e9moire fragment\u00e9e, la r\u00e9silience du moi face au traumatisme historique, et un retour aux racines romaines classiques filtr\u00e9es par l&rsquo;abstractionnisme moderne.<\/p>\n<p>La d\u00e9cennie entre les ann\u00e9es 1950 et 1960 est un tournant, au cours duquel Cagli \u00e9labore des visions plastiques microscopiques et m\u00e9taphysiques de la r\u00e9alit\u00e9.<\/p>\n","protected":false},"featured_media":125080,"template":"","meta":{"_acf_changed":false},"product_brand":[],"product_cat":[6377,6416],"product_tag":[5492],"class_list":{"0":"post-125478","1":"product","2":"type-product","3":"status-publish","4":"has-post-thumbnail","6":"product_cat-art-moderne","7":"product_cat-tableaux-modernes-fr","8":"product_tag-portraits-fr","10":"first","11":"instock","12":"taxable","13":"shipping-taxable","14":"purchasable","15":"product-type-simple"},"acf":[],"yoast_head":"<!-- This site is optimized with the Yoast SEO Premium plugin v27.4 (Yoast SEO v27.5) - https:\/\/yoast.com\/product\/yoast-seo-premium-wordpress\/ -->\n<title>Corrado Cagli oeuvre - Egidi MadeinItaly<\/title>\n<meta name=\"description\" content=\"Enrichir sa collection avec une \u0153uvre de Corrado Cagli n&#039;est pas seulement un choix esth\u00e9tique, mais aussi un investissement culturel et financier pr\u00e9cieux.\" \/>\n<meta name=\"robots\" content=\"index, follow, max-snippet:-1, max-image-preview:large, max-video-preview:-1\" \/>\n<link rel=\"canonical\" href=\"https:\/\/egidimadeinitaly.com\/fr\/negozio\/art-moderne\/tableaux-modernes-fr\/corrado-cagli-oeuvre\/\" \/>\n<meta property=\"og:locale\" content=\"fr_FR\" \/>\n<meta property=\"og:type\" content=\"article\" \/>\n<meta property=\"og:title\" content=\"Corrado Cagli oeuvre\" \/>\n<meta property=\"og:description\" content=\"Pastel \u00e0 l&#039;huile cir\u00e9 de Corrado Cagli sur papier toil\u00e9. L&#039;\u0153uvre est sign\u00e9e &quot;Cagli&quot; dans le coin inf\u00e9rieur droit.  Tr\u00e8s bon \u00e9tat de l&#039;\u0153uvre, patine naturelle et l\u00e9g\u00e8res craquelures dues \u00e0 l&#039;\u00e2ge ; papier pl\u00e2tre bien conserv\u00e9 et non restaur\u00e9.  Avec ce portrait de profil, dont la texture pointilliste fragmente le contour du visage en une mosa\u00efque de gris, de jaunes et d&#039;ombres sur un fond rouge profond, Cagli entend symboliser la complexit\u00e9 de l&#039;identit\u00e9 humaine dans le chaos de l&#039;apr\u00e8s-guerre.  Compendium de ses exp\u00e9riences personnelles et artistiques, l&#039;\u0153uvre \u00e9voque les th\u00e8mes de la d\u00e9sint\u00e9gration et de la reconstruction : le profil anonyme (peut-\u00eatre un autoportrait id\u00e9alis\u00e9 ou un arch\u00e9type tot\u00e9mique) repr\u00e9sente la m\u00e9moire fragment\u00e9e, la r\u00e9silience du moi face au traumatisme historique, et un retour aux racines romaines classiques filtr\u00e9es par l&#039;abstractionnisme moderne.  La d\u00e9cennie entre les ann\u00e9es 1950 et 1960 est un tournant, au cours duquel Cagli \u00e9labore des visions plastiques microscopiques et m\u00e9taphysiques de la r\u00e9alit\u00e9.\" \/>\n<meta property=\"og:url\" content=\"https:\/\/egidimadeinitaly.com\/fr\/negozio\/art-moderne\/tableaux-modernes-fr\/corrado-cagli-oeuvre\/\" \/>\n<meta property=\"og:site_name\" content=\"Egidi MadeinItaly\" \/>\n<meta property=\"article:publisher\" content=\"https:\/\/www.facebook.com\/egidimadeinitaly\/\" \/>\n<meta property=\"article:modified_time\" content=\"2025-11-14T14:46:13+00:00\" \/>\n<meta property=\"og:image\" content=\"https:\/\/egidimadeinitaly.com\/v25\/wp-content\/uploads\/2025\/09\/Corrado-Cagli-opera-1024x1024.jpg\" \/>\n\t<meta property=\"og:image:width\" content=\"1024\" \/>\n\t<meta property=\"og:image:height\" content=\"1024\" \/>\n\t<meta property=\"og:image:type\" content=\"image\/jpeg\" \/>\n<script type=\"application\/ld+json\" class=\"yoast-schema-graph\">{\"@context\":\"https:\\\/\\\/schema.org\",\"@graph\":[{\"@type\":\"WebPage\",\"@id\":\"https:\\\/\\\/egidimadeinitaly.com\\\/fr\\\/negozio\\\/art-moderne\\\/tableaux-modernes-fr\\\/corrado-cagli-oeuvre\\\/\",\"url\":\"https:\\\/\\\/egidimadeinitaly.com\\\/fr\\\/negozio\\\/art-moderne\\\/tableaux-modernes-fr\\\/corrado-cagli-oeuvre\\\/\",\"name\":\"Corrado Cagli oeuvre - Egidi MadeinItaly\",\"isPartOf\":{\"@id\":\"https:\\\/\\\/egidimadeinitaly.com\\\/fr\\\/#website\"},\"primaryImageOfPage\":{\"@id\":\"https:\\\/\\\/egidimadeinitaly.com\\\/fr\\\/negozio\\\/art-moderne\\\/tableaux-modernes-fr\\\/corrado-cagli-oeuvre\\\/#primaryimage\"},\"image\":{\"@id\":\"https:\\\/\\\/egidimadeinitaly.com\\\/fr\\\/negozio\\\/art-moderne\\\/tableaux-modernes-fr\\\/corrado-cagli-oeuvre\\\/#primaryimage\"},\"thumbnailUrl\":\"https:\\\/\\\/egidimadeinitaly.com\\\/v25\\\/wp-content\\\/uploads\\\/2025\\\/09\\\/Corrado-Cagli-opera-e1759936711532.jpg\",\"datePublished\":\"2025-10-08T10:08:58+00:00\",\"dateModified\":\"2025-11-14T14:46:13+00:00\",\"description\":\"Enrichir sa collection avec une \u0153uvre de Corrado Cagli n'est pas seulement un choix esth\u00e9tique, mais aussi un investissement culturel et financier pr\u00e9cieux.\",\"breadcrumb\":{\"@id\":\"https:\\\/\\\/egidimadeinitaly.com\\\/fr\\\/negozio\\\/art-moderne\\\/tableaux-modernes-fr\\\/corrado-cagli-oeuvre\\\/#breadcrumb\"},\"inLanguage\":\"fr-FR\",\"potentialAction\":[{\"@type\":\"ReadAction\",\"target\":[\"https:\\\/\\\/egidimadeinitaly.com\\\/fr\\\/negozio\\\/art-moderne\\\/tableaux-modernes-fr\\\/corrado-cagli-oeuvre\\\/\"]}]},{\"@type\":\"ImageObject\",\"inLanguage\":\"fr-FR\",\"@id\":\"https:\\\/\\\/egidimadeinitaly.com\\\/fr\\\/negozio\\\/art-moderne\\\/tableaux-modernes-fr\\\/corrado-cagli-oeuvre\\\/#primaryimage\",\"url\":\"https:\\\/\\\/egidimadeinitaly.com\\\/v25\\\/wp-content\\\/uploads\\\/2025\\\/09\\\/Corrado-Cagli-opera-e1759936711532.jpg\",\"contentUrl\":\"https:\\\/\\\/egidimadeinitaly.com\\\/v25\\\/wp-content\\\/uploads\\\/2025\\\/09\\\/Corrado-Cagli-opera-e1759936711532.jpg\",\"width\":1984,\"height\":1984,\"caption\":\"Corrado Cagli portrait de profil\"},{\"@type\":\"BreadcrumbList\",\"@id\":\"https:\\\/\\\/egidimadeinitaly.com\\\/fr\\\/negozio\\\/art-moderne\\\/tableaux-modernes-fr\\\/corrado-cagli-oeuvre\\\/#breadcrumb\",\"itemListElement\":[{\"@type\":\"ListItem\",\"position\":1,\"name\":\"Home\",\"item\":\"https:\\\/\\\/egidimadeinitaly.com\\\/fr\\\/\"},{\"@type\":\"ListItem\",\"position\":2,\"name\":\"Produits\",\"item\":\"https:\\\/\\\/egidimadeinitaly.com\\\/fr\\\/shop\\\/\"},{\"@type\":\"ListItem\",\"position\":3,\"name\":\"Art moderne\",\"item\":\"https:\\\/\\\/egidimadeinitaly.com\\\/fr\\\/product-category\\\/art-moderne\\\/\"},{\"@type\":\"ListItem\",\"position\":4,\"name\":\"Tableaux modernes\",\"item\":\"https:\\\/\\\/egidimadeinitaly.com\\\/fr\\\/product-category\\\/art-moderne\\\/tableaux-modernes-fr\\\/\"},{\"@type\":\"ListItem\",\"position\":5,\"name\":\"Corrado Cagli oeuvre\"}]},{\"@type\":\"WebSite\",\"@id\":\"https:\\\/\\\/egidimadeinitaly.com\\\/fr\\\/#website\",\"url\":\"https:\\\/\\\/egidimadeinitaly.com\\\/fr\\\/\",\"name\":\"Egidi MadeinItaly\",\"description\":\"Fine Art\",\"potentialAction\":[{\"@type\":\"SearchAction\",\"target\":{\"@type\":\"EntryPoint\",\"urlTemplate\":\"https:\\\/\\\/egidimadeinitaly.com\\\/fr\\\/?s={search_term_string}\"},\"query-input\":{\"@type\":\"PropertyValueSpecification\",\"valueRequired\":true,\"valueName\":\"search_term_string\"}}],\"inLanguage\":\"fr-FR\"}]}<\/script>\n<!-- \/ Yoast SEO Premium plugin. -->","yoast_head_json":{"title":"Corrado Cagli oeuvre - Egidi MadeinItaly","description":"Enrichir sa collection avec une \u0153uvre de Corrado Cagli n'est pas seulement un choix esth\u00e9tique, mais aussi un investissement culturel et financier pr\u00e9cieux.","robots":{"index":"index","follow":"follow","max-snippet":"max-snippet:-1","max-image-preview":"max-image-preview:large","max-video-preview":"max-video-preview:-1"},"canonical":"https:\/\/egidimadeinitaly.com\/fr\/negozio\/art-moderne\/tableaux-modernes-fr\/corrado-cagli-oeuvre\/","og_locale":"fr_FR","og_type":"article","og_title":"Corrado Cagli oeuvre","og_description":"Pastel \u00e0 l'huile cir\u00e9 de Corrado Cagli sur papier toil\u00e9. L'\u0153uvre est sign\u00e9e \"Cagli\" dans le coin inf\u00e9rieur droit.  Tr\u00e8s bon \u00e9tat de l'\u0153uvre, patine naturelle et l\u00e9g\u00e8res craquelures dues \u00e0 l'\u00e2ge ; papier pl\u00e2tre bien conserv\u00e9 et non restaur\u00e9.  Avec ce portrait de profil, dont la texture pointilliste fragmente le contour du visage en une mosa\u00efque de gris, de jaunes et d'ombres sur un fond rouge profond, Cagli entend symboliser la complexit\u00e9 de l'identit\u00e9 humaine dans le chaos de l'apr\u00e8s-guerre.  Compendium de ses exp\u00e9riences personnelles et artistiques, l'\u0153uvre \u00e9voque les th\u00e8mes de la d\u00e9sint\u00e9gration et de la reconstruction : le profil anonyme (peut-\u00eatre un autoportrait id\u00e9alis\u00e9 ou un arch\u00e9type tot\u00e9mique) repr\u00e9sente la m\u00e9moire fragment\u00e9e, la r\u00e9silience du moi face au traumatisme historique, et un retour aux racines romaines classiques filtr\u00e9es par l'abstractionnisme moderne.  La d\u00e9cennie entre les ann\u00e9es 1950 et 1960 est un tournant, au cours duquel Cagli \u00e9labore des visions plastiques microscopiques et m\u00e9taphysiques de la r\u00e9alit\u00e9.","og_url":"https:\/\/egidimadeinitaly.com\/fr\/negozio\/art-moderne\/tableaux-modernes-fr\/corrado-cagli-oeuvre\/","og_site_name":"Egidi MadeinItaly","article_publisher":"https:\/\/www.facebook.com\/egidimadeinitaly\/","article_modified_time":"2025-11-14T14:46:13+00:00","og_image":[{"width":1024,"height":1024,"url":"https:\/\/egidimadeinitaly.com\/v25\/wp-content\/uploads\/2025\/09\/Corrado-Cagli-opera-1024x1024.jpg","type":"image\/jpeg"}],"schema":{"@context":"https:\/\/schema.org","@graph":[{"@type":"WebPage","@id":"https:\/\/egidimadeinitaly.com\/fr\/negozio\/art-moderne\/tableaux-modernes-fr\/corrado-cagli-oeuvre\/","url":"https:\/\/egidimadeinitaly.com\/fr\/negozio\/art-moderne\/tableaux-modernes-fr\/corrado-cagli-oeuvre\/","name":"Corrado Cagli oeuvre - Egidi MadeinItaly","isPartOf":{"@id":"https:\/\/egidimadeinitaly.com\/fr\/#website"},"primaryImageOfPage":{"@id":"https:\/\/egidimadeinitaly.com\/fr\/negozio\/art-moderne\/tableaux-modernes-fr\/corrado-cagli-oeuvre\/#primaryimage"},"image":{"@id":"https:\/\/egidimadeinitaly.com\/fr\/negozio\/art-moderne\/tableaux-modernes-fr\/corrado-cagli-oeuvre\/#primaryimage"},"thumbnailUrl":"https:\/\/egidimadeinitaly.com\/v25\/wp-content\/uploads\/2025\/09\/Corrado-Cagli-opera-e1759936711532.jpg","datePublished":"2025-10-08T10:08:58+00:00","dateModified":"2025-11-14T14:46:13+00:00","description":"Enrichir sa collection avec une \u0153uvre de Corrado Cagli n'est pas seulement un choix esth\u00e9tique, mais aussi un investissement culturel et financier pr\u00e9cieux.","breadcrumb":{"@id":"https:\/\/egidimadeinitaly.com\/fr\/negozio\/art-moderne\/tableaux-modernes-fr\/corrado-cagli-oeuvre\/#breadcrumb"},"inLanguage":"fr-FR","potentialAction":[{"@type":"ReadAction","target":["https:\/\/egidimadeinitaly.com\/fr\/negozio\/art-moderne\/tableaux-modernes-fr\/corrado-cagli-oeuvre\/"]}]},{"@type":"ImageObject","inLanguage":"fr-FR","@id":"https:\/\/egidimadeinitaly.com\/fr\/negozio\/art-moderne\/tableaux-modernes-fr\/corrado-cagli-oeuvre\/#primaryimage","url":"https:\/\/egidimadeinitaly.com\/v25\/wp-content\/uploads\/2025\/09\/Corrado-Cagli-opera-e1759936711532.jpg","contentUrl":"https:\/\/egidimadeinitaly.com\/v25\/wp-content\/uploads\/2025\/09\/Corrado-Cagli-opera-e1759936711532.jpg","width":1984,"height":1984,"caption":"Corrado Cagli portrait de profil"},{"@type":"BreadcrumbList","@id":"https:\/\/egidimadeinitaly.com\/fr\/negozio\/art-moderne\/tableaux-modernes-fr\/corrado-cagli-oeuvre\/#breadcrumb","itemListElement":[{"@type":"ListItem","position":1,"name":"Home","item":"https:\/\/egidimadeinitaly.com\/fr\/"},{"@type":"ListItem","position":2,"name":"Produits","item":"https:\/\/egidimadeinitaly.com\/fr\/shop\/"},{"@type":"ListItem","position":3,"name":"Art moderne","item":"https:\/\/egidimadeinitaly.com\/fr\/product-category\/art-moderne\/"},{"@type":"ListItem","position":4,"name":"Tableaux modernes","item":"https:\/\/egidimadeinitaly.com\/fr\/product-category\/art-moderne\/tableaux-modernes-fr\/"},{"@type":"ListItem","position":5,"name":"Corrado Cagli oeuvre"}]},{"@type":"WebSite","@id":"https:\/\/egidimadeinitaly.com\/fr\/#website","url":"https:\/\/egidimadeinitaly.com\/fr\/","name":"Egidi MadeinItaly","description":"Fine Art","potentialAction":[{"@type":"SearchAction","target":{"@type":"EntryPoint","urlTemplate":"https:\/\/egidimadeinitaly.com\/fr\/?s={search_term_string}"},"query-input":{"@type":"PropertyValueSpecification","valueRequired":true,"valueName":"search_term_string"}}],"inLanguage":"fr-FR"}]}},"_links":{"self":[{"href":"https:\/\/egidimadeinitaly.com\/fr\/wp-json\/wp\/v2\/product\/125478","targetHints":{"allow":["GET"]}}],"collection":[{"href":"https:\/\/egidimadeinitaly.com\/fr\/wp-json\/wp\/v2\/product"}],"about":[{"href":"https:\/\/egidimadeinitaly.com\/fr\/wp-json\/wp\/v2\/types\/product"}],"wp:featuredmedia":[{"embeddable":true,"href":"https:\/\/egidimadeinitaly.com\/fr\/wp-json\/wp\/v2\/media\/125080"}],"wp:attachment":[{"href":"https:\/\/egidimadeinitaly.com\/fr\/wp-json\/wp\/v2\/media?parent=125478"}],"wp:term":[{"taxonomy":"product_brand","embeddable":true,"href":"https:\/\/egidimadeinitaly.com\/fr\/wp-json\/wp\/v2\/product_brand?post=125478"},{"taxonomy":"product_cat","embeddable":true,"href":"https:\/\/egidimadeinitaly.com\/fr\/wp-json\/wp\/v2\/product_cat?post=125478"},{"taxonomy":"product_tag","embeddable":true,"href":"https:\/\/egidimadeinitaly.com\/fr\/wp-json\/wp\/v2\/product_tag?post=125478"}],"curies":[{"name":"wp","href":"https:\/\/api.w.org\/{rel}","templated":true}]}}