{"id":125406,"date":"2025-10-04T16:26:41","date_gmt":"2025-10-04T15:26:41","guid":{"rendered":"https:\/\/egidimadeinitaly.com\/negozio\/senza-categoria\/girolamo-gianni-acquerello\/"},"modified":"2025-10-04T17:16:55","modified_gmt":"2025-10-04T16:16:55","slug":"girolamo-gianni-aquarelle","status":"publish","type":"product","link":"https:\/\/egidimadeinitaly.com\/fr\/negozio\/art-ancien\/girolamo-gianni-aquarelle\/","title":{"rendered":"Girolamo Gianni aquarelle"},"content":{"rendered":"<p dir=\"auto\">Sign\u00e9e en bas \u00e0 droite \u00ab\u00a0G. Gianni\u00a0\u00bb, l&rsquo;\u0153uvre est enferm\u00e9e dans un cadre blanc et or, ce qui renforce son caract\u00e8re d\u00e9coratif.<br \/>\nFormat de la feuille : 40&#215;20 cm.<\/p>\n<h2 dir=\"auto\">Girolamo Gianni<\/h2>\n<p>Ce chef-d&rsquo;\u0153uvre de \ud835\uddf4\ud835\uddff\ud835\uddee\ud835\uddfb\ud835\uddf1\ud835\uddf2 \ud835\uddf6\ud835\uddfb\ud835\ude01\ud835\uddf2\ud835\uddfb\ud835\ude00\ud835\uddf6\ud835\ude01\ud835\uddee&rsquo; \ud835\uddf2 \ud835\uddef\ud835\uddf2\ud835\uddf9\ud835\uddf9\ud835\uddf2\ud835\ude07\ud835\ude07\ud835\uddee est l&rsquo;\u0153uvre de Girolamo Gianni, un artiste n\u00e9 \u00e0 Naples en 1837 et d\u00e9c\u00e9d\u00e9 \u00e0 Malte en 1896.<br \/>\nSa production se caract\u00e9rise par les \ud835\ude37\ud835\ude26\ud835\ude25\ud835\ude36\ud835\ude35\ud835\ude26 \ud835\ude36\ud835\ude33\ud835\ude23\ud835\ude22\ud835\ude2f\ud835\ude26 \ud835\ude26 \ud835\ude2e\ud835\ude22\ud835\ude33\ud835\ude2a\ud835\ude2f\ud835\ude26, \ud835\ude22\ud835\ude2f\ud835\ude2a\ud835\ude2e\ud835\ude22\ud835\ude35\ud835\ude26 \ud835\ude25\ud835\ude22 \ud835\ude31\ud835\ude26\ud835\ude33\ud835\ude34\ud835\ude30\ud835\ude2f\ud835\ude22\ud835\ude28\ud835\ude28\ud835\ude2a qui animent la sc\u00e8ne, r\u00e9alis\u00e9s principalement \u00e0 l&rsquo;aquarelle et \u00e0 la gouache.<br \/>\nApr\u00e8s plus de vingt ans pass\u00e9s \u00e0 Malte, Girolamo Gianni a continu\u00e9 \u00e0 repr\u00e9senter avec passion les sujets de ses origines, alternant les vues de Naples, de Capri et de Malte.<\/p>\n<p>&nbsp;<\/p>\n","protected":false},"excerpt":{"rendered":"<p dir=\"auto\">Aquarelle sur papier du c\u00e9l\u00e8bre peintre napolitain Girolamo Gianni repr\u00e9sentant \u00ab\u00a0\ud835\ude1d\ud835\ude26\ud835\ude25\ud835\ude36\ud835\ude35\ud835\ude22 \ud835\ude25\ud835\ude2a \ud835\ude15\ud835\ude22\ud835\ude31\ud835\ude30\ud835\ude2d\ud835\ude2a \ud835\ude24\ud835\ude30\ud835\ude2f \ud835\ude2a\ud835\ude2d \ud835\ude1d\ud835\ude26\ud835\ude34\ud835\ude36\ud835\ude37\ud835\ude2a\ud835\ude30\u00a0\u00bb. \ud835\ude26 \ud835\ude0a\ud835\ude22\ud835\ude34\ud835\ude35\ud835\ude26\ud835\ude2d \ud835\ude1a\ud835\ude22\ud835\ude2f\ud835\ude2f\ud835\ude35 \u00ab\u00a0\ud835\ude0c\ud835\ude2d\ud835\ude2e\ud835\ude30\u00a0\u00bb une vue \u00e9vocatrice sur le golfe de Naples dans une atmosph\u00e8re lumineuse et sereine typique du v\u00e9dutisme du XIXe si\u00e8cle.<\/p>\n<p dir=\"auto\">Au centre de la composition, des barques de p\u00eacheurs ancr\u00e9es dans des eaux calmes, occup\u00e9es \u00e0 jeter leurs filets, sont <strong>peintes avec une rare habilet\u00e9 et un grand souci du d\u00e9tail.<\/strong><br \/>\n\u00c0 l&rsquo;arri\u00e8re-plan, l&rsquo;imposant Castel Sant&rsquo;Elmo et le V\u00e9suve.\u00a0 La sc\u00e8ne est envelopp\u00e9e d&rsquo;une l\u00e9g\u00e8re brume bleue, tandis que le ciel s&rsquo;ouvre sur de d\u00e9licates nuances de bleu et de blanc.<\/p>\n<p dir=\"auto\">\n","protected":false},"featured_media":125395,"template":"","meta":{"_acf_changed":false},"product_brand":[],"product_cat":[6374],"product_tag":[5490],"class_list":{"0":"post-125406","1":"product","2":"type-product","3":"status-publish","4":"has-post-thumbnail","6":"product_cat-art-ancien","7":"product_tag-marine-fr","9":"first","10":"outofstock","11":"taxable","12":"shipping-taxable","13":"product-type-simple"},"acf":[],"yoast_head":"<!-- This site is optimized with the Yoast SEO Premium plugin v27.4 (Yoast SEO v27.5) - https:\/\/yoast.com\/product\/yoast-seo-premium-wordpress\/ -->\n<title>Girolamo Gianni aquarelle - Egidi MadeinItaly<\/title>\n<meta name=\"description\" content=\"Vue de Naples avec le V\u00e9suve et le Castel Sant&#039;Elmo Aquarelle sur papier du c\u00e9l\u00e8bre peintre napolitain Girolamo Gianni disponible sur Egidi MadeinItaly\" \/>\n<meta name=\"robots\" content=\"index, follow, max-snippet:-1, max-image-preview:large, max-video-preview:-1\" \/>\n<link rel=\"canonical\" href=\"https:\/\/egidimadeinitaly.com\/fr\/negozio\/art-ancien\/oeuvres-anciennes-sur-papier-fr\/girolamo-gianni-aquarelle\/\" \/>\n<meta property=\"og:locale\" content=\"fr_FR\" \/>\n<meta property=\"og:type\" content=\"article\" \/>\n<meta property=\"og:title\" content=\"Girolamo Gianni aquarelle\" \/>\n<meta property=\"og:description\" content=\"Aquarelle sur papier du c\u00e9l\u00e8bre peintre napolitain Girolamo Gianni repr\u00e9sentant &quot;\ud835\ude1d\ud835\ude26\ud835\ude25\ud835\ude36\ud835\ude35\ud835\ude22 \ud835\ude25\ud835\ude2a \ud835\ude15\ud835\ude22\ud835\ude31\ud835\ude30\ud835\ude2d\ud835\ude2a \ud835\ude24\ud835\ude30\ud835\ude2f \ud835\ude2a\ud835\ude2d \ud835\ude1d\ud835\ude26\ud835\ude34\ud835\ude36\ud835\ude37\ud835\ude2a\ud835\ude30&quot;. \ud835\ude26 \ud835\ude0a\ud835\ude22\ud835\ude34\ud835\ude35\ud835\ude26\ud835\ude2d \ud835\ude1a\ud835\ude22\ud835\ude2f\ud835\ude2f\ud835\ude35 &quot;\ud835\ude0c\ud835\ude2d\ud835\ude2e\ud835\ude30&quot; une vue \u00e9vocatrice sur le golfe de Naples dans une atmosph\u00e8re lumineuse et sereine typique du v\u00e9dutisme du XIXe si\u00e8cle. Au centre de la composition, des barques de p\u00eacheurs ancr\u00e9es dans des eaux calmes, occup\u00e9es \u00e0 jeter leurs filets, sont peintes avec une rare habilet\u00e9 et un grand souci du d\u00e9tail. \u00c0 l&#039;arri\u00e8re-plan, l&#039;imposant Castel Sant&#039;Elmo et le V\u00e9suve.\u00a0 La sc\u00e8ne est envelopp\u00e9e d&#039;une l\u00e9g\u00e8re brume bleue, tandis que le ciel s&#039;ouvre sur de d\u00e9licates nuances de bleu et de blanc.\" \/>\n<meta property=\"og:url\" content=\"https:\/\/egidimadeinitaly.com\/fr\/negozio\/art-ancien\/oeuvres-anciennes-sur-papier-fr\/girolamo-gianni-aquarelle\/\" \/>\n<meta property=\"og:site_name\" content=\"Egidi MadeinItaly\" \/>\n<meta property=\"article:publisher\" content=\"https:\/\/www.facebook.com\/egidimadeinitaly\/\" \/>\n<meta property=\"article:modified_time\" content=\"2025-10-04T16:16:55+00:00\" \/>\n<meta property=\"og:image\" content=\"https:\/\/egidimadeinitaly.com\/v25\/wp-content\/uploads\/2025\/10\/Girolamo-Gianni-Acquerello-scaled-e1759591186377.jpg\" \/>\n\t<meta property=\"og:image:width\" content=\"2560\" \/>\n\t<meta property=\"og:image:height\" content=\"2560\" \/>\n\t<meta property=\"og:image:type\" content=\"image\/jpeg\" \/>\n<script type=\"application\/ld+json\" class=\"yoast-schema-graph\">{\"@context\":\"https:\\\/\\\/schema.org\",\"@graph\":[{\"@type\":\"WebPage\",\"@id\":\"https:\\\/\\\/egidimadeinitaly.com\\\/fr\\\/negozio\\\/art-ancien\\\/girolamo-gianni-aquarelle\\\/\",\"url\":\"https:\\\/\\\/egidimadeinitaly.com\\\/fr\\\/negozio\\\/art-ancien\\\/oeuvres-anciennes-sur-papier-fr\\\/girolamo-gianni-aquarelle\\\/\",\"name\":\"Girolamo Gianni aquarelle - Egidi MadeinItaly\",\"isPartOf\":{\"@id\":\"https:\\\/\\\/egidimadeinitaly.com\\\/fr\\\/#website\"},\"primaryImageOfPage\":{\"@id\":\"https:\\\/\\\/egidimadeinitaly.com\\\/fr\\\/negozio\\\/art-ancien\\\/oeuvres-anciennes-sur-papier-fr\\\/girolamo-gianni-aquarelle\\\/#primaryimage\"},\"image\":{\"@id\":\"https:\\\/\\\/egidimadeinitaly.com\\\/fr\\\/negozio\\\/art-ancien\\\/oeuvres-anciennes-sur-papier-fr\\\/girolamo-gianni-aquarelle\\\/#primaryimage\"},\"thumbnailUrl\":\"https:\\\/\\\/egidimadeinitaly.com\\\/v25\\\/wp-content\\\/uploads\\\/2025\\\/10\\\/Girolamo-Gianni-Acquerello-scaled-e1759591186377.jpg\",\"datePublished\":\"2025-10-04T15:26:41+00:00\",\"dateModified\":\"2025-10-04T16:16:55+00:00\",\"description\":\"Vue de Naples avec le V\u00e9suve et le Castel Sant'Elmo Aquarelle sur papier du c\u00e9l\u00e8bre peintre napolitain Girolamo Gianni disponible sur Egidi MadeinItaly\",\"breadcrumb\":{\"@id\":\"https:\\\/\\\/egidimadeinitaly.com\\\/fr\\\/negozio\\\/art-ancien\\\/oeuvres-anciennes-sur-papier-fr\\\/girolamo-gianni-aquarelle\\\/#breadcrumb\"},\"inLanguage\":\"fr-FR\",\"potentialAction\":[{\"@type\":\"ReadAction\",\"target\":[\"https:\\\/\\\/egidimadeinitaly.com\\\/fr\\\/negozio\\\/art-ancien\\\/oeuvres-anciennes-sur-papier-fr\\\/girolamo-gianni-aquarelle\\\/\"]}]},{\"@type\":\"ImageObject\",\"inLanguage\":\"fr-FR\",\"@id\":\"https:\\\/\\\/egidimadeinitaly.com\\\/fr\\\/negozio\\\/art-ancien\\\/oeuvres-anciennes-sur-papier-fr\\\/girolamo-gianni-aquarelle\\\/#primaryimage\",\"url\":\"https:\\\/\\\/egidimadeinitaly.com\\\/v25\\\/wp-content\\\/uploads\\\/2025\\\/10\\\/Girolamo-Gianni-Acquerello-scaled-e1759591186377.jpg\",\"contentUrl\":\"https:\\\/\\\/egidimadeinitaly.com\\\/v25\\\/wp-content\\\/uploads\\\/2025\\\/10\\\/Girolamo-Gianni-Acquerello-scaled-e1759591186377.jpg\",\"width\":2560,\"height\":2560,\"caption\":\"Aquarelle de Girolamo Gianni\"},{\"@type\":\"BreadcrumbList\",\"@id\":\"https:\\\/\\\/egidimadeinitaly.com\\\/fr\\\/negozio\\\/art-ancien\\\/oeuvres-anciennes-sur-papier-fr\\\/girolamo-gianni-aquarelle\\\/#breadcrumb\",\"itemListElement\":[{\"@type\":\"ListItem\",\"position\":1,\"name\":\"Home\",\"item\":\"https:\\\/\\\/egidimadeinitaly.com\\\/fr\\\/\"},{\"@type\":\"ListItem\",\"position\":2,\"name\":\"Produits\",\"item\":\"https:\\\/\\\/egidimadeinitaly.com\\\/fr\\\/shop\\\/\"},{\"@type\":\"ListItem\",\"position\":3,\"name\":\"Art ancien\",\"item\":\"https:\\\/\\\/egidimadeinitaly.com\\\/fr\\\/product-category\\\/art-ancien\\\/\"},{\"@type\":\"ListItem\",\"position\":4,\"name\":\"Girolamo Gianni aquarelle\"}]},{\"@type\":\"WebSite\",\"@id\":\"https:\\\/\\\/egidimadeinitaly.com\\\/fr\\\/#website\",\"url\":\"https:\\\/\\\/egidimadeinitaly.com\\\/fr\\\/\",\"name\":\"Egidi MadeinItaly\",\"description\":\"Fine Art\",\"potentialAction\":[{\"@type\":\"SearchAction\",\"target\":{\"@type\":\"EntryPoint\",\"urlTemplate\":\"https:\\\/\\\/egidimadeinitaly.com\\\/fr\\\/?s={search_term_string}\"},\"query-input\":{\"@type\":\"PropertyValueSpecification\",\"valueRequired\":true,\"valueName\":\"search_term_string\"}}],\"inLanguage\":\"fr-FR\"}]}<\/script>\n<!-- \/ Yoast SEO Premium plugin. -->","yoast_head_json":{"title":"Girolamo Gianni aquarelle - Egidi MadeinItaly","description":"Vue de Naples avec le V\u00e9suve et le Castel Sant'Elmo Aquarelle sur papier du c\u00e9l\u00e8bre peintre napolitain Girolamo Gianni disponible sur Egidi MadeinItaly","robots":{"index":"index","follow":"follow","max-snippet":"max-snippet:-1","max-image-preview":"max-image-preview:large","max-video-preview":"max-video-preview:-1"},"canonical":"https:\/\/egidimadeinitaly.com\/fr\/negozio\/art-ancien\/oeuvres-anciennes-sur-papier-fr\/girolamo-gianni-aquarelle\/","og_locale":"fr_FR","og_type":"article","og_title":"Girolamo Gianni aquarelle","og_description":"Aquarelle sur papier du c\u00e9l\u00e8bre peintre napolitain Girolamo Gianni repr\u00e9sentant \"\ud835\ude1d\ud835\ude26\ud835\ude25\ud835\ude36\ud835\ude35\ud835\ude22 \ud835\ude25\ud835\ude2a \ud835\ude15\ud835\ude22\ud835\ude31\ud835\ude30\ud835\ude2d\ud835\ude2a \ud835\ude24\ud835\ude30\ud835\ude2f \ud835\ude2a\ud835\ude2d \ud835\ude1d\ud835\ude26\ud835\ude34\ud835\ude36\ud835\ude37\ud835\ude2a\ud835\ude30\". \ud835\ude26 \ud835\ude0a\ud835\ude22\ud835\ude34\ud835\ude35\ud835\ude26\ud835\ude2d \ud835\ude1a\ud835\ude22\ud835\ude2f\ud835\ude2f\ud835\ude35 \"\ud835\ude0c\ud835\ude2d\ud835\ude2e\ud835\ude30\" une vue \u00e9vocatrice sur le golfe de Naples dans une atmosph\u00e8re lumineuse et sereine typique du v\u00e9dutisme du XIXe si\u00e8cle. Au centre de la composition, des barques de p\u00eacheurs ancr\u00e9es dans des eaux calmes, occup\u00e9es \u00e0 jeter leurs filets, sont peintes avec une rare habilet\u00e9 et un grand souci du d\u00e9tail. \u00c0 l'arri\u00e8re-plan, l'imposant Castel Sant'Elmo et le V\u00e9suve.\u00a0 La sc\u00e8ne est envelopp\u00e9e d'une l\u00e9g\u00e8re brume bleue, tandis que le ciel s'ouvre sur de d\u00e9licates nuances de bleu et de blanc.","og_url":"https:\/\/egidimadeinitaly.com\/fr\/negozio\/art-ancien\/oeuvres-anciennes-sur-papier-fr\/girolamo-gianni-aquarelle\/","og_site_name":"Egidi MadeinItaly","article_publisher":"https:\/\/www.facebook.com\/egidimadeinitaly\/","article_modified_time":"2025-10-04T16:16:55+00:00","og_image":[{"width":2560,"height":2560,"url":"https:\/\/egidimadeinitaly.com\/v25\/wp-content\/uploads\/2025\/10\/Girolamo-Gianni-Acquerello-scaled-e1759591186377.jpg","type":"image\/jpeg"}],"schema":{"@context":"https:\/\/schema.org","@graph":[{"@type":"WebPage","@id":"https:\/\/egidimadeinitaly.com\/fr\/negozio\/art-ancien\/girolamo-gianni-aquarelle\/","url":"https:\/\/egidimadeinitaly.com\/fr\/negozio\/art-ancien\/oeuvres-anciennes-sur-papier-fr\/girolamo-gianni-aquarelle\/","name":"Girolamo Gianni aquarelle - Egidi MadeinItaly","isPartOf":{"@id":"https:\/\/egidimadeinitaly.com\/fr\/#website"},"primaryImageOfPage":{"@id":"https:\/\/egidimadeinitaly.com\/fr\/negozio\/art-ancien\/oeuvres-anciennes-sur-papier-fr\/girolamo-gianni-aquarelle\/#primaryimage"},"image":{"@id":"https:\/\/egidimadeinitaly.com\/fr\/negozio\/art-ancien\/oeuvres-anciennes-sur-papier-fr\/girolamo-gianni-aquarelle\/#primaryimage"},"thumbnailUrl":"https:\/\/egidimadeinitaly.com\/v25\/wp-content\/uploads\/2025\/10\/Girolamo-Gianni-Acquerello-scaled-e1759591186377.jpg","datePublished":"2025-10-04T15:26:41+00:00","dateModified":"2025-10-04T16:16:55+00:00","description":"Vue de Naples avec le V\u00e9suve et le Castel Sant'Elmo Aquarelle sur papier du c\u00e9l\u00e8bre peintre napolitain Girolamo Gianni disponible sur Egidi MadeinItaly","breadcrumb":{"@id":"https:\/\/egidimadeinitaly.com\/fr\/negozio\/art-ancien\/oeuvres-anciennes-sur-papier-fr\/girolamo-gianni-aquarelle\/#breadcrumb"},"inLanguage":"fr-FR","potentialAction":[{"@type":"ReadAction","target":["https:\/\/egidimadeinitaly.com\/fr\/negozio\/art-ancien\/oeuvres-anciennes-sur-papier-fr\/girolamo-gianni-aquarelle\/"]}]},{"@type":"ImageObject","inLanguage":"fr-FR","@id":"https:\/\/egidimadeinitaly.com\/fr\/negozio\/art-ancien\/oeuvres-anciennes-sur-papier-fr\/girolamo-gianni-aquarelle\/#primaryimage","url":"https:\/\/egidimadeinitaly.com\/v25\/wp-content\/uploads\/2025\/10\/Girolamo-Gianni-Acquerello-scaled-e1759591186377.jpg","contentUrl":"https:\/\/egidimadeinitaly.com\/v25\/wp-content\/uploads\/2025\/10\/Girolamo-Gianni-Acquerello-scaled-e1759591186377.jpg","width":2560,"height":2560,"caption":"Aquarelle de Girolamo Gianni"},{"@type":"BreadcrumbList","@id":"https:\/\/egidimadeinitaly.com\/fr\/negozio\/art-ancien\/oeuvres-anciennes-sur-papier-fr\/girolamo-gianni-aquarelle\/#breadcrumb","itemListElement":[{"@type":"ListItem","position":1,"name":"Home","item":"https:\/\/egidimadeinitaly.com\/fr\/"},{"@type":"ListItem","position":2,"name":"Produits","item":"https:\/\/egidimadeinitaly.com\/fr\/shop\/"},{"@type":"ListItem","position":3,"name":"Art ancien","item":"https:\/\/egidimadeinitaly.com\/fr\/product-category\/art-ancien\/"},{"@type":"ListItem","position":4,"name":"Girolamo Gianni aquarelle"}]},{"@type":"WebSite","@id":"https:\/\/egidimadeinitaly.com\/fr\/#website","url":"https:\/\/egidimadeinitaly.com\/fr\/","name":"Egidi MadeinItaly","description":"Fine Art","potentialAction":[{"@type":"SearchAction","target":{"@type":"EntryPoint","urlTemplate":"https:\/\/egidimadeinitaly.com\/fr\/?s={search_term_string}"},"query-input":{"@type":"PropertyValueSpecification","valueRequired":true,"valueName":"search_term_string"}}],"inLanguage":"fr-FR"}]}},"_links":{"self":[{"href":"https:\/\/egidimadeinitaly.com\/fr\/wp-json\/wp\/v2\/product\/125406","targetHints":{"allow":["GET"]}}],"collection":[{"href":"https:\/\/egidimadeinitaly.com\/fr\/wp-json\/wp\/v2\/product"}],"about":[{"href":"https:\/\/egidimadeinitaly.com\/fr\/wp-json\/wp\/v2\/types\/product"}],"wp:featuredmedia":[{"embeddable":true,"href":"https:\/\/egidimadeinitaly.com\/fr\/wp-json\/wp\/v2\/media\/125395"}],"wp:attachment":[{"href":"https:\/\/egidimadeinitaly.com\/fr\/wp-json\/wp\/v2\/media?parent=125406"}],"wp:term":[{"taxonomy":"product_brand","embeddable":true,"href":"https:\/\/egidimadeinitaly.com\/fr\/wp-json\/wp\/v2\/product_brand?post=125406"},{"taxonomy":"product_cat","embeddable":true,"href":"https:\/\/egidimadeinitaly.com\/fr\/wp-json\/wp\/v2\/product_cat?post=125406"},{"taxonomy":"product_tag","embeddable":true,"href":"https:\/\/egidimadeinitaly.com\/fr\/wp-json\/wp\/v2\/product_tag?post=125406"}],"curies":[{"name":"wp","href":"https:\/\/api.w.org\/{rel}","templated":true}]}}