{"id":125375,"date":"2025-10-02T19:30:17","date_gmt":"2025-10-02T18:30:17","guid":{"rendered":"https:\/\/egidimadeinitaly.com\/negozio\/senza-categoria\/antonio-pedretti-paesaggio\/"},"modified":"2025-11-16T16:39:56","modified_gmt":"2025-11-16T15:39:56","slug":"antonio-pedretti-paysage","status":"publish","type":"product","link":"https:\/\/egidimadeinitaly.com\/fr\/negozio\/art-moderne\/tableaux-modernes-fr\/antonio-pedretti-paysage\/","title":{"rendered":"Antonio Pedretti paysage"},"content":{"rendered":"<h4 dir=\"auto\">Valeur marchande de l&rsquo;artiste Antonio Pedretti<\/h4>\n<p>Antonio Pedretti jouit d&rsquo;un march\u00e9 bien \u00e9tabli sur la sc\u00e8ne italienne de l&rsquo;art contemporain, avec plus de 376 \u0153uvres vendues aux ench\u00e8res, principalement dans la cat\u00e9gorie des peintures.<br \/>\nLes prix vont d&rsquo;un minimum d&rsquo;environ 400-600 euros pour les petits formats \u00e0 un maximum de 3 200 euros ou plus pour les toiles de taille moyenne (par exemple 110&#215;130 cm).<br \/>\nLe prix moyen est d&rsquo;environ 8 300 USD (environ 7 600 \u20ac), avec un taux de vente de 33,3 % et des ventes annuelles d&rsquo;environ 55 lots.<br \/>\nLes \u0153uvres similaires \u00e0 celle-ci, de taille moyenne et de style paysage abstrait, se vendent entre 5 000 et 10 000 euros, en fonction de la provenance et de l&rsquo;\u00e9tat de conservation.<br \/>\nParfait pour dominer votre salon ou votre bureau.<\/p>\n<p>&nbsp;<\/p>\n","protected":false},"excerpt":{"rendered":"<p>Un hymne lyrique \u00e0 la nature lombarde, cr\u00e9\u00e9 par le g\u00e9nie d&rsquo;Antonio Pedretti<br \/>\nSign\u00e9e de la touche graphique embl\u00e9matique en bas \u00e0 droite, cette toile \u00e9voque l&rsquo;immensit\u00e9 des lacs et des brumes de Var\u00e8se. Des coups de pinceau libres, des ocres vibrants et des noirs profonds cr\u00e9ent un dialogue hypnotique entre le ciel et la terre. Ce n&rsquo;est pas seulement de l&rsquo;art : c&rsquo;est une invitation au r\u00eave, id\u00e9ale pour les collectionneurs qui aiment l&rsquo;abstractionnisme qui touche le c\u0153ur. Transformez votre espace en un refuge po\u00e9tique &#8211; achetez maintenant et sentez l&rsquo;\u00e9nergie !<br \/>\nId\u00e9al pour les collectionneurs d&rsquo;art contemporain qui appr\u00e9cient l&rsquo;abstractionnisme lyrique.<\/p>\n<p>&nbsp;<\/p>\n","protected":false},"featured_media":125370,"template":"","meta":{"_acf_changed":false},"product_brand":[],"product_cat":[6377,6416],"product_tag":[],"class_list":{"0":"post-125375","1":"product","2":"type-product","3":"status-publish","4":"has-post-thumbnail","6":"product_cat-art-moderne","7":"product_cat-tableaux-modernes-fr","9":"first","10":"outofstock","11":"taxable","12":"shipping-taxable","13":"product-type-simple"},"acf":[],"yoast_head":"<!-- This site is optimized with the Yoast SEO Premium plugin v27.4 (Yoast SEO v27.4) - https:\/\/yoast.com\/product\/yoast-seo-premium-wordpress\/ -->\n<title>Antonio Pedretti paysage - Egidi MadeinItaly<\/title>\n<meta name=\"description\" content=\"Paysage abstrait d&#039;Antonio Pedretti Une \u0153uvre contemporaine unique. Transformez votre espace en un refuge po\u00e9tique achetez maintenant et sentez l&#039;\u00e9nergie !\" \/>\n<meta name=\"robots\" content=\"index, follow, max-snippet:-1, max-image-preview:large, max-video-preview:-1\" \/>\n<link rel=\"canonical\" href=\"https:\/\/egidimadeinitaly.com\/fr\/negozio\/art-moderne\/tableaux-modernes-fr\/antonio-pedretti-paysage\/\" \/>\n<meta property=\"og:locale\" content=\"fr_FR\" \/>\n<meta property=\"og:type\" content=\"article\" \/>\n<meta property=\"og:title\" content=\"Antonio Pedretti paysage\" \/>\n<meta property=\"og:description\" content=\"Un hymne lyrique \u00e0 la nature lombarde, cr\u00e9\u00e9 par le g\u00e9nie d&#039;Antonio Pedretti Sign\u00e9e de la touche graphique embl\u00e9matique en bas \u00e0 droite, cette toile \u00e9voque l&#039;immensit\u00e9 des lacs et des brumes de Var\u00e8se. Des coups de pinceau libres, des ocres vibrants et des noirs profonds cr\u00e9ent un dialogue hypnotique entre le ciel et la terre. Ce n&#039;est pas seulement de l&#039;art : c&#039;est une invitation au r\u00eave, id\u00e9ale pour les collectionneurs qui aiment l&#039;abstractionnisme qui touche le c\u0153ur. Transformez votre espace en un refuge po\u00e9tique - achetez maintenant et sentez l&#039;\u00e9nergie ! Id\u00e9al pour les collectionneurs d&#039;art contemporain qui appr\u00e9cient l&#039;abstractionnisme lyrique.  &nbsp;\" \/>\n<meta property=\"og:url\" content=\"https:\/\/egidimadeinitaly.com\/fr\/negozio\/art-moderne\/tableaux-modernes-fr\/antonio-pedretti-paysage\/\" \/>\n<meta property=\"og:site_name\" content=\"Egidi MadeinItaly\" \/>\n<meta property=\"article:publisher\" content=\"https:\/\/www.facebook.com\/egidimadeinitaly\/\" \/>\n<meta property=\"article:modified_time\" content=\"2025-11-16T15:39:56+00:00\" \/>\n<meta property=\"og:image\" content=\"https:\/\/egidimadeinitaly.com\/v25\/wp-content\/uploads\/2025\/10\/Antonio-Pedretti-paesaggio-lombardo-e1760100999421.jpg\" \/>\n\t<meta property=\"og:image:width\" content=\"1984\" \/>\n\t<meta property=\"og:image:height\" content=\"1984\" \/>\n\t<meta property=\"og:image:type\" content=\"image\/jpeg\" \/>\n<script type=\"application\/ld+json\" class=\"yoast-schema-graph\">{\"@context\":\"https:\\\/\\\/schema.org\",\"@graph\":[{\"@type\":\"WebPage\",\"@id\":\"https:\\\/\\\/egidimadeinitaly.com\\\/fr\\\/negozio\\\/art-moderne\\\/tableaux-modernes-fr\\\/antonio-pedretti-paysage\\\/\",\"url\":\"https:\\\/\\\/egidimadeinitaly.com\\\/fr\\\/negozio\\\/art-moderne\\\/tableaux-modernes-fr\\\/antonio-pedretti-paysage\\\/\",\"name\":\"Antonio Pedretti paysage - Egidi MadeinItaly\",\"isPartOf\":{\"@id\":\"https:\\\/\\\/egidimadeinitaly.com\\\/fr\\\/#website\"},\"primaryImageOfPage\":{\"@id\":\"https:\\\/\\\/egidimadeinitaly.com\\\/fr\\\/negozio\\\/art-moderne\\\/tableaux-modernes-fr\\\/antonio-pedretti-paysage\\\/#primaryimage\"},\"image\":{\"@id\":\"https:\\\/\\\/egidimadeinitaly.com\\\/fr\\\/negozio\\\/art-moderne\\\/tableaux-modernes-fr\\\/antonio-pedretti-paysage\\\/#primaryimage\"},\"thumbnailUrl\":\"https:\\\/\\\/egidimadeinitaly.com\\\/v25\\\/wp-content\\\/uploads\\\/2025\\\/10\\\/Antonio-Pedretti-paesaggio-lombardo-e1760100999421.jpg\",\"datePublished\":\"2025-10-02T18:30:17+00:00\",\"dateModified\":\"2025-11-16T15:39:56+00:00\",\"description\":\"Paysage abstrait d'Antonio Pedretti Une \u0153uvre contemporaine unique. Transformez votre espace en un refuge po\u00e9tique achetez maintenant et sentez l'\u00e9nergie !\",\"breadcrumb\":{\"@id\":\"https:\\\/\\\/egidimadeinitaly.com\\\/fr\\\/negozio\\\/art-moderne\\\/tableaux-modernes-fr\\\/antonio-pedretti-paysage\\\/#breadcrumb\"},\"inLanguage\":\"fr-FR\",\"potentialAction\":[{\"@type\":\"ReadAction\",\"target\":[\"https:\\\/\\\/egidimadeinitaly.com\\\/fr\\\/negozio\\\/art-moderne\\\/tableaux-modernes-fr\\\/antonio-pedretti-paysage\\\/\"]}]},{\"@type\":\"ImageObject\",\"inLanguage\":\"fr-FR\",\"@id\":\"https:\\\/\\\/egidimadeinitaly.com\\\/fr\\\/negozio\\\/art-moderne\\\/tableaux-modernes-fr\\\/antonio-pedretti-paysage\\\/#primaryimage\",\"url\":\"https:\\\/\\\/egidimadeinitaly.com\\\/v25\\\/wp-content\\\/uploads\\\/2025\\\/10\\\/Antonio-Pedretti-paesaggio-lombardo-e1760100999421.jpg\",\"contentUrl\":\"https:\\\/\\\/egidimadeinitaly.com\\\/v25\\\/wp-content\\\/uploads\\\/2025\\\/10\\\/Antonio-Pedretti-paesaggio-lombardo-e1760100999421.jpg\",\"width\":1984,\"height\":1984,\"caption\":\"Antonio Pedretti paesaggio\"},{\"@type\":\"BreadcrumbList\",\"@id\":\"https:\\\/\\\/egidimadeinitaly.com\\\/fr\\\/negozio\\\/art-moderne\\\/tableaux-modernes-fr\\\/antonio-pedretti-paysage\\\/#breadcrumb\",\"itemListElement\":[{\"@type\":\"ListItem\",\"position\":1,\"name\":\"Home\",\"item\":\"https:\\\/\\\/egidimadeinitaly.com\\\/fr\\\/\"},{\"@type\":\"ListItem\",\"position\":2,\"name\":\"Produits\",\"item\":\"https:\\\/\\\/egidimadeinitaly.com\\\/fr\\\/shop\\\/\"},{\"@type\":\"ListItem\",\"position\":3,\"name\":\"Art moderne\",\"item\":\"https:\\\/\\\/egidimadeinitaly.com\\\/fr\\\/product-category\\\/art-moderne\\\/\"},{\"@type\":\"ListItem\",\"position\":4,\"name\":\"Tableaux modernes\",\"item\":\"https:\\\/\\\/egidimadeinitaly.com\\\/fr\\\/product-category\\\/art-moderne\\\/tableaux-modernes-fr\\\/\"},{\"@type\":\"ListItem\",\"position\":5,\"name\":\"Antonio Pedretti paysage\"}]},{\"@type\":\"WebSite\",\"@id\":\"https:\\\/\\\/egidimadeinitaly.com\\\/fr\\\/#website\",\"url\":\"https:\\\/\\\/egidimadeinitaly.com\\\/fr\\\/\",\"name\":\"Egidi MadeinItaly\",\"description\":\"Fine Art\",\"potentialAction\":[{\"@type\":\"SearchAction\",\"target\":{\"@type\":\"EntryPoint\",\"urlTemplate\":\"https:\\\/\\\/egidimadeinitaly.com\\\/fr\\\/?s={search_term_string}\"},\"query-input\":{\"@type\":\"PropertyValueSpecification\",\"valueRequired\":true,\"valueName\":\"search_term_string\"}}],\"inLanguage\":\"fr-FR\"}]}<\/script>\n<!-- \/ Yoast SEO Premium plugin. -->","yoast_head_json":{"title":"Antonio Pedretti paysage - Egidi MadeinItaly","description":"Paysage abstrait d'Antonio Pedretti Une \u0153uvre contemporaine unique. Transformez votre espace en un refuge po\u00e9tique achetez maintenant et sentez l'\u00e9nergie !","robots":{"index":"index","follow":"follow","max-snippet":"max-snippet:-1","max-image-preview":"max-image-preview:large","max-video-preview":"max-video-preview:-1"},"canonical":"https:\/\/egidimadeinitaly.com\/fr\/negozio\/art-moderne\/tableaux-modernes-fr\/antonio-pedretti-paysage\/","og_locale":"fr_FR","og_type":"article","og_title":"Antonio Pedretti paysage","og_description":"Un hymne lyrique \u00e0 la nature lombarde, cr\u00e9\u00e9 par le g\u00e9nie d'Antonio Pedretti Sign\u00e9e de la touche graphique embl\u00e9matique en bas \u00e0 droite, cette toile \u00e9voque l'immensit\u00e9 des lacs et des brumes de Var\u00e8se. Des coups de pinceau libres, des ocres vibrants et des noirs profonds cr\u00e9ent un dialogue hypnotique entre le ciel et la terre. Ce n'est pas seulement de l'art : c'est une invitation au r\u00eave, id\u00e9ale pour les collectionneurs qui aiment l'abstractionnisme qui touche le c\u0153ur. Transformez votre espace en un refuge po\u00e9tique - achetez maintenant et sentez l'\u00e9nergie ! Id\u00e9al pour les collectionneurs d'art contemporain qui appr\u00e9cient l'abstractionnisme lyrique.  &nbsp;","og_url":"https:\/\/egidimadeinitaly.com\/fr\/negozio\/art-moderne\/tableaux-modernes-fr\/antonio-pedretti-paysage\/","og_site_name":"Egidi MadeinItaly","article_publisher":"https:\/\/www.facebook.com\/egidimadeinitaly\/","article_modified_time":"2025-11-16T15:39:56+00:00","og_image":[{"width":1984,"height":1984,"url":"https:\/\/egidimadeinitaly.com\/v25\/wp-content\/uploads\/2025\/10\/Antonio-Pedretti-paesaggio-lombardo-e1760100999421.jpg","type":"image\/jpeg"}],"schema":{"@context":"https:\/\/schema.org","@graph":[{"@type":"WebPage","@id":"https:\/\/egidimadeinitaly.com\/fr\/negozio\/art-moderne\/tableaux-modernes-fr\/antonio-pedretti-paysage\/","url":"https:\/\/egidimadeinitaly.com\/fr\/negozio\/art-moderne\/tableaux-modernes-fr\/antonio-pedretti-paysage\/","name":"Antonio Pedretti paysage - Egidi MadeinItaly","isPartOf":{"@id":"https:\/\/egidimadeinitaly.com\/fr\/#website"},"primaryImageOfPage":{"@id":"https:\/\/egidimadeinitaly.com\/fr\/negozio\/art-moderne\/tableaux-modernes-fr\/antonio-pedretti-paysage\/#primaryimage"},"image":{"@id":"https:\/\/egidimadeinitaly.com\/fr\/negozio\/art-moderne\/tableaux-modernes-fr\/antonio-pedretti-paysage\/#primaryimage"},"thumbnailUrl":"https:\/\/egidimadeinitaly.com\/v25\/wp-content\/uploads\/2025\/10\/Antonio-Pedretti-paesaggio-lombardo-e1760100999421.jpg","datePublished":"2025-10-02T18:30:17+00:00","dateModified":"2025-11-16T15:39:56+00:00","description":"Paysage abstrait d'Antonio Pedretti Une \u0153uvre contemporaine unique. Transformez votre espace en un refuge po\u00e9tique achetez maintenant et sentez l'\u00e9nergie !","breadcrumb":{"@id":"https:\/\/egidimadeinitaly.com\/fr\/negozio\/art-moderne\/tableaux-modernes-fr\/antonio-pedretti-paysage\/#breadcrumb"},"inLanguage":"fr-FR","potentialAction":[{"@type":"ReadAction","target":["https:\/\/egidimadeinitaly.com\/fr\/negozio\/art-moderne\/tableaux-modernes-fr\/antonio-pedretti-paysage\/"]}]},{"@type":"ImageObject","inLanguage":"fr-FR","@id":"https:\/\/egidimadeinitaly.com\/fr\/negozio\/art-moderne\/tableaux-modernes-fr\/antonio-pedretti-paysage\/#primaryimage","url":"https:\/\/egidimadeinitaly.com\/v25\/wp-content\/uploads\/2025\/10\/Antonio-Pedretti-paesaggio-lombardo-e1760100999421.jpg","contentUrl":"https:\/\/egidimadeinitaly.com\/v25\/wp-content\/uploads\/2025\/10\/Antonio-Pedretti-paesaggio-lombardo-e1760100999421.jpg","width":1984,"height":1984,"caption":"Antonio Pedretti paesaggio"},{"@type":"BreadcrumbList","@id":"https:\/\/egidimadeinitaly.com\/fr\/negozio\/art-moderne\/tableaux-modernes-fr\/antonio-pedretti-paysage\/#breadcrumb","itemListElement":[{"@type":"ListItem","position":1,"name":"Home","item":"https:\/\/egidimadeinitaly.com\/fr\/"},{"@type":"ListItem","position":2,"name":"Produits","item":"https:\/\/egidimadeinitaly.com\/fr\/shop\/"},{"@type":"ListItem","position":3,"name":"Art moderne","item":"https:\/\/egidimadeinitaly.com\/fr\/product-category\/art-moderne\/"},{"@type":"ListItem","position":4,"name":"Tableaux modernes","item":"https:\/\/egidimadeinitaly.com\/fr\/product-category\/art-moderne\/tableaux-modernes-fr\/"},{"@type":"ListItem","position":5,"name":"Antonio Pedretti paysage"}]},{"@type":"WebSite","@id":"https:\/\/egidimadeinitaly.com\/fr\/#website","url":"https:\/\/egidimadeinitaly.com\/fr\/","name":"Egidi MadeinItaly","description":"Fine Art","potentialAction":[{"@type":"SearchAction","target":{"@type":"EntryPoint","urlTemplate":"https:\/\/egidimadeinitaly.com\/fr\/?s={search_term_string}"},"query-input":{"@type":"PropertyValueSpecification","valueRequired":true,"valueName":"search_term_string"}}],"inLanguage":"fr-FR"}]}},"_links":{"self":[{"href":"https:\/\/egidimadeinitaly.com\/fr\/wp-json\/wp\/v2\/product\/125375","targetHints":{"allow":["GET"]}}],"collection":[{"href":"https:\/\/egidimadeinitaly.com\/fr\/wp-json\/wp\/v2\/product"}],"about":[{"href":"https:\/\/egidimadeinitaly.com\/fr\/wp-json\/wp\/v2\/types\/product"}],"wp:featuredmedia":[{"embeddable":true,"href":"https:\/\/egidimadeinitaly.com\/fr\/wp-json\/wp\/v2\/media\/125370"}],"wp:attachment":[{"href":"https:\/\/egidimadeinitaly.com\/fr\/wp-json\/wp\/v2\/media?parent=125375"}],"wp:term":[{"taxonomy":"product_brand","embeddable":true,"href":"https:\/\/egidimadeinitaly.com\/fr\/wp-json\/wp\/v2\/product_brand?post=125375"},{"taxonomy":"product_cat","embeddable":true,"href":"https:\/\/egidimadeinitaly.com\/fr\/wp-json\/wp\/v2\/product_cat?post=125375"},{"taxonomy":"product_tag","embeddable":true,"href":"https:\/\/egidimadeinitaly.com\/fr\/wp-json\/wp\/v2\/product_tag?post=125375"}],"curies":[{"name":"wp","href":"https:\/\/api.w.org\/{rel}","templated":true}]}}