{"id":125347,"date":"2025-10-02T17:23:55","date_gmt":"2025-10-02T16:23:55","guid":{"rendered":"https:\/\/egidimadeinitaly.com\/negozio\/senza-categoria\/scultura-astratta-in-metallo-firmata-costa\/"},"modified":"2025-11-16T16:43:31","modified_gmt":"2025-11-16T15:43:31","slug":"sculpture-abstraite-en-metal-signe-costa","status":"publish","type":"product","link":"https:\/\/egidimadeinitaly.com\/fr\/negozio\/sculpture-fr-2\/sculpture-moderne-fr\/sculpture-abstraite-en-metal-signe-costa\/","title":{"rendered":"Sculpture abstraite en m\u00e9tal sign\u00e9e Costa"},"content":{"rendered":"<p dir=\"auto\">R. Costa est un artiste italien du XXe si\u00e8cle, connu pour ses \u0153uvres sculpturales minimalistes en m\u00e9tal. Sa production, souvent abstraite et mat\u00e9rielle, explore les formes fluides et les tensions spatiales, avec une approche influenc\u00e9e par l&rsquo;Arte Povera et le design industriel.<\/p>\n","protected":false},"excerpt":{"rendered":"<p>Sculpture abstraite intitul\u00e9e \u00ab\u00a0\u03943\u00a0\u00bb, elle se compose d&rsquo;une feuille de m\u00e9tal gris argent\u00e9 moul\u00e9e en plis fluides et drap\u00e9s, \u00e9voquant la douceur d&rsquo;un voile m\u00e9tallique en mouvement. La surface pr\u00e9sente des stries et des reflets irr\u00e9guliers, captant la lumi\u00e8re de mani\u00e8re dynamique et donnant une impression de fragilit\u00e9 et d&rsquo;\u00e9ph\u00e9m\u00e8re. L&rsquo;\u0153uvre, prot\u00e9g\u00e9e par un bo\u00eetier en plexiglas transparent, repose sur un socle en bois de rose vein\u00e9 de rouge, cr\u00e9ant un effet d&rsquo;exposition mus\u00e9ale qui isole et met en valeur la forme.<br \/>\nSign\u00e9e \u00ab\u00a0R. Costa\u00a0\u00bb sur la tranche, elle incarne un minimalisme po\u00e9tique, o\u00f9 le m\u00e9tal industriel se transforme en expression organique.<\/p>\n<p>&nbsp;<\/p>\n","protected":false},"featured_media":125335,"template":"","meta":{"_acf_changed":false},"product_brand":[],"product_cat":[6417,6421],"product_tag":[],"class_list":{"0":"post-125347","1":"product","2":"type-product","3":"status-publish","4":"has-post-thumbnail","6":"product_cat-sculpture-fr-2","7":"product_cat-sculpture-moderne-fr","9":"first","10":"instock","11":"taxable","12":"shipping-taxable","13":"product-type-simple"},"acf":[],"yoast_head":"<!-- This site is optimized with the Yoast SEO Premium plugin v27.4 (Yoast SEO v27.4) - https:\/\/yoast.com\/product\/yoast-seo-premium-wordpress\/ -->\n<title>Sculpture abstraite en m\u00e9tal sign\u00e9e Costa - Egidi MadeinItaly<\/title>\n<meta name=\"description\" content=\"R. Costa 20e s. travail minimaliste en m\u00e9tal drap\u00e9 gris dans un bo\u00eetier en plexiglas et base en bois de rose Ajoutez \u00e9l\u00e9gance abstraite \u00e0 votre collection.\" \/>\n<meta name=\"robots\" content=\"index, follow, max-snippet:-1, max-image-preview:large, max-video-preview:-1\" \/>\n<link rel=\"canonical\" href=\"https:\/\/egidimadeinitaly.com\/fr\/negozio\/sculpture-fr-2\/sculpture-moderne-fr\/sculpture-abstraite-en-metal-signe-costa\/\" \/>\n<meta property=\"og:locale\" content=\"fr_FR\" \/>\n<meta property=\"og:type\" content=\"article\" \/>\n<meta property=\"og:title\" content=\"Sculpture abstraite en m\u00e9tal sign\u00e9e Costa\" \/>\n<meta property=\"og:description\" content=\"Sculpture abstraite intitul\u00e9e &quot;\u03943&quot;, elle se compose d&#039;une feuille de m\u00e9tal gris argent\u00e9 moul\u00e9e en plis fluides et drap\u00e9s, \u00e9voquant la douceur d&#039;un voile m\u00e9tallique en mouvement. La surface pr\u00e9sente des stries et des reflets irr\u00e9guliers, captant la lumi\u00e8re de mani\u00e8re dynamique et donnant une impression de fragilit\u00e9 et d&#039;\u00e9ph\u00e9m\u00e8re. L&#039;\u0153uvre, prot\u00e9g\u00e9e par un bo\u00eetier en plexiglas transparent, repose sur un socle en bois de rose vein\u00e9 de rouge, cr\u00e9ant un effet d&#039;exposition mus\u00e9ale qui isole et met en valeur la forme. Sign\u00e9e &quot;R. Costa&quot; sur la tranche, elle incarne un minimalisme po\u00e9tique, o\u00f9 le m\u00e9tal industriel se transforme en expression organique.  &nbsp;\" \/>\n<meta property=\"og:url\" content=\"https:\/\/egidimadeinitaly.com\/fr\/negozio\/sculpture-fr-2\/sculpture-moderne-fr\/sculpture-abstraite-en-metal-signe-costa\/\" \/>\n<meta property=\"og:site_name\" content=\"Egidi MadeinItaly\" \/>\n<meta property=\"article:publisher\" content=\"https:\/\/www.facebook.com\/egidimadeinitaly\/\" \/>\n<meta property=\"article:modified_time\" content=\"2025-11-16T15:43:31+00:00\" \/>\n<meta property=\"og:image\" content=\"https:\/\/egidimadeinitaly.com\/v25\/wp-content\/uploads\/2025\/10\/Costa-Scultura-in-metallo-scaled-e1760101096916.jpg\" \/>\n\t<meta property=\"og:image:width\" content=\"2560\" \/>\n\t<meta property=\"og:image:height\" content=\"1920\" \/>\n\t<meta property=\"og:image:type\" content=\"image\/jpeg\" \/>\n<script type=\"application\/ld+json\" class=\"yoast-schema-graph\">{\"@context\":\"https:\\\/\\\/schema.org\",\"@graph\":[{\"@type\":\"WebPage\",\"@id\":\"https:\\\/\\\/egidimadeinitaly.com\\\/fr\\\/negozio\\\/sculpture-fr-2\\\/sculpture-moderne-fr\\\/sculpture-abstraite-en-metal-signe-costa\\\/\",\"url\":\"https:\\\/\\\/egidimadeinitaly.com\\\/fr\\\/negozio\\\/sculpture-fr-2\\\/sculpture-moderne-fr\\\/sculpture-abstraite-en-metal-signe-costa\\\/\",\"name\":\"Sculpture abstraite en m\u00e9tal sign\u00e9e Costa - Egidi MadeinItaly\",\"isPartOf\":{\"@id\":\"https:\\\/\\\/egidimadeinitaly.com\\\/fr\\\/#website\"},\"primaryImageOfPage\":{\"@id\":\"https:\\\/\\\/egidimadeinitaly.com\\\/fr\\\/negozio\\\/sculpture-fr-2\\\/sculpture-moderne-fr\\\/sculpture-abstraite-en-metal-signe-costa\\\/#primaryimage\"},\"image\":{\"@id\":\"https:\\\/\\\/egidimadeinitaly.com\\\/fr\\\/negozio\\\/sculpture-fr-2\\\/sculpture-moderne-fr\\\/sculpture-abstraite-en-metal-signe-costa\\\/#primaryimage\"},\"thumbnailUrl\":\"https:\\\/\\\/egidimadeinitaly.com\\\/v25\\\/wp-content\\\/uploads\\\/2025\\\/10\\\/Costa-Scultura-in-metallo-scaled-e1760101096916.jpg\",\"datePublished\":\"2025-10-02T16:23:55+00:00\",\"dateModified\":\"2025-11-16T15:43:31+00:00\",\"description\":\"R. Costa 20e s. travail minimaliste en m\u00e9tal drap\u00e9 gris dans un bo\u00eetier en plexiglas et base en bois de rose Ajoutez \u00e9l\u00e9gance abstraite \u00e0 votre collection.\",\"breadcrumb\":{\"@id\":\"https:\\\/\\\/egidimadeinitaly.com\\\/fr\\\/negozio\\\/sculpture-fr-2\\\/sculpture-moderne-fr\\\/sculpture-abstraite-en-metal-signe-costa\\\/#breadcrumb\"},\"inLanguage\":\"fr-FR\",\"potentialAction\":[{\"@type\":\"ReadAction\",\"target\":[\"https:\\\/\\\/egidimadeinitaly.com\\\/fr\\\/negozio\\\/sculpture-fr-2\\\/sculpture-moderne-fr\\\/sculpture-abstraite-en-metal-signe-costa\\\/\"]}]},{\"@type\":\"ImageObject\",\"inLanguage\":\"fr-FR\",\"@id\":\"https:\\\/\\\/egidimadeinitaly.com\\\/fr\\\/negozio\\\/sculpture-fr-2\\\/sculpture-moderne-fr\\\/sculpture-abstraite-en-metal-signe-costa\\\/#primaryimage\",\"url\":\"https:\\\/\\\/egidimadeinitaly.com\\\/v25\\\/wp-content\\\/uploads\\\/2025\\\/10\\\/Costa-Scultura-in-metallo-scaled-e1760101096916.jpg\",\"contentUrl\":\"https:\\\/\\\/egidimadeinitaly.com\\\/v25\\\/wp-content\\\/uploads\\\/2025\\\/10\\\/Costa-Scultura-in-metallo-scaled-e1760101096916.jpg\",\"width\":2560,\"height\":1920,\"caption\":\"R. Costa sculpture en m\u00e9tal\"},{\"@type\":\"BreadcrumbList\",\"@id\":\"https:\\\/\\\/egidimadeinitaly.com\\\/fr\\\/negozio\\\/sculpture-fr-2\\\/sculpture-moderne-fr\\\/sculpture-abstraite-en-metal-signe-costa\\\/#breadcrumb\",\"itemListElement\":[{\"@type\":\"ListItem\",\"position\":1,\"name\":\"Home\",\"item\":\"https:\\\/\\\/egidimadeinitaly.com\\\/fr\\\/\"},{\"@type\":\"ListItem\",\"position\":2,\"name\":\"Produits\",\"item\":\"https:\\\/\\\/egidimadeinitaly.com\\\/fr\\\/shop\\\/\"},{\"@type\":\"ListItem\",\"position\":3,\"name\":\"Sculpture\",\"item\":\"https:\\\/\\\/egidimadeinitaly.com\\\/fr\\\/product-category\\\/sculpture-fr-2\\\/\"},{\"@type\":\"ListItem\",\"position\":4,\"name\":\"Sculpture moderne\",\"item\":\"https:\\\/\\\/egidimadeinitaly.com\\\/fr\\\/product-category\\\/sculpture-fr-2\\\/sculpture-moderne-fr\\\/\"},{\"@type\":\"ListItem\",\"position\":5,\"name\":\"Sculpture abstraite en m\u00e9tal sign\u00e9e Costa\"}]},{\"@type\":\"WebSite\",\"@id\":\"https:\\\/\\\/egidimadeinitaly.com\\\/fr\\\/#website\",\"url\":\"https:\\\/\\\/egidimadeinitaly.com\\\/fr\\\/\",\"name\":\"Egidi MadeinItaly\",\"description\":\"Fine Art\",\"potentialAction\":[{\"@type\":\"SearchAction\",\"target\":{\"@type\":\"EntryPoint\",\"urlTemplate\":\"https:\\\/\\\/egidimadeinitaly.com\\\/fr\\\/?s={search_term_string}\"},\"query-input\":{\"@type\":\"PropertyValueSpecification\",\"valueRequired\":true,\"valueName\":\"search_term_string\"}}],\"inLanguage\":\"fr-FR\"}]}<\/script>\n<!-- \/ Yoast SEO Premium plugin. -->","yoast_head_json":{"title":"Sculpture abstraite en m\u00e9tal sign\u00e9e Costa - Egidi MadeinItaly","description":"R. Costa 20e s. travail minimaliste en m\u00e9tal drap\u00e9 gris dans un bo\u00eetier en plexiglas et base en bois de rose Ajoutez \u00e9l\u00e9gance abstraite \u00e0 votre collection.","robots":{"index":"index","follow":"follow","max-snippet":"max-snippet:-1","max-image-preview":"max-image-preview:large","max-video-preview":"max-video-preview:-1"},"canonical":"https:\/\/egidimadeinitaly.com\/fr\/negozio\/sculpture-fr-2\/sculpture-moderne-fr\/sculpture-abstraite-en-metal-signe-costa\/","og_locale":"fr_FR","og_type":"article","og_title":"Sculpture abstraite en m\u00e9tal sign\u00e9e Costa","og_description":"Sculpture abstraite intitul\u00e9e \"\u03943\", elle se compose d'une feuille de m\u00e9tal gris argent\u00e9 moul\u00e9e en plis fluides et drap\u00e9s, \u00e9voquant la douceur d'un voile m\u00e9tallique en mouvement. La surface pr\u00e9sente des stries et des reflets irr\u00e9guliers, captant la lumi\u00e8re de mani\u00e8re dynamique et donnant une impression de fragilit\u00e9 et d'\u00e9ph\u00e9m\u00e8re. L'\u0153uvre, prot\u00e9g\u00e9e par un bo\u00eetier en plexiglas transparent, repose sur un socle en bois de rose vein\u00e9 de rouge, cr\u00e9ant un effet d'exposition mus\u00e9ale qui isole et met en valeur la forme. Sign\u00e9e \"R. Costa\" sur la tranche, elle incarne un minimalisme po\u00e9tique, o\u00f9 le m\u00e9tal industriel se transforme en expression organique.  &nbsp;","og_url":"https:\/\/egidimadeinitaly.com\/fr\/negozio\/sculpture-fr-2\/sculpture-moderne-fr\/sculpture-abstraite-en-metal-signe-costa\/","og_site_name":"Egidi MadeinItaly","article_publisher":"https:\/\/www.facebook.com\/egidimadeinitaly\/","article_modified_time":"2025-11-16T15:43:31+00:00","og_image":[{"width":2560,"height":1920,"url":"https:\/\/egidimadeinitaly.com\/v25\/wp-content\/uploads\/2025\/10\/Costa-Scultura-in-metallo-scaled-e1760101096916.jpg","type":"image\/jpeg"}],"schema":{"@context":"https:\/\/schema.org","@graph":[{"@type":"WebPage","@id":"https:\/\/egidimadeinitaly.com\/fr\/negozio\/sculpture-fr-2\/sculpture-moderne-fr\/sculpture-abstraite-en-metal-signe-costa\/","url":"https:\/\/egidimadeinitaly.com\/fr\/negozio\/sculpture-fr-2\/sculpture-moderne-fr\/sculpture-abstraite-en-metal-signe-costa\/","name":"Sculpture abstraite en m\u00e9tal sign\u00e9e Costa - Egidi MadeinItaly","isPartOf":{"@id":"https:\/\/egidimadeinitaly.com\/fr\/#website"},"primaryImageOfPage":{"@id":"https:\/\/egidimadeinitaly.com\/fr\/negozio\/sculpture-fr-2\/sculpture-moderne-fr\/sculpture-abstraite-en-metal-signe-costa\/#primaryimage"},"image":{"@id":"https:\/\/egidimadeinitaly.com\/fr\/negozio\/sculpture-fr-2\/sculpture-moderne-fr\/sculpture-abstraite-en-metal-signe-costa\/#primaryimage"},"thumbnailUrl":"https:\/\/egidimadeinitaly.com\/v25\/wp-content\/uploads\/2025\/10\/Costa-Scultura-in-metallo-scaled-e1760101096916.jpg","datePublished":"2025-10-02T16:23:55+00:00","dateModified":"2025-11-16T15:43:31+00:00","description":"R. Costa 20e s. travail minimaliste en m\u00e9tal drap\u00e9 gris dans un bo\u00eetier en plexiglas et base en bois de rose Ajoutez \u00e9l\u00e9gance abstraite \u00e0 votre collection.","breadcrumb":{"@id":"https:\/\/egidimadeinitaly.com\/fr\/negozio\/sculpture-fr-2\/sculpture-moderne-fr\/sculpture-abstraite-en-metal-signe-costa\/#breadcrumb"},"inLanguage":"fr-FR","potentialAction":[{"@type":"ReadAction","target":["https:\/\/egidimadeinitaly.com\/fr\/negozio\/sculpture-fr-2\/sculpture-moderne-fr\/sculpture-abstraite-en-metal-signe-costa\/"]}]},{"@type":"ImageObject","inLanguage":"fr-FR","@id":"https:\/\/egidimadeinitaly.com\/fr\/negozio\/sculpture-fr-2\/sculpture-moderne-fr\/sculpture-abstraite-en-metal-signe-costa\/#primaryimage","url":"https:\/\/egidimadeinitaly.com\/v25\/wp-content\/uploads\/2025\/10\/Costa-Scultura-in-metallo-scaled-e1760101096916.jpg","contentUrl":"https:\/\/egidimadeinitaly.com\/v25\/wp-content\/uploads\/2025\/10\/Costa-Scultura-in-metallo-scaled-e1760101096916.jpg","width":2560,"height":1920,"caption":"R. Costa sculpture en m\u00e9tal"},{"@type":"BreadcrumbList","@id":"https:\/\/egidimadeinitaly.com\/fr\/negozio\/sculpture-fr-2\/sculpture-moderne-fr\/sculpture-abstraite-en-metal-signe-costa\/#breadcrumb","itemListElement":[{"@type":"ListItem","position":1,"name":"Home","item":"https:\/\/egidimadeinitaly.com\/fr\/"},{"@type":"ListItem","position":2,"name":"Produits","item":"https:\/\/egidimadeinitaly.com\/fr\/shop\/"},{"@type":"ListItem","position":3,"name":"Sculpture","item":"https:\/\/egidimadeinitaly.com\/fr\/product-category\/sculpture-fr-2\/"},{"@type":"ListItem","position":4,"name":"Sculpture moderne","item":"https:\/\/egidimadeinitaly.com\/fr\/product-category\/sculpture-fr-2\/sculpture-moderne-fr\/"},{"@type":"ListItem","position":5,"name":"Sculpture abstraite en m\u00e9tal sign\u00e9e Costa"}]},{"@type":"WebSite","@id":"https:\/\/egidimadeinitaly.com\/fr\/#website","url":"https:\/\/egidimadeinitaly.com\/fr\/","name":"Egidi MadeinItaly","description":"Fine Art","potentialAction":[{"@type":"SearchAction","target":{"@type":"EntryPoint","urlTemplate":"https:\/\/egidimadeinitaly.com\/fr\/?s={search_term_string}"},"query-input":{"@type":"PropertyValueSpecification","valueRequired":true,"valueName":"search_term_string"}}],"inLanguage":"fr-FR"}]}},"_links":{"self":[{"href":"https:\/\/egidimadeinitaly.com\/fr\/wp-json\/wp\/v2\/product\/125347","targetHints":{"allow":["GET"]}}],"collection":[{"href":"https:\/\/egidimadeinitaly.com\/fr\/wp-json\/wp\/v2\/product"}],"about":[{"href":"https:\/\/egidimadeinitaly.com\/fr\/wp-json\/wp\/v2\/types\/product"}],"wp:featuredmedia":[{"embeddable":true,"href":"https:\/\/egidimadeinitaly.com\/fr\/wp-json\/wp\/v2\/media\/125335"}],"wp:attachment":[{"href":"https:\/\/egidimadeinitaly.com\/fr\/wp-json\/wp\/v2\/media?parent=125347"}],"wp:term":[{"taxonomy":"product_brand","embeddable":true,"href":"https:\/\/egidimadeinitaly.com\/fr\/wp-json\/wp\/v2\/product_brand?post=125347"},{"taxonomy":"product_cat","embeddable":true,"href":"https:\/\/egidimadeinitaly.com\/fr\/wp-json\/wp\/v2\/product_cat?post=125347"},{"taxonomy":"product_tag","embeddable":true,"href":"https:\/\/egidimadeinitaly.com\/fr\/wp-json\/wp\/v2\/product_tag?post=125347"}],"curies":[{"name":"wp","href":"https:\/\/api.w.org\/{rel}","templated":true}]}}