{"id":125329,"date":"2025-10-02T14:01:43","date_gmt":"2025-10-02T13:01:43","guid":{"rendered":"https:\/\/egidimadeinitaly.com\/negozio\/senza-categoria\/franco-angeli-half-dollar\/"},"modified":"2025-10-02T14:29:37","modified_gmt":"2025-10-02T13:29:37","slug":"franco-angeli-half-dollar","status":"publish","type":"product","link":"https:\/\/egidimadeinitaly.com\/fr\/negozio\/art-moderne\/tableaux-modernes-fr\/franco-angeli-half-dollar\/","title":{"rendered":"Franco Angeli Half Dollar"},"content":{"rendered":"<p><strong>Franco Angeli<\/strong> (Rome, 1935-1988), peintre autodidacte d&rsquo;origine socialiste, est une figure de proue du <em>Pop Art italien<\/em> et de la <em>Scuola di Piazza del Popolo<\/em>. Au moyen de pochoirs et d&rsquo;\u00e9maux, il a \u00e9tudi\u00e9 les symboles du pouvoir, de la consommation et de l&rsquo;histoire contemporaine, sous l&rsquo;influence de la culture am\u00e9ricaine.<br \/>\nDans l&rsquo;art de <strong>Franco Angeli<\/strong>, l&rsquo;aigle &#8211; tir\u00e9 du revers de la monnaie am\u00e9ricaine &#8211; symbolise le pouvoir imp\u00e9rial am\u00e9ricain, le capitalisme et l&rsquo;h\u00e9g\u00e9monie culturelle. Souvent voil\u00e9 ou dupliqu\u00e9, comme ici (en rouge et bleu, couleurs patriotiques), il repr\u00e9sente une fragmentation critique : il n&rsquo;est plus l&rsquo;ic\u00f4ne de la libert\u00e9, mais l&#8217;embl\u00e8me des divisions politiques et du consum\u00e9risme ali\u00e9nant, dans la lign\u00e9e de la r\u00e9flexion pop sur l&rsquo;Am\u00e9rique des ann\u00e9es 1960.<\/p>\n<p>&nbsp;<\/p>\n","protected":false},"excerpt":{"rendered":"<p>\u00ab\u00a0Half Dollar\u00a0\u00bb (1965) est une \u0153uvre embl\u00e9matique du style pop de Franco Angeli, r\u00e9alis\u00e9e avec la technique du pochoir sur toile.<br \/>\nElle reproduit le revers de la pi\u00e8ce am\u00e9ricaine d&rsquo;un demi-dollar, avec deux aigles superpos\u00e9s &#8211; l&rsquo;un en rouge vif et l&rsquo;autre en bleu profond &#8211; entour\u00e9s d&rsquo;\u00e9toiles, de rayons et d&rsquo;inscriptions fragment\u00e9es telles que \u00ab\u00a0UNITED STATES OF AMERICA\u00a0\u00bb (\u00c9tats-Unis d&rsquo;Am\u00e9rique) et \u00ab\u00a0HALF DOLLAR\u00a0\u00bb (demi-dollar).<br \/>\nLe dessin sym\u00e9trique et le contraste des couleurs \u00e9voquent le drapeau am\u00e9ricain dans une aura de critique ironique du consum\u00e9risme et du pouvoir. Au dos de la toile, une d\u00e9dicace manuscrite : \u00ab\u00a0Hommage \u00e0 Mirella AMGCV\u00a0\u00bb ajoute une touche personnelle et intime \u00e0 l&rsquo;\u0153uvre.<\/p>\n<p>&nbsp;<\/p>\n","protected":false},"featured_media":125320,"template":"","meta":{"_acf_changed":false},"product_brand":[],"product_cat":[6377,6416],"product_tag":[6456,2743],"class_list":{"0":"post-125329","1":"product","2":"type-product","3":"status-publish","4":"has-post-thumbnail","6":"product_cat-art-moderne","7":"product_cat-tableaux-modernes-fr","8":"product_tag-ecole-de-piazza-del-popolo","9":"product_tag-pop-art-fr","11":"first","12":"outofstock","13":"taxable","14":"shipping-taxable","15":"product-type-simple"},"acf":[],"yoast_head":"<!-- This site is optimized with the Yoast SEO Premium plugin v27.4 (Yoast SEO v27.5) - https:\/\/yoast.com\/product\/yoast-seo-premium-wordpress\/ -->\n<title>Franco Angeli Half Dollar - Egidi MadeinItaly<\/title>\n<meta name=\"description\" content=\"Half dollar Oeuvre de Franco Angeli (1965) D\u00e9dicace unique au dos. Une ic\u00f4ne rare pour les collectionneurs - \u00e0 d\u00e9couvrir et \u00e0 acheter d\u00e8s maintenant !\" \/>\n<meta name=\"robots\" content=\"index, follow, max-snippet:-1, max-image-preview:large, max-video-preview:-1\" \/>\n<link rel=\"canonical\" href=\"https:\/\/egidimadeinitaly.com\/fr\/negozio\/art-moderne\/tableaux-modernes-fr\/franco-angeli-half-dollar\/\" \/>\n<meta property=\"og:locale\" content=\"fr_FR\" \/>\n<meta property=\"og:type\" content=\"article\" \/>\n<meta property=\"og:title\" content=\"Franco Angeli Half Dollar\" \/>\n<meta property=\"og:description\" content=\"&quot;Half Dollar&quot; (1965) est une \u0153uvre embl\u00e9matique du style pop de Franco Angeli, r\u00e9alis\u00e9e avec la technique du pochoir sur toile. Elle reproduit le revers de la pi\u00e8ce am\u00e9ricaine d&#039;un demi-dollar, avec deux aigles superpos\u00e9s - l&#039;un en rouge vif et l&#039;autre en bleu profond - entour\u00e9s d&#039;\u00e9toiles, de rayons et d&#039;inscriptions fragment\u00e9es telles que &quot;UNITED STATES OF AMERICA&quot; (\u00c9tats-Unis d&#039;Am\u00e9rique) et &quot;HALF DOLLAR&quot; (demi-dollar). Le dessin sym\u00e9trique et le contraste des couleurs \u00e9voquent le drapeau am\u00e9ricain dans une aura de critique ironique du consum\u00e9risme et du pouvoir. Au dos de la toile, une d\u00e9dicace manuscrite : &quot;Hommage \u00e0 Mirella AMGCV&quot; ajoute une touche personnelle et intime \u00e0 l&#039;\u0153uvre.  &nbsp;\" \/>\n<meta property=\"og:url\" content=\"https:\/\/egidimadeinitaly.com\/fr\/negozio\/art-moderne\/tableaux-modernes-fr\/franco-angeli-half-dollar\/\" \/>\n<meta property=\"og:site_name\" content=\"Egidi MadeinItaly\" \/>\n<meta property=\"article:publisher\" content=\"https:\/\/www.facebook.com\/egidimadeinitaly\/\" \/>\n<meta property=\"article:modified_time\" content=\"2025-10-02T13:29:37+00:00\" \/>\n<meta property=\"og:image\" content=\"https:\/\/egidimadeinitaly.com\/v25\/wp-content\/uploads\/2025\/10\/Franco-Angeli-Half-dollar.jpg\" \/>\n\t<meta property=\"og:image:width\" content=\"1984\" \/>\n\t<meta property=\"og:image:height\" content=\"1984\" \/>\n\t<meta property=\"og:image:type\" content=\"image\/jpeg\" \/>\n<script type=\"application\/ld+json\" class=\"yoast-schema-graph\">{\"@context\":\"https:\\\/\\\/schema.org\",\"@graph\":[{\"@type\":\"WebPage\",\"@id\":\"https:\\\/\\\/egidimadeinitaly.com\\\/fr\\\/negozio\\\/art-moderne\\\/tableaux-modernes-fr\\\/franco-angeli-half-dollar\\\/\",\"url\":\"https:\\\/\\\/egidimadeinitaly.com\\\/fr\\\/negozio\\\/art-moderne\\\/tableaux-modernes-fr\\\/franco-angeli-half-dollar\\\/\",\"name\":\"Franco Angeli Half Dollar - Egidi MadeinItaly\",\"isPartOf\":{\"@id\":\"https:\\\/\\\/egidimadeinitaly.com\\\/fr\\\/#website\"},\"primaryImageOfPage\":{\"@id\":\"https:\\\/\\\/egidimadeinitaly.com\\\/fr\\\/negozio\\\/art-moderne\\\/tableaux-modernes-fr\\\/franco-angeli-half-dollar\\\/#primaryimage\"},\"image\":{\"@id\":\"https:\\\/\\\/egidimadeinitaly.com\\\/fr\\\/negozio\\\/art-moderne\\\/tableaux-modernes-fr\\\/franco-angeli-half-dollar\\\/#primaryimage\"},\"thumbnailUrl\":\"https:\\\/\\\/egidimadeinitaly.com\\\/v25\\\/wp-content\\\/uploads\\\/2025\\\/10\\\/Franco-Angeli-Half-dollar-e1760101160471.jpg\",\"datePublished\":\"2025-10-02T13:01:43+00:00\",\"dateModified\":\"2025-10-02T13:29:37+00:00\",\"description\":\"Half dollar Oeuvre de Franco Angeli (1965) D\u00e9dicace unique au dos. Une ic\u00f4ne rare pour les collectionneurs - \u00e0 d\u00e9couvrir et \u00e0 acheter d\u00e8s maintenant !\",\"breadcrumb\":{\"@id\":\"https:\\\/\\\/egidimadeinitaly.com\\\/fr\\\/negozio\\\/art-moderne\\\/tableaux-modernes-fr\\\/franco-angeli-half-dollar\\\/#breadcrumb\"},\"inLanguage\":\"fr-FR\",\"potentialAction\":[{\"@type\":\"ReadAction\",\"target\":[\"https:\\\/\\\/egidimadeinitaly.com\\\/fr\\\/negozio\\\/art-moderne\\\/tableaux-modernes-fr\\\/franco-angeli-half-dollar\\\/\"]}]},{\"@type\":\"ImageObject\",\"inLanguage\":\"fr-FR\",\"@id\":\"https:\\\/\\\/egidimadeinitaly.com\\\/fr\\\/negozio\\\/art-moderne\\\/tableaux-modernes-fr\\\/franco-angeli-half-dollar\\\/#primaryimage\",\"url\":\"https:\\\/\\\/egidimadeinitaly.com\\\/v25\\\/wp-content\\\/uploads\\\/2025\\\/10\\\/Franco-Angeli-Half-dollar-e1760101160471.jpg\",\"contentUrl\":\"https:\\\/\\\/egidimadeinitaly.com\\\/v25\\\/wp-content\\\/uploads\\\/2025\\\/10\\\/Franco-Angeli-Half-dollar-e1760101160471.jpg\",\"width\":1984,\"height\":1984,\"caption\":\"Franco Angeli Half dollar\"},{\"@type\":\"BreadcrumbList\",\"@id\":\"https:\\\/\\\/egidimadeinitaly.com\\\/fr\\\/negozio\\\/art-moderne\\\/tableaux-modernes-fr\\\/franco-angeli-half-dollar\\\/#breadcrumb\",\"itemListElement\":[{\"@type\":\"ListItem\",\"position\":1,\"name\":\"Home\",\"item\":\"https:\\\/\\\/egidimadeinitaly.com\\\/fr\\\/\"},{\"@type\":\"ListItem\",\"position\":2,\"name\":\"Produits\",\"item\":\"https:\\\/\\\/egidimadeinitaly.com\\\/fr\\\/shop\\\/\"},{\"@type\":\"ListItem\",\"position\":3,\"name\":\"Art moderne\",\"item\":\"https:\\\/\\\/egidimadeinitaly.com\\\/fr\\\/product-category\\\/art-moderne\\\/\"},{\"@type\":\"ListItem\",\"position\":4,\"name\":\"Tableaux modernes\",\"item\":\"https:\\\/\\\/egidimadeinitaly.com\\\/fr\\\/product-category\\\/art-moderne\\\/tableaux-modernes-fr\\\/\"},{\"@type\":\"ListItem\",\"position\":5,\"name\":\"Franco Angeli Half Dollar\"}]},{\"@type\":\"WebSite\",\"@id\":\"https:\\\/\\\/egidimadeinitaly.com\\\/fr\\\/#website\",\"url\":\"https:\\\/\\\/egidimadeinitaly.com\\\/fr\\\/\",\"name\":\"Egidi MadeinItaly\",\"description\":\"Fine Art\",\"potentialAction\":[{\"@type\":\"SearchAction\",\"target\":{\"@type\":\"EntryPoint\",\"urlTemplate\":\"https:\\\/\\\/egidimadeinitaly.com\\\/fr\\\/?s={search_term_string}\"},\"query-input\":{\"@type\":\"PropertyValueSpecification\",\"valueRequired\":true,\"valueName\":\"search_term_string\"}}],\"inLanguage\":\"fr-FR\"}]}<\/script>\n<!-- \/ Yoast SEO Premium plugin. -->","yoast_head_json":{"title":"Franco Angeli Half Dollar - Egidi MadeinItaly","description":"Half dollar Oeuvre de Franco Angeli (1965) D\u00e9dicace unique au dos. Une ic\u00f4ne rare pour les collectionneurs - \u00e0 d\u00e9couvrir et \u00e0 acheter d\u00e8s maintenant !","robots":{"index":"index","follow":"follow","max-snippet":"max-snippet:-1","max-image-preview":"max-image-preview:large","max-video-preview":"max-video-preview:-1"},"canonical":"https:\/\/egidimadeinitaly.com\/fr\/negozio\/art-moderne\/tableaux-modernes-fr\/franco-angeli-half-dollar\/","og_locale":"fr_FR","og_type":"article","og_title":"Franco Angeli Half Dollar","og_description":"\"Half Dollar\" (1965) est une \u0153uvre embl\u00e9matique du style pop de Franco Angeli, r\u00e9alis\u00e9e avec la technique du pochoir sur toile. Elle reproduit le revers de la pi\u00e8ce am\u00e9ricaine d'un demi-dollar, avec deux aigles superpos\u00e9s - l'un en rouge vif et l'autre en bleu profond - entour\u00e9s d'\u00e9toiles, de rayons et d'inscriptions fragment\u00e9es telles que \"UNITED STATES OF AMERICA\" (\u00c9tats-Unis d'Am\u00e9rique) et \"HALF DOLLAR\" (demi-dollar). Le dessin sym\u00e9trique et le contraste des couleurs \u00e9voquent le drapeau am\u00e9ricain dans une aura de critique ironique du consum\u00e9risme et du pouvoir. Au dos de la toile, une d\u00e9dicace manuscrite : \"Hommage \u00e0 Mirella AMGCV\" ajoute une touche personnelle et intime \u00e0 l'\u0153uvre.  &nbsp;","og_url":"https:\/\/egidimadeinitaly.com\/fr\/negozio\/art-moderne\/tableaux-modernes-fr\/franco-angeli-half-dollar\/","og_site_name":"Egidi MadeinItaly","article_publisher":"https:\/\/www.facebook.com\/egidimadeinitaly\/","article_modified_time":"2025-10-02T13:29:37+00:00","og_image":[{"width":1984,"height":1984,"url":"https:\/\/egidimadeinitaly.com\/v25\/wp-content\/uploads\/2025\/10\/Franco-Angeli-Half-dollar.jpg","type":"image\/jpeg"}],"schema":{"@context":"https:\/\/schema.org","@graph":[{"@type":"WebPage","@id":"https:\/\/egidimadeinitaly.com\/fr\/negozio\/art-moderne\/tableaux-modernes-fr\/franco-angeli-half-dollar\/","url":"https:\/\/egidimadeinitaly.com\/fr\/negozio\/art-moderne\/tableaux-modernes-fr\/franco-angeli-half-dollar\/","name":"Franco Angeli Half Dollar - Egidi MadeinItaly","isPartOf":{"@id":"https:\/\/egidimadeinitaly.com\/fr\/#website"},"primaryImageOfPage":{"@id":"https:\/\/egidimadeinitaly.com\/fr\/negozio\/art-moderne\/tableaux-modernes-fr\/franco-angeli-half-dollar\/#primaryimage"},"image":{"@id":"https:\/\/egidimadeinitaly.com\/fr\/negozio\/art-moderne\/tableaux-modernes-fr\/franco-angeli-half-dollar\/#primaryimage"},"thumbnailUrl":"https:\/\/egidimadeinitaly.com\/v25\/wp-content\/uploads\/2025\/10\/Franco-Angeli-Half-dollar-e1760101160471.jpg","datePublished":"2025-10-02T13:01:43+00:00","dateModified":"2025-10-02T13:29:37+00:00","description":"Half dollar Oeuvre de Franco Angeli (1965) D\u00e9dicace unique au dos. Une ic\u00f4ne rare pour les collectionneurs - \u00e0 d\u00e9couvrir et \u00e0 acheter d\u00e8s maintenant !","breadcrumb":{"@id":"https:\/\/egidimadeinitaly.com\/fr\/negozio\/art-moderne\/tableaux-modernes-fr\/franco-angeli-half-dollar\/#breadcrumb"},"inLanguage":"fr-FR","potentialAction":[{"@type":"ReadAction","target":["https:\/\/egidimadeinitaly.com\/fr\/negozio\/art-moderne\/tableaux-modernes-fr\/franco-angeli-half-dollar\/"]}]},{"@type":"ImageObject","inLanguage":"fr-FR","@id":"https:\/\/egidimadeinitaly.com\/fr\/negozio\/art-moderne\/tableaux-modernes-fr\/franco-angeli-half-dollar\/#primaryimage","url":"https:\/\/egidimadeinitaly.com\/v25\/wp-content\/uploads\/2025\/10\/Franco-Angeli-Half-dollar-e1760101160471.jpg","contentUrl":"https:\/\/egidimadeinitaly.com\/v25\/wp-content\/uploads\/2025\/10\/Franco-Angeli-Half-dollar-e1760101160471.jpg","width":1984,"height":1984,"caption":"Franco Angeli Half dollar"},{"@type":"BreadcrumbList","@id":"https:\/\/egidimadeinitaly.com\/fr\/negozio\/art-moderne\/tableaux-modernes-fr\/franco-angeli-half-dollar\/#breadcrumb","itemListElement":[{"@type":"ListItem","position":1,"name":"Home","item":"https:\/\/egidimadeinitaly.com\/fr\/"},{"@type":"ListItem","position":2,"name":"Produits","item":"https:\/\/egidimadeinitaly.com\/fr\/shop\/"},{"@type":"ListItem","position":3,"name":"Art moderne","item":"https:\/\/egidimadeinitaly.com\/fr\/product-category\/art-moderne\/"},{"@type":"ListItem","position":4,"name":"Tableaux modernes","item":"https:\/\/egidimadeinitaly.com\/fr\/product-category\/art-moderne\/tableaux-modernes-fr\/"},{"@type":"ListItem","position":5,"name":"Franco Angeli Half Dollar"}]},{"@type":"WebSite","@id":"https:\/\/egidimadeinitaly.com\/fr\/#website","url":"https:\/\/egidimadeinitaly.com\/fr\/","name":"Egidi MadeinItaly","description":"Fine Art","potentialAction":[{"@type":"SearchAction","target":{"@type":"EntryPoint","urlTemplate":"https:\/\/egidimadeinitaly.com\/fr\/?s={search_term_string}"},"query-input":{"@type":"PropertyValueSpecification","valueRequired":true,"valueName":"search_term_string"}}],"inLanguage":"fr-FR"}]}},"_links":{"self":[{"href":"https:\/\/egidimadeinitaly.com\/fr\/wp-json\/wp\/v2\/product\/125329","targetHints":{"allow":["GET"]}}],"collection":[{"href":"https:\/\/egidimadeinitaly.com\/fr\/wp-json\/wp\/v2\/product"}],"about":[{"href":"https:\/\/egidimadeinitaly.com\/fr\/wp-json\/wp\/v2\/types\/product"}],"wp:featuredmedia":[{"embeddable":true,"href":"https:\/\/egidimadeinitaly.com\/fr\/wp-json\/wp\/v2\/media\/125320"}],"wp:attachment":[{"href":"https:\/\/egidimadeinitaly.com\/fr\/wp-json\/wp\/v2\/media?parent=125329"}],"wp:term":[{"taxonomy":"product_brand","embeddable":true,"href":"https:\/\/egidimadeinitaly.com\/fr\/wp-json\/wp\/v2\/product_brand?post=125329"},{"taxonomy":"product_cat","embeddable":true,"href":"https:\/\/egidimadeinitaly.com\/fr\/wp-json\/wp\/v2\/product_cat?post=125329"},{"taxonomy":"product_tag","embeddable":true,"href":"https:\/\/egidimadeinitaly.com\/fr\/wp-json\/wp\/v2\/product_tag?post=125329"}],"curies":[{"name":"wp","href":"https:\/\/api.w.org\/{rel}","templated":true}]}}