{"id":125307,"date":"2025-10-01T16:45:31","date_gmt":"2025-10-01T15:45:31","guid":{"rendered":"https:\/\/egidimadeinitaly.com\/?post_type=product&#038;p=125307"},"modified":"2025-10-01T17:34:08","modified_gmt":"2025-10-01T16:34:08","slug":"island-guizzo-oeuvre","status":"publish","type":"product","link":"https:\/\/egidimadeinitaly.com\/fr\/negozio\/art-moderne\/tableaux-modernes-fr\/island-guizzo-oeuvre\/","title":{"rendered":"Island Guizzo oeuvre"},"content":{"rendered":"<p dir=\"auto\">Island Guizzo fait partie de la <strong>peinture figurative moderne de l&rsquo;apr\u00e8s-guerre<\/strong>, avec des influences expressionnistes.<\/p>\n<p dir=\"auto\">Son style mat\u00e9riel et color\u00e9 va au-del\u00e0 du r\u00e9alisme traditionnel, mettant l&rsquo;accent sur la lumi\u00e8re et l&rsquo;\u00e9motion pour toucher l'\u00a0\u00bb\u00e2me\u00a0\u00bb du visible, dans la lign\u00e9e des tendances post-impressionnistes et informelles italiennes des ann\u00e9es 1960.<\/p>\n","protected":false},"excerpt":{"rendered":"<p dir=\"auto\">Composition repr\u00e9sentant un vase violet rempli de fleurs blanches avec des feuilles et des tiges dynamiques sur un fond vert bleut\u00e9 par l&rsquo;artiste italien Island Guizzo (Volpago del Montello, 1915 &#8211; Rome, 1987).<\/p>\n<p dir=\"auto\">Sign\u00e9e en rouge \u00e0 gauche <em>Guizzo &rsquo;65<\/em>.<br \/>\nLes coups de pinceau textur\u00e9s et les couleurs vives donnent un effet expressif et lumineux, typique du style moderne de l&rsquo;artiste. Cadre dor\u00e9 d&rsquo;origine.<\/p>\n","protected":false},"featured_media":125296,"template":"","meta":{"_acf_changed":false},"product_brand":[],"product_cat":[6377,6416],"product_tag":[6483],"class_list":{"0":"post-125307","1":"product","2":"type-product","3":"status-publish","4":"has-post-thumbnail","6":"product_cat-art-moderne","7":"product_cat-tableaux-modernes-fr","8":"product_tag-nature-morte","10":"first","11":"instock","12":"taxable","13":"shipping-taxable","14":"purchasable","15":"product-type-simple"},"acf":[],"yoast_head":"<!-- This site is optimized with the Yoast SEO Premium plugin v27.3 (Yoast SEO v27.4) - https:\/\/yoast.com\/product\/yoast-seo-premium-wordpress\/ -->\n<title>Island Guizzo oeuvre - Egidi MadeinItaly<\/title>\n<meta name=\"description\" content=\"Bouquet de fleurs par l&#039;artiste italien Island Guizzo 1965. Sign\u00e9 e t dat\u00e9. \u0152uvre unique pour les collectionneurs d&#039;art italien\" \/>\n<meta name=\"robots\" content=\"index, follow, max-snippet:-1, max-image-preview:large, max-video-preview:-1\" \/>\n<link rel=\"canonical\" href=\"https:\/\/egidimadeinitaly.com\/fr\/negozio\/art-moderne\/tableaux-modernes-fr\/island-guizzo-oeuvre\/\" \/>\n<meta property=\"og:locale\" content=\"fr_FR\" \/>\n<meta property=\"og:type\" content=\"article\" \/>\n<meta property=\"og:title\" content=\"Island Guizzo oeuvre\" \/>\n<meta property=\"og:description\" content=\"Composition repr\u00e9sentant un vase violet rempli de fleurs blanches avec des feuilles et des tiges dynamiques sur un fond vert bleut\u00e9 par l&#039;artiste italien Island Guizzo (Volpago del Montello, 1915 - Rome, 1987). Sign\u00e9e en rouge \u00e0 gauche Guizzo &#039;65. Les coups de pinceau textur\u00e9s et les couleurs vives donnent un effet expressif et lumineux, typique du style moderne de l&#039;artiste. Cadre dor\u00e9 d&#039;origine.\" \/>\n<meta property=\"og:url\" content=\"https:\/\/egidimadeinitaly.com\/fr\/negozio\/art-moderne\/tableaux-modernes-fr\/island-guizzo-oeuvre\/\" \/>\n<meta property=\"og:site_name\" content=\"Egidi MadeinItaly\" \/>\n<meta property=\"article:publisher\" content=\"https:\/\/www.facebook.com\/egidimadeinitaly\/\" \/>\n<meta property=\"article:modified_time\" content=\"2025-10-01T16:34:08+00:00\" \/>\n<meta property=\"og:image\" content=\"https:\/\/egidimadeinitaly.com\/v25\/wp-content\/uploads\/2025\/10\/Island-Guizzo-Vaso-con-fiori.jpg\" \/>\n\t<meta property=\"og:image:width\" content=\"1984\" \/>\n\t<meta property=\"og:image:height\" content=\"1984\" \/>\n\t<meta property=\"og:image:type\" content=\"image\/jpeg\" \/>\n<script type=\"application\/ld+json\" class=\"yoast-schema-graph\">{\"@context\":\"https:\\\/\\\/schema.org\",\"@graph\":[{\"@type\":\"WebPage\",\"@id\":\"https:\\\/\\\/egidimadeinitaly.com\\\/fr\\\/negozio\\\/art-moderne\\\/tableaux-modernes-fr\\\/island-guizzo-oeuvre\\\/\",\"url\":\"https:\\\/\\\/egidimadeinitaly.com\\\/fr\\\/negozio\\\/art-moderne\\\/tableaux-modernes-fr\\\/island-guizzo-oeuvre\\\/\",\"name\":\"Island Guizzo oeuvre - Egidi MadeinItaly\",\"isPartOf\":{\"@id\":\"https:\\\/\\\/egidimadeinitaly.com\\\/fr\\\/#website\"},\"primaryImageOfPage\":{\"@id\":\"https:\\\/\\\/egidimadeinitaly.com\\\/fr\\\/negozio\\\/art-moderne\\\/tableaux-modernes-fr\\\/island-guizzo-oeuvre\\\/#primaryimage\"},\"image\":{\"@id\":\"https:\\\/\\\/egidimadeinitaly.com\\\/fr\\\/negozio\\\/art-moderne\\\/tableaux-modernes-fr\\\/island-guizzo-oeuvre\\\/#primaryimage\"},\"thumbnailUrl\":\"https:\\\/\\\/egidimadeinitaly.com\\\/v25\\\/wp-content\\\/uploads\\\/2025\\\/10\\\/Island-Guizzo-Vaso-con-fiori-e1760101252617.jpg\",\"datePublished\":\"2025-10-01T15:45:31+00:00\",\"dateModified\":\"2025-10-01T16:34:08+00:00\",\"description\":\"Bouquet de fleurs par l'artiste italien Island Guizzo 1965. Sign\u00e9 e t dat\u00e9. \u0152uvre unique pour les collectionneurs d'art italien\",\"breadcrumb\":{\"@id\":\"https:\\\/\\\/egidimadeinitaly.com\\\/fr\\\/negozio\\\/art-moderne\\\/tableaux-modernes-fr\\\/island-guizzo-oeuvre\\\/#breadcrumb\"},\"inLanguage\":\"fr-FR\",\"potentialAction\":[{\"@type\":\"ReadAction\",\"target\":[\"https:\\\/\\\/egidimadeinitaly.com\\\/fr\\\/negozio\\\/art-moderne\\\/tableaux-modernes-fr\\\/island-guizzo-oeuvre\\\/\"]}]},{\"@type\":\"ImageObject\",\"inLanguage\":\"fr-FR\",\"@id\":\"https:\\\/\\\/egidimadeinitaly.com\\\/fr\\\/negozio\\\/art-moderne\\\/tableaux-modernes-fr\\\/island-guizzo-oeuvre\\\/#primaryimage\",\"url\":\"https:\\\/\\\/egidimadeinitaly.com\\\/v25\\\/wp-content\\\/uploads\\\/2025\\\/10\\\/Island-Guizzo-Vaso-con-fiori-e1760101252617.jpg\",\"contentUrl\":\"https:\\\/\\\/egidimadeinitaly.com\\\/v25\\\/wp-content\\\/uploads\\\/2025\\\/10\\\/Island-Guizzo-Vaso-con-fiori-e1760101252617.jpg\",\"width\":1984,\"height\":1984,\"caption\":\"Natura morta con vaso di fiori\"},{\"@type\":\"BreadcrumbList\",\"@id\":\"https:\\\/\\\/egidimadeinitaly.com\\\/fr\\\/negozio\\\/art-moderne\\\/tableaux-modernes-fr\\\/island-guizzo-oeuvre\\\/#breadcrumb\",\"itemListElement\":[{\"@type\":\"ListItem\",\"position\":1,\"name\":\"Home\",\"item\":\"https:\\\/\\\/egidimadeinitaly.com\\\/fr\\\/\"},{\"@type\":\"ListItem\",\"position\":2,\"name\":\"Produits\",\"item\":\"https:\\\/\\\/egidimadeinitaly.com\\\/fr\\\/shop\\\/\"},{\"@type\":\"ListItem\",\"position\":3,\"name\":\"Art moderne\",\"item\":\"https:\\\/\\\/egidimadeinitaly.com\\\/fr\\\/product-category\\\/art-moderne\\\/\"},{\"@type\":\"ListItem\",\"position\":4,\"name\":\"Tableaux modernes\",\"item\":\"https:\\\/\\\/egidimadeinitaly.com\\\/fr\\\/product-category\\\/art-moderne\\\/tableaux-modernes-fr\\\/\"},{\"@type\":\"ListItem\",\"position\":5,\"name\":\"Island Guizzo oeuvre\"}]},{\"@type\":\"WebSite\",\"@id\":\"https:\\\/\\\/egidimadeinitaly.com\\\/fr\\\/#website\",\"url\":\"https:\\\/\\\/egidimadeinitaly.com\\\/fr\\\/\",\"name\":\"Egidi MadeinItaly\",\"description\":\"Fine Art\",\"potentialAction\":[{\"@type\":\"SearchAction\",\"target\":{\"@type\":\"EntryPoint\",\"urlTemplate\":\"https:\\\/\\\/egidimadeinitaly.com\\\/fr\\\/?s={search_term_string}\"},\"query-input\":{\"@type\":\"PropertyValueSpecification\",\"valueRequired\":true,\"valueName\":\"search_term_string\"}}],\"inLanguage\":\"fr-FR\"}]}<\/script>\n<!-- \/ Yoast SEO Premium plugin. -->","yoast_head_json":{"title":"Island Guizzo oeuvre - Egidi MadeinItaly","description":"Bouquet de fleurs par l'artiste italien Island Guizzo 1965. Sign\u00e9 e t dat\u00e9. \u0152uvre unique pour les collectionneurs d'art italien","robots":{"index":"index","follow":"follow","max-snippet":"max-snippet:-1","max-image-preview":"max-image-preview:large","max-video-preview":"max-video-preview:-1"},"canonical":"https:\/\/egidimadeinitaly.com\/fr\/negozio\/art-moderne\/tableaux-modernes-fr\/island-guizzo-oeuvre\/","og_locale":"fr_FR","og_type":"article","og_title":"Island Guizzo oeuvre","og_description":"Composition repr\u00e9sentant un vase violet rempli de fleurs blanches avec des feuilles et des tiges dynamiques sur un fond vert bleut\u00e9 par l'artiste italien Island Guizzo (Volpago del Montello, 1915 - Rome, 1987). Sign\u00e9e en rouge \u00e0 gauche Guizzo '65. Les coups de pinceau textur\u00e9s et les couleurs vives donnent un effet expressif et lumineux, typique du style moderne de l'artiste. Cadre dor\u00e9 d'origine.","og_url":"https:\/\/egidimadeinitaly.com\/fr\/negozio\/art-moderne\/tableaux-modernes-fr\/island-guizzo-oeuvre\/","og_site_name":"Egidi MadeinItaly","article_publisher":"https:\/\/www.facebook.com\/egidimadeinitaly\/","article_modified_time":"2025-10-01T16:34:08+00:00","og_image":[{"width":1984,"height":1984,"url":"https:\/\/egidimadeinitaly.com\/v25\/wp-content\/uploads\/2025\/10\/Island-Guizzo-Vaso-con-fiori.jpg","type":"image\/jpeg"}],"schema":{"@context":"https:\/\/schema.org","@graph":[{"@type":"WebPage","@id":"https:\/\/egidimadeinitaly.com\/fr\/negozio\/art-moderne\/tableaux-modernes-fr\/island-guizzo-oeuvre\/","url":"https:\/\/egidimadeinitaly.com\/fr\/negozio\/art-moderne\/tableaux-modernes-fr\/island-guizzo-oeuvre\/","name":"Island Guizzo oeuvre - Egidi MadeinItaly","isPartOf":{"@id":"https:\/\/egidimadeinitaly.com\/fr\/#website"},"primaryImageOfPage":{"@id":"https:\/\/egidimadeinitaly.com\/fr\/negozio\/art-moderne\/tableaux-modernes-fr\/island-guizzo-oeuvre\/#primaryimage"},"image":{"@id":"https:\/\/egidimadeinitaly.com\/fr\/negozio\/art-moderne\/tableaux-modernes-fr\/island-guizzo-oeuvre\/#primaryimage"},"thumbnailUrl":"https:\/\/egidimadeinitaly.com\/v25\/wp-content\/uploads\/2025\/10\/Island-Guizzo-Vaso-con-fiori-e1760101252617.jpg","datePublished":"2025-10-01T15:45:31+00:00","dateModified":"2025-10-01T16:34:08+00:00","description":"Bouquet de fleurs par l'artiste italien Island Guizzo 1965. Sign\u00e9 e t dat\u00e9. \u0152uvre unique pour les collectionneurs d'art italien","breadcrumb":{"@id":"https:\/\/egidimadeinitaly.com\/fr\/negozio\/art-moderne\/tableaux-modernes-fr\/island-guizzo-oeuvre\/#breadcrumb"},"inLanguage":"fr-FR","potentialAction":[{"@type":"ReadAction","target":["https:\/\/egidimadeinitaly.com\/fr\/negozio\/art-moderne\/tableaux-modernes-fr\/island-guizzo-oeuvre\/"]}]},{"@type":"ImageObject","inLanguage":"fr-FR","@id":"https:\/\/egidimadeinitaly.com\/fr\/negozio\/art-moderne\/tableaux-modernes-fr\/island-guizzo-oeuvre\/#primaryimage","url":"https:\/\/egidimadeinitaly.com\/v25\/wp-content\/uploads\/2025\/10\/Island-Guizzo-Vaso-con-fiori-e1760101252617.jpg","contentUrl":"https:\/\/egidimadeinitaly.com\/v25\/wp-content\/uploads\/2025\/10\/Island-Guizzo-Vaso-con-fiori-e1760101252617.jpg","width":1984,"height":1984,"caption":"Natura morta con vaso di fiori"},{"@type":"BreadcrumbList","@id":"https:\/\/egidimadeinitaly.com\/fr\/negozio\/art-moderne\/tableaux-modernes-fr\/island-guizzo-oeuvre\/#breadcrumb","itemListElement":[{"@type":"ListItem","position":1,"name":"Home","item":"https:\/\/egidimadeinitaly.com\/fr\/"},{"@type":"ListItem","position":2,"name":"Produits","item":"https:\/\/egidimadeinitaly.com\/fr\/shop\/"},{"@type":"ListItem","position":3,"name":"Art moderne","item":"https:\/\/egidimadeinitaly.com\/fr\/product-category\/art-moderne\/"},{"@type":"ListItem","position":4,"name":"Tableaux modernes","item":"https:\/\/egidimadeinitaly.com\/fr\/product-category\/art-moderne\/tableaux-modernes-fr\/"},{"@type":"ListItem","position":5,"name":"Island Guizzo oeuvre"}]},{"@type":"WebSite","@id":"https:\/\/egidimadeinitaly.com\/fr\/#website","url":"https:\/\/egidimadeinitaly.com\/fr\/","name":"Egidi MadeinItaly","description":"Fine Art","potentialAction":[{"@type":"SearchAction","target":{"@type":"EntryPoint","urlTemplate":"https:\/\/egidimadeinitaly.com\/fr\/?s={search_term_string}"},"query-input":{"@type":"PropertyValueSpecification","valueRequired":true,"valueName":"search_term_string"}}],"inLanguage":"fr-FR"}]}},"_links":{"self":[{"href":"https:\/\/egidimadeinitaly.com\/fr\/wp-json\/wp\/v2\/product\/125307","targetHints":{"allow":["GET"]}}],"collection":[{"href":"https:\/\/egidimadeinitaly.com\/fr\/wp-json\/wp\/v2\/product"}],"about":[{"href":"https:\/\/egidimadeinitaly.com\/fr\/wp-json\/wp\/v2\/types\/product"}],"wp:featuredmedia":[{"embeddable":true,"href":"https:\/\/egidimadeinitaly.com\/fr\/wp-json\/wp\/v2\/media\/125296"}],"wp:attachment":[{"href":"https:\/\/egidimadeinitaly.com\/fr\/wp-json\/wp\/v2\/media?parent=125307"}],"wp:term":[{"taxonomy":"product_brand","embeddable":true,"href":"https:\/\/egidimadeinitaly.com\/fr\/wp-json\/wp\/v2\/product_brand?post=125307"},{"taxonomy":"product_cat","embeddable":true,"href":"https:\/\/egidimadeinitaly.com\/fr\/wp-json\/wp\/v2\/product_cat?post=125307"},{"taxonomy":"product_tag","embeddable":true,"href":"https:\/\/egidimadeinitaly.com\/fr\/wp-json\/wp\/v2\/product_tag?post=125307"}],"curies":[{"name":"wp","href":"https:\/\/api.w.org\/{rel}","templated":true}]}}