{"id":125289,"date":"2025-10-01T14:43:55","date_gmt":"2025-10-01T13:43:55","guid":{"rendered":"https:\/\/egidimadeinitaly.com\/negozio\/senza-categoria\/giordano-pavan-opera\/"},"modified":"2025-10-01T15:11:16","modified_gmt":"2025-10-01T14:11:16","slug":"giordano-pavan-oeuvre","status":"publish","type":"product","link":"https:\/\/egidimadeinitaly.com\/fr\/negozio\/art-moderne\/tableaux-modernes-fr\/giordano-pavan-oeuvre\/","title":{"rendered":"Giordano Pavan oeuvre"},"content":{"rendered":"<p><strong>Giordano Pavan<\/strong> \u00e9tait un artiste italien actif entre le milieu et la fin du XXe si\u00e8cle.<\/p>\n<p>N\u00e9 en V\u00e9n\u00e9tie, il \u00e9tudie la peinture \u00e0 l&rsquo;Acad\u00e9mie des beaux-arts de Venise, o\u00f9 il entre en contact avec l&rsquo;environnement artistique de l&rsquo;<em><strong>\u00e9cole v\u00e9nitienne de l&rsquo;apr\u00e8s-guerre<\/strong><\/em>.<br \/>\nIl a \u00e9t\u00e9 l&rsquo;\u00e9l\u00e8ve de Remo Brindisi. Sa premi\u00e8re exposition personnelle a eu lieu \u00e0 la Galleria la Sfera de Milan.<br \/>\nIl a remport\u00e9 de nombreux prix, notamment : Comacchio en 1969, Sulmona en 1970 et Bice Bugatti en 1971<br \/>\nSa production artistique se caract\u00e9rise par une exp\u00e9rimentation chromatique et formelle constante, allant du figuratif \u00e0 l&rsquo;abstractionnisme lyrique. Il a particip\u00e9 \u00e0 plusieurs expositions collectives en Italie, notamment entre la V\u00e9n\u00e9tie et la Lombardie. Ses \u0153uvres figurent dans des collections priv\u00e9es et des galeries d&rsquo;art contemporain, en particulier dans le nord de l&rsquo;Italie.<\/p>\n<p>&nbsp;<\/p>\n","protected":false},"excerpt":{"rendered":"<p>Marine abstraite par Giordano Pavan, original sign\u00e9 G. Pavan. Cadre dor\u00e9.<\/p>\n<p>L&rsquo;\u0153uvre repr\u00e9sente un paysage marin abstrait avec des voiliers stylis\u00e9s, construit \u00e0 l&rsquo;aide de lignes d\u00e9cisives et de couleurs intenses. La composition est divis\u00e9e en trois bandes horizontales, comme pour rappeler le reflet de l&rsquo;image sur l&rsquo;eau, dans un jeu visuel entre r\u00e9alit\u00e9 et reflet.<br \/>\nLe trait gestuel et la force de la couleur rappellent l&rsquo;expressionnisme abstrait italien des ann\u00e9es 1960-1980, avec de fortes r\u00e9f\u00e9rences \u00e0 l&rsquo;\u00e9cole de Burri et de Vedova, mais avec une note plus lyrique et po\u00e9tique. L&rsquo;\u0153uvre de <strong>Pavan<\/strong> m\u00eale en effet la forme et la couleur dans une synth\u00e8se personnelle et vibrante, o\u00f9 le bateau devient le symbole d&rsquo;un voyage int\u00e9rieur et spirituel.<br \/>\nL&rsquo;\u0153uvre est accompagn\u00e9e d&rsquo;un certificat sur photo dat\u00e9 du 24.08.1985.<\/p>\n<p>&nbsp;<\/p>\n","protected":false},"featured_media":125276,"template":"","meta":{"_acf_changed":false},"product_brand":[],"product_cat":[6377,6416],"product_tag":[],"class_list":{"0":"post-125289","1":"product","2":"type-product","3":"status-publish","4":"has-post-thumbnail","6":"product_cat-art-moderne","7":"product_cat-tableaux-modernes-fr","9":"first","10":"instock","11":"taxable","12":"shipping-taxable","13":"product-type-simple"},"acf":[],"yoast_head":"<!-- This site is optimized with the Yoast SEO Premium plugin v27.3 (Yoast SEO v27.4) - https:\/\/yoast.com\/product\/yoast-seo-premium-wordpress\/ -->\n<title>Giordano Pavan oeuvre - Egidi MadeinItaly<\/title>\n<meta name=\"description\" content=\"Oeuvre abstraite de Giordano Pavan avec des voiliers color\u00e9s de style expressionniste, sign\u00e9e, cadre inclus. Art italien du 20e si\u00e8cle.\" \/>\n<meta name=\"robots\" content=\"index, follow, max-snippet:-1, max-image-preview:large, max-video-preview:-1\" \/>\n<link rel=\"canonical\" href=\"https:\/\/egidimadeinitaly.com\/fr\/negozio\/art-moderne\/tableaux-modernes-fr\/giordano-pavan-oeuvre\/\" \/>\n<meta property=\"og:locale\" content=\"fr_FR\" \/>\n<meta property=\"og:type\" content=\"article\" \/>\n<meta property=\"og:title\" content=\"Giordano Pavan oeuvre\" \/>\n<meta property=\"og:description\" content=\"Marine abstraite par Giordano Pavan, original sign\u00e9 G. Pavan. Cadre dor\u00e9.  L&#039;\u0153uvre repr\u00e9sente un paysage marin abstrait avec des voiliers stylis\u00e9s, construit \u00e0 l&#039;aide de lignes d\u00e9cisives et de couleurs intenses. La composition est divis\u00e9e en trois bandes horizontales, comme pour rappeler le reflet de l&#039;image sur l&#039;eau, dans un jeu visuel entre r\u00e9alit\u00e9 et reflet. Le trait gestuel et la force de la couleur rappellent l&#039;expressionnisme abstrait italien des ann\u00e9es 1960-1980, avec de fortes r\u00e9f\u00e9rences \u00e0 l&#039;\u00e9cole de Burri et de Vedova, mais avec une note plus lyrique et po\u00e9tique. L&#039;\u0153uvre de Pavan m\u00eale en effet la forme et la couleur dans une synth\u00e8se personnelle et vibrante, o\u00f9 le bateau devient le symbole d&#039;un voyage int\u00e9rieur et spirituel. L&#039;\u0153uvre est accompagn\u00e9e d&#039;un certificat sur photo dat\u00e9 du 24.08.1985.  &nbsp;\" \/>\n<meta property=\"og:url\" content=\"https:\/\/egidimadeinitaly.com\/fr\/negozio\/art-moderne\/tableaux-modernes-fr\/giordano-pavan-oeuvre\/\" \/>\n<meta property=\"og:site_name\" content=\"Egidi MadeinItaly\" \/>\n<meta property=\"article:publisher\" content=\"https:\/\/www.facebook.com\/egidimadeinitaly\/\" \/>\n<meta property=\"article:modified_time\" content=\"2025-10-01T14:11:16+00:00\" \/>\n<meta property=\"og:image\" content=\"https:\/\/egidimadeinitaly.com\/v25\/wp-content\/uploads\/2025\/10\/Giordano-Pavan-opera.jpg\" \/>\n\t<meta property=\"og:image:width\" content=\"1433\" \/>\n\t<meta property=\"og:image:height\" content=\"1984\" \/>\n\t<meta property=\"og:image:type\" content=\"image\/jpeg\" \/>\n<script type=\"application\/ld+json\" class=\"yoast-schema-graph\">{\"@context\":\"https:\\\/\\\/schema.org\",\"@graph\":[{\"@type\":\"WebPage\",\"@id\":\"https:\\\/\\\/egidimadeinitaly.com\\\/fr\\\/negozio\\\/art-moderne\\\/tableaux-modernes-fr\\\/giordano-pavan-oeuvre\\\/\",\"url\":\"https:\\\/\\\/egidimadeinitaly.com\\\/fr\\\/negozio\\\/art-moderne\\\/tableaux-modernes-fr\\\/giordano-pavan-oeuvre\\\/\",\"name\":\"Giordano Pavan oeuvre - Egidi MadeinItaly\",\"isPartOf\":{\"@id\":\"https:\\\/\\\/egidimadeinitaly.com\\\/fr\\\/#website\"},\"primaryImageOfPage\":{\"@id\":\"https:\\\/\\\/egidimadeinitaly.com\\\/fr\\\/negozio\\\/art-moderne\\\/tableaux-modernes-fr\\\/giordano-pavan-oeuvre\\\/#primaryimage\"},\"image\":{\"@id\":\"https:\\\/\\\/egidimadeinitaly.com\\\/fr\\\/negozio\\\/art-moderne\\\/tableaux-modernes-fr\\\/giordano-pavan-oeuvre\\\/#primaryimage\"},\"thumbnailUrl\":\"https:\\\/\\\/egidimadeinitaly.com\\\/v25\\\/wp-content\\\/uploads\\\/2025\\\/10\\\/Giordano-Pavan-opera.jpg\",\"datePublished\":\"2025-10-01T13:43:55+00:00\",\"dateModified\":\"2025-10-01T14:11:16+00:00\",\"description\":\"Oeuvre abstraite de Giordano Pavan avec des voiliers color\u00e9s de style expressionniste, sign\u00e9e, cadre inclus. Art italien du 20e si\u00e8cle.\",\"breadcrumb\":{\"@id\":\"https:\\\/\\\/egidimadeinitaly.com\\\/fr\\\/negozio\\\/art-moderne\\\/tableaux-modernes-fr\\\/giordano-pavan-oeuvre\\\/#breadcrumb\"},\"inLanguage\":\"fr-FR\",\"potentialAction\":[{\"@type\":\"ReadAction\",\"target\":[\"https:\\\/\\\/egidimadeinitaly.com\\\/fr\\\/negozio\\\/art-moderne\\\/tableaux-modernes-fr\\\/giordano-pavan-oeuvre\\\/\"]}]},{\"@type\":\"ImageObject\",\"inLanguage\":\"fr-FR\",\"@id\":\"https:\\\/\\\/egidimadeinitaly.com\\\/fr\\\/negozio\\\/art-moderne\\\/tableaux-modernes-fr\\\/giordano-pavan-oeuvre\\\/#primaryimage\",\"url\":\"https:\\\/\\\/egidimadeinitaly.com\\\/v25\\\/wp-content\\\/uploads\\\/2025\\\/10\\\/Giordano-Pavan-opera.jpg\",\"contentUrl\":\"https:\\\/\\\/egidimadeinitaly.com\\\/v25\\\/wp-content\\\/uploads\\\/2025\\\/10\\\/Giordano-Pavan-opera.jpg\",\"width\":1433,\"height\":1984,\"caption\":\"Paesaggio marino\"},{\"@type\":\"BreadcrumbList\",\"@id\":\"https:\\\/\\\/egidimadeinitaly.com\\\/fr\\\/negozio\\\/art-moderne\\\/tableaux-modernes-fr\\\/giordano-pavan-oeuvre\\\/#breadcrumb\",\"itemListElement\":[{\"@type\":\"ListItem\",\"position\":1,\"name\":\"Home\",\"item\":\"https:\\\/\\\/egidimadeinitaly.com\\\/fr\\\/\"},{\"@type\":\"ListItem\",\"position\":2,\"name\":\"Produits\",\"item\":\"https:\\\/\\\/egidimadeinitaly.com\\\/fr\\\/shop\\\/\"},{\"@type\":\"ListItem\",\"position\":3,\"name\":\"Art moderne\",\"item\":\"https:\\\/\\\/egidimadeinitaly.com\\\/fr\\\/product-category\\\/art-moderne\\\/\"},{\"@type\":\"ListItem\",\"position\":4,\"name\":\"Tableaux modernes\",\"item\":\"https:\\\/\\\/egidimadeinitaly.com\\\/fr\\\/product-category\\\/art-moderne\\\/tableaux-modernes-fr\\\/\"},{\"@type\":\"ListItem\",\"position\":5,\"name\":\"Giordano Pavan oeuvre\"}]},{\"@type\":\"WebSite\",\"@id\":\"https:\\\/\\\/egidimadeinitaly.com\\\/fr\\\/#website\",\"url\":\"https:\\\/\\\/egidimadeinitaly.com\\\/fr\\\/\",\"name\":\"Egidi MadeinItaly\",\"description\":\"Fine Art\",\"potentialAction\":[{\"@type\":\"SearchAction\",\"target\":{\"@type\":\"EntryPoint\",\"urlTemplate\":\"https:\\\/\\\/egidimadeinitaly.com\\\/fr\\\/?s={search_term_string}\"},\"query-input\":{\"@type\":\"PropertyValueSpecification\",\"valueRequired\":true,\"valueName\":\"search_term_string\"}}],\"inLanguage\":\"fr-FR\"}]}<\/script>\n<!-- \/ Yoast SEO Premium plugin. -->","yoast_head_json":{"title":"Giordano Pavan oeuvre - Egidi MadeinItaly","description":"Oeuvre abstraite de Giordano Pavan avec des voiliers color\u00e9s de style expressionniste, sign\u00e9e, cadre inclus. Art italien du 20e si\u00e8cle.","robots":{"index":"index","follow":"follow","max-snippet":"max-snippet:-1","max-image-preview":"max-image-preview:large","max-video-preview":"max-video-preview:-1"},"canonical":"https:\/\/egidimadeinitaly.com\/fr\/negozio\/art-moderne\/tableaux-modernes-fr\/giordano-pavan-oeuvre\/","og_locale":"fr_FR","og_type":"article","og_title":"Giordano Pavan oeuvre","og_description":"Marine abstraite par Giordano Pavan, original sign\u00e9 G. Pavan. Cadre dor\u00e9.  L'\u0153uvre repr\u00e9sente un paysage marin abstrait avec des voiliers stylis\u00e9s, construit \u00e0 l'aide de lignes d\u00e9cisives et de couleurs intenses. La composition est divis\u00e9e en trois bandes horizontales, comme pour rappeler le reflet de l'image sur l'eau, dans un jeu visuel entre r\u00e9alit\u00e9 et reflet. Le trait gestuel et la force de la couleur rappellent l'expressionnisme abstrait italien des ann\u00e9es 1960-1980, avec de fortes r\u00e9f\u00e9rences \u00e0 l'\u00e9cole de Burri et de Vedova, mais avec une note plus lyrique et po\u00e9tique. L'\u0153uvre de Pavan m\u00eale en effet la forme et la couleur dans une synth\u00e8se personnelle et vibrante, o\u00f9 le bateau devient le symbole d'un voyage int\u00e9rieur et spirituel. L'\u0153uvre est accompagn\u00e9e d'un certificat sur photo dat\u00e9 du 24.08.1985.  &nbsp;","og_url":"https:\/\/egidimadeinitaly.com\/fr\/negozio\/art-moderne\/tableaux-modernes-fr\/giordano-pavan-oeuvre\/","og_site_name":"Egidi MadeinItaly","article_publisher":"https:\/\/www.facebook.com\/egidimadeinitaly\/","article_modified_time":"2025-10-01T14:11:16+00:00","og_image":[{"width":1433,"height":1984,"url":"https:\/\/egidimadeinitaly.com\/v25\/wp-content\/uploads\/2025\/10\/Giordano-Pavan-opera.jpg","type":"image\/jpeg"}],"schema":{"@context":"https:\/\/schema.org","@graph":[{"@type":"WebPage","@id":"https:\/\/egidimadeinitaly.com\/fr\/negozio\/art-moderne\/tableaux-modernes-fr\/giordano-pavan-oeuvre\/","url":"https:\/\/egidimadeinitaly.com\/fr\/negozio\/art-moderne\/tableaux-modernes-fr\/giordano-pavan-oeuvre\/","name":"Giordano Pavan oeuvre - Egidi MadeinItaly","isPartOf":{"@id":"https:\/\/egidimadeinitaly.com\/fr\/#website"},"primaryImageOfPage":{"@id":"https:\/\/egidimadeinitaly.com\/fr\/negozio\/art-moderne\/tableaux-modernes-fr\/giordano-pavan-oeuvre\/#primaryimage"},"image":{"@id":"https:\/\/egidimadeinitaly.com\/fr\/negozio\/art-moderne\/tableaux-modernes-fr\/giordano-pavan-oeuvre\/#primaryimage"},"thumbnailUrl":"https:\/\/egidimadeinitaly.com\/v25\/wp-content\/uploads\/2025\/10\/Giordano-Pavan-opera.jpg","datePublished":"2025-10-01T13:43:55+00:00","dateModified":"2025-10-01T14:11:16+00:00","description":"Oeuvre abstraite de Giordano Pavan avec des voiliers color\u00e9s de style expressionniste, sign\u00e9e, cadre inclus. Art italien du 20e si\u00e8cle.","breadcrumb":{"@id":"https:\/\/egidimadeinitaly.com\/fr\/negozio\/art-moderne\/tableaux-modernes-fr\/giordano-pavan-oeuvre\/#breadcrumb"},"inLanguage":"fr-FR","potentialAction":[{"@type":"ReadAction","target":["https:\/\/egidimadeinitaly.com\/fr\/negozio\/art-moderne\/tableaux-modernes-fr\/giordano-pavan-oeuvre\/"]}]},{"@type":"ImageObject","inLanguage":"fr-FR","@id":"https:\/\/egidimadeinitaly.com\/fr\/negozio\/art-moderne\/tableaux-modernes-fr\/giordano-pavan-oeuvre\/#primaryimage","url":"https:\/\/egidimadeinitaly.com\/v25\/wp-content\/uploads\/2025\/10\/Giordano-Pavan-opera.jpg","contentUrl":"https:\/\/egidimadeinitaly.com\/v25\/wp-content\/uploads\/2025\/10\/Giordano-Pavan-opera.jpg","width":1433,"height":1984,"caption":"Paesaggio marino"},{"@type":"BreadcrumbList","@id":"https:\/\/egidimadeinitaly.com\/fr\/negozio\/art-moderne\/tableaux-modernes-fr\/giordano-pavan-oeuvre\/#breadcrumb","itemListElement":[{"@type":"ListItem","position":1,"name":"Home","item":"https:\/\/egidimadeinitaly.com\/fr\/"},{"@type":"ListItem","position":2,"name":"Produits","item":"https:\/\/egidimadeinitaly.com\/fr\/shop\/"},{"@type":"ListItem","position":3,"name":"Art moderne","item":"https:\/\/egidimadeinitaly.com\/fr\/product-category\/art-moderne\/"},{"@type":"ListItem","position":4,"name":"Tableaux modernes","item":"https:\/\/egidimadeinitaly.com\/fr\/product-category\/art-moderne\/tableaux-modernes-fr\/"},{"@type":"ListItem","position":5,"name":"Giordano Pavan oeuvre"}]},{"@type":"WebSite","@id":"https:\/\/egidimadeinitaly.com\/fr\/#website","url":"https:\/\/egidimadeinitaly.com\/fr\/","name":"Egidi MadeinItaly","description":"Fine Art","potentialAction":[{"@type":"SearchAction","target":{"@type":"EntryPoint","urlTemplate":"https:\/\/egidimadeinitaly.com\/fr\/?s={search_term_string}"},"query-input":{"@type":"PropertyValueSpecification","valueRequired":true,"valueName":"search_term_string"}}],"inLanguage":"fr-FR"}]}},"_links":{"self":[{"href":"https:\/\/egidimadeinitaly.com\/fr\/wp-json\/wp\/v2\/product\/125289","targetHints":{"allow":["GET"]}}],"collection":[{"href":"https:\/\/egidimadeinitaly.com\/fr\/wp-json\/wp\/v2\/product"}],"about":[{"href":"https:\/\/egidimadeinitaly.com\/fr\/wp-json\/wp\/v2\/types\/product"}],"wp:featuredmedia":[{"embeddable":true,"href":"https:\/\/egidimadeinitaly.com\/fr\/wp-json\/wp\/v2\/media\/125276"}],"wp:attachment":[{"href":"https:\/\/egidimadeinitaly.com\/fr\/wp-json\/wp\/v2\/media?parent=125289"}],"wp:term":[{"taxonomy":"product_brand","embeddable":true,"href":"https:\/\/egidimadeinitaly.com\/fr\/wp-json\/wp\/v2\/product_brand?post=125289"},{"taxonomy":"product_cat","embeddable":true,"href":"https:\/\/egidimadeinitaly.com\/fr\/wp-json\/wp\/v2\/product_cat?post=125289"},{"taxonomy":"product_tag","embeddable":true,"href":"https:\/\/egidimadeinitaly.com\/fr\/wp-json\/wp\/v2\/product_tag?post=125289"}],"curies":[{"name":"wp","href":"https:\/\/api.w.org\/{rel}","templated":true}]}}