{"id":125232,"date":"2025-09-29T16:12:45","date_gmt":"2025-09-29T15:12:45","guid":{"rendered":"https:\/\/egidimadeinitaly.com\/?post_type=product&#038;p=125232"},"modified":"2025-09-29T16:46:51","modified_gmt":"2025-09-29T15:46:51","slug":"pio-joris-oeuvre","status":"publish","type":"product","link":"https:\/\/egidimadeinitaly.com\/fr\/negozio\/art-ancien\/tableaux-anciens-fr\/pio-joris-oeuvre\/","title":{"rendered":"Pio Joris oeuvre"},"content":{"rendered":"<p dir=\"auto\">Id\u00e9al pour les collectionneurs d&rsquo;art italien du XIXe si\u00e8cle, cette toile repr\u00e9sente un investissement raffin\u00e9, capable d&#8217;embellir des environnements classiques ou modernes avec son charme intemporel. Disponible pour acquisition priv\u00e9e ; contactez-nous pour des d\u00e9tails sur le prix et les conditions.<\/p>\n<p dir=\"auto\">Pio Joris, form\u00e9 \u00e0 l&rsquo;Accademia di San Luca et voyageur infatigable entre l&rsquo;Italie, la France, l&rsquo;Espagne et l&rsquo;Angleterre, excellait dans la capture de moments intimes et authentiques, se m\u00e9ritant des prix internationaux et une place dans les collections de prestigieuses galeries comme la Galleria d&rsquo;Arte Moderna de Rome et de Milan.<\/p>\n","protected":false},"excerpt":{"rendered":"<p dir=\"auto\">Pio Joris Jeune fille avec panier dans une ruelle de la campagne romaine Huile sur toile, fin du XIXe si\u00e8cle<\/p>\n<p dir=\"auto\">Cette \u0153uvre fascinante de Pio Joris, ma\u00eetre du genre pictural italien du XIXe si\u00e8cle, repr\u00e9sente une jeune paysanne descendant avec gr\u00e2ce un escalier de pierre dans une ancienne ruelle, peut-\u00eatre inspir\u00e9e des ambiances suggestives romaines que l&rsquo;artiste aimait d\u00e9peindre. La jeune fille, v\u00eatue de v\u00eatements traditionnels, porte un panier rempli de l\u00e9gumes frais, tandis qu&rsquo;\u00e0 ses pieds, quelques poules picorent le sol humide, ajoutant une touche de vie quotidienne et de r\u00e9alisme \u00e0 la sc\u00e8ne. L&rsquo;arri\u00e8re-plan, avec des arches anciennes, des murs irr\u00e9guliers et un voile de lumi\u00e8re chaude filtrant du ciel, \u00e9voque l&rsquo;atmosph\u00e8re pittoresque et nostalgique de la vie rurale italienne, typique des \u0153uvres de Joris influenc\u00e9es par le naturalisme napolitain et le style de Mariano Fortuny.<\/p>\n<p dir=\"auto\">L&rsquo;\u0153uvre est enrichie d&rsquo;un cadre contemporain en bois dor\u00e9<\/p>\n<p dir=\"auto\">Au verso, l&rsquo;\u0153uvre pr\u00e9sente une d\u00e9dicace autographe \u00ab\u00a0Autentica Pio Joris\u00a0\u00bb, qui en confirme l&rsquo;authenticit\u00e9 et en accro\u00eet la valeur pour les collectionneurs.<\/p>\n<p dir=\"auto\">Ce tableau illustre son habilet\u00e9 dans le jeu de lumi\u00e8res et d&rsquo;ombres, avec des coups de pinceau fluides qui conf\u00e8rent profondeur et vitalit\u00e9 \u00e0 la composition.<\/p>\n","protected":false},"featured_media":125223,"template":"","meta":{"_acf_changed":false},"product_brand":[],"product_cat":[6374,6380,6408],"product_tag":[],"class_list":{"0":"post-125232","1":"product","2":"type-product","3":"status-publish","4":"has-post-thumbnail","6":"product_cat-art-ancien","7":"product_cat-quadri-antichi","8":"product_cat-tableaux-anciens-fr","10":"first","11":"instock","12":"taxable","13":"shipping-taxable","14":"product-type-simple"},"acf":[],"yoast_head":"<!-- This site is optimized with the Yoast SEO Premium plugin v27.5 (Yoast SEO v27.5) - https:\/\/yoast.com\/product\/yoast-seo-premium-wordpress\/ -->\n<title>Pio Joris oeuvre - Egidi MadeinItaly<\/title>\n<meta name=\"description\" content=\"Charmante peinture de Pio Joris repr\u00e9sentant une jeune paysanne avec un panier de l\u00e9gumes, dans une ruelle pittoresque. Huile sur toile du XIXe si\u00e8cle.\" \/>\n<meta name=\"robots\" content=\"index, follow, max-snippet:-1, max-image-preview:large, max-video-preview:-1\" \/>\n<link rel=\"canonical\" href=\"https:\/\/egidimadeinitaly.com\/fr\/negozio\/art-moderne\/tableaux-modernes-fr\/pio-joris-oeuvre\/\" \/>\n<meta property=\"og:locale\" content=\"fr_FR\" \/>\n<meta property=\"og:type\" content=\"article\" \/>\n<meta property=\"og:title\" content=\"Pio Joris oeuvre\" \/>\n<meta property=\"og:description\" content=\"Pio Joris Jeune fille avec panier dans une ruelle de la campagne romaine Huile sur toile, fin du XIXe si\u00e8cle Cette \u0153uvre fascinante de Pio Joris, ma\u00eetre du genre pictural italien du XIXe si\u00e8cle, repr\u00e9sente une jeune paysanne descendant avec gr\u00e2ce un escalier de pierre dans une ancienne ruelle, peut-\u00eatre inspir\u00e9e des ambiances suggestives romaines que l&#039;artiste aimait d\u00e9peindre. La jeune fille, v\u00eatue de v\u00eatements traditionnels, porte un panier rempli de l\u00e9gumes frais, tandis qu&#039;\u00e0 ses pieds, quelques poules picorent le sol humide, ajoutant une touche de vie quotidienne et de r\u00e9alisme \u00e0 la sc\u00e8ne. L&#039;arri\u00e8re-plan, avec des arches anciennes, des murs irr\u00e9guliers et un voile de lumi\u00e8re chaude filtrant du ciel, \u00e9voque l&#039;atmosph\u00e8re pittoresque et nostalgique de la vie rurale italienne, typique des \u0153uvres de Joris influenc\u00e9es par le naturalisme napolitain et le style de Mariano Fortuny. L&#039;\u0153uvre est enrichie d&#039;un cadre contemporain en bois dor\u00e9 Au verso, l&#039;\u0153uvre pr\u00e9sente une d\u00e9dicace autographe &quot;Autentica Pio Joris&quot;, qui en confirme l&#039;authenticit\u00e9 et en accro\u00eet la valeur pour les collectionneurs. Ce tableau illustre son habilet\u00e9 dans le jeu de lumi\u00e8res et d&#039;ombres, avec des coups de pinceau fluides qui conf\u00e8rent profondeur et vitalit\u00e9 \u00e0 la composition.\" \/>\n<meta property=\"og:url\" content=\"https:\/\/egidimadeinitaly.com\/fr\/negozio\/art-moderne\/tableaux-modernes-fr\/pio-joris-oeuvre\/\" \/>\n<meta property=\"og:site_name\" content=\"Egidi MadeinItaly\" \/>\n<meta property=\"article:publisher\" content=\"https:\/\/www.facebook.com\/egidimadeinitaly\/\" \/>\n<meta property=\"article:modified_time\" content=\"2025-09-29T15:46:51+00:00\" \/>\n<meta property=\"og:image\" content=\"https:\/\/egidimadeinitaly.com\/v25\/wp-content\/uploads\/2025\/09\/Pio-Joris-opera.jpg\" \/>\n\t<meta property=\"og:image:width\" content=\"1984\" \/>\n\t<meta property=\"og:image:height\" content=\"1984\" \/>\n\t<meta property=\"og:image:type\" content=\"image\/jpeg\" \/>\n<script type=\"application\/ld+json\" class=\"yoast-schema-graph\">{\"@context\":\"https:\\\/\\\/schema.org\",\"@graph\":[{\"@type\":\"WebPage\",\"@id\":\"https:\\\/\\\/egidimadeinitaly.com\\\/fr\\\/negozio\\\/art-ancien\\\/tableaux-anciens-fr\\\/pio-joris-oeuvre\\\/\",\"url\":\"https:\\\/\\\/egidimadeinitaly.com\\\/fr\\\/negozio\\\/art-moderne\\\/tableaux-modernes-fr\\\/pio-joris-oeuvre\\\/\",\"name\":\"Pio Joris oeuvre - Egidi MadeinItaly\",\"isPartOf\":{\"@id\":\"https:\\\/\\\/egidimadeinitaly.com\\\/fr\\\/#website\"},\"primaryImageOfPage\":{\"@id\":\"https:\\\/\\\/egidimadeinitaly.com\\\/fr\\\/negozio\\\/art-moderne\\\/tableaux-modernes-fr\\\/pio-joris-oeuvre\\\/#primaryimage\"},\"image\":{\"@id\":\"https:\\\/\\\/egidimadeinitaly.com\\\/fr\\\/negozio\\\/art-moderne\\\/tableaux-modernes-fr\\\/pio-joris-oeuvre\\\/#primaryimage\"},\"thumbnailUrl\":\"https:\\\/\\\/egidimadeinitaly.com\\\/v25\\\/wp-content\\\/uploads\\\/2025\\\/09\\\/Pio-Joris-opera.jpg\",\"datePublished\":\"2025-09-29T15:12:45+00:00\",\"dateModified\":\"2025-09-29T15:46:51+00:00\",\"description\":\"Charmante peinture de Pio Joris repr\u00e9sentant une jeune paysanne avec un panier de l\u00e9gumes, dans une ruelle pittoresque. Huile sur toile du XIXe si\u00e8cle.\",\"breadcrumb\":{\"@id\":\"https:\\\/\\\/egidimadeinitaly.com\\\/fr\\\/negozio\\\/art-moderne\\\/tableaux-modernes-fr\\\/pio-joris-oeuvre\\\/#breadcrumb\"},\"inLanguage\":\"fr-FR\",\"potentialAction\":[{\"@type\":\"ReadAction\",\"target\":[\"https:\\\/\\\/egidimadeinitaly.com\\\/fr\\\/negozio\\\/art-moderne\\\/tableaux-modernes-fr\\\/pio-joris-oeuvre\\\/\"]}]},{\"@type\":\"ImageObject\",\"inLanguage\":\"fr-FR\",\"@id\":\"https:\\\/\\\/egidimadeinitaly.com\\\/fr\\\/negozio\\\/art-moderne\\\/tableaux-modernes-fr\\\/pio-joris-oeuvre\\\/#primaryimage\",\"url\":\"https:\\\/\\\/egidimadeinitaly.com\\\/v25\\\/wp-content\\\/uploads\\\/2025\\\/09\\\/Pio-Joris-opera.jpg\",\"contentUrl\":\"https:\\\/\\\/egidimadeinitaly.com\\\/v25\\\/wp-content\\\/uploads\\\/2025\\\/09\\\/Pio-Joris-opera.jpg\",\"width\":1984,\"height\":1984,\"caption\":\"Pio Joris oeuvre jeune fille avec panier\"},{\"@type\":\"BreadcrumbList\",\"@id\":\"https:\\\/\\\/egidimadeinitaly.com\\\/fr\\\/negozio\\\/art-moderne\\\/tableaux-modernes-fr\\\/pio-joris-oeuvre\\\/#breadcrumb\",\"itemListElement\":[{\"@type\":\"ListItem\",\"position\":1,\"name\":\"Home\",\"item\":\"https:\\\/\\\/egidimadeinitaly.com\\\/fr\\\/\"},{\"@type\":\"ListItem\",\"position\":2,\"name\":\"Produits\",\"item\":\"https:\\\/\\\/egidimadeinitaly.com\\\/fr\\\/shop\\\/\"},{\"@type\":\"ListItem\",\"position\":3,\"name\":\"Art ancien\",\"item\":\"https:\\\/\\\/egidimadeinitaly.com\\\/fr\\\/product-category\\\/art-ancien\\\/\"},{\"@type\":\"ListItem\",\"position\":4,\"name\":\"Tableaux anciens\",\"item\":\"https:\\\/\\\/egidimadeinitaly.com\\\/fr\\\/product-category\\\/art-ancien\\\/tableaux-anciens-fr\\\/\"},{\"@type\":\"ListItem\",\"position\":5,\"name\":\"Pio Joris oeuvre\"}]},{\"@type\":\"WebSite\",\"@id\":\"https:\\\/\\\/egidimadeinitaly.com\\\/fr\\\/#website\",\"url\":\"https:\\\/\\\/egidimadeinitaly.com\\\/fr\\\/\",\"name\":\"Egidi MadeinItaly\",\"description\":\"Fine Art\",\"potentialAction\":[{\"@type\":\"SearchAction\",\"target\":{\"@type\":\"EntryPoint\",\"urlTemplate\":\"https:\\\/\\\/egidimadeinitaly.com\\\/fr\\\/?s={search_term_string}\"},\"query-input\":{\"@type\":\"PropertyValueSpecification\",\"valueRequired\":true,\"valueName\":\"search_term_string\"}}],\"inLanguage\":\"fr-FR\"}]}<\/script>\n<!-- \/ Yoast SEO Premium plugin. -->","yoast_head_json":{"title":"Pio Joris oeuvre - Egidi MadeinItaly","description":"Charmante peinture de Pio Joris repr\u00e9sentant une jeune paysanne avec un panier de l\u00e9gumes, dans une ruelle pittoresque. Huile sur toile du XIXe si\u00e8cle.","robots":{"index":"index","follow":"follow","max-snippet":"max-snippet:-1","max-image-preview":"max-image-preview:large","max-video-preview":"max-video-preview:-1"},"canonical":"https:\/\/egidimadeinitaly.com\/fr\/negozio\/art-moderne\/tableaux-modernes-fr\/pio-joris-oeuvre\/","og_locale":"fr_FR","og_type":"article","og_title":"Pio Joris oeuvre","og_description":"Pio Joris Jeune fille avec panier dans une ruelle de la campagne romaine Huile sur toile, fin du XIXe si\u00e8cle Cette \u0153uvre fascinante de Pio Joris, ma\u00eetre du genre pictural italien du XIXe si\u00e8cle, repr\u00e9sente une jeune paysanne descendant avec gr\u00e2ce un escalier de pierre dans une ancienne ruelle, peut-\u00eatre inspir\u00e9e des ambiances suggestives romaines que l'artiste aimait d\u00e9peindre. La jeune fille, v\u00eatue de v\u00eatements traditionnels, porte un panier rempli de l\u00e9gumes frais, tandis qu'\u00e0 ses pieds, quelques poules picorent le sol humide, ajoutant une touche de vie quotidienne et de r\u00e9alisme \u00e0 la sc\u00e8ne. L'arri\u00e8re-plan, avec des arches anciennes, des murs irr\u00e9guliers et un voile de lumi\u00e8re chaude filtrant du ciel, \u00e9voque l'atmosph\u00e8re pittoresque et nostalgique de la vie rurale italienne, typique des \u0153uvres de Joris influenc\u00e9es par le naturalisme napolitain et le style de Mariano Fortuny. L'\u0153uvre est enrichie d'un cadre contemporain en bois dor\u00e9 Au verso, l'\u0153uvre pr\u00e9sente une d\u00e9dicace autographe \"Autentica Pio Joris\", qui en confirme l'authenticit\u00e9 et en accro\u00eet la valeur pour les collectionneurs. Ce tableau illustre son habilet\u00e9 dans le jeu de lumi\u00e8res et d'ombres, avec des coups de pinceau fluides qui conf\u00e8rent profondeur et vitalit\u00e9 \u00e0 la composition.","og_url":"https:\/\/egidimadeinitaly.com\/fr\/negozio\/art-moderne\/tableaux-modernes-fr\/pio-joris-oeuvre\/","og_site_name":"Egidi MadeinItaly","article_publisher":"https:\/\/www.facebook.com\/egidimadeinitaly\/","article_modified_time":"2025-09-29T15:46:51+00:00","og_image":[{"width":1984,"height":1984,"url":"https:\/\/egidimadeinitaly.com\/v25\/wp-content\/uploads\/2025\/09\/Pio-Joris-opera.jpg","type":"image\/jpeg"}],"schema":{"@context":"https:\/\/schema.org","@graph":[{"@type":"WebPage","@id":"https:\/\/egidimadeinitaly.com\/fr\/negozio\/art-ancien\/tableaux-anciens-fr\/pio-joris-oeuvre\/","url":"https:\/\/egidimadeinitaly.com\/fr\/negozio\/art-moderne\/tableaux-modernes-fr\/pio-joris-oeuvre\/","name":"Pio Joris oeuvre - Egidi MadeinItaly","isPartOf":{"@id":"https:\/\/egidimadeinitaly.com\/fr\/#website"},"primaryImageOfPage":{"@id":"https:\/\/egidimadeinitaly.com\/fr\/negozio\/art-moderne\/tableaux-modernes-fr\/pio-joris-oeuvre\/#primaryimage"},"image":{"@id":"https:\/\/egidimadeinitaly.com\/fr\/negozio\/art-moderne\/tableaux-modernes-fr\/pio-joris-oeuvre\/#primaryimage"},"thumbnailUrl":"https:\/\/egidimadeinitaly.com\/v25\/wp-content\/uploads\/2025\/09\/Pio-Joris-opera.jpg","datePublished":"2025-09-29T15:12:45+00:00","dateModified":"2025-09-29T15:46:51+00:00","description":"Charmante peinture de Pio Joris repr\u00e9sentant une jeune paysanne avec un panier de l\u00e9gumes, dans une ruelle pittoresque. Huile sur toile du XIXe si\u00e8cle.","breadcrumb":{"@id":"https:\/\/egidimadeinitaly.com\/fr\/negozio\/art-moderne\/tableaux-modernes-fr\/pio-joris-oeuvre\/#breadcrumb"},"inLanguage":"fr-FR","potentialAction":[{"@type":"ReadAction","target":["https:\/\/egidimadeinitaly.com\/fr\/negozio\/art-moderne\/tableaux-modernes-fr\/pio-joris-oeuvre\/"]}]},{"@type":"ImageObject","inLanguage":"fr-FR","@id":"https:\/\/egidimadeinitaly.com\/fr\/negozio\/art-moderne\/tableaux-modernes-fr\/pio-joris-oeuvre\/#primaryimage","url":"https:\/\/egidimadeinitaly.com\/v25\/wp-content\/uploads\/2025\/09\/Pio-Joris-opera.jpg","contentUrl":"https:\/\/egidimadeinitaly.com\/v25\/wp-content\/uploads\/2025\/09\/Pio-Joris-opera.jpg","width":1984,"height":1984,"caption":"Pio Joris oeuvre jeune fille avec panier"},{"@type":"BreadcrumbList","@id":"https:\/\/egidimadeinitaly.com\/fr\/negozio\/art-moderne\/tableaux-modernes-fr\/pio-joris-oeuvre\/#breadcrumb","itemListElement":[{"@type":"ListItem","position":1,"name":"Home","item":"https:\/\/egidimadeinitaly.com\/fr\/"},{"@type":"ListItem","position":2,"name":"Produits","item":"https:\/\/egidimadeinitaly.com\/fr\/shop\/"},{"@type":"ListItem","position":3,"name":"Art ancien","item":"https:\/\/egidimadeinitaly.com\/fr\/product-category\/art-ancien\/"},{"@type":"ListItem","position":4,"name":"Tableaux anciens","item":"https:\/\/egidimadeinitaly.com\/fr\/product-category\/art-ancien\/tableaux-anciens-fr\/"},{"@type":"ListItem","position":5,"name":"Pio Joris oeuvre"}]},{"@type":"WebSite","@id":"https:\/\/egidimadeinitaly.com\/fr\/#website","url":"https:\/\/egidimadeinitaly.com\/fr\/","name":"Egidi MadeinItaly","description":"Fine Art","potentialAction":[{"@type":"SearchAction","target":{"@type":"EntryPoint","urlTemplate":"https:\/\/egidimadeinitaly.com\/fr\/?s={search_term_string}"},"query-input":{"@type":"PropertyValueSpecification","valueRequired":true,"valueName":"search_term_string"}}],"inLanguage":"fr-FR"}]}},"_links":{"self":[{"href":"https:\/\/egidimadeinitaly.com\/fr\/wp-json\/wp\/v2\/product\/125232","targetHints":{"allow":["GET"]}}],"collection":[{"href":"https:\/\/egidimadeinitaly.com\/fr\/wp-json\/wp\/v2\/product"}],"about":[{"href":"https:\/\/egidimadeinitaly.com\/fr\/wp-json\/wp\/v2\/types\/product"}],"wp:featuredmedia":[{"embeddable":true,"href":"https:\/\/egidimadeinitaly.com\/fr\/wp-json\/wp\/v2\/media\/125223"}],"wp:attachment":[{"href":"https:\/\/egidimadeinitaly.com\/fr\/wp-json\/wp\/v2\/media?parent=125232"}],"wp:term":[{"taxonomy":"product_brand","embeddable":true,"href":"https:\/\/egidimadeinitaly.com\/fr\/wp-json\/wp\/v2\/product_brand?post=125232"},{"taxonomy":"product_cat","embeddable":true,"href":"https:\/\/egidimadeinitaly.com\/fr\/wp-json\/wp\/v2\/product_cat?post=125232"},{"taxonomy":"product_tag","embeddable":true,"href":"https:\/\/egidimadeinitaly.com\/fr\/wp-json\/wp\/v2\/product_tag?post=125232"}],"curies":[{"name":"wp","href":"https:\/\/api.w.org\/{rel}","templated":true}]}}