{"id":125169,"date":"2025-09-16T09:39:31","date_gmt":"2025-09-16T08:39:31","guid":{"rendered":"https:\/\/egidimadeinitaly.com\/?post_type=product&#038;p=125169"},"modified":"2025-09-16T09:59:51","modified_gmt":"2025-09-16T08:59:51","slug":"leonor-fini-dessin-signe","status":"publish","type":"product","link":"https:\/\/egidimadeinitaly.com\/fr\/negozio\/art-moderne\/oeuvres-modernes-sur-papiers\/leonor-fini-dessin-signe\/","title":{"rendered":"Leonor Fini dessin sign\u00e9"},"content":{"rendered":"<p dir=\"auto\">L&rsquo;authenticit\u00e9 a \u00e9t\u00e9 confirm\u00e9e par Eros Renzetti, artiste, \u00e9tudiant et expert de Leonor Fini et Fabrizio Clerici, qui a examin\u00e9 l&rsquo;\u0153uvre et l&rsquo;a d\u00e9clar\u00e9e originale et vraie, en attente de certification formelle.<\/p>\n<p dir=\"auto\">Cette \u0153uvre fait partie d&rsquo;une s\u00e9rie de 22 illustrations command\u00e9es pour une \u00e9dition limit\u00e9e (seulement 200 exemplaires) du roman controvers\u00e9 Juliette, ou les Prosp\u00e9rit\u00e9s du vice du Marquis de Sade.<\/p>\n<p dir=\"auto\">Id\u00e9al pour les collectionneurs d&rsquo;art surr\u00e9aliste et \u00e9rotique du XXe si\u00e8cle, cette \u0153uvre unique ajoute une touche de provocation et d&rsquo;\u00e9l\u00e9gance \u00e0 toute collection. Achetez maintenant et plongez dans le monde visionnaire de Leonor Fini.<\/p>\n<p dir=\"auto\"><strong>Leonor Fini<\/strong>, peintre surr\u00e9aliste argentine d&rsquo;origines italiennes (1907-1996), \u00e9tait une admiratrice de de Sade et vit dans cette commande l&rsquo;opportunit\u00e9 d&rsquo;interpr\u00e9ter le texte d&rsquo;une perspective f\u00e9minine, en soulignant la domination et le d\u00e9sir de la protagoniste Juliette \u2013 en net contraste avec la victime passive Justine du roman pr\u00e9c\u00e9dent.<\/p>\n","protected":false},"excerpt":{"rendered":"<p dir=\"auto\">Dessin \u00e0 l&rsquo;encre rare et fascinant sur papier, intitul\u00e9 <em>Juliette<\/em>, cr\u00e9\u00e9 par la c\u00e9l\u00e8bre artiste surr\u00e9aliste Leonor Fini en 1944. Sign\u00e9 en bas \u00e0 droite \u00ab Leonor \u00bb.<\/p>\n","protected":false},"featured_media":124834,"template":"","meta":{"_acf_changed":false},"product_brand":[],"product_cat":[6377,6414],"product_tag":[],"class_list":{"0":"post-125169","1":"product","2":"type-product","3":"status-publish","4":"has-post-thumbnail","6":"product_cat-art-moderne","7":"product_cat-oeuvres-modernes-sur-papiers","9":"first","10":"outofstock","11":"taxable","12":"shipping-taxable","13":"product-type-simple"},"acf":[],"yoast_head":"<!-- This site is optimized with the Yoast SEO Premium plugin v27.3 (Yoast SEO v27.4) - https:\/\/yoast.com\/product\/yoast-seo-premium-wordpress\/ -->\n<title>Leonor Fini dessin sign\u00e9 - Egidi MadeinItaly<\/title>\n<meta name=\"description\" content=\"Rare dessin \u00e0 l&#039;encre &quot;Juliette&quot; de Leonor Fini illustration \u00e9rotique pour le Marquis de Sade. \u0152uvre surr\u00e9aliste sign\u00e9e Id\u00e9al pour les collectionneurs\" \/>\n<meta name=\"robots\" content=\"index, follow, max-snippet:-1, max-image-preview:large, max-video-preview:-1\" \/>\n<link rel=\"canonical\" href=\"https:\/\/egidimadeinitaly.com\/fr\/negozio\/art-moderne\/oeuvres-modernes-sur-papiers\/leonor-fini-dessin-signe\/\" \/>\n<meta property=\"og:locale\" content=\"fr_FR\" \/>\n<meta property=\"og:type\" content=\"article\" \/>\n<meta property=\"og:title\" content=\"Leonor Fini dessin sign\u00e9\" \/>\n<meta property=\"og:description\" content=\"Dessin \u00e0 l&#039;encre rare et fascinant sur papier, intitul\u00e9 Juliette, cr\u00e9\u00e9 par la c\u00e9l\u00e8bre artiste surr\u00e9aliste Leonor Fini en 1944. Sign\u00e9 en bas \u00e0 droite \u00ab Leonor \u00bb.\" \/>\n<meta property=\"og:url\" content=\"https:\/\/egidimadeinitaly.com\/fr\/negozio\/art-moderne\/oeuvres-modernes-sur-papiers\/leonor-fini-dessin-signe\/\" \/>\n<meta property=\"og:site_name\" content=\"Egidi MadeinItaly\" \/>\n<meta property=\"article:publisher\" content=\"https:\/\/www.facebook.com\/egidimadeinitaly\/\" \/>\n<meta property=\"article:modified_time\" content=\"2025-09-16T08:59:51+00:00\" \/>\n<meta property=\"og:image\" content=\"https:\/\/egidimadeinitaly.com\/v25\/wp-content\/uploads\/2025\/08\/Leonor-Fini-opera.jpg\" \/>\n\t<meta property=\"og:image:width\" content=\"1984\" \/>\n\t<meta property=\"og:image:height\" content=\"1984\" \/>\n\t<meta property=\"og:image:type\" content=\"image\/jpeg\" \/>\n<script type=\"application\/ld+json\" class=\"yoast-schema-graph\">{\"@context\":\"https:\\\/\\\/schema.org\",\"@graph\":[{\"@type\":\"WebPage\",\"@id\":\"https:\\\/\\\/egidimadeinitaly.com\\\/fr\\\/negozio\\\/art-moderne\\\/oeuvres-modernes-sur-papiers\\\/leonor-fini-dessin-signe\\\/\",\"url\":\"https:\\\/\\\/egidimadeinitaly.com\\\/fr\\\/negozio\\\/art-moderne\\\/oeuvres-modernes-sur-papiers\\\/leonor-fini-dessin-signe\\\/\",\"name\":\"Leonor Fini dessin sign\u00e9 - Egidi MadeinItaly\",\"isPartOf\":{\"@id\":\"https:\\\/\\\/egidimadeinitaly.com\\\/fr\\\/#website\"},\"primaryImageOfPage\":{\"@id\":\"https:\\\/\\\/egidimadeinitaly.com\\\/fr\\\/negozio\\\/art-moderne\\\/oeuvres-modernes-sur-papiers\\\/leonor-fini-dessin-signe\\\/#primaryimage\"},\"image\":{\"@id\":\"https:\\\/\\\/egidimadeinitaly.com\\\/fr\\\/negozio\\\/art-moderne\\\/oeuvres-modernes-sur-papiers\\\/leonor-fini-dessin-signe\\\/#primaryimage\"},\"thumbnailUrl\":\"https:\\\/\\\/egidimadeinitaly.com\\\/v25\\\/wp-content\\\/uploads\\\/2025\\\/08\\\/Leonor-Fini-opera.jpg\",\"datePublished\":\"2025-09-16T08:39:31+00:00\",\"dateModified\":\"2025-09-16T08:59:51+00:00\",\"description\":\"Rare dessin \u00e0 l'encre \\\"Juliette\\\" de Leonor Fini illustration \u00e9rotique pour le Marquis de Sade. \u0152uvre surr\u00e9aliste sign\u00e9e Id\u00e9al pour les collectionneurs\",\"breadcrumb\":{\"@id\":\"https:\\\/\\\/egidimadeinitaly.com\\\/fr\\\/negozio\\\/art-moderne\\\/oeuvres-modernes-sur-papiers\\\/leonor-fini-dessin-signe\\\/#breadcrumb\"},\"inLanguage\":\"fr-FR\",\"potentialAction\":[{\"@type\":\"ReadAction\",\"target\":[\"https:\\\/\\\/egidimadeinitaly.com\\\/fr\\\/negozio\\\/art-moderne\\\/oeuvres-modernes-sur-papiers\\\/leonor-fini-dessin-signe\\\/\"]}]},{\"@type\":\"ImageObject\",\"inLanguage\":\"fr-FR\",\"@id\":\"https:\\\/\\\/egidimadeinitaly.com\\\/fr\\\/negozio\\\/art-moderne\\\/oeuvres-modernes-sur-papiers\\\/leonor-fini-dessin-signe\\\/#primaryimage\",\"url\":\"https:\\\/\\\/egidimadeinitaly.com\\\/v25\\\/wp-content\\\/uploads\\\/2025\\\/08\\\/Leonor-Fini-opera.jpg\",\"contentUrl\":\"https:\\\/\\\/egidimadeinitaly.com\\\/v25\\\/wp-content\\\/uploads\\\/2025\\\/08\\\/Leonor-Fini-opera.jpg\",\"width\":1984,\"height\":1984,\"caption\":\"Opera inchiostro su carta\"},{\"@type\":\"BreadcrumbList\",\"@id\":\"https:\\\/\\\/egidimadeinitaly.com\\\/fr\\\/negozio\\\/art-moderne\\\/oeuvres-modernes-sur-papiers\\\/leonor-fini-dessin-signe\\\/#breadcrumb\",\"itemListElement\":[{\"@type\":\"ListItem\",\"position\":1,\"name\":\"Home\",\"item\":\"https:\\\/\\\/egidimadeinitaly.com\\\/fr\\\/\"},{\"@type\":\"ListItem\",\"position\":2,\"name\":\"Produits\",\"item\":\"https:\\\/\\\/egidimadeinitaly.com\\\/fr\\\/shop\\\/\"},{\"@type\":\"ListItem\",\"position\":3,\"name\":\"Art moderne\",\"item\":\"https:\\\/\\\/egidimadeinitaly.com\\\/fr\\\/product-category\\\/art-moderne\\\/\"},{\"@type\":\"ListItem\",\"position\":4,\"name\":\"\u0152uvres modernes sur papiers\",\"item\":\"https:\\\/\\\/egidimadeinitaly.com\\\/fr\\\/product-category\\\/art-moderne\\\/oeuvres-modernes-sur-papiers\\\/\"},{\"@type\":\"ListItem\",\"position\":5,\"name\":\"Leonor Fini dessin sign\u00e9\"}]},{\"@type\":\"WebSite\",\"@id\":\"https:\\\/\\\/egidimadeinitaly.com\\\/fr\\\/#website\",\"url\":\"https:\\\/\\\/egidimadeinitaly.com\\\/fr\\\/\",\"name\":\"Egidi MadeinItaly\",\"description\":\"Fine Art\",\"potentialAction\":[{\"@type\":\"SearchAction\",\"target\":{\"@type\":\"EntryPoint\",\"urlTemplate\":\"https:\\\/\\\/egidimadeinitaly.com\\\/fr\\\/?s={search_term_string}\"},\"query-input\":{\"@type\":\"PropertyValueSpecification\",\"valueRequired\":true,\"valueName\":\"search_term_string\"}}],\"inLanguage\":\"fr-FR\"}]}<\/script>\n<!-- \/ Yoast SEO Premium plugin. -->","yoast_head_json":{"title":"Leonor Fini dessin sign\u00e9 - Egidi MadeinItaly","description":"Rare dessin \u00e0 l'encre \"Juliette\" de Leonor Fini illustration \u00e9rotique pour le Marquis de Sade. \u0152uvre surr\u00e9aliste sign\u00e9e Id\u00e9al pour les collectionneurs","robots":{"index":"index","follow":"follow","max-snippet":"max-snippet:-1","max-image-preview":"max-image-preview:large","max-video-preview":"max-video-preview:-1"},"canonical":"https:\/\/egidimadeinitaly.com\/fr\/negozio\/art-moderne\/oeuvres-modernes-sur-papiers\/leonor-fini-dessin-signe\/","og_locale":"fr_FR","og_type":"article","og_title":"Leonor Fini dessin sign\u00e9","og_description":"Dessin \u00e0 l'encre rare et fascinant sur papier, intitul\u00e9 Juliette, cr\u00e9\u00e9 par la c\u00e9l\u00e8bre artiste surr\u00e9aliste Leonor Fini en 1944. Sign\u00e9 en bas \u00e0 droite \u00ab Leonor \u00bb.","og_url":"https:\/\/egidimadeinitaly.com\/fr\/negozio\/art-moderne\/oeuvres-modernes-sur-papiers\/leonor-fini-dessin-signe\/","og_site_name":"Egidi MadeinItaly","article_publisher":"https:\/\/www.facebook.com\/egidimadeinitaly\/","article_modified_time":"2025-09-16T08:59:51+00:00","og_image":[{"width":1984,"height":1984,"url":"https:\/\/egidimadeinitaly.com\/v25\/wp-content\/uploads\/2025\/08\/Leonor-Fini-opera.jpg","type":"image\/jpeg"}],"schema":{"@context":"https:\/\/schema.org","@graph":[{"@type":"WebPage","@id":"https:\/\/egidimadeinitaly.com\/fr\/negozio\/art-moderne\/oeuvres-modernes-sur-papiers\/leonor-fini-dessin-signe\/","url":"https:\/\/egidimadeinitaly.com\/fr\/negozio\/art-moderne\/oeuvres-modernes-sur-papiers\/leonor-fini-dessin-signe\/","name":"Leonor Fini dessin sign\u00e9 - Egidi MadeinItaly","isPartOf":{"@id":"https:\/\/egidimadeinitaly.com\/fr\/#website"},"primaryImageOfPage":{"@id":"https:\/\/egidimadeinitaly.com\/fr\/negozio\/art-moderne\/oeuvres-modernes-sur-papiers\/leonor-fini-dessin-signe\/#primaryimage"},"image":{"@id":"https:\/\/egidimadeinitaly.com\/fr\/negozio\/art-moderne\/oeuvres-modernes-sur-papiers\/leonor-fini-dessin-signe\/#primaryimage"},"thumbnailUrl":"https:\/\/egidimadeinitaly.com\/v25\/wp-content\/uploads\/2025\/08\/Leonor-Fini-opera.jpg","datePublished":"2025-09-16T08:39:31+00:00","dateModified":"2025-09-16T08:59:51+00:00","description":"Rare dessin \u00e0 l'encre \"Juliette\" de Leonor Fini illustration \u00e9rotique pour le Marquis de Sade. \u0152uvre surr\u00e9aliste sign\u00e9e Id\u00e9al pour les collectionneurs","breadcrumb":{"@id":"https:\/\/egidimadeinitaly.com\/fr\/negozio\/art-moderne\/oeuvres-modernes-sur-papiers\/leonor-fini-dessin-signe\/#breadcrumb"},"inLanguage":"fr-FR","potentialAction":[{"@type":"ReadAction","target":["https:\/\/egidimadeinitaly.com\/fr\/negozio\/art-moderne\/oeuvres-modernes-sur-papiers\/leonor-fini-dessin-signe\/"]}]},{"@type":"ImageObject","inLanguage":"fr-FR","@id":"https:\/\/egidimadeinitaly.com\/fr\/negozio\/art-moderne\/oeuvres-modernes-sur-papiers\/leonor-fini-dessin-signe\/#primaryimage","url":"https:\/\/egidimadeinitaly.com\/v25\/wp-content\/uploads\/2025\/08\/Leonor-Fini-opera.jpg","contentUrl":"https:\/\/egidimadeinitaly.com\/v25\/wp-content\/uploads\/2025\/08\/Leonor-Fini-opera.jpg","width":1984,"height":1984,"caption":"Opera inchiostro su carta"},{"@type":"BreadcrumbList","@id":"https:\/\/egidimadeinitaly.com\/fr\/negozio\/art-moderne\/oeuvres-modernes-sur-papiers\/leonor-fini-dessin-signe\/#breadcrumb","itemListElement":[{"@type":"ListItem","position":1,"name":"Home","item":"https:\/\/egidimadeinitaly.com\/fr\/"},{"@type":"ListItem","position":2,"name":"Produits","item":"https:\/\/egidimadeinitaly.com\/fr\/shop\/"},{"@type":"ListItem","position":3,"name":"Art moderne","item":"https:\/\/egidimadeinitaly.com\/fr\/product-category\/art-moderne\/"},{"@type":"ListItem","position":4,"name":"\u0152uvres modernes sur papiers","item":"https:\/\/egidimadeinitaly.com\/fr\/product-category\/art-moderne\/oeuvres-modernes-sur-papiers\/"},{"@type":"ListItem","position":5,"name":"Leonor Fini dessin sign\u00e9"}]},{"@type":"WebSite","@id":"https:\/\/egidimadeinitaly.com\/fr\/#website","url":"https:\/\/egidimadeinitaly.com\/fr\/","name":"Egidi MadeinItaly","description":"Fine Art","potentialAction":[{"@type":"SearchAction","target":{"@type":"EntryPoint","urlTemplate":"https:\/\/egidimadeinitaly.com\/fr\/?s={search_term_string}"},"query-input":{"@type":"PropertyValueSpecification","valueRequired":true,"valueName":"search_term_string"}}],"inLanguage":"fr-FR"}]}},"_links":{"self":[{"href":"https:\/\/egidimadeinitaly.com\/fr\/wp-json\/wp\/v2\/product\/125169","targetHints":{"allow":["GET"]}}],"collection":[{"href":"https:\/\/egidimadeinitaly.com\/fr\/wp-json\/wp\/v2\/product"}],"about":[{"href":"https:\/\/egidimadeinitaly.com\/fr\/wp-json\/wp\/v2\/types\/product"}],"wp:featuredmedia":[{"embeddable":true,"href":"https:\/\/egidimadeinitaly.com\/fr\/wp-json\/wp\/v2\/media\/124834"}],"wp:attachment":[{"href":"https:\/\/egidimadeinitaly.com\/fr\/wp-json\/wp\/v2\/media?parent=125169"}],"wp:term":[{"taxonomy":"product_brand","embeddable":true,"href":"https:\/\/egidimadeinitaly.com\/fr\/wp-json\/wp\/v2\/product_brand?post=125169"},{"taxonomy":"product_cat","embeddable":true,"href":"https:\/\/egidimadeinitaly.com\/fr\/wp-json\/wp\/v2\/product_cat?post=125169"},{"taxonomy":"product_tag","embeddable":true,"href":"https:\/\/egidimadeinitaly.com\/fr\/wp-json\/wp\/v2\/product_tag?post=125169"}],"curies":[{"name":"wp","href":"https:\/\/api.w.org\/{rel}","templated":true}]}}