{"id":125106,"date":"2025-09-04T10:29:05","date_gmt":"2025-09-04T09:29:05","guid":{"rendered":"https:\/\/egidimadeinitaly.com\/?post_type=product&#038;p=125106"},"modified":"2025-11-14T15:14:02","modified_gmt":"2025-11-14T14:14:02","slug":"mino-maccari-oeuvre","status":"publish","type":"product","link":"https:\/\/egidimadeinitaly.com\/fr\/negozio\/art-moderne\/tableaux-modernes-fr\/mino-maccari-oeuvre\/","title":{"rendered":"Mino Maccari \u0153uvre"},"content":{"rendered":"<p>Mino Maccari (Sienne,\u00a0 1898 &#8211; Rome,\u00a0 1989) \u00e9tait un peintre, graveur, journaliste et \u00e9crivain italien, une figure polyvalente et controvers\u00e9e du XXe si\u00e8cle.<\/p>\n","protected":false},"excerpt":{"rendered":"<p>\u0152uvre de l&rsquo;artiste siennois Mino Maccari sign\u00e9e en bas \u00e0 droite <em>Maccari 1969<\/em>. Dessin \u00e0 l&rsquo;aquarelle et au fusain sur papier toil\u00e9. Au verso porte une authentification sign\u00e9e \u00e0 la main par l&rsquo;artiste.<\/p>\n<p>L\u2019\u0153uvre repr\u00e9sente trois personnages stylis\u00e9s en demi-longueur dans le style expressionniste typique de Maccari et un quatri\u00e8me personnage masculin (autoportrait ?) de profil \u00e0 peine visible. L&rsquo;arri\u00e8re-plan est un d\u00e9grad\u00e9 bleut\u00e9 qui conf\u00e8re \u00e0 cette belle \u0153uvre une atmosph\u00e8re \u00e9th\u00e9r\u00e9e et myst\u00e9rieuse. Cadre en bois \u00e0 la <em>mecca<\/em>.<\/p>\n<p>&nbsp;<\/p>\n<p>&nbsp;<\/p>\n","protected":false},"featured_media":125105,"template":"","meta":{"_acf_changed":false},"product_brand":[],"product_cat":[6377,6416],"product_tag":[],"class_list":{"0":"post-125106","1":"product","2":"type-product","3":"status-publish","4":"has-post-thumbnail","6":"product_cat-art-moderne","7":"product_cat-tableaux-modernes-fr","9":"first","10":"instock","11":"taxable","12":"shipping-taxable","13":"purchasable","14":"product-type-simple"},"acf":[],"yoast_head":"<!-- This site is optimized with the Yoast SEO Premium plugin v27.5 (Yoast SEO v27.6) - https:\/\/yoast.com\/product\/yoast-seo-premium-wordpress\/ -->\n<title>Mino Maccari \u0153uvre - Egidi MadeinItaly<\/title>\n<meta name=\"description\" content=\"Mino Maccari oeuvre repr\u00e9sentant trois personnages sign\u00e9e Maccari 1969 au dos authentification sign\u00e9e \u00e0 la main par l&#039;artiste en vente sur Egidi MadeinItaly\" \/>\n<meta name=\"robots\" content=\"index, follow, max-snippet:-1, max-image-preview:large, max-video-preview:-1\" \/>\n<link rel=\"canonical\" href=\"https:\/\/egidimadeinitaly.com\/fr\/negozio\/art-moderne\/tableaux-modernes-fr\/mino-maccari-oeuvre\/\" \/>\n<meta property=\"og:locale\" content=\"fr_FR\" \/>\n<meta property=\"og:type\" content=\"article\" \/>\n<meta property=\"og:title\" content=\"Mino Maccari \u0153uvre\" \/>\n<meta property=\"og:description\" content=\"\u0152uvre de l&#039;artiste siennois Mino Maccari sign\u00e9e en bas \u00e0 droite Maccari 1969. Dessin \u00e0 l&#039;aquarelle et au fusain sur papier toil\u00e9. Au verso porte une authentification sign\u00e9e \u00e0 la main par l&#039;artiste.  L\u2019\u0153uvre repr\u00e9sente trois personnages stylis\u00e9s en demi-longueur dans le style expressionniste typique de Maccari et un quatri\u00e8me personnage masculin (autoportrait ?) de profil \u00e0 peine visible. L&#039;arri\u00e8re-plan est un d\u00e9grad\u00e9 bleut\u00e9 qui conf\u00e8re \u00e0 cette belle \u0153uvre une atmosph\u00e8re \u00e9th\u00e9r\u00e9e et myst\u00e9rieuse. Cadre en bois \u00e0 la mecca.  &nbsp;  &nbsp;\" \/>\n<meta property=\"og:url\" content=\"https:\/\/egidimadeinitaly.com\/fr\/negozio\/art-moderne\/tableaux-modernes-fr\/mino-maccari-oeuvre\/\" \/>\n<meta property=\"og:site_name\" content=\"Egidi MadeinItaly\" \/>\n<meta property=\"article:publisher\" content=\"https:\/\/www.facebook.com\/egidimadeinitaly\/\" \/>\n<meta property=\"article:modified_time\" content=\"2025-11-14T14:14:02+00:00\" \/>\n<meta property=\"og:image\" content=\"https:\/\/egidimadeinitaly.com\/v25\/wp-content\/uploads\/2025\/09\/Mino-Maccari-opera-su-carta-telata-1024x1024.jpg\" \/>\n\t<meta property=\"og:image:width\" content=\"1024\" \/>\n\t<meta property=\"og:image:height\" content=\"1024\" \/>\n\t<meta property=\"og:image:type\" content=\"image\/jpeg\" \/>\n<script type=\"application\/ld+json\" class=\"yoast-schema-graph\">{\"@context\":\"https:\\\/\\\/schema.org\",\"@graph\":[{\"@type\":\"WebPage\",\"@id\":\"https:\\\/\\\/egidimadeinitaly.com\\\/fr\\\/negozio\\\/art-moderne\\\/tableaux-modernes-fr\\\/mino-maccari-oeuvre\\\/\",\"url\":\"https:\\\/\\\/egidimadeinitaly.com\\\/fr\\\/negozio\\\/art-moderne\\\/tableaux-modernes-fr\\\/mino-maccari-oeuvre\\\/\",\"name\":\"Mino Maccari \u0153uvre - Egidi MadeinItaly\",\"isPartOf\":{\"@id\":\"https:\\\/\\\/egidimadeinitaly.com\\\/fr\\\/#website\"},\"primaryImageOfPage\":{\"@id\":\"https:\\\/\\\/egidimadeinitaly.com\\\/fr\\\/negozio\\\/art-moderne\\\/tableaux-modernes-fr\\\/mino-maccari-oeuvre\\\/#primaryimage\"},\"image\":{\"@id\":\"https:\\\/\\\/egidimadeinitaly.com\\\/fr\\\/negozio\\\/art-moderne\\\/tableaux-modernes-fr\\\/mino-maccari-oeuvre\\\/#primaryimage\"},\"thumbnailUrl\":\"https:\\\/\\\/egidimadeinitaly.com\\\/v25\\\/wp-content\\\/uploads\\\/2025\\\/09\\\/Mino-Maccari-opera-su-carta-telata.jpg\",\"datePublished\":\"2025-09-04T09:29:05+00:00\",\"dateModified\":\"2025-11-14T14:14:02+00:00\",\"description\":\"Mino Maccari oeuvre repr\u00e9sentant trois personnages sign\u00e9e Maccari 1969 au dos authentification sign\u00e9e \u00e0 la main par l'artiste en vente sur Egidi MadeinItaly\",\"breadcrumb\":{\"@id\":\"https:\\\/\\\/egidimadeinitaly.com\\\/fr\\\/negozio\\\/art-moderne\\\/tableaux-modernes-fr\\\/mino-maccari-oeuvre\\\/#breadcrumb\"},\"inLanguage\":\"fr-FR\",\"potentialAction\":[{\"@type\":\"ReadAction\",\"target\":[\"https:\\\/\\\/egidimadeinitaly.com\\\/fr\\\/negozio\\\/art-moderne\\\/tableaux-modernes-fr\\\/mino-maccari-oeuvre\\\/\"]}]},{\"@type\":\"ImageObject\",\"inLanguage\":\"fr-FR\",\"@id\":\"https:\\\/\\\/egidimadeinitaly.com\\\/fr\\\/negozio\\\/art-moderne\\\/tableaux-modernes-fr\\\/mino-maccari-oeuvre\\\/#primaryimage\",\"url\":\"https:\\\/\\\/egidimadeinitaly.com\\\/v25\\\/wp-content\\\/uploads\\\/2025\\\/09\\\/Mino-Maccari-opera-su-carta-telata.jpg\",\"contentUrl\":\"https:\\\/\\\/egidimadeinitaly.com\\\/v25\\\/wp-content\\\/uploads\\\/2025\\\/09\\\/Mino-Maccari-opera-su-carta-telata.jpg\",\"width\":1984,\"height\":1984,\"caption\":\"Trois figures de Mino Maccari (1969) : des visages stylis\u00e9s et myst\u00e9rieux en demi-longueur sur un bleu \u00e9th\u00e9r\u00e9, l'essence de son style expressionniste satirique de Sienne\"},{\"@type\":\"BreadcrumbList\",\"@id\":\"https:\\\/\\\/egidimadeinitaly.com\\\/fr\\\/negozio\\\/art-moderne\\\/tableaux-modernes-fr\\\/mino-maccari-oeuvre\\\/#breadcrumb\",\"itemListElement\":[{\"@type\":\"ListItem\",\"position\":1,\"name\":\"Home\",\"item\":\"https:\\\/\\\/egidimadeinitaly.com\\\/fr\\\/\"},{\"@type\":\"ListItem\",\"position\":2,\"name\":\"Produits\",\"item\":\"https:\\\/\\\/egidimadeinitaly.com\\\/fr\\\/shop\\\/\"},{\"@type\":\"ListItem\",\"position\":3,\"name\":\"Art moderne\",\"item\":\"https:\\\/\\\/egidimadeinitaly.com\\\/fr\\\/product-category\\\/art-moderne\\\/\"},{\"@type\":\"ListItem\",\"position\":4,\"name\":\"Tableaux modernes\",\"item\":\"https:\\\/\\\/egidimadeinitaly.com\\\/fr\\\/product-category\\\/art-moderne\\\/tableaux-modernes-fr\\\/\"},{\"@type\":\"ListItem\",\"position\":5,\"name\":\"Mino Maccari \u0153uvre\"}]},{\"@type\":\"WebSite\",\"@id\":\"https:\\\/\\\/egidimadeinitaly.com\\\/fr\\\/#website\",\"url\":\"https:\\\/\\\/egidimadeinitaly.com\\\/fr\\\/\",\"name\":\"Egidi MadeinItaly\",\"description\":\"Fine Art\",\"potentialAction\":[{\"@type\":\"SearchAction\",\"target\":{\"@type\":\"EntryPoint\",\"urlTemplate\":\"https:\\\/\\\/egidimadeinitaly.com\\\/fr\\\/?s={search_term_string}\"},\"query-input\":{\"@type\":\"PropertyValueSpecification\",\"valueRequired\":true,\"valueName\":\"search_term_string\"}}],\"inLanguage\":\"fr-FR\"}]}<\/script>\n<!-- \/ Yoast SEO Premium plugin. -->","yoast_head_json":{"title":"Mino Maccari \u0153uvre - Egidi MadeinItaly","description":"Mino Maccari oeuvre repr\u00e9sentant trois personnages sign\u00e9e Maccari 1969 au dos authentification sign\u00e9e \u00e0 la main par l'artiste en vente sur Egidi MadeinItaly","robots":{"index":"index","follow":"follow","max-snippet":"max-snippet:-1","max-image-preview":"max-image-preview:large","max-video-preview":"max-video-preview:-1"},"canonical":"https:\/\/egidimadeinitaly.com\/fr\/negozio\/art-moderne\/tableaux-modernes-fr\/mino-maccari-oeuvre\/","og_locale":"fr_FR","og_type":"article","og_title":"Mino Maccari \u0153uvre","og_description":"\u0152uvre de l'artiste siennois Mino Maccari sign\u00e9e en bas \u00e0 droite Maccari 1969. Dessin \u00e0 l'aquarelle et au fusain sur papier toil\u00e9. Au verso porte une authentification sign\u00e9e \u00e0 la main par l'artiste.  L\u2019\u0153uvre repr\u00e9sente trois personnages stylis\u00e9s en demi-longueur dans le style expressionniste typique de Maccari et un quatri\u00e8me personnage masculin (autoportrait ?) de profil \u00e0 peine visible. L'arri\u00e8re-plan est un d\u00e9grad\u00e9 bleut\u00e9 qui conf\u00e8re \u00e0 cette belle \u0153uvre une atmosph\u00e8re \u00e9th\u00e9r\u00e9e et myst\u00e9rieuse. Cadre en bois \u00e0 la mecca.  &nbsp;  &nbsp;","og_url":"https:\/\/egidimadeinitaly.com\/fr\/negozio\/art-moderne\/tableaux-modernes-fr\/mino-maccari-oeuvre\/","og_site_name":"Egidi MadeinItaly","article_publisher":"https:\/\/www.facebook.com\/egidimadeinitaly\/","article_modified_time":"2025-11-14T14:14:02+00:00","og_image":[{"width":1024,"height":1024,"url":"https:\/\/egidimadeinitaly.com\/v25\/wp-content\/uploads\/2025\/09\/Mino-Maccari-opera-su-carta-telata-1024x1024.jpg","type":"image\/jpeg"}],"schema":{"@context":"https:\/\/schema.org","@graph":[{"@type":"WebPage","@id":"https:\/\/egidimadeinitaly.com\/fr\/negozio\/art-moderne\/tableaux-modernes-fr\/mino-maccari-oeuvre\/","url":"https:\/\/egidimadeinitaly.com\/fr\/negozio\/art-moderne\/tableaux-modernes-fr\/mino-maccari-oeuvre\/","name":"Mino Maccari \u0153uvre - Egidi MadeinItaly","isPartOf":{"@id":"https:\/\/egidimadeinitaly.com\/fr\/#website"},"primaryImageOfPage":{"@id":"https:\/\/egidimadeinitaly.com\/fr\/negozio\/art-moderne\/tableaux-modernes-fr\/mino-maccari-oeuvre\/#primaryimage"},"image":{"@id":"https:\/\/egidimadeinitaly.com\/fr\/negozio\/art-moderne\/tableaux-modernes-fr\/mino-maccari-oeuvre\/#primaryimage"},"thumbnailUrl":"https:\/\/egidimadeinitaly.com\/v25\/wp-content\/uploads\/2025\/09\/Mino-Maccari-opera-su-carta-telata.jpg","datePublished":"2025-09-04T09:29:05+00:00","dateModified":"2025-11-14T14:14:02+00:00","description":"Mino Maccari oeuvre repr\u00e9sentant trois personnages sign\u00e9e Maccari 1969 au dos authentification sign\u00e9e \u00e0 la main par l'artiste en vente sur Egidi MadeinItaly","breadcrumb":{"@id":"https:\/\/egidimadeinitaly.com\/fr\/negozio\/art-moderne\/tableaux-modernes-fr\/mino-maccari-oeuvre\/#breadcrumb"},"inLanguage":"fr-FR","potentialAction":[{"@type":"ReadAction","target":["https:\/\/egidimadeinitaly.com\/fr\/negozio\/art-moderne\/tableaux-modernes-fr\/mino-maccari-oeuvre\/"]}]},{"@type":"ImageObject","inLanguage":"fr-FR","@id":"https:\/\/egidimadeinitaly.com\/fr\/negozio\/art-moderne\/tableaux-modernes-fr\/mino-maccari-oeuvre\/#primaryimage","url":"https:\/\/egidimadeinitaly.com\/v25\/wp-content\/uploads\/2025\/09\/Mino-Maccari-opera-su-carta-telata.jpg","contentUrl":"https:\/\/egidimadeinitaly.com\/v25\/wp-content\/uploads\/2025\/09\/Mino-Maccari-opera-su-carta-telata.jpg","width":1984,"height":1984,"caption":"Trois figures de Mino Maccari (1969) : des visages stylis\u00e9s et myst\u00e9rieux en demi-longueur sur un bleu \u00e9th\u00e9r\u00e9, l'essence de son style expressionniste satirique de Sienne"},{"@type":"BreadcrumbList","@id":"https:\/\/egidimadeinitaly.com\/fr\/negozio\/art-moderne\/tableaux-modernes-fr\/mino-maccari-oeuvre\/#breadcrumb","itemListElement":[{"@type":"ListItem","position":1,"name":"Home","item":"https:\/\/egidimadeinitaly.com\/fr\/"},{"@type":"ListItem","position":2,"name":"Produits","item":"https:\/\/egidimadeinitaly.com\/fr\/shop\/"},{"@type":"ListItem","position":3,"name":"Art moderne","item":"https:\/\/egidimadeinitaly.com\/fr\/product-category\/art-moderne\/"},{"@type":"ListItem","position":4,"name":"Tableaux modernes","item":"https:\/\/egidimadeinitaly.com\/fr\/product-category\/art-moderne\/tableaux-modernes-fr\/"},{"@type":"ListItem","position":5,"name":"Mino Maccari \u0153uvre"}]},{"@type":"WebSite","@id":"https:\/\/egidimadeinitaly.com\/fr\/#website","url":"https:\/\/egidimadeinitaly.com\/fr\/","name":"Egidi MadeinItaly","description":"Fine Art","potentialAction":[{"@type":"SearchAction","target":{"@type":"EntryPoint","urlTemplate":"https:\/\/egidimadeinitaly.com\/fr\/?s={search_term_string}"},"query-input":{"@type":"PropertyValueSpecification","valueRequired":true,"valueName":"search_term_string"}}],"inLanguage":"fr-FR"}]}},"_links":{"self":[{"href":"https:\/\/egidimadeinitaly.com\/fr\/wp-json\/wp\/v2\/product\/125106","targetHints":{"allow":["GET"]}}],"collection":[{"href":"https:\/\/egidimadeinitaly.com\/fr\/wp-json\/wp\/v2\/product"}],"about":[{"href":"https:\/\/egidimadeinitaly.com\/fr\/wp-json\/wp\/v2\/types\/product"}],"wp:featuredmedia":[{"embeddable":true,"href":"https:\/\/egidimadeinitaly.com\/fr\/wp-json\/wp\/v2\/media\/125105"}],"wp:attachment":[{"href":"https:\/\/egidimadeinitaly.com\/fr\/wp-json\/wp\/v2\/media?parent=125106"}],"wp:term":[{"taxonomy":"product_brand","embeddable":true,"href":"https:\/\/egidimadeinitaly.com\/fr\/wp-json\/wp\/v2\/product_brand?post=125106"},{"taxonomy":"product_cat","embeddable":true,"href":"https:\/\/egidimadeinitaly.com\/fr\/wp-json\/wp\/v2\/product_cat?post=125106"},{"taxonomy":"product_tag","embeddable":true,"href":"https:\/\/egidimadeinitaly.com\/fr\/wp-json\/wp\/v2\/product_tag?post=125106"}],"curies":[{"name":"wp","href":"https:\/\/api.w.org\/{rel}","templated":true}]}}