{"id":125047,"date":"2025-09-02T11:16:36","date_gmt":"2025-09-02T10:16:36","guid":{"rendered":"https:\/\/egidimadeinitaly.com\/negozio\/senza-categoria\/renato-guttuso-disegno\/"},"modified":"2025-11-14T15:26:35","modified_gmt":"2025-11-14T14:26:35","slug":"renato-guttuso-dessin","status":"publish","type":"product","link":"https:\/\/egidimadeinitaly.com\/fr\/negozio\/art-moderne\/oeuvres-modernes-sur-papiers\/renato-guttuso-dessin\/","title":{"rendered":"Renato Guttuso dessin"},"content":{"rendered":"<p>Cette \u0153uvre de Renato Guttuso repr\u00e9sente une r\u00e9interpr\u00e9tation moderne de la V\u00e9nus de Milo, l&rsquo;un des exemples les plus c\u00e9l\u00e8bres de la sculpture grecque classique.<br \/>\nRenato Guttuso (1911-1987) \u00e9tait un peintre italien d&rsquo;orientation r\u00e9aliste et expressionniste, engag\u00e9 politiquement. Bien que connu pour ses peintures de d\u00e9nonciation sociale et ses natures mortes, Guttuso a souvent explor\u00e9 le corps humain et les r\u00e9f\u00e9rences \u00e0 l&rsquo;art classique, comme dans cette \u0153uvre.<\/p>\n<p>&nbsp;<\/p>\n","protected":false},"excerpt":{"rendered":"<p>Pr\u00e9cieux dessin original sur papier du peintre Renato Guttuso (1911-1987), probablement r\u00e9alis\u00e9 dans les ann\u00e9es 1970, p\u00e9riode au cours de laquelle l&rsquo;artiste a ex\u00e9cut\u00e9 de nombreux dessins sur papier inspir\u00e9s par la figure f\u00e9minine et la sculpture classique, avec une approche expressionniste.<br \/>\nTechnique mixte encre et d\u00e9trempe.<\/p>\n<p>Dimensions de l&rsquo;\u0153uvre 460 x 300 mm. L&rsquo;\u0153uvre est enrichie d&rsquo;un cadre de style Empire en bois dor\u00e9 \u00e0 la feuille d&rsquo;or.<br \/>\nLe trait noir est d\u00e9cisif et vigoureux, typique des dessins de Guttuso, tandis que la coloration est fluide, expressive et irr\u00e9aliste. Signature en bas \u00e0 droite.<\/p>\n<p>&nbsp;<\/p>\n","protected":false},"featured_media":125014,"template":"","meta":{"_acf_changed":false},"product_brand":[],"product_cat":[6377,6414],"product_tag":[],"class_list":{"0":"post-125047","1":"product","2":"type-product","3":"status-publish","4":"has-post-thumbnail","6":"product_cat-art-moderne","7":"product_cat-oeuvres-modernes-sur-papiers","9":"first","10":"instock","11":"taxable","12":"shipping-taxable","13":"purchasable","14":"product-type-simple"},"acf":[],"yoast_head":"<!-- This site is optimized with the Yoast SEO Premium plugin v27.5 (Yoast SEO v27.5) - https:\/\/yoast.com\/product\/yoast-seo-premium-wordpress\/ -->\n<title>Renato Guttuso dessin - Egidi MadeinItaly<\/title>\n<meta name=\"description\" content=\"Renato Guttuso dessin sur papier repr\u00e9sentant la V\u00e9nus de Milo sign\u00e9 et orn\u00e9 d&#039;un cadre de style Empire disponible chez Egidi MadeinItaly\" \/>\n<meta name=\"robots\" content=\"index, follow, max-snippet:-1, max-image-preview:large, max-video-preview:-1\" \/>\n<link rel=\"canonical\" href=\"https:\/\/egidimadeinitaly.com\/fr\/negozio\/art-moderne\/oeuvres-modernes-sur-papiers\/renato-guttuso-dessin\/\" \/>\n<meta property=\"og:locale\" content=\"fr_FR\" \/>\n<meta property=\"og:type\" content=\"article\" \/>\n<meta property=\"og:title\" content=\"Renato Guttuso dessin\" \/>\n<meta property=\"og:description\" content=\"Pr\u00e9cieux dessin original sur papier du peintre Renato Guttuso (1911-1987), probablement r\u00e9alis\u00e9 dans les ann\u00e9es 1970, p\u00e9riode au cours de laquelle l&#039;artiste a ex\u00e9cut\u00e9 de nombreux dessins sur papier inspir\u00e9s par la figure f\u00e9minine et la sculpture classique, avec une approche expressionniste. Technique mixte encre et d\u00e9trempe.  Dimensions de l&#039;\u0153uvre 460 x 300 mm. L&#039;\u0153uvre est enrichie d&#039;un cadre de style Empire en bois dor\u00e9 \u00e0 la feuille d&#039;or. Le trait noir est d\u00e9cisif et vigoureux, typique des dessins de Guttuso, tandis que la coloration est fluide, expressive et irr\u00e9aliste. Signature en bas \u00e0 droite.  &nbsp;\" \/>\n<meta property=\"og:url\" content=\"https:\/\/egidimadeinitaly.com\/fr\/negozio\/art-moderne\/oeuvres-modernes-sur-papiers\/renato-guttuso-dessin\/\" \/>\n<meta property=\"og:site_name\" content=\"Egidi MadeinItaly\" \/>\n<meta property=\"article:publisher\" content=\"https:\/\/www.facebook.com\/egidimadeinitaly\/\" \/>\n<meta property=\"article:modified_time\" content=\"2025-11-14T14:26:35+00:00\" \/>\n<meta property=\"og:image\" content=\"https:\/\/egidimadeinitaly.com\/v25\/wp-content\/uploads\/2025\/09\/Renato-Guttuso_fronte_q-1024x1024.jpg\" \/>\n\t<meta property=\"og:image:width\" content=\"1024\" \/>\n\t<meta property=\"og:image:height\" content=\"1024\" \/>\n\t<meta property=\"og:image:type\" content=\"image\/jpeg\" \/>\n<script type=\"application\/ld+json\" class=\"yoast-schema-graph\">{\"@context\":\"https:\\\/\\\/schema.org\",\"@graph\":[{\"@type\":\"WebPage\",\"@id\":\"https:\\\/\\\/egidimadeinitaly.com\\\/fr\\\/negozio\\\/art-moderne\\\/oeuvres-modernes-sur-papiers\\\/renato-guttuso-dessin\\\/\",\"url\":\"https:\\\/\\\/egidimadeinitaly.com\\\/fr\\\/negozio\\\/art-moderne\\\/oeuvres-modernes-sur-papiers\\\/renato-guttuso-dessin\\\/\",\"name\":\"Renato Guttuso dessin - Egidi MadeinItaly\",\"isPartOf\":{\"@id\":\"https:\\\/\\\/egidimadeinitaly.com\\\/fr\\\/#website\"},\"primaryImageOfPage\":{\"@id\":\"https:\\\/\\\/egidimadeinitaly.com\\\/fr\\\/negozio\\\/art-moderne\\\/oeuvres-modernes-sur-papiers\\\/renato-guttuso-dessin\\\/#primaryimage\"},\"image\":{\"@id\":\"https:\\\/\\\/egidimadeinitaly.com\\\/fr\\\/negozio\\\/art-moderne\\\/oeuvres-modernes-sur-papiers\\\/renato-guttuso-dessin\\\/#primaryimage\"},\"thumbnailUrl\":\"https:\\\/\\\/egidimadeinitaly.com\\\/v25\\\/wp-content\\\/uploads\\\/2025\\\/09\\\/Renato-Guttuso_fronte_q.jpg\",\"datePublished\":\"2025-09-02T10:16:36+00:00\",\"dateModified\":\"2025-11-14T14:26:35+00:00\",\"description\":\"Renato Guttuso dessin sur papier repr\u00e9sentant la V\u00e9nus de Milo sign\u00e9 et orn\u00e9 d'un cadre de style Empire disponible chez Egidi MadeinItaly\",\"breadcrumb\":{\"@id\":\"https:\\\/\\\/egidimadeinitaly.com\\\/fr\\\/negozio\\\/art-moderne\\\/oeuvres-modernes-sur-papiers\\\/renato-guttuso-dessin\\\/#breadcrumb\"},\"inLanguage\":\"fr-FR\",\"potentialAction\":[{\"@type\":\"ReadAction\",\"target\":[\"https:\\\/\\\/egidimadeinitaly.com\\\/fr\\\/negozio\\\/art-moderne\\\/oeuvres-modernes-sur-papiers\\\/renato-guttuso-dessin\\\/\"]}]},{\"@type\":\"ImageObject\",\"inLanguage\":\"fr-FR\",\"@id\":\"https:\\\/\\\/egidimadeinitaly.com\\\/fr\\\/negozio\\\/art-moderne\\\/oeuvres-modernes-sur-papiers\\\/renato-guttuso-dessin\\\/#primaryimage\",\"url\":\"https:\\\/\\\/egidimadeinitaly.com\\\/v25\\\/wp-content\\\/uploads\\\/2025\\\/09\\\/Renato-Guttuso_fronte_q.jpg\",\"contentUrl\":\"https:\\\/\\\/egidimadeinitaly.com\\\/v25\\\/wp-content\\\/uploads\\\/2025\\\/09\\\/Renato-Guttuso_fronte_q.jpg\",\"width\":1984,\"height\":1984,\"caption\":\"Venere di Milo\"},{\"@type\":\"BreadcrumbList\",\"@id\":\"https:\\\/\\\/egidimadeinitaly.com\\\/fr\\\/negozio\\\/art-moderne\\\/oeuvres-modernes-sur-papiers\\\/renato-guttuso-dessin\\\/#breadcrumb\",\"itemListElement\":[{\"@type\":\"ListItem\",\"position\":1,\"name\":\"Home\",\"item\":\"https:\\\/\\\/egidimadeinitaly.com\\\/fr\\\/\"},{\"@type\":\"ListItem\",\"position\":2,\"name\":\"Produits\",\"item\":\"https:\\\/\\\/egidimadeinitaly.com\\\/fr\\\/shop\\\/\"},{\"@type\":\"ListItem\",\"position\":3,\"name\":\"Art moderne\",\"item\":\"https:\\\/\\\/egidimadeinitaly.com\\\/fr\\\/product-category\\\/art-moderne\\\/\"},{\"@type\":\"ListItem\",\"position\":4,\"name\":\"\u0152uvres modernes sur papiers\",\"item\":\"https:\\\/\\\/egidimadeinitaly.com\\\/fr\\\/product-category\\\/art-moderne\\\/oeuvres-modernes-sur-papiers\\\/\"},{\"@type\":\"ListItem\",\"position\":5,\"name\":\"Renato Guttuso dessin\"}]},{\"@type\":\"WebSite\",\"@id\":\"https:\\\/\\\/egidimadeinitaly.com\\\/fr\\\/#website\",\"url\":\"https:\\\/\\\/egidimadeinitaly.com\\\/fr\\\/\",\"name\":\"Egidi MadeinItaly\",\"description\":\"Fine Art\",\"potentialAction\":[{\"@type\":\"SearchAction\",\"target\":{\"@type\":\"EntryPoint\",\"urlTemplate\":\"https:\\\/\\\/egidimadeinitaly.com\\\/fr\\\/?s={search_term_string}\"},\"query-input\":{\"@type\":\"PropertyValueSpecification\",\"valueRequired\":true,\"valueName\":\"search_term_string\"}}],\"inLanguage\":\"fr-FR\"}]}<\/script>\n<!-- \/ Yoast SEO Premium plugin. -->","yoast_head_json":{"title":"Renato Guttuso dessin - Egidi MadeinItaly","description":"Renato Guttuso dessin sur papier repr\u00e9sentant la V\u00e9nus de Milo sign\u00e9 et orn\u00e9 d'un cadre de style Empire disponible chez Egidi MadeinItaly","robots":{"index":"index","follow":"follow","max-snippet":"max-snippet:-1","max-image-preview":"max-image-preview:large","max-video-preview":"max-video-preview:-1"},"canonical":"https:\/\/egidimadeinitaly.com\/fr\/negozio\/art-moderne\/oeuvres-modernes-sur-papiers\/renato-guttuso-dessin\/","og_locale":"fr_FR","og_type":"article","og_title":"Renato Guttuso dessin","og_description":"Pr\u00e9cieux dessin original sur papier du peintre Renato Guttuso (1911-1987), probablement r\u00e9alis\u00e9 dans les ann\u00e9es 1970, p\u00e9riode au cours de laquelle l'artiste a ex\u00e9cut\u00e9 de nombreux dessins sur papier inspir\u00e9s par la figure f\u00e9minine et la sculpture classique, avec une approche expressionniste. Technique mixte encre et d\u00e9trempe.  Dimensions de l'\u0153uvre 460 x 300 mm. L'\u0153uvre est enrichie d'un cadre de style Empire en bois dor\u00e9 \u00e0 la feuille d'or. Le trait noir est d\u00e9cisif et vigoureux, typique des dessins de Guttuso, tandis que la coloration est fluide, expressive et irr\u00e9aliste. Signature en bas \u00e0 droite.  &nbsp;","og_url":"https:\/\/egidimadeinitaly.com\/fr\/negozio\/art-moderne\/oeuvres-modernes-sur-papiers\/renato-guttuso-dessin\/","og_site_name":"Egidi MadeinItaly","article_publisher":"https:\/\/www.facebook.com\/egidimadeinitaly\/","article_modified_time":"2025-11-14T14:26:35+00:00","og_image":[{"width":1024,"height":1024,"url":"https:\/\/egidimadeinitaly.com\/v25\/wp-content\/uploads\/2025\/09\/Renato-Guttuso_fronte_q-1024x1024.jpg","type":"image\/jpeg"}],"schema":{"@context":"https:\/\/schema.org","@graph":[{"@type":"WebPage","@id":"https:\/\/egidimadeinitaly.com\/fr\/negozio\/art-moderne\/oeuvres-modernes-sur-papiers\/renato-guttuso-dessin\/","url":"https:\/\/egidimadeinitaly.com\/fr\/negozio\/art-moderne\/oeuvres-modernes-sur-papiers\/renato-guttuso-dessin\/","name":"Renato Guttuso dessin - Egidi MadeinItaly","isPartOf":{"@id":"https:\/\/egidimadeinitaly.com\/fr\/#website"},"primaryImageOfPage":{"@id":"https:\/\/egidimadeinitaly.com\/fr\/negozio\/art-moderne\/oeuvres-modernes-sur-papiers\/renato-guttuso-dessin\/#primaryimage"},"image":{"@id":"https:\/\/egidimadeinitaly.com\/fr\/negozio\/art-moderne\/oeuvres-modernes-sur-papiers\/renato-guttuso-dessin\/#primaryimage"},"thumbnailUrl":"https:\/\/egidimadeinitaly.com\/v25\/wp-content\/uploads\/2025\/09\/Renato-Guttuso_fronte_q.jpg","datePublished":"2025-09-02T10:16:36+00:00","dateModified":"2025-11-14T14:26:35+00:00","description":"Renato Guttuso dessin sur papier repr\u00e9sentant la V\u00e9nus de Milo sign\u00e9 et orn\u00e9 d'un cadre de style Empire disponible chez Egidi MadeinItaly","breadcrumb":{"@id":"https:\/\/egidimadeinitaly.com\/fr\/negozio\/art-moderne\/oeuvres-modernes-sur-papiers\/renato-guttuso-dessin\/#breadcrumb"},"inLanguage":"fr-FR","potentialAction":[{"@type":"ReadAction","target":["https:\/\/egidimadeinitaly.com\/fr\/negozio\/art-moderne\/oeuvres-modernes-sur-papiers\/renato-guttuso-dessin\/"]}]},{"@type":"ImageObject","inLanguage":"fr-FR","@id":"https:\/\/egidimadeinitaly.com\/fr\/negozio\/art-moderne\/oeuvres-modernes-sur-papiers\/renato-guttuso-dessin\/#primaryimage","url":"https:\/\/egidimadeinitaly.com\/v25\/wp-content\/uploads\/2025\/09\/Renato-Guttuso_fronte_q.jpg","contentUrl":"https:\/\/egidimadeinitaly.com\/v25\/wp-content\/uploads\/2025\/09\/Renato-Guttuso_fronte_q.jpg","width":1984,"height":1984,"caption":"Venere di Milo"},{"@type":"BreadcrumbList","@id":"https:\/\/egidimadeinitaly.com\/fr\/negozio\/art-moderne\/oeuvres-modernes-sur-papiers\/renato-guttuso-dessin\/#breadcrumb","itemListElement":[{"@type":"ListItem","position":1,"name":"Home","item":"https:\/\/egidimadeinitaly.com\/fr\/"},{"@type":"ListItem","position":2,"name":"Produits","item":"https:\/\/egidimadeinitaly.com\/fr\/shop\/"},{"@type":"ListItem","position":3,"name":"Art moderne","item":"https:\/\/egidimadeinitaly.com\/fr\/product-category\/art-moderne\/"},{"@type":"ListItem","position":4,"name":"\u0152uvres modernes sur papiers","item":"https:\/\/egidimadeinitaly.com\/fr\/product-category\/art-moderne\/oeuvres-modernes-sur-papiers\/"},{"@type":"ListItem","position":5,"name":"Renato Guttuso dessin"}]},{"@type":"WebSite","@id":"https:\/\/egidimadeinitaly.com\/fr\/#website","url":"https:\/\/egidimadeinitaly.com\/fr\/","name":"Egidi MadeinItaly","description":"Fine Art","potentialAction":[{"@type":"SearchAction","target":{"@type":"EntryPoint","urlTemplate":"https:\/\/egidimadeinitaly.com\/fr\/?s={search_term_string}"},"query-input":{"@type":"PropertyValueSpecification","valueRequired":true,"valueName":"search_term_string"}}],"inLanguage":"fr-FR"}]}},"_links":{"self":[{"href":"https:\/\/egidimadeinitaly.com\/fr\/wp-json\/wp\/v2\/product\/125047","targetHints":{"allow":["GET"]}}],"collection":[{"href":"https:\/\/egidimadeinitaly.com\/fr\/wp-json\/wp\/v2\/product"}],"about":[{"href":"https:\/\/egidimadeinitaly.com\/fr\/wp-json\/wp\/v2\/types\/product"}],"wp:featuredmedia":[{"embeddable":true,"href":"https:\/\/egidimadeinitaly.com\/fr\/wp-json\/wp\/v2\/media\/125014"}],"wp:attachment":[{"href":"https:\/\/egidimadeinitaly.com\/fr\/wp-json\/wp\/v2\/media?parent=125047"}],"wp:term":[{"taxonomy":"product_brand","embeddable":true,"href":"https:\/\/egidimadeinitaly.com\/fr\/wp-json\/wp\/v2\/product_brand?post=125047"},{"taxonomy":"product_cat","embeddable":true,"href":"https:\/\/egidimadeinitaly.com\/fr\/wp-json\/wp\/v2\/product_cat?post=125047"},{"taxonomy":"product_tag","embeddable":true,"href":"https:\/\/egidimadeinitaly.com\/fr\/wp-json\/wp\/v2\/product_tag?post=125047"}],"curies":[{"name":"wp","href":"https:\/\/api.w.org\/{rel}","templated":true}]}}