{"id":124887,"date":"2022-12-25T16:18:11","date_gmt":"2022-12-25T15:18:11","guid":{"rendered":"https:\/\/egidimadeinitaly.com\/?post_type=product&#038;p=124887"},"modified":"2025-08-25T16:55:00","modified_gmt":"2025-08-25T15:55:00","slug":"carol-rama-oeuvre-authentifiee","status":"publish","type":"product","link":"https:\/\/egidimadeinitaly.com\/fr\/negozio\/art-moderne\/tableaux-modernes-fr\/carol-rama-oeuvre-authentifiee\/","title":{"rendered":"Carol Rama oeuvre authentifi\u00e9e"},"content":{"rendered":"<p>Carol Rama (Turin, 1918 \u2013 2015) a \u00e9t\u00e9 une figure centrale et innovante de la sc\u00e8ne artistique turinoise.<\/p>\n<h2>Mouvement d&rsquo;art concret (MAC)<\/h2>\n<p>Dans les ann\u00e9es 1950, elle est d&rsquo;abord li\u00e9e au Mouvement d&rsquo;art concret (MAC), mais sa recherche artistique d\u00e9passe rapidement les canons de cette p\u00e9riode.<\/p>\n<h2>Bricolages<\/h2>\n<p>Son \u00e9volution la conduit vers une recherche mat\u00e9rielle profonde et personnelle, qui culmine dans les c\u00e9l\u00e8bres Bricolages. Dans ces \u0153uvres, Rama transforme \u00ab des yeux de poup\u00e9e, des seringues, des bouchons et des objets usag\u00e9s \u00bb en \u00ab nouveaux alphabets visuels \u00bb. Ce choix n&rsquo;est pas purement esth\u00e9tique, mais profond\u00e9ment narratif et \u00e9vocateur.<\/p>\n","protected":false},"excerpt":{"rendered":"<p>Carol Rama (1918-2015)<br \/>\nSans titre, sign\u00e9 et dat\u00e9 \u00ab CAROLRAMA 1967 \u00bb (en bas \u00e0 gauche)<br \/>\nColle pigment\u00e9e et yeux de poup\u00e9e sur toile<br \/>\nR\u00e9alis\u00e9 en 1967<br \/>\n\u0152uvre enregistr\u00e9e aupr\u00e8s des Archives Carol Rama, Turin, n\u00b0 1356, comme authentique sur photographie en date du 14 mars 2022<\/p>\n<p>&nbsp;<\/p>\n","protected":false},"featured_media":124886,"template":"","meta":{"_acf_changed":false},"product_brand":[],"product_cat":[6377,6416],"product_tag":[],"class_list":{"0":"post-124887","1":"product","2":"type-product","3":"status-publish","4":"has-post-thumbnail","6":"product_cat-art-moderne","7":"product_cat-tableaux-modernes-fr","9":"first","10":"outofstock","11":"taxable","12":"shipping-taxable","13":"product-type-simple"},"acf":[],"yoast_head":"<!-- This site is optimized with the Yoast SEO Premium plugin v27.5 (Yoast SEO v27.5) - https:\/\/yoast.com\/product\/yoast-seo-premium-wordpress\/ -->\n<title>Carol Rama oeuvre authentifi\u00e9e - Egidi MadeinItaly<\/title>\n<meta name=\"description\" content=\"Carol Rama \u0153uvre enregistr\u00e9e aupr\u00e8s des Archives Carol Rama sign\u00e9e et dat\u00e9e \u00ab CAROL RAMA 1967 \u00bb technique mixte Yeux de poup\u00e9e\" \/>\n<meta name=\"robots\" content=\"index, follow, max-snippet:-1, max-image-preview:large, max-video-preview:-1\" \/>\n<link rel=\"canonical\" href=\"https:\/\/egidimadeinitaly.com\/fr\/negozio\/art-moderne\/tableaux-modernes-fr\/carol-rama-oeuvre-authentifiee\/\" \/>\n<meta property=\"og:locale\" content=\"fr_FR\" \/>\n<meta property=\"og:type\" content=\"article\" \/>\n<meta property=\"og:title\" content=\"Carol Rama oeuvre authentifi\u00e9e\" \/>\n<meta property=\"og:description\" content=\"Carol Rama (1918-2015) Sans titre, sign\u00e9 et dat\u00e9 \u00ab CAROLRAMA 1967 \u00bb (en bas \u00e0 gauche) Colle pigment\u00e9e et yeux de poup\u00e9e sur toile R\u00e9alis\u00e9 en 1967 \u0152uvre enregistr\u00e9e aupr\u00e8s des Archives Carol Rama, Turin, n\u00b0 1356, comme authentique sur photographie en date du 14 mars 2022  &nbsp;\" \/>\n<meta property=\"og:url\" content=\"https:\/\/egidimadeinitaly.com\/fr\/negozio\/art-moderne\/tableaux-modernes-fr\/carol-rama-oeuvre-authentifiee\/\" \/>\n<meta property=\"og:site_name\" content=\"Egidi MadeinItaly\" \/>\n<meta property=\"article:publisher\" content=\"https:\/\/www.facebook.com\/egidimadeinitaly\/\" \/>\n<meta property=\"article:modified_time\" content=\"2025-08-25T15:55:00+00:00\" \/>\n<meta property=\"og:image\" content=\"https:\/\/egidimadeinitaly.com\/v25\/wp-content\/uploads\/2025\/08\/Carol-Rama-opera-scaled-e1756135664692.jpg\" \/>\n\t<meta property=\"og:image:width\" content=\"1024\" \/>\n\t<meta property=\"og:image:height\" content=\"1024\" \/>\n\t<meta property=\"og:image:type\" content=\"image\/jpeg\" \/>\n<script type=\"application\/ld+json\" class=\"yoast-schema-graph\">{\"@context\":\"https:\\\/\\\/schema.org\",\"@graph\":[{\"@type\":\"WebPage\",\"@id\":\"https:\\\/\\\/egidimadeinitaly.com\\\/fr\\\/negozio\\\/art-moderne\\\/tableaux-modernes-fr\\\/carol-rama-oeuvre-authentifiee\\\/\",\"url\":\"https:\\\/\\\/egidimadeinitaly.com\\\/fr\\\/negozio\\\/art-moderne\\\/tableaux-modernes-fr\\\/carol-rama-oeuvre-authentifiee\\\/\",\"name\":\"Carol Rama oeuvre authentifi\u00e9e - Egidi MadeinItaly\",\"isPartOf\":{\"@id\":\"https:\\\/\\\/egidimadeinitaly.com\\\/fr\\\/#website\"},\"primaryImageOfPage\":{\"@id\":\"https:\\\/\\\/egidimadeinitaly.com\\\/fr\\\/negozio\\\/art-moderne\\\/tableaux-modernes-fr\\\/carol-rama-oeuvre-authentifiee\\\/#primaryimage\"},\"image\":{\"@id\":\"https:\\\/\\\/egidimadeinitaly.com\\\/fr\\\/negozio\\\/art-moderne\\\/tableaux-modernes-fr\\\/carol-rama-oeuvre-authentifiee\\\/#primaryimage\"},\"thumbnailUrl\":\"https:\\\/\\\/egidimadeinitaly.com\\\/v25\\\/wp-content\\\/uploads\\\/2025\\\/08\\\/Carol-Rama-opera-scaled-e1756135664692.jpg\",\"datePublished\":\"2022-12-25T15:18:11+00:00\",\"dateModified\":\"2025-08-25T15:55:00+00:00\",\"description\":\"Carol Rama \u0153uvre enregistr\u00e9e aupr\u00e8s des Archives Carol Rama sign\u00e9e et dat\u00e9e \u00ab CAROL RAMA 1967 \u00bb technique mixte Yeux de poup\u00e9e\",\"breadcrumb\":{\"@id\":\"https:\\\/\\\/egidimadeinitaly.com\\\/fr\\\/negozio\\\/art-moderne\\\/tableaux-modernes-fr\\\/carol-rama-oeuvre-authentifiee\\\/#breadcrumb\"},\"inLanguage\":\"fr-FR\",\"potentialAction\":[{\"@type\":\"ReadAction\",\"target\":[\"https:\\\/\\\/egidimadeinitaly.com\\\/fr\\\/negozio\\\/art-moderne\\\/tableaux-modernes-fr\\\/carol-rama-oeuvre-authentifiee\\\/\"]}]},{\"@type\":\"ImageObject\",\"inLanguage\":\"fr-FR\",\"@id\":\"https:\\\/\\\/egidimadeinitaly.com\\\/fr\\\/negozio\\\/art-moderne\\\/tableaux-modernes-fr\\\/carol-rama-oeuvre-authentifiee\\\/#primaryimage\",\"url\":\"https:\\\/\\\/egidimadeinitaly.com\\\/v25\\\/wp-content\\\/uploads\\\/2025\\\/08\\\/Carol-Rama-opera-scaled-e1756135664692.jpg\",\"contentUrl\":\"https:\\\/\\\/egidimadeinitaly.com\\\/v25\\\/wp-content\\\/uploads\\\/2025\\\/08\\\/Carol-Rama-opera-scaled-e1756135664692.jpg\",\"width\":1024,\"height\":1024,\"caption\":\"Carol Rama Sans titre\"},{\"@type\":\"BreadcrumbList\",\"@id\":\"https:\\\/\\\/egidimadeinitaly.com\\\/fr\\\/negozio\\\/art-moderne\\\/tableaux-modernes-fr\\\/carol-rama-oeuvre-authentifiee\\\/#breadcrumb\",\"itemListElement\":[{\"@type\":\"ListItem\",\"position\":1,\"name\":\"Home\",\"item\":\"https:\\\/\\\/egidimadeinitaly.com\\\/fr\\\/\"},{\"@type\":\"ListItem\",\"position\":2,\"name\":\"Produits\",\"item\":\"https:\\\/\\\/egidimadeinitaly.com\\\/fr\\\/shop\\\/\"},{\"@type\":\"ListItem\",\"position\":3,\"name\":\"Art moderne\",\"item\":\"https:\\\/\\\/egidimadeinitaly.com\\\/fr\\\/product-category\\\/art-moderne\\\/\"},{\"@type\":\"ListItem\",\"position\":4,\"name\":\"Tableaux modernes\",\"item\":\"https:\\\/\\\/egidimadeinitaly.com\\\/fr\\\/product-category\\\/art-moderne\\\/tableaux-modernes-fr\\\/\"},{\"@type\":\"ListItem\",\"position\":5,\"name\":\"Carol Rama oeuvre authentifi\u00e9e\"}]},{\"@type\":\"WebSite\",\"@id\":\"https:\\\/\\\/egidimadeinitaly.com\\\/fr\\\/#website\",\"url\":\"https:\\\/\\\/egidimadeinitaly.com\\\/fr\\\/\",\"name\":\"Egidi MadeinItaly\",\"description\":\"Fine Art\",\"potentialAction\":[{\"@type\":\"SearchAction\",\"target\":{\"@type\":\"EntryPoint\",\"urlTemplate\":\"https:\\\/\\\/egidimadeinitaly.com\\\/fr\\\/?s={search_term_string}\"},\"query-input\":{\"@type\":\"PropertyValueSpecification\",\"valueRequired\":true,\"valueName\":\"search_term_string\"}}],\"inLanguage\":\"fr-FR\"}]}<\/script>\n<!-- \/ Yoast SEO Premium plugin. -->","yoast_head_json":{"title":"Carol Rama oeuvre authentifi\u00e9e - Egidi MadeinItaly","description":"Carol Rama \u0153uvre enregistr\u00e9e aupr\u00e8s des Archives Carol Rama sign\u00e9e et dat\u00e9e \u00ab CAROL RAMA 1967 \u00bb technique mixte Yeux de poup\u00e9e","robots":{"index":"index","follow":"follow","max-snippet":"max-snippet:-1","max-image-preview":"max-image-preview:large","max-video-preview":"max-video-preview:-1"},"canonical":"https:\/\/egidimadeinitaly.com\/fr\/negozio\/art-moderne\/tableaux-modernes-fr\/carol-rama-oeuvre-authentifiee\/","og_locale":"fr_FR","og_type":"article","og_title":"Carol Rama oeuvre authentifi\u00e9e","og_description":"Carol Rama (1918-2015) Sans titre, sign\u00e9 et dat\u00e9 \u00ab CAROLRAMA 1967 \u00bb (en bas \u00e0 gauche) Colle pigment\u00e9e et yeux de poup\u00e9e sur toile R\u00e9alis\u00e9 en 1967 \u0152uvre enregistr\u00e9e aupr\u00e8s des Archives Carol Rama, Turin, n\u00b0 1356, comme authentique sur photographie en date du 14 mars 2022  &nbsp;","og_url":"https:\/\/egidimadeinitaly.com\/fr\/negozio\/art-moderne\/tableaux-modernes-fr\/carol-rama-oeuvre-authentifiee\/","og_site_name":"Egidi MadeinItaly","article_publisher":"https:\/\/www.facebook.com\/egidimadeinitaly\/","article_modified_time":"2025-08-25T15:55:00+00:00","og_image":[{"width":1024,"height":1024,"url":"https:\/\/egidimadeinitaly.com\/v25\/wp-content\/uploads\/2025\/08\/Carol-Rama-opera-scaled-e1756135664692.jpg","type":"image\/jpeg"}],"schema":{"@context":"https:\/\/schema.org","@graph":[{"@type":"WebPage","@id":"https:\/\/egidimadeinitaly.com\/fr\/negozio\/art-moderne\/tableaux-modernes-fr\/carol-rama-oeuvre-authentifiee\/","url":"https:\/\/egidimadeinitaly.com\/fr\/negozio\/art-moderne\/tableaux-modernes-fr\/carol-rama-oeuvre-authentifiee\/","name":"Carol Rama oeuvre authentifi\u00e9e - Egidi MadeinItaly","isPartOf":{"@id":"https:\/\/egidimadeinitaly.com\/fr\/#website"},"primaryImageOfPage":{"@id":"https:\/\/egidimadeinitaly.com\/fr\/negozio\/art-moderne\/tableaux-modernes-fr\/carol-rama-oeuvre-authentifiee\/#primaryimage"},"image":{"@id":"https:\/\/egidimadeinitaly.com\/fr\/negozio\/art-moderne\/tableaux-modernes-fr\/carol-rama-oeuvre-authentifiee\/#primaryimage"},"thumbnailUrl":"https:\/\/egidimadeinitaly.com\/v25\/wp-content\/uploads\/2025\/08\/Carol-Rama-opera-scaled-e1756135664692.jpg","datePublished":"2022-12-25T15:18:11+00:00","dateModified":"2025-08-25T15:55:00+00:00","description":"Carol Rama \u0153uvre enregistr\u00e9e aupr\u00e8s des Archives Carol Rama sign\u00e9e et dat\u00e9e \u00ab CAROL RAMA 1967 \u00bb technique mixte Yeux de poup\u00e9e","breadcrumb":{"@id":"https:\/\/egidimadeinitaly.com\/fr\/negozio\/art-moderne\/tableaux-modernes-fr\/carol-rama-oeuvre-authentifiee\/#breadcrumb"},"inLanguage":"fr-FR","potentialAction":[{"@type":"ReadAction","target":["https:\/\/egidimadeinitaly.com\/fr\/negozio\/art-moderne\/tableaux-modernes-fr\/carol-rama-oeuvre-authentifiee\/"]}]},{"@type":"ImageObject","inLanguage":"fr-FR","@id":"https:\/\/egidimadeinitaly.com\/fr\/negozio\/art-moderne\/tableaux-modernes-fr\/carol-rama-oeuvre-authentifiee\/#primaryimage","url":"https:\/\/egidimadeinitaly.com\/v25\/wp-content\/uploads\/2025\/08\/Carol-Rama-opera-scaled-e1756135664692.jpg","contentUrl":"https:\/\/egidimadeinitaly.com\/v25\/wp-content\/uploads\/2025\/08\/Carol-Rama-opera-scaled-e1756135664692.jpg","width":1024,"height":1024,"caption":"Carol Rama Sans titre"},{"@type":"BreadcrumbList","@id":"https:\/\/egidimadeinitaly.com\/fr\/negozio\/art-moderne\/tableaux-modernes-fr\/carol-rama-oeuvre-authentifiee\/#breadcrumb","itemListElement":[{"@type":"ListItem","position":1,"name":"Home","item":"https:\/\/egidimadeinitaly.com\/fr\/"},{"@type":"ListItem","position":2,"name":"Produits","item":"https:\/\/egidimadeinitaly.com\/fr\/shop\/"},{"@type":"ListItem","position":3,"name":"Art moderne","item":"https:\/\/egidimadeinitaly.com\/fr\/product-category\/art-moderne\/"},{"@type":"ListItem","position":4,"name":"Tableaux modernes","item":"https:\/\/egidimadeinitaly.com\/fr\/product-category\/art-moderne\/tableaux-modernes-fr\/"},{"@type":"ListItem","position":5,"name":"Carol Rama oeuvre authentifi\u00e9e"}]},{"@type":"WebSite","@id":"https:\/\/egidimadeinitaly.com\/fr\/#website","url":"https:\/\/egidimadeinitaly.com\/fr\/","name":"Egidi MadeinItaly","description":"Fine Art","potentialAction":[{"@type":"SearchAction","target":{"@type":"EntryPoint","urlTemplate":"https:\/\/egidimadeinitaly.com\/fr\/?s={search_term_string}"},"query-input":{"@type":"PropertyValueSpecification","valueRequired":true,"valueName":"search_term_string"}}],"inLanguage":"fr-FR"}]}},"_links":{"self":[{"href":"https:\/\/egidimadeinitaly.com\/fr\/wp-json\/wp\/v2\/product\/124887","targetHints":{"allow":["GET"]}}],"collection":[{"href":"https:\/\/egidimadeinitaly.com\/fr\/wp-json\/wp\/v2\/product"}],"about":[{"href":"https:\/\/egidimadeinitaly.com\/fr\/wp-json\/wp\/v2\/types\/product"}],"wp:featuredmedia":[{"embeddable":true,"href":"https:\/\/egidimadeinitaly.com\/fr\/wp-json\/wp\/v2\/media\/124886"}],"wp:attachment":[{"href":"https:\/\/egidimadeinitaly.com\/fr\/wp-json\/wp\/v2\/media?parent=124887"}],"wp:term":[{"taxonomy":"product_brand","embeddable":true,"href":"https:\/\/egidimadeinitaly.com\/fr\/wp-json\/wp\/v2\/product_brand?post=124887"},{"taxonomy":"product_cat","embeddable":true,"href":"https:\/\/egidimadeinitaly.com\/fr\/wp-json\/wp\/v2\/product_cat?post=124887"},{"taxonomy":"product_tag","embeddable":true,"href":"https:\/\/egidimadeinitaly.com\/fr\/wp-json\/wp\/v2\/product_tag?post=124887"}],"curies":[{"name":"wp","href":"https:\/\/api.w.org\/{rel}","templated":true}]}}