{"id":124791,"date":"2025-08-12T15:37:54","date_gmt":"2025-08-12T14:37:54","guid":{"rendered":"https:\/\/egidimadeinitaly.com\/?post_type=product&#038;p=124791"},"modified":"2025-08-12T15:45:15","modified_gmt":"2025-08-12T14:45:15","slug":"emilio-borsa-oeuvre","status":"publish","type":"product","link":"https:\/\/egidimadeinitaly.com\/fr\/negozio\/art-ancien\/tableaux-anciens-fr\/emilio-borsa-oeuvre\/","title":{"rendered":"Emilio Borsa oeuvre"},"content":{"rendered":"<p>L&rsquo;atelier d&rsquo;<strong>Emilio Borsa<\/strong> (Milan, 1857 &#8211; Monza, 1931) se trouvait \u00e0 la Cascina del Sole, r\u00e9sidence d&rsquo;une famille de gardes-chasse.<\/p>\n<p>Pour le peintre de Monza, en effet, la \u00ab vraie peinture \u00bb naissait de l&rsquo;<em>observation quotidienne de la nature<\/em> et d&rsquo;une \u00e9tude attentive, presque scientifique, des feuilles et des tiges.<\/p>\n<p>Il aimait peindre <em>des paysages sans personnages<\/em>, s&rsquo;immergeant dans la solitude totale que seule la nature peut offrir, remplissant l&rsquo;air de ses bruissements et de ses sons naturels.<\/p>\n<p>L&rsquo;<strong>\u0153uvre d&rsquo;Emilio Borsa<\/strong> est enrichie d&rsquo;un cadre dor\u00e9 d&rsquo;\u00e9poque. Elle pr\u00e9sente des \u00e9l\u00e9ments d\u00e9coratifs en relief, de forme allong\u00e9e et arrondie, typiques de la premi\u00e8re moiti\u00e9 du XXe si\u00e8cle.<\/p>\n<p>Ce petit tableau est une pi\u00e8ce exceptionnelle qui plaira aux collectionneurs les plus exigeants et aux amateurs d&rsquo;art \u00e0 la recherche d&rsquo;une \u0153uvre rare et sereine. Il trouvera une place d&rsquo;honneur dans un int\u00e9rieur \u00e9l\u00e9gant ou dans une prestigieuse collection d&rsquo;art.<\/p>\n<p>Si vous avez des questions ou souhaitez organiser une visite, n&rsquo;h\u00e9sitez pas \u00e0 nous contacter. Exp\u00e9dition soign\u00e9e et s\u00e9curis\u00e9e disponible<\/p>\n","protected":false},"excerpt":{"rendered":"<p><strong>Emilio Borsa<\/strong> (Milan, 1857 &#8211; Monza, 1931) campagne de Monza<\/p>\n<p>Paysage champ\u00eatre du parc de Monza, avec un saule d\u00e9nud\u00e9 au premier plan.<\/p>\n<p>\u00c0 l&rsquo;arri\u00e8re-plan, on aper\u00e7oit un bout du pont en pierre sur la rivi\u00e8re Lambro, symbole de la ville, qui s&rsquo;\u00e9l\u00e8ve avec \u00e9l\u00e9gance, renfor\u00e7ant le lien entre nature et architecture.<\/p>\n<p>L&rsquo;\u0153uvre porte la signature de l&rsquo;artiste E. Borsa dans le coin inf\u00e9rieur droit, confirmant son authenticit\u00e9 et sa raret\u00e9.<\/p>\n","protected":false},"featured_media":124787,"template":"","meta":{"_acf_changed":false},"product_brand":[],"product_cat":[6374,6408],"product_tag":[6559],"class_list":{"0":"post-124791","1":"product","2":"type-product","3":"status-publish","4":"has-post-thumbnail","6":"product_cat-art-ancien","7":"product_cat-tableaux-anciens-fr","8":"product_tag-verisme","10":"first","11":"instock","12":"taxable","13":"shipping-taxable","14":"product-type-simple"},"acf":[],"yoast_head":"<!-- This site is optimized with the Yoast SEO Premium plugin v27.5 (Yoast SEO v27.5) - https:\/\/yoast.com\/product\/yoast-seo-premium-wordpress\/ -->\n<title>Emilio Borsa oeuvre - Egidi MadeinItaly<\/title>\n<meta name=\"description\" content=\"Emilio Borsa, paysage champ\u00eatre du parc de Monza, \u0153uvre exceptionnelle du v\u00e9risme et du naturalisme, id\u00e9ale pour collectionneurs exigeants du XXe si\u00e8cle.\" \/>\n<meta name=\"robots\" content=\"index, follow, max-snippet:-1, max-image-preview:large, max-video-preview:-1\" \/>\n<link rel=\"canonical\" href=\"https:\/\/egidimadeinitaly.com\/fr\/negozio\/art-ancien\/tableaux-anciens-fr\/emilio-borsa-oeuvre\/\" \/>\n<meta property=\"og:locale\" content=\"fr_FR\" \/>\n<meta property=\"og:type\" content=\"article\" \/>\n<meta property=\"og:title\" content=\"Emilio Borsa oeuvre\" \/>\n<meta property=\"og:description\" content=\"Emilio Borsa (Milan, 1857 - Monza, 1931) campagne de Monza  Paysage champ\u00eatre du parc de Monza, avec un saule d\u00e9nud\u00e9 au premier plan.  \u00c0 l&#039;arri\u00e8re-plan, on aper\u00e7oit un bout du pont en pierre sur la rivi\u00e8re Lambro, symbole de la ville, qui s&#039;\u00e9l\u00e8ve avec \u00e9l\u00e9gance, renfor\u00e7ant le lien entre nature et architecture.  L&#039;\u0153uvre porte la signature de l&#039;artiste E. Borsa dans le coin inf\u00e9rieur droit, confirmant son authenticit\u00e9 et sa raret\u00e9.\" \/>\n<meta property=\"og:url\" content=\"https:\/\/egidimadeinitaly.com\/fr\/negozio\/art-ancien\/tableaux-anciens-fr\/emilio-borsa-oeuvre\/\" \/>\n<meta property=\"og:site_name\" content=\"Egidi MadeinItaly\" \/>\n<meta property=\"article:publisher\" content=\"https:\/\/www.facebook.com\/egidimadeinitaly\/\" \/>\n<meta property=\"article:modified_time\" content=\"2025-08-12T14:45:15+00:00\" \/>\n<meta property=\"og:image\" content=\"https:\/\/egidimadeinitaly.com\/v25\/wp-content\/uploads\/2025\/08\/Emilio-Borsa-opera.jpg\" \/>\n\t<meta property=\"og:image:width\" content=\"1984\" \/>\n\t<meta property=\"og:image:height\" content=\"1984\" \/>\n\t<meta property=\"og:image:type\" content=\"image\/jpeg\" \/>\n<script type=\"application\/ld+json\" class=\"yoast-schema-graph\">{\"@context\":\"https:\\\/\\\/schema.org\",\"@graph\":[{\"@type\":\"WebPage\",\"@id\":\"https:\\\/\\\/egidimadeinitaly.com\\\/fr\\\/negozio\\\/art-ancien\\\/tableaux-anciens-fr\\\/emilio-borsa-oeuvre\\\/\",\"url\":\"https:\\\/\\\/egidimadeinitaly.com\\\/fr\\\/negozio\\\/art-ancien\\\/tableaux-anciens-fr\\\/emilio-borsa-oeuvre\\\/\",\"name\":\"Emilio Borsa oeuvre - Egidi MadeinItaly\",\"isPartOf\":{\"@id\":\"https:\\\/\\\/egidimadeinitaly.com\\\/fr\\\/#website\"},\"primaryImageOfPage\":{\"@id\":\"https:\\\/\\\/egidimadeinitaly.com\\\/fr\\\/negozio\\\/art-ancien\\\/tableaux-anciens-fr\\\/emilio-borsa-oeuvre\\\/#primaryimage\"},\"image\":{\"@id\":\"https:\\\/\\\/egidimadeinitaly.com\\\/fr\\\/negozio\\\/art-ancien\\\/tableaux-anciens-fr\\\/emilio-borsa-oeuvre\\\/#primaryimage\"},\"thumbnailUrl\":\"https:\\\/\\\/egidimadeinitaly.com\\\/v25\\\/wp-content\\\/uploads\\\/2025\\\/08\\\/Emilio-Borsa-opera.jpg\",\"datePublished\":\"2025-08-12T14:37:54+00:00\",\"dateModified\":\"2025-08-12T14:45:15+00:00\",\"description\":\"Emilio Borsa, paysage champ\u00eatre du parc de Monza, \u0153uvre exceptionnelle du v\u00e9risme et du naturalisme, id\u00e9ale pour collectionneurs exigeants du XXe si\u00e8cle.\",\"breadcrumb\":{\"@id\":\"https:\\\/\\\/egidimadeinitaly.com\\\/fr\\\/negozio\\\/art-ancien\\\/tableaux-anciens-fr\\\/emilio-borsa-oeuvre\\\/#breadcrumb\"},\"inLanguage\":\"fr-FR\",\"potentialAction\":[{\"@type\":\"ReadAction\",\"target\":[\"https:\\\/\\\/egidimadeinitaly.com\\\/fr\\\/negozio\\\/art-ancien\\\/tableaux-anciens-fr\\\/emilio-borsa-oeuvre\\\/\"]}]},{\"@type\":\"ImageObject\",\"inLanguage\":\"fr-FR\",\"@id\":\"https:\\\/\\\/egidimadeinitaly.com\\\/fr\\\/negozio\\\/art-ancien\\\/tableaux-anciens-fr\\\/emilio-borsa-oeuvre\\\/#primaryimage\",\"url\":\"https:\\\/\\\/egidimadeinitaly.com\\\/v25\\\/wp-content\\\/uploads\\\/2025\\\/08\\\/Emilio-Borsa-opera.jpg\",\"contentUrl\":\"https:\\\/\\\/egidimadeinitaly.com\\\/v25\\\/wp-content\\\/uploads\\\/2025\\\/08\\\/Emilio-Borsa-opera.jpg\",\"width\":1984,\"height\":1984,\"caption\":\"Emilio Borsa oeuvre\"},{\"@type\":\"BreadcrumbList\",\"@id\":\"https:\\\/\\\/egidimadeinitaly.com\\\/fr\\\/negozio\\\/art-ancien\\\/tableaux-anciens-fr\\\/emilio-borsa-oeuvre\\\/#breadcrumb\",\"itemListElement\":[{\"@type\":\"ListItem\",\"position\":1,\"name\":\"Home\",\"item\":\"https:\\\/\\\/egidimadeinitaly.com\\\/fr\\\/\"},{\"@type\":\"ListItem\",\"position\":2,\"name\":\"Produits\",\"item\":\"https:\\\/\\\/egidimadeinitaly.com\\\/fr\\\/shop\\\/\"},{\"@type\":\"ListItem\",\"position\":3,\"name\":\"Art ancien\",\"item\":\"https:\\\/\\\/egidimadeinitaly.com\\\/fr\\\/product-category\\\/art-ancien\\\/\"},{\"@type\":\"ListItem\",\"position\":4,\"name\":\"Tableaux anciens\",\"item\":\"https:\\\/\\\/egidimadeinitaly.com\\\/fr\\\/product-category\\\/art-ancien\\\/tableaux-anciens-fr\\\/\"},{\"@type\":\"ListItem\",\"position\":5,\"name\":\"Emilio Borsa oeuvre\"}]},{\"@type\":\"WebSite\",\"@id\":\"https:\\\/\\\/egidimadeinitaly.com\\\/fr\\\/#website\",\"url\":\"https:\\\/\\\/egidimadeinitaly.com\\\/fr\\\/\",\"name\":\"Egidi MadeinItaly\",\"description\":\"Fine Art\",\"potentialAction\":[{\"@type\":\"SearchAction\",\"target\":{\"@type\":\"EntryPoint\",\"urlTemplate\":\"https:\\\/\\\/egidimadeinitaly.com\\\/fr\\\/?s={search_term_string}\"},\"query-input\":{\"@type\":\"PropertyValueSpecification\",\"valueRequired\":true,\"valueName\":\"search_term_string\"}}],\"inLanguage\":\"fr-FR\"}]}<\/script>\n<!-- \/ Yoast SEO Premium plugin. -->","yoast_head_json":{"title":"Emilio Borsa oeuvre - Egidi MadeinItaly","description":"Emilio Borsa, paysage champ\u00eatre du parc de Monza, \u0153uvre exceptionnelle du v\u00e9risme et du naturalisme, id\u00e9ale pour collectionneurs exigeants du XXe si\u00e8cle.","robots":{"index":"index","follow":"follow","max-snippet":"max-snippet:-1","max-image-preview":"max-image-preview:large","max-video-preview":"max-video-preview:-1"},"canonical":"https:\/\/egidimadeinitaly.com\/fr\/negozio\/art-ancien\/tableaux-anciens-fr\/emilio-borsa-oeuvre\/","og_locale":"fr_FR","og_type":"article","og_title":"Emilio Borsa oeuvre","og_description":"Emilio Borsa (Milan, 1857 - Monza, 1931) campagne de Monza  Paysage champ\u00eatre du parc de Monza, avec un saule d\u00e9nud\u00e9 au premier plan.  \u00c0 l'arri\u00e8re-plan, on aper\u00e7oit un bout du pont en pierre sur la rivi\u00e8re Lambro, symbole de la ville, qui s'\u00e9l\u00e8ve avec \u00e9l\u00e9gance, renfor\u00e7ant le lien entre nature et architecture.  L'\u0153uvre porte la signature de l'artiste E. Borsa dans le coin inf\u00e9rieur droit, confirmant son authenticit\u00e9 et sa raret\u00e9.","og_url":"https:\/\/egidimadeinitaly.com\/fr\/negozio\/art-ancien\/tableaux-anciens-fr\/emilio-borsa-oeuvre\/","og_site_name":"Egidi MadeinItaly","article_publisher":"https:\/\/www.facebook.com\/egidimadeinitaly\/","article_modified_time":"2025-08-12T14:45:15+00:00","og_image":[{"width":1984,"height":1984,"url":"https:\/\/egidimadeinitaly.com\/v25\/wp-content\/uploads\/2025\/08\/Emilio-Borsa-opera.jpg","type":"image\/jpeg"}],"schema":{"@context":"https:\/\/schema.org","@graph":[{"@type":"WebPage","@id":"https:\/\/egidimadeinitaly.com\/fr\/negozio\/art-ancien\/tableaux-anciens-fr\/emilio-borsa-oeuvre\/","url":"https:\/\/egidimadeinitaly.com\/fr\/negozio\/art-ancien\/tableaux-anciens-fr\/emilio-borsa-oeuvre\/","name":"Emilio Borsa oeuvre - Egidi MadeinItaly","isPartOf":{"@id":"https:\/\/egidimadeinitaly.com\/fr\/#website"},"primaryImageOfPage":{"@id":"https:\/\/egidimadeinitaly.com\/fr\/negozio\/art-ancien\/tableaux-anciens-fr\/emilio-borsa-oeuvre\/#primaryimage"},"image":{"@id":"https:\/\/egidimadeinitaly.com\/fr\/negozio\/art-ancien\/tableaux-anciens-fr\/emilio-borsa-oeuvre\/#primaryimage"},"thumbnailUrl":"https:\/\/egidimadeinitaly.com\/v25\/wp-content\/uploads\/2025\/08\/Emilio-Borsa-opera.jpg","datePublished":"2025-08-12T14:37:54+00:00","dateModified":"2025-08-12T14:45:15+00:00","description":"Emilio Borsa, paysage champ\u00eatre du parc de Monza, \u0153uvre exceptionnelle du v\u00e9risme et du naturalisme, id\u00e9ale pour collectionneurs exigeants du XXe si\u00e8cle.","breadcrumb":{"@id":"https:\/\/egidimadeinitaly.com\/fr\/negozio\/art-ancien\/tableaux-anciens-fr\/emilio-borsa-oeuvre\/#breadcrumb"},"inLanguage":"fr-FR","potentialAction":[{"@type":"ReadAction","target":["https:\/\/egidimadeinitaly.com\/fr\/negozio\/art-ancien\/tableaux-anciens-fr\/emilio-borsa-oeuvre\/"]}]},{"@type":"ImageObject","inLanguage":"fr-FR","@id":"https:\/\/egidimadeinitaly.com\/fr\/negozio\/art-ancien\/tableaux-anciens-fr\/emilio-borsa-oeuvre\/#primaryimage","url":"https:\/\/egidimadeinitaly.com\/v25\/wp-content\/uploads\/2025\/08\/Emilio-Borsa-opera.jpg","contentUrl":"https:\/\/egidimadeinitaly.com\/v25\/wp-content\/uploads\/2025\/08\/Emilio-Borsa-opera.jpg","width":1984,"height":1984,"caption":"Emilio Borsa oeuvre"},{"@type":"BreadcrumbList","@id":"https:\/\/egidimadeinitaly.com\/fr\/negozio\/art-ancien\/tableaux-anciens-fr\/emilio-borsa-oeuvre\/#breadcrumb","itemListElement":[{"@type":"ListItem","position":1,"name":"Home","item":"https:\/\/egidimadeinitaly.com\/fr\/"},{"@type":"ListItem","position":2,"name":"Produits","item":"https:\/\/egidimadeinitaly.com\/fr\/shop\/"},{"@type":"ListItem","position":3,"name":"Art ancien","item":"https:\/\/egidimadeinitaly.com\/fr\/product-category\/art-ancien\/"},{"@type":"ListItem","position":4,"name":"Tableaux anciens","item":"https:\/\/egidimadeinitaly.com\/fr\/product-category\/art-ancien\/tableaux-anciens-fr\/"},{"@type":"ListItem","position":5,"name":"Emilio Borsa oeuvre"}]},{"@type":"WebSite","@id":"https:\/\/egidimadeinitaly.com\/fr\/#website","url":"https:\/\/egidimadeinitaly.com\/fr\/","name":"Egidi MadeinItaly","description":"Fine Art","potentialAction":[{"@type":"SearchAction","target":{"@type":"EntryPoint","urlTemplate":"https:\/\/egidimadeinitaly.com\/fr\/?s={search_term_string}"},"query-input":{"@type":"PropertyValueSpecification","valueRequired":true,"valueName":"search_term_string"}}],"inLanguage":"fr-FR"}]}},"_links":{"self":[{"href":"https:\/\/egidimadeinitaly.com\/fr\/wp-json\/wp\/v2\/product\/124791","targetHints":{"allow":["GET"]}}],"collection":[{"href":"https:\/\/egidimadeinitaly.com\/fr\/wp-json\/wp\/v2\/product"}],"about":[{"href":"https:\/\/egidimadeinitaly.com\/fr\/wp-json\/wp\/v2\/types\/product"}],"wp:featuredmedia":[{"embeddable":true,"href":"https:\/\/egidimadeinitaly.com\/fr\/wp-json\/wp\/v2\/media\/124787"}],"wp:attachment":[{"href":"https:\/\/egidimadeinitaly.com\/fr\/wp-json\/wp\/v2\/media?parent=124791"}],"wp:term":[{"taxonomy":"product_brand","embeddable":true,"href":"https:\/\/egidimadeinitaly.com\/fr\/wp-json\/wp\/v2\/product_brand?post=124791"},{"taxonomy":"product_cat","embeddable":true,"href":"https:\/\/egidimadeinitaly.com\/fr\/wp-json\/wp\/v2\/product_cat?post=124791"},{"taxonomy":"product_tag","embeddable":true,"href":"https:\/\/egidimadeinitaly.com\/fr\/wp-json\/wp\/v2\/product_tag?post=124791"}],"curies":[{"name":"wp","href":"https:\/\/api.w.org\/{rel}","templated":true}]}}