{"id":124512,"date":"2025-08-02T17:15:36","date_gmt":"2025-08-02T16:15:36","guid":{"rendered":"https:\/\/egidimadeinitaly.com\/?post_type=product&#038;p=124512"},"modified":"2025-08-02T17:28:43","modified_gmt":"2025-08-02T16:28:43","slug":"salvador-dali-lithographie","status":"publish","type":"product","link":"https:\/\/egidimadeinitaly.com\/fr\/negozio\/art-moderne\/oeuvres-modernes-sur-papiers\/salvador-dali-lithographie\/","title":{"rendered":"Salvador Dali lithographie"},"content":{"rendered":"<p>Dal\u00ec repr\u00e9sente la sc\u00e8ne I de l&rsquo;acte I, qui ouvre le rideau sur la ville de V\u00e9rone. Alors que les serviteurs de la famille Montague se disputent une fois de plus dans les rues, le palais des Capulet se d\u00e9tache \u00e0 l&rsquo;arri\u00e8re-plan, magnifiquement illumin\u00e9 lors d&rsquo;une f\u00eate. Dans ce palais, le p\u00e8re de Juliette organise en effet un \u00e9v\u00e9nement destin\u00e9 \u00e0 favoriser le mariage de sa fille avec le jeune Paris. C&rsquo;est dans ce m\u00eame palais que, peu apr\u00e8s, Rom\u00e9o et Juliette se rencontreront et tomberont amoureux.<\/p>\n","protected":false},"excerpt":{"rendered":"<p>Salvador Dal\u00ec (Figueres,1904 &#8211; 1989) lithographie en couleurs m\u00e9lang\u00e9es, Sc\u00e8ne I Acte I de \u00ab Rom\u00e9o et Juliette \u00bb. Notre \u0153uvre est sign\u00e9e et dat\u00e9e dans le coin sup\u00e9rieur gauche Dali 1967.<\/p>\n<p>L&rsquo;\u0153uvre est tir\u00e9e de la suite des dix illustrations que Salvador Dal\u00ec a r\u00e9alis\u00e9es pour Rizzoli Editore en 1975, pour la trag\u00e9die de Shakespeare \u00ab Rom\u00e9o et Juliette \u00bb.<\/p>\n<p>&nbsp;<\/p>\n","protected":false},"featured_media":124504,"template":"","meta":{"_acf_changed":false},"product_brand":[],"product_cat":[6377,6414],"product_tag":[],"class_list":{"0":"post-124512","1":"product","2":"type-product","3":"status-publish","4":"has-post-thumbnail","6":"product_cat-art-moderne","7":"product_cat-oeuvres-modernes-sur-papiers","9":"first","10":"instock","11":"taxable","12":"shipping-taxable","13":"product-type-simple"},"acf":[],"yoast_head":"<!-- This site is optimized with the Yoast SEO Premium plugin v27.3 (Yoast SEO v27.4) - https:\/\/yoast.com\/product\/yoast-seo-premium-wordpress\/ -->\n<title>Salvador Dali lithographie - Egidi MadeinItaly<\/title>\n<meta name=\"description\" content=\"Salvador Dali Rom\u00e9o et Juliette, Acte I, Sc\u00e8ne I d&#039;une \u00e9dition de la trag\u00e9die de W. Shakespeare magistralement illustr\u00e9e en 1975 par Salvador Dali.\" \/>\n<meta name=\"robots\" content=\"index, follow, max-snippet:-1, max-image-preview:large, max-video-preview:-1\" \/>\n<link rel=\"canonical\" href=\"https:\/\/egidimadeinitaly.com\/fr\/negozio\/art-moderne\/oeuvres-modernes-sur-papiers\/salvador-dali-lithographie\/\" \/>\n<meta property=\"og:locale\" content=\"fr_FR\" \/>\n<meta property=\"og:type\" content=\"article\" \/>\n<meta property=\"og:title\" content=\"Salvador Dali lithographie\" \/>\n<meta property=\"og:description\" content=\"Salvador Dal\u00ec (Figueres,1904 - 1989) lithographie en couleurs m\u00e9lang\u00e9es, Sc\u00e8ne I Acte I de \u00ab Rom\u00e9o et Juliette \u00bb. Notre \u0153uvre est sign\u00e9e et dat\u00e9e dans le coin sup\u00e9rieur gauche Dali 1967.  L&#039;\u0153uvre est tir\u00e9e de la suite des dix illustrations que Salvador Dal\u00ec a r\u00e9alis\u00e9es pour Rizzoli Editore en 1975, pour la trag\u00e9die de Shakespeare \u00ab Rom\u00e9o et Juliette \u00bb.  &nbsp;\" \/>\n<meta property=\"og:url\" content=\"https:\/\/egidimadeinitaly.com\/fr\/negozio\/art-moderne\/oeuvres-modernes-sur-papiers\/salvador-dali-lithographie\/\" \/>\n<meta property=\"og:site_name\" content=\"Egidi MadeinItaly\" \/>\n<meta property=\"article:publisher\" content=\"https:\/\/www.facebook.com\/egidimadeinitaly\/\" \/>\n<meta property=\"article:modified_time\" content=\"2025-08-02T16:28:43+00:00\" \/>\n<meta property=\"og:image\" content=\"https:\/\/egidimadeinitaly.com\/v25\/wp-content\/uploads\/2025\/08\/Salvador-Dali-Romeo-e-Giulietta.jpg\" \/>\n\t<meta property=\"og:image:width\" content=\"1984\" \/>\n\t<meta property=\"og:image:height\" content=\"1984\" \/>\n\t<meta property=\"og:image:type\" content=\"image\/jpeg\" \/>\n<script type=\"application\/ld+json\" class=\"yoast-schema-graph\">{\"@context\":\"https:\\\/\\\/schema.org\",\"@graph\":[{\"@type\":\"WebPage\",\"@id\":\"https:\\\/\\\/egidimadeinitaly.com\\\/fr\\\/negozio\\\/art-moderne\\\/oeuvres-modernes-sur-papiers\\\/salvador-dali-lithographie\\\/\",\"url\":\"https:\\\/\\\/egidimadeinitaly.com\\\/fr\\\/negozio\\\/art-moderne\\\/oeuvres-modernes-sur-papiers\\\/salvador-dali-lithographie\\\/\",\"name\":\"Salvador Dali lithographie - Egidi MadeinItaly\",\"isPartOf\":{\"@id\":\"https:\\\/\\\/egidimadeinitaly.com\\\/fr\\\/#website\"},\"primaryImageOfPage\":{\"@id\":\"https:\\\/\\\/egidimadeinitaly.com\\\/fr\\\/negozio\\\/art-moderne\\\/oeuvres-modernes-sur-papiers\\\/salvador-dali-lithographie\\\/#primaryimage\"},\"image\":{\"@id\":\"https:\\\/\\\/egidimadeinitaly.com\\\/fr\\\/negozio\\\/art-moderne\\\/oeuvres-modernes-sur-papiers\\\/salvador-dali-lithographie\\\/#primaryimage\"},\"thumbnailUrl\":\"https:\\\/\\\/egidimadeinitaly.com\\\/v25\\\/wp-content\\\/uploads\\\/2025\\\/08\\\/Salvador-Dali-Romeo-e-Giulietta.jpg\",\"datePublished\":\"2025-08-02T16:15:36+00:00\",\"dateModified\":\"2025-08-02T16:28:43+00:00\",\"description\":\"Salvador Dali Rom\u00e9o et Juliette, Acte I, Sc\u00e8ne I d'une \u00e9dition de la trag\u00e9die de W. Shakespeare magistralement illustr\u00e9e en 1975 par Salvador Dali.\",\"breadcrumb\":{\"@id\":\"https:\\\/\\\/egidimadeinitaly.com\\\/fr\\\/negozio\\\/art-moderne\\\/oeuvres-modernes-sur-papiers\\\/salvador-dali-lithographie\\\/#breadcrumb\"},\"inLanguage\":\"fr-FR\",\"potentialAction\":[{\"@type\":\"ReadAction\",\"target\":[\"https:\\\/\\\/egidimadeinitaly.com\\\/fr\\\/negozio\\\/art-moderne\\\/oeuvres-modernes-sur-papiers\\\/salvador-dali-lithographie\\\/\"]}]},{\"@type\":\"ImageObject\",\"inLanguage\":\"fr-FR\",\"@id\":\"https:\\\/\\\/egidimadeinitaly.com\\\/fr\\\/negozio\\\/art-moderne\\\/oeuvres-modernes-sur-papiers\\\/salvador-dali-lithographie\\\/#primaryimage\",\"url\":\"https:\\\/\\\/egidimadeinitaly.com\\\/v25\\\/wp-content\\\/uploads\\\/2025\\\/08\\\/Salvador-Dali-Romeo-e-Giulietta.jpg\",\"contentUrl\":\"https:\\\/\\\/egidimadeinitaly.com\\\/v25\\\/wp-content\\\/uploads\\\/2025\\\/08\\\/Salvador-Dali-Romeo-e-Giulietta.jpg\",\"width\":1984,\"height\":1984,\"caption\":\"Romeo e Giulietta litografia\"},{\"@type\":\"BreadcrumbList\",\"@id\":\"https:\\\/\\\/egidimadeinitaly.com\\\/fr\\\/negozio\\\/art-moderne\\\/oeuvres-modernes-sur-papiers\\\/salvador-dali-lithographie\\\/#breadcrumb\",\"itemListElement\":[{\"@type\":\"ListItem\",\"position\":1,\"name\":\"Home\",\"item\":\"https:\\\/\\\/egidimadeinitaly.com\\\/fr\\\/\"},{\"@type\":\"ListItem\",\"position\":2,\"name\":\"Produits\",\"item\":\"https:\\\/\\\/egidimadeinitaly.com\\\/fr\\\/shop\\\/\"},{\"@type\":\"ListItem\",\"position\":3,\"name\":\"Art moderne\",\"item\":\"https:\\\/\\\/egidimadeinitaly.com\\\/fr\\\/product-category\\\/art-moderne\\\/\"},{\"@type\":\"ListItem\",\"position\":4,\"name\":\"\u0152uvres modernes sur papiers\",\"item\":\"https:\\\/\\\/egidimadeinitaly.com\\\/fr\\\/product-category\\\/art-moderne\\\/oeuvres-modernes-sur-papiers\\\/\"},{\"@type\":\"ListItem\",\"position\":5,\"name\":\"Salvador Dali lithographie\"}]},{\"@type\":\"WebSite\",\"@id\":\"https:\\\/\\\/egidimadeinitaly.com\\\/fr\\\/#website\",\"url\":\"https:\\\/\\\/egidimadeinitaly.com\\\/fr\\\/\",\"name\":\"Egidi MadeinItaly\",\"description\":\"Fine Art\",\"potentialAction\":[{\"@type\":\"SearchAction\",\"target\":{\"@type\":\"EntryPoint\",\"urlTemplate\":\"https:\\\/\\\/egidimadeinitaly.com\\\/fr\\\/?s={search_term_string}\"},\"query-input\":{\"@type\":\"PropertyValueSpecification\",\"valueRequired\":true,\"valueName\":\"search_term_string\"}}],\"inLanguage\":\"fr-FR\"}]}<\/script>\n<!-- \/ Yoast SEO Premium plugin. -->","yoast_head_json":{"title":"Salvador Dali lithographie - Egidi MadeinItaly","description":"Salvador Dali Rom\u00e9o et Juliette, Acte I, Sc\u00e8ne I d'une \u00e9dition de la trag\u00e9die de W. Shakespeare magistralement illustr\u00e9e en 1975 par Salvador Dali.","robots":{"index":"index","follow":"follow","max-snippet":"max-snippet:-1","max-image-preview":"max-image-preview:large","max-video-preview":"max-video-preview:-1"},"canonical":"https:\/\/egidimadeinitaly.com\/fr\/negozio\/art-moderne\/oeuvres-modernes-sur-papiers\/salvador-dali-lithographie\/","og_locale":"fr_FR","og_type":"article","og_title":"Salvador Dali lithographie","og_description":"Salvador Dal\u00ec (Figueres,1904 - 1989) lithographie en couleurs m\u00e9lang\u00e9es, Sc\u00e8ne I Acte I de \u00ab Rom\u00e9o et Juliette \u00bb. Notre \u0153uvre est sign\u00e9e et dat\u00e9e dans le coin sup\u00e9rieur gauche Dali 1967.  L'\u0153uvre est tir\u00e9e de la suite des dix illustrations que Salvador Dal\u00ec a r\u00e9alis\u00e9es pour Rizzoli Editore en 1975, pour la trag\u00e9die de Shakespeare \u00ab Rom\u00e9o et Juliette \u00bb.  &nbsp;","og_url":"https:\/\/egidimadeinitaly.com\/fr\/negozio\/art-moderne\/oeuvres-modernes-sur-papiers\/salvador-dali-lithographie\/","og_site_name":"Egidi MadeinItaly","article_publisher":"https:\/\/www.facebook.com\/egidimadeinitaly\/","article_modified_time":"2025-08-02T16:28:43+00:00","og_image":[{"width":1984,"height":1984,"url":"https:\/\/egidimadeinitaly.com\/v25\/wp-content\/uploads\/2025\/08\/Salvador-Dali-Romeo-e-Giulietta.jpg","type":"image\/jpeg"}],"schema":{"@context":"https:\/\/schema.org","@graph":[{"@type":"WebPage","@id":"https:\/\/egidimadeinitaly.com\/fr\/negozio\/art-moderne\/oeuvres-modernes-sur-papiers\/salvador-dali-lithographie\/","url":"https:\/\/egidimadeinitaly.com\/fr\/negozio\/art-moderne\/oeuvres-modernes-sur-papiers\/salvador-dali-lithographie\/","name":"Salvador Dali lithographie - Egidi MadeinItaly","isPartOf":{"@id":"https:\/\/egidimadeinitaly.com\/fr\/#website"},"primaryImageOfPage":{"@id":"https:\/\/egidimadeinitaly.com\/fr\/negozio\/art-moderne\/oeuvres-modernes-sur-papiers\/salvador-dali-lithographie\/#primaryimage"},"image":{"@id":"https:\/\/egidimadeinitaly.com\/fr\/negozio\/art-moderne\/oeuvres-modernes-sur-papiers\/salvador-dali-lithographie\/#primaryimage"},"thumbnailUrl":"https:\/\/egidimadeinitaly.com\/v25\/wp-content\/uploads\/2025\/08\/Salvador-Dali-Romeo-e-Giulietta.jpg","datePublished":"2025-08-02T16:15:36+00:00","dateModified":"2025-08-02T16:28:43+00:00","description":"Salvador Dali Rom\u00e9o et Juliette, Acte I, Sc\u00e8ne I d'une \u00e9dition de la trag\u00e9die de W. Shakespeare magistralement illustr\u00e9e en 1975 par Salvador Dali.","breadcrumb":{"@id":"https:\/\/egidimadeinitaly.com\/fr\/negozio\/art-moderne\/oeuvres-modernes-sur-papiers\/salvador-dali-lithographie\/#breadcrumb"},"inLanguage":"fr-FR","potentialAction":[{"@type":"ReadAction","target":["https:\/\/egidimadeinitaly.com\/fr\/negozio\/art-moderne\/oeuvres-modernes-sur-papiers\/salvador-dali-lithographie\/"]}]},{"@type":"ImageObject","inLanguage":"fr-FR","@id":"https:\/\/egidimadeinitaly.com\/fr\/negozio\/art-moderne\/oeuvres-modernes-sur-papiers\/salvador-dali-lithographie\/#primaryimage","url":"https:\/\/egidimadeinitaly.com\/v25\/wp-content\/uploads\/2025\/08\/Salvador-Dali-Romeo-e-Giulietta.jpg","contentUrl":"https:\/\/egidimadeinitaly.com\/v25\/wp-content\/uploads\/2025\/08\/Salvador-Dali-Romeo-e-Giulietta.jpg","width":1984,"height":1984,"caption":"Romeo e Giulietta litografia"},{"@type":"BreadcrumbList","@id":"https:\/\/egidimadeinitaly.com\/fr\/negozio\/art-moderne\/oeuvres-modernes-sur-papiers\/salvador-dali-lithographie\/#breadcrumb","itemListElement":[{"@type":"ListItem","position":1,"name":"Home","item":"https:\/\/egidimadeinitaly.com\/fr\/"},{"@type":"ListItem","position":2,"name":"Produits","item":"https:\/\/egidimadeinitaly.com\/fr\/shop\/"},{"@type":"ListItem","position":3,"name":"Art moderne","item":"https:\/\/egidimadeinitaly.com\/fr\/product-category\/art-moderne\/"},{"@type":"ListItem","position":4,"name":"\u0152uvres modernes sur papiers","item":"https:\/\/egidimadeinitaly.com\/fr\/product-category\/art-moderne\/oeuvres-modernes-sur-papiers\/"},{"@type":"ListItem","position":5,"name":"Salvador Dali lithographie"}]},{"@type":"WebSite","@id":"https:\/\/egidimadeinitaly.com\/fr\/#website","url":"https:\/\/egidimadeinitaly.com\/fr\/","name":"Egidi MadeinItaly","description":"Fine Art","potentialAction":[{"@type":"SearchAction","target":{"@type":"EntryPoint","urlTemplate":"https:\/\/egidimadeinitaly.com\/fr\/?s={search_term_string}"},"query-input":{"@type":"PropertyValueSpecification","valueRequired":true,"valueName":"search_term_string"}}],"inLanguage":"fr-FR"}]}},"_links":{"self":[{"href":"https:\/\/egidimadeinitaly.com\/fr\/wp-json\/wp\/v2\/product\/124512","targetHints":{"allow":["GET"]}}],"collection":[{"href":"https:\/\/egidimadeinitaly.com\/fr\/wp-json\/wp\/v2\/product"}],"about":[{"href":"https:\/\/egidimadeinitaly.com\/fr\/wp-json\/wp\/v2\/types\/product"}],"wp:featuredmedia":[{"embeddable":true,"href":"https:\/\/egidimadeinitaly.com\/fr\/wp-json\/wp\/v2\/media\/124504"}],"wp:attachment":[{"href":"https:\/\/egidimadeinitaly.com\/fr\/wp-json\/wp\/v2\/media?parent=124512"}],"wp:term":[{"taxonomy":"product_brand","embeddable":true,"href":"https:\/\/egidimadeinitaly.com\/fr\/wp-json\/wp\/v2\/product_brand?post=124512"},{"taxonomy":"product_cat","embeddable":true,"href":"https:\/\/egidimadeinitaly.com\/fr\/wp-json\/wp\/v2\/product_cat?post=124512"},{"taxonomy":"product_tag","embeddable":true,"href":"https:\/\/egidimadeinitaly.com\/fr\/wp-json\/wp\/v2\/product_tag?post=124512"}],"curies":[{"name":"wp","href":"https:\/\/api.w.org\/{rel}","templated":true}]}}