{"id":123490,"date":"2025-05-09T16:31:23","date_gmt":"2025-05-09T15:31:23","guid":{"rendered":"https:\/\/egidimadeinitaly.com\/?post_type=product&#038;p=123490"},"modified":"2025-07-10T17:16:29","modified_gmt":"2025-07-10T16:16:29","slug":"filiberto-petiti-oeuvre","status":"publish","type":"product","link":"https:\/\/egidimadeinitaly.com\/fr\/negozio\/art-ancien\/tableaux-anciens-fr\/filiberto-petiti-oeuvre\/","title":{"rendered":"Filiberto Petiti \u0153uvre"},"content":{"rendered":"<p>Notre peinture lumineuse et agr\u00e9able est accompagn\u00e9e d&rsquo;un magnifique cadre contemporain en bois dor\u00e9.<\/p>\n","protected":false},"excerpt":{"rendered":"<p>Une ravissante peinture du grand artiste turinois, mais de l&rsquo;\u00e9cole romaine, <strong>Filiberto Petiti<\/strong> (Turin, 1845 &#8211; Rome, 1924).<br \/>\nCette charmante \u0153uvre est une huile sur panneau repr\u00e9sentant <em>une vue de la campagne romaine<\/em> avec un rare sens de l&rsquo;harmonie.<br \/>\nSign\u00e9e en bas \u00e0 droite \u00ab F. Petiti Roma \u00bb.<\/p>\n","protected":false},"featured_media":123484,"template":"","meta":{"_acf_changed":false},"product_brand":[],"product_cat":[6374,6408],"product_tag":[6559],"class_list":{"0":"post-123490","1":"product","2":"type-product","3":"status-publish","4":"has-post-thumbnail","6":"product_cat-art-ancien","7":"product_cat-tableaux-anciens-fr","8":"product_tag-verisme","10":"first","11":"instock","12":"taxable","13":"shipping-taxable","14":"product-type-simple"},"acf":[],"yoast_head":"<!-- This site is optimized with the Yoast SEO Premium plugin v27.3 (Yoast SEO v27.4) - https:\/\/yoast.com\/product\/yoast-seo-premium-wordpress\/ -->\n<title>Filiberto Petiti \u0153uvre - Egidi MadeinItaly<\/title>\n<meta name=\"description\" content=\"Charmante huile sur panneau de l&#039;artiste Filiberto Petiti repr\u00e9sentant une vue de la campagne romaine \u0153uvre sign\u00e9e et dat\u00e9e disponible sur Egidi MadeinItaly\" \/>\n<meta name=\"robots\" content=\"index, follow, max-snippet:-1, max-image-preview:large, max-video-preview:-1\" \/>\n<link rel=\"canonical\" href=\"https:\/\/egidimadeinitaly.com\/fr\/produit\/art-ancien\/tableaux-anciens-fr\/filiberto-petiti-oeuvre\/\" \/>\n<meta property=\"og:locale\" content=\"fr_FR\" \/>\n<meta property=\"og:type\" content=\"article\" \/>\n<meta property=\"og:title\" content=\"Filiberto Petiti \u0153uvre\" \/>\n<meta property=\"og:description\" content=\"Une ravissante peinture du grand artiste turinois, mais de l&#039;\u00e9cole romaine, Filiberto Petiti (Turin, 1845 - Rome, 1924). Cette charmante \u0153uvre est une huile sur panneau repr\u00e9sentant une vue de la campagne romaine avec un rare sens de l&#039;harmonie. Sign\u00e9e en bas \u00e0 droite \u00ab F. Petiti Roma \u00bb.\" \/>\n<meta property=\"og:url\" content=\"https:\/\/egidimadeinitaly.com\/fr\/produit\/art-ancien\/tableaux-anciens-fr\/filiberto-petiti-oeuvre\/\" \/>\n<meta property=\"og:site_name\" content=\"Egidi MadeinItaly\" \/>\n<meta property=\"article:publisher\" content=\"https:\/\/www.facebook.com\/egidimadeinitaly\/\" \/>\n<meta property=\"article:modified_time\" content=\"2025-07-10T16:16:29+00:00\" \/>\n<meta property=\"og:image\" content=\"https:\/\/egidimadeinitaly.com\/v25\/wp-content\/uploads\/2025\/05\/IMG_1821-2-scaled.jpeg\" \/>\n\t<meta property=\"og:image:width\" content=\"2560\" \/>\n\t<meta property=\"og:image:height\" content=\"2560\" \/>\n\t<meta property=\"og:image:type\" content=\"image\/jpeg\" \/>\n<script type=\"application\/ld+json\" class=\"yoast-schema-graph\">{\"@context\":\"https:\\\/\\\/schema.org\",\"@graph\":[{\"@type\":\"WebPage\",\"@id\":\"https:\\\/\\\/egidimadeinitaly.com\\\/fr\\\/negozio\\\/art-ancien\\\/tableaux-anciens-fr\\\/filiberto-petiti-oeuvre\\\/\",\"url\":\"https:\\\/\\\/egidimadeinitaly.com\\\/fr\\\/produit\\\/art-ancien\\\/tableaux-anciens-fr\\\/filiberto-petiti-oeuvre\\\/\",\"name\":\"Filiberto Petiti \u0153uvre - Egidi MadeinItaly\",\"isPartOf\":{\"@id\":\"https:\\\/\\\/egidimadeinitaly.com\\\/fr\\\/#website\"},\"primaryImageOfPage\":{\"@id\":\"https:\\\/\\\/egidimadeinitaly.com\\\/fr\\\/produit\\\/art-ancien\\\/tableaux-anciens-fr\\\/filiberto-petiti-oeuvre\\\/#primaryimage\"},\"image\":{\"@id\":\"https:\\\/\\\/egidimadeinitaly.com\\\/fr\\\/produit\\\/art-ancien\\\/tableaux-anciens-fr\\\/filiberto-petiti-oeuvre\\\/#primaryimage\"},\"thumbnailUrl\":\"https:\\\/\\\/egidimadeinitaly.com\\\/v25\\\/wp-content\\\/uploads\\\/2025\\\/05\\\/IMG_1821-2-scaled.jpeg\",\"datePublished\":\"2025-05-09T15:31:23+00:00\",\"dateModified\":\"2025-07-10T16:16:29+00:00\",\"description\":\"Charmante huile sur panneau de l'artiste Filiberto Petiti repr\u00e9sentant une vue de la campagne romaine \u0153uvre sign\u00e9e et dat\u00e9e disponible sur Egidi MadeinItaly\",\"breadcrumb\":{\"@id\":\"https:\\\/\\\/egidimadeinitaly.com\\\/fr\\\/produit\\\/art-ancien\\\/tableaux-anciens-fr\\\/filiberto-petiti-oeuvre\\\/#breadcrumb\"},\"inLanguage\":\"fr-FR\",\"potentialAction\":[{\"@type\":\"ReadAction\",\"target\":[\"https:\\\/\\\/egidimadeinitaly.com\\\/fr\\\/produit\\\/art-ancien\\\/tableaux-anciens-fr\\\/filiberto-petiti-oeuvre\\\/\"]}]},{\"@type\":\"ImageObject\",\"inLanguage\":\"fr-FR\",\"@id\":\"https:\\\/\\\/egidimadeinitaly.com\\\/fr\\\/produit\\\/art-ancien\\\/tableaux-anciens-fr\\\/filiberto-petiti-oeuvre\\\/#primaryimage\",\"url\":\"https:\\\/\\\/egidimadeinitaly.com\\\/v25\\\/wp-content\\\/uploads\\\/2025\\\/05\\\/IMG_1821-2-scaled.jpeg\",\"contentUrl\":\"https:\\\/\\\/egidimadeinitaly.com\\\/v25\\\/wp-content\\\/uploads\\\/2025\\\/05\\\/IMG_1821-2-scaled.jpeg\",\"width\":2560,\"height\":2560,\"caption\":\"Paesaggio della campagna romana\"},{\"@type\":\"BreadcrumbList\",\"@id\":\"https:\\\/\\\/egidimadeinitaly.com\\\/fr\\\/produit\\\/art-ancien\\\/tableaux-anciens-fr\\\/filiberto-petiti-oeuvre\\\/#breadcrumb\",\"itemListElement\":[{\"@type\":\"ListItem\",\"position\":1,\"name\":\"Home\",\"item\":\"https:\\\/\\\/egidimadeinitaly.com\\\/fr\\\/\"},{\"@type\":\"ListItem\",\"position\":2,\"name\":\"Produits\",\"item\":\"https:\\\/\\\/egidimadeinitaly.com\\\/fr\\\/shop\\\/\"},{\"@type\":\"ListItem\",\"position\":3,\"name\":\"Art ancien\",\"item\":\"https:\\\/\\\/egidimadeinitaly.com\\\/fr\\\/product-category\\\/art-ancien\\\/\"},{\"@type\":\"ListItem\",\"position\":4,\"name\":\"Tableaux anciens\",\"item\":\"https:\\\/\\\/egidimadeinitaly.com\\\/fr\\\/product-category\\\/art-ancien\\\/tableaux-anciens-fr\\\/\"},{\"@type\":\"ListItem\",\"position\":5,\"name\":\"Filiberto Petiti \u0153uvre\"}]},{\"@type\":\"WebSite\",\"@id\":\"https:\\\/\\\/egidimadeinitaly.com\\\/fr\\\/#website\",\"url\":\"https:\\\/\\\/egidimadeinitaly.com\\\/fr\\\/\",\"name\":\"Egidi MadeinItaly\",\"description\":\"Fine Art\",\"potentialAction\":[{\"@type\":\"SearchAction\",\"target\":{\"@type\":\"EntryPoint\",\"urlTemplate\":\"https:\\\/\\\/egidimadeinitaly.com\\\/fr\\\/?s={search_term_string}\"},\"query-input\":{\"@type\":\"PropertyValueSpecification\",\"valueRequired\":true,\"valueName\":\"search_term_string\"}}],\"inLanguage\":\"fr-FR\"}]}<\/script>\n<!-- \/ Yoast SEO Premium plugin. -->","yoast_head_json":{"title":"Filiberto Petiti \u0153uvre - Egidi MadeinItaly","description":"Charmante huile sur panneau de l'artiste Filiberto Petiti repr\u00e9sentant une vue de la campagne romaine \u0153uvre sign\u00e9e et dat\u00e9e disponible sur Egidi MadeinItaly","robots":{"index":"index","follow":"follow","max-snippet":"max-snippet:-1","max-image-preview":"max-image-preview:large","max-video-preview":"max-video-preview:-1"},"canonical":"https:\/\/egidimadeinitaly.com\/fr\/produit\/art-ancien\/tableaux-anciens-fr\/filiberto-petiti-oeuvre\/","og_locale":"fr_FR","og_type":"article","og_title":"Filiberto Petiti \u0153uvre","og_description":"Une ravissante peinture du grand artiste turinois, mais de l'\u00e9cole romaine, Filiberto Petiti (Turin, 1845 - Rome, 1924). Cette charmante \u0153uvre est une huile sur panneau repr\u00e9sentant une vue de la campagne romaine avec un rare sens de l'harmonie. Sign\u00e9e en bas \u00e0 droite \u00ab F. Petiti Roma \u00bb.","og_url":"https:\/\/egidimadeinitaly.com\/fr\/produit\/art-ancien\/tableaux-anciens-fr\/filiberto-petiti-oeuvre\/","og_site_name":"Egidi MadeinItaly","article_publisher":"https:\/\/www.facebook.com\/egidimadeinitaly\/","article_modified_time":"2025-07-10T16:16:29+00:00","og_image":[{"width":2560,"height":2560,"url":"https:\/\/egidimadeinitaly.com\/v25\/wp-content\/uploads\/2025\/05\/IMG_1821-2-scaled.jpeg","type":"image\/jpeg"}],"schema":{"@context":"https:\/\/schema.org","@graph":[{"@type":"WebPage","@id":"https:\/\/egidimadeinitaly.com\/fr\/negozio\/art-ancien\/tableaux-anciens-fr\/filiberto-petiti-oeuvre\/","url":"https:\/\/egidimadeinitaly.com\/fr\/produit\/art-ancien\/tableaux-anciens-fr\/filiberto-petiti-oeuvre\/","name":"Filiberto Petiti \u0153uvre - Egidi MadeinItaly","isPartOf":{"@id":"https:\/\/egidimadeinitaly.com\/fr\/#website"},"primaryImageOfPage":{"@id":"https:\/\/egidimadeinitaly.com\/fr\/produit\/art-ancien\/tableaux-anciens-fr\/filiberto-petiti-oeuvre\/#primaryimage"},"image":{"@id":"https:\/\/egidimadeinitaly.com\/fr\/produit\/art-ancien\/tableaux-anciens-fr\/filiberto-petiti-oeuvre\/#primaryimage"},"thumbnailUrl":"https:\/\/egidimadeinitaly.com\/v25\/wp-content\/uploads\/2025\/05\/IMG_1821-2-scaled.jpeg","datePublished":"2025-05-09T15:31:23+00:00","dateModified":"2025-07-10T16:16:29+00:00","description":"Charmante huile sur panneau de l'artiste Filiberto Petiti repr\u00e9sentant une vue de la campagne romaine \u0153uvre sign\u00e9e et dat\u00e9e disponible sur Egidi MadeinItaly","breadcrumb":{"@id":"https:\/\/egidimadeinitaly.com\/fr\/produit\/art-ancien\/tableaux-anciens-fr\/filiberto-petiti-oeuvre\/#breadcrumb"},"inLanguage":"fr-FR","potentialAction":[{"@type":"ReadAction","target":["https:\/\/egidimadeinitaly.com\/fr\/produit\/art-ancien\/tableaux-anciens-fr\/filiberto-petiti-oeuvre\/"]}]},{"@type":"ImageObject","inLanguage":"fr-FR","@id":"https:\/\/egidimadeinitaly.com\/fr\/produit\/art-ancien\/tableaux-anciens-fr\/filiberto-petiti-oeuvre\/#primaryimage","url":"https:\/\/egidimadeinitaly.com\/v25\/wp-content\/uploads\/2025\/05\/IMG_1821-2-scaled.jpeg","contentUrl":"https:\/\/egidimadeinitaly.com\/v25\/wp-content\/uploads\/2025\/05\/IMG_1821-2-scaled.jpeg","width":2560,"height":2560,"caption":"Paesaggio della campagna romana"},{"@type":"BreadcrumbList","@id":"https:\/\/egidimadeinitaly.com\/fr\/produit\/art-ancien\/tableaux-anciens-fr\/filiberto-petiti-oeuvre\/#breadcrumb","itemListElement":[{"@type":"ListItem","position":1,"name":"Home","item":"https:\/\/egidimadeinitaly.com\/fr\/"},{"@type":"ListItem","position":2,"name":"Produits","item":"https:\/\/egidimadeinitaly.com\/fr\/shop\/"},{"@type":"ListItem","position":3,"name":"Art ancien","item":"https:\/\/egidimadeinitaly.com\/fr\/product-category\/art-ancien\/"},{"@type":"ListItem","position":4,"name":"Tableaux anciens","item":"https:\/\/egidimadeinitaly.com\/fr\/product-category\/art-ancien\/tableaux-anciens-fr\/"},{"@type":"ListItem","position":5,"name":"Filiberto Petiti \u0153uvre"}]},{"@type":"WebSite","@id":"https:\/\/egidimadeinitaly.com\/fr\/#website","url":"https:\/\/egidimadeinitaly.com\/fr\/","name":"Egidi MadeinItaly","description":"Fine Art","potentialAction":[{"@type":"SearchAction","target":{"@type":"EntryPoint","urlTemplate":"https:\/\/egidimadeinitaly.com\/fr\/?s={search_term_string}"},"query-input":{"@type":"PropertyValueSpecification","valueRequired":true,"valueName":"search_term_string"}}],"inLanguage":"fr-FR"}]}},"_links":{"self":[{"href":"https:\/\/egidimadeinitaly.com\/fr\/wp-json\/wp\/v2\/product\/123490","targetHints":{"allow":["GET"]}}],"collection":[{"href":"https:\/\/egidimadeinitaly.com\/fr\/wp-json\/wp\/v2\/product"}],"about":[{"href":"https:\/\/egidimadeinitaly.com\/fr\/wp-json\/wp\/v2\/types\/product"}],"wp:featuredmedia":[{"embeddable":true,"href":"https:\/\/egidimadeinitaly.com\/fr\/wp-json\/wp\/v2\/media\/123484"}],"wp:attachment":[{"href":"https:\/\/egidimadeinitaly.com\/fr\/wp-json\/wp\/v2\/media?parent=123490"}],"wp:term":[{"taxonomy":"product_brand","embeddable":true,"href":"https:\/\/egidimadeinitaly.com\/fr\/wp-json\/wp\/v2\/product_brand?post=123490"},{"taxonomy":"product_cat","embeddable":true,"href":"https:\/\/egidimadeinitaly.com\/fr\/wp-json\/wp\/v2\/product_cat?post=123490"},{"taxonomy":"product_tag","embeddable":true,"href":"https:\/\/egidimadeinitaly.com\/fr\/wp-json\/wp\/v2\/product_tag?post=123490"}],"curies":[{"name":"wp","href":"https:\/\/api.w.org\/{rel}","templated":true}]}}