{"id":123261,"date":"2025-04-15T12:22:22","date_gmt":"2025-04-15T11:22:22","guid":{"rendered":"https:\/\/egidimadeinitaly.com\/?post_type=product&#038;p=123261"},"modified":"2025-04-15T16:06:48","modified_gmt":"2025-04-15T15:06:48","slug":"philips-wouwerman-peinture","status":"publish","type":"product","link":"https:\/\/egidimadeinitaly.com\/fr\/negozio\/art-ancien\/tableaux-anciens-fr\/philips-wouwerman-peinture\/","title":{"rendered":"Philips Wouwerman peinture"},"content":{"rendered":"<p>Peinture de Philips Wouwerman repr\u00e9sentant un groupe des chevaliers prenant un rafra\u00eechissement dans un camp militaire.<\/p>\n<p>Il s&rsquo;agit d&rsquo;une peinture de Philips Wouwerman repr\u00e9sentant des chevaliers au bivouac.<\/p>\n<p>Philips Wouwerman \u00e9tait l&rsquo;un des artistes les plus polyvalents et les plus prolifiques du Si\u00e8cle d&rsquo;or n\u00e9erlandais. Il \u00e9tait un repr\u00e9sentant du baroque n\u00e9erlandais influenc\u00e9, comme une grande partie de la production nord-europ\u00e9enne, par les images de paysans, de soldats et de brigands de Pieter van Laer.<\/p>\n<p>Il est surtout connu pour son habilet\u00e9 \u00e0 repr\u00e9senter des chevaux de toutes races en mouvement. Les chefs-d&rsquo;\u0153uvre de sa meilleure p\u00e9riode (vers 1650-60) sont d&rsquo;une qualit\u00e9 incontestable et allient magnifiquement des paysages typiquement hollandais \u00e0 des d\u00e9cors imaginaires.<\/p>\n<p>Les tableaux de Wouwerman se caract\u00e9risent par des couleurs douces, une atmosph\u00e8re fra\u00eeche et une multitude de d\u00e9tails spirituels et anecdotiques.<\/p>\n","protected":false},"excerpt":{"rendered":"<p>Il s&rsquo;agit d&rsquo;une importante huile sur panneau attribu\u00e9e au grand artiste n\u00e9erlandais <strong>Philips Wouwerman<\/strong> (\u00e9galement Wouwermans) (Haarlem, 1619 &#8211; 1668), connu pour ses peintures de chasse, de paysages, de sc\u00e8nes militaires et de batailles. Cadre en bois.<\/p>\n","protected":false},"featured_media":123237,"template":"","meta":{"_acf_changed":false},"product_brand":[],"product_cat":[6374,6408],"product_tag":[],"class_list":{"0":"post-123261","1":"product","2":"type-product","3":"status-publish","4":"has-post-thumbnail","6":"product_cat-art-ancien","7":"product_cat-tableaux-anciens-fr","9":"first","10":"instock","11":"taxable","12":"shipping-taxable","13":"product-type-simple"},"acf":[],"yoast_head":"<!-- This site is optimized with the Yoast SEO Premium plugin v27.3 (Yoast SEO v27.4) - https:\/\/yoast.com\/product\/yoast-seo-premium-wordpress\/ -->\n<title>Philips Wouwerman peinture - Egidi MadeinItaly<\/title>\n<meta name=\"description\" content=\"Oeuvre de Philips Wouwerman l&#039;un des artistes les plus polyvalents et les plus prolifiques du Si\u00e8cle d&#039;or n\u00e9erlandais en vente sur Egidi MadeinItaly\" \/>\n<meta name=\"robots\" content=\"index, follow, max-snippet:-1, max-image-preview:large, max-video-preview:-1\" \/>\n<link rel=\"canonical\" href=\"https:\/\/egidimadeinitaly.com\/fr\/produit\/art-ancien\/tableaux-anciens-fr\/philips-wouwerman-peinture\/\" \/>\n<meta property=\"og:locale\" content=\"fr_FR\" \/>\n<meta property=\"og:type\" content=\"article\" \/>\n<meta property=\"og:title\" content=\"Philips Wouwerman peinture\" \/>\n<meta property=\"og:description\" content=\"Il s&#039;agit d&#039;une importante huile sur panneau attribu\u00e9e au grand artiste n\u00e9erlandais Philips Wouwerman (\u00e9galement Wouwermans) (Haarlem, 1619 - 1668), connu pour ses peintures de chasse, de paysages, de sc\u00e8nes militaires et de batailles. Cadre en bois.\" \/>\n<meta property=\"og:url\" content=\"https:\/\/egidimadeinitaly.com\/fr\/produit\/art-ancien\/tableaux-anciens-fr\/philips-wouwerman-peinture\/\" \/>\n<meta property=\"og:site_name\" content=\"Egidi MadeinItaly\" \/>\n<meta property=\"article:publisher\" content=\"https:\/\/www.facebook.com\/egidimadeinitaly\/\" \/>\n<meta property=\"article:modified_time\" content=\"2025-04-15T15:06:48+00:00\" \/>\n<meta property=\"og:image\" content=\"https:\/\/egidimadeinitaly.com\/v25\/wp-content\/uploads\/2025\/04\/Wouwerman-Philips-Egidi-madeinItaly-27-172-scaled.jpg\" \/>\n\t<meta property=\"og:image:width\" content=\"2560\" \/>\n\t<meta property=\"og:image:height\" content=\"2560\" \/>\n\t<meta property=\"og:image:type\" content=\"image\/jpeg\" \/>\n<script type=\"application\/ld+json\" class=\"yoast-schema-graph\">{\"@context\":\"https:\\\/\\\/schema.org\",\"@graph\":[{\"@type\":\"WebPage\",\"@id\":\"https:\\\/\\\/egidimadeinitaly.com\\\/fr\\\/negozio\\\/art-ancien\\\/tableaux-anciens-fr\\\/philips-wouwerman-peinture\\\/\",\"url\":\"https:\\\/\\\/egidimadeinitaly.com\\\/fr\\\/produit\\\/art-ancien\\\/tableaux-anciens-fr\\\/philips-wouwerman-peinture\\\/\",\"name\":\"Philips Wouwerman peinture - Egidi MadeinItaly\",\"isPartOf\":{\"@id\":\"https:\\\/\\\/egidimadeinitaly.com\\\/fr\\\/#website\"},\"primaryImageOfPage\":{\"@id\":\"https:\\\/\\\/egidimadeinitaly.com\\\/fr\\\/produit\\\/art-ancien\\\/tableaux-anciens-fr\\\/philips-wouwerman-peinture\\\/#primaryimage\"},\"image\":{\"@id\":\"https:\\\/\\\/egidimadeinitaly.com\\\/fr\\\/produit\\\/art-ancien\\\/tableaux-anciens-fr\\\/philips-wouwerman-peinture\\\/#primaryimage\"},\"thumbnailUrl\":\"https:\\\/\\\/egidimadeinitaly.com\\\/v25\\\/wp-content\\\/uploads\\\/2025\\\/04\\\/Wouwerman-Philips-Egidi-madeinItaly-27-172-scaled.jpg\",\"datePublished\":\"2025-04-15T11:22:22+00:00\",\"dateModified\":\"2025-04-15T15:06:48+00:00\",\"description\":\"Oeuvre de Philips Wouwerman l'un des artistes les plus polyvalents et les plus prolifiques du Si\u00e8cle d'or n\u00e9erlandais en vente sur Egidi MadeinItaly\",\"breadcrumb\":{\"@id\":\"https:\\\/\\\/egidimadeinitaly.com\\\/fr\\\/produit\\\/art-ancien\\\/tableaux-anciens-fr\\\/philips-wouwerman-peinture\\\/#breadcrumb\"},\"inLanguage\":\"fr-FR\",\"potentialAction\":[{\"@type\":\"ReadAction\",\"target\":[\"https:\\\/\\\/egidimadeinitaly.com\\\/fr\\\/produit\\\/art-ancien\\\/tableaux-anciens-fr\\\/philips-wouwerman-peinture\\\/\"]}]},{\"@type\":\"ImageObject\",\"inLanguage\":\"fr-FR\",\"@id\":\"https:\\\/\\\/egidimadeinitaly.com\\\/fr\\\/produit\\\/art-ancien\\\/tableaux-anciens-fr\\\/philips-wouwerman-peinture\\\/#primaryimage\",\"url\":\"https:\\\/\\\/egidimadeinitaly.com\\\/v25\\\/wp-content\\\/uploads\\\/2025\\\/04\\\/Wouwerman-Philips-Egidi-madeinItaly-27-172-scaled.jpg\",\"contentUrl\":\"https:\\\/\\\/egidimadeinitaly.com\\\/v25\\\/wp-content\\\/uploads\\\/2025\\\/04\\\/Wouwerman-Philips-Egidi-madeinItaly-27-172-scaled.jpg\",\"width\":2560,\"height\":2560,\"caption\":\"Chevaliers au bivouac\"},{\"@type\":\"BreadcrumbList\",\"@id\":\"https:\\\/\\\/egidimadeinitaly.com\\\/fr\\\/produit\\\/art-ancien\\\/tableaux-anciens-fr\\\/philips-wouwerman-peinture\\\/#breadcrumb\",\"itemListElement\":[{\"@type\":\"ListItem\",\"position\":1,\"name\":\"Home\",\"item\":\"https:\\\/\\\/egidimadeinitaly.com\\\/fr\\\/\"},{\"@type\":\"ListItem\",\"position\":2,\"name\":\"Produits\",\"item\":\"https:\\\/\\\/egidimadeinitaly.com\\\/fr\\\/shop\\\/\"},{\"@type\":\"ListItem\",\"position\":3,\"name\":\"Art ancien\",\"item\":\"https:\\\/\\\/egidimadeinitaly.com\\\/fr\\\/product-category\\\/art-ancien\\\/\"},{\"@type\":\"ListItem\",\"position\":4,\"name\":\"Tableaux anciens\",\"item\":\"https:\\\/\\\/egidimadeinitaly.com\\\/fr\\\/product-category\\\/art-ancien\\\/tableaux-anciens-fr\\\/\"},{\"@type\":\"ListItem\",\"position\":5,\"name\":\"Philips Wouwerman peinture\"}]},{\"@type\":\"WebSite\",\"@id\":\"https:\\\/\\\/egidimadeinitaly.com\\\/fr\\\/#website\",\"url\":\"https:\\\/\\\/egidimadeinitaly.com\\\/fr\\\/\",\"name\":\"Egidi MadeinItaly\",\"description\":\"Fine Art\",\"potentialAction\":[{\"@type\":\"SearchAction\",\"target\":{\"@type\":\"EntryPoint\",\"urlTemplate\":\"https:\\\/\\\/egidimadeinitaly.com\\\/fr\\\/?s={search_term_string}\"},\"query-input\":{\"@type\":\"PropertyValueSpecification\",\"valueRequired\":true,\"valueName\":\"search_term_string\"}}],\"inLanguage\":\"fr-FR\"}]}<\/script>\n<!-- \/ Yoast SEO Premium plugin. -->","yoast_head_json":{"title":"Philips Wouwerman peinture - Egidi MadeinItaly","description":"Oeuvre de Philips Wouwerman l'un des artistes les plus polyvalents et les plus prolifiques du Si\u00e8cle d'or n\u00e9erlandais en vente sur Egidi MadeinItaly","robots":{"index":"index","follow":"follow","max-snippet":"max-snippet:-1","max-image-preview":"max-image-preview:large","max-video-preview":"max-video-preview:-1"},"canonical":"https:\/\/egidimadeinitaly.com\/fr\/produit\/art-ancien\/tableaux-anciens-fr\/philips-wouwerman-peinture\/","og_locale":"fr_FR","og_type":"article","og_title":"Philips Wouwerman peinture","og_description":"Il s'agit d'une importante huile sur panneau attribu\u00e9e au grand artiste n\u00e9erlandais Philips Wouwerman (\u00e9galement Wouwermans) (Haarlem, 1619 - 1668), connu pour ses peintures de chasse, de paysages, de sc\u00e8nes militaires et de batailles. Cadre en bois.","og_url":"https:\/\/egidimadeinitaly.com\/fr\/produit\/art-ancien\/tableaux-anciens-fr\/philips-wouwerman-peinture\/","og_site_name":"Egidi MadeinItaly","article_publisher":"https:\/\/www.facebook.com\/egidimadeinitaly\/","article_modified_time":"2025-04-15T15:06:48+00:00","og_image":[{"width":2560,"height":2560,"url":"https:\/\/egidimadeinitaly.com\/v25\/wp-content\/uploads\/2025\/04\/Wouwerman-Philips-Egidi-madeinItaly-27-172-scaled.jpg","type":"image\/jpeg"}],"schema":{"@context":"https:\/\/schema.org","@graph":[{"@type":"WebPage","@id":"https:\/\/egidimadeinitaly.com\/fr\/negozio\/art-ancien\/tableaux-anciens-fr\/philips-wouwerman-peinture\/","url":"https:\/\/egidimadeinitaly.com\/fr\/produit\/art-ancien\/tableaux-anciens-fr\/philips-wouwerman-peinture\/","name":"Philips Wouwerman peinture - Egidi MadeinItaly","isPartOf":{"@id":"https:\/\/egidimadeinitaly.com\/fr\/#website"},"primaryImageOfPage":{"@id":"https:\/\/egidimadeinitaly.com\/fr\/produit\/art-ancien\/tableaux-anciens-fr\/philips-wouwerman-peinture\/#primaryimage"},"image":{"@id":"https:\/\/egidimadeinitaly.com\/fr\/produit\/art-ancien\/tableaux-anciens-fr\/philips-wouwerman-peinture\/#primaryimage"},"thumbnailUrl":"https:\/\/egidimadeinitaly.com\/v25\/wp-content\/uploads\/2025\/04\/Wouwerman-Philips-Egidi-madeinItaly-27-172-scaled.jpg","datePublished":"2025-04-15T11:22:22+00:00","dateModified":"2025-04-15T15:06:48+00:00","description":"Oeuvre de Philips Wouwerman l'un des artistes les plus polyvalents et les plus prolifiques du Si\u00e8cle d'or n\u00e9erlandais en vente sur Egidi MadeinItaly","breadcrumb":{"@id":"https:\/\/egidimadeinitaly.com\/fr\/produit\/art-ancien\/tableaux-anciens-fr\/philips-wouwerman-peinture\/#breadcrumb"},"inLanguage":"fr-FR","potentialAction":[{"@type":"ReadAction","target":["https:\/\/egidimadeinitaly.com\/fr\/produit\/art-ancien\/tableaux-anciens-fr\/philips-wouwerman-peinture\/"]}]},{"@type":"ImageObject","inLanguage":"fr-FR","@id":"https:\/\/egidimadeinitaly.com\/fr\/produit\/art-ancien\/tableaux-anciens-fr\/philips-wouwerman-peinture\/#primaryimage","url":"https:\/\/egidimadeinitaly.com\/v25\/wp-content\/uploads\/2025\/04\/Wouwerman-Philips-Egidi-madeinItaly-27-172-scaled.jpg","contentUrl":"https:\/\/egidimadeinitaly.com\/v25\/wp-content\/uploads\/2025\/04\/Wouwerman-Philips-Egidi-madeinItaly-27-172-scaled.jpg","width":2560,"height":2560,"caption":"Chevaliers au bivouac"},{"@type":"BreadcrumbList","@id":"https:\/\/egidimadeinitaly.com\/fr\/produit\/art-ancien\/tableaux-anciens-fr\/philips-wouwerman-peinture\/#breadcrumb","itemListElement":[{"@type":"ListItem","position":1,"name":"Home","item":"https:\/\/egidimadeinitaly.com\/fr\/"},{"@type":"ListItem","position":2,"name":"Produits","item":"https:\/\/egidimadeinitaly.com\/fr\/shop\/"},{"@type":"ListItem","position":3,"name":"Art ancien","item":"https:\/\/egidimadeinitaly.com\/fr\/product-category\/art-ancien\/"},{"@type":"ListItem","position":4,"name":"Tableaux anciens","item":"https:\/\/egidimadeinitaly.com\/fr\/product-category\/art-ancien\/tableaux-anciens-fr\/"},{"@type":"ListItem","position":5,"name":"Philips Wouwerman peinture"}]},{"@type":"WebSite","@id":"https:\/\/egidimadeinitaly.com\/fr\/#website","url":"https:\/\/egidimadeinitaly.com\/fr\/","name":"Egidi MadeinItaly","description":"Fine Art","potentialAction":[{"@type":"SearchAction","target":{"@type":"EntryPoint","urlTemplate":"https:\/\/egidimadeinitaly.com\/fr\/?s={search_term_string}"},"query-input":{"@type":"PropertyValueSpecification","valueRequired":true,"valueName":"search_term_string"}}],"inLanguage":"fr-FR"}]}},"_links":{"self":[{"href":"https:\/\/egidimadeinitaly.com\/fr\/wp-json\/wp\/v2\/product\/123261","targetHints":{"allow":["GET"]}}],"collection":[{"href":"https:\/\/egidimadeinitaly.com\/fr\/wp-json\/wp\/v2\/product"}],"about":[{"href":"https:\/\/egidimadeinitaly.com\/fr\/wp-json\/wp\/v2\/types\/product"}],"wp:featuredmedia":[{"embeddable":true,"href":"https:\/\/egidimadeinitaly.com\/fr\/wp-json\/wp\/v2\/media\/123237"}],"wp:attachment":[{"href":"https:\/\/egidimadeinitaly.com\/fr\/wp-json\/wp\/v2\/media?parent=123261"}],"wp:term":[{"taxonomy":"product_brand","embeddable":true,"href":"https:\/\/egidimadeinitaly.com\/fr\/wp-json\/wp\/v2\/product_brand?post=123261"},{"taxonomy":"product_cat","embeddable":true,"href":"https:\/\/egidimadeinitaly.com\/fr\/wp-json\/wp\/v2\/product_cat?post=123261"},{"taxonomy":"product_tag","embeddable":true,"href":"https:\/\/egidimadeinitaly.com\/fr\/wp-json\/wp\/v2\/product_tag?post=123261"}],"curies":[{"name":"wp","href":"https:\/\/api.w.org\/{rel}","templated":true}]}}