{"id":122633,"date":"2025-03-25T09:34:05","date_gmt":"2025-03-25T08:34:05","guid":{"rendered":"https:\/\/egidimadeinitaly.com\/?post_type=product&#038;p=122633"},"modified":"2025-04-04T13:11:59","modified_gmt":"2025-04-04T12:11:59","slug":"arman-oeuvre-archivee","status":"publish","type":"product","link":"https:\/\/egidimadeinitaly.com\/fr\/negozio\/art-moderne\/tableaux-modernes-fr\/arman-oeuvre-archivee\/","title":{"rendered":"Arman \u0153uvre archiv\u00e9e"},"content":{"rendered":"<p>Fernandez Arman est n\u00e9 \u00e0 Nice, fils d&rsquo;un antiquaire et d&rsquo;une violoncelliste, l&rsquo;artiste\u00a0 d\u00e9veloppe une affinit\u00e9 avec la musique et l&rsquo;art de collectionner.<\/p>\n<p>Il \u00e9tudie \u00e0 l&rsquo;\u00c9cole nationale des arts d\u00e9coratifs de Nice, puis s&rsquo;installe \u00e0 Paris, o\u00f9 il poursuit ses \u00e9tudes d&rsquo;histoire de l&rsquo;art \u00e0 l&rsquo;\u00c9cole du Louvre.<\/p>\n<p>Il est cofondateur du <strong>groupe du Nouveau R\u00e9alisme<\/strong>, dont les membres s&rsquo;opposent \u00e0 l&rsquo;ossification de l&rsquo;art abstrait et informel et pr\u00f4nent une nouvelle approche de la r\u00e9alit\u00e9, en recherchant une red\u00e9couverte po\u00e9tique de la r\u00e9alit\u00e9 de la vie urbaine et industrielle.<\/p>\n","protected":false},"excerpt":{"rendered":"<p>Trompettes coup\u00e9es et \u00e9mail acrylique noir sur toile. Sign\u00e9 en bas au centre : Arman (Nice, 1928-New York, 2005) . \u0152uvre enregistr\u00e9e dans les Archives des \u0153uvres d&rsquo;Arman par la Galleria Dante Vecchiato, Padoue, sous le n. B1009-0033.<\/p>\n<p>&nbsp;<\/p>\n","protected":false},"featured_media":122623,"template":"","meta":{"_acf_changed":false},"product_brand":[],"product_cat":[6377,6416],"product_tag":[],"class_list":{"0":"post-122633","1":"product","2":"type-product","3":"status-publish","4":"has-post-thumbnail","6":"product_cat-art-moderne","7":"product_cat-tableaux-modernes-fr","9":"first","10":"instock","11":"taxable","12":"shipping-taxable","13":"product-type-simple"},"acf":[],"yoast_head":"<!-- This site is optimized with the Yoast SEO Premium plugin v27.5 (Yoast SEO v27.5) - https:\/\/yoast.com\/product\/yoast-seo-premium-wordpress\/ -->\n<title>Arman \u0153uvre archiv\u00e9e - Egidi MadeinItaly<\/title>\n<meta name=\"description\" content=\"Arman Sans titre \u0153uvre compos\u00e9e coup\u00e9es de trompettes fix\u00e9es sur un support constitu\u00e9 d&#039;une toile coll\u00e9e dat\u00e9e 1998 sur panneau sur Egidi MadeinItaly\" \/>\n<meta name=\"robots\" content=\"index, follow, max-snippet:-1, max-image-preview:large, max-video-preview:-1\" \/>\n<link rel=\"canonical\" href=\"https:\/\/egidimadeinitaly.com\/fr\/produit\/art-moderne\/tableaux-modernes-fr\/arman-oeuvre-archivee\/\" \/>\n<meta property=\"og:locale\" content=\"fr_FR\" \/>\n<meta property=\"og:type\" content=\"article\" \/>\n<meta property=\"og:title\" content=\"Arman \u0153uvre archiv\u00e9e\" \/>\n<meta property=\"og:description\" content=\"Trompettes coup\u00e9es et \u00e9mail acrylique noir sur toile. Sign\u00e9 en bas au centre : Arman (Nice, 1928-New York, 2005) . \u0152uvre enregistr\u00e9e dans les Archives des \u0153uvres d&#039;Arman par la Galleria Dante Vecchiato, Padoue, sous le n. B1009-0033.  &nbsp;\" \/>\n<meta property=\"og:url\" content=\"https:\/\/egidimadeinitaly.com\/fr\/produit\/art-moderne\/tableaux-modernes-fr\/arman-oeuvre-archivee\/\" \/>\n<meta property=\"og:site_name\" content=\"Egidi MadeinItaly\" \/>\n<meta property=\"article:publisher\" content=\"https:\/\/www.facebook.com\/egidimadeinitaly\/\" \/>\n<meta property=\"article:modified_time\" content=\"2025-04-04T12:11:59+00:00\" \/>\n<meta property=\"og:image\" content=\"https:\/\/egidimadeinitaly.com\/v25\/wp-content\/uploads\/2025\/03\/Arman-opera.jpg\" \/>\n\t<meta property=\"og:image:width\" content=\"1984\" \/>\n\t<meta property=\"og:image:height\" content=\"1984\" \/>\n\t<meta property=\"og:image:type\" content=\"image\/jpeg\" \/>\n<script type=\"application\/ld+json\" class=\"yoast-schema-graph\">{\"@context\":\"https:\\\/\\\/schema.org\",\"@graph\":[{\"@type\":\"WebPage\",\"@id\":\"https:\\\/\\\/egidimadeinitaly.com\\\/fr\\\/negozio\\\/art-moderne\\\/tableaux-modernes-fr\\\/arman-oeuvre-archivee\\\/\",\"url\":\"https:\\\/\\\/egidimadeinitaly.com\\\/fr\\\/produit\\\/art-moderne\\\/tableaux-modernes-fr\\\/arman-oeuvre-archivee\\\/\",\"name\":\"Arman \u0153uvre archiv\u00e9e - Egidi MadeinItaly\",\"isPartOf\":{\"@id\":\"https:\\\/\\\/egidimadeinitaly.com\\\/fr\\\/#website\"},\"primaryImageOfPage\":{\"@id\":\"https:\\\/\\\/egidimadeinitaly.com\\\/fr\\\/produit\\\/art-moderne\\\/tableaux-modernes-fr\\\/arman-oeuvre-archivee\\\/#primaryimage\"},\"image\":{\"@id\":\"https:\\\/\\\/egidimadeinitaly.com\\\/fr\\\/produit\\\/art-moderne\\\/tableaux-modernes-fr\\\/arman-oeuvre-archivee\\\/#primaryimage\"},\"thumbnailUrl\":\"https:\\\/\\\/egidimadeinitaly.com\\\/v25\\\/wp-content\\\/uploads\\\/2025\\\/03\\\/Arman-opera.jpg\",\"datePublished\":\"2025-03-25T08:34:05+00:00\",\"dateModified\":\"2025-04-04T12:11:59+00:00\",\"description\":\"Arman Sans titre \u0153uvre compos\u00e9e coup\u00e9es de trompettes fix\u00e9es sur un support constitu\u00e9 d'une toile coll\u00e9e dat\u00e9e 1998 sur panneau sur Egidi MadeinItaly\",\"breadcrumb\":{\"@id\":\"https:\\\/\\\/egidimadeinitaly.com\\\/fr\\\/produit\\\/art-moderne\\\/tableaux-modernes-fr\\\/arman-oeuvre-archivee\\\/#breadcrumb\"},\"inLanguage\":\"fr-FR\",\"potentialAction\":[{\"@type\":\"ReadAction\",\"target\":[\"https:\\\/\\\/egidimadeinitaly.com\\\/fr\\\/produit\\\/art-moderne\\\/tableaux-modernes-fr\\\/arman-oeuvre-archivee\\\/\"]}]},{\"@type\":\"ImageObject\",\"inLanguage\":\"fr-FR\",\"@id\":\"https:\\\/\\\/egidimadeinitaly.com\\\/fr\\\/produit\\\/art-moderne\\\/tableaux-modernes-fr\\\/arman-oeuvre-archivee\\\/#primaryimage\",\"url\":\"https:\\\/\\\/egidimadeinitaly.com\\\/v25\\\/wp-content\\\/uploads\\\/2025\\\/03\\\/Arman-opera.jpg\",\"contentUrl\":\"https:\\\/\\\/egidimadeinitaly.com\\\/v25\\\/wp-content\\\/uploads\\\/2025\\\/03\\\/Arman-opera.jpg\",\"width\":1984,\"height\":1984,\"caption\":\"Sans Titre, 1998\"},{\"@type\":\"BreadcrumbList\",\"@id\":\"https:\\\/\\\/egidimadeinitaly.com\\\/fr\\\/produit\\\/art-moderne\\\/tableaux-modernes-fr\\\/arman-oeuvre-archivee\\\/#breadcrumb\",\"itemListElement\":[{\"@type\":\"ListItem\",\"position\":1,\"name\":\"Home\",\"item\":\"https:\\\/\\\/egidimadeinitaly.com\\\/fr\\\/\"},{\"@type\":\"ListItem\",\"position\":2,\"name\":\"Produits\",\"item\":\"https:\\\/\\\/egidimadeinitaly.com\\\/fr\\\/shop\\\/\"},{\"@type\":\"ListItem\",\"position\":3,\"name\":\"Art moderne\",\"item\":\"https:\\\/\\\/egidimadeinitaly.com\\\/fr\\\/product-category\\\/art-moderne\\\/\"},{\"@type\":\"ListItem\",\"position\":4,\"name\":\"Tableaux modernes\",\"item\":\"https:\\\/\\\/egidimadeinitaly.com\\\/fr\\\/product-category\\\/art-moderne\\\/tableaux-modernes-fr\\\/\"},{\"@type\":\"ListItem\",\"position\":5,\"name\":\"Arman \u0153uvre archiv\u00e9e\"}]},{\"@type\":\"WebSite\",\"@id\":\"https:\\\/\\\/egidimadeinitaly.com\\\/fr\\\/#website\",\"url\":\"https:\\\/\\\/egidimadeinitaly.com\\\/fr\\\/\",\"name\":\"Egidi MadeinItaly\",\"description\":\"Fine Art\",\"potentialAction\":[{\"@type\":\"SearchAction\",\"target\":{\"@type\":\"EntryPoint\",\"urlTemplate\":\"https:\\\/\\\/egidimadeinitaly.com\\\/fr\\\/?s={search_term_string}\"},\"query-input\":{\"@type\":\"PropertyValueSpecification\",\"valueRequired\":true,\"valueName\":\"search_term_string\"}}],\"inLanguage\":\"fr-FR\"}]}<\/script>\n<!-- \/ Yoast SEO Premium plugin. -->","yoast_head_json":{"title":"Arman \u0153uvre archiv\u00e9e - Egidi MadeinItaly","description":"Arman Sans titre \u0153uvre compos\u00e9e coup\u00e9es de trompettes fix\u00e9es sur un support constitu\u00e9 d'une toile coll\u00e9e dat\u00e9e 1998 sur panneau sur Egidi MadeinItaly","robots":{"index":"index","follow":"follow","max-snippet":"max-snippet:-1","max-image-preview":"max-image-preview:large","max-video-preview":"max-video-preview:-1"},"canonical":"https:\/\/egidimadeinitaly.com\/fr\/produit\/art-moderne\/tableaux-modernes-fr\/arman-oeuvre-archivee\/","og_locale":"fr_FR","og_type":"article","og_title":"Arman \u0153uvre archiv\u00e9e","og_description":"Trompettes coup\u00e9es et \u00e9mail acrylique noir sur toile. Sign\u00e9 en bas au centre : Arman (Nice, 1928-New York, 2005) . \u0152uvre enregistr\u00e9e dans les Archives des \u0153uvres d'Arman par la Galleria Dante Vecchiato, Padoue, sous le n. B1009-0033.  &nbsp;","og_url":"https:\/\/egidimadeinitaly.com\/fr\/produit\/art-moderne\/tableaux-modernes-fr\/arman-oeuvre-archivee\/","og_site_name":"Egidi MadeinItaly","article_publisher":"https:\/\/www.facebook.com\/egidimadeinitaly\/","article_modified_time":"2025-04-04T12:11:59+00:00","og_image":[{"width":1984,"height":1984,"url":"https:\/\/egidimadeinitaly.com\/v25\/wp-content\/uploads\/2025\/03\/Arman-opera.jpg","type":"image\/jpeg"}],"schema":{"@context":"https:\/\/schema.org","@graph":[{"@type":"WebPage","@id":"https:\/\/egidimadeinitaly.com\/fr\/negozio\/art-moderne\/tableaux-modernes-fr\/arman-oeuvre-archivee\/","url":"https:\/\/egidimadeinitaly.com\/fr\/produit\/art-moderne\/tableaux-modernes-fr\/arman-oeuvre-archivee\/","name":"Arman \u0153uvre archiv\u00e9e - Egidi MadeinItaly","isPartOf":{"@id":"https:\/\/egidimadeinitaly.com\/fr\/#website"},"primaryImageOfPage":{"@id":"https:\/\/egidimadeinitaly.com\/fr\/produit\/art-moderne\/tableaux-modernes-fr\/arman-oeuvre-archivee\/#primaryimage"},"image":{"@id":"https:\/\/egidimadeinitaly.com\/fr\/produit\/art-moderne\/tableaux-modernes-fr\/arman-oeuvre-archivee\/#primaryimage"},"thumbnailUrl":"https:\/\/egidimadeinitaly.com\/v25\/wp-content\/uploads\/2025\/03\/Arman-opera.jpg","datePublished":"2025-03-25T08:34:05+00:00","dateModified":"2025-04-04T12:11:59+00:00","description":"Arman Sans titre \u0153uvre compos\u00e9e coup\u00e9es de trompettes fix\u00e9es sur un support constitu\u00e9 d'une toile coll\u00e9e dat\u00e9e 1998 sur panneau sur Egidi MadeinItaly","breadcrumb":{"@id":"https:\/\/egidimadeinitaly.com\/fr\/produit\/art-moderne\/tableaux-modernes-fr\/arman-oeuvre-archivee\/#breadcrumb"},"inLanguage":"fr-FR","potentialAction":[{"@type":"ReadAction","target":["https:\/\/egidimadeinitaly.com\/fr\/produit\/art-moderne\/tableaux-modernes-fr\/arman-oeuvre-archivee\/"]}]},{"@type":"ImageObject","inLanguage":"fr-FR","@id":"https:\/\/egidimadeinitaly.com\/fr\/produit\/art-moderne\/tableaux-modernes-fr\/arman-oeuvre-archivee\/#primaryimage","url":"https:\/\/egidimadeinitaly.com\/v25\/wp-content\/uploads\/2025\/03\/Arman-opera.jpg","contentUrl":"https:\/\/egidimadeinitaly.com\/v25\/wp-content\/uploads\/2025\/03\/Arman-opera.jpg","width":1984,"height":1984,"caption":"Sans Titre, 1998"},{"@type":"BreadcrumbList","@id":"https:\/\/egidimadeinitaly.com\/fr\/produit\/art-moderne\/tableaux-modernes-fr\/arman-oeuvre-archivee\/#breadcrumb","itemListElement":[{"@type":"ListItem","position":1,"name":"Home","item":"https:\/\/egidimadeinitaly.com\/fr\/"},{"@type":"ListItem","position":2,"name":"Produits","item":"https:\/\/egidimadeinitaly.com\/fr\/shop\/"},{"@type":"ListItem","position":3,"name":"Art moderne","item":"https:\/\/egidimadeinitaly.com\/fr\/product-category\/art-moderne\/"},{"@type":"ListItem","position":4,"name":"Tableaux modernes","item":"https:\/\/egidimadeinitaly.com\/fr\/product-category\/art-moderne\/tableaux-modernes-fr\/"},{"@type":"ListItem","position":5,"name":"Arman \u0153uvre archiv\u00e9e"}]},{"@type":"WebSite","@id":"https:\/\/egidimadeinitaly.com\/fr\/#website","url":"https:\/\/egidimadeinitaly.com\/fr\/","name":"Egidi MadeinItaly","description":"Fine Art","potentialAction":[{"@type":"SearchAction","target":{"@type":"EntryPoint","urlTemplate":"https:\/\/egidimadeinitaly.com\/fr\/?s={search_term_string}"},"query-input":{"@type":"PropertyValueSpecification","valueRequired":true,"valueName":"search_term_string"}}],"inLanguage":"fr-FR"}]}},"_links":{"self":[{"href":"https:\/\/egidimadeinitaly.com\/fr\/wp-json\/wp\/v2\/product\/122633","targetHints":{"allow":["GET"]}}],"collection":[{"href":"https:\/\/egidimadeinitaly.com\/fr\/wp-json\/wp\/v2\/product"}],"about":[{"href":"https:\/\/egidimadeinitaly.com\/fr\/wp-json\/wp\/v2\/types\/product"}],"wp:featuredmedia":[{"embeddable":true,"href":"https:\/\/egidimadeinitaly.com\/fr\/wp-json\/wp\/v2\/media\/122623"}],"wp:attachment":[{"href":"https:\/\/egidimadeinitaly.com\/fr\/wp-json\/wp\/v2\/media?parent=122633"}],"wp:term":[{"taxonomy":"product_brand","embeddable":true,"href":"https:\/\/egidimadeinitaly.com\/fr\/wp-json\/wp\/v2\/product_brand?post=122633"},{"taxonomy":"product_cat","embeddable":true,"href":"https:\/\/egidimadeinitaly.com\/fr\/wp-json\/wp\/v2\/product_cat?post=122633"},{"taxonomy":"product_tag","embeddable":true,"href":"https:\/\/egidimadeinitaly.com\/fr\/wp-json\/wp\/v2\/product_tag?post=122633"}],"curies":[{"name":"wp","href":"https:\/\/api.w.org\/{rel}","templated":true}]}}