{"id":122598,"date":"2025-04-02T13:54:51","date_gmt":"2025-04-02T12:54:51","guid":{"rendered":"https:\/\/egidimadeinitaly.com\/?post_type=product&#038;p=122598"},"modified":"2025-07-31T16:39:08","modified_gmt":"2025-07-31T15:39:08","slug":"wiliam-leighton-leitch-aquarelle","status":"publish","type":"product","link":"https:\/\/egidimadeinitaly.com\/fr\/negozio\/art-ancien\/wiliam-leighton-leitch-aquarelle\/","title":{"rendered":"William Leighton Leitch aquarelle"},"content":{"rendered":"<p><strong>William Leighton Leitch<\/strong> (Glasgow, 1804-Londres, 1883), comme ses pairs et les membres de la haute soci\u00e9t\u00e9 des XVIIIe et XIXe si\u00e8cles, a entrepris le <strong>Grand Tour<\/strong> en visitant et en rapportant sur ses toiles les merveilles de l&rsquo;Italie.<\/p>\n<p>En 1833, <strong>William Leighton Leitch<\/strong>, aquarelliste, peintre et illustrateur, se rend sur le continent, passant par les Pays-Bas, l&rsquo;Allemagne, la Suisse et enfin l&rsquo;Italie, qui s&rsquo;av\u00e8re \u00eatre une \u00e9tape cl\u00e9 dans sa formation.<\/p>\n<p>\u00c0 Venise, il rencontre le peintre hongrois Mikl\u00f3s Barab\u00e1s, avec qui il se lie d&rsquo;amiti\u00e9. Tous deux effectuent une tourn\u00e9e et peignent dans la r\u00e9gion du lac Majeur en 1834. Apr\u00e8s une absence de quatre ans, pendant laquelle Leitch subvient principalement \u00e0 ses besoins en enseignant et en visitant les principales villes d&rsquo;Italie, en y r\u00e9alisant de nombreux croquis, ainsi qu&rsquo;en Sicile, il retourne \u00e0 Londres en juillet 1837.<\/p>\n<p>Dans les ann\u00e9es 1830, il se rend en Sicile, p\u00e9riode \u00e0 laquelle date notre fascinante \u0153uvre.<\/p>\n","protected":false},"excerpt":{"rendered":"<p>Une belle et rare vue du grand artiste \u00e9cossais William Leighton Leitch (1804-1883). Il d\u00e9peint avec une grande puissance \u00e9vocatrice une vue de la Vall\u00e9e des Temples \u00e0 Agrigente.<\/p>\n<p>&nbsp;<\/p>\n","protected":false},"featured_media":121557,"template":"","meta":{"_acf_changed":false},"product_brand":[],"product_cat":[6374],"product_tag":[2573],"class_list":{"0":"post-122598","1":"product","2":"type-product","3":"status-publish","4":"has-post-thumbnail","6":"product_cat-art-ancien","7":"product_tag-grand-tour-fr","9":"first","10":"outofstock","11":"taxable","12":"shipping-taxable","13":"product-type-simple"},"acf":[],"yoast_head":"<!-- This site is optimized with the Yoast SEO Premium plugin v27.4 (Yoast SEO v27.5) - https:\/\/yoast.com\/product\/yoast-seo-premium-wordpress\/ -->\n<title>William Leighton Leitch aquarelle - Egidi MadeinItaly<\/title>\n<meta name=\"description\" content=\"Une belle et rare aquarelle du grand artiste \u00e9cossais William Leighton Leitch (1804-83) repr\u00e9sentant une vue de la Vall\u00e9e des Temples \u00e0 Agrigente.\" \/>\n<meta name=\"robots\" content=\"index, follow, max-snippet:-1, max-image-preview:large, max-video-preview:-1\" \/>\n<link rel=\"canonical\" href=\"https:\/\/egidimadeinitaly.com\/fr\/produit\/art-ancien\/oeuvres-anciennes-sur-papier-fr\/wiliam-leighton-leitch-aquarelle\/\" \/>\n<meta property=\"og:locale\" content=\"fr_FR\" \/>\n<meta property=\"og:type\" content=\"article\" \/>\n<meta property=\"og:title\" content=\"William Leighton Leitch aquarelle\" \/>\n<meta property=\"og:description\" content=\"Une belle et rare vue du grand artiste \u00e9cossais William Leighton Leitch (1804-1883). Il d\u00e9peint avec une grande puissance \u00e9vocatrice une vue de la Vall\u00e9e des Temples \u00e0 Agrigente.  &nbsp;\" \/>\n<meta property=\"og:url\" content=\"https:\/\/egidimadeinitaly.com\/fr\/produit\/art-ancien\/oeuvres-anciennes-sur-papier-fr\/wiliam-leighton-leitch-aquarelle\/\" \/>\n<meta property=\"og:site_name\" content=\"Egidi MadeinItaly\" \/>\n<meta property=\"article:publisher\" content=\"https:\/\/www.facebook.com\/egidimadeinitaly\/\" \/>\n<meta property=\"article:modified_time\" content=\"2025-07-31T15:39:08+00:00\" \/>\n<meta property=\"og:image\" content=\"https:\/\/egidimadeinitaly.com\/v25\/wp-content\/uploads\/2025\/02\/WL-Leitch-scaled.jpg\" \/>\n\t<meta property=\"og:image:width\" content=\"2560\" \/>\n\t<meta property=\"og:image:height\" content=\"2560\" \/>\n\t<meta property=\"og:image:type\" content=\"image\/jpeg\" \/>\n<script type=\"application\/ld+json\" class=\"yoast-schema-graph\">{\"@context\":\"https:\\\/\\\/schema.org\",\"@graph\":[{\"@type\":\"WebPage\",\"@id\":\"https:\\\/\\\/egidimadeinitaly.com\\\/fr\\\/negozio\\\/art-ancien\\\/wiliam-leighton-leitch-aquarelle\\\/\",\"url\":\"https:\\\/\\\/egidimadeinitaly.com\\\/fr\\\/produit\\\/art-ancien\\\/oeuvres-anciennes-sur-papier-fr\\\/wiliam-leighton-leitch-aquarelle\\\/\",\"name\":\"William Leighton Leitch aquarelle - Egidi MadeinItaly\",\"isPartOf\":{\"@id\":\"https:\\\/\\\/egidimadeinitaly.com\\\/fr\\\/#website\"},\"primaryImageOfPage\":{\"@id\":\"https:\\\/\\\/egidimadeinitaly.com\\\/fr\\\/produit\\\/art-ancien\\\/oeuvres-anciennes-sur-papier-fr\\\/wiliam-leighton-leitch-aquarelle\\\/#primaryimage\"},\"image\":{\"@id\":\"https:\\\/\\\/egidimadeinitaly.com\\\/fr\\\/produit\\\/art-ancien\\\/oeuvres-anciennes-sur-papier-fr\\\/wiliam-leighton-leitch-aquarelle\\\/#primaryimage\"},\"thumbnailUrl\":\"https:\\\/\\\/egidimadeinitaly.com\\\/v25\\\/wp-content\\\/uploads\\\/2025\\\/02\\\/WL-Leitch-scaled.jpg\",\"datePublished\":\"2025-04-02T12:54:51+00:00\",\"dateModified\":\"2025-07-31T15:39:08+00:00\",\"description\":\"Une belle et rare aquarelle du grand artiste \u00e9cossais William Leighton Leitch (1804-83) repr\u00e9sentant une vue de la Vall\u00e9e des Temples \u00e0 Agrigente.\",\"breadcrumb\":{\"@id\":\"https:\\\/\\\/egidimadeinitaly.com\\\/fr\\\/produit\\\/art-ancien\\\/oeuvres-anciennes-sur-papier-fr\\\/wiliam-leighton-leitch-aquarelle\\\/#breadcrumb\"},\"inLanguage\":\"fr-FR\",\"potentialAction\":[{\"@type\":\"ReadAction\",\"target\":[\"https:\\\/\\\/egidimadeinitaly.com\\\/fr\\\/produit\\\/art-ancien\\\/oeuvres-anciennes-sur-papier-fr\\\/wiliam-leighton-leitch-aquarelle\\\/\"]}]},{\"@type\":\"ImageObject\",\"inLanguage\":\"fr-FR\",\"@id\":\"https:\\\/\\\/egidimadeinitaly.com\\\/fr\\\/produit\\\/art-ancien\\\/oeuvres-anciennes-sur-papier-fr\\\/wiliam-leighton-leitch-aquarelle\\\/#primaryimage\",\"url\":\"https:\\\/\\\/egidimadeinitaly.com\\\/v25\\\/wp-content\\\/uploads\\\/2025\\\/02\\\/WL-Leitch-scaled.jpg\",\"contentUrl\":\"https:\\\/\\\/egidimadeinitaly.com\\\/v25\\\/wp-content\\\/uploads\\\/2025\\\/02\\\/WL-Leitch-scaled.jpg\",\"width\":2560,\"height\":2560,\"caption\":\"William Leighton Leitch acquerello\"},{\"@type\":\"BreadcrumbList\",\"@id\":\"https:\\\/\\\/egidimadeinitaly.com\\\/fr\\\/produit\\\/art-ancien\\\/oeuvres-anciennes-sur-papier-fr\\\/wiliam-leighton-leitch-aquarelle\\\/#breadcrumb\",\"itemListElement\":[{\"@type\":\"ListItem\",\"position\":1,\"name\":\"Home\",\"item\":\"https:\\\/\\\/egidimadeinitaly.com\\\/fr\\\/\"},{\"@type\":\"ListItem\",\"position\":2,\"name\":\"Produits\",\"item\":\"https:\\\/\\\/egidimadeinitaly.com\\\/fr\\\/shop\\\/\"},{\"@type\":\"ListItem\",\"position\":3,\"name\":\"Art ancien\",\"item\":\"https:\\\/\\\/egidimadeinitaly.com\\\/fr\\\/product-category\\\/art-ancien\\\/\"},{\"@type\":\"ListItem\",\"position\":4,\"name\":\"\u0152uvres anciennes sur papier\",\"item\":\"https:\\\/\\\/egidimadeinitaly.com\\\/fr\\\/product-category\\\/art-ancien\\\/oeuvres-anciennes-sur-papier-fr\\\/\"},{\"@type\":\"ListItem\",\"position\":5,\"name\":\"William Leighton Leitch aquarelle\"}]},{\"@type\":\"WebSite\",\"@id\":\"https:\\\/\\\/egidimadeinitaly.com\\\/fr\\\/#website\",\"url\":\"https:\\\/\\\/egidimadeinitaly.com\\\/fr\\\/\",\"name\":\"Egidi MadeinItaly\",\"description\":\"Fine Art\",\"potentialAction\":[{\"@type\":\"SearchAction\",\"target\":{\"@type\":\"EntryPoint\",\"urlTemplate\":\"https:\\\/\\\/egidimadeinitaly.com\\\/fr\\\/?s={search_term_string}\"},\"query-input\":{\"@type\":\"PropertyValueSpecification\",\"valueRequired\":true,\"valueName\":\"search_term_string\"}}],\"inLanguage\":\"fr-FR\"}]}<\/script>\n<!-- \/ Yoast SEO Premium plugin. -->","yoast_head_json":{"title":"William Leighton Leitch aquarelle - Egidi MadeinItaly","description":"Une belle et rare aquarelle du grand artiste \u00e9cossais William Leighton Leitch (1804-83) repr\u00e9sentant une vue de la Vall\u00e9e des Temples \u00e0 Agrigente.","robots":{"index":"index","follow":"follow","max-snippet":"max-snippet:-1","max-image-preview":"max-image-preview:large","max-video-preview":"max-video-preview:-1"},"canonical":"https:\/\/egidimadeinitaly.com\/fr\/produit\/art-ancien\/oeuvres-anciennes-sur-papier-fr\/wiliam-leighton-leitch-aquarelle\/","og_locale":"fr_FR","og_type":"article","og_title":"William Leighton Leitch aquarelle","og_description":"Une belle et rare vue du grand artiste \u00e9cossais William Leighton Leitch (1804-1883). Il d\u00e9peint avec une grande puissance \u00e9vocatrice une vue de la Vall\u00e9e des Temples \u00e0 Agrigente.  &nbsp;","og_url":"https:\/\/egidimadeinitaly.com\/fr\/produit\/art-ancien\/oeuvres-anciennes-sur-papier-fr\/wiliam-leighton-leitch-aquarelle\/","og_site_name":"Egidi MadeinItaly","article_publisher":"https:\/\/www.facebook.com\/egidimadeinitaly\/","article_modified_time":"2025-07-31T15:39:08+00:00","og_image":[{"width":2560,"height":2560,"url":"https:\/\/egidimadeinitaly.com\/v25\/wp-content\/uploads\/2025\/02\/WL-Leitch-scaled.jpg","type":"image\/jpeg"}],"schema":{"@context":"https:\/\/schema.org","@graph":[{"@type":"WebPage","@id":"https:\/\/egidimadeinitaly.com\/fr\/negozio\/art-ancien\/wiliam-leighton-leitch-aquarelle\/","url":"https:\/\/egidimadeinitaly.com\/fr\/produit\/art-ancien\/oeuvres-anciennes-sur-papier-fr\/wiliam-leighton-leitch-aquarelle\/","name":"William Leighton Leitch aquarelle - Egidi MadeinItaly","isPartOf":{"@id":"https:\/\/egidimadeinitaly.com\/fr\/#website"},"primaryImageOfPage":{"@id":"https:\/\/egidimadeinitaly.com\/fr\/produit\/art-ancien\/oeuvres-anciennes-sur-papier-fr\/wiliam-leighton-leitch-aquarelle\/#primaryimage"},"image":{"@id":"https:\/\/egidimadeinitaly.com\/fr\/produit\/art-ancien\/oeuvres-anciennes-sur-papier-fr\/wiliam-leighton-leitch-aquarelle\/#primaryimage"},"thumbnailUrl":"https:\/\/egidimadeinitaly.com\/v25\/wp-content\/uploads\/2025\/02\/WL-Leitch-scaled.jpg","datePublished":"2025-04-02T12:54:51+00:00","dateModified":"2025-07-31T15:39:08+00:00","description":"Une belle et rare aquarelle du grand artiste \u00e9cossais William Leighton Leitch (1804-83) repr\u00e9sentant une vue de la Vall\u00e9e des Temples \u00e0 Agrigente.","breadcrumb":{"@id":"https:\/\/egidimadeinitaly.com\/fr\/produit\/art-ancien\/oeuvres-anciennes-sur-papier-fr\/wiliam-leighton-leitch-aquarelle\/#breadcrumb"},"inLanguage":"fr-FR","potentialAction":[{"@type":"ReadAction","target":["https:\/\/egidimadeinitaly.com\/fr\/produit\/art-ancien\/oeuvres-anciennes-sur-papier-fr\/wiliam-leighton-leitch-aquarelle\/"]}]},{"@type":"ImageObject","inLanguage":"fr-FR","@id":"https:\/\/egidimadeinitaly.com\/fr\/produit\/art-ancien\/oeuvres-anciennes-sur-papier-fr\/wiliam-leighton-leitch-aquarelle\/#primaryimage","url":"https:\/\/egidimadeinitaly.com\/v25\/wp-content\/uploads\/2025\/02\/WL-Leitch-scaled.jpg","contentUrl":"https:\/\/egidimadeinitaly.com\/v25\/wp-content\/uploads\/2025\/02\/WL-Leitch-scaled.jpg","width":2560,"height":2560,"caption":"William Leighton Leitch acquerello"},{"@type":"BreadcrumbList","@id":"https:\/\/egidimadeinitaly.com\/fr\/produit\/art-ancien\/oeuvres-anciennes-sur-papier-fr\/wiliam-leighton-leitch-aquarelle\/#breadcrumb","itemListElement":[{"@type":"ListItem","position":1,"name":"Home","item":"https:\/\/egidimadeinitaly.com\/fr\/"},{"@type":"ListItem","position":2,"name":"Produits","item":"https:\/\/egidimadeinitaly.com\/fr\/shop\/"},{"@type":"ListItem","position":3,"name":"Art ancien","item":"https:\/\/egidimadeinitaly.com\/fr\/product-category\/art-ancien\/"},{"@type":"ListItem","position":4,"name":"\u0152uvres anciennes sur papier","item":"https:\/\/egidimadeinitaly.com\/fr\/product-category\/art-ancien\/oeuvres-anciennes-sur-papier-fr\/"},{"@type":"ListItem","position":5,"name":"William Leighton Leitch aquarelle"}]},{"@type":"WebSite","@id":"https:\/\/egidimadeinitaly.com\/fr\/#website","url":"https:\/\/egidimadeinitaly.com\/fr\/","name":"Egidi MadeinItaly","description":"Fine Art","potentialAction":[{"@type":"SearchAction","target":{"@type":"EntryPoint","urlTemplate":"https:\/\/egidimadeinitaly.com\/fr\/?s={search_term_string}"},"query-input":{"@type":"PropertyValueSpecification","valueRequired":true,"valueName":"search_term_string"}}],"inLanguage":"fr-FR"}]}},"_links":{"self":[{"href":"https:\/\/egidimadeinitaly.com\/fr\/wp-json\/wp\/v2\/product\/122598","targetHints":{"allow":["GET"]}}],"collection":[{"href":"https:\/\/egidimadeinitaly.com\/fr\/wp-json\/wp\/v2\/product"}],"about":[{"href":"https:\/\/egidimadeinitaly.com\/fr\/wp-json\/wp\/v2\/types\/product"}],"wp:featuredmedia":[{"embeddable":true,"href":"https:\/\/egidimadeinitaly.com\/fr\/wp-json\/wp\/v2\/media\/121557"}],"wp:attachment":[{"href":"https:\/\/egidimadeinitaly.com\/fr\/wp-json\/wp\/v2\/media?parent=122598"}],"wp:term":[{"taxonomy":"product_brand","embeddable":true,"href":"https:\/\/egidimadeinitaly.com\/fr\/wp-json\/wp\/v2\/product_brand?post=122598"},{"taxonomy":"product_cat","embeddable":true,"href":"https:\/\/egidimadeinitaly.com\/fr\/wp-json\/wp\/v2\/product_cat?post=122598"},{"taxonomy":"product_tag","embeddable":true,"href":"https:\/\/egidimadeinitaly.com\/fr\/wp-json\/wp\/v2\/product_tag?post=122598"}],"curies":[{"name":"wp","href":"https:\/\/api.w.org\/{rel}","templated":true}]}}